{"id":1776,"date":"2024-09-20T14:28:13","date_gmt":"2024-09-20T14:28:13","guid":{"rendered":"https:\/\/trevotech.com\/contactos\/"},"modified":"2025-08-27T15:51:29","modified_gmt":"2025-08-27T15:51:29","slug":"contacts","status":"publish","type":"page","link":"https:\/\/trevotech.com\/en\/contacts\/","title":{"rendered":"Contacts"},"content":{"rendered":"<p>Contacts Angola, \u00c1frica, <strong>Sede<\/strong>, P\u00f3lo Industrial de Viana S\/N, Apartado 12179, Luanda, Angola, Contacts Angola, \u00c1frica, <strong>Sede<\/strong>, P\u00f3lo Industrial de Viana S\/N, Apartado 12179, Luanda.<\/p><p>Somos um grupo com capital 100% angolano, dedicada \u00e0 distribui\u00e7\u00e3o e comercializa\u00e7\u00e3o de maquinaria de alta qualidade, com servi\u00e7o p\u00f3s-venda, oficinas autom\u00f3vel multimarca e balc\u00f5es de pe\u00e7as. Contamos ainda com a unidade de neg\u00f3cios de transportes e log\u00edstica, que opera de acordo com os mais elevados padr\u00f5es de efici\u00eancia e qualidade.<br>Actualmente, o Grupo TrevoTech emprega mais de 600 funcion\u00e1rios e est\u00e1 presente em todo o territ\u00f3rio nacional. <\/p><p>Disponibilizar servi\u00e7os e produtos de reconhecida qualidade internacional, proporcionando solu\u00e7\u00f5es sustent\u00e1veis, ajustadas \u00e0 realidade e necessidades dos operadores econ\u00f3micos. Ser a refer\u00eancia na qualidade de produtos representados, na efici\u00eancia dos servi\u00e7os prestados e na excel\u00eancia da rela\u00e7\u00e3o com clientes e colaboradores, fazendo a diferen\u00e7a nos neg\u00f3cios e na comunidade. Qualidade dos padr\u00f5es, dos servi\u00e7os e dos resultados. \/ Efici\u00eancia das solu\u00e7\u00f5es propostas. Excel\u00eancia das marcas representadas. \/ Conectividade de pa\u00edses, continentes e neg\u00f3cios.<\/p><p>O nosso servi\u00e7o de p\u00f3s-venda \u00e9 dedicado a garantir o acompanhamento e satisfa\u00e7\u00e3o dos nossos clientes. Desta forma temos dispon\u00edvel a assist\u00eancia t\u00e9cnica especializada, balc\u00f5es de pe\u00e7as, servi\u00e7os de manuten\u00e7\u00e3o preventiva, e corretiva, e forma\u00e7\u00f5es t\u00e9cnicas capacitando equipas residentes. Oferecemos solu\u00e7\u00f5es eficientes para o transporte de cargas e combust\u00edveis, com uma frota diversa e profissionais qualificados. Garantimos entregas seguras e pontuais, com gest\u00e3o integrada, otimiza\u00e7\u00e3o de rotas e controle GPS, atendendo aos mais altos padr\u00f5es de qualidade e seguran\u00e7a. Apoiamos opera\u00e7\u00f5es comerciais globais, conectando mercados da \u00c1sia, Europa, Oriente M\u00e9dio e \u00c1frica. Inicialmente focados em pa\u00edses africanos lus\u00f3fonos, rapidamente expandimos servi\u00e7os de consultoria, log\u00edstica e gest\u00e3o documental para entidades p\u00fablicas e privadas. Temos equipas em Macau, Lisboa e Luanda, garantindo solu\u00e7\u00f5es eficientes no com\u00e9rcio internacional.<\/p><p> Angola, \u00c1frica, <strong>Sede<\/strong>, P\u00f3lo Industrial de Viana S\/N, Apartado 12179, Luanda, Angola,<\/p>","protected":false},"excerpt":{"rendered":"<p>Contacts Angola, \u00c1frica, Sede, P\u00f3lo Industrial de Viana S\/N, Apartado 12179, Luanda, Angola, Contacts Angola, \u00c1frica, Sede, P\u00f3lo Industrial de Viana S\/N, Apartado 12179, Luanda. Somos um grupo com capital 100% angolano, dedicada \u00e0 distribui\u00e7\u00e3o e comercializa\u00e7\u00e3o de maquinaria de alta qualidade, com servi\u00e7o p\u00f3s-venda, oficinas autom\u00f3vel multimarca e balc\u00f5es de pe\u00e7as. Contamos ainda com [&hellip;]<\/p>\n","protected":false},"author":1,"featured_media":0,"parent":0,"menu_order":0,"comment_status":"closed","ping_status":"closed","template":"templates\/contacts.php","meta":{"_acf_changed":false,"footnotes":""},"class_list":["post-1776","page","type-page","status-publish","hentry"],"acf":[],"yoast_head":"<!-- This site is optimized with the Yoast SEO plugin v25.2 - https:\/\/yoast.com\/wordpress\/plugins\/seo\/ -->\n<title>Contacts - Trevotech Group<\/title>\n<meta name=\"description\" content=\"Find the contacts of TrevoTech Group, TTech Logistics, TTech Cormercial, TTech Iberica, TTech Internacional, Indagro, Megauto...\" \/>\n<meta name=\"robots\" content=\"index, follow, max-snippet:-1, max-image-preview:large, max-video-preview:-1\" \/>\n<link rel=\"canonical\" href=\"https:\/\/trevotech.com\/en\/contacts\/\" \/>\n<meta property=\"og:locale\" content=\"en_US\" \/>\n<meta property=\"og:type\" content=\"article\" \/>\n<meta property=\"og:title\" content=\"Contacts - Trevotech Group\" \/>\n<meta property=\"og:description\" content=\"Find the contacts of TrevoTech Group, TTech Logistics, TTech Cormercial, TTech Iberica, TTech Internacional, Indagro, Megauto...\" \/>\n<meta property=\"og:url\" content=\"https:\/\/trevotech.com\/en\/contacts\/\" \/>\n<meta property=\"og:site_name\" content=\"Trevotech Group\" \/>\n<meta property=\"article:modified_time\" content=\"2025-08-27T15:51:29+00:00\" \/>\n<meta name=\"twitter:card\" content=\"summary_large_image\" \/>\n<meta name=\"twitter:label1\" content=\"Est. reading time\" \/>\n\t<meta name=\"twitter:data1\" content=\"2 minutes\" \/>\n<script type=\"application\/ld+json\" class=\"yoast-schema-graph\">{\"@context\":\"https:\/\/schema.org\",\"@graph\":[{\"@type\":\"WebPage\",\"@id\":\"https:\/\/trevotech.com\/en\/contacts\/\",\"url\":\"https:\/\/trevotech.com\/en\/contacts\/\",\"name\":\"Contacts - Trevotech Group\",\"isPartOf\":{\"@id\":\"https:\/\/trevotech.com\/en\/#website\"},\"datePublished\":\"2024-09-20T14:28:13+00:00\",\"dateModified\":\"2025-08-27T15:51:29+00:00\",\"description\":\"Find the contacts of TrevoTech Group, TTech Logistics, TTech Cormercial, TTech Iberica, TTech Internacional, Indagro, Megauto...\",\"breadcrumb\":{\"@id\":\"https:\/\/trevotech.com\/en\/contacts\/#breadcrumb\"},\"inLanguage\":\"en-US\",\"potentialAction\":[{\"@type\":\"ReadAction\",\"target\":[\"https:\/\/trevotech.com\/en\/contacts\/\"]}]},{\"@type\":\"BreadcrumbList\",\"@id\":\"https:\/\/trevotech.com\/en\/contacts\/#breadcrumb\",\"itemListElement\":[{\"@type\":\"ListItem\",\"position\":1,\"name\":\"In\u00edcio\",\"item\":\"https:\/\/trevotech.com\/en\/\"},{\"@type\":\"ListItem\",\"position\":2,\"name\":\"Contacts\"}]},{\"@type\":\"WebSite\",\"@id\":\"https:\/\/trevotech.com\/en\/#website\",\"url\":\"https:\/\/trevotech.com\/en\/\",\"name\":\"Trevotech Group\",\"description\":\"\",\"potentialAction\":[{\"@type\":\"SearchAction\",\"target\":{\"@type\":\"EntryPoint\",\"urlTemplate\":\"https:\/\/trevotech.com\/en\/?s={search_term_string}\"},\"query-input\":{\"@type\":\"PropertyValueSpecification\",\"valueRequired\":true,\"valueName\":\"search_term_string\"}}],\"inLanguage\":\"en-US\"}]}<\/script>\n<!-- \/ Yoast SEO plugin. -->","yoast_head_json":{"title":"Contacts - Trevotech Group","description":"Find the contacts of TrevoTech Group, TTech Logistics, TTech Cormercial, TTech Iberica, TTech Internacional, Indagro, Megauto...","robots":{"index":"index","follow":"follow","max-snippet":"max-snippet:-1","max-image-preview":"max-image-preview:large","max-video-preview":"max-video-preview:-1"},"canonical":"https:\/\/trevotech.com\/en\/contacts\/","og_locale":"en_US","og_type":"article","og_title":"Contacts - Trevotech Group","og_description":"Find the contacts of TrevoTech Group, TTech Logistics, TTech Cormercial, TTech Iberica, TTech Internacional, Indagro, Megauto...","og_url":"https:\/\/trevotech.com\/en\/contacts\/","og_site_name":"Trevotech Group","article_modified_time":"2025-08-27T15:51:29+00:00","twitter_card":"summary_large_image","twitter_misc":{"Est. reading time":"2 minutes"},"schema":{"@context":"https:\/\/schema.org","@graph":[{"@type":"WebPage","@id":"https:\/\/trevotech.com\/en\/contacts\/","url":"https:\/\/trevotech.com\/en\/contacts\/","name":"Contacts - Trevotech Group","isPartOf":{"@id":"https:\/\/trevotech.com\/en\/#website"},"datePublished":"2024-09-20T14:28:13+00:00","dateModified":"2025-08-27T15:51:29+00:00","description":"Find the contacts of TrevoTech Group, TTech Logistics, TTech Cormercial, TTech Iberica, TTech Internacional, Indagro, Megauto...","breadcrumb":{"@id":"https:\/\/trevotech.com\/en\/contacts\/#breadcrumb"},"inLanguage":"en-US","potentialAction":[{"@type":"ReadAction","target":["https:\/\/trevotech.com\/en\/contacts\/"]}]},{"@type":"BreadcrumbList","@id":"https:\/\/trevotech.com\/en\/contacts\/#breadcrumb","itemListElement":[{"@type":"ListItem","position":1,"name":"In\u00edcio","item":"https:\/\/trevotech.com\/en\/"},{"@type":"ListItem","position":2,"name":"Contacts"}]},{"@type":"WebSite","@id":"https:\/\/trevotech.com\/en\/#website","url":"https:\/\/trevotech.com\/en\/","name":"Trevotech Group","description":"","potentialAction":[{"@type":"SearchAction","target":{"@type":"EntryPoint","urlTemplate":"https:\/\/trevotech.com\/en\/?s={search_term_string}"},"query-input":{"@type":"PropertyValueSpecification","valueRequired":true,"valueName":"search_term_string"}}],"inLanguage":"en-US"}]}},"_links":{"self":[{"href":"https:\/\/trevotech.com\/en\/wp-json\/wp\/v2\/pages\/1776","targetHints":{"allow":["GET"]}}],"collection":[{"href":"https:\/\/trevotech.com\/en\/wp-json\/wp\/v2\/pages"}],"about":[{"href":"https:\/\/trevotech.com\/en\/wp-json\/wp\/v2\/types\/page"}],"author":[{"embeddable":true,"href":"https:\/\/trevotech.com\/en\/wp-json\/wp\/v2\/users\/1"}],"replies":[{"embeddable":true,"href":"https:\/\/trevotech.com\/en\/wp-json\/wp\/v2\/comments?post=1776"}],"version-history":[{"count":9,"href":"https:\/\/trevotech.com\/en\/wp-json\/wp\/v2\/pages\/1776\/revisions"}],"predecessor-version":[{"id":4281,"href":"https:\/\/trevotech.com\/en\/wp-json\/wp\/v2\/pages\/1776\/revisions\/4281"}],"wp:attachment":[{"href":"https:\/\/trevotech.com\/en\/wp-json\/wp\/v2\/media?parent=1776"}],"curies":[{"name":"wp","href":"https:\/\/api.w.org\/{rel}","templated":true}]}}