{"id":4514,"date":"2024-11-06T12:26:03","date_gmt":"2024-11-06T12:26:03","guid":{"rendered":"https:\/\/trevotech.com\/produto\/malteacao-e-fabrico-de-cerveja\/"},"modified":"2026-01-23T15:47:28","modified_gmt":"2026-01-23T15:47:28","slug":"malting-brewing","status":"publish","type":"product","link":"https:\/\/trevotech.com\/en\/produto\/malting-brewing\/","title":{"rendered":"Malting &#038; Brewing"},"content":{"rendered":"<p data-start=\"108\" data-end=\"168\">Malting &amp; Brewing<\/p>\n<p data-start=\"108\" data-end=\"168\">Brewing good beer always starts with good malt Malt is key to producing beer and spirits. But to produce good malt you need the right process \u2013 whether that\u2019s steeping, germination or kilning. We can help from grain collection in malt houses to grist production in breweries. Brewing and Distilling. Discover B\u00fchler\u2019s innovative solutions for brewing and distilling &#8211; designed to enhance quality, efficiency, and sustainability. Get in touch or explore our expertise to see how we can support your success.<\/p>\n<p data-start=\"475\" data-end=\"775\"><strong data-start=\"475\" data-end=\"512\">Produ\u00e7\u00e3o de Cerveja e Destila\u00e7\u00e3o.<\/strong><br data-start=\"512\" data-end=\"515\" \/>Descubra as solu\u00e7\u00f5es inovadoras da B\u00fchler para a produ\u00e7\u00e3o de cerveja e destila\u00e7\u00e3o \u2014 concebidas para melhorar a qualidade, a efici\u00eancia e a sustentabilidade. Entre em contacto connosco ou explore a nossa experi\u00eancia para saber como podemos apoiar o seu sucesso.<\/p>\n<p data-start=\"475\" data-end=\"775\">Brewing good beer always starts with good malt Malt is key to producing beer and spirits. But to produce good malt you need the right process \u2013 whether that\u2019s steeping, germination or kilning. We can help from grain collection in malt houses to grist production in breweries. Brewing and Distilling. Discover B\u00fchler\u2019s innovative solutions for brewing and distilling &#8211; designed to enhance quality, efficiency, and sustainability. Get in touch or explore our expertise to see how we can support your success.<\/p>\n<p data-start=\"475\" data-end=\"775\">Malting &amp; Brewing<\/p>\n<p data-start=\"475\" data-end=\"775\"><strong data-start=\"475\" data-end=\"512\">Produ\u00e7\u00e3o de Cerveja e Destila\u00e7\u00e3o.<\/strong><br data-start=\"512\" data-end=\"515\" \/>Descubra as solu\u00e7\u00f5es inovadoras da B\u00fchler para a produ\u00e7\u00e3o de cerveja e destila\u00e7\u00e3o \u2014 concebidas para melhorar a qualidade, a efici\u00eancia e a sustentabilidade. Entre em contacto connosco ou explore a nossa experi\u00eancia para saber como podemos apoiar o seu sucesso.<\/p>\n<p data-start=\"108\" data-end=\"168\"><strong data-start=\"108\" data-end=\"168\">A produ\u00e7\u00e3o de boa cerveja come\u00e7a sempre com um bom malte<\/strong><\/p>\n<p data-start=\"170\" data-end=\"473\">O malte \u00e9 essencial para a produ\u00e7\u00e3o de cerveja e bebidas espirituosas. No entanto, para produzir um bom malte, \u00e9 necess\u00e1rio o processo adequado \u2014 seja a macera\u00e7\u00e3o, a germina\u00e7\u00e3o ou a secagem. Podemos apoi\u00e1-lo desde a rece\u00e7\u00e3o e armazenamento do gr\u00e3o nas maltarias at\u00e9 \u00e0 produ\u00e7\u00e3o da moagem nas cervejeiras.<\/p>\n","protected":false},"excerpt":{"rendered":"<p data-start=\"108\" data-end=\"168\"><strong>Brewing good beer always starts with good malt <\/strong><\/p>\n<p data-start=\"108\" data-end=\"168\">Malt is key to producing beer and spirits. But to produce good malt you need the right process \u2013 whether that\u2019s steeping, germination or kilning. We can help from grain collection in malt houses to grist production in breweries.<\/p>\n<p data-start=\"108\" data-end=\"168\"><strong>Brewing and Distilling<\/strong><\/p>\n<p data-start=\"108\" data-end=\"168\">Discover B\u00fchler\u2019s innovative solutions for brewing and distilling &#8211; designed to enhance quality, efficiency, and sustainability. Get in touch or explore our expertise to see how we can support your success.<\/p>\n","protected":false},"featured_media":4505,"comment_status":"closed","ping_status":"closed","template":"","meta":{"_acf_changed":false},"product_brand":[],"product_cat":[148],"product_tag":[],"class_list":{"0":"post-4514","1":"product","2":"type-product","3":"status-publish","4":"has-post-thumbnail","6":"product_cat-sem-categoria-en","7":"setores-industrial","8":"marcas-buhler","9":"tipo_produto-malteacao-e-fabrico-de-cerveja-en","11":"first","12":"instock","13":"shipping-taxable","14":"product-type-simple"},"acf":[],"yoast_head":"<!-- This site is optimized with the Yoast SEO plugin v25.2 - https:\/\/yoast.com\/wordpress\/plugins\/seo\/ -->\n<title>Malting &amp; Brewing Buhler - Trevotech Group<\/title>\n<meta name=\"description\" content=\"Malting &amp; Brewing good beer always starts with good malt Malt is key to producing beer and spirits. But to produce good malt you...\" \/>\n<meta name=\"robots\" content=\"index, follow, max-snippet:-1, max-image-preview:large, max-video-preview:-1\" \/>\n<link rel=\"canonical\" href=\"https:\/\/trevotech.com\/en\/produto\/malting-brewing\/\" \/>\n<meta property=\"og:locale\" content=\"en_US\" \/>\n<meta property=\"og:type\" content=\"article\" \/>\n<meta property=\"og:title\" content=\"Malting &amp; Brewing Buhler - Trevotech Group\" \/>\n<meta property=\"og:description\" content=\"Malting &amp; Brewing good beer always starts with good malt Malt is key to producing beer and spirits. But to produce good malt you...\" \/>\n<meta property=\"og:url\" content=\"https:\/\/trevotech.com\/en\/produto\/malting-brewing\/\" \/>\n<meta property=\"og:site_name\" content=\"Trevotech Group\" \/>\n<meta property=\"article:modified_time\" content=\"2026-01-23T15:47:28+00:00\" \/>\n<meta property=\"og:image\" content=\"https:\/\/trevotech.com\/wp-content\/uploads\/2024\/11\/Buhler_-04_Converted-Copia.webp\" \/>\n\t<meta property=\"og:image:width\" content=\"1000\" \/>\n\t<meta property=\"og:image:height\" content=\"1000\" \/>\n\t<meta property=\"og:image:type\" content=\"image\/webp\" \/>\n<meta name=\"twitter:card\" content=\"summary_large_image\" \/>\n<meta name=\"twitter:label1\" content=\"Est. reading time\" \/>\n\t<meta name=\"twitter:data1\" content=\"2 minutes\" \/>\n<script type=\"application\/ld+json\" class=\"yoast-schema-graph\">{\"@context\":\"https:\/\/schema.org\",\"@graph\":[{\"@type\":\"WebPage\",\"@id\":\"https:\/\/trevotech.com\/en\/produto\/malting-brewing\/\",\"url\":\"https:\/\/trevotech.com\/en\/produto\/malting-brewing\/\",\"name\":\"Malting & Brewing Buhler - Trevotech Group\",\"isPartOf\":{\"@id\":\"https:\/\/trevotech.com\/en\/#website\"},\"primaryImageOfPage\":{\"@id\":\"https:\/\/trevotech.com\/en\/produto\/malting-brewing\/#primaryimage\"},\"image\":{\"@id\":\"https:\/\/trevotech.com\/en\/produto\/malting-brewing\/#primaryimage\"},\"thumbnailUrl\":\"https:\/\/trevotech.com\/wp-content\/uploads\/2024\/11\/Buhler_-04_Converted-Copia.webp\",\"datePublished\":\"2024-11-06T12:26:03+00:00\",\"dateModified\":\"2026-01-23T15:47:28+00:00\",\"description\":\"Malting & Brewing good beer always starts with good malt Malt is key to producing beer and spirits. But to produce good malt you...\",\"breadcrumb\":{\"@id\":\"https:\/\/trevotech.com\/en\/produto\/malting-brewing\/#breadcrumb\"},\"inLanguage\":\"en-US\",\"potentialAction\":[{\"@type\":\"ReadAction\",\"target\":[\"https:\/\/trevotech.com\/en\/produto\/malting-brewing\/\"]}]},{\"@type\":\"ImageObject\",\"inLanguage\":\"en-US\",\"@id\":\"https:\/\/trevotech.com\/en\/produto\/malting-brewing\/#primaryimage\",\"url\":\"https:\/\/trevotech.com\/wp-content\/uploads\/2024\/11\/Buhler_-04_Converted-Copia.webp\",\"contentUrl\":\"https:\/\/trevotech.com\/wp-content\/uploads\/2024\/11\/Buhler_-04_Converted-Copia.webp\",\"width\":1000,\"height\":1000,\"caption\":\"Maltea\u00e7\u00e3o e Fabrico de Cerveja\"},{\"@type\":\"BreadcrumbList\",\"@id\":\"https:\/\/trevotech.com\/en\/produto\/malting-brewing\/#breadcrumb\",\"itemListElement\":[{\"@type\":\"ListItem\",\"position\":1,\"name\":\"In\u00edcio\",\"item\":\"https:\/\/trevotech.com\/en\/\"},{\"@type\":\"ListItem\",\"position\":2,\"name\":\"Products\",\"item\":\"https:\/\/trevotech.com\/en\/shop\/\"},{\"@type\":\"ListItem\",\"position\":3,\"name\":\"Malting &#038; Brewing\"}]},{\"@type\":\"WebSite\",\"@id\":\"https:\/\/trevotech.com\/en\/#website\",\"url\":\"https:\/\/trevotech.com\/en\/\",\"name\":\"Trevotech Group\",\"description\":\"\",\"potentialAction\":[{\"@type\":\"SearchAction\",\"target\":{\"@type\":\"EntryPoint\",\"urlTemplate\":\"https:\/\/trevotech.com\/en\/?s={search_term_string}\"},\"query-input\":{\"@type\":\"PropertyValueSpecification\",\"valueRequired\":true,\"valueName\":\"search_term_string\"}}],\"inLanguage\":\"en-US\"}]}<\/script>\n<!-- \/ Yoast SEO plugin. -->","yoast_head_json":{"title":"Malting & Brewing Buhler - Trevotech Group","description":"Malting & Brewing good beer always starts with good malt Malt is key to producing beer and spirits. But to produce good malt you...","robots":{"index":"index","follow":"follow","max-snippet":"max-snippet:-1","max-image-preview":"max-image-preview:large","max-video-preview":"max-video-preview:-1"},"canonical":"https:\/\/trevotech.com\/en\/produto\/malting-brewing\/","og_locale":"en_US","og_type":"article","og_title":"Malting & Brewing Buhler - Trevotech Group","og_description":"Malting & Brewing good beer always starts with good malt Malt is key to producing beer and spirits. But to produce good malt you...","og_url":"https:\/\/trevotech.com\/en\/produto\/malting-brewing\/","og_site_name":"Trevotech Group","article_modified_time":"2026-01-23T15:47:28+00:00","og_image":[{"width":1000,"height":1000,"url":"https:\/\/trevotech.com\/wp-content\/uploads\/2024\/11\/Buhler_-04_Converted-Copia.webp","type":"image\/webp"}],"twitter_card":"summary_large_image","twitter_misc":{"Est. reading time":"2 minutes"},"schema":{"@context":"https:\/\/schema.org","@graph":[{"@type":"WebPage","@id":"https:\/\/trevotech.com\/en\/produto\/malting-brewing\/","url":"https:\/\/trevotech.com\/en\/produto\/malting-brewing\/","name":"Malting & Brewing Buhler - Trevotech Group","isPartOf":{"@id":"https:\/\/trevotech.com\/en\/#website"},"primaryImageOfPage":{"@id":"https:\/\/trevotech.com\/en\/produto\/malting-brewing\/#primaryimage"},"image":{"@id":"https:\/\/trevotech.com\/en\/produto\/malting-brewing\/#primaryimage"},"thumbnailUrl":"https:\/\/trevotech.com\/wp-content\/uploads\/2024\/11\/Buhler_-04_Converted-Copia.webp","datePublished":"2024-11-06T12:26:03+00:00","dateModified":"2026-01-23T15:47:28+00:00","description":"Malting & Brewing good beer always starts with good malt Malt is key to producing beer and spirits. But to produce good malt you...","breadcrumb":{"@id":"https:\/\/trevotech.com\/en\/produto\/malting-brewing\/#breadcrumb"},"inLanguage":"en-US","potentialAction":[{"@type":"ReadAction","target":["https:\/\/trevotech.com\/en\/produto\/malting-brewing\/"]}]},{"@type":"ImageObject","inLanguage":"en-US","@id":"https:\/\/trevotech.com\/en\/produto\/malting-brewing\/#primaryimage","url":"https:\/\/trevotech.com\/wp-content\/uploads\/2024\/11\/Buhler_-04_Converted-Copia.webp","contentUrl":"https:\/\/trevotech.com\/wp-content\/uploads\/2024\/11\/Buhler_-04_Converted-Copia.webp","width":1000,"height":1000,"caption":"Maltea\u00e7\u00e3o e Fabrico de Cerveja"},{"@type":"BreadcrumbList","@id":"https:\/\/trevotech.com\/en\/produto\/malting-brewing\/#breadcrumb","itemListElement":[{"@type":"ListItem","position":1,"name":"In\u00edcio","item":"https:\/\/trevotech.com\/en\/"},{"@type":"ListItem","position":2,"name":"Products","item":"https:\/\/trevotech.com\/en\/shop\/"},{"@type":"ListItem","position":3,"name":"Malting &#038; Brewing"}]},{"@type":"WebSite","@id":"https:\/\/trevotech.com\/en\/#website","url":"https:\/\/trevotech.com\/en\/","name":"Trevotech Group","description":"","potentialAction":[{"@type":"SearchAction","target":{"@type":"EntryPoint","urlTemplate":"https:\/\/trevotech.com\/en\/?s={search_term_string}"},"query-input":{"@type":"PropertyValueSpecification","valueRequired":true,"valueName":"search_term_string"}}],"inLanguage":"en-US"}]}},"_links":{"self":[{"href":"https:\/\/trevotech.com\/en\/wp-json\/wp\/v2\/product\/4514","targetHints":{"allow":["GET"]}}],"collection":[{"href":"https:\/\/trevotech.com\/en\/wp-json\/wp\/v2\/product"}],"about":[{"href":"https:\/\/trevotech.com\/en\/wp-json\/wp\/v2\/types\/product"}],"replies":[{"embeddable":true,"href":"https:\/\/trevotech.com\/en\/wp-json\/wp\/v2\/comments?post=4514"}],"wp:featuredmedia":[{"embeddable":true,"href":"https:\/\/trevotech.com\/en\/wp-json\/wp\/v2\/media\/4505"}],"wp:attachment":[{"href":"https:\/\/trevotech.com\/en\/wp-json\/wp\/v2\/media?parent=4514"}],"wp:term":[{"taxonomy":"product_brand","embeddable":true,"href":"https:\/\/trevotech.com\/en\/wp-json\/wp\/v2\/product_brand?post=4514"},{"taxonomy":"product_cat","embeddable":true,"href":"https:\/\/trevotech.com\/en\/wp-json\/wp\/v2\/product_cat?post=4514"},{"taxonomy":"product_tag","embeddable":true,"href":"https:\/\/trevotech.com\/en\/wp-json\/wp\/v2\/product_tag?post=4514"}],"curies":[{"name":"wp","href":"https:\/\/api.w.org\/{rel}","templated":true}]}}