{"id":4683,"date":"2026-02-27T14:53:59","date_gmt":"2026-02-27T14:53:59","guid":{"rendered":"https:\/\/trevotech.com\/produto\/ud-quester\/"},"modified":"2026-02-27T14:55:19","modified_gmt":"2026-02-27T14:55:19","slug":"ud-quester","status":"publish","type":"product","link":"https:\/\/trevotech.com\/en\/produto\/ud-quester\/","title":{"rendered":"UD Quester"},"content":{"rendered":"<p><span style=\"font-weight: 400;\">The UD Quester is UD Trucks\u2019 heavy-duty range, engineered for demanding operations in goods transport, logistics, construction, and long-haul applications, where robustness, power, and efficiency are critical to operational success. Available in multiple axle and gross vehicle weight (GVW) configurations (4\u00d72, 6\u00d72, 6\u00d74, and 8\u00d74), with engine outputs ranging from approximately 250 to 460 hp, the Quester is tailored to meet specific customer requirements, delivering high payload capacity and consistent performance even under heavy loads.<\/span><\/p>\n<p><span style=\"font-weight: 400;\">At the heart of the Quester are the GH8E and GH11E engines, designed to combine high torque, fuel efficiency, and proven reliability, with a choice of manual, automated (AMT\/ESCOT), or automatic transmissions to optimise fuel consumption, reduce driver fatigue, and lower operating costs per kilometre. The range also features a reinforced chassis, advanced braking systems, and a cab ergonomically designed for long-distance comfort, alongside SCR emissions reduction technology with AdBlue, ensuring safety, durability, and extended uptime between service intervals\u2014key factors for professional fleets that demand performance and sustainability on the road.<\/span><\/p>\n<p><span style=\"font-weight: 400;\">The UD Quester is UD Trucks\u2019 heavy-duty range, engineered for demanding operations in goods transport, logistics, construction, and long-haul applications, where robustness, power, and efficiency are critical to operational success. Available in multiple axle and gross vehicle weight (GVW) configurations (4\u00d72, 6\u00d72, 6\u00d74, and 8\u00d74), with engine outputs ranging from approximately 250 to 460 hp, the Quester is tailored to meet specific customer requirements, delivering high payload capacity and consistent performance even under heavy loads.<\/span><\/p>\n<p><span style=\"font-weight: 400;\">At the heart of the Quester are the GH8E and GH11E engines, designed to combine high torque, fuel efficiency, and proven reliability, with a choice of manual, automated (AMT\/ESCOT), or automatic transmissions to optimise fuel consumption, reduce driver fatigue, and lower operating costs per kilometre. The range also features a reinforced chassis, advanced braking systems, and a cab ergonomically designed for long-distance comfort, alongside SCR emissions reduction technology with AdBlue, ensuring safety, durability, and extended uptime between service intervals\u2014key factors for professional fleets that demand performance and sustainability on the road.<\/span><\/p>\n","protected":false},"excerpt":{"rendered":"<p><span style=\"font-weight: 400;\">The UD Quester is UD Trucks\u2019 heavy-duty range, engineered for demanding operations in goods transport, logistics, construction, and long-haul applications, where robustness, power, and efficiency are critical to operational success. Available in multiple axle and gross vehicle weight (GVW) configurations (4\u00d72, 6\u00d72, 6\u00d74, and 8\u00d74), with engine outputs ranging from approximately 250 to 460 hp, the Quester is tailored to meet specific customer requirements, delivering high payload capacity and consistent performance even under heavy loads.<\/span><\/p>\n<p><span style=\"font-weight: 400;\">At the heart of the Quester are the GH8E and GH11E engines, designed to combine high torque, fuel efficiency, and proven reliability, with a choice of manual, automated (AMT\/ESCOT), or automatic transmissions to optimise fuel consumption, reduce driver fatigue, and lower operating costs per kilometre. The range also features a reinforced chassis, advanced braking systems, and a cab ergonomically designed for long-distance comfort, alongside SCR emissions reduction technology with AdBlue, ensuring safety, durability, and extended uptime between service intervals\u2014key factors for professional fleets that demand performance and sustainability on the road.<\/span><\/p>\n","protected":false},"featured_media":4675,"comment_status":"closed","ping_status":"closed","template":"","meta":{"_acf_changed":false},"product_brand":[],"product_cat":[148],"product_tag":[],"class_list":{"0":"post-4683","1":"product","2":"type-product","3":"status-publish","4":"has-post-thumbnail","6":"product_cat-sem-categoria-en","7":"setores-construction-mining","8":"marcas-ud-trucks-en","9":"tipo_produto-ud-quester-en","11":"first","12":"instock","13":"shipping-taxable","14":"product-type-simple"},"acf":[],"yoast_head":"<!-- This site is optimized with the Yoast SEO plugin v25.2 - https:\/\/yoast.com\/wordpress\/plugins\/seo\/ -->\n<title>UD Quester - Trevotech Group<\/title>\n<meta name=\"description\" content=\"UD Quester is UD Trucks\u2019 heavy-duty range, engineered for demanding operations in goods transport, logistics, construction, and long-haul applications...\" \/>\n<meta name=\"robots\" content=\"index, follow, max-snippet:-1, max-image-preview:large, max-video-preview:-1\" \/>\n<link rel=\"canonical\" href=\"https:\/\/trevotech.com\/en\/produto\/ud-quester\/\" \/>\n<meta property=\"og:locale\" content=\"en_US\" \/>\n<meta property=\"og:type\" content=\"article\" \/>\n<meta property=\"og:title\" content=\"UD Quester - Trevotech Group\" \/>\n<meta property=\"og:description\" content=\"UD Quester is UD Trucks\u2019 heavy-duty range, engineered for demanding operations in goods transport, logistics, construction, and long-haul applications...\" \/>\n<meta property=\"og:url\" content=\"https:\/\/trevotech.com\/en\/produto\/ud-quester\/\" \/>\n<meta property=\"og:site_name\" content=\"Trevotech Group\" \/>\n<meta property=\"article:modified_time\" content=\"2026-02-27T14:55:19+00:00\" \/>\n<meta property=\"og:image\" content=\"https:\/\/trevotech.com\/wp-content\/uploads\/2026\/02\/UD_Trucks_Products-02-scaled.webp\" \/>\n\t<meta property=\"og:image:width\" content=\"2560\" \/>\n\t<meta property=\"og:image:height\" content=\"2560\" \/>\n\t<meta property=\"og:image:type\" content=\"image\/webp\" \/>\n<meta name=\"twitter:card\" content=\"summary_large_image\" \/>\n<meta name=\"twitter:label1\" content=\"Est. reading time\" \/>\n\t<meta name=\"twitter:data1\" content=\"3 minutes\" \/>\n<script type=\"application\/ld+json\" class=\"yoast-schema-graph\">{\"@context\":\"https:\/\/schema.org\",\"@graph\":[{\"@type\":\"WebPage\",\"@id\":\"https:\/\/trevotech.com\/en\/produto\/ud-quester\/\",\"url\":\"https:\/\/trevotech.com\/en\/produto\/ud-quester\/\",\"name\":\"UD Quester - Trevotech Group\",\"isPartOf\":{\"@id\":\"https:\/\/trevotech.com\/en\/#website\"},\"primaryImageOfPage\":{\"@id\":\"https:\/\/trevotech.com\/en\/produto\/ud-quester\/#primaryimage\"},\"image\":{\"@id\":\"https:\/\/trevotech.com\/en\/produto\/ud-quester\/#primaryimage\"},\"thumbnailUrl\":\"https:\/\/trevotech.com\/wp-content\/uploads\/2026\/02\/UD_Trucks_Products-02-scaled.webp\",\"datePublished\":\"2026-02-27T14:53:59+00:00\",\"dateModified\":\"2026-02-27T14:55:19+00:00\",\"description\":\"UD Quester is UD Trucks\u2019 heavy-duty range, engineered for demanding operations in goods transport, logistics, construction, and long-haul applications...\",\"breadcrumb\":{\"@id\":\"https:\/\/trevotech.com\/en\/produto\/ud-quester\/#breadcrumb\"},\"inLanguage\":\"en-US\",\"potentialAction\":[{\"@type\":\"ReadAction\",\"target\":[\"https:\/\/trevotech.com\/en\/produto\/ud-quester\/\"]}]},{\"@type\":\"ImageObject\",\"inLanguage\":\"en-US\",\"@id\":\"https:\/\/trevotech.com\/en\/produto\/ud-quester\/#primaryimage\",\"url\":\"https:\/\/trevotech.com\/wp-content\/uploads\/2026\/02\/UD_Trucks_Products-02-scaled.webp\",\"contentUrl\":\"https:\/\/trevotech.com\/wp-content\/uploads\/2026\/02\/UD_Trucks_Products-02-scaled.webp\",\"width\":2560,\"height\":2560,\"caption\":\"UD Quester\"},{\"@type\":\"BreadcrumbList\",\"@id\":\"https:\/\/trevotech.com\/en\/produto\/ud-quester\/#breadcrumb\",\"itemListElement\":[{\"@type\":\"ListItem\",\"position\":1,\"name\":\"In\u00edcio\",\"item\":\"https:\/\/trevotech.com\/en\/\"},{\"@type\":\"ListItem\",\"position\":2,\"name\":\"Products\",\"item\":\"https:\/\/trevotech.com\/en\/shop\/\"},{\"@type\":\"ListItem\",\"position\":3,\"name\":\"UD Quester\"}]},{\"@type\":\"WebSite\",\"@id\":\"https:\/\/trevotech.com\/en\/#website\",\"url\":\"https:\/\/trevotech.com\/en\/\",\"name\":\"Trevotech Group\",\"description\":\"\",\"potentialAction\":[{\"@type\":\"SearchAction\",\"target\":{\"@type\":\"EntryPoint\",\"urlTemplate\":\"https:\/\/trevotech.com\/en\/?s={search_term_string}\"},\"query-input\":{\"@type\":\"PropertyValueSpecification\",\"valueRequired\":true,\"valueName\":\"search_term_string\"}}],\"inLanguage\":\"en-US\"}]}<\/script>\n<!-- \/ Yoast SEO plugin. -->","yoast_head_json":{"title":"UD Quester - Trevotech Group","description":"UD Quester is UD Trucks\u2019 heavy-duty range, engineered for demanding operations in goods transport, logistics, construction, and long-haul applications...","robots":{"index":"index","follow":"follow","max-snippet":"max-snippet:-1","max-image-preview":"max-image-preview:large","max-video-preview":"max-video-preview:-1"},"canonical":"https:\/\/trevotech.com\/en\/produto\/ud-quester\/","og_locale":"en_US","og_type":"article","og_title":"UD Quester - Trevotech Group","og_description":"UD Quester is UD Trucks\u2019 heavy-duty range, engineered for demanding operations in goods transport, logistics, construction, and long-haul applications...","og_url":"https:\/\/trevotech.com\/en\/produto\/ud-quester\/","og_site_name":"Trevotech Group","article_modified_time":"2026-02-27T14:55:19+00:00","og_image":[{"width":2560,"height":2560,"url":"https:\/\/trevotech.com\/wp-content\/uploads\/2026\/02\/UD_Trucks_Products-02-scaled.webp","type":"image\/webp"}],"twitter_card":"summary_large_image","twitter_misc":{"Est. reading time":"3 minutes"},"schema":{"@context":"https:\/\/schema.org","@graph":[{"@type":"WebPage","@id":"https:\/\/trevotech.com\/en\/produto\/ud-quester\/","url":"https:\/\/trevotech.com\/en\/produto\/ud-quester\/","name":"UD Quester - Trevotech Group","isPartOf":{"@id":"https:\/\/trevotech.com\/en\/#website"},"primaryImageOfPage":{"@id":"https:\/\/trevotech.com\/en\/produto\/ud-quester\/#primaryimage"},"image":{"@id":"https:\/\/trevotech.com\/en\/produto\/ud-quester\/#primaryimage"},"thumbnailUrl":"https:\/\/trevotech.com\/wp-content\/uploads\/2026\/02\/UD_Trucks_Products-02-scaled.webp","datePublished":"2026-02-27T14:53:59+00:00","dateModified":"2026-02-27T14:55:19+00:00","description":"UD Quester is UD Trucks\u2019 heavy-duty range, engineered for demanding operations in goods transport, logistics, construction, and long-haul applications...","breadcrumb":{"@id":"https:\/\/trevotech.com\/en\/produto\/ud-quester\/#breadcrumb"},"inLanguage":"en-US","potentialAction":[{"@type":"ReadAction","target":["https:\/\/trevotech.com\/en\/produto\/ud-quester\/"]}]},{"@type":"ImageObject","inLanguage":"en-US","@id":"https:\/\/trevotech.com\/en\/produto\/ud-quester\/#primaryimage","url":"https:\/\/trevotech.com\/wp-content\/uploads\/2026\/02\/UD_Trucks_Products-02-scaled.webp","contentUrl":"https:\/\/trevotech.com\/wp-content\/uploads\/2026\/02\/UD_Trucks_Products-02-scaled.webp","width":2560,"height":2560,"caption":"UD Quester"},{"@type":"BreadcrumbList","@id":"https:\/\/trevotech.com\/en\/produto\/ud-quester\/#breadcrumb","itemListElement":[{"@type":"ListItem","position":1,"name":"In\u00edcio","item":"https:\/\/trevotech.com\/en\/"},{"@type":"ListItem","position":2,"name":"Products","item":"https:\/\/trevotech.com\/en\/shop\/"},{"@type":"ListItem","position":3,"name":"UD Quester"}]},{"@type":"WebSite","@id":"https:\/\/trevotech.com\/en\/#website","url":"https:\/\/trevotech.com\/en\/","name":"Trevotech Group","description":"","potentialAction":[{"@type":"SearchAction","target":{"@type":"EntryPoint","urlTemplate":"https:\/\/trevotech.com\/en\/?s={search_term_string}"},"query-input":{"@type":"PropertyValueSpecification","valueRequired":true,"valueName":"search_term_string"}}],"inLanguage":"en-US"}]}},"_links":{"self":[{"href":"https:\/\/trevotech.com\/en\/wp-json\/wp\/v2\/product\/4683","targetHints":{"allow":["GET"]}}],"collection":[{"href":"https:\/\/trevotech.com\/en\/wp-json\/wp\/v2\/product"}],"about":[{"href":"https:\/\/trevotech.com\/en\/wp-json\/wp\/v2\/types\/product"}],"replies":[{"embeddable":true,"href":"https:\/\/trevotech.com\/en\/wp-json\/wp\/v2\/comments?post=4683"}],"wp:featuredmedia":[{"embeddable":true,"href":"https:\/\/trevotech.com\/en\/wp-json\/wp\/v2\/media\/4675"}],"wp:attachment":[{"href":"https:\/\/trevotech.com\/en\/wp-json\/wp\/v2\/media?parent=4683"}],"wp:term":[{"taxonomy":"product_brand","embeddable":true,"href":"https:\/\/trevotech.com\/en\/wp-json\/wp\/v2\/product_brand?post=4683"},{"taxonomy":"product_cat","embeddable":true,"href":"https:\/\/trevotech.com\/en\/wp-json\/wp\/v2\/product_cat?post=4683"},{"taxonomy":"product_tag","embeddable":true,"href":"https:\/\/trevotech.com\/en\/wp-json\/wp\/v2\/product_tag?post=4683"}],"curies":[{"name":"wp","href":"https:\/\/api.w.org\/{rel}","templated":true}]}}