{"id":4153,"date":"2024-09-26T15:23:59","date_gmt":"2024-09-26T15:23:59","guid":{"rendered":"https:\/\/trevotech.com\/politica-de-cookies\/"},"modified":"2025-08-04T14:18:19","modified_gmt":"2025-08-04T14:18:19","slug":"politica-de-cookies","status":"publish","type":"page","link":"https:\/\/trevotech.com\/fr\/politica-de-cookies\/","title":{"rendered":"Politique en mati\u00e8re de cookies"},"content":{"rendered":"<h4 class=\"wp-block-heading\"><strong>Que sont les cookies ?<\/strong><\/h4><p>Les cookies sont de petits fichiers texte stock\u00e9s sur votre appareil lorsque vous visitez un site web. Ils nous aident \u00e0 m\u00e9moriser vos pr\u00e9f\u00e9rences, \u00e0 comprendre comment vous utilisez notre site et \u00e0 am\u00e9liorer votre exp\u00e9rience.<\/p><hr class=\"wp-block-separator has-alpha-channel-opacity\"\/><h4 class=\"wp-block-heading\"><strong>Types de cookies que nous utilisons<\/strong><\/h4><p>Sur le site web du groupe TrevoTech, nous utilisons les types de cookies suivants :<\/p><ul class=\"wp-block-list\"><li>Cookies essentiels : n\u00e9cessaires au fonctionnement du site, tels que la navigation et l&rsquo;acc\u00e8s \u00e0 des zones s\u00e9curis\u00e9es. Sans ces cookies, certaines fonctionnalit\u00e9s peuvent ne pas \u00eatre disponibles.<\/li>\n\n<li>Cookies de performance : ils collectent des informations sur la mani\u00e8re dont les visiteurs utilisent le site, ce qui nous aide \u00e0 identifier les domaines \u00e0 am\u00e9liorer.<\/li>\n\n<li>Cookies fonctionnels : ils permettent au site web de m\u00e9moriser vos choix, tels que la langue ou la r\u00e9gion, afin de vous offrir une exp\u00e9rience plus personnalis\u00e9e.<\/li>\n\n<li>Cookies marketing : ils sont utilis\u00e9s pour pr\u00e9senter un contenu pertinent et mesurer l&rsquo;efficacit\u00e9 de nos campagnes marketing.<\/li><\/ul><hr class=\"wp-block-separator has-alpha-channel-opacity\"\/><h4 class=\"wp-block-heading\">Comment g\u00e9rer les cookies ?<\/h4><p>Vous pouvez g\u00e9rer les cookies directement via les param\u00e8tres de votre navigateur. Selon le navigateur que vous utilisez, vous pouvez choisir d&rsquo;accepter, de bloquer ou de supprimer les cookies. Veuillez noter que la d\u00e9sactivation des cookies essentiels peut affecter la fonctionnalit\u00e9 du site web.<\/p><hr class=\"wp-block-separator has-alpha-channel-opacity\"\/><h4 class=\"wp-block-heading\">Consentement<\/h4><p>En continuant \u00e0 utiliser notre site web, vous acceptez l&rsquo;utilisation de cookies, comme d\u00e9crit dans la pr\u00e9sente politique. Toutefois, pour les cookies non essentiels, nous vous demanderons votre consentement explicite avant de les activer.<\/p><hr class=\"wp-block-separator has-alpha-channel-opacity\"\/><h4 class=\"wp-block-heading\">Plus d&rsquo;informations<\/h4><p>Si vous avez des questions ou souhaitez obtenir plus d&rsquo;informations sur notre politique en mati\u00e8re de cookies, veuillez nous contacter \u00e0 l&rsquo;adresse info@trevotech.info.<\/p>","protected":false},"excerpt":{"rendered":"<p>Que sont les cookies ? Les cookies sont de petits fichiers texte stock\u00e9s sur votre appareil lorsque vous visitez un site web. Ils nous aident \u00e0 m\u00e9moriser vos pr\u00e9f\u00e9rences, \u00e0 comprendre comment vous utilisez notre site et \u00e0 am\u00e9liorer votre exp\u00e9rience. Types de cookies que nous utilisons Sur le site web du groupe TrevoTech, nous [&hellip;]<\/p>\n","protected":false},"author":1,"featured_media":4146,"parent":0,"menu_order":0,"comment_status":"closed","ping_status":"closed","template":"","meta":{"_acf_changed":false,"footnotes":""},"class_list":["post-4153","page","type-page","status-publish","has-post-thumbnail","hentry"],"acf":[],"yoast_head":"<!-- This site is optimized with the Yoast SEO plugin v25.2 - https:\/\/yoast.com\/wordpress\/plugins\/seo\/ -->\n<title>Politique en mati\u00e8re de cookies - Trevotech Group<\/title>\n<meta name=\"robots\" content=\"index, follow, max-snippet:-1, max-image-preview:large, max-video-preview:-1\" \/>\n<link rel=\"canonical\" href=\"https:\/\/trevotech.com\/fr\/politica-de-cookies\/\" \/>\n<meta property=\"og:locale\" content=\"fr_FR\" \/>\n<meta property=\"og:type\" content=\"article\" \/>\n<meta property=\"og:title\" content=\"Politique en mati\u00e8re de cookies - Trevotech Group\" \/>\n<meta property=\"og:description\" content=\"Que sont les cookies ? Les cookies sont de petits fichiers texte stock\u00e9s sur votre appareil lorsque vous visitez un site web. Ils nous aident \u00e0 m\u00e9moriser vos pr\u00e9f\u00e9rences, \u00e0 comprendre comment vous utilisez notre site et \u00e0 am\u00e9liorer votre exp\u00e9rience. Types de cookies que nous utilisons Sur le site web du groupe TrevoTech, nous [&hellip;]\" \/>\n<meta property=\"og:url\" content=\"https:\/\/trevotech.com\/fr\/politica-de-cookies\/\" \/>\n<meta property=\"og:site_name\" content=\"Trevotech Group\" \/>\n<meta property=\"article:modified_time\" content=\"2025-08-04T14:18:19+00:00\" \/>\n<meta property=\"og:image\" content=\"https:\/\/trevotech.com\/wp-content\/uploads\/2024\/10\/sector-construcao.webp\" \/>\n\t<meta property=\"og:image:width\" content=\"1920\" \/>\n\t<meta property=\"og:image:height\" content=\"800\" \/>\n\t<meta property=\"og:image:type\" content=\"image\/webp\" \/>\n<meta name=\"twitter:card\" content=\"summary_large_image\" \/>\n<meta name=\"twitter:label1\" content=\"Dur\u00e9e de lecture estim\u00e9e\" \/>\n\t<meta name=\"twitter:data1\" content=\"2 minutes\" \/>\n<script type=\"application\/ld+json\" class=\"yoast-schema-graph\">{\"@context\":\"https:\/\/schema.org\",\"@graph\":[{\"@type\":\"WebPage\",\"@id\":\"https:\/\/trevotech.com\/fr\/politica-de-cookies\/\",\"url\":\"https:\/\/trevotech.com\/fr\/politica-de-cookies\/\",\"name\":\"Politique en mati\u00e8re de cookies - Trevotech Group\",\"isPartOf\":{\"@id\":\"https:\/\/trevotech.com\/fr\/#website\"},\"primaryImageOfPage\":{\"@id\":\"https:\/\/trevotech.com\/fr\/politica-de-cookies\/#primaryimage\"},\"image\":{\"@id\":\"https:\/\/trevotech.com\/fr\/politica-de-cookies\/#primaryimage\"},\"thumbnailUrl\":\"https:\/\/trevotech.com\/wp-content\/uploads\/2024\/10\/sector-construcao.webp\",\"datePublished\":\"2024-09-26T15:23:59+00:00\",\"dateModified\":\"2025-08-04T14:18:19+00:00\",\"breadcrumb\":{\"@id\":\"https:\/\/trevotech.com\/fr\/politica-de-cookies\/#breadcrumb\"},\"inLanguage\":\"fr-FR\",\"potentialAction\":[{\"@type\":\"ReadAction\",\"target\":[\"https:\/\/trevotech.com\/fr\/politica-de-cookies\/\"]}]},{\"@type\":\"ImageObject\",\"inLanguage\":\"fr-FR\",\"@id\":\"https:\/\/trevotech.com\/fr\/politica-de-cookies\/#primaryimage\",\"url\":\"https:\/\/trevotech.com\/wp-content\/uploads\/2024\/10\/sector-construcao.webp\",\"contentUrl\":\"https:\/\/trevotech.com\/wp-content\/uploads\/2024\/10\/sector-construcao.webp\",\"width\":1920,\"height\":800,\"caption\":\"sector-construcao\"},{\"@type\":\"BreadcrumbList\",\"@id\":\"https:\/\/trevotech.com\/fr\/politica-de-cookies\/#breadcrumb\",\"itemListElement\":[{\"@type\":\"ListItem\",\"position\":1,\"name\":\"In\u00edcio\",\"item\":\"https:\/\/trevotech.com\/fr\/\"},{\"@type\":\"ListItem\",\"position\":2,\"name\":\"Politique en mati\u00e8re de cookies\"}]},{\"@type\":\"WebSite\",\"@id\":\"https:\/\/trevotech.com\/fr\/#website\",\"url\":\"https:\/\/trevotech.com\/fr\/\",\"name\":\"Trevotech Group\",\"description\":\"\",\"potentialAction\":[{\"@type\":\"SearchAction\",\"target\":{\"@type\":\"EntryPoint\",\"urlTemplate\":\"https:\/\/trevotech.com\/fr\/?s={search_term_string}\"},\"query-input\":{\"@type\":\"PropertyValueSpecification\",\"valueRequired\":true,\"valueName\":\"search_term_string\"}}],\"inLanguage\":\"fr-FR\"}]}<\/script>\n<!-- \/ Yoast SEO plugin. -->","yoast_head_json":{"title":"Politique en mati\u00e8re de cookies - Trevotech Group","robots":{"index":"index","follow":"follow","max-snippet":"max-snippet:-1","max-image-preview":"max-image-preview:large","max-video-preview":"max-video-preview:-1"},"canonical":"https:\/\/trevotech.com\/fr\/politica-de-cookies\/","og_locale":"fr_FR","og_type":"article","og_title":"Politique en mati\u00e8re de cookies - Trevotech Group","og_description":"Que sont les cookies ? Les cookies sont de petits fichiers texte stock\u00e9s sur votre appareil lorsque vous visitez un site web. Ils nous aident \u00e0 m\u00e9moriser vos pr\u00e9f\u00e9rences, \u00e0 comprendre comment vous utilisez notre site et \u00e0 am\u00e9liorer votre exp\u00e9rience. Types de cookies que nous utilisons Sur le site web du groupe TrevoTech, nous [&hellip;]","og_url":"https:\/\/trevotech.com\/fr\/politica-de-cookies\/","og_site_name":"Trevotech Group","article_modified_time":"2025-08-04T14:18:19+00:00","og_image":[{"width":1920,"height":800,"url":"https:\/\/trevotech.com\/wp-content\/uploads\/2024\/10\/sector-construcao.webp","type":"image\/webp"}],"twitter_card":"summary_large_image","twitter_misc":{"Dur\u00e9e de lecture estim\u00e9e":"2 minutes"},"schema":{"@context":"https:\/\/schema.org","@graph":[{"@type":"WebPage","@id":"https:\/\/trevotech.com\/fr\/politica-de-cookies\/","url":"https:\/\/trevotech.com\/fr\/politica-de-cookies\/","name":"Politique en mati\u00e8re de cookies - Trevotech Group","isPartOf":{"@id":"https:\/\/trevotech.com\/fr\/#website"},"primaryImageOfPage":{"@id":"https:\/\/trevotech.com\/fr\/politica-de-cookies\/#primaryimage"},"image":{"@id":"https:\/\/trevotech.com\/fr\/politica-de-cookies\/#primaryimage"},"thumbnailUrl":"https:\/\/trevotech.com\/wp-content\/uploads\/2024\/10\/sector-construcao.webp","datePublished":"2024-09-26T15:23:59+00:00","dateModified":"2025-08-04T14:18:19+00:00","breadcrumb":{"@id":"https:\/\/trevotech.com\/fr\/politica-de-cookies\/#breadcrumb"},"inLanguage":"fr-FR","potentialAction":[{"@type":"ReadAction","target":["https:\/\/trevotech.com\/fr\/politica-de-cookies\/"]}]},{"@type":"ImageObject","inLanguage":"fr-FR","@id":"https:\/\/trevotech.com\/fr\/politica-de-cookies\/#primaryimage","url":"https:\/\/trevotech.com\/wp-content\/uploads\/2024\/10\/sector-construcao.webp","contentUrl":"https:\/\/trevotech.com\/wp-content\/uploads\/2024\/10\/sector-construcao.webp","width":1920,"height":800,"caption":"sector-construcao"},{"@type":"BreadcrumbList","@id":"https:\/\/trevotech.com\/fr\/politica-de-cookies\/#breadcrumb","itemListElement":[{"@type":"ListItem","position":1,"name":"In\u00edcio","item":"https:\/\/trevotech.com\/fr\/"},{"@type":"ListItem","position":2,"name":"Politique en mati\u00e8re de cookies"}]},{"@type":"WebSite","@id":"https:\/\/trevotech.com\/fr\/#website","url":"https:\/\/trevotech.com\/fr\/","name":"Trevotech Group","description":"","potentialAction":[{"@type":"SearchAction","target":{"@type":"EntryPoint","urlTemplate":"https:\/\/trevotech.com\/fr\/?s={search_term_string}"},"query-input":{"@type":"PropertyValueSpecification","valueRequired":true,"valueName":"search_term_string"}}],"inLanguage":"fr-FR"}]}},"_links":{"self":[{"href":"https:\/\/trevotech.com\/fr\/wp-json\/wp\/v2\/pages\/4153","targetHints":{"allow":["GET"]}}],"collection":[{"href":"https:\/\/trevotech.com\/fr\/wp-json\/wp\/v2\/pages"}],"about":[{"href":"https:\/\/trevotech.com\/fr\/wp-json\/wp\/v2\/types\/page"}],"author":[{"embeddable":true,"href":"https:\/\/trevotech.com\/fr\/wp-json\/wp\/v2\/users\/1"}],"replies":[{"embeddable":true,"href":"https:\/\/trevotech.com\/fr\/wp-json\/wp\/v2\/comments?post=4153"}],"version-history":[{"count":1,"href":"https:\/\/trevotech.com\/fr\/wp-json\/wp\/v2\/pages\/4153\/revisions"}],"predecessor-version":[{"id":4155,"href":"https:\/\/trevotech.com\/fr\/wp-json\/wp\/v2\/pages\/4153\/revisions\/4155"}],"wp:featuredmedia":[{"embeddable":true,"href":"https:\/\/trevotech.com\/fr\/wp-json\/wp\/v2\/media\/4146"}],"wp:attachment":[{"href":"https:\/\/trevotech.com\/fr\/wp-json\/wp\/v2\/media?parent=4153"}],"curies":[{"name":"wp","href":"https:\/\/api.w.org\/{rel}","templated":true}]}}