{"id":3612,"date":"2024-11-07T20:31:48","date_gmt":"2024-11-07T20:31:48","guid":{"rendered":"https:\/\/trevotech.com\/produto\/ktm-supermoto\/"},"modified":"2025-08-05T11:50:03","modified_gmt":"2025-08-05T11:50:03","slug":"ktm-supermoto","status":"publish","type":"product","link":"https:\/\/trevotech.com\/fr\/produto\/ktm-supermoto\/","title":{"rendered":"KTM Supermoto"},"content":{"rendered":"<p><span style=\"font-weight: 400;\">Les KTM Supermoto, comme la 450 SMR, offrent une exp\u00e9rience de conduite unique qui m\u00eale la sensation du motocross \u00e0 l\u2019agilit\u00e9 urbaine.<\/span><span style=\"font-weight: 400;\"><br \/>\n<\/span><span style=\"font-weight: 400;\">\u00c9quip\u00e9es de moteurs puissants, de ch\u00e2ssis l\u00e9gers et de suspensions haute performance, elles permettent d\u2019\u00e9voluer avec pr\u00e9cision sur route comme sur terrain mixte.<\/span><span style=\"font-weight: 400;\"><br \/>\n<\/span><span style=\"font-weight: 400;\">Con\u00e7ues pour les virages serr\u00e9s, les freinages puissants et les acc\u00e9l\u00e9rations instantan\u00e9es, elles sont id\u00e9ales pour les circuits, les zones urbaines ou les routes sinueuses.<\/span><span style=\"font-weight: 400;\"><br \/>\n<\/span><span style=\"font-weight: 400;\">Leur style agressif, leurs composants durables et leur agilit\u00e9 font des KTM Supermoto la solution parfaite pour les pilotes qui veulent repousser les limites avec fun et contr\u00f4le.<\/span><\/p>\n<p><span style=\"font-weight: 400;\">Les <a href=\"https:\/\/trevotech.com\/fr\/marques\/ktm-fr\/\">KTM<\/a> Supermoto, comme la 450 SMR, offrent une exp\u00e9rience de conduite unique qui m\u00eale la sensation du motocross \u00e0 l\u2019agilit\u00e9 urbaine.<\/span><span style=\"font-weight: 400;\"><br \/>\n<\/span><span style=\"font-weight: 400;\">\u00c9quip\u00e9es de moteurs puissants, de ch\u00e2ssis l\u00e9gers et de suspensions haute performance, elles permettent d\u2019\u00e9voluer avec pr\u00e9cision sur route comme sur terrain mixte.<\/span><span style=\"font-weight: 400;\"><br \/>\n<\/span><span style=\"font-weight: 400;\">Con\u00e7ues pour les virages serr\u00e9s, les freinages puissants et les acc\u00e9l\u00e9rations instantan\u00e9es, elles sont id\u00e9ales pour les circuits, les zones urbaines ou les routes sinueuses.<\/span><span style=\"font-weight: 400;\"><br \/>\n<\/span><span style=\"font-weight: 400;\">Leur style agressif, leurs composants durables et leur agilit\u00e9 font des KTM Supermoto la solution parfaite pour les pilotes qui veulent repousser les limites avec fun et contr\u00f4le.<\/span><\/p>\n<p><span style=\"font-weight: 400;\">Les KTM Supermoto, comme la 450 SMR, offrent une exp\u00e9rience de conduite unique qui m\u00eale la sensation du motocross \u00e0 l\u2019agilit\u00e9 urbaine.<\/span><span style=\"font-weight: 400;\"><br \/>\n<\/span><span style=\"font-weight: 400;\">\u00c9quip\u00e9es de moteurs puissants, de ch\u00e2ssis l\u00e9gers et de suspensions haute performance, elles permettent d\u2019\u00e9voluer avec pr\u00e9cision sur route comme sur terrain mixte.<\/span><span style=\"font-weight: 400;\"><br \/>\n<\/span><span style=\"font-weight: 400;\">Con\u00e7ues pour les virages serr\u00e9s, les freinages puissants et les acc\u00e9l\u00e9rations instantan\u00e9es, elles sont id\u00e9ales pour les circuits, les zones urbaines ou les routes sinueuses.<\/span><span style=\"font-weight: 400;\"><br \/>\n<\/span><span style=\"font-weight: 400;\">Leur style agressif, leurs composants durables et leur agilit\u00e9 font des KTM Supermoto la solution parfaite pour les pilotes qui veulent repousser les limites avec fun et contr\u00f4le.<\/span><\/p>\n","protected":false},"excerpt":{"rendered":"<p><span style=\"font-weight: 400;\">Les KTM Supermoto, comme la 450 SMR, offrent une exp\u00e9rience de conduite unique qui m\u00eale la sensation du motocross \u00e0 l\u2019agilit\u00e9 urbaine.<\/span><span style=\"font-weight: 400;\"><br \/>\n<\/span><span style=\"font-weight: 400;\">\u00c9quip\u00e9es de moteurs puissants, de ch\u00e2ssis l\u00e9gers et de suspensions haute performance, elles permettent d\u2019\u00e9voluer avec pr\u00e9cision sur route comme sur terrain mixte.<\/span><span style=\"font-weight: 400;\"><br \/>\n<\/span><span style=\"font-weight: 400;\">Con\u00e7ues pour les virages serr\u00e9s, les freinages puissants et les acc\u00e9l\u00e9rations instantan\u00e9es, elles sont id\u00e9ales pour les circuits, les zones urbaines ou les routes sinueuses.<\/span><span style=\"font-weight: 400;\"><br \/>\n<\/span><span style=\"font-weight: 400;\">Leur style agressif, leurs composants durables et leur agilit\u00e9 font des KTM Supermoto la solution parfaite pour les pilotes qui veulent repousser les limites avec fun et contr\u00f4le.<\/span><\/p>\n<p>Leur style agressif, leurs composants durables et leur agilit\u00e9 font des KTM Supermoto la solution parfaite pour les pilotes qui veulent repousser les limites avec fun et contr\u00f4le.<\/p>\n","protected":false},"featured_media":3613,"comment_status":"open","ping_status":"closed","template":"","meta":{"_acf_changed":false},"product_brand":[],"product_cat":[458],"product_tag":[],"class_list":{"0":"post-3612","1":"product","2":"type-product","3":"status-publish","4":"has-post-thumbnail","6":"product_cat-sem-categoria-fr","7":"setores-automobile","8":"setores-transport-et-logistique","9":"marcas-ktm","10":"tipo_produto-ktm-supermoto-fr","12":"first","13":"instock","14":"shipping-taxable","15":"product-type-simple"},"acf":[],"yoast_head":"<!-- This site is optimized with the Yoast SEO plugin v25.2 - https:\/\/yoast.com\/wordpress\/plugins\/seo\/ -->\n<title>KTM Supermoto - Trevotech Group<\/title>\n<meta name=\"description\" content=\"Les KTM Supermoto, comme la 450 SMR, offrent une exp\u00e9rience de conduite unique qui m\u00eale la sensation du motocross \u00e0 l\u2019agilit\u00e9 urbaine.\u00c9quip\u00e9es...\" \/>\n<meta name=\"robots\" content=\"index, follow, max-snippet:-1, max-image-preview:large, max-video-preview:-1\" \/>\n<link rel=\"canonical\" href=\"https:\/\/trevotech.com\/fr\/produto\/ktm-supermoto\/\" \/>\n<meta property=\"og:locale\" content=\"fr_FR\" \/>\n<meta property=\"og:type\" content=\"article\" \/>\n<meta property=\"og:title\" content=\"KTM Supermoto - Trevotech Group\" \/>\n<meta property=\"og:description\" content=\"Les KTM Supermoto, comme la 450 SMR, offrent une exp\u00e9rience de conduite unique qui m\u00eale la sensation du motocross \u00e0 l\u2019agilit\u00e9 urbaine.\u00c9quip\u00e9es...\" \/>\n<meta property=\"og:url\" content=\"https:\/\/trevotech.com\/fr\/produto\/ktm-supermoto\/\" \/>\n<meta property=\"og:site_name\" content=\"Trevotech Group\" \/>\n<meta property=\"article:modified_time\" content=\"2025-08-05T11:50:03+00:00\" \/>\n<meta property=\"og:image\" content=\"https:\/\/trevotech.com\/wp-content\/uploads\/2024\/11\/KTM-06-1.webp\" \/>\n\t<meta property=\"og:image:width\" content=\"1000\" \/>\n\t<meta property=\"og:image:height\" content=\"1000\" \/>\n\t<meta property=\"og:image:type\" content=\"image\/webp\" \/>\n<meta name=\"twitter:card\" content=\"summary_large_image\" \/>\n<meta name=\"twitter:label1\" content=\"Dur\u00e9e de lecture estim\u00e9e\" \/>\n\t<meta name=\"twitter:data1\" content=\"2 minutes\" \/>\n<script type=\"application\/ld+json\" class=\"yoast-schema-graph\">{\"@context\":\"https:\/\/schema.org\",\"@graph\":[{\"@type\":\"WebPage\",\"@id\":\"https:\/\/trevotech.com\/fr\/produto\/ktm-supermoto\/\",\"url\":\"https:\/\/trevotech.com\/fr\/produto\/ktm-supermoto\/\",\"name\":\"KTM Supermoto - Trevotech Group\",\"isPartOf\":{\"@id\":\"https:\/\/trevotech.com\/fr\/#website\"},\"primaryImageOfPage\":{\"@id\":\"https:\/\/trevotech.com\/fr\/produto\/ktm-supermoto\/#primaryimage\"},\"image\":{\"@id\":\"https:\/\/trevotech.com\/fr\/produto\/ktm-supermoto\/#primaryimage\"},\"thumbnailUrl\":\"https:\/\/trevotech.com\/wp-content\/uploads\/2024\/11\/KTM-06-1.webp\",\"datePublished\":\"2024-11-07T20:31:48+00:00\",\"dateModified\":\"2025-08-05T11:50:03+00:00\",\"description\":\"Les KTM Supermoto, comme la 450 SMR, offrent une exp\u00e9rience de conduite unique qui m\u00eale la sensation du motocross \u00e0 l\u2019agilit\u00e9 urbaine.\u00c9quip\u00e9es...\",\"breadcrumb\":{\"@id\":\"https:\/\/trevotech.com\/fr\/produto\/ktm-supermoto\/#breadcrumb\"},\"inLanguage\":\"fr-FR\",\"potentialAction\":[{\"@type\":\"ReadAction\",\"target\":[\"https:\/\/trevotech.com\/fr\/produto\/ktm-supermoto\/\"]}]},{\"@type\":\"ImageObject\",\"inLanguage\":\"fr-FR\",\"@id\":\"https:\/\/trevotech.com\/fr\/produto\/ktm-supermoto\/#primaryimage\",\"url\":\"https:\/\/trevotech.com\/wp-content\/uploads\/2024\/11\/KTM-06-1.webp\",\"contentUrl\":\"https:\/\/trevotech.com\/wp-content\/uploads\/2024\/11\/KTM-06-1.webp\",\"width\":1000,\"height\":1000,\"caption\":\"KTM Supermoto\"},{\"@type\":\"BreadcrumbList\",\"@id\":\"https:\/\/trevotech.com\/fr\/produto\/ktm-supermoto\/#breadcrumb\",\"itemListElement\":[{\"@type\":\"ListItem\",\"position\":1,\"name\":\"In\u00edcio\",\"item\":\"https:\/\/trevotech.com\/fr\/\"},{\"@type\":\"ListItem\",\"position\":2,\"name\":\"Produits\",\"item\":\"https:\/\/trevotech.com\/fr\/shop\/\"},{\"@type\":\"ListItem\",\"position\":3,\"name\":\"KTM Supermoto\"}]},{\"@type\":\"WebSite\",\"@id\":\"https:\/\/trevotech.com\/fr\/#website\",\"url\":\"https:\/\/trevotech.com\/fr\/\",\"name\":\"Trevotech Group\",\"description\":\"\",\"potentialAction\":[{\"@type\":\"SearchAction\",\"target\":{\"@type\":\"EntryPoint\",\"urlTemplate\":\"https:\/\/trevotech.com\/fr\/?s={search_term_string}\"},\"query-input\":{\"@type\":\"PropertyValueSpecification\",\"valueRequired\":true,\"valueName\":\"search_term_string\"}}],\"inLanguage\":\"fr-FR\"}]}<\/script>\n<!-- \/ Yoast SEO plugin. -->","yoast_head_json":{"title":"KTM Supermoto - Trevotech Group","description":"Les KTM Supermoto, comme la 450 SMR, offrent une exp\u00e9rience de conduite unique qui m\u00eale la sensation du motocross \u00e0 l\u2019agilit\u00e9 urbaine.\u00c9quip\u00e9es...","robots":{"index":"index","follow":"follow","max-snippet":"max-snippet:-1","max-image-preview":"max-image-preview:large","max-video-preview":"max-video-preview:-1"},"canonical":"https:\/\/trevotech.com\/fr\/produto\/ktm-supermoto\/","og_locale":"fr_FR","og_type":"article","og_title":"KTM Supermoto - Trevotech Group","og_description":"Les KTM Supermoto, comme la 450 SMR, offrent une exp\u00e9rience de conduite unique qui m\u00eale la sensation du motocross \u00e0 l\u2019agilit\u00e9 urbaine.\u00c9quip\u00e9es...","og_url":"https:\/\/trevotech.com\/fr\/produto\/ktm-supermoto\/","og_site_name":"Trevotech Group","article_modified_time":"2025-08-05T11:50:03+00:00","og_image":[{"width":1000,"height":1000,"url":"https:\/\/trevotech.com\/wp-content\/uploads\/2024\/11\/KTM-06-1.webp","type":"image\/webp"}],"twitter_card":"summary_large_image","twitter_misc":{"Dur\u00e9e de lecture estim\u00e9e":"2 minutes"},"schema":{"@context":"https:\/\/schema.org","@graph":[{"@type":"WebPage","@id":"https:\/\/trevotech.com\/fr\/produto\/ktm-supermoto\/","url":"https:\/\/trevotech.com\/fr\/produto\/ktm-supermoto\/","name":"KTM Supermoto - Trevotech Group","isPartOf":{"@id":"https:\/\/trevotech.com\/fr\/#website"},"primaryImageOfPage":{"@id":"https:\/\/trevotech.com\/fr\/produto\/ktm-supermoto\/#primaryimage"},"image":{"@id":"https:\/\/trevotech.com\/fr\/produto\/ktm-supermoto\/#primaryimage"},"thumbnailUrl":"https:\/\/trevotech.com\/wp-content\/uploads\/2024\/11\/KTM-06-1.webp","datePublished":"2024-11-07T20:31:48+00:00","dateModified":"2025-08-05T11:50:03+00:00","description":"Les KTM Supermoto, comme la 450 SMR, offrent une exp\u00e9rience de conduite unique qui m\u00eale la sensation du motocross \u00e0 l\u2019agilit\u00e9 urbaine.\u00c9quip\u00e9es...","breadcrumb":{"@id":"https:\/\/trevotech.com\/fr\/produto\/ktm-supermoto\/#breadcrumb"},"inLanguage":"fr-FR","potentialAction":[{"@type":"ReadAction","target":["https:\/\/trevotech.com\/fr\/produto\/ktm-supermoto\/"]}]},{"@type":"ImageObject","inLanguage":"fr-FR","@id":"https:\/\/trevotech.com\/fr\/produto\/ktm-supermoto\/#primaryimage","url":"https:\/\/trevotech.com\/wp-content\/uploads\/2024\/11\/KTM-06-1.webp","contentUrl":"https:\/\/trevotech.com\/wp-content\/uploads\/2024\/11\/KTM-06-1.webp","width":1000,"height":1000,"caption":"KTM Supermoto"},{"@type":"BreadcrumbList","@id":"https:\/\/trevotech.com\/fr\/produto\/ktm-supermoto\/#breadcrumb","itemListElement":[{"@type":"ListItem","position":1,"name":"In\u00edcio","item":"https:\/\/trevotech.com\/fr\/"},{"@type":"ListItem","position":2,"name":"Produits","item":"https:\/\/trevotech.com\/fr\/shop\/"},{"@type":"ListItem","position":3,"name":"KTM Supermoto"}]},{"@type":"WebSite","@id":"https:\/\/trevotech.com\/fr\/#website","url":"https:\/\/trevotech.com\/fr\/","name":"Trevotech Group","description":"","potentialAction":[{"@type":"SearchAction","target":{"@type":"EntryPoint","urlTemplate":"https:\/\/trevotech.com\/fr\/?s={search_term_string}"},"query-input":{"@type":"PropertyValueSpecification","valueRequired":true,"valueName":"search_term_string"}}],"inLanguage":"fr-FR"}]}},"_links":{"self":[{"href":"https:\/\/trevotech.com\/fr\/wp-json\/wp\/v2\/product\/3612","targetHints":{"allow":["GET"]}}],"collection":[{"href":"https:\/\/trevotech.com\/fr\/wp-json\/wp\/v2\/product"}],"about":[{"href":"https:\/\/trevotech.com\/fr\/wp-json\/wp\/v2\/types\/product"}],"replies":[{"embeddable":true,"href":"https:\/\/trevotech.com\/fr\/wp-json\/wp\/v2\/comments?post=3612"}],"wp:featuredmedia":[{"embeddable":true,"href":"https:\/\/trevotech.com\/fr\/wp-json\/wp\/v2\/media\/3613"}],"wp:attachment":[{"href":"https:\/\/trevotech.com\/fr\/wp-json\/wp\/v2\/media?parent=3612"}],"wp:term":[{"taxonomy":"product_brand","embeddable":true,"href":"https:\/\/trevotech.com\/fr\/wp-json\/wp\/v2\/product_brand?post=3612"},{"taxonomy":"product_cat","embeddable":true,"href":"https:\/\/trevotech.com\/fr\/wp-json\/wp\/v2\/product_cat?post=3612"},{"taxonomy":"product_tag","embeddable":true,"href":"https:\/\/trevotech.com\/fr\/wp-json\/wp\/v2\/product_tag?post=3612"}],"curies":[{"name":"wp","href":"https:\/\/api.w.org\/{rel}","templated":true}]}}