{"id":3614,"date":"2024-10-16T10:53:51","date_gmt":"2024-10-16T10:53:51","guid":{"rendered":"https:\/\/trevotech.com\/?post_type=product&#038;p=3614"},"modified":"2025-08-04T16:25:50","modified_gmt":"2025-08-04T16:25:50","slug":"transmissions-automatiques-pour-tracteurs-agricoles","status":"publish","type":"product","link":"https:\/\/trevotech.com\/fr\/produto\/transmissions-automatiques-pour-tracteurs-agricoles\/","title":{"rendered":"Transmissions Automatiques Pour Tracteurs Agricoles"},"content":{"rendered":"<p><span style=\"font-weight: 400;\">Transmissions Automatiques Pour Tracteurs Agricoles, con\u00e7ues pour les machines agricoles, y compris les tracteurs, afin d\u2019am\u00e9liorer les performances et l\u2019efficacit\u00e9 dans des environnements agricoles exigeants.\u00a0<\/span><\/p>\n<p><span style=\"font-weight: 400;\">Les S\u00e9ries 3000 et 4000 d\u2019Allison sont couramment utilis\u00e9es dans les tracteurs de forte puissance, offrant une excellente gestion du couple et des changements de vitesses fluides, aussi bien pour les travaux aux champs que pour les t\u00e2ches de transport. Ces transmissions permettent une meilleure efficacit\u00e9 \u00e9nerg\u00e9tique, une r\u00e9duction des temps d\u2019arr\u00eat et une moindre fatigue du conducteur, ce qui en fait un choix id\u00e9al pour les op\u00e9rateurs ayant besoin de performances fiables durant de longues heures de travail. Ax\u00e9es sur la durabilit\u00e9, les transmissions Allison sont con\u00e7ues pour r\u00e9sister aux conditions difficiles de l\u2019agriculture, tandis que leurs options innovantes de syst\u00e8mes de propulsion hybrides et \u00e9lectriques contribuent \u00e0 la durabilit\u00e9 du secteur.<\/span><\/p>\n<p><span style=\"font-weight: 400;\">Transmissions Automatiques Pour Tracteurs Agricoles, con\u00e7ues pour les machines agricoles, y compris les tracteurs, afin d\u2019am\u00e9liorer les performances et l\u2019efficacit\u00e9 dans des environnements agricoles exigeants.\u00a0<\/span><\/p>\n<p><span style=\"font-weight: 400;\">Les S\u00e9ries 3000 et 4000 d\u2019Allison sont couramment utilis\u00e9es dans les tracteurs de forte puissance, offrant une excellente gestion du couple et des changements de vitesses fluides, aussi bien pour les travaux aux champs que pour les t\u00e2ches de transport. Ces transmissions permettent une meilleure efficacit\u00e9 \u00e9nerg\u00e9tique, une r\u00e9duction des temps d\u2019arr\u00eat et une moindre fatigue du conducteur, ce qui en fait un choix id\u00e9al pour les op\u00e9rateurs ayant besoin de performances fiables durant de longues heures de travail. Ax\u00e9es sur la durabilit\u00e9, les transmissions Allison sont con\u00e7ues pour r\u00e9sister aux conditions difficiles de l\u2019agriculture, tandis que leurs options innovantes de syst\u00e8mes de propulsion hybrides et \u00e9lectriques contribuent \u00e0 la durabilit\u00e9 du secteur.<\/span><\/p>\n","protected":false},"excerpt":{"rendered":"<p><span style=\"font-weight: 400;\">Transmissions Automatiques Pour Tracteurs Agricoles, con\u00e7ues pour les machines agricoles, y compris les tracteurs, afin d\u2019am\u00e9liorer les performances et l\u2019efficacit\u00e9 dans des environnements agricoles exigeants.\u00a0<\/span><\/p>\n<p><span style=\"font-weight: 400;\">Les S\u00e9ries 3000 et 4000 d\u2019Allison sont couramment utilis\u00e9es dans les tracteurs de forte puissance, offrant une excellente gestion du couple et des changements de vitesses fluides, aussi bien pour les travaux aux champs que pour les t\u00e2ches de transport. Ces transmissions permettent une meilleure efficacit\u00e9 \u00e9nerg\u00e9tique, une r\u00e9duction des temps d\u2019arr\u00eat et une moindre fatigue du conducteur, ce qui en fait un choix id\u00e9al pour les op\u00e9rateurs ayant besoin de performances fiables durant de longues heures de travail. Ax\u00e9es sur la durabilit\u00e9, les transmissions Allison sont con\u00e7ues pour r\u00e9sister aux conditions difficiles de l\u2019agriculture, tandis que leurs options innovantes de syst\u00e8mes de propulsion hybrides et \u00e9lectriques contribuent \u00e0 la durabilit\u00e9 du secteur.<\/span><\/p>\n","protected":false},"featured_media":3615,"comment_status":"open","ping_status":"closed","template":"","meta":{"_acf_changed":false},"product_brand":[],"product_cat":[458],"product_tag":[],"class_list":{"0":"post-3614","1":"product","2":"type-product","3":"status-publish","4":"has-post-thumbnail","6":"product_cat-sem-categoria-fr","7":"setores-manutention","8":"setores-petrole-et-gaz","9":"marcas-allison-transmissions","10":"tipo_produto-transmissions-automatiques-pour-tracteurs-agricoles","12":"first","13":"instock","14":"shipping-taxable","15":"product-type-simple"},"acf":[],"yoast_head":"<!-- This site is optimized with the Yoast SEO plugin v25.2 - https:\/\/yoast.com\/wordpress\/plugins\/seo\/ -->\n<title>Transmissions Automatiques Pour Tracteurs Agricoles - Trevotech Group<\/title>\n<meta name=\"description\" content=\"Transmissions Automatiques Pour Tracteurs Agricoles, con\u00e7ues pour les machines agricoles, y compris les tracteurs, afin...\" \/>\n<meta name=\"robots\" content=\"index, follow, max-snippet:-1, max-image-preview:large, max-video-preview:-1\" \/>\n<link rel=\"canonical\" href=\"https:\/\/trevotech.com\/fr\/produto\/transmissions-automatiques-pour-tracteurs-agricoles\/\" \/>\n<meta property=\"og:locale\" content=\"fr_FR\" \/>\n<meta property=\"og:type\" content=\"article\" \/>\n<meta property=\"og:title\" content=\"Transmissions Automatiques Pour Tracteurs Agricoles - Trevotech Group\" \/>\n<meta property=\"og:description\" content=\"Transmissions Automatiques Pour Tracteurs Agricoles, con\u00e7ues pour les machines agricoles, y compris les tracteurs, afin...\" \/>\n<meta property=\"og:url\" content=\"https:\/\/trevotech.com\/fr\/produto\/transmissions-automatiques-pour-tracteurs-agricoles\/\" \/>\n<meta property=\"og:site_name\" content=\"Trevotech Group\" \/>\n<meta property=\"article:modified_time\" content=\"2025-08-04T16:25:50+00:00\" \/>\n<meta property=\"og:image\" content=\"https:\/\/trevotech.com\/wp-content\/uploads\/2024\/10\/ALLISON_Caixas-de-Velocidade-para-Tractores.webp\" \/>\n\t<meta property=\"og:image:width\" content=\"1000\" \/>\n\t<meta property=\"og:image:height\" content=\"1000\" \/>\n\t<meta property=\"og:image:type\" content=\"image\/webp\" \/>\n<meta name=\"twitter:card\" content=\"summary_large_image\" \/>\n<meta name=\"twitter:label1\" content=\"Dur\u00e9e de lecture estim\u00e9e\" \/>\n\t<meta name=\"twitter:data1\" content=\"2 minutes\" \/>\n<script type=\"application\/ld+json\" class=\"yoast-schema-graph\">{\"@context\":\"https:\/\/schema.org\",\"@graph\":[{\"@type\":\"WebPage\",\"@id\":\"https:\/\/trevotech.com\/fr\/produto\/transmissions-automatiques-pour-tracteurs-agricoles\/\",\"url\":\"https:\/\/trevotech.com\/fr\/produto\/transmissions-automatiques-pour-tracteurs-agricoles\/\",\"name\":\"Transmissions Automatiques Pour Tracteurs Agricoles - Trevotech Group\",\"isPartOf\":{\"@id\":\"https:\/\/trevotech.com\/fr\/#website\"},\"primaryImageOfPage\":{\"@id\":\"https:\/\/trevotech.com\/fr\/produto\/transmissions-automatiques-pour-tracteurs-agricoles\/#primaryimage\"},\"image\":{\"@id\":\"https:\/\/trevotech.com\/fr\/produto\/transmissions-automatiques-pour-tracteurs-agricoles\/#primaryimage\"},\"thumbnailUrl\":\"https:\/\/trevotech.com\/wp-content\/uploads\/2024\/10\/ALLISON_Caixas-de-Velocidade-para-Tractores.webp\",\"datePublished\":\"2024-10-16T10:53:51+00:00\",\"dateModified\":\"2025-08-04T16:25:50+00:00\",\"description\":\"Transmissions Automatiques Pour Tracteurs Agricoles, con\u00e7ues pour les machines agricoles, y compris les tracteurs, afin...\",\"breadcrumb\":{\"@id\":\"https:\/\/trevotech.com\/fr\/produto\/transmissions-automatiques-pour-tracteurs-agricoles\/#breadcrumb\"},\"inLanguage\":\"fr-FR\",\"potentialAction\":[{\"@type\":\"ReadAction\",\"target\":[\"https:\/\/trevotech.com\/fr\/produto\/transmissions-automatiques-pour-tracteurs-agricoles\/\"]}]},{\"@type\":\"ImageObject\",\"inLanguage\":\"fr-FR\",\"@id\":\"https:\/\/trevotech.com\/fr\/produto\/transmissions-automatiques-pour-tracteurs-agricoles\/#primaryimage\",\"url\":\"https:\/\/trevotech.com\/wp-content\/uploads\/2024\/10\/ALLISON_Caixas-de-Velocidade-para-Tractores.webp\",\"contentUrl\":\"https:\/\/trevotech.com\/wp-content\/uploads\/2024\/10\/ALLISON_Caixas-de-Velocidade-para-Tractores.webp\",\"width\":1000,\"height\":1000,\"caption\":\"Caixas de Velocidade para Tractores\"},{\"@type\":\"BreadcrumbList\",\"@id\":\"https:\/\/trevotech.com\/fr\/produto\/transmissions-automatiques-pour-tracteurs-agricoles\/#breadcrumb\",\"itemListElement\":[{\"@type\":\"ListItem\",\"position\":1,\"name\":\"In\u00edcio\",\"item\":\"https:\/\/trevotech.com\/fr\/\"},{\"@type\":\"ListItem\",\"position\":2,\"name\":\"Produits\",\"item\":\"https:\/\/trevotech.com\/fr\/shop\/\"},{\"@type\":\"ListItem\",\"position\":3,\"name\":\"Transmissions Automatiques Pour Tracteurs Agricoles\"}]},{\"@type\":\"WebSite\",\"@id\":\"https:\/\/trevotech.com\/fr\/#website\",\"url\":\"https:\/\/trevotech.com\/fr\/\",\"name\":\"Trevotech Group\",\"description\":\"\",\"potentialAction\":[{\"@type\":\"SearchAction\",\"target\":{\"@type\":\"EntryPoint\",\"urlTemplate\":\"https:\/\/trevotech.com\/fr\/?s={search_term_string}\"},\"query-input\":{\"@type\":\"PropertyValueSpecification\",\"valueRequired\":true,\"valueName\":\"search_term_string\"}}],\"inLanguage\":\"fr-FR\"}]}<\/script>\n<!-- \/ Yoast SEO plugin. -->","yoast_head_json":{"title":"Transmissions Automatiques Pour Tracteurs Agricoles - Trevotech Group","description":"Transmissions Automatiques Pour Tracteurs Agricoles, con\u00e7ues pour les machines agricoles, y compris les tracteurs, afin...","robots":{"index":"index","follow":"follow","max-snippet":"max-snippet:-1","max-image-preview":"max-image-preview:large","max-video-preview":"max-video-preview:-1"},"canonical":"https:\/\/trevotech.com\/fr\/produto\/transmissions-automatiques-pour-tracteurs-agricoles\/","og_locale":"fr_FR","og_type":"article","og_title":"Transmissions Automatiques Pour Tracteurs Agricoles - Trevotech Group","og_description":"Transmissions Automatiques Pour Tracteurs Agricoles, con\u00e7ues pour les machines agricoles, y compris les tracteurs, afin...","og_url":"https:\/\/trevotech.com\/fr\/produto\/transmissions-automatiques-pour-tracteurs-agricoles\/","og_site_name":"Trevotech Group","article_modified_time":"2025-08-04T16:25:50+00:00","og_image":[{"width":1000,"height":1000,"url":"https:\/\/trevotech.com\/wp-content\/uploads\/2024\/10\/ALLISON_Caixas-de-Velocidade-para-Tractores.webp","type":"image\/webp"}],"twitter_card":"summary_large_image","twitter_misc":{"Dur\u00e9e de lecture estim\u00e9e":"2 minutes"},"schema":{"@context":"https:\/\/schema.org","@graph":[{"@type":"WebPage","@id":"https:\/\/trevotech.com\/fr\/produto\/transmissions-automatiques-pour-tracteurs-agricoles\/","url":"https:\/\/trevotech.com\/fr\/produto\/transmissions-automatiques-pour-tracteurs-agricoles\/","name":"Transmissions Automatiques Pour Tracteurs Agricoles - Trevotech Group","isPartOf":{"@id":"https:\/\/trevotech.com\/fr\/#website"},"primaryImageOfPage":{"@id":"https:\/\/trevotech.com\/fr\/produto\/transmissions-automatiques-pour-tracteurs-agricoles\/#primaryimage"},"image":{"@id":"https:\/\/trevotech.com\/fr\/produto\/transmissions-automatiques-pour-tracteurs-agricoles\/#primaryimage"},"thumbnailUrl":"https:\/\/trevotech.com\/wp-content\/uploads\/2024\/10\/ALLISON_Caixas-de-Velocidade-para-Tractores.webp","datePublished":"2024-10-16T10:53:51+00:00","dateModified":"2025-08-04T16:25:50+00:00","description":"Transmissions Automatiques Pour Tracteurs Agricoles, con\u00e7ues pour les machines agricoles, y compris les tracteurs, afin...","breadcrumb":{"@id":"https:\/\/trevotech.com\/fr\/produto\/transmissions-automatiques-pour-tracteurs-agricoles\/#breadcrumb"},"inLanguage":"fr-FR","potentialAction":[{"@type":"ReadAction","target":["https:\/\/trevotech.com\/fr\/produto\/transmissions-automatiques-pour-tracteurs-agricoles\/"]}]},{"@type":"ImageObject","inLanguage":"fr-FR","@id":"https:\/\/trevotech.com\/fr\/produto\/transmissions-automatiques-pour-tracteurs-agricoles\/#primaryimage","url":"https:\/\/trevotech.com\/wp-content\/uploads\/2024\/10\/ALLISON_Caixas-de-Velocidade-para-Tractores.webp","contentUrl":"https:\/\/trevotech.com\/wp-content\/uploads\/2024\/10\/ALLISON_Caixas-de-Velocidade-para-Tractores.webp","width":1000,"height":1000,"caption":"Caixas de Velocidade para Tractores"},{"@type":"BreadcrumbList","@id":"https:\/\/trevotech.com\/fr\/produto\/transmissions-automatiques-pour-tracteurs-agricoles\/#breadcrumb","itemListElement":[{"@type":"ListItem","position":1,"name":"In\u00edcio","item":"https:\/\/trevotech.com\/fr\/"},{"@type":"ListItem","position":2,"name":"Produits","item":"https:\/\/trevotech.com\/fr\/shop\/"},{"@type":"ListItem","position":3,"name":"Transmissions Automatiques Pour Tracteurs Agricoles"}]},{"@type":"WebSite","@id":"https:\/\/trevotech.com\/fr\/#website","url":"https:\/\/trevotech.com\/fr\/","name":"Trevotech Group","description":"","potentialAction":[{"@type":"SearchAction","target":{"@type":"EntryPoint","urlTemplate":"https:\/\/trevotech.com\/fr\/?s={search_term_string}"},"query-input":{"@type":"PropertyValueSpecification","valueRequired":true,"valueName":"search_term_string"}}],"inLanguage":"fr-FR"}]}},"_links":{"self":[{"href":"https:\/\/trevotech.com\/fr\/wp-json\/wp\/v2\/product\/3614","targetHints":{"allow":["GET"]}}],"collection":[{"href":"https:\/\/trevotech.com\/fr\/wp-json\/wp\/v2\/product"}],"about":[{"href":"https:\/\/trevotech.com\/fr\/wp-json\/wp\/v2\/types\/product"}],"replies":[{"embeddable":true,"href":"https:\/\/trevotech.com\/fr\/wp-json\/wp\/v2\/comments?post=3614"}],"wp:featuredmedia":[{"embeddable":true,"href":"https:\/\/trevotech.com\/fr\/wp-json\/wp\/v2\/media\/3615"}],"wp:attachment":[{"href":"https:\/\/trevotech.com\/fr\/wp-json\/wp\/v2\/media?parent=3614"}],"wp:term":[{"taxonomy":"product_brand","embeddable":true,"href":"https:\/\/trevotech.com\/fr\/wp-json\/wp\/v2\/product_brand?post=3614"},{"taxonomy":"product_cat","embeddable":true,"href":"https:\/\/trevotech.com\/fr\/wp-json\/wp\/v2\/product_cat?post=3614"},{"taxonomy":"product_tag","embeddable":true,"href":"https:\/\/trevotech.com\/fr\/wp-json\/wp\/v2\/product_tag?post=3614"}],"curies":[{"name":"wp","href":"https:\/\/api.w.org\/{rel}","templated":true}]}}