{"id":3616,"date":"2024-10-16T10:52:10","date_gmt":"2024-10-16T10:52:10","guid":{"rendered":"https:\/\/trevotech.com\/produto\/caixas-de-velocidade-para-maquinaria-pesada\/"},"modified":"2025-08-04T16:27:15","modified_gmt":"2025-08-04T16:27:15","slug":"solutions-de-transmission-pour-machines-lourdes","status":"publish","type":"product","link":"https:\/\/trevotech.com\/fr\/produto\/solutions-de-transmission-pour-machines-lourdes\/","title":{"rendered":"Solutions de Transmission Pour Machines Lourdes"},"content":{"rendered":"<p><span style=\"font-weight: 400;\">Allison Transmission fabrique une gamme de Solutions de Transmission Pour Machines Lourdes, offrant une durabilit\u00e9 exceptionnelle et des performances fiables dans des environnements exigeants.\u00a0<\/span><\/p>\n<p><span style=\"font-weight: 400;\">Les transmissions des S\u00e9ries 4000 et 5000 sont souvent utilis\u00e9es dans les \u00e9quipements de construction, d\u2019exploitation mini\u00e8re et de manutention de mat\u00e9riaux, offrant une grande capacit\u00e9 de couple et des performances fiables, m\u00eame dans des conditions extr\u00eames. Ces transmissions sont con\u00e7ues pour supporter des charges lourdes et des conditions de fonctionnement rigoureuses, comme celles des excavatrices, chargeuses et autres engins lourds. Gr\u00e2ce \u00e0 une technologie avanc\u00e9e qui garantit des changements de vitesses plus fluides et une meilleure efficacit\u00e9 \u00e9nerg\u00e9tique, les transmissions Allison aident \u00e0 r\u00e9duire les co\u00fbts d\u2019exploitation et \u00e0 augmenter la productivit\u00e9. De plus, l\u2019engagement de l\u2019entreprise en mati\u00e8re d\u2019innovation inclut des solutions de syst\u00e8mes de propulsion hybrides et \u00e9lectriques, soutenant la transition vers une machinerie lourde plus durable et respectueuse de l\u2019environnement.<\/span><\/p>\n<p><span style=\"font-weight: 400;\">Allison Transmission fabrique une gamme de Solutions de Transmission Pour Machines Lourdes, offrant une durabilit\u00e9 exceptionnelle et des performances fiables dans des environnements exigeants.\u00a0<\/span><\/p>\n<p><span style=\"font-weight: 400;\">Les transmissions des S\u00e9ries 4000 et 5000 sont souvent utilis\u00e9es dans les \u00e9quipements de construction, d\u2019exploitation mini\u00e8re et de manutention de mat\u00e9riaux, offrant une grande capacit\u00e9 de couple et des performances fiables, m\u00eame dans des conditions extr\u00eames. Ces transmissions sont con\u00e7ues pour supporter des charges lourdes et des conditions de fonctionnement rigoureuses, comme celles des excavatrices, chargeuses et autres engins lourds. Gr\u00e2ce \u00e0 une technologie avanc\u00e9e qui garantit des changements de vitesses plus fluides et une meilleure efficacit\u00e9 \u00e9nerg\u00e9tique, les transmissions Allison aident \u00e0 r\u00e9duire les co\u00fbts d\u2019exploitation et \u00e0 augmenter la productivit\u00e9. De plus, l\u2019engagement de l\u2019entreprise en mati\u00e8re d\u2019innovation inclut des solutions de syst\u00e8mes de propulsion hybrides et \u00e9lectriques, soutenant la transition vers une machinerie lourde plus durable et respectueuse de l\u2019environnement.<\/span><\/p>\n","protected":false},"excerpt":{"rendered":"<p><span style=\"font-weight: 400;\">Allison Transmission fabrique une gamme de transmissions automatiques con\u00e7ues pour les machines lourdes, offrant une durabilit\u00e9 exceptionnelle et des performances fiables dans des environnements exigeants.\u00a0<\/span><\/p>\n<p><span style=\"font-weight: 400;\">Les transmissions des S\u00e9ries 4000 et 5000 sont souvent utilis\u00e9es dans les \u00e9quipements de construction, d\u2019exploitation mini\u00e8re et de manutention de mat\u00e9riaux, offrant une grande capacit\u00e9 de couple et des performances fiables, m\u00eame dans des conditions extr\u00eames. Ces transmissions sont con\u00e7ues pour supporter des charges lourdes et des conditions de fonctionnement rigoureuses, comme celles des excavatrices, chargeuses et autres engins lourds. Gr\u00e2ce \u00e0 une technologie avanc\u00e9e qui garantit des changements de vitesses plus fluides et une meilleure efficacit\u00e9 \u00e9nerg\u00e9tique, les transmissions Allison aident \u00e0 r\u00e9duire les co\u00fbts d\u2019exploitation et \u00e0 augmenter la productivit\u00e9. De plus, l\u2019engagement de l\u2019entreprise en mati\u00e8re d\u2019innovation inclut des solutions de syst\u00e8mes de propulsion hybrides et \u00e9lectriques, soutenant la transition vers une machinerie lourde plus durable et respectueuse de l\u2019environnement.<\/span><\/p>\n","protected":false},"featured_media":3617,"comment_status":"open","ping_status":"closed","template":"","meta":{"_acf_changed":false},"product_brand":[],"product_cat":[458],"product_tag":[],"class_list":{"0":"post-3616","1":"product","2":"type-product","3":"status-publish","4":"has-post-thumbnail","6":"product_cat-sem-categoria-fr","7":"setores-manutention","8":"setores-petrole-et-gaz","9":"marcas-allison-transmissions","10":"tipo_produto-solutions-de-transmission-pour-machines-lourdes","12":"first","13":"instock","14":"shipping-taxable","15":"product-type-simple"},"acf":[],"yoast_head":"<!-- This site is optimized with the Yoast SEO plugin v25.2 - https:\/\/yoast.com\/wordpress\/plugins\/seo\/ -->\n<title>Solutions de Transmission Pour Machines Lourdes - Trevotech Group<\/title>\n<meta name=\"description\" content=\"Allison Transmission fabrique une gamme de Solutions de Transmission Pour Machines Lourdes, offrant une durabilit\u00e9...\" \/>\n<meta name=\"robots\" content=\"index, follow, max-snippet:-1, max-image-preview:large, max-video-preview:-1\" \/>\n<link rel=\"canonical\" href=\"https:\/\/trevotech.com\/fr\/produto\/solutions-de-transmission-pour-machines-lourdes\/\" \/>\n<meta property=\"og:locale\" content=\"fr_FR\" \/>\n<meta property=\"og:type\" content=\"article\" \/>\n<meta property=\"og:title\" content=\"Solutions de Transmission Pour Machines Lourdes - Trevotech Group\" \/>\n<meta property=\"og:description\" content=\"Allison Transmission fabrique une gamme de Solutions de Transmission Pour Machines Lourdes, offrant une durabilit\u00e9...\" \/>\n<meta property=\"og:url\" content=\"https:\/\/trevotech.com\/fr\/produto\/solutions-de-transmission-pour-machines-lourdes\/\" \/>\n<meta property=\"og:site_name\" content=\"Trevotech Group\" \/>\n<meta property=\"article:modified_time\" content=\"2025-08-04T16:27:15+00:00\" \/>\n<meta property=\"og:image\" content=\"https:\/\/trevotech.com\/wp-content\/uploads\/2024\/10\/ALLISON_Caixas-de-Velocidade-para-Maquinaria-Pesada.webp\" \/>\n\t<meta property=\"og:image:width\" content=\"1000\" \/>\n\t<meta property=\"og:image:height\" content=\"1000\" \/>\n\t<meta property=\"og:image:type\" content=\"image\/webp\" \/>\n<meta name=\"twitter:card\" content=\"summary_large_image\" \/>\n<meta name=\"twitter:label1\" content=\"Dur\u00e9e de lecture estim\u00e9e\" \/>\n\t<meta name=\"twitter:data1\" content=\"2 minutes\" \/>\n<script type=\"application\/ld+json\" class=\"yoast-schema-graph\">{\"@context\":\"https:\/\/schema.org\",\"@graph\":[{\"@type\":\"WebPage\",\"@id\":\"https:\/\/trevotech.com\/fr\/produto\/solutions-de-transmission-pour-machines-lourdes\/\",\"url\":\"https:\/\/trevotech.com\/fr\/produto\/solutions-de-transmission-pour-machines-lourdes\/\",\"name\":\"Solutions de Transmission Pour Machines Lourdes - Trevotech Group\",\"isPartOf\":{\"@id\":\"https:\/\/trevotech.com\/fr\/#website\"},\"primaryImageOfPage\":{\"@id\":\"https:\/\/trevotech.com\/fr\/produto\/solutions-de-transmission-pour-machines-lourdes\/#primaryimage\"},\"image\":{\"@id\":\"https:\/\/trevotech.com\/fr\/produto\/solutions-de-transmission-pour-machines-lourdes\/#primaryimage\"},\"thumbnailUrl\":\"https:\/\/trevotech.com\/wp-content\/uploads\/2024\/10\/ALLISON_Caixas-de-Velocidade-para-Maquinaria-Pesada.webp\",\"datePublished\":\"2024-10-16T10:52:10+00:00\",\"dateModified\":\"2025-08-04T16:27:15+00:00\",\"description\":\"Allison Transmission fabrique une gamme de Solutions de Transmission Pour Machines Lourdes, offrant une durabilit\u00e9...\",\"breadcrumb\":{\"@id\":\"https:\/\/trevotech.com\/fr\/produto\/solutions-de-transmission-pour-machines-lourdes\/#breadcrumb\"},\"inLanguage\":\"fr-FR\",\"potentialAction\":[{\"@type\":\"ReadAction\",\"target\":[\"https:\/\/trevotech.com\/fr\/produto\/solutions-de-transmission-pour-machines-lourdes\/\"]}]},{\"@type\":\"ImageObject\",\"inLanguage\":\"fr-FR\",\"@id\":\"https:\/\/trevotech.com\/fr\/produto\/solutions-de-transmission-pour-machines-lourdes\/#primaryimage\",\"url\":\"https:\/\/trevotech.com\/wp-content\/uploads\/2024\/10\/ALLISON_Caixas-de-Velocidade-para-Maquinaria-Pesada.webp\",\"contentUrl\":\"https:\/\/trevotech.com\/wp-content\/uploads\/2024\/10\/ALLISON_Caixas-de-Velocidade-para-Maquinaria-Pesada.webp\",\"width\":1000,\"height\":1000,\"caption\":\"Caixas de Velocidade para Maquinaria Pesada\"},{\"@type\":\"BreadcrumbList\",\"@id\":\"https:\/\/trevotech.com\/fr\/produto\/solutions-de-transmission-pour-machines-lourdes\/#breadcrumb\",\"itemListElement\":[{\"@type\":\"ListItem\",\"position\":1,\"name\":\"In\u00edcio\",\"item\":\"https:\/\/trevotech.com\/fr\/\"},{\"@type\":\"ListItem\",\"position\":2,\"name\":\"Produits\",\"item\":\"https:\/\/trevotech.com\/fr\/shop\/\"},{\"@type\":\"ListItem\",\"position\":3,\"name\":\"Solutions de Transmission Pour Machines Lourdes\"}]},{\"@type\":\"WebSite\",\"@id\":\"https:\/\/trevotech.com\/fr\/#website\",\"url\":\"https:\/\/trevotech.com\/fr\/\",\"name\":\"Trevotech Group\",\"description\":\"\",\"potentialAction\":[{\"@type\":\"SearchAction\",\"target\":{\"@type\":\"EntryPoint\",\"urlTemplate\":\"https:\/\/trevotech.com\/fr\/?s={search_term_string}\"},\"query-input\":{\"@type\":\"PropertyValueSpecification\",\"valueRequired\":true,\"valueName\":\"search_term_string\"}}],\"inLanguage\":\"fr-FR\"}]}<\/script>\n<!-- \/ Yoast SEO plugin. -->","yoast_head_json":{"title":"Solutions de Transmission Pour Machines Lourdes - Trevotech Group","description":"Allison Transmission fabrique une gamme de Solutions de Transmission Pour Machines Lourdes, offrant une durabilit\u00e9...","robots":{"index":"index","follow":"follow","max-snippet":"max-snippet:-1","max-image-preview":"max-image-preview:large","max-video-preview":"max-video-preview:-1"},"canonical":"https:\/\/trevotech.com\/fr\/produto\/solutions-de-transmission-pour-machines-lourdes\/","og_locale":"fr_FR","og_type":"article","og_title":"Solutions de Transmission Pour Machines Lourdes - Trevotech Group","og_description":"Allison Transmission fabrique une gamme de Solutions de Transmission Pour Machines Lourdes, offrant une durabilit\u00e9...","og_url":"https:\/\/trevotech.com\/fr\/produto\/solutions-de-transmission-pour-machines-lourdes\/","og_site_name":"Trevotech Group","article_modified_time":"2025-08-04T16:27:15+00:00","og_image":[{"width":1000,"height":1000,"url":"https:\/\/trevotech.com\/wp-content\/uploads\/2024\/10\/ALLISON_Caixas-de-Velocidade-para-Maquinaria-Pesada.webp","type":"image\/webp"}],"twitter_card":"summary_large_image","twitter_misc":{"Dur\u00e9e de lecture estim\u00e9e":"2 minutes"},"schema":{"@context":"https:\/\/schema.org","@graph":[{"@type":"WebPage","@id":"https:\/\/trevotech.com\/fr\/produto\/solutions-de-transmission-pour-machines-lourdes\/","url":"https:\/\/trevotech.com\/fr\/produto\/solutions-de-transmission-pour-machines-lourdes\/","name":"Solutions de Transmission Pour Machines Lourdes - Trevotech Group","isPartOf":{"@id":"https:\/\/trevotech.com\/fr\/#website"},"primaryImageOfPage":{"@id":"https:\/\/trevotech.com\/fr\/produto\/solutions-de-transmission-pour-machines-lourdes\/#primaryimage"},"image":{"@id":"https:\/\/trevotech.com\/fr\/produto\/solutions-de-transmission-pour-machines-lourdes\/#primaryimage"},"thumbnailUrl":"https:\/\/trevotech.com\/wp-content\/uploads\/2024\/10\/ALLISON_Caixas-de-Velocidade-para-Maquinaria-Pesada.webp","datePublished":"2024-10-16T10:52:10+00:00","dateModified":"2025-08-04T16:27:15+00:00","description":"Allison Transmission fabrique une gamme de Solutions de Transmission Pour Machines Lourdes, offrant une durabilit\u00e9...","breadcrumb":{"@id":"https:\/\/trevotech.com\/fr\/produto\/solutions-de-transmission-pour-machines-lourdes\/#breadcrumb"},"inLanguage":"fr-FR","potentialAction":[{"@type":"ReadAction","target":["https:\/\/trevotech.com\/fr\/produto\/solutions-de-transmission-pour-machines-lourdes\/"]}]},{"@type":"ImageObject","inLanguage":"fr-FR","@id":"https:\/\/trevotech.com\/fr\/produto\/solutions-de-transmission-pour-machines-lourdes\/#primaryimage","url":"https:\/\/trevotech.com\/wp-content\/uploads\/2024\/10\/ALLISON_Caixas-de-Velocidade-para-Maquinaria-Pesada.webp","contentUrl":"https:\/\/trevotech.com\/wp-content\/uploads\/2024\/10\/ALLISON_Caixas-de-Velocidade-para-Maquinaria-Pesada.webp","width":1000,"height":1000,"caption":"Caixas de Velocidade para Maquinaria Pesada"},{"@type":"BreadcrumbList","@id":"https:\/\/trevotech.com\/fr\/produto\/solutions-de-transmission-pour-machines-lourdes\/#breadcrumb","itemListElement":[{"@type":"ListItem","position":1,"name":"In\u00edcio","item":"https:\/\/trevotech.com\/fr\/"},{"@type":"ListItem","position":2,"name":"Produits","item":"https:\/\/trevotech.com\/fr\/shop\/"},{"@type":"ListItem","position":3,"name":"Solutions de Transmission Pour Machines Lourdes"}]},{"@type":"WebSite","@id":"https:\/\/trevotech.com\/fr\/#website","url":"https:\/\/trevotech.com\/fr\/","name":"Trevotech Group","description":"","potentialAction":[{"@type":"SearchAction","target":{"@type":"EntryPoint","urlTemplate":"https:\/\/trevotech.com\/fr\/?s={search_term_string}"},"query-input":{"@type":"PropertyValueSpecification","valueRequired":true,"valueName":"search_term_string"}}],"inLanguage":"fr-FR"}]}},"_links":{"self":[{"href":"https:\/\/trevotech.com\/fr\/wp-json\/wp\/v2\/product\/3616","targetHints":{"allow":["GET"]}}],"collection":[{"href":"https:\/\/trevotech.com\/fr\/wp-json\/wp\/v2\/product"}],"about":[{"href":"https:\/\/trevotech.com\/fr\/wp-json\/wp\/v2\/types\/product"}],"replies":[{"embeddable":true,"href":"https:\/\/trevotech.com\/fr\/wp-json\/wp\/v2\/comments?post=3616"}],"wp:featuredmedia":[{"embeddable":true,"href":"https:\/\/trevotech.com\/fr\/wp-json\/wp\/v2\/media\/3617"}],"wp:attachment":[{"href":"https:\/\/trevotech.com\/fr\/wp-json\/wp\/v2\/media?parent=3616"}],"wp:term":[{"taxonomy":"product_brand","embeddable":true,"href":"https:\/\/trevotech.com\/fr\/wp-json\/wp\/v2\/product_brand?post=3616"},{"taxonomy":"product_cat","embeddable":true,"href":"https:\/\/trevotech.com\/fr\/wp-json\/wp\/v2\/product_cat?post=3616"},{"taxonomy":"product_tag","embeddable":true,"href":"https:\/\/trevotech.com\/fr\/wp-json\/wp\/v2\/product_tag?post=3616"}],"curies":[{"name":"wp","href":"https:\/\/api.w.org\/{rel}","templated":true}]}}