{"id":3619,"date":"2024-10-16T10:50:25","date_gmt":"2024-10-16T10:50:25","guid":{"rendered":"https:\/\/trevotech.com\/produto\/caixas-de-velocidade-para-camioes\/"},"modified":"2025-08-04T16:28:56","modified_gmt":"2025-08-04T16:28:56","slug":"transmissions-automatiques-pour-camions","status":"publish","type":"product","link":"https:\/\/trevotech.com\/fr\/produto\/transmissions-automatiques-pour-camions\/","title":{"rendered":"Transmissions Automatiques Pour Camions"},"content":{"rendered":"<p><span style=\"font-weight: 400;\">Allison Transmission est l\u2019un des principaux fabricants de Transmissions Automatiques Pour Camions, y compris les camions, les autobus et les v\u00e9hicules commerciaux. Parmi ses mod\u00e8les les plus populaires figurent la S\u00e9rie 1000, con\u00e7ue pour les v\u00e9hicules utilitaires l\u00e9gers, et la S\u00e9rie 2000, reconnue pour sa polyvalence et son utilisation dans les camions de capacit\u00e9 moyenne.\u00a0<\/span><\/p>\n<p><span style=\"font-weight: 400;\">Les transmissions des S\u00e9ries 3000 et 4000 sont largement utilis\u00e9es dans les camions lourds, les autobus et les v\u00e9hicules de collecte des d\u00e9chets, offrant une grande capacit\u00e9 de couple et une fiabilit\u00e9 \u00e9lev\u00e9e. En outre, la S\u00e9rie 8000 d\u2019Allison est sp\u00e9cialement d\u00e9velopp\u00e9e pour les applications militaires et tout-terrain, garantissant des performances robustes dans des conditions extr\u00eames. Ces transmissions sont reconnues pour leur durabilit\u00e9, la douceur des changements de vitesses, une meilleure efficacit\u00e9 \u00e9nerg\u00e9tique et la r\u00e9duction de la fatigue du conducteur.\u00a0<\/span><\/p>\n<p><span style=\"font-weight: 400;\">Allison d\u00e9veloppe \u00e9galement des syst\u00e8mes de propulsion hybrides et \u00e9lectriques, assurant l\u2019innovation et la durabilit\u00e9 dans le secteur des v\u00e9hicules commerciaux.<\/span><\/p>\n<p><span style=\"font-weight: 400;\">Allison Transmission est l\u2019un des principaux fabricants de Transmissions Automatiques Pour Camions, y compris les camions, les autobus et les v\u00e9hicules commerciaux. Parmi ses mod\u00e8les les plus populaires figurent la S\u00e9rie 1000, con\u00e7ue pour les v\u00e9hicules utilitaires l\u00e9gers, et la S\u00e9rie 2000, reconnue pour sa polyvalence et son utilisation dans les camions de capacit\u00e9 moyenne.\u00a0<\/span><\/p>\n<p><span style=\"font-weight: 400;\">Les transmissions des S\u00e9ries 3000 et 4000 sont largement utilis\u00e9es dans les camions lourds, les autobus et les v\u00e9hicules de collecte des d\u00e9chets, offrant une grande capacit\u00e9 de couple et une fiabilit\u00e9 \u00e9lev\u00e9e. En outre, la S\u00e9rie 8000 d\u2019Allison est sp\u00e9cialement d\u00e9velopp\u00e9e pour les applications militaires et tout-terrain, garantissant des performances robustes dans des conditions extr\u00eames. Ces transmissions sont reconnues pour leur durabilit\u00e9, la douceur des changements de vitesses, une meilleure efficacit\u00e9 \u00e9nerg\u00e9tique et la r\u00e9duction de la fatigue du conducteur.\u00a0<\/span><\/p>\n<p><span style=\"font-weight: 400;\">Allison d\u00e9veloppe \u00e9galement des syst\u00e8mes de propulsion hybrides et \u00e9lectriques, assurant l\u2019innovation et la durabilit\u00e9 dans le secteur des v\u00e9hicules commerciaux.<\/span><\/p>\n","protected":false},"excerpt":{"rendered":"<p><span style=\"font-weight: 400;\">Allison Transmission est l\u2019un des principaux fabricants de bo\u00eetes de vitesses pour machines lourdes, y compris les camions, les autobus et les v\u00e9hicules commerciaux. Parmi ses mod\u00e8les les plus populaires figurent la S\u00e9rie 1000, con\u00e7ue pour les v\u00e9hicules utilitaires l\u00e9gers, et la S\u00e9rie 2000, reconnue pour sa polyvalence et son utilisation dans les camions de capacit\u00e9 moyenne.\u00a0<\/span><\/p>\n<p><span style=\"font-weight: 400;\">Les transmissions des S\u00e9ries 3000 et 4000 sont largement utilis\u00e9es dans les camions lourds, les autobus et les v\u00e9hicules de collecte des d\u00e9chets, offrant une grande capacit\u00e9 de couple et une fiabilit\u00e9 \u00e9lev\u00e9e. En outre, la S\u00e9rie 8000 d\u2019Allison est sp\u00e9cialement d\u00e9velopp\u00e9e pour les applications militaires et tout-terrain, garantissant des performances robustes dans des conditions extr\u00eames. Ces transmissions sont reconnues pour leur durabilit\u00e9, la douceur des changements de vitesses, une meilleure efficacit\u00e9 \u00e9nerg\u00e9tique et la r\u00e9duction de la fatigue du conducteur.\u00a0<\/span><\/p>\n<p><span style=\"font-weight: 400;\">Allison d\u00e9veloppe \u00e9galement des syst\u00e8mes de propulsion hybrides et \u00e9lectriques, assurant l\u2019innovation et la durabilit\u00e9 dans le secteur des v\u00e9hicules commerciaux.<\/span><\/p>\n","protected":false},"featured_media":3620,"comment_status":"open","ping_status":"closed","template":"","meta":{"_acf_changed":false},"product_brand":[],"product_cat":[458],"product_tag":[],"class_list":{"0":"post-3619","1":"product","2":"type-product","3":"status-publish","4":"has-post-thumbnail","6":"product_cat-sem-categoria-fr","7":"setores-manutention","8":"setores-petrole-et-gaz","9":"marcas-allison-transmissions","10":"tipo_produto-transmissions-automatiques-pour-camions","12":"first","13":"instock","14":"shipping-taxable","15":"product-type-simple"},"acf":[],"yoast_head":"<!-- This site is optimized with the Yoast SEO plugin v25.2 - https:\/\/yoast.com\/wordpress\/plugins\/seo\/ -->\n<title>Transmissions Automatiques Pour Camions - Allison Transmission Trevotech Group<\/title>\n<meta name=\"description\" content=\"Allison Transmission est l\u2019un des principaux fabricants de Transmissions Automatiques Pour Camions, y compris les camions...\" \/>\n<meta name=\"robots\" content=\"index, follow, max-snippet:-1, max-image-preview:large, max-video-preview:-1\" \/>\n<link rel=\"canonical\" href=\"https:\/\/trevotech.com\/fr\/produto\/transmissions-automatiques-pour-camions\/\" \/>\n<meta property=\"og:locale\" content=\"fr_FR\" \/>\n<meta property=\"og:type\" content=\"article\" \/>\n<meta property=\"og:title\" content=\"Transmissions Automatiques Pour Camions - Allison Transmission Trevotech Group\" \/>\n<meta property=\"og:description\" content=\"Allison Transmission est l\u2019un des principaux fabricants de Transmissions Automatiques Pour Camions, y compris les camions...\" \/>\n<meta property=\"og:url\" content=\"https:\/\/trevotech.com\/fr\/produto\/transmissions-automatiques-pour-camions\/\" \/>\n<meta property=\"og:site_name\" content=\"Trevotech Group\" \/>\n<meta property=\"article:modified_time\" content=\"2025-08-04T16:28:56+00:00\" \/>\n<meta property=\"og:image\" content=\"https:\/\/trevotech.com\/wp-content\/uploads\/2024\/10\/ALLISON_Caixas-de-Velocidade-para-Camioes.webp\" \/>\n\t<meta property=\"og:image:width\" content=\"1000\" \/>\n\t<meta property=\"og:image:height\" content=\"1000\" \/>\n\t<meta property=\"og:image:type\" content=\"image\/webp\" \/>\n<meta name=\"twitter:card\" content=\"summary_large_image\" \/>\n<meta name=\"twitter:label1\" content=\"Dur\u00e9e de lecture estim\u00e9e\" \/>\n\t<meta name=\"twitter:data1\" content=\"2 minutes\" \/>\n<script type=\"application\/ld+json\" class=\"yoast-schema-graph\">{\"@context\":\"https:\/\/schema.org\",\"@graph\":[{\"@type\":\"WebPage\",\"@id\":\"https:\/\/trevotech.com\/fr\/produto\/transmissions-automatiques-pour-camions\/\",\"url\":\"https:\/\/trevotech.com\/fr\/produto\/transmissions-automatiques-pour-camions\/\",\"name\":\"Transmissions Automatiques Pour Camions - Allison Transmission Trevotech Group\",\"isPartOf\":{\"@id\":\"https:\/\/trevotech.com\/fr\/#website\"},\"primaryImageOfPage\":{\"@id\":\"https:\/\/trevotech.com\/fr\/produto\/transmissions-automatiques-pour-camions\/#primaryimage\"},\"image\":{\"@id\":\"https:\/\/trevotech.com\/fr\/produto\/transmissions-automatiques-pour-camions\/#primaryimage\"},\"thumbnailUrl\":\"https:\/\/trevotech.com\/wp-content\/uploads\/2024\/10\/ALLISON_Caixas-de-Velocidade-para-Camioes.webp\",\"datePublished\":\"2024-10-16T10:50:25+00:00\",\"dateModified\":\"2025-08-04T16:28:56+00:00\",\"description\":\"Allison Transmission est l\u2019un des principaux fabricants de Transmissions Automatiques Pour Camions, y compris les camions...\",\"breadcrumb\":{\"@id\":\"https:\/\/trevotech.com\/fr\/produto\/transmissions-automatiques-pour-camions\/#breadcrumb\"},\"inLanguage\":\"fr-FR\",\"potentialAction\":[{\"@type\":\"ReadAction\",\"target\":[\"https:\/\/trevotech.com\/fr\/produto\/transmissions-automatiques-pour-camions\/\"]}]},{\"@type\":\"ImageObject\",\"inLanguage\":\"fr-FR\",\"@id\":\"https:\/\/trevotech.com\/fr\/produto\/transmissions-automatiques-pour-camions\/#primaryimage\",\"url\":\"https:\/\/trevotech.com\/wp-content\/uploads\/2024\/10\/ALLISON_Caixas-de-Velocidade-para-Camioes.webp\",\"contentUrl\":\"https:\/\/trevotech.com\/wp-content\/uploads\/2024\/10\/ALLISON_Caixas-de-Velocidade-para-Camioes.webp\",\"width\":1000,\"height\":1000,\"caption\":\"Caixas de Velocidade para Cami\u00f5es\"},{\"@type\":\"BreadcrumbList\",\"@id\":\"https:\/\/trevotech.com\/fr\/produto\/transmissions-automatiques-pour-camions\/#breadcrumb\",\"itemListElement\":[{\"@type\":\"ListItem\",\"position\":1,\"name\":\"In\u00edcio\",\"item\":\"https:\/\/trevotech.com\/fr\/\"},{\"@type\":\"ListItem\",\"position\":2,\"name\":\"Produits\",\"item\":\"https:\/\/trevotech.com\/fr\/shop\/\"},{\"@type\":\"ListItem\",\"position\":3,\"name\":\"Transmissions Automatiques Pour Camions\"}]},{\"@type\":\"WebSite\",\"@id\":\"https:\/\/trevotech.com\/fr\/#website\",\"url\":\"https:\/\/trevotech.com\/fr\/\",\"name\":\"Trevotech Group\",\"description\":\"\",\"potentialAction\":[{\"@type\":\"SearchAction\",\"target\":{\"@type\":\"EntryPoint\",\"urlTemplate\":\"https:\/\/trevotech.com\/fr\/?s={search_term_string}\"},\"query-input\":{\"@type\":\"PropertyValueSpecification\",\"valueRequired\":true,\"valueName\":\"search_term_string\"}}],\"inLanguage\":\"fr-FR\"}]}<\/script>\n<!-- \/ Yoast SEO plugin. -->","yoast_head_json":{"title":"Transmissions Automatiques Pour Camions - Allison Transmission Trevotech Group","description":"Allison Transmission est l\u2019un des principaux fabricants de Transmissions Automatiques Pour Camions, y compris les camions...","robots":{"index":"index","follow":"follow","max-snippet":"max-snippet:-1","max-image-preview":"max-image-preview:large","max-video-preview":"max-video-preview:-1"},"canonical":"https:\/\/trevotech.com\/fr\/produto\/transmissions-automatiques-pour-camions\/","og_locale":"fr_FR","og_type":"article","og_title":"Transmissions Automatiques Pour Camions - Allison Transmission Trevotech Group","og_description":"Allison Transmission est l\u2019un des principaux fabricants de Transmissions Automatiques Pour Camions, y compris les camions...","og_url":"https:\/\/trevotech.com\/fr\/produto\/transmissions-automatiques-pour-camions\/","og_site_name":"Trevotech Group","article_modified_time":"2025-08-04T16:28:56+00:00","og_image":[{"width":1000,"height":1000,"url":"https:\/\/trevotech.com\/wp-content\/uploads\/2024\/10\/ALLISON_Caixas-de-Velocidade-para-Camioes.webp","type":"image\/webp"}],"twitter_card":"summary_large_image","twitter_misc":{"Dur\u00e9e de lecture estim\u00e9e":"2 minutes"},"schema":{"@context":"https:\/\/schema.org","@graph":[{"@type":"WebPage","@id":"https:\/\/trevotech.com\/fr\/produto\/transmissions-automatiques-pour-camions\/","url":"https:\/\/trevotech.com\/fr\/produto\/transmissions-automatiques-pour-camions\/","name":"Transmissions Automatiques Pour Camions - Allison Transmission Trevotech Group","isPartOf":{"@id":"https:\/\/trevotech.com\/fr\/#website"},"primaryImageOfPage":{"@id":"https:\/\/trevotech.com\/fr\/produto\/transmissions-automatiques-pour-camions\/#primaryimage"},"image":{"@id":"https:\/\/trevotech.com\/fr\/produto\/transmissions-automatiques-pour-camions\/#primaryimage"},"thumbnailUrl":"https:\/\/trevotech.com\/wp-content\/uploads\/2024\/10\/ALLISON_Caixas-de-Velocidade-para-Camioes.webp","datePublished":"2024-10-16T10:50:25+00:00","dateModified":"2025-08-04T16:28:56+00:00","description":"Allison Transmission est l\u2019un des principaux fabricants de Transmissions Automatiques Pour Camions, y compris les camions...","breadcrumb":{"@id":"https:\/\/trevotech.com\/fr\/produto\/transmissions-automatiques-pour-camions\/#breadcrumb"},"inLanguage":"fr-FR","potentialAction":[{"@type":"ReadAction","target":["https:\/\/trevotech.com\/fr\/produto\/transmissions-automatiques-pour-camions\/"]}]},{"@type":"ImageObject","inLanguage":"fr-FR","@id":"https:\/\/trevotech.com\/fr\/produto\/transmissions-automatiques-pour-camions\/#primaryimage","url":"https:\/\/trevotech.com\/wp-content\/uploads\/2024\/10\/ALLISON_Caixas-de-Velocidade-para-Camioes.webp","contentUrl":"https:\/\/trevotech.com\/wp-content\/uploads\/2024\/10\/ALLISON_Caixas-de-Velocidade-para-Camioes.webp","width":1000,"height":1000,"caption":"Caixas de Velocidade para Cami\u00f5es"},{"@type":"BreadcrumbList","@id":"https:\/\/trevotech.com\/fr\/produto\/transmissions-automatiques-pour-camions\/#breadcrumb","itemListElement":[{"@type":"ListItem","position":1,"name":"In\u00edcio","item":"https:\/\/trevotech.com\/fr\/"},{"@type":"ListItem","position":2,"name":"Produits","item":"https:\/\/trevotech.com\/fr\/shop\/"},{"@type":"ListItem","position":3,"name":"Transmissions Automatiques Pour Camions"}]},{"@type":"WebSite","@id":"https:\/\/trevotech.com\/fr\/#website","url":"https:\/\/trevotech.com\/fr\/","name":"Trevotech Group","description":"","potentialAction":[{"@type":"SearchAction","target":{"@type":"EntryPoint","urlTemplate":"https:\/\/trevotech.com\/fr\/?s={search_term_string}"},"query-input":{"@type":"PropertyValueSpecification","valueRequired":true,"valueName":"search_term_string"}}],"inLanguage":"fr-FR"}]}},"_links":{"self":[{"href":"https:\/\/trevotech.com\/fr\/wp-json\/wp\/v2\/product\/3619","targetHints":{"allow":["GET"]}}],"collection":[{"href":"https:\/\/trevotech.com\/fr\/wp-json\/wp\/v2\/product"}],"about":[{"href":"https:\/\/trevotech.com\/fr\/wp-json\/wp\/v2\/types\/product"}],"replies":[{"embeddable":true,"href":"https:\/\/trevotech.com\/fr\/wp-json\/wp\/v2\/comments?post=3619"}],"wp:featuredmedia":[{"embeddable":true,"href":"https:\/\/trevotech.com\/fr\/wp-json\/wp\/v2\/media\/3620"}],"wp:attachment":[{"href":"https:\/\/trevotech.com\/fr\/wp-json\/wp\/v2\/media?parent=3619"}],"wp:term":[{"taxonomy":"product_brand","embeddable":true,"href":"https:\/\/trevotech.com\/fr\/wp-json\/wp\/v2\/product_brand?post=3619"},{"taxonomy":"product_cat","embeddable":true,"href":"https:\/\/trevotech.com\/fr\/wp-json\/wp\/v2\/product_cat?post=3619"},{"taxonomy":"product_tag","embeddable":true,"href":"https:\/\/trevotech.com\/fr\/wp-json\/wp\/v2\/product_tag?post=3619"}],"curies":[{"name":"wp","href":"https:\/\/api.w.org\/{rel}","templated":true}]}}