{"id":3622,"date":"2024-10-16T10:48:03","date_gmt":"2024-10-16T10:48:03","guid":{"rendered":"https:\/\/trevotech.com\/produto\/caixas-de-velocidade-para-autocarro\/"},"modified":"2025-08-04T16:30:39","modified_gmt":"2025-08-04T16:30:39","slug":"solutions-de-propulsion-pour-autobus-de-transport-urbain","status":"publish","type":"product","link":"https:\/\/trevotech.com\/fr\/produto\/solutions-de-propulsion-pour-autobus-de-transport-urbain\/","title":{"rendered":"Solutions de Propulsion Pour Autobus de Transport Urbain"},"content":{"rendered":"<p><span style=\"font-weight: 400;\">Allison Transmission propose une gamme de Solutions de Propulsion Pour Autobus de Transport Urbain, offrant des performances fiables et efficaces pour le transport urbain et interurbain.\u00a0<\/span><\/p>\n<p><span style=\"font-weight: 400;\">La S\u00e9rie 2000 est souvent utilis\u00e9e dans les autobus de capacit\u00e9 moyenne, offrant des changements de vitesses fluides et une grande durabilit\u00e9 pour les op\u00e9rations quotidiennes. Pour les autobus de plus grande taille, les S\u00e9ries 3000 et 4000 offrent une capacit\u00e9 de couple sup\u00e9rieure, ce qui les rend id\u00e9ales pour des applications intensives telles que les autobus urbains ou de tourisme. Ces transmissions sont con\u00e7ues pour r\u00e9pondre aux exigences du transport public, garantissant une meilleure efficacit\u00e9 \u00e9nerg\u00e9tique, une r\u00e9duction de la fatigue du conducteur et une disponibilit\u00e9 accrue des v\u00e9hicules. L\u2019engagement d\u2019Allison envers l\u2019innovation s\u2019\u00e9tend \u00e9galement aux syst\u00e8mes de propulsion hybrides et \u00e9lectriques, proposant des solutions \u00e9cologiques pour l\u2019avenir du transport en autobus.<\/span><\/p>\n<p><span style=\"font-weight: 400;\">Allison Transmission propose une gamme de Solutions de Propulsion Pour Autobus de Transport Urbain, offrant des performances fiables et efficaces pour le transport urbain et interurbain.\u00a0<\/span><\/p>\n<p><span style=\"font-weight: 400;\">La S\u00e9rie 2000 est souvent utilis\u00e9e dans les autobus de capacit\u00e9 moyenne, offrant des changements de vitesses fluides et une grande durabilit\u00e9 pour les op\u00e9rations quotidiennes. Pour les autobus de plus grande taille, les S\u00e9ries 3000 et 4000 offrent une capacit\u00e9 de couple sup\u00e9rieure, ce qui les rend id\u00e9ales pour des applications intensives telles que les autobus urbains ou de tourisme. Ces transmissions sont con\u00e7ues pour r\u00e9pondre aux exigences du transport public, garantissant une meilleure efficacit\u00e9 \u00e9nerg\u00e9tique, une r\u00e9duction de la fatigue du conducteur et une disponibilit\u00e9 accrue des v\u00e9hicules. L\u2019engagement d\u2019Allison envers l\u2019innovation s\u2019\u00e9tend \u00e9galement aux syst\u00e8mes de propulsion hybrides et \u00e9lectriques, proposant des solutions \u00e9cologiques pour l\u2019avenir du transport en autobus.<\/span><\/p>\n","protected":false},"excerpt":{"rendered":"<p><span style=\"font-weight: 400;\">Allison Transmission propose une gamme de Solutions de Propulsion Pour Autobus de Transport Urbain, offrant des performances fiables et efficaces pour le transport urbain et interurbain.\u00a0<\/span><\/p>\n<p><span style=\"font-weight: 400;\">La S\u00e9rie 2000 est souvent utilis\u00e9e dans les autobus de capacit\u00e9 moyenne, offrant des changements de vitesses fluides et une grande durabilit\u00e9 pour les op\u00e9rations quotidiennes. Pour les autobus de plus grande taille, les S\u00e9ries 3000 et 4000 offrent une capacit\u00e9 de couple sup\u00e9rieure, ce qui les rend id\u00e9ales pour des applications intensives telles que les autobus urbains ou de tourisme. Ces transmissions sont con\u00e7ues pour r\u00e9pondre aux exigences du transport public, garantissant une meilleure efficacit\u00e9 \u00e9nerg\u00e9tique, une r\u00e9duction de la fatigue du conducteur et une disponibilit\u00e9 accrue des v\u00e9hicules. L\u2019engagement d\u2019Allison envers l\u2019innovation s\u2019\u00e9tend \u00e9galement aux syst\u00e8mes de propulsion hybrides et \u00e9lectriques, proposant des solutions \u00e9cologiques pour l\u2019avenir du transport en autobus.<\/span><\/p>\n","protected":false},"featured_media":3623,"comment_status":"open","ping_status":"closed","template":"","meta":{"_acf_changed":false},"product_brand":[],"product_cat":[458],"product_tag":[],"class_list":{"0":"post-3622","1":"product","2":"type-product","3":"status-publish","4":"has-post-thumbnail","6":"product_cat-sem-categoria-fr","7":"setores-manutention","8":"setores-petrole-et-gaz","9":"marcas-allison-transmissions","10":"tipo_produto-solutions-de-propulsion-pour-autobus-de-transport-urbain","12":"first","13":"instock","14":"shipping-taxable","15":"product-type-simple"},"acf":[],"yoast_head":"<!-- This site is optimized with the Yoast SEO plugin v25.2 - https:\/\/yoast.com\/wordpress\/plugins\/seo\/ -->\n<title>Solutions de Propulsion Pour Autobus de Transport Urbain - Trevotech Group<\/title>\n<meta name=\"description\" content=\"Allison Transmission propose une gamme de Solutions de Propulsion Pour Autobus de Transport Urbain, offrant des performances...\" \/>\n<meta name=\"robots\" content=\"index, follow, max-snippet:-1, max-image-preview:large, max-video-preview:-1\" \/>\n<link rel=\"canonical\" href=\"https:\/\/trevotech.com\/fr\/produto\/solutions-de-propulsion-pour-autobus-de-transport-urbain\/\" \/>\n<meta property=\"og:locale\" content=\"fr_FR\" \/>\n<meta property=\"og:type\" content=\"article\" \/>\n<meta property=\"og:title\" content=\"Solutions de Propulsion Pour Autobus de Transport Urbain - Trevotech Group\" \/>\n<meta property=\"og:description\" content=\"Allison Transmission propose une gamme de Solutions de Propulsion Pour Autobus de Transport Urbain, offrant des performances...\" \/>\n<meta property=\"og:url\" content=\"https:\/\/trevotech.com\/fr\/produto\/solutions-de-propulsion-pour-autobus-de-transport-urbain\/\" \/>\n<meta property=\"og:site_name\" content=\"Trevotech Group\" \/>\n<meta property=\"article:modified_time\" content=\"2025-08-04T16:30:39+00:00\" \/>\n<meta property=\"og:image\" content=\"https:\/\/trevotech.com\/wp-content\/uploads\/2024\/10\/ALLISON_Caixas-de-Velocidade-para-Autocarros.webp\" \/>\n\t<meta property=\"og:image:width\" content=\"1000\" \/>\n\t<meta property=\"og:image:height\" content=\"1000\" \/>\n\t<meta property=\"og:image:type\" content=\"image\/webp\" \/>\n<meta name=\"twitter:card\" content=\"summary_large_image\" \/>\n<meta name=\"twitter:label1\" content=\"Dur\u00e9e de lecture estim\u00e9e\" \/>\n\t<meta name=\"twitter:data1\" content=\"2 minutes\" \/>\n<script type=\"application\/ld+json\" class=\"yoast-schema-graph\">{\"@context\":\"https:\/\/schema.org\",\"@graph\":[{\"@type\":\"WebPage\",\"@id\":\"https:\/\/trevotech.com\/fr\/produto\/solutions-de-propulsion-pour-autobus-de-transport-urbain\/\",\"url\":\"https:\/\/trevotech.com\/fr\/produto\/solutions-de-propulsion-pour-autobus-de-transport-urbain\/\",\"name\":\"Solutions de Propulsion Pour Autobus de Transport Urbain - Trevotech Group\",\"isPartOf\":{\"@id\":\"https:\/\/trevotech.com\/fr\/#website\"},\"primaryImageOfPage\":{\"@id\":\"https:\/\/trevotech.com\/fr\/produto\/solutions-de-propulsion-pour-autobus-de-transport-urbain\/#primaryimage\"},\"image\":{\"@id\":\"https:\/\/trevotech.com\/fr\/produto\/solutions-de-propulsion-pour-autobus-de-transport-urbain\/#primaryimage\"},\"thumbnailUrl\":\"https:\/\/trevotech.com\/wp-content\/uploads\/2024\/10\/ALLISON_Caixas-de-Velocidade-para-Autocarros.webp\",\"datePublished\":\"2024-10-16T10:48:03+00:00\",\"dateModified\":\"2025-08-04T16:30:39+00:00\",\"description\":\"Allison Transmission propose une gamme de Solutions de Propulsion Pour Autobus de Transport Urbain, offrant des performances...\",\"breadcrumb\":{\"@id\":\"https:\/\/trevotech.com\/fr\/produto\/solutions-de-propulsion-pour-autobus-de-transport-urbain\/#breadcrumb\"},\"inLanguage\":\"fr-FR\",\"potentialAction\":[{\"@type\":\"ReadAction\",\"target\":[\"https:\/\/trevotech.com\/fr\/produto\/solutions-de-propulsion-pour-autobus-de-transport-urbain\/\"]}]},{\"@type\":\"ImageObject\",\"inLanguage\":\"fr-FR\",\"@id\":\"https:\/\/trevotech.com\/fr\/produto\/solutions-de-propulsion-pour-autobus-de-transport-urbain\/#primaryimage\",\"url\":\"https:\/\/trevotech.com\/wp-content\/uploads\/2024\/10\/ALLISON_Caixas-de-Velocidade-para-Autocarros.webp\",\"contentUrl\":\"https:\/\/trevotech.com\/wp-content\/uploads\/2024\/10\/ALLISON_Caixas-de-Velocidade-para-Autocarros.webp\",\"width\":1000,\"height\":1000,\"caption\":\"Caixas de Velocidade para Autocarros\"},{\"@type\":\"BreadcrumbList\",\"@id\":\"https:\/\/trevotech.com\/fr\/produto\/solutions-de-propulsion-pour-autobus-de-transport-urbain\/#breadcrumb\",\"itemListElement\":[{\"@type\":\"ListItem\",\"position\":1,\"name\":\"In\u00edcio\",\"item\":\"https:\/\/trevotech.com\/fr\/\"},{\"@type\":\"ListItem\",\"position\":2,\"name\":\"Produits\",\"item\":\"https:\/\/trevotech.com\/fr\/shop\/\"},{\"@type\":\"ListItem\",\"position\":3,\"name\":\"Solutions de Propulsion Pour Autobus de Transport Urbain\"}]},{\"@type\":\"WebSite\",\"@id\":\"https:\/\/trevotech.com\/fr\/#website\",\"url\":\"https:\/\/trevotech.com\/fr\/\",\"name\":\"Trevotech Group\",\"description\":\"\",\"potentialAction\":[{\"@type\":\"SearchAction\",\"target\":{\"@type\":\"EntryPoint\",\"urlTemplate\":\"https:\/\/trevotech.com\/fr\/?s={search_term_string}\"},\"query-input\":{\"@type\":\"PropertyValueSpecification\",\"valueRequired\":true,\"valueName\":\"search_term_string\"}}],\"inLanguage\":\"fr-FR\"}]}<\/script>\n<!-- \/ Yoast SEO plugin. -->","yoast_head_json":{"title":"Solutions de Propulsion Pour Autobus de Transport Urbain - Trevotech Group","description":"Allison Transmission propose une gamme de Solutions de Propulsion Pour Autobus de Transport Urbain, offrant des performances...","robots":{"index":"index","follow":"follow","max-snippet":"max-snippet:-1","max-image-preview":"max-image-preview:large","max-video-preview":"max-video-preview:-1"},"canonical":"https:\/\/trevotech.com\/fr\/produto\/solutions-de-propulsion-pour-autobus-de-transport-urbain\/","og_locale":"fr_FR","og_type":"article","og_title":"Solutions de Propulsion Pour Autobus de Transport Urbain - Trevotech Group","og_description":"Allison Transmission propose une gamme de Solutions de Propulsion Pour Autobus de Transport Urbain, offrant des performances...","og_url":"https:\/\/trevotech.com\/fr\/produto\/solutions-de-propulsion-pour-autobus-de-transport-urbain\/","og_site_name":"Trevotech Group","article_modified_time":"2025-08-04T16:30:39+00:00","og_image":[{"width":1000,"height":1000,"url":"https:\/\/trevotech.com\/wp-content\/uploads\/2024\/10\/ALLISON_Caixas-de-Velocidade-para-Autocarros.webp","type":"image\/webp"}],"twitter_card":"summary_large_image","twitter_misc":{"Dur\u00e9e de lecture estim\u00e9e":"2 minutes"},"schema":{"@context":"https:\/\/schema.org","@graph":[{"@type":"WebPage","@id":"https:\/\/trevotech.com\/fr\/produto\/solutions-de-propulsion-pour-autobus-de-transport-urbain\/","url":"https:\/\/trevotech.com\/fr\/produto\/solutions-de-propulsion-pour-autobus-de-transport-urbain\/","name":"Solutions de Propulsion Pour Autobus de Transport Urbain - Trevotech Group","isPartOf":{"@id":"https:\/\/trevotech.com\/fr\/#website"},"primaryImageOfPage":{"@id":"https:\/\/trevotech.com\/fr\/produto\/solutions-de-propulsion-pour-autobus-de-transport-urbain\/#primaryimage"},"image":{"@id":"https:\/\/trevotech.com\/fr\/produto\/solutions-de-propulsion-pour-autobus-de-transport-urbain\/#primaryimage"},"thumbnailUrl":"https:\/\/trevotech.com\/wp-content\/uploads\/2024\/10\/ALLISON_Caixas-de-Velocidade-para-Autocarros.webp","datePublished":"2024-10-16T10:48:03+00:00","dateModified":"2025-08-04T16:30:39+00:00","description":"Allison Transmission propose une gamme de Solutions de Propulsion Pour Autobus de Transport Urbain, offrant des performances...","breadcrumb":{"@id":"https:\/\/trevotech.com\/fr\/produto\/solutions-de-propulsion-pour-autobus-de-transport-urbain\/#breadcrumb"},"inLanguage":"fr-FR","potentialAction":[{"@type":"ReadAction","target":["https:\/\/trevotech.com\/fr\/produto\/solutions-de-propulsion-pour-autobus-de-transport-urbain\/"]}]},{"@type":"ImageObject","inLanguage":"fr-FR","@id":"https:\/\/trevotech.com\/fr\/produto\/solutions-de-propulsion-pour-autobus-de-transport-urbain\/#primaryimage","url":"https:\/\/trevotech.com\/wp-content\/uploads\/2024\/10\/ALLISON_Caixas-de-Velocidade-para-Autocarros.webp","contentUrl":"https:\/\/trevotech.com\/wp-content\/uploads\/2024\/10\/ALLISON_Caixas-de-Velocidade-para-Autocarros.webp","width":1000,"height":1000,"caption":"Caixas de Velocidade para Autocarros"},{"@type":"BreadcrumbList","@id":"https:\/\/trevotech.com\/fr\/produto\/solutions-de-propulsion-pour-autobus-de-transport-urbain\/#breadcrumb","itemListElement":[{"@type":"ListItem","position":1,"name":"In\u00edcio","item":"https:\/\/trevotech.com\/fr\/"},{"@type":"ListItem","position":2,"name":"Produits","item":"https:\/\/trevotech.com\/fr\/shop\/"},{"@type":"ListItem","position":3,"name":"Solutions de Propulsion Pour Autobus de Transport Urbain"}]},{"@type":"WebSite","@id":"https:\/\/trevotech.com\/fr\/#website","url":"https:\/\/trevotech.com\/fr\/","name":"Trevotech Group","description":"","potentialAction":[{"@type":"SearchAction","target":{"@type":"EntryPoint","urlTemplate":"https:\/\/trevotech.com\/fr\/?s={search_term_string}"},"query-input":{"@type":"PropertyValueSpecification","valueRequired":true,"valueName":"search_term_string"}}],"inLanguage":"fr-FR"}]}},"_links":{"self":[{"href":"https:\/\/trevotech.com\/fr\/wp-json\/wp\/v2\/product\/3622","targetHints":{"allow":["GET"]}}],"collection":[{"href":"https:\/\/trevotech.com\/fr\/wp-json\/wp\/v2\/product"}],"about":[{"href":"https:\/\/trevotech.com\/fr\/wp-json\/wp\/v2\/types\/product"}],"replies":[{"embeddable":true,"href":"https:\/\/trevotech.com\/fr\/wp-json\/wp\/v2\/comments?post=3622"}],"wp:featuredmedia":[{"embeddable":true,"href":"https:\/\/trevotech.com\/fr\/wp-json\/wp\/v2\/media\/3623"}],"wp:attachment":[{"href":"https:\/\/trevotech.com\/fr\/wp-json\/wp\/v2\/media?parent=3622"}],"wp:term":[{"taxonomy":"product_brand","embeddable":true,"href":"https:\/\/trevotech.com\/fr\/wp-json\/wp\/v2\/product_brand?post=3622"},{"taxonomy":"product_cat","embeddable":true,"href":"https:\/\/trevotech.com\/fr\/wp-json\/wp\/v2\/product_cat?post=3622"},{"taxonomy":"product_tag","embeddable":true,"href":"https:\/\/trevotech.com\/fr\/wp-json\/wp\/v2\/product_tag?post=3622"}],"curies":[{"name":"wp","href":"https:\/\/api.w.org\/{rel}","templated":true}]}}