{"id":3630,"date":"2025-03-20T08:26:57","date_gmt":"2025-03-20T08:26:57","guid":{"rendered":"https:\/\/trevotech.com\/produto\/camioes-icv\/"},"modified":"2025-08-05T08:20:16","modified_gmt":"2025-08-05T08:20:16","slug":"camions-de-distribution-icv","status":"publish","type":"product","link":"https:\/\/trevotech.com\/fr\/produto\/camions-de-distribution-icv\/","title":{"rendered":"Camions de Distribution ICV"},"content":{"rendered":"<p><span style=\"font-weight: 400;\">Camions de Distribution ICV d&rsquo;Ashok Leyland a \u00e9t\u00e9 d\u00e9velopp\u00e9e pour offrir l&rsquo;\u00e9quilibre id\u00e9al entre puissance, performance et rentabilit\u00e9 pour les besoins de transport de charges moyennes. En t\u00eate de ce segment se trouve la s\u00e9rie BOSS, une plateforme haut de gamme con\u00e7ue pour offrir un plus grand confort au conducteur, une efficacit\u00e9 \u00e9nerg\u00e9tique et une capacit\u00e9 de charge \u00e9lev\u00e9e. Disponibles en variantes telles que le BOSS 1115, BOSS 1215 et BOSS 1415, ces camions sont \u00e9quip\u00e9s des moteurs avanc\u00e9s iGen6 BS6, offrant une meilleure autonomie et des co\u00fbts d&rsquo;entretien r\u00e9duits. Avec des capacit\u00e9s de charge comprises entre 7 et 10 tonnes et des options de carrosserie personnalisables, les ICV BOSS sont id\u00e9aux pour une large vari\u00e9t\u00e9 d&rsquo;applications \u2014 du commerce \u00e9lectronique et des produits de grande consommation (FMCG) aux mat\u00e9riaux de construction et biens industriels. La cabine ergonomique, la climatisation d&rsquo;usine et les faibles niveaux de bruit et de vibration garantissent le confort du conducteur et r\u00e9duisent la fatigue, faisant des ICV d&rsquo;Ashok Leyland un choix intelligent et fiable pour les entreprises de transport en croissance.<\/span><\/p>\n<p><span style=\"font-weight: 400;\">Camions de Distribution ICV d&rsquo;Ashok Leyland a \u00e9t\u00e9 d\u00e9velopp\u00e9e pour offrir l&rsquo;\u00e9quilibre id\u00e9al entre puissance, performance et rentabilit\u00e9 pour les besoins de transport de charges moyennes. En t\u00eate de ce segment se trouve la s\u00e9rie BOSS, une plateforme haut de gamme con\u00e7ue pour offrir un plus grand confort au conducteur, une efficacit\u00e9 \u00e9nerg\u00e9tique et une capacit\u00e9 de charge \u00e9lev\u00e9e. Disponibles en variantes telles que le BOSS 1115, BOSS 1215 et BOSS 1415, ces camions sont \u00e9quip\u00e9s des moteurs avanc\u00e9s iGen6 BS6, offrant une meilleure autonomie et des co\u00fbts d&rsquo;entretien r\u00e9duits. Avec des capacit\u00e9s de charge comprises entre 7 et 10 tonnes et des options de carrosserie personnalisables, les ICV BOSS sont id\u00e9aux pour une large vari\u00e9t\u00e9 d&rsquo;applications \u2014 du commerce \u00e9lectronique et des produits de grande consommation (FMCG) aux mat\u00e9riaux de construction et biens industriels. La cabine ergonomique, la climatisation d&rsquo;usine et les faibles niveaux de bruit et de vibration garantissent le confort du conducteur et r\u00e9duisent la fatigue, faisant des ICV d&rsquo;Ashok Leyland un choix intelligent et fiable pour les entreprises de transport en croissance.<\/span><\/p>\n","protected":false},"excerpt":{"rendered":"<p><span style=\"font-weight: 400;\">La gamme de Camions de Distribution ICV d&rsquo;Ashok Leyland a \u00e9t\u00e9 d\u00e9velopp\u00e9e pour offrir l&rsquo;\u00e9quilibre id\u00e9al entre puissance, performance et rentabilit\u00e9 pour les besoins de transport de charges moyennes. En t\u00eate de ce segment se trouve la s\u00e9rie BOSS, une plateforme haut de gamme con\u00e7ue pour offrir un plus grand confort au conducteur, une efficacit\u00e9 \u00e9nerg\u00e9tique et une capacit\u00e9 de charge \u00e9lev\u00e9e. Disponibles en variantes telles que le BOSS 1115, BOSS 1215 et BOSS 1415, ces camions sont \u00e9quip\u00e9s des moteurs avanc\u00e9s iGen6 BS6, offrant une meilleure autonomie et des co\u00fbts d&rsquo;entretien r\u00e9duits. Avec des capacit\u00e9s de charge comprises entre 7 et 10 tonnes et des options de carrosserie personnalisables, les ICV BOSS sont id\u00e9aux pour une large vari\u00e9t\u00e9 d&rsquo;applications \u2014 du commerce \u00e9lectronique et des produits de grande consommation (FMCG) aux mat\u00e9riaux de construction et biens industriels. La cabine ergonomique, la climatisation d&rsquo;usine et les faibles niveaux de bruit et de vibration garantissent le confort du conducteur et r\u00e9duisent la fatigue, faisant des ICV d&rsquo;Ashok Leyland un choix intelligent et fiable pour les entreprises de transport en croissance.<\/span><\/p>\n","protected":false},"featured_media":3631,"comment_status":"closed","ping_status":"closed","template":"","meta":{"_acf_changed":false},"product_brand":[],"product_cat":[458],"product_tag":[],"class_list":{"0":"post-3630","1":"product","2":"type-product","3":"status-publish","4":"has-post-thumbnail","6":"product_cat-sem-categoria-fr","7":"setores-construction-et-mines","8":"marcas-ashok-leyland","9":"tipo_produto-camions-de-distribution-icv","11":"first","12":"instock","13":"shipping-taxable","14":"product-type-simple"},"acf":[],"yoast_head":"<!-- This site is optimized with the Yoast SEO plugin v25.2 - https:\/\/yoast.com\/wordpress\/plugins\/seo\/ -->\n<title>Camions de Distribution ICV Ashok Leyland - Trevotech Group<\/title>\n<meta name=\"description\" content=\"La gamme de Camions de Distribution ICV d&#039;Ashok Leyland a \u00e9t\u00e9 d\u00e9velopp\u00e9e pour offrir l&#039;\u00e9quilibre id\u00e9al...\" \/>\n<meta name=\"robots\" content=\"index, follow, max-snippet:-1, max-image-preview:large, max-video-preview:-1\" \/>\n<link rel=\"canonical\" href=\"https:\/\/trevotech.com\/fr\/produto\/camions-de-distribution-icv\/\" \/>\n<meta property=\"og:locale\" content=\"fr_FR\" \/>\n<meta property=\"og:type\" content=\"article\" \/>\n<meta property=\"og:title\" content=\"Camions de Distribution ICV Ashok Leyland - Trevotech Group\" \/>\n<meta property=\"og:description\" content=\"La gamme de Camions de Distribution ICV d&#039;Ashok Leyland a \u00e9t\u00e9 d\u00e9velopp\u00e9e pour offrir l&#039;\u00e9quilibre id\u00e9al...\" \/>\n<meta property=\"og:url\" content=\"https:\/\/trevotech.com\/fr\/produto\/camions-de-distribution-icv\/\" \/>\n<meta property=\"og:site_name\" content=\"Trevotech Group\" \/>\n<meta property=\"article:modified_time\" content=\"2025-08-05T08:20:16+00:00\" \/>\n<meta property=\"og:image\" content=\"https:\/\/trevotech.com\/wp-content\/uploads\/2025\/03\/2025_-01.webp\" \/>\n\t<meta property=\"og:image:width\" content=\"1000\" \/>\n\t<meta property=\"og:image:height\" content=\"1000\" \/>\n\t<meta property=\"og:image:type\" content=\"image\/webp\" \/>\n<meta name=\"twitter:card\" content=\"summary_large_image\" \/>\n<meta name=\"twitter:label1\" content=\"Dur\u00e9e de lecture estim\u00e9e\" \/>\n\t<meta name=\"twitter:data1\" content=\"3 minutes\" \/>\n<script type=\"application\/ld+json\" class=\"yoast-schema-graph\">{\"@context\":\"https:\/\/schema.org\",\"@graph\":[{\"@type\":\"WebPage\",\"@id\":\"https:\/\/trevotech.com\/fr\/produto\/camions-de-distribution-icv\/\",\"url\":\"https:\/\/trevotech.com\/fr\/produto\/camions-de-distribution-icv\/\",\"name\":\"Camions de Distribution ICV Ashok Leyland - Trevotech Group\",\"isPartOf\":{\"@id\":\"https:\/\/trevotech.com\/fr\/#website\"},\"primaryImageOfPage\":{\"@id\":\"https:\/\/trevotech.com\/fr\/produto\/camions-de-distribution-icv\/#primaryimage\"},\"image\":{\"@id\":\"https:\/\/trevotech.com\/fr\/produto\/camions-de-distribution-icv\/#primaryimage\"},\"thumbnailUrl\":\"https:\/\/trevotech.com\/wp-content\/uploads\/2025\/03\/2025_-01.webp\",\"datePublished\":\"2025-03-20T08:26:57+00:00\",\"dateModified\":\"2025-08-05T08:20:16+00:00\",\"description\":\"La gamme de Camions de Distribution ICV d'Ashok Leyland a \u00e9t\u00e9 d\u00e9velopp\u00e9e pour offrir l'\u00e9quilibre id\u00e9al...\",\"breadcrumb\":{\"@id\":\"https:\/\/trevotech.com\/fr\/produto\/camions-de-distribution-icv\/#breadcrumb\"},\"inLanguage\":\"fr-FR\",\"potentialAction\":[{\"@type\":\"ReadAction\",\"target\":[\"https:\/\/trevotech.com\/fr\/produto\/camions-de-distribution-icv\/\"]}]},{\"@type\":\"ImageObject\",\"inLanguage\":\"fr-FR\",\"@id\":\"https:\/\/trevotech.com\/fr\/produto\/camions-de-distribution-icv\/#primaryimage\",\"url\":\"https:\/\/trevotech.com\/wp-content\/uploads\/2025\/03\/2025_-01.webp\",\"contentUrl\":\"https:\/\/trevotech.com\/wp-content\/uploads\/2025\/03\/2025_-01.webp\",\"width\":1000,\"height\":1000,\"caption\":\"Cami\u00f5es ICV\"},{\"@type\":\"BreadcrumbList\",\"@id\":\"https:\/\/trevotech.com\/fr\/produto\/camions-de-distribution-icv\/#breadcrumb\",\"itemListElement\":[{\"@type\":\"ListItem\",\"position\":1,\"name\":\"In\u00edcio\",\"item\":\"https:\/\/trevotech.com\/fr\/\"},{\"@type\":\"ListItem\",\"position\":2,\"name\":\"Produits\",\"item\":\"https:\/\/trevotech.com\/fr\/shop\/\"},{\"@type\":\"ListItem\",\"position\":3,\"name\":\"Camions de Distribution ICV\"}]},{\"@type\":\"WebSite\",\"@id\":\"https:\/\/trevotech.com\/fr\/#website\",\"url\":\"https:\/\/trevotech.com\/fr\/\",\"name\":\"Trevotech Group\",\"description\":\"\",\"potentialAction\":[{\"@type\":\"SearchAction\",\"target\":{\"@type\":\"EntryPoint\",\"urlTemplate\":\"https:\/\/trevotech.com\/fr\/?s={search_term_string}\"},\"query-input\":{\"@type\":\"PropertyValueSpecification\",\"valueRequired\":true,\"valueName\":\"search_term_string\"}}],\"inLanguage\":\"fr-FR\"}]}<\/script>\n<!-- \/ Yoast SEO plugin. -->","yoast_head_json":{"title":"Camions de Distribution ICV Ashok Leyland - Trevotech Group","description":"La gamme de Camions de Distribution ICV d'Ashok Leyland a \u00e9t\u00e9 d\u00e9velopp\u00e9e pour offrir l'\u00e9quilibre id\u00e9al...","robots":{"index":"index","follow":"follow","max-snippet":"max-snippet:-1","max-image-preview":"max-image-preview:large","max-video-preview":"max-video-preview:-1"},"canonical":"https:\/\/trevotech.com\/fr\/produto\/camions-de-distribution-icv\/","og_locale":"fr_FR","og_type":"article","og_title":"Camions de Distribution ICV Ashok Leyland - Trevotech Group","og_description":"La gamme de Camions de Distribution ICV d'Ashok Leyland a \u00e9t\u00e9 d\u00e9velopp\u00e9e pour offrir l'\u00e9quilibre id\u00e9al...","og_url":"https:\/\/trevotech.com\/fr\/produto\/camions-de-distribution-icv\/","og_site_name":"Trevotech Group","article_modified_time":"2025-08-05T08:20:16+00:00","og_image":[{"width":1000,"height":1000,"url":"https:\/\/trevotech.com\/wp-content\/uploads\/2025\/03\/2025_-01.webp","type":"image\/webp"}],"twitter_card":"summary_large_image","twitter_misc":{"Dur\u00e9e de lecture estim\u00e9e":"3 minutes"},"schema":{"@context":"https:\/\/schema.org","@graph":[{"@type":"WebPage","@id":"https:\/\/trevotech.com\/fr\/produto\/camions-de-distribution-icv\/","url":"https:\/\/trevotech.com\/fr\/produto\/camions-de-distribution-icv\/","name":"Camions de Distribution ICV Ashok Leyland - Trevotech Group","isPartOf":{"@id":"https:\/\/trevotech.com\/fr\/#website"},"primaryImageOfPage":{"@id":"https:\/\/trevotech.com\/fr\/produto\/camions-de-distribution-icv\/#primaryimage"},"image":{"@id":"https:\/\/trevotech.com\/fr\/produto\/camions-de-distribution-icv\/#primaryimage"},"thumbnailUrl":"https:\/\/trevotech.com\/wp-content\/uploads\/2025\/03\/2025_-01.webp","datePublished":"2025-03-20T08:26:57+00:00","dateModified":"2025-08-05T08:20:16+00:00","description":"La gamme de Camions de Distribution ICV d'Ashok Leyland a \u00e9t\u00e9 d\u00e9velopp\u00e9e pour offrir l'\u00e9quilibre id\u00e9al...","breadcrumb":{"@id":"https:\/\/trevotech.com\/fr\/produto\/camions-de-distribution-icv\/#breadcrumb"},"inLanguage":"fr-FR","potentialAction":[{"@type":"ReadAction","target":["https:\/\/trevotech.com\/fr\/produto\/camions-de-distribution-icv\/"]}]},{"@type":"ImageObject","inLanguage":"fr-FR","@id":"https:\/\/trevotech.com\/fr\/produto\/camions-de-distribution-icv\/#primaryimage","url":"https:\/\/trevotech.com\/wp-content\/uploads\/2025\/03\/2025_-01.webp","contentUrl":"https:\/\/trevotech.com\/wp-content\/uploads\/2025\/03\/2025_-01.webp","width":1000,"height":1000,"caption":"Cami\u00f5es ICV"},{"@type":"BreadcrumbList","@id":"https:\/\/trevotech.com\/fr\/produto\/camions-de-distribution-icv\/#breadcrumb","itemListElement":[{"@type":"ListItem","position":1,"name":"In\u00edcio","item":"https:\/\/trevotech.com\/fr\/"},{"@type":"ListItem","position":2,"name":"Produits","item":"https:\/\/trevotech.com\/fr\/shop\/"},{"@type":"ListItem","position":3,"name":"Camions de Distribution ICV"}]},{"@type":"WebSite","@id":"https:\/\/trevotech.com\/fr\/#website","url":"https:\/\/trevotech.com\/fr\/","name":"Trevotech Group","description":"","potentialAction":[{"@type":"SearchAction","target":{"@type":"EntryPoint","urlTemplate":"https:\/\/trevotech.com\/fr\/?s={search_term_string}"},"query-input":{"@type":"PropertyValueSpecification","valueRequired":true,"valueName":"search_term_string"}}],"inLanguage":"fr-FR"}]}},"_links":{"self":[{"href":"https:\/\/trevotech.com\/fr\/wp-json\/wp\/v2\/product\/3630","targetHints":{"allow":["GET"]}}],"collection":[{"href":"https:\/\/trevotech.com\/fr\/wp-json\/wp\/v2\/product"}],"about":[{"href":"https:\/\/trevotech.com\/fr\/wp-json\/wp\/v2\/types\/product"}],"replies":[{"embeddable":true,"href":"https:\/\/trevotech.com\/fr\/wp-json\/wp\/v2\/comments?post=3630"}],"wp:featuredmedia":[{"embeddable":true,"href":"https:\/\/trevotech.com\/fr\/wp-json\/wp\/v2\/media\/3631"}],"wp:attachment":[{"href":"https:\/\/trevotech.com\/fr\/wp-json\/wp\/v2\/media?parent=3630"}],"wp:term":[{"taxonomy":"product_brand","embeddable":true,"href":"https:\/\/trevotech.com\/fr\/wp-json\/wp\/v2\/product_brand?post=3630"},{"taxonomy":"product_cat","embeddable":true,"href":"https:\/\/trevotech.com\/fr\/wp-json\/wp\/v2\/product_cat?post=3630"},{"taxonomy":"product_tag","embeddable":true,"href":"https:\/\/trevotech.com\/fr\/wp-json\/wp\/v2\/product_tag?post=3630"}],"curies":[{"name":"wp","href":"https:\/\/api.w.org\/{rel}","templated":true}]}}