{"id":3633,"date":"2025-03-20T08:25:09","date_gmt":"2025-03-20T08:25:09","guid":{"rendered":"https:\/\/trevotech.com\/produto\/camioes-de-carga\/"},"modified":"2025-08-05T08:21:22","modified_gmt":"2025-08-05T08:21:22","slug":"camions-de-transport","status":"publish","type":"product","link":"https:\/\/trevotech.com\/fr\/produto\/camions-de-transport\/","title":{"rendered":"Camions de Transport"},"content":{"rendered":"<p><span style=\"font-weight: 400;\">La gamme de camions de transport d\u2019Ashok Leyland est con\u00e7ue pour offrir durabilit\u00e9, performance et rentabilit\u00e9 dans les op\u00e9rations de logistique \u00e0 grand volume. Le mod\u00e8le 6&#215;4 HB est une solution robuste pour les applications lourdes, id\u00e9ale pour le secteur du BTP, les mines et le transport industriel, gr\u00e2ce \u00e0 une excellente traction et fiabilit\u00e9. Pour les charges tr\u00e8s lourdes, le 10&#215;2 HB, avec un Poids Total Autoris\u00e9 en Charge (PTAC) de 48 tonnes, garantit une capacit\u00e9 de chargement maximale pour les trajets longue distance, tandis que le 8&#215;2 HB (PTAC : 35T) constitue une solution \u00e9quilibr\u00e9e pour les op\u00e9rations r\u00e9gionales. Les mod\u00e8les 6&#215;2 HB (PTAC : 26T\u201331T et 18T) sont parfaits pour la distribution de charges moyennes, telles que les biens de consommation, produits agricoles ou marchandises g\u00e9n\u00e9rales, combinant \u00e9conomie de carburant et grande disponibilit\u00e9 op\u00e9rationnelle. Tous les mod\u00e8les sont \u00e9quip\u00e9s de cha\u00eenes cin\u00e9matiques performantes, de ch\u00e2ssis renforc\u00e9s et b\u00e9n\u00e9ficient de l\u2019appui du r\u00e9seau de service r\u00e9put\u00e9 d\u2019Ashok Leyland.<\/span><\/p>\n<p><span style=\"font-weight: 400;\">La gamme de camions de transport d\u2019Ashok Leyland est con\u00e7ue pour offrir durabilit\u00e9, performance et rentabilit\u00e9 dans les op\u00e9rations de logistique \u00e0 grand volume. Le mod\u00e8le 6&#215;4 HB est une solution robuste pour les applications lourdes, id\u00e9ale pour le secteur du BTP, les mines et le transport industriel, gr\u00e2ce \u00e0 une excellente traction et fiabilit\u00e9. Pour les charges tr\u00e8s lourdes, le 10&#215;2 HB, avec un Poids Total Autoris\u00e9 en Charge (PTAC) de 48 tonnes, garantit une capacit\u00e9 de chargement maximale pour les trajets longue distance, tandis que le 8&#215;2 HB (PTAC : 35T) constitue une solution \u00e9quilibr\u00e9e pour les op\u00e9rations r\u00e9gionales. Les mod\u00e8les 6&#215;2 HB (PTAC : 26T\u201331T et 18T) sont parfaits pour la distribution de charges moyennes, telles que les biens de consommation, produits agricoles ou marchandises g\u00e9n\u00e9rales, combinant \u00e9conomie de carburant et grande disponibilit\u00e9 op\u00e9rationnelle. Tous les mod\u00e8les sont \u00e9quip\u00e9s de cha\u00eenes cin\u00e9matiques performantes, de ch\u00e2ssis renforc\u00e9s et b\u00e9n\u00e9ficient de l\u2019appui du r\u00e9seau de service r\u00e9put\u00e9 d\u2019Ashok Leyland.<\/span><\/p>\n","protected":false},"excerpt":{"rendered":"<p><span style=\"font-weight: 400;\">La gamme de camions de transport d\u2019Ashok Leyland est con\u00e7ue pour offrir durabilit\u00e9, performance et rentabilit\u00e9 dans les op\u00e9rations de logistique \u00e0 grand volume. Le mod\u00e8le 6&#215;4 HB est une solution robuste pour les applications lourdes, id\u00e9ale pour le secteur du BTP, les mines et le transport industriel, gr\u00e2ce \u00e0 une excellente traction et fiabilit\u00e9. Pour les charges tr\u00e8s lourdes, le 10&#215;2 HB, avec un Poids Total Autoris\u00e9 en Charge (PTAC) de 48 tonnes, garantit une capacit\u00e9 de chargement maximale pour les trajets longue distance, tandis que le 8&#215;2 HB (PTAC : 35T) constitue une solution \u00e9quilibr\u00e9e pour les op\u00e9rations r\u00e9gionales. Les mod\u00e8les 6&#215;2 HB (PTAC : 26T\u201331T et 18T) sont parfaits pour la distribution de charges moyennes, telles que les biens de consommation, produits agricoles ou marchandises g\u00e9n\u00e9rales, combinant \u00e9conomie de carburant et grande disponibilit\u00e9 op\u00e9rationnelle. Tous les mod\u00e8les sont \u00e9quip\u00e9s de cha\u00eenes cin\u00e9matiques performantes, de ch\u00e2ssis renforc\u00e9s et b\u00e9n\u00e9ficient de l\u2019appui du r\u00e9seau de service r\u00e9put\u00e9 d\u2019Ashok Leyland.<\/span><\/p>\n","protected":false},"featured_media":3634,"comment_status":"closed","ping_status":"closed","template":"","meta":{"_acf_changed":false},"product_brand":[],"product_cat":[458],"product_tag":[],"class_list":{"0":"post-3633","1":"product","2":"type-product","3":"status-publish","4":"has-post-thumbnail","6":"product_cat-sem-categoria-fr","7":"setores-construction-et-mines","8":"marcas-ashok-leyland","9":"tipo_produto-camions-de-transport","11":"first","12":"instock","13":"shipping-taxable","14":"product-type-simple"},"acf":[],"yoast_head":"<!-- This site is optimized with the Yoast SEO plugin v25.2 - https:\/\/yoast.com\/wordpress\/plugins\/seo\/ -->\n<title>Camions de Transport Ashok Leyland - Trevotech Group<\/title>\n<meta name=\"description\" content=\"La gamme de camions de transport d\u2019Ashok Leyland est con\u00e7ue pour offrir durabilit\u00e9, performance et rentabilit\u00e9 dans les op\u00e9rations de...\" \/>\n<meta name=\"robots\" content=\"index, follow, max-snippet:-1, max-image-preview:large, max-video-preview:-1\" \/>\n<link rel=\"canonical\" href=\"https:\/\/trevotech.com\/fr\/produto\/camions-de-transport\/\" \/>\n<meta property=\"og:locale\" content=\"fr_FR\" \/>\n<meta property=\"og:type\" content=\"article\" \/>\n<meta property=\"og:title\" content=\"Camions de Transport Ashok Leyland - Trevotech Group\" \/>\n<meta property=\"og:description\" content=\"La gamme de camions de transport d\u2019Ashok Leyland est con\u00e7ue pour offrir durabilit\u00e9, performance et rentabilit\u00e9 dans les op\u00e9rations de...\" \/>\n<meta property=\"og:url\" content=\"https:\/\/trevotech.com\/fr\/produto\/camions-de-transport\/\" \/>\n<meta property=\"og:site_name\" content=\"Trevotech Group\" \/>\n<meta property=\"article:modified_time\" content=\"2025-08-05T08:21:22+00:00\" \/>\n<meta property=\"og:image\" content=\"https:\/\/trevotech.com\/wp-content\/uploads\/2025\/03\/2025_-02.webp\" \/>\n\t<meta property=\"og:image:width\" content=\"1000\" \/>\n\t<meta property=\"og:image:height\" content=\"1000\" \/>\n\t<meta property=\"og:image:type\" content=\"image\/webp\" \/>\n<meta name=\"twitter:card\" content=\"summary_large_image\" \/>\n<meta name=\"twitter:label1\" content=\"Dur\u00e9e de lecture estim\u00e9e\" \/>\n\t<meta name=\"twitter:data1\" content=\"2 minutes\" \/>\n<script type=\"application\/ld+json\" class=\"yoast-schema-graph\">{\"@context\":\"https:\/\/schema.org\",\"@graph\":[{\"@type\":\"WebPage\",\"@id\":\"https:\/\/trevotech.com\/fr\/produto\/camions-de-transport\/\",\"url\":\"https:\/\/trevotech.com\/fr\/produto\/camions-de-transport\/\",\"name\":\"Camions de Transport Ashok Leyland - Trevotech Group\",\"isPartOf\":{\"@id\":\"https:\/\/trevotech.com\/fr\/#website\"},\"primaryImageOfPage\":{\"@id\":\"https:\/\/trevotech.com\/fr\/produto\/camions-de-transport\/#primaryimage\"},\"image\":{\"@id\":\"https:\/\/trevotech.com\/fr\/produto\/camions-de-transport\/#primaryimage\"},\"thumbnailUrl\":\"https:\/\/trevotech.com\/wp-content\/uploads\/2025\/03\/2025_-02.webp\",\"datePublished\":\"2025-03-20T08:25:09+00:00\",\"dateModified\":\"2025-08-05T08:21:22+00:00\",\"description\":\"La gamme de camions de transport d\u2019Ashok Leyland est con\u00e7ue pour offrir durabilit\u00e9, performance et rentabilit\u00e9 dans les op\u00e9rations de...\",\"breadcrumb\":{\"@id\":\"https:\/\/trevotech.com\/fr\/produto\/camions-de-transport\/#breadcrumb\"},\"inLanguage\":\"fr-FR\",\"potentialAction\":[{\"@type\":\"ReadAction\",\"target\":[\"https:\/\/trevotech.com\/fr\/produto\/camions-de-transport\/\"]}]},{\"@type\":\"ImageObject\",\"inLanguage\":\"fr-FR\",\"@id\":\"https:\/\/trevotech.com\/fr\/produto\/camions-de-transport\/#primaryimage\",\"url\":\"https:\/\/trevotech.com\/wp-content\/uploads\/2025\/03\/2025_-02.webp\",\"contentUrl\":\"https:\/\/trevotech.com\/wp-content\/uploads\/2025\/03\/2025_-02.webp\",\"width\":1000,\"height\":1000,\"caption\":\"Cami\u00f5es de Carga\"},{\"@type\":\"BreadcrumbList\",\"@id\":\"https:\/\/trevotech.com\/fr\/produto\/camions-de-transport\/#breadcrumb\",\"itemListElement\":[{\"@type\":\"ListItem\",\"position\":1,\"name\":\"In\u00edcio\",\"item\":\"https:\/\/trevotech.com\/fr\/\"},{\"@type\":\"ListItem\",\"position\":2,\"name\":\"Produits\",\"item\":\"https:\/\/trevotech.com\/fr\/shop\/\"},{\"@type\":\"ListItem\",\"position\":3,\"name\":\"Camions de Transport\"}]},{\"@type\":\"WebSite\",\"@id\":\"https:\/\/trevotech.com\/fr\/#website\",\"url\":\"https:\/\/trevotech.com\/fr\/\",\"name\":\"Trevotech Group\",\"description\":\"\",\"potentialAction\":[{\"@type\":\"SearchAction\",\"target\":{\"@type\":\"EntryPoint\",\"urlTemplate\":\"https:\/\/trevotech.com\/fr\/?s={search_term_string}\"},\"query-input\":{\"@type\":\"PropertyValueSpecification\",\"valueRequired\":true,\"valueName\":\"search_term_string\"}}],\"inLanguage\":\"fr-FR\"}]}<\/script>\n<!-- \/ Yoast SEO plugin. -->","yoast_head_json":{"title":"Camions de Transport Ashok Leyland - Trevotech Group","description":"La gamme de camions de transport d\u2019Ashok Leyland est con\u00e7ue pour offrir durabilit\u00e9, performance et rentabilit\u00e9 dans les op\u00e9rations de...","robots":{"index":"index","follow":"follow","max-snippet":"max-snippet:-1","max-image-preview":"max-image-preview:large","max-video-preview":"max-video-preview:-1"},"canonical":"https:\/\/trevotech.com\/fr\/produto\/camions-de-transport\/","og_locale":"fr_FR","og_type":"article","og_title":"Camions de Transport Ashok Leyland - Trevotech Group","og_description":"La gamme de camions de transport d\u2019Ashok Leyland est con\u00e7ue pour offrir durabilit\u00e9, performance et rentabilit\u00e9 dans les op\u00e9rations de...","og_url":"https:\/\/trevotech.com\/fr\/produto\/camions-de-transport\/","og_site_name":"Trevotech Group","article_modified_time":"2025-08-05T08:21:22+00:00","og_image":[{"width":1000,"height":1000,"url":"https:\/\/trevotech.com\/wp-content\/uploads\/2025\/03\/2025_-02.webp","type":"image\/webp"}],"twitter_card":"summary_large_image","twitter_misc":{"Dur\u00e9e de lecture estim\u00e9e":"2 minutes"},"schema":{"@context":"https:\/\/schema.org","@graph":[{"@type":"WebPage","@id":"https:\/\/trevotech.com\/fr\/produto\/camions-de-transport\/","url":"https:\/\/trevotech.com\/fr\/produto\/camions-de-transport\/","name":"Camions de Transport Ashok Leyland - Trevotech Group","isPartOf":{"@id":"https:\/\/trevotech.com\/fr\/#website"},"primaryImageOfPage":{"@id":"https:\/\/trevotech.com\/fr\/produto\/camions-de-transport\/#primaryimage"},"image":{"@id":"https:\/\/trevotech.com\/fr\/produto\/camions-de-transport\/#primaryimage"},"thumbnailUrl":"https:\/\/trevotech.com\/wp-content\/uploads\/2025\/03\/2025_-02.webp","datePublished":"2025-03-20T08:25:09+00:00","dateModified":"2025-08-05T08:21:22+00:00","description":"La gamme de camions de transport d\u2019Ashok Leyland est con\u00e7ue pour offrir durabilit\u00e9, performance et rentabilit\u00e9 dans les op\u00e9rations de...","breadcrumb":{"@id":"https:\/\/trevotech.com\/fr\/produto\/camions-de-transport\/#breadcrumb"},"inLanguage":"fr-FR","potentialAction":[{"@type":"ReadAction","target":["https:\/\/trevotech.com\/fr\/produto\/camions-de-transport\/"]}]},{"@type":"ImageObject","inLanguage":"fr-FR","@id":"https:\/\/trevotech.com\/fr\/produto\/camions-de-transport\/#primaryimage","url":"https:\/\/trevotech.com\/wp-content\/uploads\/2025\/03\/2025_-02.webp","contentUrl":"https:\/\/trevotech.com\/wp-content\/uploads\/2025\/03\/2025_-02.webp","width":1000,"height":1000,"caption":"Cami\u00f5es de Carga"},{"@type":"BreadcrumbList","@id":"https:\/\/trevotech.com\/fr\/produto\/camions-de-transport\/#breadcrumb","itemListElement":[{"@type":"ListItem","position":1,"name":"In\u00edcio","item":"https:\/\/trevotech.com\/fr\/"},{"@type":"ListItem","position":2,"name":"Produits","item":"https:\/\/trevotech.com\/fr\/shop\/"},{"@type":"ListItem","position":3,"name":"Camions de Transport"}]},{"@type":"WebSite","@id":"https:\/\/trevotech.com\/fr\/#website","url":"https:\/\/trevotech.com\/fr\/","name":"Trevotech Group","description":"","potentialAction":[{"@type":"SearchAction","target":{"@type":"EntryPoint","urlTemplate":"https:\/\/trevotech.com\/fr\/?s={search_term_string}"},"query-input":{"@type":"PropertyValueSpecification","valueRequired":true,"valueName":"search_term_string"}}],"inLanguage":"fr-FR"}]}},"_links":{"self":[{"href":"https:\/\/trevotech.com\/fr\/wp-json\/wp\/v2\/product\/3633","targetHints":{"allow":["GET"]}}],"collection":[{"href":"https:\/\/trevotech.com\/fr\/wp-json\/wp\/v2\/product"}],"about":[{"href":"https:\/\/trevotech.com\/fr\/wp-json\/wp\/v2\/types\/product"}],"replies":[{"embeddable":true,"href":"https:\/\/trevotech.com\/fr\/wp-json\/wp\/v2\/comments?post=3633"}],"wp:featuredmedia":[{"embeddable":true,"href":"https:\/\/trevotech.com\/fr\/wp-json\/wp\/v2\/media\/3634"}],"wp:attachment":[{"href":"https:\/\/trevotech.com\/fr\/wp-json\/wp\/v2\/media?parent=3633"}],"wp:term":[{"taxonomy":"product_brand","embeddable":true,"href":"https:\/\/trevotech.com\/fr\/wp-json\/wp\/v2\/product_brand?post=3633"},{"taxonomy":"product_cat","embeddable":true,"href":"https:\/\/trevotech.com\/fr\/wp-json\/wp\/v2\/product_cat?post=3633"},{"taxonomy":"product_tag","embeddable":true,"href":"https:\/\/trevotech.com\/fr\/wp-json\/wp\/v2\/product_tag?post=3633"}],"curies":[{"name":"wp","href":"https:\/\/api.w.org\/{rel}","templated":true}]}}