{"id":3635,"date":"2025-03-20T08:17:21","date_gmt":"2025-03-20T08:17:21","guid":{"rendered":"https:\/\/trevotech.com\/produto\/camioes-basculantes\/"},"modified":"2025-08-05T08:33:07","modified_gmt":"2025-08-05T08:33:07","slug":"camions-bennes","status":"publish","type":"product","link":"https:\/\/trevotech.com\/fr\/produto\/camions-bennes\/","title":{"rendered":"Camions-Bennes"},"content":{"rendered":"<p><span style=\"font-weight: 400;\">Lorsqu\u2019un chantier exige puissance, durabilit\u00e9 et efficacit\u00e9, les camions-bennes Ashok Leyland sont \u00e0 la hauteur. Des mod\u00e8les tels que le 2820 Tipper, 3520 Tipper et 4220 Tipper sont sp\u00e9cialement con\u00e7us pour relever les d\u00e9fis les plus exigeants des secteurs de la construction et de l\u2019exploitation mini\u00e8re.<\/span><\/p>\n<p><span style=\"font-weight: 400;\">Dot\u00e9s de moteurs haute performance des s\u00e9ries H et A, de suspensions bogie robustes et de configurations de caisse optimis\u00e9es, ces camions-bennes offrent une excellente efficacit\u00e9 \u00e9nerg\u00e9tique, une capacit\u00e9 de charge \u00e9lev\u00e9e et des performances fiables. Con\u00e7us pour r\u00e9duire les temps d\u2019arr\u00eat au minimum et faciliter l\u2019entretien, les bennes Ashok Leyland repr\u00e9sentent un investissement judicieux pour les entreprises qui recherchent puissance et fiabilit\u00e9 \u00e0 chaque chargement.<\/span><\/p>\n<p><span style=\"font-weight: 400;\">Lorsqu\u2019un chantier exige puissance, durabilit\u00e9 et efficacit\u00e9, les camions-bennes Ashok Leyland sont \u00e0 la hauteur. Des mod\u00e8les tels que le 2820 Tipper, 3520 Tipper et 4220 Tipper sont sp\u00e9cialement con\u00e7us pour relever les d\u00e9fis les plus exigeants des secteurs de la construction et de l\u2019exploitation mini\u00e8re.<\/span><\/p>\n<p><span style=\"font-weight: 400;\">Dot\u00e9s de moteurs haute performance des s\u00e9ries H et A, de suspensions bogie robustes et de configurations de caisse optimis\u00e9es, ces camions-bennes offrent une excellente efficacit\u00e9 \u00e9nerg\u00e9tique, une capacit\u00e9 de charge \u00e9lev\u00e9e et des performances fiables. Con\u00e7us pour r\u00e9duire les temps d\u2019arr\u00eat au minimum et faciliter l\u2019entretien, les bennes Ashok Leyland repr\u00e9sentent un investissement judicieux pour les entreprises qui recherchent puissance et fiabilit\u00e9 \u00e0 chaque chargement.<\/span><\/p>\n<p><span style=\"font-weight: 400;\">Dot\u00e9s de moteurs haute performance des s\u00e9ries H et A, de suspensions bogie robustes et de configurations de caisse optimis\u00e9es, ces camions-bennes offrent une excellente efficacit\u00e9 \u00e9nerg\u00e9tique, une capacit\u00e9 de charge \u00e9lev\u00e9e et des performances fiables. Con\u00e7us pour r\u00e9duire les temps d\u2019arr\u00eat au minimum et faciliter l\u2019entretien, les bennes Ashok Leyland repr\u00e9sentent un investissement judicieux pour les entreprises qui recherchent puissance et fiabilit\u00e9 \u00e0 chaque chargement.<\/span><\/p>\n","protected":false},"excerpt":{"rendered":"<p><span style=\"font-weight: 400;\">Lorsqu\u2019un chantier exige puissance, durabilit\u00e9 et efficacit\u00e9, les camions-bennes Ashok Leyland sont \u00e0 la hauteur. Des mod\u00e8les tels que le 2820 Tipper, 3520 Tipper et 4220 Tipper sont sp\u00e9cialement con\u00e7us pour relever les d\u00e9fis les plus exigeants des secteurs de la construction et de l\u2019exploitation mini\u00e8re.<\/span><\/p>\n<p><span style=\"font-weight: 400;\">Dot\u00e9s de moteurs haute performance des s\u00e9ries H et A, de suspensions bogie robustes et de configurations de caisse optimis\u00e9es, ces camions-bennes offrent une excellente efficacit\u00e9 \u00e9nerg\u00e9tique, une capacit\u00e9 de charge \u00e9lev\u00e9e et des performances fiables. Con\u00e7us pour r\u00e9duire les temps d\u2019arr\u00eat au minimum et faciliter l\u2019entretien, les bennes Ashok Leyland repr\u00e9sentent un investissement judicieux pour les entreprises qui recherchent puissance et fiabilit\u00e9 \u00e0 chaque chargement.<\/span><\/p>\n","protected":false},"featured_media":3636,"comment_status":"open","ping_status":"closed","template":"","meta":{"_acf_changed":false},"product_brand":[],"product_cat":[458],"product_tag":[],"class_list":{"0":"post-3635","1":"product","2":"type-product","3":"status-publish","4":"has-post-thumbnail","6":"product_cat-sem-categoria-fr","7":"setores-construction-et-mines","8":"setores-petrole-et-gaz","9":"setores-transport-et-logistique","10":"marcas-ashok-leyland","11":"tipo_produto-camions-bennes","13":"first","14":"instock","15":"shipping-taxable","16":"product-type-simple"},"acf":[],"yoast_head":"<!-- This site is optimized with the Yoast SEO plugin v25.2 - https:\/\/yoast.com\/wordpress\/plugins\/seo\/ -->\n<title>Camions-Bennes Ashok Leyland - Trevotech Group<\/title>\n<meta name=\"description\" content=\"Lorsqu\u2019un chantier exige puissance, durabilit\u00e9 et efficacit\u00e9, les camions-bennes Ashok Leyland sont \u00e0 la hauteur. Des mod\u00e8les....\" \/>\n<meta name=\"robots\" content=\"index, follow, max-snippet:-1, max-image-preview:large, max-video-preview:-1\" \/>\n<link rel=\"canonical\" href=\"https:\/\/trevotech.com\/fr\/produto\/camions-bennes\/\" \/>\n<meta property=\"og:locale\" content=\"fr_FR\" \/>\n<meta property=\"og:type\" content=\"article\" \/>\n<meta property=\"og:title\" content=\"Camions-Bennes Ashok Leyland - Trevotech Group\" \/>\n<meta property=\"og:description\" content=\"Lorsqu\u2019un chantier exige puissance, durabilit\u00e9 et efficacit\u00e9, les camions-bennes Ashok Leyland sont \u00e0 la hauteur. Des mod\u00e8les....\" \/>\n<meta property=\"og:url\" content=\"https:\/\/trevotech.com\/fr\/produto\/camions-bennes\/\" \/>\n<meta property=\"og:site_name\" content=\"Trevotech Group\" \/>\n<meta property=\"article:modified_time\" content=\"2025-08-05T08:33:07+00:00\" \/>\n<meta property=\"og:image\" content=\"https:\/\/trevotech.com\/wp-content\/uploads\/2024\/10\/ASHOK_Camioes-Basculantes.webp\" \/>\n\t<meta property=\"og:image:width\" content=\"1000\" \/>\n\t<meta property=\"og:image:height\" content=\"1000\" \/>\n\t<meta property=\"og:image:type\" content=\"image\/webp\" \/>\n<meta name=\"twitter:card\" content=\"summary_large_image\" \/>\n<meta name=\"twitter:label1\" content=\"Dur\u00e9e de lecture estim\u00e9e\" \/>\n\t<meta name=\"twitter:data1\" content=\"2 minutes\" \/>\n<script type=\"application\/ld+json\" class=\"yoast-schema-graph\">{\"@context\":\"https:\/\/schema.org\",\"@graph\":[{\"@type\":\"WebPage\",\"@id\":\"https:\/\/trevotech.com\/fr\/produto\/camions-bennes\/\",\"url\":\"https:\/\/trevotech.com\/fr\/produto\/camions-bennes\/\",\"name\":\"Camions-Bennes Ashok Leyland - Trevotech Group\",\"isPartOf\":{\"@id\":\"https:\/\/trevotech.com\/fr\/#website\"},\"primaryImageOfPage\":{\"@id\":\"https:\/\/trevotech.com\/fr\/produto\/camions-bennes\/#primaryimage\"},\"image\":{\"@id\":\"https:\/\/trevotech.com\/fr\/produto\/camions-bennes\/#primaryimage\"},\"thumbnailUrl\":\"https:\/\/trevotech.com\/wp-content\/uploads\/2024\/10\/ASHOK_Camioes-Basculantes.webp\",\"datePublished\":\"2025-03-20T08:17:21+00:00\",\"dateModified\":\"2025-08-05T08:33:07+00:00\",\"description\":\"Lorsqu\u2019un chantier exige puissance, durabilit\u00e9 et efficacit\u00e9, les camions-bennes Ashok Leyland sont \u00e0 la hauteur. Des mod\u00e8les....\",\"breadcrumb\":{\"@id\":\"https:\/\/trevotech.com\/fr\/produto\/camions-bennes\/#breadcrumb\"},\"inLanguage\":\"fr-FR\",\"potentialAction\":[{\"@type\":\"ReadAction\",\"target\":[\"https:\/\/trevotech.com\/fr\/produto\/camions-bennes\/\"]}]},{\"@type\":\"ImageObject\",\"inLanguage\":\"fr-FR\",\"@id\":\"https:\/\/trevotech.com\/fr\/produto\/camions-bennes\/#primaryimage\",\"url\":\"https:\/\/trevotech.com\/wp-content\/uploads\/2024\/10\/ASHOK_Camioes-Basculantes.webp\",\"contentUrl\":\"https:\/\/trevotech.com\/wp-content\/uploads\/2024\/10\/ASHOK_Camioes-Basculantes.webp\",\"width\":1000,\"height\":1000,\"caption\":\"Cami\u00f5es Basculantes\"},{\"@type\":\"BreadcrumbList\",\"@id\":\"https:\/\/trevotech.com\/fr\/produto\/camions-bennes\/#breadcrumb\",\"itemListElement\":[{\"@type\":\"ListItem\",\"position\":1,\"name\":\"In\u00edcio\",\"item\":\"https:\/\/trevotech.com\/fr\/\"},{\"@type\":\"ListItem\",\"position\":2,\"name\":\"Produits\",\"item\":\"https:\/\/trevotech.com\/fr\/shop\/\"},{\"@type\":\"ListItem\",\"position\":3,\"name\":\"Camions-Bennes\"}]},{\"@type\":\"WebSite\",\"@id\":\"https:\/\/trevotech.com\/fr\/#website\",\"url\":\"https:\/\/trevotech.com\/fr\/\",\"name\":\"Trevotech Group\",\"description\":\"\",\"potentialAction\":[{\"@type\":\"SearchAction\",\"target\":{\"@type\":\"EntryPoint\",\"urlTemplate\":\"https:\/\/trevotech.com\/fr\/?s={search_term_string}\"},\"query-input\":{\"@type\":\"PropertyValueSpecification\",\"valueRequired\":true,\"valueName\":\"search_term_string\"}}],\"inLanguage\":\"fr-FR\"}]}<\/script>\n<!-- \/ Yoast SEO plugin. -->","yoast_head_json":{"title":"Camions-Bennes Ashok Leyland - Trevotech Group","description":"Lorsqu\u2019un chantier exige puissance, durabilit\u00e9 et efficacit\u00e9, les camions-bennes Ashok Leyland sont \u00e0 la hauteur. Des mod\u00e8les....","robots":{"index":"index","follow":"follow","max-snippet":"max-snippet:-1","max-image-preview":"max-image-preview:large","max-video-preview":"max-video-preview:-1"},"canonical":"https:\/\/trevotech.com\/fr\/produto\/camions-bennes\/","og_locale":"fr_FR","og_type":"article","og_title":"Camions-Bennes Ashok Leyland - Trevotech Group","og_description":"Lorsqu\u2019un chantier exige puissance, durabilit\u00e9 et efficacit\u00e9, les camions-bennes Ashok Leyland sont \u00e0 la hauteur. Des mod\u00e8les....","og_url":"https:\/\/trevotech.com\/fr\/produto\/camions-bennes\/","og_site_name":"Trevotech Group","article_modified_time":"2025-08-05T08:33:07+00:00","og_image":[{"width":1000,"height":1000,"url":"https:\/\/trevotech.com\/wp-content\/uploads\/2024\/10\/ASHOK_Camioes-Basculantes.webp","type":"image\/webp"}],"twitter_card":"summary_large_image","twitter_misc":{"Dur\u00e9e de lecture estim\u00e9e":"2 minutes"},"schema":{"@context":"https:\/\/schema.org","@graph":[{"@type":"WebPage","@id":"https:\/\/trevotech.com\/fr\/produto\/camions-bennes\/","url":"https:\/\/trevotech.com\/fr\/produto\/camions-bennes\/","name":"Camions-Bennes Ashok Leyland - Trevotech Group","isPartOf":{"@id":"https:\/\/trevotech.com\/fr\/#website"},"primaryImageOfPage":{"@id":"https:\/\/trevotech.com\/fr\/produto\/camions-bennes\/#primaryimage"},"image":{"@id":"https:\/\/trevotech.com\/fr\/produto\/camions-bennes\/#primaryimage"},"thumbnailUrl":"https:\/\/trevotech.com\/wp-content\/uploads\/2024\/10\/ASHOK_Camioes-Basculantes.webp","datePublished":"2025-03-20T08:17:21+00:00","dateModified":"2025-08-05T08:33:07+00:00","description":"Lorsqu\u2019un chantier exige puissance, durabilit\u00e9 et efficacit\u00e9, les camions-bennes Ashok Leyland sont \u00e0 la hauteur. Des mod\u00e8les....","breadcrumb":{"@id":"https:\/\/trevotech.com\/fr\/produto\/camions-bennes\/#breadcrumb"},"inLanguage":"fr-FR","potentialAction":[{"@type":"ReadAction","target":["https:\/\/trevotech.com\/fr\/produto\/camions-bennes\/"]}]},{"@type":"ImageObject","inLanguage":"fr-FR","@id":"https:\/\/trevotech.com\/fr\/produto\/camions-bennes\/#primaryimage","url":"https:\/\/trevotech.com\/wp-content\/uploads\/2024\/10\/ASHOK_Camioes-Basculantes.webp","contentUrl":"https:\/\/trevotech.com\/wp-content\/uploads\/2024\/10\/ASHOK_Camioes-Basculantes.webp","width":1000,"height":1000,"caption":"Cami\u00f5es Basculantes"},{"@type":"BreadcrumbList","@id":"https:\/\/trevotech.com\/fr\/produto\/camions-bennes\/#breadcrumb","itemListElement":[{"@type":"ListItem","position":1,"name":"In\u00edcio","item":"https:\/\/trevotech.com\/fr\/"},{"@type":"ListItem","position":2,"name":"Produits","item":"https:\/\/trevotech.com\/fr\/shop\/"},{"@type":"ListItem","position":3,"name":"Camions-Bennes"}]},{"@type":"WebSite","@id":"https:\/\/trevotech.com\/fr\/#website","url":"https:\/\/trevotech.com\/fr\/","name":"Trevotech Group","description":"","potentialAction":[{"@type":"SearchAction","target":{"@type":"EntryPoint","urlTemplate":"https:\/\/trevotech.com\/fr\/?s={search_term_string}"},"query-input":{"@type":"PropertyValueSpecification","valueRequired":true,"valueName":"search_term_string"}}],"inLanguage":"fr-FR"}]}},"_links":{"self":[{"href":"https:\/\/trevotech.com\/fr\/wp-json\/wp\/v2\/product\/3635","targetHints":{"allow":["GET"]}}],"collection":[{"href":"https:\/\/trevotech.com\/fr\/wp-json\/wp\/v2\/product"}],"about":[{"href":"https:\/\/trevotech.com\/fr\/wp-json\/wp\/v2\/types\/product"}],"replies":[{"embeddable":true,"href":"https:\/\/trevotech.com\/fr\/wp-json\/wp\/v2\/comments?post=3635"}],"wp:featuredmedia":[{"embeddable":true,"href":"https:\/\/trevotech.com\/fr\/wp-json\/wp\/v2\/media\/3636"}],"wp:attachment":[{"href":"https:\/\/trevotech.com\/fr\/wp-json\/wp\/v2\/media?parent=3635"}],"wp:term":[{"taxonomy":"product_brand","embeddable":true,"href":"https:\/\/trevotech.com\/fr\/wp-json\/wp\/v2\/product_brand?post=3635"},{"taxonomy":"product_cat","embeddable":true,"href":"https:\/\/trevotech.com\/fr\/wp-json\/wp\/v2\/product_cat?post=3635"},{"taxonomy":"product_tag","embeddable":true,"href":"https:\/\/trevotech.com\/fr\/wp-json\/wp\/v2\/product_tag?post=3635"}],"curies":[{"name":"wp","href":"https:\/\/api.w.org\/{rel}","templated":true}]}}