{"id":3638,"date":"2025-03-20T08:19:56","date_gmt":"2025-03-20T08:19:56","guid":{"rendered":"https:\/\/trevotech.com\/produto\/betoneiras-transitarias\/"},"modified":"2025-08-05T08:29:24","modified_gmt":"2025-08-05T08:29:24","slug":"camions-malaxeurs","status":"publish","type":"product","link":"https:\/\/trevotech.com\/fr\/produto\/camions-malaxeurs\/","title":{"rendered":"Camions Malaxeurs"},"content":{"rendered":"<p><span style=\"font-weight: 400;\">Lorsqu&rsquo;il s&rsquo;agit de transporter du b\u00e9ton de mani\u00e8re fiable et efficace, les camions malaxeurs Ashok Leyland sont con\u00e7us pour garantir des performances constantes sur chaque chantier. Avec des ch\u00e2ssis robustes et des moteurs de la s\u00e9rie H \u00e0 haute efficacit\u00e9 \u00e9nerg\u00e9tique, des mod\u00e8les tels que le 2820 Tipper en version malaxeur offrent la combinaison id\u00e9ale de puissance, capacit\u00e9 de charge et stabilit\u00e9 du tambour. Avec une excellente maniabilit\u00e9, des syst\u00e8mes de suspension durables et une r\u00e9partition optimis\u00e9e du poids, ces malaxeurs assurent une livraison continue de b\u00e9ton, m\u00eame dans les environnements de construction les plus exigeants. Soutenus par le r\u00e9seau d&rsquo;assistance fiable d&rsquo;Ashok Leyland, ils repr\u00e9sentent la solution id\u00e9ale pour les entreprises de construction souhaitant augmenter leur productivit\u00e9 et r\u00e9duire les temps d&rsquo;arr\u00eat.<\/span><\/p>\n<p><span style=\"font-weight: 400;\">Lorsqu&rsquo;il s&rsquo;agit de transporter du b\u00e9ton de mani\u00e8re fiable et efficace, les camions malaxeurs Ashok Leyland sont con\u00e7us pour garantir des performances constantes sur chaque chantier. Avec des ch\u00e2ssis robustes et des moteurs de la s\u00e9rie H \u00e0 haute efficacit\u00e9 \u00e9nerg\u00e9tique, des mod\u00e8les tels que le 2820 Tipper en version malaxeur offrent la combinaison id\u00e9ale de puissance, capacit\u00e9 de charge et stabilit\u00e9 du tambour. Avec une excellente maniabilit\u00e9, des syst\u00e8mes de suspension durables et une r\u00e9partition optimis\u00e9e du poids, ces malaxeurs assurent une livraison continue de b\u00e9ton, m\u00eame dans les environnements de construction les plus exigeants. Soutenus par le r\u00e9seau d&rsquo;assistance fiable d&rsquo;Ashok Leyland, ils repr\u00e9sentent la solution id\u00e9ale pour les entreprises de construction souhaitant augmenter leur productivit\u00e9 et r\u00e9duire les temps d&rsquo;arr\u00eat.<\/span><\/p>\n<p><span style=\"font-weight: 400;\">Lorsqu\u2019il s\u2019agit d\u2019un transport de b\u00e9ton fiable et efficace, les camions malaxeurs Ashok Leyland sont con\u00e7us pour offrir des performances constantes sur chaque chantier. Dot\u00e9s de ch\u00e2ssis robustes et propuls\u00e9s par les moteurs \u00e9conomiques de la s\u00e9rie H, des mod\u00e8les comme le 2820 Tipper en version malaxeur offrent un \u00e9quilibre parfait entre puissance, capacit\u00e9 de charge et stabilit\u00e9 de la cuve. Gr\u00e2ce \u00e0 une excellente maniabilit\u00e9, des suspensions durables et une r\u00e9partition optimis\u00e9e du poids, ces v\u00e9hicules assurent une livraison fluide du b\u00e9ton, m\u00eame dans les environnements de construction les plus difficiles. Soutenus par le r\u00e9seau de service r\u00e9put\u00e9 d\u2019Ashok Leyland, ils repr\u00e9sentent la solution id\u00e9ale pour les entreprises du BTP souhaitant am\u00e9liorer leur productivit\u00e9 tout en r\u00e9duisant les temps d\u2019arr\u00eat.<\/span><\/p>\n","protected":false},"excerpt":{"rendered":"<p><span style=\"font-weight: 400;\">Lorsqu&rsquo;il s&rsquo;agit de transporter du b\u00e9ton de mani\u00e8re fiable et efficace, les camions malaxeurs Ashok Leyland sont con\u00e7us pour garantir des performances constantes sur chaque chantier. Avec des ch\u00e2ssis robustes et des moteurs de la s\u00e9rie H \u00e0 haute efficacit\u00e9 \u00e9nerg\u00e9tique, des mod\u00e8les tels que le 2820 Tipper en version malaxeur offrent la combinaison id\u00e9ale de puissance, capacit\u00e9 de charge et stabilit\u00e9 du tambour. Avec une excellente maniabilit\u00e9, des syst\u00e8mes de suspension durables et une r\u00e9partition optimis\u00e9e du poids, ces malaxeurs assurent une livraison continue de b\u00e9ton, m\u00eame dans les environnements de construction les plus exigeants. Soutenus par le r\u00e9seau d&rsquo;assistance fiable d&rsquo;Ashok Leyland, ils repr\u00e9sentent la solution id\u00e9ale pour les entreprises de construction souhaitant augmenter leur productivit\u00e9 et r\u00e9duire les temps d&rsquo;arr\u00eat.<\/span><\/p>\n","protected":false},"featured_media":3639,"comment_status":"closed","ping_status":"closed","template":"","meta":{"_acf_changed":false},"product_brand":[],"product_cat":[458],"product_tag":[],"class_list":{"0":"post-3638","1":"product","2":"type-product","3":"status-publish","4":"has-post-thumbnail","6":"product_cat-sem-categoria-fr","7":"setores-construction-et-mines","8":"marcas-ashok-leyland","9":"tipo_produto-camions-malaxeurs","11":"first","12":"instock","13":"shipping-taxable","14":"product-type-simple"},"acf":[],"yoast_head":"<!-- This site is optimized with the Yoast SEO plugin v25.2 - https:\/\/yoast.com\/wordpress\/plugins\/seo\/ -->\n<title>Camions Malaxeurs da Ashok Leyland - Trevotech Group<\/title>\n<meta name=\"description\" content=\"Lorsqu&#039;il s&#039;agit de transporter du b\u00e9ton de mani\u00e8re fiable et efficace, les camions malaxeurs Ashok Leyland sont con\u00e7us pour...\" \/>\n<meta name=\"robots\" content=\"index, follow, max-snippet:-1, max-image-preview:large, max-video-preview:-1\" \/>\n<link rel=\"canonical\" href=\"https:\/\/trevotech.com\/fr\/produto\/camions-malaxeurs\/\" \/>\n<meta property=\"og:locale\" content=\"fr_FR\" \/>\n<meta property=\"og:type\" content=\"article\" \/>\n<meta property=\"og:title\" content=\"Camions Malaxeurs da Ashok Leyland - Trevotech Group\" \/>\n<meta property=\"og:description\" content=\"Lorsqu&#039;il s&#039;agit de transporter du b\u00e9ton de mani\u00e8re fiable et efficace, les camions malaxeurs Ashok Leyland sont con\u00e7us pour...\" \/>\n<meta property=\"og:url\" content=\"https:\/\/trevotech.com\/fr\/produto\/camions-malaxeurs\/\" \/>\n<meta property=\"og:site_name\" content=\"Trevotech Group\" \/>\n<meta property=\"article:modified_time\" content=\"2025-08-05T08:29:24+00:00\" \/>\n<meta property=\"og:image\" content=\"https:\/\/trevotech.com\/wp-content\/uploads\/2025\/03\/Website_content_export_v2-01.webp\" \/>\n\t<meta property=\"og:image:width\" content=\"1000\" \/>\n\t<meta property=\"og:image:height\" content=\"1000\" \/>\n\t<meta property=\"og:image:type\" content=\"image\/webp\" \/>\n<meta name=\"twitter:card\" content=\"summary_large_image\" \/>\n<meta name=\"twitter:label1\" content=\"Dur\u00e9e de lecture estim\u00e9e\" \/>\n\t<meta name=\"twitter:data1\" content=\"3 minutes\" \/>\n<script type=\"application\/ld+json\" class=\"yoast-schema-graph\">{\"@context\":\"https:\/\/schema.org\",\"@graph\":[{\"@type\":\"WebPage\",\"@id\":\"https:\/\/trevotech.com\/fr\/produto\/camions-malaxeurs\/\",\"url\":\"https:\/\/trevotech.com\/fr\/produto\/camions-malaxeurs\/\",\"name\":\"Camions Malaxeurs da Ashok Leyland - Trevotech Group\",\"isPartOf\":{\"@id\":\"https:\/\/trevotech.com\/fr\/#website\"},\"primaryImageOfPage\":{\"@id\":\"https:\/\/trevotech.com\/fr\/produto\/camions-malaxeurs\/#primaryimage\"},\"image\":{\"@id\":\"https:\/\/trevotech.com\/fr\/produto\/camions-malaxeurs\/#primaryimage\"},\"thumbnailUrl\":\"https:\/\/trevotech.com\/wp-content\/uploads\/2025\/03\/Website_content_export_v2-01.webp\",\"datePublished\":\"2025-03-20T08:19:56+00:00\",\"dateModified\":\"2025-08-05T08:29:24+00:00\",\"description\":\"Lorsqu'il s'agit de transporter du b\u00e9ton de mani\u00e8re fiable et efficace, les camions malaxeurs Ashok Leyland sont con\u00e7us pour...\",\"breadcrumb\":{\"@id\":\"https:\/\/trevotech.com\/fr\/produto\/camions-malaxeurs\/#breadcrumb\"},\"inLanguage\":\"fr-FR\",\"potentialAction\":[{\"@type\":\"ReadAction\",\"target\":[\"https:\/\/trevotech.com\/fr\/produto\/camions-malaxeurs\/\"]}]},{\"@type\":\"ImageObject\",\"inLanguage\":\"fr-FR\",\"@id\":\"https:\/\/trevotech.com\/fr\/produto\/camions-malaxeurs\/#primaryimage\",\"url\":\"https:\/\/trevotech.com\/wp-content\/uploads\/2025\/03\/Website_content_export_v2-01.webp\",\"contentUrl\":\"https:\/\/trevotech.com\/wp-content\/uploads\/2025\/03\/Website_content_export_v2-01.webp\",\"width\":1000,\"height\":1000,\"caption\":\"Betoneiras Transit\u00e1rias\"},{\"@type\":\"BreadcrumbList\",\"@id\":\"https:\/\/trevotech.com\/fr\/produto\/camions-malaxeurs\/#breadcrumb\",\"itemListElement\":[{\"@type\":\"ListItem\",\"position\":1,\"name\":\"In\u00edcio\",\"item\":\"https:\/\/trevotech.com\/fr\/\"},{\"@type\":\"ListItem\",\"position\":2,\"name\":\"Produits\",\"item\":\"https:\/\/trevotech.com\/fr\/shop\/\"},{\"@type\":\"ListItem\",\"position\":3,\"name\":\"Camions Malaxeurs\"}]},{\"@type\":\"WebSite\",\"@id\":\"https:\/\/trevotech.com\/fr\/#website\",\"url\":\"https:\/\/trevotech.com\/fr\/\",\"name\":\"Trevotech Group\",\"description\":\"\",\"potentialAction\":[{\"@type\":\"SearchAction\",\"target\":{\"@type\":\"EntryPoint\",\"urlTemplate\":\"https:\/\/trevotech.com\/fr\/?s={search_term_string}\"},\"query-input\":{\"@type\":\"PropertyValueSpecification\",\"valueRequired\":true,\"valueName\":\"search_term_string\"}}],\"inLanguage\":\"fr-FR\"}]}<\/script>\n<!-- \/ Yoast SEO plugin. -->","yoast_head_json":{"title":"Camions Malaxeurs da Ashok Leyland - Trevotech Group","description":"Lorsqu'il s'agit de transporter du b\u00e9ton de mani\u00e8re fiable et efficace, les camions malaxeurs Ashok Leyland sont con\u00e7us pour...","robots":{"index":"index","follow":"follow","max-snippet":"max-snippet:-1","max-image-preview":"max-image-preview:large","max-video-preview":"max-video-preview:-1"},"canonical":"https:\/\/trevotech.com\/fr\/produto\/camions-malaxeurs\/","og_locale":"fr_FR","og_type":"article","og_title":"Camions Malaxeurs da Ashok Leyland - Trevotech Group","og_description":"Lorsqu'il s'agit de transporter du b\u00e9ton de mani\u00e8re fiable et efficace, les camions malaxeurs Ashok Leyland sont con\u00e7us pour...","og_url":"https:\/\/trevotech.com\/fr\/produto\/camions-malaxeurs\/","og_site_name":"Trevotech Group","article_modified_time":"2025-08-05T08:29:24+00:00","og_image":[{"width":1000,"height":1000,"url":"https:\/\/trevotech.com\/wp-content\/uploads\/2025\/03\/Website_content_export_v2-01.webp","type":"image\/webp"}],"twitter_card":"summary_large_image","twitter_misc":{"Dur\u00e9e de lecture estim\u00e9e":"3 minutes"},"schema":{"@context":"https:\/\/schema.org","@graph":[{"@type":"WebPage","@id":"https:\/\/trevotech.com\/fr\/produto\/camions-malaxeurs\/","url":"https:\/\/trevotech.com\/fr\/produto\/camions-malaxeurs\/","name":"Camions Malaxeurs da Ashok Leyland - Trevotech Group","isPartOf":{"@id":"https:\/\/trevotech.com\/fr\/#website"},"primaryImageOfPage":{"@id":"https:\/\/trevotech.com\/fr\/produto\/camions-malaxeurs\/#primaryimage"},"image":{"@id":"https:\/\/trevotech.com\/fr\/produto\/camions-malaxeurs\/#primaryimage"},"thumbnailUrl":"https:\/\/trevotech.com\/wp-content\/uploads\/2025\/03\/Website_content_export_v2-01.webp","datePublished":"2025-03-20T08:19:56+00:00","dateModified":"2025-08-05T08:29:24+00:00","description":"Lorsqu'il s'agit de transporter du b\u00e9ton de mani\u00e8re fiable et efficace, les camions malaxeurs Ashok Leyland sont con\u00e7us pour...","breadcrumb":{"@id":"https:\/\/trevotech.com\/fr\/produto\/camions-malaxeurs\/#breadcrumb"},"inLanguage":"fr-FR","potentialAction":[{"@type":"ReadAction","target":["https:\/\/trevotech.com\/fr\/produto\/camions-malaxeurs\/"]}]},{"@type":"ImageObject","inLanguage":"fr-FR","@id":"https:\/\/trevotech.com\/fr\/produto\/camions-malaxeurs\/#primaryimage","url":"https:\/\/trevotech.com\/wp-content\/uploads\/2025\/03\/Website_content_export_v2-01.webp","contentUrl":"https:\/\/trevotech.com\/wp-content\/uploads\/2025\/03\/Website_content_export_v2-01.webp","width":1000,"height":1000,"caption":"Betoneiras Transit\u00e1rias"},{"@type":"BreadcrumbList","@id":"https:\/\/trevotech.com\/fr\/produto\/camions-malaxeurs\/#breadcrumb","itemListElement":[{"@type":"ListItem","position":1,"name":"In\u00edcio","item":"https:\/\/trevotech.com\/fr\/"},{"@type":"ListItem","position":2,"name":"Produits","item":"https:\/\/trevotech.com\/fr\/shop\/"},{"@type":"ListItem","position":3,"name":"Camions Malaxeurs"}]},{"@type":"WebSite","@id":"https:\/\/trevotech.com\/fr\/#website","url":"https:\/\/trevotech.com\/fr\/","name":"Trevotech Group","description":"","potentialAction":[{"@type":"SearchAction","target":{"@type":"EntryPoint","urlTemplate":"https:\/\/trevotech.com\/fr\/?s={search_term_string}"},"query-input":{"@type":"PropertyValueSpecification","valueRequired":true,"valueName":"search_term_string"}}],"inLanguage":"fr-FR"}]}},"_links":{"self":[{"href":"https:\/\/trevotech.com\/fr\/wp-json\/wp\/v2\/product\/3638","targetHints":{"allow":["GET"]}}],"collection":[{"href":"https:\/\/trevotech.com\/fr\/wp-json\/wp\/v2\/product"}],"about":[{"href":"https:\/\/trevotech.com\/fr\/wp-json\/wp\/v2\/types\/product"}],"replies":[{"embeddable":true,"href":"https:\/\/trevotech.com\/fr\/wp-json\/wp\/v2\/comments?post=3638"}],"wp:featuredmedia":[{"embeddable":true,"href":"https:\/\/trevotech.com\/fr\/wp-json\/wp\/v2\/media\/3639"}],"wp:attachment":[{"href":"https:\/\/trevotech.com\/fr\/wp-json\/wp\/v2\/media?parent=3638"}],"wp:term":[{"taxonomy":"product_brand","embeddable":true,"href":"https:\/\/trevotech.com\/fr\/wp-json\/wp\/v2\/product_brand?post=3638"},{"taxonomy":"product_cat","embeddable":true,"href":"https:\/\/trevotech.com\/fr\/wp-json\/wp\/v2\/product_cat?post=3638"},{"taxonomy":"product_tag","embeddable":true,"href":"https:\/\/trevotech.com\/fr\/wp-json\/wp\/v2\/product_tag?post=3638"}],"curies":[{"name":"wp","href":"https:\/\/api.w.org\/{rel}","templated":true}]}}