{"id":3640,"date":"2025-03-20T08:19:13","date_gmt":"2025-03-20T08:19:13","guid":{"rendered":"https:\/\/trevotech.com\/produto\/camioes-tractores-2\/"},"modified":"2025-08-05T08:30:40","modified_gmt":"2025-08-05T08:30:40","slug":"tracteur-routier","status":"publish","type":"product","link":"https:\/\/trevotech.com\/fr\/produto\/tracteur-routier\/","title":{"rendered":"Tracteur Routier"},"content":{"rendered":"<p><span style=\"font-weight: 400;\">La gamme de tracteur routier Ashok Leyland est con\u00e7ue pour le transport longue distance \u00e0 haute performance, offrant polyvalence et puissance pour les charges lourdes et la logistique de conteneurs. Le tracteur 6&#215;4, associ\u00e9 \u00e0 une remorque \u00e0 3 essieux, est id\u00e9al pour les op\u00e9rations intensives, garantissant stabilit\u00e9 et capacit\u00e9 de charge \u00e9lev\u00e9e pour des secteurs comme le BTP, l\u2019\u00e9nergie ou le fret intermodal. Pour des op\u00e9rations plus \u00e9quilibr\u00e9es, le tracteur 4&#215;2 peut \u00eatre combin\u00e9 avec des remorques \u00e0 3 ou 2 essieux, offrant des configurations adaptables pour le transport de conteneurs, la logistique r\u00e9gionale ou les trajets transfrontaliers. Ces v\u00e9hicules se distinguent par leur faible consommation, leur facilit\u00e9 d\u2019entretien et leur confort de conduite \u2014 un choix fiable pour les gestionnaires de flotte soucieux d\u2019optimiser la performance et de r\u00e9duire les co\u00fbts d\u2019exploitation.<\/span><\/p>\n<p><span style=\"font-weight: 400;\">La gamme de tracteur routier Ashok Leyland est con\u00e7ue pour le transport longue distance \u00e0 haute performance, offrant polyvalence et puissance pour les charges lourdes et la logistique de conteneurs. Le tracteur 6&#215;4, associ\u00e9 \u00e0 une remorque \u00e0 3 essieux, est id\u00e9al pour les op\u00e9rations intensives, garantissant stabilit\u00e9 et capacit\u00e9 de charge \u00e9lev\u00e9e pour des secteurs comme le BTP, l\u2019\u00e9nergie ou le fret intermodal. Pour des op\u00e9rations plus \u00e9quilibr\u00e9es, le tracteur 4&#215;2 peut \u00eatre combin\u00e9 avec des remorques \u00e0 3 ou 2 essieux, offrant des configurations adaptables pour le transport de conteneurs, la logistique r\u00e9gionale ou les trajets transfrontaliers. Ces v\u00e9hicules se distinguent par leur faible consommation, leur facilit\u00e9 d\u2019entretien et leur confort de conduite \u2014 un choix fiable pour les gestionnaires de flotte soucieux d\u2019optimiser la performance et de r\u00e9duire les co\u00fbts d\u2019exploitation.<\/span><\/p>\n","protected":false},"excerpt":{"rendered":"<p><span style=\"font-weight: 400;\">La gamme de tracteurs routiers Ashok Leyland est con\u00e7ue pour le transport longue distance \u00e0 haute performance, offrant polyvalence et puissance pour les charges lourdes et la logistique de conteneurs. Le tracteur 6&#215;4, associ\u00e9 \u00e0 une remorque \u00e0 3 essieux, est id\u00e9al pour les op\u00e9rations intensives, garantissant stabilit\u00e9 et capacit\u00e9 de charge \u00e9lev\u00e9e pour des secteurs comme le BTP, l\u2019\u00e9nergie ou le fret intermodal. Pour des op\u00e9rations plus \u00e9quilibr\u00e9es, le tracteur 4&#215;2 peut \u00eatre combin\u00e9 avec des remorques \u00e0 3 ou 2 essieux, offrant des configurations adaptables pour le transport de conteneurs, la logistique r\u00e9gionale ou les trajets transfrontaliers. Ces v\u00e9hicules se distinguent par leur faible consommation, leur facilit\u00e9 d\u2019entretien et leur confort de conduite \u2014 un choix fiable pour les gestionnaires de flotte soucieux d\u2019optimiser la performance et de r\u00e9duire les co\u00fbts d\u2019exploitation.<\/span><\/p>\n","protected":false},"featured_media":3641,"comment_status":"closed","ping_status":"closed","template":"","meta":{"_acf_changed":false},"product_brand":[],"product_cat":[458],"product_tag":[],"class_list":{"0":"post-3640","1":"product","2":"type-product","3":"status-publish","4":"has-post-thumbnail","6":"product_cat-sem-categoria-fr","7":"setores-construction-et-mines","8":"marcas-ashok-leyland","9":"tipo_produto-tracteur-routier","11":"first","12":"instock","13":"shipping-taxable","14":"product-type-simple"},"acf":[],"yoast_head":"<!-- This site is optimized with the Yoast SEO plugin v25.2 - https:\/\/yoast.com\/wordpress\/plugins\/seo\/ -->\n<title>Tracteur Routier da Ashok Leyland - Trevotech Group<\/title>\n<meta name=\"description\" content=\"La gamme de tracteur routier Ashok Leyland est con\u00e7ue pour le transport longue distance \u00e0 haute performance, offrant polyvalence...\" \/>\n<meta name=\"robots\" content=\"index, follow, max-snippet:-1, max-image-preview:large, max-video-preview:-1\" \/>\n<link rel=\"canonical\" href=\"https:\/\/trevotech.com\/fr\/produto\/tracteur-routier\/\" \/>\n<meta property=\"og:locale\" content=\"fr_FR\" \/>\n<meta property=\"og:type\" content=\"article\" \/>\n<meta property=\"og:title\" content=\"Tracteur Routier da Ashok Leyland - Trevotech Group\" \/>\n<meta property=\"og:description\" content=\"La gamme de tracteur routier Ashok Leyland est con\u00e7ue pour le transport longue distance \u00e0 haute performance, offrant polyvalence...\" \/>\n<meta property=\"og:url\" content=\"https:\/\/trevotech.com\/fr\/produto\/tracteur-routier\/\" \/>\n<meta property=\"og:site_name\" content=\"Trevotech Group\" \/>\n<meta property=\"article:modified_time\" content=\"2025-08-05T08:30:40+00:00\" \/>\n<meta property=\"og:image\" content=\"https:\/\/trevotech.com\/wp-content\/uploads\/2025\/03\/2025_B_-01.webp\" \/>\n\t<meta property=\"og:image:width\" content=\"1000\" \/>\n\t<meta property=\"og:image:height\" content=\"1000\" \/>\n\t<meta property=\"og:image:type\" content=\"image\/webp\" \/>\n<meta name=\"twitter:card\" content=\"summary_large_image\" \/>\n<meta name=\"twitter:label1\" content=\"Dur\u00e9e de lecture estim\u00e9e\" \/>\n\t<meta name=\"twitter:data1\" content=\"2 minutes\" \/>\n<script type=\"application\/ld+json\" class=\"yoast-schema-graph\">{\"@context\":\"https:\/\/schema.org\",\"@graph\":[{\"@type\":\"WebPage\",\"@id\":\"https:\/\/trevotech.com\/fr\/produto\/tracteur-routier\/\",\"url\":\"https:\/\/trevotech.com\/fr\/produto\/tracteur-routier\/\",\"name\":\"Tracteur Routier da Ashok Leyland - Trevotech Group\",\"isPartOf\":{\"@id\":\"https:\/\/trevotech.com\/fr\/#website\"},\"primaryImageOfPage\":{\"@id\":\"https:\/\/trevotech.com\/fr\/produto\/tracteur-routier\/#primaryimage\"},\"image\":{\"@id\":\"https:\/\/trevotech.com\/fr\/produto\/tracteur-routier\/#primaryimage\"},\"thumbnailUrl\":\"https:\/\/trevotech.com\/wp-content\/uploads\/2025\/03\/2025_B_-01.webp\",\"datePublished\":\"2025-03-20T08:19:13+00:00\",\"dateModified\":\"2025-08-05T08:30:40+00:00\",\"description\":\"La gamme de tracteur routier Ashok Leyland est con\u00e7ue pour le transport longue distance \u00e0 haute performance, offrant polyvalence...\",\"breadcrumb\":{\"@id\":\"https:\/\/trevotech.com\/fr\/produto\/tracteur-routier\/#breadcrumb\"},\"inLanguage\":\"fr-FR\",\"potentialAction\":[{\"@type\":\"ReadAction\",\"target\":[\"https:\/\/trevotech.com\/fr\/produto\/tracteur-routier\/\"]}]},{\"@type\":\"ImageObject\",\"inLanguage\":\"fr-FR\",\"@id\":\"https:\/\/trevotech.com\/fr\/produto\/tracteur-routier\/#primaryimage\",\"url\":\"https:\/\/trevotech.com\/wp-content\/uploads\/2025\/03\/2025_B_-01.webp\",\"contentUrl\":\"https:\/\/trevotech.com\/wp-content\/uploads\/2025\/03\/2025_B_-01.webp\",\"width\":1000,\"height\":1000,\"caption\":\"Cami\u00f5es Tractores\"},{\"@type\":\"BreadcrumbList\",\"@id\":\"https:\/\/trevotech.com\/fr\/produto\/tracteur-routier\/#breadcrumb\",\"itemListElement\":[{\"@type\":\"ListItem\",\"position\":1,\"name\":\"In\u00edcio\",\"item\":\"https:\/\/trevotech.com\/fr\/\"},{\"@type\":\"ListItem\",\"position\":2,\"name\":\"Produits\",\"item\":\"https:\/\/trevotech.com\/fr\/shop\/\"},{\"@type\":\"ListItem\",\"position\":3,\"name\":\"Tracteur Routier\"}]},{\"@type\":\"WebSite\",\"@id\":\"https:\/\/trevotech.com\/fr\/#website\",\"url\":\"https:\/\/trevotech.com\/fr\/\",\"name\":\"Trevotech Group\",\"description\":\"\",\"potentialAction\":[{\"@type\":\"SearchAction\",\"target\":{\"@type\":\"EntryPoint\",\"urlTemplate\":\"https:\/\/trevotech.com\/fr\/?s={search_term_string}\"},\"query-input\":{\"@type\":\"PropertyValueSpecification\",\"valueRequired\":true,\"valueName\":\"search_term_string\"}}],\"inLanguage\":\"fr-FR\"}]}<\/script>\n<!-- \/ Yoast SEO plugin. -->","yoast_head_json":{"title":"Tracteur Routier da Ashok Leyland - Trevotech Group","description":"La gamme de tracteur routier Ashok Leyland est con\u00e7ue pour le transport longue distance \u00e0 haute performance, offrant polyvalence...","robots":{"index":"index","follow":"follow","max-snippet":"max-snippet:-1","max-image-preview":"max-image-preview:large","max-video-preview":"max-video-preview:-1"},"canonical":"https:\/\/trevotech.com\/fr\/produto\/tracteur-routier\/","og_locale":"fr_FR","og_type":"article","og_title":"Tracteur Routier da Ashok Leyland - Trevotech Group","og_description":"La gamme de tracteur routier Ashok Leyland est con\u00e7ue pour le transport longue distance \u00e0 haute performance, offrant polyvalence...","og_url":"https:\/\/trevotech.com\/fr\/produto\/tracteur-routier\/","og_site_name":"Trevotech Group","article_modified_time":"2025-08-05T08:30:40+00:00","og_image":[{"width":1000,"height":1000,"url":"https:\/\/trevotech.com\/wp-content\/uploads\/2025\/03\/2025_B_-01.webp","type":"image\/webp"}],"twitter_card":"summary_large_image","twitter_misc":{"Dur\u00e9e de lecture estim\u00e9e":"2 minutes"},"schema":{"@context":"https:\/\/schema.org","@graph":[{"@type":"WebPage","@id":"https:\/\/trevotech.com\/fr\/produto\/tracteur-routier\/","url":"https:\/\/trevotech.com\/fr\/produto\/tracteur-routier\/","name":"Tracteur Routier da Ashok Leyland - Trevotech Group","isPartOf":{"@id":"https:\/\/trevotech.com\/fr\/#website"},"primaryImageOfPage":{"@id":"https:\/\/trevotech.com\/fr\/produto\/tracteur-routier\/#primaryimage"},"image":{"@id":"https:\/\/trevotech.com\/fr\/produto\/tracteur-routier\/#primaryimage"},"thumbnailUrl":"https:\/\/trevotech.com\/wp-content\/uploads\/2025\/03\/2025_B_-01.webp","datePublished":"2025-03-20T08:19:13+00:00","dateModified":"2025-08-05T08:30:40+00:00","description":"La gamme de tracteur routier Ashok Leyland est con\u00e7ue pour le transport longue distance \u00e0 haute performance, offrant polyvalence...","breadcrumb":{"@id":"https:\/\/trevotech.com\/fr\/produto\/tracteur-routier\/#breadcrumb"},"inLanguage":"fr-FR","potentialAction":[{"@type":"ReadAction","target":["https:\/\/trevotech.com\/fr\/produto\/tracteur-routier\/"]}]},{"@type":"ImageObject","inLanguage":"fr-FR","@id":"https:\/\/trevotech.com\/fr\/produto\/tracteur-routier\/#primaryimage","url":"https:\/\/trevotech.com\/wp-content\/uploads\/2025\/03\/2025_B_-01.webp","contentUrl":"https:\/\/trevotech.com\/wp-content\/uploads\/2025\/03\/2025_B_-01.webp","width":1000,"height":1000,"caption":"Cami\u00f5es Tractores"},{"@type":"BreadcrumbList","@id":"https:\/\/trevotech.com\/fr\/produto\/tracteur-routier\/#breadcrumb","itemListElement":[{"@type":"ListItem","position":1,"name":"In\u00edcio","item":"https:\/\/trevotech.com\/fr\/"},{"@type":"ListItem","position":2,"name":"Produits","item":"https:\/\/trevotech.com\/fr\/shop\/"},{"@type":"ListItem","position":3,"name":"Tracteur Routier"}]},{"@type":"WebSite","@id":"https:\/\/trevotech.com\/fr\/#website","url":"https:\/\/trevotech.com\/fr\/","name":"Trevotech Group","description":"","potentialAction":[{"@type":"SearchAction","target":{"@type":"EntryPoint","urlTemplate":"https:\/\/trevotech.com\/fr\/?s={search_term_string}"},"query-input":{"@type":"PropertyValueSpecification","valueRequired":true,"valueName":"search_term_string"}}],"inLanguage":"fr-FR"}]}},"_links":{"self":[{"href":"https:\/\/trevotech.com\/fr\/wp-json\/wp\/v2\/product\/3640","targetHints":{"allow":["GET"]}}],"collection":[{"href":"https:\/\/trevotech.com\/fr\/wp-json\/wp\/v2\/product"}],"about":[{"href":"https:\/\/trevotech.com\/fr\/wp-json\/wp\/v2\/types\/product"}],"replies":[{"embeddable":true,"href":"https:\/\/trevotech.com\/fr\/wp-json\/wp\/v2\/comments?post=3640"}],"wp:featuredmedia":[{"embeddable":true,"href":"https:\/\/trevotech.com\/fr\/wp-json\/wp\/v2\/media\/3641"}],"wp:attachment":[{"href":"https:\/\/trevotech.com\/fr\/wp-json\/wp\/v2\/media?parent=3640"}],"wp:term":[{"taxonomy":"product_brand","embeddable":true,"href":"https:\/\/trevotech.com\/fr\/wp-json\/wp\/v2\/product_brand?post=3640"},{"taxonomy":"product_cat","embeddable":true,"href":"https:\/\/trevotech.com\/fr\/wp-json\/wp\/v2\/product_cat?post=3640"},{"taxonomy":"product_tag","embeddable":true,"href":"https:\/\/trevotech.com\/fr\/wp-json\/wp\/v2\/product_tag?post=3640"}],"curies":[{"name":"wp","href":"https:\/\/api.w.org\/{rel}","templated":true}]}}