{"id":3642,"date":"2025-03-20T08:22:28","date_gmt":"2025-03-20T08:22:28","guid":{"rendered":"https:\/\/trevotech.com\/produto\/carrinhas-comerciais-svg\/"},"modified":"2025-08-05T08:23:12","modified_gmt":"2025-08-05T08:23:12","slug":"vehicules-utilitaires-legers-scv","status":"publish","type":"product","link":"https:\/\/trevotech.com\/fr\/produto\/vehicules-utilitaires-legers-scv\/","title":{"rendered":"V\u00e9hicules Utilitaires L\u00e9gers (SCV)"},"content":{"rendered":"<p><span style=\"font-weight: 400;\">Fiables, polyvalents et \u00e9conomes en carburant, les v\u00e9hicules utilitaires l\u00e9gers d\u2019Ashok Leyland sont la solution id\u00e9ale pour le transport de marchandises l\u00e9g\u00e8res en milieu urbain et interurbain.<\/span><\/p>\n<p><span style=\"font-weight: 400;\">Des mod\u00e8les comme le DOST CNG, DOST LiTE, DOST STRONG et le PARTNER 4 TYRES sont con\u00e7us pour offrir un \u00e9quilibre parfait entre capacit\u00e9 de charge, confort de conduite et efficacit\u00e9 op\u00e9rationnelle. Dot\u00e9s de moteurs haute performance, de ch\u00e2ssis renforc\u00e9s et de designs compacts, ces v\u00e9hicules garantissent des livraisons fluides et ponctuelles, m\u00eame sur des routes \u00e9troites ou difficiles.<\/span><\/p>\n<p><span style=\"font-weight: 400;\">Leurs cabines ergonomiques et leur maniabilit\u00e9 exceptionnelle en font des alli\u00e9s parfaits pour la logistique, les livraisons du dernier kilom\u00e8tre et les petites entreprises. Soutenue par la r\u00e9putation de fiabilit\u00e9 d\u2019Ashok Leyland, la gamme SCV constitue un choix strat\u00e9gique pour les entreprises souhaitant am\u00e9liorer leur productivit\u00e9 tout en ma\u00eetrisant leurs co\u00fbts d\u2019exploitation.<\/span><\/p>\n<p><span style=\"font-weight: 400;\">Fiables, polyvalents et \u00e9conomes en carburant, les v\u00e9hicules utilitaires l\u00e9gers d\u2019Ashok Leyland sont la solution id\u00e9ale pour le transport de marchandises l\u00e9g\u00e8res en milieu urbain et interurbain.<\/span><\/p>\n<p><span style=\"font-weight: 400;\">Des mod\u00e8les comme le DOST CNG, DOST LiTE, DOST STRONG et le PARTNER 4 TYRES sont con\u00e7us pour offrir un \u00e9quilibre parfait entre capacit\u00e9 de charge, confort de conduite et efficacit\u00e9 op\u00e9rationnelle. Dot\u00e9s de moteurs haute performance, de ch\u00e2ssis renforc\u00e9s et de designs compacts, ces v\u00e9hicules garantissent des livraisons fluides et ponctuelles, m\u00eame sur des routes \u00e9troites ou difficiles.<\/span><\/p>\n<p><span style=\"font-weight: 400;\">Leurs cabines ergonomiques et leur maniabilit\u00e9 exceptionnelle en font des alli\u00e9s parfaits pour la logistique, les livraisons du dernier kilom\u00e8tre et les petites entreprises. Soutenue par la r\u00e9putation de fiabilit\u00e9 d\u2019Ashok Leyland, la gamme SCV constitue un choix strat\u00e9gique pour les entreprises souhaitant am\u00e9liorer leur productivit\u00e9 tout en ma\u00eetrisant leurs co\u00fbts d\u2019exploitation.<\/span><\/p>\n","protected":false},"excerpt":{"rendered":"<p><span style=\"font-weight: 400;\">Robustes, polyvalentes et \u00e0 faible consommation de carburant, les fourgonnettes commerciales SVG d&rsquo;Ashok Leyland sont la solution id\u00e9ale pour le transport l\u00e9ger de marchandises en milieux urbains et interurbains. Des mod\u00e8les tels que le DOST CNG, DOST LiTE, DOST STRONG et le PARTNER 4 TYRE ont \u00e9t\u00e9 d\u00e9velopp\u00e9s pour offrir l&rsquo;\u00e9quilibre parfait entre capacit\u00e9 de charge, confort de conduite et efficacit\u00e9 op\u00e9rationnelle. \u00c9quip\u00e9s de moteurs haute performance, de ch\u00e2ssis renforc\u00e9s et d&rsquo;un design compact, ces v\u00e9hicules utilitaires l\u00e9gers garantissent des livraisons fluides et ponctuelles, m\u00eame sur des routes \u00e9troites ou difficiles d&rsquo;acc\u00e8s. Les cabines ergonomiques et la maniabilit\u00e9 exceptionnelle les rendent id\u00e9aux pour la logistique, les livraisons du dernier kilom\u00e8tre et les op\u00e9rations de petites entreprises. Avec la fiabilit\u00e9 reconnue d&rsquo;Ashok Leyland, la gamme SVG est le choix intelligent pour les entreprises souhaitant augmenter leur productivit\u00e9 tout en maintenant des co\u00fbts op\u00e9rationnels bas.<\/span><\/p>\n","protected":false},"featured_media":3643,"comment_status":"closed","ping_status":"closed","template":"","meta":{"_acf_changed":false},"product_brand":[],"product_cat":[458],"product_tag":[],"class_list":{"0":"post-3642","1":"product","2":"type-product","3":"status-publish","4":"has-post-thumbnail","6":"product_cat-sem-categoria-fr","7":"setores-construction-et-mines","8":"marcas-ashok-leyland","9":"tipo_produto-vehicules-utilitaires-legers","11":"first","12":"instock","13":"shipping-taxable","14":"product-type-simple"},"acf":[],"yoast_head":"<!-- This site is optimized with the Yoast SEO plugin v25.2 - https:\/\/yoast.com\/wordpress\/plugins\/seo\/ -->\n<title>V\u00e9hicules Utilitaires L\u00e9gers (SCV) Ashok Leyland - Trevotech Group<\/title>\n<meta name=\"description\" content=\"Fiables, polyvalents et \u00e9conomes en carburant, les v\u00e9hicules utilitaires l\u00e9gers d\u2019Ashok Leyland sont la solution id\u00e9ale pour le transport de...\" \/>\n<meta name=\"robots\" content=\"index, follow, max-snippet:-1, max-image-preview:large, max-video-preview:-1\" \/>\n<link rel=\"canonical\" href=\"https:\/\/trevotech.com\/fr\/produto\/vehicules-utilitaires-legers-scv\/\" \/>\n<meta property=\"og:locale\" content=\"fr_FR\" \/>\n<meta property=\"og:type\" content=\"article\" \/>\n<meta property=\"og:title\" content=\"V\u00e9hicules Utilitaires L\u00e9gers (SCV) Ashok Leyland - Trevotech Group\" \/>\n<meta property=\"og:description\" content=\"Fiables, polyvalents et \u00e9conomes en carburant, les v\u00e9hicules utilitaires l\u00e9gers d\u2019Ashok Leyland sont la solution id\u00e9ale pour le transport de...\" \/>\n<meta property=\"og:url\" content=\"https:\/\/trevotech.com\/fr\/produto\/vehicules-utilitaires-legers-scv\/\" \/>\n<meta property=\"og:site_name\" content=\"Trevotech Group\" \/>\n<meta property=\"article:modified_time\" content=\"2025-08-05T08:23:12+00:00\" \/>\n<meta property=\"og:image\" content=\"https:\/\/trevotech.com\/wp-content\/uploads\/2025\/03\/2025_B_-02.webp\" \/>\n\t<meta property=\"og:image:width\" content=\"1000\" \/>\n\t<meta property=\"og:image:height\" content=\"1000\" \/>\n\t<meta property=\"og:image:type\" content=\"image\/webp\" \/>\n<meta name=\"twitter:card\" content=\"summary_large_image\" \/>\n<meta name=\"twitter:label1\" content=\"Dur\u00e9e de lecture estim\u00e9e\" \/>\n\t<meta name=\"twitter:data1\" content=\"2 minutes\" \/>\n<script type=\"application\/ld+json\" class=\"yoast-schema-graph\">{\"@context\":\"https:\/\/schema.org\",\"@graph\":[{\"@type\":\"WebPage\",\"@id\":\"https:\/\/trevotech.com\/fr\/produto\/vehicules-utilitaires-legers-scv\/\",\"url\":\"https:\/\/trevotech.com\/fr\/produto\/vehicules-utilitaires-legers-scv\/\",\"name\":\"V\u00e9hicules Utilitaires L\u00e9gers (SCV) Ashok Leyland - Trevotech Group\",\"isPartOf\":{\"@id\":\"https:\/\/trevotech.com\/fr\/#website\"},\"primaryImageOfPage\":{\"@id\":\"https:\/\/trevotech.com\/fr\/produto\/vehicules-utilitaires-legers-scv\/#primaryimage\"},\"image\":{\"@id\":\"https:\/\/trevotech.com\/fr\/produto\/vehicules-utilitaires-legers-scv\/#primaryimage\"},\"thumbnailUrl\":\"https:\/\/trevotech.com\/wp-content\/uploads\/2025\/03\/2025_B_-02.webp\",\"datePublished\":\"2025-03-20T08:22:28+00:00\",\"dateModified\":\"2025-08-05T08:23:12+00:00\",\"description\":\"Fiables, polyvalents et \u00e9conomes en carburant, les v\u00e9hicules utilitaires l\u00e9gers d\u2019Ashok Leyland sont la solution id\u00e9ale pour le transport de...\",\"breadcrumb\":{\"@id\":\"https:\/\/trevotech.com\/fr\/produto\/vehicules-utilitaires-legers-scv\/#breadcrumb\"},\"inLanguage\":\"fr-FR\",\"potentialAction\":[{\"@type\":\"ReadAction\",\"target\":[\"https:\/\/trevotech.com\/fr\/produto\/vehicules-utilitaires-legers-scv\/\"]}]},{\"@type\":\"ImageObject\",\"inLanguage\":\"fr-FR\",\"@id\":\"https:\/\/trevotech.com\/fr\/produto\/vehicules-utilitaires-legers-scv\/#primaryimage\",\"url\":\"https:\/\/trevotech.com\/wp-content\/uploads\/2025\/03\/2025_B_-02.webp\",\"contentUrl\":\"https:\/\/trevotech.com\/wp-content\/uploads\/2025\/03\/2025_B_-02.webp\",\"width\":1000,\"height\":1000,\"caption\":\"Carrinhas Comerciais\"},{\"@type\":\"BreadcrumbList\",\"@id\":\"https:\/\/trevotech.com\/fr\/produto\/vehicules-utilitaires-legers-scv\/#breadcrumb\",\"itemListElement\":[{\"@type\":\"ListItem\",\"position\":1,\"name\":\"In\u00edcio\",\"item\":\"https:\/\/trevotech.com\/fr\/\"},{\"@type\":\"ListItem\",\"position\":2,\"name\":\"Produits\",\"item\":\"https:\/\/trevotech.com\/fr\/shop\/\"},{\"@type\":\"ListItem\",\"position\":3,\"name\":\"V\u00e9hicules Utilitaires L\u00e9gers (SCV)\"}]},{\"@type\":\"WebSite\",\"@id\":\"https:\/\/trevotech.com\/fr\/#website\",\"url\":\"https:\/\/trevotech.com\/fr\/\",\"name\":\"Trevotech Group\",\"description\":\"\",\"potentialAction\":[{\"@type\":\"SearchAction\",\"target\":{\"@type\":\"EntryPoint\",\"urlTemplate\":\"https:\/\/trevotech.com\/fr\/?s={search_term_string}\"},\"query-input\":{\"@type\":\"PropertyValueSpecification\",\"valueRequired\":true,\"valueName\":\"search_term_string\"}}],\"inLanguage\":\"fr-FR\"}]}<\/script>\n<!-- \/ Yoast SEO plugin. -->","yoast_head_json":{"title":"V\u00e9hicules Utilitaires L\u00e9gers (SCV) Ashok Leyland - Trevotech Group","description":"Fiables, polyvalents et \u00e9conomes en carburant, les v\u00e9hicules utilitaires l\u00e9gers d\u2019Ashok Leyland sont la solution id\u00e9ale pour le transport de...","robots":{"index":"index","follow":"follow","max-snippet":"max-snippet:-1","max-image-preview":"max-image-preview:large","max-video-preview":"max-video-preview:-1"},"canonical":"https:\/\/trevotech.com\/fr\/produto\/vehicules-utilitaires-legers-scv\/","og_locale":"fr_FR","og_type":"article","og_title":"V\u00e9hicules Utilitaires L\u00e9gers (SCV) Ashok Leyland - Trevotech Group","og_description":"Fiables, polyvalents et \u00e9conomes en carburant, les v\u00e9hicules utilitaires l\u00e9gers d\u2019Ashok Leyland sont la solution id\u00e9ale pour le transport de...","og_url":"https:\/\/trevotech.com\/fr\/produto\/vehicules-utilitaires-legers-scv\/","og_site_name":"Trevotech Group","article_modified_time":"2025-08-05T08:23:12+00:00","og_image":[{"width":1000,"height":1000,"url":"https:\/\/trevotech.com\/wp-content\/uploads\/2025\/03\/2025_B_-02.webp","type":"image\/webp"}],"twitter_card":"summary_large_image","twitter_misc":{"Dur\u00e9e de lecture estim\u00e9e":"2 minutes"},"schema":{"@context":"https:\/\/schema.org","@graph":[{"@type":"WebPage","@id":"https:\/\/trevotech.com\/fr\/produto\/vehicules-utilitaires-legers-scv\/","url":"https:\/\/trevotech.com\/fr\/produto\/vehicules-utilitaires-legers-scv\/","name":"V\u00e9hicules Utilitaires L\u00e9gers (SCV) Ashok Leyland - Trevotech Group","isPartOf":{"@id":"https:\/\/trevotech.com\/fr\/#website"},"primaryImageOfPage":{"@id":"https:\/\/trevotech.com\/fr\/produto\/vehicules-utilitaires-legers-scv\/#primaryimage"},"image":{"@id":"https:\/\/trevotech.com\/fr\/produto\/vehicules-utilitaires-legers-scv\/#primaryimage"},"thumbnailUrl":"https:\/\/trevotech.com\/wp-content\/uploads\/2025\/03\/2025_B_-02.webp","datePublished":"2025-03-20T08:22:28+00:00","dateModified":"2025-08-05T08:23:12+00:00","description":"Fiables, polyvalents et \u00e9conomes en carburant, les v\u00e9hicules utilitaires l\u00e9gers d\u2019Ashok Leyland sont la solution id\u00e9ale pour le transport de...","breadcrumb":{"@id":"https:\/\/trevotech.com\/fr\/produto\/vehicules-utilitaires-legers-scv\/#breadcrumb"},"inLanguage":"fr-FR","potentialAction":[{"@type":"ReadAction","target":["https:\/\/trevotech.com\/fr\/produto\/vehicules-utilitaires-legers-scv\/"]}]},{"@type":"ImageObject","inLanguage":"fr-FR","@id":"https:\/\/trevotech.com\/fr\/produto\/vehicules-utilitaires-legers-scv\/#primaryimage","url":"https:\/\/trevotech.com\/wp-content\/uploads\/2025\/03\/2025_B_-02.webp","contentUrl":"https:\/\/trevotech.com\/wp-content\/uploads\/2025\/03\/2025_B_-02.webp","width":1000,"height":1000,"caption":"Carrinhas Comerciais"},{"@type":"BreadcrumbList","@id":"https:\/\/trevotech.com\/fr\/produto\/vehicules-utilitaires-legers-scv\/#breadcrumb","itemListElement":[{"@type":"ListItem","position":1,"name":"In\u00edcio","item":"https:\/\/trevotech.com\/fr\/"},{"@type":"ListItem","position":2,"name":"Produits","item":"https:\/\/trevotech.com\/fr\/shop\/"},{"@type":"ListItem","position":3,"name":"V\u00e9hicules Utilitaires L\u00e9gers (SCV)"}]},{"@type":"WebSite","@id":"https:\/\/trevotech.com\/fr\/#website","url":"https:\/\/trevotech.com\/fr\/","name":"Trevotech Group","description":"","potentialAction":[{"@type":"SearchAction","target":{"@type":"EntryPoint","urlTemplate":"https:\/\/trevotech.com\/fr\/?s={search_term_string}"},"query-input":{"@type":"PropertyValueSpecification","valueRequired":true,"valueName":"search_term_string"}}],"inLanguage":"fr-FR"}]}},"_links":{"self":[{"href":"https:\/\/trevotech.com\/fr\/wp-json\/wp\/v2\/product\/3642","targetHints":{"allow":["GET"]}}],"collection":[{"href":"https:\/\/trevotech.com\/fr\/wp-json\/wp\/v2\/product"}],"about":[{"href":"https:\/\/trevotech.com\/fr\/wp-json\/wp\/v2\/types\/product"}],"replies":[{"embeddable":true,"href":"https:\/\/trevotech.com\/fr\/wp-json\/wp\/v2\/comments?post=3642"}],"wp:featuredmedia":[{"embeddable":true,"href":"https:\/\/trevotech.com\/fr\/wp-json\/wp\/v2\/media\/3643"}],"wp:attachment":[{"href":"https:\/\/trevotech.com\/fr\/wp-json\/wp\/v2\/media?parent=3642"}],"wp:term":[{"taxonomy":"product_brand","embeddable":true,"href":"https:\/\/trevotech.com\/fr\/wp-json\/wp\/v2\/product_brand?post=3642"},{"taxonomy":"product_cat","embeddable":true,"href":"https:\/\/trevotech.com\/fr\/wp-json\/wp\/v2\/product_cat?post=3642"},{"taxonomy":"product_tag","embeddable":true,"href":"https:\/\/trevotech.com\/fr\/wp-json\/wp\/v2\/product_tag?post=3642"}],"curies":[{"name":"wp","href":"https:\/\/api.w.org\/{rel}","templated":true}]}}