{"id":3645,"date":"2025-03-20T08:21:46","date_gmt":"2025-03-20T08:21:46","guid":{"rendered":"https:\/\/trevotech.com\/produto\/carrinhas-comerciais-lcv\/"},"modified":"2025-08-05T08:24:21","modified_gmt":"2025-08-05T08:24:21","slug":"vehicules-utilitaires-legers-lcv","status":"publish","type":"product","link":"https:\/\/trevotech.com\/fr\/produto\/vehicules-utilitaires-legers-lcv\/","title":{"rendered":"V\u00e9hicules utilitaires l\u00e9gers (LCV)"},"content":{"rendered":"<p><span style=\"font-weight: 400;\">Les v\u00e9hicules utilitaires l\u00e9gers (LCV) d\u2019Ashok Leyland sont con\u00e7us pour r\u00e9pondre aux exigences de la logistique moderne, en offrant un \u00e9quilibre parfait entre performance, durabilit\u00e9 et rentabilit\u00e9.<\/span><\/p>\n<p><span style=\"font-weight: 400;\">Avec des mod\u00e8les tels que le BADA DOST i2, BADA DOST i3+ et BADA DOST i4, cette gamme s\u2019adresse aux entreprises qui ont besoin d\u2019une capacit\u00e9 de charge plus \u00e9lev\u00e9e, sans pour autant compromettre la maniabilit\u00e9 ni l\u2019\u00e9conomie de carburant. Ces v\u00e9hicules sont \u00e9quip\u00e9s de moteurs avanc\u00e9s 1.5L TDCR, disposent des meilleures longueurs de caisse de leur cat\u00e9gorie et d\u2019une garde au sol exceptionnelle \u2014 les rendant id\u00e9aux pour une grande vari\u00e9t\u00e9 d\u2019applications de transport.<\/span><\/p>\n<p><span style=\"font-weight: 400;\">Leurs cabines spacieuses et ergonomiques am\u00e9liorent le confort du conducteur, tandis que les syst\u00e8mes de suspension robustes et le ch\u00e2ssis renforc\u00e9 garantissent une fiabilit\u00e9 \u00e0 long terme, m\u00eame sur des routes difficiles. Qu\u2019il s\u2019agisse de livraisons rurales ou de distribution urbaine, les LCV Ashok Leyland offrent une solution puissante et fiable pour assurer le bon fonctionnement de vos op\u00e9rations.<\/span><\/p>\n<p><span style=\"font-weight: 400;\">Les v\u00e9hicules utilitaires l\u00e9gers (LCV) d\u2019Ashok Leyland sont con\u00e7us pour r\u00e9pondre aux exigences de la logistique moderne, en offrant un \u00e9quilibre parfait entre performance, durabilit\u00e9 et rentabilit\u00e9.<\/span><\/p>\n<p><span style=\"font-weight: 400;\">Avec des mod\u00e8les tels que le BADA DOST i2, BADA DOST i3+ et BADA DOST i4, cette gamme s\u2019adresse aux entreprises qui ont besoin d\u2019une capacit\u00e9 de charge plus \u00e9lev\u00e9e, sans pour autant compromettre la maniabilit\u00e9 ni l\u2019\u00e9conomie de carburant. Ces v\u00e9hicules sont \u00e9quip\u00e9s de moteurs avanc\u00e9s 1.5L TDCR, disposent des meilleures longueurs de caisse de leur cat\u00e9gorie et d\u2019une garde au sol exceptionnelle \u2014 les rendant id\u00e9aux pour une grande vari\u00e9t\u00e9 d\u2019applications de transport.<\/span><\/p>\n<p><span style=\"font-weight: 400;\">Leurs cabines spacieuses et ergonomiques am\u00e9liorent le confort du conducteur, tandis que les syst\u00e8mes de suspension robustes et le ch\u00e2ssis renforc\u00e9 garantissent une fiabilit\u00e9 \u00e0 long terme, m\u00eame sur des routes difficiles. Qu\u2019il s\u2019agisse de livraisons rurales ou de distribution urbaine, les LCV Ashok Leyland offrent une solution puissante et fiable pour assurer le bon fonctionnement de vos op\u00e9rations.<\/span><\/p>\n","protected":false},"excerpt":{"rendered":"<p><span style=\"font-weight: 400;\">Les v\u00e9hicules utilitaires l\u00e9gers (LCV) d\u2019Ashok Leyland sont con\u00e7us pour r\u00e9pondre aux exigences de la logistique moderne, en offrant un \u00e9quilibre parfait entre performance, durabilit\u00e9 et rentabilit\u00e9.<\/span><\/p>\n<p><span style=\"font-weight: 400;\">Avec des mod\u00e8les tels que le BADA DOST i2, BADA DOST i3+ et BADA DOST i4, cette gamme s\u2019adresse aux entreprises qui ont besoin d\u2019une capacit\u00e9 de charge plus \u00e9lev\u00e9e, sans pour autant compromettre la maniabilit\u00e9 ni l\u2019\u00e9conomie de carburant. Ces v\u00e9hicules sont \u00e9quip\u00e9s de moteurs avanc\u00e9s 1.5L TDCR, disposent des meilleures longueurs de caisse de leur cat\u00e9gorie et d\u2019une garde au sol exceptionnelle \u2014 les rendant id\u00e9aux pour une grande vari\u00e9t\u00e9 d\u2019applications de transport.<\/span><\/p>\n<p><span style=\"font-weight: 400;\">Leurs cabines spacieuses et ergonomiques am\u00e9liorent le confort du conducteur, tandis que les syst\u00e8mes de suspension robustes et le ch\u00e2ssis renforc\u00e9 garantissent une fiabilit\u00e9 \u00e0 long terme, m\u00eame sur des routes difficiles. Qu\u2019il s\u2019agisse de livraisons rurales ou de distribution urbaine, les LCV Ashok Leyland offrent une solution puissante et fiable pour assurer le bon fonctionnement de vos op\u00e9rations.<\/span><\/p>\n","protected":false},"featured_media":3646,"comment_status":"closed","ping_status":"closed","template":"","meta":{"_acf_changed":false},"product_brand":[],"product_cat":[458],"product_tag":[],"class_list":{"0":"post-3645","1":"product","2":"type-product","3":"status-publish","4":"has-post-thumbnail","6":"product_cat-sem-categoria-fr","7":"setores-construction-et-mines","8":"marcas-ashok-leyland","9":"tipo_produto-vehicules-utilitaires-legers","11":"first","12":"instock","13":"shipping-taxable","14":"product-type-simple"},"acf":[],"yoast_head":"<!-- This site is optimized with the Yoast SEO plugin v25.2 - https:\/\/yoast.com\/wordpress\/plugins\/seo\/ -->\n<title>V\u00e9hicules utilitaires l\u00e9gers (LCV) da Ashok Leyland - Trevotech Group<\/title>\n<meta name=\"description\" content=\"Les v\u00e9hicules utilitaires l\u00e9gers (LCV) d\u2019Ashok Leyland sont con\u00e7us pour r\u00e9pondre aux exigences de la logistique moderne, en offrant...\" \/>\n<meta name=\"robots\" content=\"index, follow, max-snippet:-1, max-image-preview:large, max-video-preview:-1\" \/>\n<link rel=\"canonical\" href=\"https:\/\/trevotech.com\/fr\/produto\/vehicules-utilitaires-legers-lcv\/\" \/>\n<meta property=\"og:locale\" content=\"fr_FR\" \/>\n<meta property=\"og:type\" content=\"article\" \/>\n<meta property=\"og:title\" content=\"V\u00e9hicules utilitaires l\u00e9gers (LCV) da Ashok Leyland - Trevotech Group\" \/>\n<meta property=\"og:description\" content=\"Les v\u00e9hicules utilitaires l\u00e9gers (LCV) d\u2019Ashok Leyland sont con\u00e7us pour r\u00e9pondre aux exigences de la logistique moderne, en offrant...\" \/>\n<meta property=\"og:url\" content=\"https:\/\/trevotech.com\/fr\/produto\/vehicules-utilitaires-legers-lcv\/\" \/>\n<meta property=\"og:site_name\" content=\"Trevotech Group\" \/>\n<meta property=\"article:modified_time\" content=\"2025-08-05T08:24:21+00:00\" \/>\n<meta property=\"og:image\" content=\"https:\/\/trevotech.com\/wp-content\/uploads\/2025\/03\/2025_D_-01.webp\" \/>\n\t<meta property=\"og:image:width\" content=\"1000\" \/>\n\t<meta property=\"og:image:height\" content=\"1000\" \/>\n\t<meta property=\"og:image:type\" content=\"image\/webp\" \/>\n<meta name=\"twitter:card\" content=\"summary_large_image\" \/>\n<meta name=\"twitter:label1\" content=\"Dur\u00e9e de lecture estim\u00e9e\" \/>\n\t<meta name=\"twitter:data1\" content=\"2 minutes\" \/>\n<script type=\"application\/ld+json\" class=\"yoast-schema-graph\">{\"@context\":\"https:\/\/schema.org\",\"@graph\":[{\"@type\":\"WebPage\",\"@id\":\"https:\/\/trevotech.com\/fr\/produto\/vehicules-utilitaires-legers-lcv\/\",\"url\":\"https:\/\/trevotech.com\/fr\/produto\/vehicules-utilitaires-legers-lcv\/\",\"name\":\"V\u00e9hicules utilitaires l\u00e9gers (LCV) da Ashok Leyland - Trevotech Group\",\"isPartOf\":{\"@id\":\"https:\/\/trevotech.com\/fr\/#website\"},\"primaryImageOfPage\":{\"@id\":\"https:\/\/trevotech.com\/fr\/produto\/vehicules-utilitaires-legers-lcv\/#primaryimage\"},\"image\":{\"@id\":\"https:\/\/trevotech.com\/fr\/produto\/vehicules-utilitaires-legers-lcv\/#primaryimage\"},\"thumbnailUrl\":\"https:\/\/trevotech.com\/wp-content\/uploads\/2025\/03\/2025_D_-01.webp\",\"datePublished\":\"2025-03-20T08:21:46+00:00\",\"dateModified\":\"2025-08-05T08:24:21+00:00\",\"description\":\"Les v\u00e9hicules utilitaires l\u00e9gers (LCV) d\u2019Ashok Leyland sont con\u00e7us pour r\u00e9pondre aux exigences de la logistique moderne, en offrant...\",\"breadcrumb\":{\"@id\":\"https:\/\/trevotech.com\/fr\/produto\/vehicules-utilitaires-legers-lcv\/#breadcrumb\"},\"inLanguage\":\"fr-FR\",\"potentialAction\":[{\"@type\":\"ReadAction\",\"target\":[\"https:\/\/trevotech.com\/fr\/produto\/vehicules-utilitaires-legers-lcv\/\"]}]},{\"@type\":\"ImageObject\",\"inLanguage\":\"fr-FR\",\"@id\":\"https:\/\/trevotech.com\/fr\/produto\/vehicules-utilitaires-legers-lcv\/#primaryimage\",\"url\":\"https:\/\/trevotech.com\/wp-content\/uploads\/2025\/03\/2025_D_-01.webp\",\"contentUrl\":\"https:\/\/trevotech.com\/wp-content\/uploads\/2025\/03\/2025_D_-01.webp\",\"width\":1000,\"height\":1000,\"caption\":\"Carrinhas Comerciais LCV\"},{\"@type\":\"BreadcrumbList\",\"@id\":\"https:\/\/trevotech.com\/fr\/produto\/vehicules-utilitaires-legers-lcv\/#breadcrumb\",\"itemListElement\":[{\"@type\":\"ListItem\",\"position\":1,\"name\":\"In\u00edcio\",\"item\":\"https:\/\/trevotech.com\/fr\/\"},{\"@type\":\"ListItem\",\"position\":2,\"name\":\"Produits\",\"item\":\"https:\/\/trevotech.com\/fr\/shop\/\"},{\"@type\":\"ListItem\",\"position\":3,\"name\":\"V\u00e9hicules utilitaires l\u00e9gers (LCV)\"}]},{\"@type\":\"WebSite\",\"@id\":\"https:\/\/trevotech.com\/fr\/#website\",\"url\":\"https:\/\/trevotech.com\/fr\/\",\"name\":\"Trevotech Group\",\"description\":\"\",\"potentialAction\":[{\"@type\":\"SearchAction\",\"target\":{\"@type\":\"EntryPoint\",\"urlTemplate\":\"https:\/\/trevotech.com\/fr\/?s={search_term_string}\"},\"query-input\":{\"@type\":\"PropertyValueSpecification\",\"valueRequired\":true,\"valueName\":\"search_term_string\"}}],\"inLanguage\":\"fr-FR\"}]}<\/script>\n<!-- \/ Yoast SEO plugin. -->","yoast_head_json":{"title":"V\u00e9hicules utilitaires l\u00e9gers (LCV) da Ashok Leyland - Trevotech Group","description":"Les v\u00e9hicules utilitaires l\u00e9gers (LCV) d\u2019Ashok Leyland sont con\u00e7us pour r\u00e9pondre aux exigences de la logistique moderne, en offrant...","robots":{"index":"index","follow":"follow","max-snippet":"max-snippet:-1","max-image-preview":"max-image-preview:large","max-video-preview":"max-video-preview:-1"},"canonical":"https:\/\/trevotech.com\/fr\/produto\/vehicules-utilitaires-legers-lcv\/","og_locale":"fr_FR","og_type":"article","og_title":"V\u00e9hicules utilitaires l\u00e9gers (LCV) da Ashok Leyland - Trevotech Group","og_description":"Les v\u00e9hicules utilitaires l\u00e9gers (LCV) d\u2019Ashok Leyland sont con\u00e7us pour r\u00e9pondre aux exigences de la logistique moderne, en offrant...","og_url":"https:\/\/trevotech.com\/fr\/produto\/vehicules-utilitaires-legers-lcv\/","og_site_name":"Trevotech Group","article_modified_time":"2025-08-05T08:24:21+00:00","og_image":[{"width":1000,"height":1000,"url":"https:\/\/trevotech.com\/wp-content\/uploads\/2025\/03\/2025_D_-01.webp","type":"image\/webp"}],"twitter_card":"summary_large_image","twitter_misc":{"Dur\u00e9e de lecture estim\u00e9e":"2 minutes"},"schema":{"@context":"https:\/\/schema.org","@graph":[{"@type":"WebPage","@id":"https:\/\/trevotech.com\/fr\/produto\/vehicules-utilitaires-legers-lcv\/","url":"https:\/\/trevotech.com\/fr\/produto\/vehicules-utilitaires-legers-lcv\/","name":"V\u00e9hicules utilitaires l\u00e9gers (LCV) da Ashok Leyland - Trevotech Group","isPartOf":{"@id":"https:\/\/trevotech.com\/fr\/#website"},"primaryImageOfPage":{"@id":"https:\/\/trevotech.com\/fr\/produto\/vehicules-utilitaires-legers-lcv\/#primaryimage"},"image":{"@id":"https:\/\/trevotech.com\/fr\/produto\/vehicules-utilitaires-legers-lcv\/#primaryimage"},"thumbnailUrl":"https:\/\/trevotech.com\/wp-content\/uploads\/2025\/03\/2025_D_-01.webp","datePublished":"2025-03-20T08:21:46+00:00","dateModified":"2025-08-05T08:24:21+00:00","description":"Les v\u00e9hicules utilitaires l\u00e9gers (LCV) d\u2019Ashok Leyland sont con\u00e7us pour r\u00e9pondre aux exigences de la logistique moderne, en offrant...","breadcrumb":{"@id":"https:\/\/trevotech.com\/fr\/produto\/vehicules-utilitaires-legers-lcv\/#breadcrumb"},"inLanguage":"fr-FR","potentialAction":[{"@type":"ReadAction","target":["https:\/\/trevotech.com\/fr\/produto\/vehicules-utilitaires-legers-lcv\/"]}]},{"@type":"ImageObject","inLanguage":"fr-FR","@id":"https:\/\/trevotech.com\/fr\/produto\/vehicules-utilitaires-legers-lcv\/#primaryimage","url":"https:\/\/trevotech.com\/wp-content\/uploads\/2025\/03\/2025_D_-01.webp","contentUrl":"https:\/\/trevotech.com\/wp-content\/uploads\/2025\/03\/2025_D_-01.webp","width":1000,"height":1000,"caption":"Carrinhas Comerciais LCV"},{"@type":"BreadcrumbList","@id":"https:\/\/trevotech.com\/fr\/produto\/vehicules-utilitaires-legers-lcv\/#breadcrumb","itemListElement":[{"@type":"ListItem","position":1,"name":"In\u00edcio","item":"https:\/\/trevotech.com\/fr\/"},{"@type":"ListItem","position":2,"name":"Produits","item":"https:\/\/trevotech.com\/fr\/shop\/"},{"@type":"ListItem","position":3,"name":"V\u00e9hicules utilitaires l\u00e9gers (LCV)"}]},{"@type":"WebSite","@id":"https:\/\/trevotech.com\/fr\/#website","url":"https:\/\/trevotech.com\/fr\/","name":"Trevotech Group","description":"","potentialAction":[{"@type":"SearchAction","target":{"@type":"EntryPoint","urlTemplate":"https:\/\/trevotech.com\/fr\/?s={search_term_string}"},"query-input":{"@type":"PropertyValueSpecification","valueRequired":true,"valueName":"search_term_string"}}],"inLanguage":"fr-FR"}]}},"_links":{"self":[{"href":"https:\/\/trevotech.com\/fr\/wp-json\/wp\/v2\/product\/3645","targetHints":{"allow":["GET"]}}],"collection":[{"href":"https:\/\/trevotech.com\/fr\/wp-json\/wp\/v2\/product"}],"about":[{"href":"https:\/\/trevotech.com\/fr\/wp-json\/wp\/v2\/types\/product"}],"replies":[{"embeddable":true,"href":"https:\/\/trevotech.com\/fr\/wp-json\/wp\/v2\/comments?post=3645"}],"wp:featuredmedia":[{"embeddable":true,"href":"https:\/\/trevotech.com\/fr\/wp-json\/wp\/v2\/media\/3646"}],"wp:attachment":[{"href":"https:\/\/trevotech.com\/fr\/wp-json\/wp\/v2\/media?parent=3645"}],"wp:term":[{"taxonomy":"product_brand","embeddable":true,"href":"https:\/\/trevotech.com\/fr\/wp-json\/wp\/v2\/product_brand?post=3645"},{"taxonomy":"product_cat","embeddable":true,"href":"https:\/\/trevotech.com\/fr\/wp-json\/wp\/v2\/product_cat?post=3645"},{"taxonomy":"product_tag","embeddable":true,"href":"https:\/\/trevotech.com\/fr\/wp-json\/wp\/v2\/product_tag?post=3645"}],"curies":[{"name":"wp","href":"https:\/\/api.w.org\/{rel}","templated":true}]}}