{"id":3648,"date":"2025-03-20T08:20:51","date_gmt":"2025-03-20T08:20:51","guid":{"rendered":"https:\/\/trevotech.com\/produto\/carrinhas-comerciais-lcv-de-passageiros\/"},"modified":"2025-08-05T08:25:31","modified_gmt":"2025-08-05T08:25:31","slug":"vehicules-utilitaires-legers-pour-passagers","status":"publish","type":"product","link":"https:\/\/trevotech.com\/fr\/produto\/vehicules-utilitaires-legers-pour-passagers\/","title":{"rendered":"V\u00e9hicules utilitaires l\u00e9gers pour passagers"},"content":{"rendered":"<p><span style=\"font-weight: 400;\">La gamme de v\u00e9hicules utilitaires l\u00e9gers pour passagers d\u2019Ashok Leyland offre des solutions de transport s\u00fbres, confortables et efficaces, adapt\u00e9es \u00e0 la mobilit\u00e9 aussi bien urbaine que rurale.<\/span><\/p>\n<p><span style=\"font-weight: 400;\">Des mod\u00e8les comme le MiTR Staff Bus, le MiTR School Bus et le MiTR Tourist Bus sont construits sur une plateforme robuste mais l\u00e9g\u00e8re, alliant un excellent confort de conduite \u00e0 une remarquable efficacit\u00e9 \u00e9nerg\u00e9tique. Propuls\u00e9s par des moteurs avanc\u00e9s BS6 et dot\u00e9s de caract\u00e9ristiques telles que des si\u00e8ges ergonomiques, de larges portes d\u2019acc\u00e8s et des syst\u00e8mes de suspension am\u00e9lior\u00e9s, ces v\u00e9hicules assurent un trajet fluide pour les passagers et une tranquillit\u00e9 d\u2019esprit pour les op\u00e9rateurs.<\/span><\/p>\n<p><span style=\"font-weight: 400;\">Avec des capacit\u00e9s d\u2019accueil allant de 26 \u00e0 36 places, la s\u00e9rie MiTR est id\u00e9ale pour le transport de personnel, les trajets scolaires et le tourisme de courte distance. Con\u00e7ue avec un souci de s\u00e9curit\u00e9 des passagers, de fiabilit\u00e9 et de faibles co\u00fbts d\u2019entretien, la flotte LCV Passenger d\u2019Ashok Leyland constitue un choix judicieux pour les gestionnaires de flotte et les prestataires de transport \u00e0 la recherche de performance durable et fiable.<\/span><\/p>\n<p><span style=\"font-weight: 400;\">La gamme de v\u00e9hicules utilitaires l\u00e9gers pour passagers d\u2019Ashok Leyland offre des solutions de transport s\u00fbres, confortables et efficaces, adapt\u00e9es \u00e0 la mobilit\u00e9 aussi bien urbaine que rurale.<\/span><\/p>\n<p><span style=\"font-weight: 400;\">Des mod\u00e8les comme le MiTR Staff Bus, le MiTR School Bus et le MiTR Tourist Bus sont construits sur une plateforme robuste mais l\u00e9g\u00e8re, alliant un excellent confort de conduite \u00e0 une remarquable efficacit\u00e9 \u00e9nerg\u00e9tique. Propuls\u00e9s par des moteurs avanc\u00e9s BS6 et dot\u00e9s de caract\u00e9ristiques telles que des si\u00e8ges ergonomiques, de larges portes d\u2019acc\u00e8s et des syst\u00e8mes de suspension am\u00e9lior\u00e9s, ces v\u00e9hicules assurent un trajet fluide pour les passagers et une tranquillit\u00e9 d\u2019esprit pour les op\u00e9rateurs.<\/span><\/p>\n<p><span style=\"font-weight: 400;\">Avec des capacit\u00e9s d\u2019accueil allant de 26 \u00e0 36 places, la s\u00e9rie MiTR est id\u00e9ale pour le transport de personnel, les trajets scolaires et le tourisme de courte distance. Con\u00e7ue avec un souci de s\u00e9curit\u00e9 des passagers, de fiabilit\u00e9 et de faibles co\u00fbts d\u2019entretien, la flotte LCV Passenger d\u2019Ashok Leyland constitue un choix judicieux pour les gestionnaires de flotte et les prestataires de transport \u00e0 la recherche de performance durable et fiable.<\/span><\/p>\n","protected":false},"excerpt":{"rendered":"<p><span style=\"font-weight: 400;\">La gamme de v\u00e9hicules utilitaires l\u00e9gers pour passagers d\u2019Ashok Leyland offre des solutions de transport s\u00fbres, confortables et efficaces, adapt\u00e9es \u00e0 la mobilit\u00e9 aussi bien urbaine que rurale.<\/span><\/p>\n<p><span style=\"font-weight: 400;\">Des mod\u00e8les comme le MiTR Staff Bus, le MiTR School Bus et le MiTR Tourist Bus sont construits sur une plateforme robuste mais l\u00e9g\u00e8re, alliant un excellent confort de conduite \u00e0 une remarquable efficacit\u00e9 \u00e9nerg\u00e9tique. Propuls\u00e9s par des moteurs avanc\u00e9s BS6 et dot\u00e9s de caract\u00e9ristiques telles que des si\u00e8ges ergonomiques, de larges portes d\u2019acc\u00e8s et des syst\u00e8mes de suspension am\u00e9lior\u00e9s, ces v\u00e9hicules assurent un trajet fluide pour les passagers et une tranquillit\u00e9 d\u2019esprit pour les op\u00e9rateurs.<\/span><\/p>\n<p><span style=\"font-weight: 400;\">Avec des capacit\u00e9s d\u2019accueil allant de 26 \u00e0 36 places, la s\u00e9rie MiTR est id\u00e9ale pour le transport de personnel, les trajets scolaires et le tourisme de courte distance. Con\u00e7ue avec un souci de s\u00e9curit\u00e9 des passagers, de fiabilit\u00e9 et de faibles co\u00fbts d\u2019entretien, la flotte LCV Passenger d\u2019Ashok Leyland constitue un choix judicieux pour les gestionnaires de flotte et les prestataires de transport \u00e0 la recherche de performance durable et fiable.<\/span><\/p>\n","protected":false},"featured_media":3649,"comment_status":"closed","ping_status":"closed","template":"","meta":{"_acf_changed":false},"product_brand":[],"product_cat":[458],"product_tag":[],"class_list":{"0":"post-3648","1":"product","2":"type-product","3":"status-publish","4":"has-post-thumbnail","6":"product_cat-sem-categoria-fr","7":"setores-construction-et-mines","8":"marcas-ashok-leyland","9":"tipo_produto-vehicules-utilitaires-legers","11":"first","12":"instock","13":"shipping-taxable","14":"product-type-simple"},"acf":[],"yoast_head":"<!-- This site is optimized with the Yoast SEO plugin v25.2 - https:\/\/yoast.com\/wordpress\/plugins\/seo\/ -->\n<title>V\u00e9hicules utilitaires l\u00e9gers pour passagers Ashok Leyland - Trevotech Group<\/title>\n<meta name=\"description\" content=\"La gamme de v\u00e9hicules utilitaires l\u00e9gers pour passagers d\u2019Ashok Leyland offre des solutions de transport s\u00fbres, confortables et efficaces, adapt\u00e9es...\" \/>\n<meta name=\"robots\" content=\"index, follow, max-snippet:-1, max-image-preview:large, max-video-preview:-1\" \/>\n<link rel=\"canonical\" href=\"https:\/\/trevotech.com\/fr\/produto\/vehicules-utilitaires-legers-pour-passagers\/\" \/>\n<meta property=\"og:locale\" content=\"fr_FR\" \/>\n<meta property=\"og:type\" content=\"article\" \/>\n<meta property=\"og:title\" content=\"V\u00e9hicules utilitaires l\u00e9gers pour passagers Ashok Leyland - Trevotech Group\" \/>\n<meta property=\"og:description\" content=\"La gamme de v\u00e9hicules utilitaires l\u00e9gers pour passagers d\u2019Ashok Leyland offre des solutions de transport s\u00fbres, confortables et efficaces, adapt\u00e9es...\" \/>\n<meta property=\"og:url\" content=\"https:\/\/trevotech.com\/fr\/produto\/vehicules-utilitaires-legers-pour-passagers\/\" \/>\n<meta property=\"og:site_name\" content=\"Trevotech Group\" \/>\n<meta property=\"article:modified_time\" content=\"2025-08-05T08:25:31+00:00\" \/>\n<meta property=\"og:image\" content=\"https:\/\/trevotech.com\/wp-content\/uploads\/2025\/03\/2025_D_-02.webp\" \/>\n\t<meta property=\"og:image:width\" content=\"1000\" \/>\n\t<meta property=\"og:image:height\" content=\"1000\" \/>\n\t<meta property=\"og:image:type\" content=\"image\/webp\" \/>\n<meta name=\"twitter:card\" content=\"summary_large_image\" \/>\n<meta name=\"twitter:label1\" content=\"Dur\u00e9e de lecture estim\u00e9e\" \/>\n\t<meta name=\"twitter:data1\" content=\"3 minutes\" \/>\n<script type=\"application\/ld+json\" class=\"yoast-schema-graph\">{\"@context\":\"https:\/\/schema.org\",\"@graph\":[{\"@type\":\"WebPage\",\"@id\":\"https:\/\/trevotech.com\/fr\/produto\/vehicules-utilitaires-legers-pour-passagers\/\",\"url\":\"https:\/\/trevotech.com\/fr\/produto\/vehicules-utilitaires-legers-pour-passagers\/\",\"name\":\"V\u00e9hicules utilitaires l\u00e9gers pour passagers Ashok Leyland - Trevotech Group\",\"isPartOf\":{\"@id\":\"https:\/\/trevotech.com\/fr\/#website\"},\"primaryImageOfPage\":{\"@id\":\"https:\/\/trevotech.com\/fr\/produto\/vehicules-utilitaires-legers-pour-passagers\/#primaryimage\"},\"image\":{\"@id\":\"https:\/\/trevotech.com\/fr\/produto\/vehicules-utilitaires-legers-pour-passagers\/#primaryimage\"},\"thumbnailUrl\":\"https:\/\/trevotech.com\/wp-content\/uploads\/2025\/03\/2025_D_-02.webp\",\"datePublished\":\"2025-03-20T08:20:51+00:00\",\"dateModified\":\"2025-08-05T08:25:31+00:00\",\"description\":\"La gamme de v\u00e9hicules utilitaires l\u00e9gers pour passagers d\u2019Ashok Leyland offre des solutions de transport s\u00fbres, confortables et efficaces, adapt\u00e9es...\",\"breadcrumb\":{\"@id\":\"https:\/\/trevotech.com\/fr\/produto\/vehicules-utilitaires-legers-pour-passagers\/#breadcrumb\"},\"inLanguage\":\"fr-FR\",\"potentialAction\":[{\"@type\":\"ReadAction\",\"target\":[\"https:\/\/trevotech.com\/fr\/produto\/vehicules-utilitaires-legers-pour-passagers\/\"]}]},{\"@type\":\"ImageObject\",\"inLanguage\":\"fr-FR\",\"@id\":\"https:\/\/trevotech.com\/fr\/produto\/vehicules-utilitaires-legers-pour-passagers\/#primaryimage\",\"url\":\"https:\/\/trevotech.com\/wp-content\/uploads\/2025\/03\/2025_D_-02.webp\",\"contentUrl\":\"https:\/\/trevotech.com\/wp-content\/uploads\/2025\/03\/2025_D_-02.webp\",\"width\":1000,\"height\":1000,\"caption\":\"Carrinhas Comerciais LCV de Passageiros\"},{\"@type\":\"BreadcrumbList\",\"@id\":\"https:\/\/trevotech.com\/fr\/produto\/vehicules-utilitaires-legers-pour-passagers\/#breadcrumb\",\"itemListElement\":[{\"@type\":\"ListItem\",\"position\":1,\"name\":\"In\u00edcio\",\"item\":\"https:\/\/trevotech.com\/fr\/\"},{\"@type\":\"ListItem\",\"position\":2,\"name\":\"Produits\",\"item\":\"https:\/\/trevotech.com\/fr\/shop\/\"},{\"@type\":\"ListItem\",\"position\":3,\"name\":\"V\u00e9hicules utilitaires l\u00e9gers pour passagers\"}]},{\"@type\":\"WebSite\",\"@id\":\"https:\/\/trevotech.com\/fr\/#website\",\"url\":\"https:\/\/trevotech.com\/fr\/\",\"name\":\"Trevotech Group\",\"description\":\"\",\"potentialAction\":[{\"@type\":\"SearchAction\",\"target\":{\"@type\":\"EntryPoint\",\"urlTemplate\":\"https:\/\/trevotech.com\/fr\/?s={search_term_string}\"},\"query-input\":{\"@type\":\"PropertyValueSpecification\",\"valueRequired\":true,\"valueName\":\"search_term_string\"}}],\"inLanguage\":\"fr-FR\"}]}<\/script>\n<!-- \/ Yoast SEO plugin. -->","yoast_head_json":{"title":"V\u00e9hicules utilitaires l\u00e9gers pour passagers Ashok Leyland - Trevotech Group","description":"La gamme de v\u00e9hicules utilitaires l\u00e9gers pour passagers d\u2019Ashok Leyland offre des solutions de transport s\u00fbres, confortables et efficaces, adapt\u00e9es...","robots":{"index":"index","follow":"follow","max-snippet":"max-snippet:-1","max-image-preview":"max-image-preview:large","max-video-preview":"max-video-preview:-1"},"canonical":"https:\/\/trevotech.com\/fr\/produto\/vehicules-utilitaires-legers-pour-passagers\/","og_locale":"fr_FR","og_type":"article","og_title":"V\u00e9hicules utilitaires l\u00e9gers pour passagers Ashok Leyland - Trevotech Group","og_description":"La gamme de v\u00e9hicules utilitaires l\u00e9gers pour passagers d\u2019Ashok Leyland offre des solutions de transport s\u00fbres, confortables et efficaces, adapt\u00e9es...","og_url":"https:\/\/trevotech.com\/fr\/produto\/vehicules-utilitaires-legers-pour-passagers\/","og_site_name":"Trevotech Group","article_modified_time":"2025-08-05T08:25:31+00:00","og_image":[{"width":1000,"height":1000,"url":"https:\/\/trevotech.com\/wp-content\/uploads\/2025\/03\/2025_D_-02.webp","type":"image\/webp"}],"twitter_card":"summary_large_image","twitter_misc":{"Dur\u00e9e de lecture estim\u00e9e":"3 minutes"},"schema":{"@context":"https:\/\/schema.org","@graph":[{"@type":"WebPage","@id":"https:\/\/trevotech.com\/fr\/produto\/vehicules-utilitaires-legers-pour-passagers\/","url":"https:\/\/trevotech.com\/fr\/produto\/vehicules-utilitaires-legers-pour-passagers\/","name":"V\u00e9hicules utilitaires l\u00e9gers pour passagers Ashok Leyland - Trevotech Group","isPartOf":{"@id":"https:\/\/trevotech.com\/fr\/#website"},"primaryImageOfPage":{"@id":"https:\/\/trevotech.com\/fr\/produto\/vehicules-utilitaires-legers-pour-passagers\/#primaryimage"},"image":{"@id":"https:\/\/trevotech.com\/fr\/produto\/vehicules-utilitaires-legers-pour-passagers\/#primaryimage"},"thumbnailUrl":"https:\/\/trevotech.com\/wp-content\/uploads\/2025\/03\/2025_D_-02.webp","datePublished":"2025-03-20T08:20:51+00:00","dateModified":"2025-08-05T08:25:31+00:00","description":"La gamme de v\u00e9hicules utilitaires l\u00e9gers pour passagers d\u2019Ashok Leyland offre des solutions de transport s\u00fbres, confortables et efficaces, adapt\u00e9es...","breadcrumb":{"@id":"https:\/\/trevotech.com\/fr\/produto\/vehicules-utilitaires-legers-pour-passagers\/#breadcrumb"},"inLanguage":"fr-FR","potentialAction":[{"@type":"ReadAction","target":["https:\/\/trevotech.com\/fr\/produto\/vehicules-utilitaires-legers-pour-passagers\/"]}]},{"@type":"ImageObject","inLanguage":"fr-FR","@id":"https:\/\/trevotech.com\/fr\/produto\/vehicules-utilitaires-legers-pour-passagers\/#primaryimage","url":"https:\/\/trevotech.com\/wp-content\/uploads\/2025\/03\/2025_D_-02.webp","contentUrl":"https:\/\/trevotech.com\/wp-content\/uploads\/2025\/03\/2025_D_-02.webp","width":1000,"height":1000,"caption":"Carrinhas Comerciais LCV de Passageiros"},{"@type":"BreadcrumbList","@id":"https:\/\/trevotech.com\/fr\/produto\/vehicules-utilitaires-legers-pour-passagers\/#breadcrumb","itemListElement":[{"@type":"ListItem","position":1,"name":"In\u00edcio","item":"https:\/\/trevotech.com\/fr\/"},{"@type":"ListItem","position":2,"name":"Produits","item":"https:\/\/trevotech.com\/fr\/shop\/"},{"@type":"ListItem","position":3,"name":"V\u00e9hicules utilitaires l\u00e9gers pour passagers"}]},{"@type":"WebSite","@id":"https:\/\/trevotech.com\/fr\/#website","url":"https:\/\/trevotech.com\/fr\/","name":"Trevotech Group","description":"","potentialAction":[{"@type":"SearchAction","target":{"@type":"EntryPoint","urlTemplate":"https:\/\/trevotech.com\/fr\/?s={search_term_string}"},"query-input":{"@type":"PropertyValueSpecification","valueRequired":true,"valueName":"search_term_string"}}],"inLanguage":"fr-FR"}]}},"_links":{"self":[{"href":"https:\/\/trevotech.com\/fr\/wp-json\/wp\/v2\/product\/3648","targetHints":{"allow":["GET"]}}],"collection":[{"href":"https:\/\/trevotech.com\/fr\/wp-json\/wp\/v2\/product"}],"about":[{"href":"https:\/\/trevotech.com\/fr\/wp-json\/wp\/v2\/types\/product"}],"replies":[{"embeddable":true,"href":"https:\/\/trevotech.com\/fr\/wp-json\/wp\/v2\/comments?post=3648"}],"wp:featuredmedia":[{"embeddable":true,"href":"https:\/\/trevotech.com\/fr\/wp-json\/wp\/v2\/media\/3649"}],"wp:attachment":[{"href":"https:\/\/trevotech.com\/fr\/wp-json\/wp\/v2\/media?parent=3648"}],"wp:term":[{"taxonomy":"product_brand","embeddable":true,"href":"https:\/\/trevotech.com\/fr\/wp-json\/wp\/v2\/product_brand?post=3648"},{"taxonomy":"product_cat","embeddable":true,"href":"https:\/\/trevotech.com\/fr\/wp-json\/wp\/v2\/product_cat?post=3648"},{"taxonomy":"product_tag","embeddable":true,"href":"https:\/\/trevotech.com\/fr\/wp-json\/wp\/v2\/product_tag?post=3648"}],"curies":[{"name":"wp","href":"https:\/\/api.w.org\/{rel}","templated":true}]}}