{"id":3651,"date":"2025-03-20T08:16:12","date_gmt":"2025-03-20T08:16:12","guid":{"rendered":"https:\/\/trevotech.com\/produto\/autocarros\/"},"modified":"2025-08-05T08:34:36","modified_gmt":"2025-08-05T08:34:36","slug":"autobus","status":"publish","type":"product","link":"https:\/\/trevotech.com\/fr\/produto\/autobus\/","title":{"rendered":"Autobus"},"content":{"rendered":"<p><span style=\"font-weight: 400;\">Ashok Leyland propose une large gamme d\u2019autobus con\u00e7us pour r\u00e9pondre aux besoins du transport public, des services scolaires, du transport de personnel et des trajets longue distance. Parmi les mod\u00e8les phares figurent le Falcon et l\u2019Oryx, tous deux pens\u00e9s pour offrir confort, s\u00e9curit\u00e9 et efficacit\u00e9.<\/span><\/p>\n<p><span style=\"font-weight: 400;\">Le Falcon est un autobus polyvalent de taille moyenne, id\u00e9al pour les trajets urbains et interurbains. Il se distingue par sa faible consommation de carburant, sa maniabilit\u00e9 fluide et ses multiples configurations, allant du bus de transport standard aux versions haut de gamme pour un voyage premium. Son int\u00e9rieur spacieux et ergonomique garantit un trajet confortable pour les passagers, tandis que son ch\u00e2ssis robuste et ses dispositifs de s\u00e9curit\u00e9 avanc\u00e9s en font un choix fiable pour les op\u00e9rateurs de flotte.<\/span><\/p>\n<p><span style=\"font-weight: 400;\">L\u2019Oryx, un autobus 4&#215;4, se d\u00e9marque par ses capacit\u00e9s tout-terrain, ce qui en fait une solution id\u00e9ale pour les zones recul\u00e9es ou les terrains difficiles o\u00f9 les bus classiques rencontrent des difficult\u00e9s. Il allie performance robuste et confort, assurant un service de transport fiable dans des conditions exigeantes.<\/span><\/p>\n<p><span style=\"font-weight: 400;\">Ces deux mod\u00e8les illustrent l\u2019engagement d\u2019Ashok Leyland envers la qualit\u00e9, la performance et la satisfaction client, en garantissant une exp\u00e9rience fluide, s\u00fbre et efficace, tant pour les op\u00e9rateurs que pour les passagers.<\/span><\/p>\n<p><span style=\"font-weight: 400;\">Ashok Leyland propose une large gamme d\u2019autobus con\u00e7us pour r\u00e9pondre aux besoins du transport public, des services scolaires, du transport de personnel et des trajets longue distance. Parmi les mod\u00e8les phares figurent le Falcon et l\u2019Oryx, tous deux pens\u00e9s pour offrir confort, s\u00e9curit\u00e9 et efficacit\u00e9.<\/span><\/p>\n<p><span style=\"font-weight: 400;\">Le Falcon est un autobus polyvalent de taille moyenne, id\u00e9al pour les trajets urbains et interurbains. Il se distingue par sa faible consommation de carburant, sa maniabilit\u00e9 fluide et ses multiples configurations, allant du bus de transport standard aux versions haut de gamme pour un voyage premium. Son int\u00e9rieur spacieux et ergonomique garantit un trajet confortable pour les passagers, tandis que son ch\u00e2ssis robuste et ses dispositifs de s\u00e9curit\u00e9 avanc\u00e9s en font un choix fiable pour les op\u00e9rateurs de flotte.<\/span><\/p>\n<p><span style=\"font-weight: 400;\">L\u2019Oryx, un autobus 4&#215;4, se d\u00e9marque par ses capacit\u00e9s tout-terrain, ce qui en fait une solution id\u00e9ale pour les zones recul\u00e9es ou les terrains difficiles o\u00f9 les bus classiques rencontrent des difficult\u00e9s. Il allie performance robuste et confort, assurant un service de transport fiable dans des conditions exigeantes.<\/span><\/p>\n<p><span style=\"font-weight: 400;\">Ces deux mod\u00e8les illustrent l\u2019engagement d\u2019Ashok Leyland envers la qualit\u00e9, la performance et la satisfaction client, en garantissant une exp\u00e9rience fluide, s\u00fbre et efficace, tant pour les op\u00e9rateurs que pour les passagers.<\/span><\/p>\n","protected":false},"excerpt":{"rendered":"<p><span style=\"font-weight: 400;\">Ashok Leyland propose une large gamme d\u2019autobus con\u00e7us pour r\u00e9pondre aux besoins du transport public, des services scolaires, du transport de personnel et des trajets longue distance. Parmi les mod\u00e8les phares figurent le Falcon et l\u2019Oryx, tous deux pens\u00e9s pour offrir confort, s\u00e9curit\u00e9 et efficacit\u00e9.<\/span><\/p>\n<p><span style=\"font-weight: 400;\">Le Falcon est un autobus polyvalent de taille moyenne, id\u00e9al pour les trajets urbains et interurbains. Il se distingue par sa faible consommation de carburant, sa maniabilit\u00e9 fluide et ses multiples configurations, allant du bus de transport standard aux versions haut de gamme pour un voyage premium. Son int\u00e9rieur spacieux et ergonomique garantit un trajet confortable pour les passagers, tandis que son ch\u00e2ssis robuste et ses dispositifs de s\u00e9curit\u00e9 avanc\u00e9s en font un choix fiable pour les op\u00e9rateurs de flotte.<\/span><\/p>\n<p><span style=\"font-weight: 400;\">L\u2019Oryx, un autobus 4&#215;4, se d\u00e9marque par ses capacit\u00e9s tout-terrain, ce qui en fait une solution id\u00e9ale pour les zones recul\u00e9es ou les terrains difficiles o\u00f9 les bus classiques rencontrent des difficult\u00e9s. Il allie performance robuste et confort, assurant un service de transport fiable dans des conditions exigeantes.<\/span><\/p>\n<p><span style=\"font-weight: 400;\">Ces deux mod\u00e8les illustrent l\u2019engagement d\u2019Ashok Leyland envers la qualit\u00e9, la performance et la satisfaction client, en garantissant une exp\u00e9rience fluide, s\u00fbre et efficace, tant pour les op\u00e9rateurs que pour les passagers.<\/span><\/p>\n","protected":false},"featured_media":3652,"comment_status":"open","ping_status":"closed","template":"","meta":{"_acf_changed":false},"product_brand":[],"product_cat":[458],"product_tag":[],"class_list":{"0":"post-3651","1":"product","2":"type-product","3":"status-publish","4":"has-post-thumbnail","6":"product_cat-sem-categoria-fr","7":"setores-construction-et-mines","8":"setores-petrole-et-gaz","9":"setores-transport-et-logistique","10":"marcas-ashok-leyland","11":"tipo_produto-autobus","13":"first","14":"instock","15":"shipping-taxable","16":"product-type-simple"},"acf":[],"yoast_head":"<!-- This site is optimized with the Yoast SEO plugin v25.2 - https:\/\/yoast.com\/wordpress\/plugins\/seo\/ -->\n<title>Autobus Ashok Leyland - Trevotech Group<\/title>\n<meta name=\"description\" content=\"Ashok Leyland propose une large gamme d\u2019autobus con\u00e7us pour r\u00e9pondre aux besoins du transport public, des services scolaires, du transport...\" \/>\n<meta name=\"robots\" content=\"index, follow, max-snippet:-1, max-image-preview:large, max-video-preview:-1\" \/>\n<link rel=\"canonical\" href=\"https:\/\/trevotech.com\/fr\/produto\/autobus\/\" \/>\n<meta property=\"og:locale\" content=\"fr_FR\" \/>\n<meta property=\"og:type\" content=\"article\" \/>\n<meta property=\"og:title\" content=\"Autobus Ashok Leyland - Trevotech Group\" \/>\n<meta property=\"og:description\" content=\"Ashok Leyland propose une large gamme d\u2019autobus con\u00e7us pour r\u00e9pondre aux besoins du transport public, des services scolaires, du transport...\" \/>\n<meta property=\"og:url\" content=\"https:\/\/trevotech.com\/fr\/produto\/autobus\/\" \/>\n<meta property=\"og:site_name\" content=\"Trevotech Group\" \/>\n<meta property=\"article:modified_time\" content=\"2025-08-05T08:34:36+00:00\" \/>\n<meta property=\"og:image\" content=\"https:\/\/trevotech.com\/wp-content\/uploads\/2024\/10\/ASHOK_Autocarros.webp\" \/>\n\t<meta property=\"og:image:width\" content=\"1000\" \/>\n\t<meta property=\"og:image:height\" content=\"1000\" \/>\n\t<meta property=\"og:image:type\" content=\"image\/webp\" \/>\n<meta name=\"twitter:card\" content=\"summary_large_image\" \/>\n<meta name=\"twitter:label1\" content=\"Dur\u00e9e de lecture estim\u00e9e\" \/>\n\t<meta name=\"twitter:data1\" content=\"3 minutes\" \/>\n<script type=\"application\/ld+json\" class=\"yoast-schema-graph\">{\"@context\":\"https:\/\/schema.org\",\"@graph\":[{\"@type\":\"WebPage\",\"@id\":\"https:\/\/trevotech.com\/fr\/produto\/autobus\/\",\"url\":\"https:\/\/trevotech.com\/fr\/produto\/autobus\/\",\"name\":\"Autobus Ashok Leyland - Trevotech Group\",\"isPartOf\":{\"@id\":\"https:\/\/trevotech.com\/fr\/#website\"},\"primaryImageOfPage\":{\"@id\":\"https:\/\/trevotech.com\/fr\/produto\/autobus\/#primaryimage\"},\"image\":{\"@id\":\"https:\/\/trevotech.com\/fr\/produto\/autobus\/#primaryimage\"},\"thumbnailUrl\":\"https:\/\/trevotech.com\/wp-content\/uploads\/2024\/10\/ASHOK_Autocarros.webp\",\"datePublished\":\"2025-03-20T08:16:12+00:00\",\"dateModified\":\"2025-08-05T08:34:36+00:00\",\"description\":\"Ashok Leyland propose une large gamme d\u2019autobus con\u00e7us pour r\u00e9pondre aux besoins du transport public, des services scolaires, du transport...\",\"breadcrumb\":{\"@id\":\"https:\/\/trevotech.com\/fr\/produto\/autobus\/#breadcrumb\"},\"inLanguage\":\"fr-FR\",\"potentialAction\":[{\"@type\":\"ReadAction\",\"target\":[\"https:\/\/trevotech.com\/fr\/produto\/autobus\/\"]}]},{\"@type\":\"ImageObject\",\"inLanguage\":\"fr-FR\",\"@id\":\"https:\/\/trevotech.com\/fr\/produto\/autobus\/#primaryimage\",\"url\":\"https:\/\/trevotech.com\/wp-content\/uploads\/2024\/10\/ASHOK_Autocarros.webp\",\"contentUrl\":\"https:\/\/trevotech.com\/wp-content\/uploads\/2024\/10\/ASHOK_Autocarros.webp\",\"width\":1000,\"height\":1000,\"caption\":\"Autocarros\"},{\"@type\":\"BreadcrumbList\",\"@id\":\"https:\/\/trevotech.com\/fr\/produto\/autobus\/#breadcrumb\",\"itemListElement\":[{\"@type\":\"ListItem\",\"position\":1,\"name\":\"In\u00edcio\",\"item\":\"https:\/\/trevotech.com\/fr\/\"},{\"@type\":\"ListItem\",\"position\":2,\"name\":\"Produits\",\"item\":\"https:\/\/trevotech.com\/fr\/shop\/\"},{\"@type\":\"ListItem\",\"position\":3,\"name\":\"Autobus\"}]},{\"@type\":\"WebSite\",\"@id\":\"https:\/\/trevotech.com\/fr\/#website\",\"url\":\"https:\/\/trevotech.com\/fr\/\",\"name\":\"Trevotech Group\",\"description\":\"\",\"potentialAction\":[{\"@type\":\"SearchAction\",\"target\":{\"@type\":\"EntryPoint\",\"urlTemplate\":\"https:\/\/trevotech.com\/fr\/?s={search_term_string}\"},\"query-input\":{\"@type\":\"PropertyValueSpecification\",\"valueRequired\":true,\"valueName\":\"search_term_string\"}}],\"inLanguage\":\"fr-FR\"}]}<\/script>\n<!-- \/ Yoast SEO plugin. -->","yoast_head_json":{"title":"Autobus Ashok Leyland - Trevotech Group","description":"Ashok Leyland propose une large gamme d\u2019autobus con\u00e7us pour r\u00e9pondre aux besoins du transport public, des services scolaires, du transport...","robots":{"index":"index","follow":"follow","max-snippet":"max-snippet:-1","max-image-preview":"max-image-preview:large","max-video-preview":"max-video-preview:-1"},"canonical":"https:\/\/trevotech.com\/fr\/produto\/autobus\/","og_locale":"fr_FR","og_type":"article","og_title":"Autobus Ashok Leyland - Trevotech Group","og_description":"Ashok Leyland propose une large gamme d\u2019autobus con\u00e7us pour r\u00e9pondre aux besoins du transport public, des services scolaires, du transport...","og_url":"https:\/\/trevotech.com\/fr\/produto\/autobus\/","og_site_name":"Trevotech Group","article_modified_time":"2025-08-05T08:34:36+00:00","og_image":[{"width":1000,"height":1000,"url":"https:\/\/trevotech.com\/wp-content\/uploads\/2024\/10\/ASHOK_Autocarros.webp","type":"image\/webp"}],"twitter_card":"summary_large_image","twitter_misc":{"Dur\u00e9e de lecture estim\u00e9e":"3 minutes"},"schema":{"@context":"https:\/\/schema.org","@graph":[{"@type":"WebPage","@id":"https:\/\/trevotech.com\/fr\/produto\/autobus\/","url":"https:\/\/trevotech.com\/fr\/produto\/autobus\/","name":"Autobus Ashok Leyland - Trevotech Group","isPartOf":{"@id":"https:\/\/trevotech.com\/fr\/#website"},"primaryImageOfPage":{"@id":"https:\/\/trevotech.com\/fr\/produto\/autobus\/#primaryimage"},"image":{"@id":"https:\/\/trevotech.com\/fr\/produto\/autobus\/#primaryimage"},"thumbnailUrl":"https:\/\/trevotech.com\/wp-content\/uploads\/2024\/10\/ASHOK_Autocarros.webp","datePublished":"2025-03-20T08:16:12+00:00","dateModified":"2025-08-05T08:34:36+00:00","description":"Ashok Leyland propose une large gamme d\u2019autobus con\u00e7us pour r\u00e9pondre aux besoins du transport public, des services scolaires, du transport...","breadcrumb":{"@id":"https:\/\/trevotech.com\/fr\/produto\/autobus\/#breadcrumb"},"inLanguage":"fr-FR","potentialAction":[{"@type":"ReadAction","target":["https:\/\/trevotech.com\/fr\/produto\/autobus\/"]}]},{"@type":"ImageObject","inLanguage":"fr-FR","@id":"https:\/\/trevotech.com\/fr\/produto\/autobus\/#primaryimage","url":"https:\/\/trevotech.com\/wp-content\/uploads\/2024\/10\/ASHOK_Autocarros.webp","contentUrl":"https:\/\/trevotech.com\/wp-content\/uploads\/2024\/10\/ASHOK_Autocarros.webp","width":1000,"height":1000,"caption":"Autocarros"},{"@type":"BreadcrumbList","@id":"https:\/\/trevotech.com\/fr\/produto\/autobus\/#breadcrumb","itemListElement":[{"@type":"ListItem","position":1,"name":"In\u00edcio","item":"https:\/\/trevotech.com\/fr\/"},{"@type":"ListItem","position":2,"name":"Produits","item":"https:\/\/trevotech.com\/fr\/shop\/"},{"@type":"ListItem","position":3,"name":"Autobus"}]},{"@type":"WebSite","@id":"https:\/\/trevotech.com\/fr\/#website","url":"https:\/\/trevotech.com\/fr\/","name":"Trevotech Group","description":"","potentialAction":[{"@type":"SearchAction","target":{"@type":"EntryPoint","urlTemplate":"https:\/\/trevotech.com\/fr\/?s={search_term_string}"},"query-input":{"@type":"PropertyValueSpecification","valueRequired":true,"valueName":"search_term_string"}}],"inLanguage":"fr-FR"}]}},"_links":{"self":[{"href":"https:\/\/trevotech.com\/fr\/wp-json\/wp\/v2\/product\/3651","targetHints":{"allow":["GET"]}}],"collection":[{"href":"https:\/\/trevotech.com\/fr\/wp-json\/wp\/v2\/product"}],"about":[{"href":"https:\/\/trevotech.com\/fr\/wp-json\/wp\/v2\/types\/product"}],"replies":[{"embeddable":true,"href":"https:\/\/trevotech.com\/fr\/wp-json\/wp\/v2\/comments?post=3651"}],"wp:featuredmedia":[{"embeddable":true,"href":"https:\/\/trevotech.com\/fr\/wp-json\/wp\/v2\/media\/3652"}],"wp:attachment":[{"href":"https:\/\/trevotech.com\/fr\/wp-json\/wp\/v2\/media?parent=3651"}],"wp:term":[{"taxonomy":"product_brand","embeddable":true,"href":"https:\/\/trevotech.com\/fr\/wp-json\/wp\/v2\/product_brand?post=3651"},{"taxonomy":"product_cat","embeddable":true,"href":"https:\/\/trevotech.com\/fr\/wp-json\/wp\/v2\/product_cat?post=3651"},{"taxonomy":"product_tag","embeddable":true,"href":"https:\/\/trevotech.com\/fr\/wp-json\/wp\/v2\/product_tag?post=3651"}],"curies":[{"name":"wp","href":"https:\/\/api.w.org\/{rel}","templated":true}]}}