{"id":3674,"date":"2025-03-20T08:15:26","date_gmt":"2025-03-20T08:15:26","guid":{"rendered":"https:\/\/trevotech.com\/produto\/veiculos-de-defesa-blindados\/"},"modified":"2025-08-05T08:36:04","modified_gmt":"2025-08-05T08:36:04","slug":"vehicules-de-defense-blindes","status":"publish","type":"product","link":"https:\/\/trevotech.com\/fr\/produto\/vehicules-de-defense-blindes\/","title":{"rendered":"V\u00e9hicules de D\u00e9fense : Blind\u00e9s"},"content":{"rendered":"<p><span style=\"font-weight: 400;\">La gamme de v\u00e9hicules blind\u00e9s de d\u00e9fense d\u2019Ashok Leyland est con\u00e7ue pour offrir une protection sup\u00e9rieure, une mobilit\u00e9 optimale et des performances \u00e9lev\u00e9es dans les sc\u00e9narios de combat et tactiques les plus exigeants. Pens\u00e9s pour les r\u00e9alit\u00e9s des conflits modernes, ces v\u00e9hicules reposent sur des plateformes \u00e9prouv\u00e9es au combat et proposent une protection modulable contre les menaces balistiques, les mines et les engins explosifs improvis\u00e9s (IED). Le v\u00e9hicule prot\u00e9g\u00e9 contre les mines (MPV), par exemple, est con\u00e7u pour r\u00e9sister \u00e0 des explosions de jusqu\u2019\u00e0 21 kg de TNT sous la coque, ce qui en fait une solution id\u00e9ale pour le transport de troupes en zones \u00e0 haut risque. Le v\u00e9hicule l\u00e9ger blind\u00e9 (LBPV) allie agilit\u00e9 et protection pour les missions de reconnaissance, avec une mobilit\u00e9 4&#215;4 et un blindage renforc\u00e9. Pour les op\u00e9rations de commandement et de contr\u00f4le en environnement hostile, le bus blind\u00e9 assure une protection contre les explosions pour jusqu\u2019\u00e0 24 personnes, sans compromettre le confort. Les solutions blind\u00e9es d\u2019Ashok Leyland \u2014 telles que les plateformes COLT, GARUDA et Stallion \u2014 associent conception modulaire, cha\u00eenes cin\u00e9matiques \u00e9prouv\u00e9es et un haut degr\u00e9 de personnalisation pour r\u00e9pondre aux exigences sp\u00e9cifiques de chaque mission. Ces v\u00e9hicules sont utilis\u00e9s par des forces arm\u00e9es du monde entier, faisant d\u2019Ashok Leyland un partenaire cl\u00e9 en mati\u00e8re de mobilit\u00e9 de d\u00e9fense.<\/span><\/p>\n<p><span style=\"font-weight: 400;\">La gamme de v\u00e9hicules blind\u00e9s de d\u00e9fense d\u2019Ashok Leyland est con\u00e7ue pour offrir une protection sup\u00e9rieure, une mobilit\u00e9 optimale et des performances \u00e9lev\u00e9es dans les sc\u00e9narios de combat et tactiques les plus exigeants. Pens\u00e9s pour les r\u00e9alit\u00e9s des conflits modernes, ces v\u00e9hicules reposent sur des plateformes \u00e9prouv\u00e9es au combat et proposent une protection modulable contre les menaces balistiques, les mines et les engins explosifs improvis\u00e9s (IED). Le v\u00e9hicule prot\u00e9g\u00e9 contre les mines (MPV), par exemple, est con\u00e7u pour r\u00e9sister \u00e0 des explosions de jusqu\u2019\u00e0 21 kg de TNT sous la coque, ce qui en fait une solution id\u00e9ale pour le transport de troupes en zones \u00e0 haut risque. Le v\u00e9hicule l\u00e9ger blind\u00e9 (LBPV) allie agilit\u00e9 et protection pour les missions de reconnaissance, avec une mobilit\u00e9 4&#215;4 et un blindage renforc\u00e9. Pour les op\u00e9rations de commandement et de contr\u00f4le en environnement hostile, le bus blind\u00e9 assure une protection contre les explosions pour jusqu\u2019\u00e0 24 personnes, sans compromettre le confort. Les solutions blind\u00e9es d\u2019Ashok Leyland \u2014 telles que les plateformes COLT, GARUDA et Stallion \u2014 associent conception modulaire, cha\u00eenes cin\u00e9matiques \u00e9prouv\u00e9es et un haut degr\u00e9 de personnalisation pour r\u00e9pondre aux exigences sp\u00e9cifiques de chaque mission. Ces v\u00e9hicules sont utilis\u00e9s par des forces arm\u00e9es du monde entier, faisant d\u2019Ashok Leyland un partenaire cl\u00e9 en mati\u00e8re de mobilit\u00e9 de d\u00e9fense.<\/span><\/p>\n","protected":false},"excerpt":{"rendered":"<p><span style=\"font-weight: 400;\">La gamme de v\u00e9hicules blind\u00e9s de d\u00e9fense d\u2019Ashok Leyland est con\u00e7ue pour offrir une protection sup\u00e9rieure, une mobilit\u00e9 optimale et des performances \u00e9lev\u00e9es dans les sc\u00e9narios de combat et tactiques les plus exigeants. Pens\u00e9s pour les r\u00e9alit\u00e9s des conflits modernes, ces v\u00e9hicules reposent sur des plateformes \u00e9prouv\u00e9es au combat et proposent une protection modulable contre les menaces balistiques, les mines et les engins explosifs improvis\u00e9s (IED). Le v\u00e9hicule prot\u00e9g\u00e9 contre les mines (MPV), par exemple, est con\u00e7u pour r\u00e9sister \u00e0 des explosions de jusqu\u2019\u00e0 21 kg de TNT sous la coque, ce qui en fait une solution id\u00e9ale pour le transport de troupes en zones \u00e0 haut risque. Le v\u00e9hicule l\u00e9ger blind\u00e9 (LBPV) allie agilit\u00e9 et protection pour les missions de reconnaissance, avec une mobilit\u00e9 4&#215;4 et un blindage renforc\u00e9. Pour les op\u00e9rations de commandement et de contr\u00f4le en environnement hostile, le bus blind\u00e9 assure une protection contre les explosions pour jusqu\u2019\u00e0 24 personnes, sans compromettre le confort. Les solutions blind\u00e9es d\u2019Ashok Leyland \u2014 telles que les plateformes COLT, GARUDA et Stallion \u2014 associent conception modulaire, cha\u00eenes cin\u00e9matiques \u00e9prouv\u00e9es et un haut degr\u00e9 de personnalisation pour r\u00e9pondre aux exigences sp\u00e9cifiques de chaque mission. Ces v\u00e9hicules sont utilis\u00e9s par des forces arm\u00e9es du monde entier, faisant d\u2019Ashok Leyland un partenaire cl\u00e9 en mati\u00e8re de mobilit\u00e9 de d\u00e9fense.<\/span><\/p>\n","protected":false},"featured_media":3675,"comment_status":"closed","ping_status":"closed","template":"","meta":{"_acf_changed":false},"product_brand":[],"product_cat":[458],"product_tag":[],"class_list":{"0":"post-3674","1":"product","2":"type-product","3":"status-publish","4":"has-post-thumbnail","6":"product_cat-sem-categoria-fr","7":"setores-construction-et-mines","8":"marcas-ashok-leyland","9":"tipo_produto-vehicules-de-defense","11":"first","12":"instock","13":"shipping-taxable","14":"product-type-simple"},"acf":[],"yoast_head":"<!-- This site is optimized with the Yoast SEO plugin v25.2 - https:\/\/yoast.com\/wordpress\/plugins\/seo\/ -->\n<title>V\u00e9hicules de D\u00e9fense : Blind\u00e9s Ashok Leyland - Trevotech Group<\/title>\n<meta name=\"description\" content=\"La gamme de v\u00e9hicules blind\u00e9s de d\u00e9fense d\u2019Ashok Leyland est con\u00e7ue pour offrir une protection sup\u00e9rieure, une mobilit\u00e9 optimale...\" \/>\n<meta name=\"robots\" content=\"index, follow, max-snippet:-1, max-image-preview:large, max-video-preview:-1\" \/>\n<link rel=\"canonical\" href=\"https:\/\/trevotech.com\/fr\/produto\/vehicules-de-defense-blindes\/\" \/>\n<meta property=\"og:locale\" content=\"fr_FR\" \/>\n<meta property=\"og:type\" content=\"article\" \/>\n<meta property=\"og:title\" content=\"V\u00e9hicules de D\u00e9fense : Blind\u00e9s Ashok Leyland - Trevotech Group\" \/>\n<meta property=\"og:description\" content=\"La gamme de v\u00e9hicules blind\u00e9s de d\u00e9fense d\u2019Ashok Leyland est con\u00e7ue pour offrir une protection sup\u00e9rieure, une mobilit\u00e9 optimale...\" \/>\n<meta property=\"og:url\" content=\"https:\/\/trevotech.com\/fr\/produto\/vehicules-de-defense-blindes\/\" \/>\n<meta property=\"og:site_name\" content=\"Trevotech Group\" \/>\n<meta property=\"article:modified_time\" content=\"2025-08-05T08:36:04+00:00\" \/>\n<meta property=\"og:image\" content=\"https:\/\/trevotech.com\/wp-content\/uploads\/2025\/03\/Website_content_export_v2-02.webp\" \/>\n\t<meta property=\"og:image:width\" content=\"1000\" \/>\n\t<meta property=\"og:image:height\" content=\"1000\" \/>\n\t<meta property=\"og:image:type\" content=\"image\/webp\" \/>\n<meta name=\"twitter:card\" content=\"summary_large_image\" \/>\n<meta name=\"twitter:label1\" content=\"Dur\u00e9e de lecture estim\u00e9e\" \/>\n\t<meta name=\"twitter:data1\" content=\"3 minutes\" \/>\n<script type=\"application\/ld+json\" class=\"yoast-schema-graph\">{\"@context\":\"https:\/\/schema.org\",\"@graph\":[{\"@type\":\"WebPage\",\"@id\":\"https:\/\/trevotech.com\/fr\/produto\/vehicules-de-defense-blindes\/\",\"url\":\"https:\/\/trevotech.com\/fr\/produto\/vehicules-de-defense-blindes\/\",\"name\":\"V\u00e9hicules de D\u00e9fense : Blind\u00e9s Ashok Leyland - Trevotech Group\",\"isPartOf\":{\"@id\":\"https:\/\/trevotech.com\/fr\/#website\"},\"primaryImageOfPage\":{\"@id\":\"https:\/\/trevotech.com\/fr\/produto\/vehicules-de-defense-blindes\/#primaryimage\"},\"image\":{\"@id\":\"https:\/\/trevotech.com\/fr\/produto\/vehicules-de-defense-blindes\/#primaryimage\"},\"thumbnailUrl\":\"https:\/\/trevotech.com\/wp-content\/uploads\/2025\/03\/Website_content_export_v2-02.webp\",\"datePublished\":\"2025-03-20T08:15:26+00:00\",\"dateModified\":\"2025-08-05T08:36:04+00:00\",\"description\":\"La gamme de v\u00e9hicules blind\u00e9s de d\u00e9fense d\u2019Ashok Leyland est con\u00e7ue pour offrir une protection sup\u00e9rieure, une mobilit\u00e9 optimale...\",\"breadcrumb\":{\"@id\":\"https:\/\/trevotech.com\/fr\/produto\/vehicules-de-defense-blindes\/#breadcrumb\"},\"inLanguage\":\"fr-FR\",\"potentialAction\":[{\"@type\":\"ReadAction\",\"target\":[\"https:\/\/trevotech.com\/fr\/produto\/vehicules-de-defense-blindes\/\"]}]},{\"@type\":\"ImageObject\",\"inLanguage\":\"fr-FR\",\"@id\":\"https:\/\/trevotech.com\/fr\/produto\/vehicules-de-defense-blindes\/#primaryimage\",\"url\":\"https:\/\/trevotech.com\/wp-content\/uploads\/2025\/03\/Website_content_export_v2-02.webp\",\"contentUrl\":\"https:\/\/trevotech.com\/wp-content\/uploads\/2025\/03\/Website_content_export_v2-02.webp\",\"width\":1000,\"height\":1000,\"caption\":\"Ve\u00edculos de Defesa: Blindados\"},{\"@type\":\"BreadcrumbList\",\"@id\":\"https:\/\/trevotech.com\/fr\/produto\/vehicules-de-defense-blindes\/#breadcrumb\",\"itemListElement\":[{\"@type\":\"ListItem\",\"position\":1,\"name\":\"In\u00edcio\",\"item\":\"https:\/\/trevotech.com\/fr\/\"},{\"@type\":\"ListItem\",\"position\":2,\"name\":\"Produits\",\"item\":\"https:\/\/trevotech.com\/fr\/shop\/\"},{\"@type\":\"ListItem\",\"position\":3,\"name\":\"V\u00e9hicules de D\u00e9fense : Blind\u00e9s\"}]},{\"@type\":\"WebSite\",\"@id\":\"https:\/\/trevotech.com\/fr\/#website\",\"url\":\"https:\/\/trevotech.com\/fr\/\",\"name\":\"Trevotech Group\",\"description\":\"\",\"potentialAction\":[{\"@type\":\"SearchAction\",\"target\":{\"@type\":\"EntryPoint\",\"urlTemplate\":\"https:\/\/trevotech.com\/fr\/?s={search_term_string}\"},\"query-input\":{\"@type\":\"PropertyValueSpecification\",\"valueRequired\":true,\"valueName\":\"search_term_string\"}}],\"inLanguage\":\"fr-FR\"}]}<\/script>\n<!-- \/ Yoast SEO plugin. -->","yoast_head_json":{"title":"V\u00e9hicules de D\u00e9fense : Blind\u00e9s Ashok Leyland - Trevotech Group","description":"La gamme de v\u00e9hicules blind\u00e9s de d\u00e9fense d\u2019Ashok Leyland est con\u00e7ue pour offrir une protection sup\u00e9rieure, une mobilit\u00e9 optimale...","robots":{"index":"index","follow":"follow","max-snippet":"max-snippet:-1","max-image-preview":"max-image-preview:large","max-video-preview":"max-video-preview:-1"},"canonical":"https:\/\/trevotech.com\/fr\/produto\/vehicules-de-defense-blindes\/","og_locale":"fr_FR","og_type":"article","og_title":"V\u00e9hicules de D\u00e9fense : Blind\u00e9s Ashok Leyland - Trevotech Group","og_description":"La gamme de v\u00e9hicules blind\u00e9s de d\u00e9fense d\u2019Ashok Leyland est con\u00e7ue pour offrir une protection sup\u00e9rieure, une mobilit\u00e9 optimale...","og_url":"https:\/\/trevotech.com\/fr\/produto\/vehicules-de-defense-blindes\/","og_site_name":"Trevotech Group","article_modified_time":"2025-08-05T08:36:04+00:00","og_image":[{"width":1000,"height":1000,"url":"https:\/\/trevotech.com\/wp-content\/uploads\/2025\/03\/Website_content_export_v2-02.webp","type":"image\/webp"}],"twitter_card":"summary_large_image","twitter_misc":{"Dur\u00e9e de lecture estim\u00e9e":"3 minutes"},"schema":{"@context":"https:\/\/schema.org","@graph":[{"@type":"WebPage","@id":"https:\/\/trevotech.com\/fr\/produto\/vehicules-de-defense-blindes\/","url":"https:\/\/trevotech.com\/fr\/produto\/vehicules-de-defense-blindes\/","name":"V\u00e9hicules de D\u00e9fense : Blind\u00e9s Ashok Leyland - Trevotech Group","isPartOf":{"@id":"https:\/\/trevotech.com\/fr\/#website"},"primaryImageOfPage":{"@id":"https:\/\/trevotech.com\/fr\/produto\/vehicules-de-defense-blindes\/#primaryimage"},"image":{"@id":"https:\/\/trevotech.com\/fr\/produto\/vehicules-de-defense-blindes\/#primaryimage"},"thumbnailUrl":"https:\/\/trevotech.com\/wp-content\/uploads\/2025\/03\/Website_content_export_v2-02.webp","datePublished":"2025-03-20T08:15:26+00:00","dateModified":"2025-08-05T08:36:04+00:00","description":"La gamme de v\u00e9hicules blind\u00e9s de d\u00e9fense d\u2019Ashok Leyland est con\u00e7ue pour offrir une protection sup\u00e9rieure, une mobilit\u00e9 optimale...","breadcrumb":{"@id":"https:\/\/trevotech.com\/fr\/produto\/vehicules-de-defense-blindes\/#breadcrumb"},"inLanguage":"fr-FR","potentialAction":[{"@type":"ReadAction","target":["https:\/\/trevotech.com\/fr\/produto\/vehicules-de-defense-blindes\/"]}]},{"@type":"ImageObject","inLanguage":"fr-FR","@id":"https:\/\/trevotech.com\/fr\/produto\/vehicules-de-defense-blindes\/#primaryimage","url":"https:\/\/trevotech.com\/wp-content\/uploads\/2025\/03\/Website_content_export_v2-02.webp","contentUrl":"https:\/\/trevotech.com\/wp-content\/uploads\/2025\/03\/Website_content_export_v2-02.webp","width":1000,"height":1000,"caption":"Ve\u00edculos de Defesa: Blindados"},{"@type":"BreadcrumbList","@id":"https:\/\/trevotech.com\/fr\/produto\/vehicules-de-defense-blindes\/#breadcrumb","itemListElement":[{"@type":"ListItem","position":1,"name":"In\u00edcio","item":"https:\/\/trevotech.com\/fr\/"},{"@type":"ListItem","position":2,"name":"Produits","item":"https:\/\/trevotech.com\/fr\/shop\/"},{"@type":"ListItem","position":3,"name":"V\u00e9hicules de D\u00e9fense : Blind\u00e9s"}]},{"@type":"WebSite","@id":"https:\/\/trevotech.com\/fr\/#website","url":"https:\/\/trevotech.com\/fr\/","name":"Trevotech Group","description":"","potentialAction":[{"@type":"SearchAction","target":{"@type":"EntryPoint","urlTemplate":"https:\/\/trevotech.com\/fr\/?s={search_term_string}"},"query-input":{"@type":"PropertyValueSpecification","valueRequired":true,"valueName":"search_term_string"}}],"inLanguage":"fr-FR"}]}},"_links":{"self":[{"href":"https:\/\/trevotech.com\/fr\/wp-json\/wp\/v2\/product\/3674","targetHints":{"allow":["GET"]}}],"collection":[{"href":"https:\/\/trevotech.com\/fr\/wp-json\/wp\/v2\/product"}],"about":[{"href":"https:\/\/trevotech.com\/fr\/wp-json\/wp\/v2\/types\/product"}],"replies":[{"embeddable":true,"href":"https:\/\/trevotech.com\/fr\/wp-json\/wp\/v2\/comments?post=3674"}],"wp:featuredmedia":[{"embeddable":true,"href":"https:\/\/trevotech.com\/fr\/wp-json\/wp\/v2\/media\/3675"}],"wp:attachment":[{"href":"https:\/\/trevotech.com\/fr\/wp-json\/wp\/v2\/media?parent=3674"}],"wp:term":[{"taxonomy":"product_brand","embeddable":true,"href":"https:\/\/trevotech.com\/fr\/wp-json\/wp\/v2\/product_brand?post=3674"},{"taxonomy":"product_cat","embeddable":true,"href":"https:\/\/trevotech.com\/fr\/wp-json\/wp\/v2\/product_cat?post=3674"},{"taxonomy":"product_tag","embeddable":true,"href":"https:\/\/trevotech.com\/fr\/wp-json\/wp\/v2\/product_tag?post=3674"}],"curies":[{"name":"wp","href":"https:\/\/api.w.org\/{rel}","templated":true}]}}