{"id":3677,"date":"2025-03-20T08:10:36","date_gmt":"2025-03-20T08:10:36","guid":{"rendered":"https:\/\/trevotech.com\/produto\/veiculos-de-defesa-alta-mobilidade\/"},"modified":"2025-08-05T08:40:16","modified_gmt":"2025-08-05T08:40:16","slug":"vehicules-de-defense-haute-mobilite","status":"publish","type":"product","link":"https:\/\/trevotech.com\/fr\/produto\/vehicules-de-defense-haute-mobilite\/","title":{"rendered":"V\u00e9hicules de D\u00e9fense: Haute Mobilit\u00e9"},"content":{"rendered":"<p><span style=\"font-weight: 400;\">La gamme de V\u00e9hicules de D\u00e9fense \u00e0 haute mobilit\u00e9 d\u2019Ashok Leyland a \u00e9t\u00e9 sp\u00e9cialement d\u00e9velopp\u00e9e pour offrir des performances tout-terrain exceptionnelles, une grande capacit\u00e9 de charge et une polyvalence tactique dans les op\u00e9rations militaires les plus exigeantes. Con\u00e7us pour garantir agilit\u00e9 et durabilit\u00e9, ces v\u00e9hicules remplissent un large \u00e9ventail de fonctions \u2014 du transport de troupes et de mat\u00e9riel au support de syst\u00e8mes d\u2019armement et de radars. Le Super Stallion 8&#215;8, \u00e9quip\u00e9 d\u2019un puissant moteur de 360 ch, fournit un couple \u00e9lev\u00e9 pour le transport de charges lourdes sur des terrains difficiles, et peut \u00eatre adapt\u00e9 \u00e0 l\u2019installation de syst\u00e8mes d\u2019artillerie ou d\u2019\u00e9quipements de g\u00e9nie. Le Stallion 6&#215;6, pilier de nombreuses forces arm\u00e9es, offre un \u00e9quilibre id\u00e9al entre mobilit\u00e9 et capacit\u00e9 de charge, pouvant transporter jusqu\u2019\u00e0 8 tonnes. Pour des op\u00e9rations plus l\u00e9g\u00e8res et plus rapides, le GARUDA 4&#215;4 est une solution compacte et robuste, parfaite pour les missions de reconnaissance ou d\u2019intervention rapide. Gr\u00e2ce \u00e0 un design modulaire, une excellente aptitude au franchissement et une compatibilit\u00e9 avec un large \u00e9ventail d\u2019applications militaires, les v\u00e9hicules \u00e0 haute mobilit\u00e9 d\u2019Ashok Leyland garantissent une efficacit\u00e9 op\u00e9rationnelle et le succ\u00e8s des missions, m\u00eame dans les conditions les plus extr\u00eames.<\/span><\/p>\n<p><span style=\"font-weight: 400;\">La gamme de V\u00e9hicules de D\u00e9fense \u00e0 haute mobilit\u00e9 d\u2019Ashok Leyland a \u00e9t\u00e9 sp\u00e9cialement d\u00e9velopp\u00e9e pour offrir des performances tout-terrain exceptionnelles, une grande capacit\u00e9 de charge et une polyvalence tactique dans les op\u00e9rations militaires les plus exigeantes. Con\u00e7us pour garantir agilit\u00e9 et durabilit\u00e9, ces v\u00e9hicules remplissent un large \u00e9ventail de fonctions \u2014 du transport de troupes et de mat\u00e9riel au support de syst\u00e8mes d\u2019armement et de radars. Le Super Stallion 8&#215;8, \u00e9quip\u00e9 d\u2019un puissant moteur de 360 ch, fournit un couple \u00e9lev\u00e9 pour le transport de charges lourdes sur des terrains difficiles, et peut \u00eatre adapt\u00e9 \u00e0 l\u2019installation de syst\u00e8mes d\u2019artillerie ou d\u2019\u00e9quipements de g\u00e9nie. Le Stallion 6&#215;6, pilier de nombreuses forces arm\u00e9es, offre un \u00e9quilibre id\u00e9al entre mobilit\u00e9 et capacit\u00e9 de charge, pouvant transporter jusqu\u2019\u00e0 8 tonnes. Pour des op\u00e9rations plus l\u00e9g\u00e8res et plus rapides, le GARUDA 4&#215;4 est une solution compacte et robuste, parfaite pour les missions de reconnaissance ou d\u2019intervention rapide. Gr\u00e2ce \u00e0 un design modulaire, une excellente aptitude au franchissement et une compatibilit\u00e9 avec un large \u00e9ventail d\u2019applications militaires, les v\u00e9hicules \u00e0 haute mobilit\u00e9 d\u2019Ashok Leyland garantissent une efficacit\u00e9 op\u00e9rationnelle et le succ\u00e8s des missions, m\u00eame dans les conditions les plus extr\u00eames.<\/span><\/p>\n","protected":false},"excerpt":{"rendered":"<p><span style=\"font-weight: 400;\">La gamme de v\u00e9hicules \u00e0 haute mobilit\u00e9 d\u2019Ashok Leyland a \u00e9t\u00e9 sp\u00e9cialement d\u00e9velopp\u00e9e pour offrir des performances tout-terrain exceptionnelles, une grande capacit\u00e9 de charge et une polyvalence tactique dans les op\u00e9rations militaires les plus exigeantes. Con\u00e7us pour garantir agilit\u00e9 et durabilit\u00e9, ces v\u00e9hicules remplissent un large \u00e9ventail de fonctions \u2014 du transport de troupes et de mat\u00e9riel au support de syst\u00e8mes d\u2019armement et de radars. Le Super Stallion 8&#215;8, \u00e9quip\u00e9 d\u2019un puissant moteur de 360 ch, fournit un couple \u00e9lev\u00e9 pour le transport de charges lourdes sur des terrains difficiles, et peut \u00eatre adapt\u00e9 \u00e0 l\u2019installation de syst\u00e8mes d\u2019artillerie ou d\u2019\u00e9quipements de g\u00e9nie. Le Stallion 6&#215;6, pilier de nombreuses forces arm\u00e9es, offre un \u00e9quilibre id\u00e9al entre mobilit\u00e9 et capacit\u00e9 de charge, pouvant transporter jusqu\u2019\u00e0 8 tonnes. Pour des op\u00e9rations plus l\u00e9g\u00e8res et plus rapides, le GARUDA 4&#215;4 est une solution compacte et robuste, parfaite pour les missions de reconnaissance ou d\u2019intervention rapide. Gr\u00e2ce \u00e0 un design modulaire, une excellente aptitude au franchissement et une compatibilit\u00e9 avec un large \u00e9ventail d\u2019applications militaires, les v\u00e9hicules \u00e0 haute mobilit\u00e9 d\u2019Ashok Leyland garantissent une efficacit\u00e9 op\u00e9rationnelle et le succ\u00e8s des missions, m\u00eame dans les conditions les plus extr\u00eames.<\/span><\/p>\n","protected":false},"featured_media":4753,"comment_status":"open","ping_status":"closed","template":"","meta":{"_acf_changed":false},"product_brand":[],"product_cat":[458],"product_tag":[],"class_list":{"0":"post-3677","1":"product","2":"type-product","3":"status-publish","4":"has-post-thumbnail","6":"product_cat-sem-categoria-fr","7":"setores-construction-et-mines","8":"setores-petrole-et-gaz","9":"setores-transport-et-logistique","10":"marcas-ashok-leyland","11":"tipo_produto-vehicules-de-defense","13":"first","14":"instock","15":"shipping-taxable","16":"product-type-simple"},"acf":[],"yoast_head":"<!-- This site is optimized with the Yoast SEO plugin v25.2 - https:\/\/yoast.com\/wordpress\/plugins\/seo\/ -->\n<title>V\u00e9hicules de D\u00e9fense: Haute Mobilit\u00e9 Ashok Leyland - Trevotech Group<\/title>\n<meta name=\"description\" content=\"La gamme de V\u00e9hicules de D\u00e9fense \u00e0 haute mobilit\u00e9 d\u2019Ashok Leyland a \u00e9t\u00e9 sp\u00e9cialement d\u00e9velopp\u00e9e pour offrir des performances tout-terrain...\" \/>\n<meta name=\"robots\" content=\"index, follow, max-snippet:-1, max-image-preview:large, max-video-preview:-1\" \/>\n<link rel=\"canonical\" href=\"https:\/\/trevotech.com\/fr\/produto\/vehicules-de-defense-haute-mobilite\/\" \/>\n<meta property=\"og:locale\" content=\"fr_FR\" \/>\n<meta property=\"og:type\" content=\"article\" \/>\n<meta property=\"og:title\" content=\"V\u00e9hicules de D\u00e9fense: Haute Mobilit\u00e9 Ashok Leyland - Trevotech Group\" \/>\n<meta property=\"og:description\" content=\"La gamme de V\u00e9hicules de D\u00e9fense \u00e0 haute mobilit\u00e9 d\u2019Ashok Leyland a \u00e9t\u00e9 sp\u00e9cialement d\u00e9velopp\u00e9e pour offrir des performances tout-terrain...\" \/>\n<meta property=\"og:url\" content=\"https:\/\/trevotech.com\/fr\/produto\/vehicules-de-defense-haute-mobilite\/\" \/>\n<meta property=\"og:site_name\" content=\"Trevotech Group\" \/>\n<meta property=\"article:modified_time\" content=\"2025-08-05T08:40:16+00:00\" \/>\n<meta property=\"og:image\" content=\"https:\/\/trevotech.com\/wp-content\/uploads\/2024\/10\/2025_C_.webp\" \/>\n\t<meta property=\"og:image:width\" content=\"1000\" \/>\n\t<meta property=\"og:image:height\" content=\"1000\" \/>\n\t<meta property=\"og:image:type\" content=\"image\/webp\" \/>\n<meta name=\"twitter:card\" content=\"summary_large_image\" \/>\n<meta name=\"twitter:label1\" content=\"Dur\u00e9e de lecture estim\u00e9e\" \/>\n\t<meta name=\"twitter:data1\" content=\"3 minutes\" \/>\n<script type=\"application\/ld+json\" class=\"yoast-schema-graph\">{\"@context\":\"https:\/\/schema.org\",\"@graph\":[{\"@type\":\"WebPage\",\"@id\":\"https:\/\/trevotech.com\/fr\/produto\/vehicules-de-defense-haute-mobilite\/\",\"url\":\"https:\/\/trevotech.com\/fr\/produto\/vehicules-de-defense-haute-mobilite\/\",\"name\":\"V\u00e9hicules de D\u00e9fense: Haute Mobilit\u00e9 Ashok Leyland - Trevotech Group\",\"isPartOf\":{\"@id\":\"https:\/\/trevotech.com\/fr\/#website\"},\"primaryImageOfPage\":{\"@id\":\"https:\/\/trevotech.com\/fr\/produto\/vehicules-de-defense-haute-mobilite\/#primaryimage\"},\"image\":{\"@id\":\"https:\/\/trevotech.com\/fr\/produto\/vehicules-de-defense-haute-mobilite\/#primaryimage\"},\"thumbnailUrl\":\"https:\/\/trevotech.com\/wp-content\/uploads\/2025\/03\/Mobilidade-alta_-scaled.webp\",\"datePublished\":\"2025-03-20T08:10:36+00:00\",\"dateModified\":\"2025-08-05T08:40:16+00:00\",\"description\":\"La gamme de V\u00e9hicules de D\u00e9fense \u00e0 haute mobilit\u00e9 d\u2019Ashok Leyland a \u00e9t\u00e9 sp\u00e9cialement d\u00e9velopp\u00e9e pour offrir des performances tout-terrain...\",\"breadcrumb\":{\"@id\":\"https:\/\/trevotech.com\/fr\/produto\/vehicules-de-defense-haute-mobilite\/#breadcrumb\"},\"inLanguage\":\"fr-FR\",\"potentialAction\":[{\"@type\":\"ReadAction\",\"target\":[\"https:\/\/trevotech.com\/fr\/produto\/vehicules-de-defense-haute-mobilite\/\"]}]},{\"@type\":\"ImageObject\",\"inLanguage\":\"fr-FR\",\"@id\":\"https:\/\/trevotech.com\/fr\/produto\/vehicules-de-defense-haute-mobilite\/#primaryimage\",\"url\":\"https:\/\/trevotech.com\/wp-content\/uploads\/2025\/03\/Mobilidade-alta_-scaled.webp\",\"contentUrl\":\"https:\/\/trevotech.com\/wp-content\/uploads\/2025\/03\/Mobilidade-alta_-scaled.webp\",\"width\":2560,\"height\":2560,\"caption\":\"Ve\u00edculos de Defesa Alta Mobilidade\"},{\"@type\":\"BreadcrumbList\",\"@id\":\"https:\/\/trevotech.com\/fr\/produto\/vehicules-de-defense-haute-mobilite\/#breadcrumb\",\"itemListElement\":[{\"@type\":\"ListItem\",\"position\":1,\"name\":\"In\u00edcio\",\"item\":\"https:\/\/trevotech.com\/fr\/\"},{\"@type\":\"ListItem\",\"position\":2,\"name\":\"Produits\",\"item\":\"https:\/\/trevotech.com\/fr\/shop\/\"},{\"@type\":\"ListItem\",\"position\":3,\"name\":\"V\u00e9hicules de D\u00e9fense: Haute Mobilit\u00e9\"}]},{\"@type\":\"WebSite\",\"@id\":\"https:\/\/trevotech.com\/fr\/#website\",\"url\":\"https:\/\/trevotech.com\/fr\/\",\"name\":\"Trevotech Group\",\"description\":\"\",\"potentialAction\":[{\"@type\":\"SearchAction\",\"target\":{\"@type\":\"EntryPoint\",\"urlTemplate\":\"https:\/\/trevotech.com\/fr\/?s={search_term_string}\"},\"query-input\":{\"@type\":\"PropertyValueSpecification\",\"valueRequired\":true,\"valueName\":\"search_term_string\"}}],\"inLanguage\":\"fr-FR\"}]}<\/script>\n<!-- \/ Yoast SEO plugin. -->","yoast_head_json":{"title":"V\u00e9hicules de D\u00e9fense: Haute Mobilit\u00e9 Ashok Leyland - Trevotech Group","description":"La gamme de V\u00e9hicules de D\u00e9fense \u00e0 haute mobilit\u00e9 d\u2019Ashok Leyland a \u00e9t\u00e9 sp\u00e9cialement d\u00e9velopp\u00e9e pour offrir des performances tout-terrain...","robots":{"index":"index","follow":"follow","max-snippet":"max-snippet:-1","max-image-preview":"max-image-preview:large","max-video-preview":"max-video-preview:-1"},"canonical":"https:\/\/trevotech.com\/fr\/produto\/vehicules-de-defense-haute-mobilite\/","og_locale":"fr_FR","og_type":"article","og_title":"V\u00e9hicules de D\u00e9fense: Haute Mobilit\u00e9 Ashok Leyland - Trevotech Group","og_description":"La gamme de V\u00e9hicules de D\u00e9fense \u00e0 haute mobilit\u00e9 d\u2019Ashok Leyland a \u00e9t\u00e9 sp\u00e9cialement d\u00e9velopp\u00e9e pour offrir des performances tout-terrain...","og_url":"https:\/\/trevotech.com\/fr\/produto\/vehicules-de-defense-haute-mobilite\/","og_site_name":"Trevotech Group","article_modified_time":"2025-08-05T08:40:16+00:00","og_image":[{"width":1000,"height":1000,"url":"https:\/\/trevotech.com\/wp-content\/uploads\/2024\/10\/2025_C_.webp","type":"image\/webp"}],"twitter_card":"summary_large_image","twitter_misc":{"Dur\u00e9e de lecture estim\u00e9e":"3 minutes"},"schema":{"@context":"https:\/\/schema.org","@graph":[{"@type":"WebPage","@id":"https:\/\/trevotech.com\/fr\/produto\/vehicules-de-defense-haute-mobilite\/","url":"https:\/\/trevotech.com\/fr\/produto\/vehicules-de-defense-haute-mobilite\/","name":"V\u00e9hicules de D\u00e9fense: Haute Mobilit\u00e9 Ashok Leyland - Trevotech Group","isPartOf":{"@id":"https:\/\/trevotech.com\/fr\/#website"},"primaryImageOfPage":{"@id":"https:\/\/trevotech.com\/fr\/produto\/vehicules-de-defense-haute-mobilite\/#primaryimage"},"image":{"@id":"https:\/\/trevotech.com\/fr\/produto\/vehicules-de-defense-haute-mobilite\/#primaryimage"},"thumbnailUrl":"https:\/\/trevotech.com\/wp-content\/uploads\/2025\/03\/Mobilidade-alta_-scaled.webp","datePublished":"2025-03-20T08:10:36+00:00","dateModified":"2025-08-05T08:40:16+00:00","description":"La gamme de V\u00e9hicules de D\u00e9fense \u00e0 haute mobilit\u00e9 d\u2019Ashok Leyland a \u00e9t\u00e9 sp\u00e9cialement d\u00e9velopp\u00e9e pour offrir des performances tout-terrain...","breadcrumb":{"@id":"https:\/\/trevotech.com\/fr\/produto\/vehicules-de-defense-haute-mobilite\/#breadcrumb"},"inLanguage":"fr-FR","potentialAction":[{"@type":"ReadAction","target":["https:\/\/trevotech.com\/fr\/produto\/vehicules-de-defense-haute-mobilite\/"]}]},{"@type":"ImageObject","inLanguage":"fr-FR","@id":"https:\/\/trevotech.com\/fr\/produto\/vehicules-de-defense-haute-mobilite\/#primaryimage","url":"https:\/\/trevotech.com\/wp-content\/uploads\/2025\/03\/Mobilidade-alta_-scaled.webp","contentUrl":"https:\/\/trevotech.com\/wp-content\/uploads\/2025\/03\/Mobilidade-alta_-scaled.webp","width":2560,"height":2560,"caption":"Ve\u00edculos de Defesa Alta Mobilidade"},{"@type":"BreadcrumbList","@id":"https:\/\/trevotech.com\/fr\/produto\/vehicules-de-defense-haute-mobilite\/#breadcrumb","itemListElement":[{"@type":"ListItem","position":1,"name":"In\u00edcio","item":"https:\/\/trevotech.com\/fr\/"},{"@type":"ListItem","position":2,"name":"Produits","item":"https:\/\/trevotech.com\/fr\/shop\/"},{"@type":"ListItem","position":3,"name":"V\u00e9hicules de D\u00e9fense: Haute Mobilit\u00e9"}]},{"@type":"WebSite","@id":"https:\/\/trevotech.com\/fr\/#website","url":"https:\/\/trevotech.com\/fr\/","name":"Trevotech Group","description":"","potentialAction":[{"@type":"SearchAction","target":{"@type":"EntryPoint","urlTemplate":"https:\/\/trevotech.com\/fr\/?s={search_term_string}"},"query-input":{"@type":"PropertyValueSpecification","valueRequired":true,"valueName":"search_term_string"}}],"inLanguage":"fr-FR"}]}},"_links":{"self":[{"href":"https:\/\/trevotech.com\/fr\/wp-json\/wp\/v2\/product\/3677","targetHints":{"allow":["GET"]}}],"collection":[{"href":"https:\/\/trevotech.com\/fr\/wp-json\/wp\/v2\/product"}],"about":[{"href":"https:\/\/trevotech.com\/fr\/wp-json\/wp\/v2\/types\/product"}],"replies":[{"embeddable":true,"href":"https:\/\/trevotech.com\/fr\/wp-json\/wp\/v2\/comments?post=3677"}],"wp:featuredmedia":[{"embeddable":true,"href":"https:\/\/trevotech.com\/fr\/wp-json\/wp\/v2\/media\/4753"}],"wp:attachment":[{"href":"https:\/\/trevotech.com\/fr\/wp-json\/wp\/v2\/media?parent=3677"}],"wp:term":[{"taxonomy":"product_brand","embeddable":true,"href":"https:\/\/trevotech.com\/fr\/wp-json\/wp\/v2\/product_brand?post=3677"},{"taxonomy":"product_cat","embeddable":true,"href":"https:\/\/trevotech.com\/fr\/wp-json\/wp\/v2\/product_cat?post=3677"},{"taxonomy":"product_tag","embeddable":true,"href":"https:\/\/trevotech.com\/fr\/wp-json\/wp\/v2\/product_tag?post=3677"}],"curies":[{"name":"wp","href":"https:\/\/api.w.org\/{rel}","templated":true}]}}