{"id":3680,"date":"2025-03-20T08:05:01","date_gmt":"2025-03-20T08:05:01","guid":{"rendered":"https:\/\/trevotech.com\/produto\/veiculos-de-defesa-especializados\/"},"modified":"2025-08-05T08:41:16","modified_gmt":"2025-08-05T08:41:16","slug":"vehicules-de-defense-specialises","status":"publish","type":"product","link":"https:\/\/trevotech.com\/fr\/produto\/vehicules-de-defense-specialises\/","title":{"rendered":"V\u00e9hicules de D\u00e9fense: Sp\u00e9cialis\u00e9s"},"content":{"rendered":"<p><span style=\"font-weight: 400;\">La gamme de v\u00e9hicules de d\u00e9fense sp\u00e9cialis\u00e9s d\u2019Ashok Leyland est con\u00e7ue pour soutenir des fonctions critiques et des missions sp\u00e9cifiques avec pr\u00e9cision, fiabilit\u00e9 et performances robustes. Ces v\u00e9hicules sont adapt\u00e9s \u00e0 une grande vari\u00e9t\u00e9 de t\u00e2ches sur le champ de bataille et dans la logistique, allant du soutien \u00e0 l\u2019artillerie de campagne aux op\u00e9rations de r\u00e9cup\u00e9ration et de r\u00e9paration. Le Field Artillery Tractor (FAT 6&#215;6) a \u00e9t\u00e9 sp\u00e9cialement d\u00e9velopp\u00e9 pour le remorquage de pi\u00e8ces d\u2019artillerie lourde, offrant une excellente traction et une grande capacit\u00e9 de charge sur terrains difficiles. Les variantes Water Bowser et Fuel Bowser garantissent la continuit\u00e9 des lignes d\u2019approvisionnement vitales, tandis que le V\u00e9hicule de R\u00e9cup\u00e9ration \u2014 \u00e9quip\u00e9 de grues, de treuils et de stabilisateurs \u2014 est id\u00e9al pour le sauvetage de v\u00e9hicules immobilis\u00e9s ou endommag\u00e9s en zones de combat. Ashok Leyland propose \u00e9galement des unit\u00e9s mobiles de service, permettant les r\u00e9parations et l\u2019entretien en premi\u00e8re ligne, minimisant ainsi les temps d\u2019arr\u00eat et assurant la disponibilit\u00e9 op\u00e9rationnelle. Construits sur des plateformes \u00e9prouv\u00e9es, comme la Stallion, ces v\u00e9hicules sp\u00e9cialis\u00e9s peuvent \u00eatre personnalis\u00e9s pour r\u00e9pondre aux exigences de toute mission, renfor\u00e7ant ainsi l\u2019engagement d\u2019Ashok Leyland en tant que partenaire fiable pour la logistique et le soutien, tant sur le terrain qu\u2019en dehors.<\/span><\/p>\n<p><span style=\"font-weight: 400;\">La gamme de v\u00e9hicules de d\u00e9fense sp\u00e9cialis\u00e9s d\u2019Ashok Leyland est con\u00e7ue pour soutenir des fonctions critiques et des missions sp\u00e9cifiques avec pr\u00e9cision, fiabilit\u00e9 et performances robustes. Ces v\u00e9hicules sont adapt\u00e9s \u00e0 une grande vari\u00e9t\u00e9 de t\u00e2ches sur le champ de bataille et dans la logistique, allant du soutien \u00e0 l\u2019artillerie de campagne aux op\u00e9rations de r\u00e9cup\u00e9ration et de r\u00e9paration. Le Field Artillery Tractor (FAT 6&#215;6) a \u00e9t\u00e9 sp\u00e9cialement d\u00e9velopp\u00e9 pour le remorquage de pi\u00e8ces d\u2019artillerie lourde, offrant une excellente traction et une grande capacit\u00e9 de charge sur terrains difficiles. Les variantes Water Bowser et Fuel Bowser garantissent la continuit\u00e9 des lignes d\u2019approvisionnement vitales, tandis que le V\u00e9hicule de R\u00e9cup\u00e9ration \u2014 \u00e9quip\u00e9 de grues, de treuils et de stabilisateurs \u2014 est id\u00e9al pour le sauvetage de v\u00e9hicules immobilis\u00e9s ou endommag\u00e9s en zones de combat. Ashok Leyland propose \u00e9galement des unit\u00e9s mobiles de service, permettant les r\u00e9parations et l\u2019entretien en premi\u00e8re ligne, minimisant ainsi les temps d\u2019arr\u00eat et assurant la disponibilit\u00e9 op\u00e9rationnelle. Construits sur des plateformes \u00e9prouv\u00e9es, comme la Stallion, ces v\u00e9hicules sp\u00e9cialis\u00e9s peuvent \u00eatre personnalis\u00e9s pour r\u00e9pondre aux exigences de toute mission, renfor\u00e7ant ainsi l\u2019engagement d\u2019Ashok Leyland en tant que partenaire fiable pour la logistique et le soutien, tant sur le terrain qu\u2019en dehors.<\/span><\/p>\n","protected":false},"excerpt":{"rendered":"<p class=\"\" data-start=\"0\" data-end=\"424\"><span style=\"font-weight: 400;\">La gamme de v\u00e9hicules de d\u00e9fense sp\u00e9cialis\u00e9s d\u2019Ashok Leyland est con\u00e7ue pour soutenir des fonctions critiques et des missions sp\u00e9cifiques avec pr\u00e9cision, fiabilit\u00e9 et performances robustes. Ces v\u00e9hicules sont adapt\u00e9s \u00e0 une grande vari\u00e9t\u00e9 de t\u00e2ches sur le champ de bataille et dans la logistique, allant du soutien \u00e0 l\u2019artillerie de campagne aux op\u00e9rations de r\u00e9cup\u00e9ration et de r\u00e9paration. Le Field Artillery Tractor (FAT 6&#215;6) a \u00e9t\u00e9 sp\u00e9cialement d\u00e9velopp\u00e9 pour le remorquage de pi\u00e8ces d\u2019artillerie lourde, offrant une excellente traction et une grande capacit\u00e9 de charge sur terrains difficiles. Les variantes Water Bowser et Fuel Bowser garantissent la continuit\u00e9 des lignes d\u2019approvisionnement vitales, tandis que le V\u00e9hicule de R\u00e9cup\u00e9ration \u2014 \u00e9quip\u00e9 de grues, de treuils et de stabilisateurs \u2014 est id\u00e9al pour le sauvetage de v\u00e9hicules immobilis\u00e9s ou endommag\u00e9s en zones de combat. Ashok Leyland propose \u00e9galement des unit\u00e9s mobiles de service, permettant les r\u00e9parations et l\u2019entretien en premi\u00e8re ligne, minimisant ainsi les temps d\u2019arr\u00eat et assurant la disponibilit\u00e9 op\u00e9rationnelle. Construits sur des plateformes \u00e9prouv\u00e9es, comme la Stallion, ces v\u00e9hicules sp\u00e9cialis\u00e9s peuvent \u00eatre personnalis\u00e9s pour r\u00e9pondre aux exigences de toute mission, renfor\u00e7ant ainsi l\u2019engagement d\u2019Ashok Leyland en tant que partenaire fiable pour la logistique et le soutien, tant sur le terrain qu\u2019en dehors.<\/span><\/p>\n","protected":false},"featured_media":3682,"comment_status":"closed","ping_status":"closed","template":"","meta":{"_acf_changed":false},"product_brand":[],"product_cat":[458],"product_tag":[],"class_list":{"0":"post-3680","1":"product","2":"type-product","3":"status-publish","4":"has-post-thumbnail","6":"product_cat-sem-categoria-fr","7":"setores-construction-et-mines","8":"marcas-ashok-leyland","9":"tipo_produto-vehicules-de-defense","11":"first","12":"instock","13":"shipping-taxable","14":"product-type-simple"},"acf":[],"yoast_head":"<!-- This site is optimized with the Yoast SEO plugin v25.2 - https:\/\/yoast.com\/wordpress\/plugins\/seo\/ -->\n<title>V\u00e9hicules de D\u00e9fense: Sp\u00e9cialis\u00e9s Ashok Leyland - Trevotech Group<\/title>\n<meta name=\"description\" content=\"La gamme de v\u00e9hicules de d\u00e9fense sp\u00e9cialis\u00e9s d\u2019Ashok Leyland est con\u00e7ue pour soutenir des fonctions critiques et des missions sp\u00e9cifiques...\" \/>\n<meta name=\"robots\" content=\"index, follow, max-snippet:-1, max-image-preview:large, max-video-preview:-1\" \/>\n<link rel=\"canonical\" href=\"https:\/\/trevotech.com\/fr\/produto\/vehicules-de-defense-specialises\/\" \/>\n<meta property=\"og:locale\" content=\"fr_FR\" \/>\n<meta property=\"og:type\" content=\"article\" \/>\n<meta property=\"og:title\" content=\"V\u00e9hicules de D\u00e9fense: Sp\u00e9cialis\u00e9s Ashok Leyland - Trevotech Group\" \/>\n<meta property=\"og:description\" content=\"La gamme de v\u00e9hicules de d\u00e9fense sp\u00e9cialis\u00e9s d\u2019Ashok Leyland est con\u00e7ue pour soutenir des fonctions critiques et des missions sp\u00e9cifiques...\" \/>\n<meta property=\"og:url\" content=\"https:\/\/trevotech.com\/fr\/produto\/vehicules-de-defense-specialises\/\" \/>\n<meta property=\"og:site_name\" content=\"Trevotech Group\" \/>\n<meta property=\"article:modified_time\" content=\"2025-08-05T08:41:16+00:00\" \/>\n<meta property=\"og:image\" content=\"https:\/\/trevotech.com\/wp-content\/uploads\/2025\/03\/1742917872300.webp\" \/>\n\t<meta property=\"og:image:width\" content=\"1000\" \/>\n\t<meta property=\"og:image:height\" content=\"1000\" \/>\n\t<meta property=\"og:image:type\" content=\"image\/webp\" \/>\n<meta name=\"twitter:card\" content=\"summary_large_image\" \/>\n<meta name=\"twitter:label1\" content=\"Dur\u00e9e de lecture estim\u00e9e\" \/>\n\t<meta name=\"twitter:data1\" content=\"3 minutes\" \/>\n<script type=\"application\/ld+json\" class=\"yoast-schema-graph\">{\"@context\":\"https:\/\/schema.org\",\"@graph\":[{\"@type\":\"WebPage\",\"@id\":\"https:\/\/trevotech.com\/fr\/produto\/vehicules-de-defense-specialises\/\",\"url\":\"https:\/\/trevotech.com\/fr\/produto\/vehicules-de-defense-specialises\/\",\"name\":\"V\u00e9hicules de D\u00e9fense: Sp\u00e9cialis\u00e9s Ashok Leyland - Trevotech Group\",\"isPartOf\":{\"@id\":\"https:\/\/trevotech.com\/fr\/#website\"},\"primaryImageOfPage\":{\"@id\":\"https:\/\/trevotech.com\/fr\/produto\/vehicules-de-defense-specialises\/#primaryimage\"},\"image\":{\"@id\":\"https:\/\/trevotech.com\/fr\/produto\/vehicules-de-defense-specialises\/#primaryimage\"},\"thumbnailUrl\":\"https:\/\/trevotech.com\/wp-content\/uploads\/2025\/03\/1742917872300.webp\",\"datePublished\":\"2025-03-20T08:05:01+00:00\",\"dateModified\":\"2025-08-05T08:41:16+00:00\",\"description\":\"La gamme de v\u00e9hicules de d\u00e9fense sp\u00e9cialis\u00e9s d\u2019Ashok Leyland est con\u00e7ue pour soutenir des fonctions critiques et des missions sp\u00e9cifiques...\",\"breadcrumb\":{\"@id\":\"https:\/\/trevotech.com\/fr\/produto\/vehicules-de-defense-specialises\/#breadcrumb\"},\"inLanguage\":\"fr-FR\",\"potentialAction\":[{\"@type\":\"ReadAction\",\"target\":[\"https:\/\/trevotech.com\/fr\/produto\/vehicules-de-defense-specialises\/\"]}]},{\"@type\":\"ImageObject\",\"inLanguage\":\"fr-FR\",\"@id\":\"https:\/\/trevotech.com\/fr\/produto\/vehicules-de-defense-specialises\/#primaryimage\",\"url\":\"https:\/\/trevotech.com\/wp-content\/uploads\/2025\/03\/1742917872300.webp\",\"contentUrl\":\"https:\/\/trevotech.com\/wp-content\/uploads\/2025\/03\/1742917872300.webp\",\"width\":1000,\"height\":1000,\"caption\":\"Ve\u00edculos de Defesa Especializados\"},{\"@type\":\"BreadcrumbList\",\"@id\":\"https:\/\/trevotech.com\/fr\/produto\/vehicules-de-defense-specialises\/#breadcrumb\",\"itemListElement\":[{\"@type\":\"ListItem\",\"position\":1,\"name\":\"In\u00edcio\",\"item\":\"https:\/\/trevotech.com\/fr\/\"},{\"@type\":\"ListItem\",\"position\":2,\"name\":\"Produits\",\"item\":\"https:\/\/trevotech.com\/fr\/shop\/\"},{\"@type\":\"ListItem\",\"position\":3,\"name\":\"V\u00e9hicules de D\u00e9fense: Sp\u00e9cialis\u00e9s\"}]},{\"@type\":\"WebSite\",\"@id\":\"https:\/\/trevotech.com\/fr\/#website\",\"url\":\"https:\/\/trevotech.com\/fr\/\",\"name\":\"Trevotech Group\",\"description\":\"\",\"potentialAction\":[{\"@type\":\"SearchAction\",\"target\":{\"@type\":\"EntryPoint\",\"urlTemplate\":\"https:\/\/trevotech.com\/fr\/?s={search_term_string}\"},\"query-input\":{\"@type\":\"PropertyValueSpecification\",\"valueRequired\":true,\"valueName\":\"search_term_string\"}}],\"inLanguage\":\"fr-FR\"}]}<\/script>\n<!-- \/ Yoast SEO plugin. -->","yoast_head_json":{"title":"V\u00e9hicules de D\u00e9fense: Sp\u00e9cialis\u00e9s Ashok Leyland - Trevotech Group","description":"La gamme de v\u00e9hicules de d\u00e9fense sp\u00e9cialis\u00e9s d\u2019Ashok Leyland est con\u00e7ue pour soutenir des fonctions critiques et des missions sp\u00e9cifiques...","robots":{"index":"index","follow":"follow","max-snippet":"max-snippet:-1","max-image-preview":"max-image-preview:large","max-video-preview":"max-video-preview:-1"},"canonical":"https:\/\/trevotech.com\/fr\/produto\/vehicules-de-defense-specialises\/","og_locale":"fr_FR","og_type":"article","og_title":"V\u00e9hicules de D\u00e9fense: Sp\u00e9cialis\u00e9s Ashok Leyland - Trevotech Group","og_description":"La gamme de v\u00e9hicules de d\u00e9fense sp\u00e9cialis\u00e9s d\u2019Ashok Leyland est con\u00e7ue pour soutenir des fonctions critiques et des missions sp\u00e9cifiques...","og_url":"https:\/\/trevotech.com\/fr\/produto\/vehicules-de-defense-specialises\/","og_site_name":"Trevotech Group","article_modified_time":"2025-08-05T08:41:16+00:00","og_image":[{"width":1000,"height":1000,"url":"https:\/\/trevotech.com\/wp-content\/uploads\/2025\/03\/1742917872300.webp","type":"image\/webp"}],"twitter_card":"summary_large_image","twitter_misc":{"Dur\u00e9e de lecture estim\u00e9e":"3 minutes"},"schema":{"@context":"https:\/\/schema.org","@graph":[{"@type":"WebPage","@id":"https:\/\/trevotech.com\/fr\/produto\/vehicules-de-defense-specialises\/","url":"https:\/\/trevotech.com\/fr\/produto\/vehicules-de-defense-specialises\/","name":"V\u00e9hicules de D\u00e9fense: Sp\u00e9cialis\u00e9s Ashok Leyland - Trevotech Group","isPartOf":{"@id":"https:\/\/trevotech.com\/fr\/#website"},"primaryImageOfPage":{"@id":"https:\/\/trevotech.com\/fr\/produto\/vehicules-de-defense-specialises\/#primaryimage"},"image":{"@id":"https:\/\/trevotech.com\/fr\/produto\/vehicules-de-defense-specialises\/#primaryimage"},"thumbnailUrl":"https:\/\/trevotech.com\/wp-content\/uploads\/2025\/03\/1742917872300.webp","datePublished":"2025-03-20T08:05:01+00:00","dateModified":"2025-08-05T08:41:16+00:00","description":"La gamme de v\u00e9hicules de d\u00e9fense sp\u00e9cialis\u00e9s d\u2019Ashok Leyland est con\u00e7ue pour soutenir des fonctions critiques et des missions sp\u00e9cifiques...","breadcrumb":{"@id":"https:\/\/trevotech.com\/fr\/produto\/vehicules-de-defense-specialises\/#breadcrumb"},"inLanguage":"fr-FR","potentialAction":[{"@type":"ReadAction","target":["https:\/\/trevotech.com\/fr\/produto\/vehicules-de-defense-specialises\/"]}]},{"@type":"ImageObject","inLanguage":"fr-FR","@id":"https:\/\/trevotech.com\/fr\/produto\/vehicules-de-defense-specialises\/#primaryimage","url":"https:\/\/trevotech.com\/wp-content\/uploads\/2025\/03\/1742917872300.webp","contentUrl":"https:\/\/trevotech.com\/wp-content\/uploads\/2025\/03\/1742917872300.webp","width":1000,"height":1000,"caption":"Ve\u00edculos de Defesa Especializados"},{"@type":"BreadcrumbList","@id":"https:\/\/trevotech.com\/fr\/produto\/vehicules-de-defense-specialises\/#breadcrumb","itemListElement":[{"@type":"ListItem","position":1,"name":"In\u00edcio","item":"https:\/\/trevotech.com\/fr\/"},{"@type":"ListItem","position":2,"name":"Produits","item":"https:\/\/trevotech.com\/fr\/shop\/"},{"@type":"ListItem","position":3,"name":"V\u00e9hicules de D\u00e9fense: Sp\u00e9cialis\u00e9s"}]},{"@type":"WebSite","@id":"https:\/\/trevotech.com\/fr\/#website","url":"https:\/\/trevotech.com\/fr\/","name":"Trevotech Group","description":"","potentialAction":[{"@type":"SearchAction","target":{"@type":"EntryPoint","urlTemplate":"https:\/\/trevotech.com\/fr\/?s={search_term_string}"},"query-input":{"@type":"PropertyValueSpecification","valueRequired":true,"valueName":"search_term_string"}}],"inLanguage":"fr-FR"}]}},"_links":{"self":[{"href":"https:\/\/trevotech.com\/fr\/wp-json\/wp\/v2\/product\/3680","targetHints":{"allow":["GET"]}}],"collection":[{"href":"https:\/\/trevotech.com\/fr\/wp-json\/wp\/v2\/product"}],"about":[{"href":"https:\/\/trevotech.com\/fr\/wp-json\/wp\/v2\/types\/product"}],"replies":[{"embeddable":true,"href":"https:\/\/trevotech.com\/fr\/wp-json\/wp\/v2\/comments?post=3680"}],"wp:featuredmedia":[{"embeddable":true,"href":"https:\/\/trevotech.com\/fr\/wp-json\/wp\/v2\/media\/3682"}],"wp:attachment":[{"href":"https:\/\/trevotech.com\/fr\/wp-json\/wp\/v2\/media?parent=3680"}],"wp:term":[{"taxonomy":"product_brand","embeddable":true,"href":"https:\/\/trevotech.com\/fr\/wp-json\/wp\/v2\/product_brand?post=3680"},{"taxonomy":"product_cat","embeddable":true,"href":"https:\/\/trevotech.com\/fr\/wp-json\/wp\/v2\/product_cat?post=3680"},{"taxonomy":"product_tag","embeddable":true,"href":"https:\/\/trevotech.com\/fr\/wp-json\/wp\/v2\/product_tag?post=3680"}],"curies":[{"name":"wp","href":"https:\/\/api.w.org\/{rel}","templated":true}]}}