{"id":3684,"date":"2025-03-20T08:00:47","date_gmt":"2025-03-20T08:00:47","guid":{"rendered":"https:\/\/trevotech.com\/produto\/veiculos-de-defesa-logistica\/"},"modified":"2025-08-05T08:42:10","modified_gmt":"2025-08-05T08:42:10","slug":"vehicules-de-defense-logistique","status":"publish","type":"product","link":"https:\/\/trevotech.com\/fr\/produto\/vehicules-de-defense-logistique\/","title":{"rendered":"V\u00e9hicules de D\u00e9fense : Logistique"},"content":{"rendered":"<p><span style=\"font-weight: 400;\">La gamme de V\u00e9hicules de D\u00e9fense logistiques militaires d\u2019Ashok Leyland constitue l\u2019\u00e9pine dorsale du transport militaire efficace, offrant une fiabilit\u00e9 in\u00e9gal\u00e9e, une grande polyvalence et des performances constantes sur les terrains les plus difficiles. Con\u00e7us pour r\u00e9pondre \u00e0 une vari\u00e9t\u00e9 d\u2019exigences de transport, ces v\u00e9hicules sont construits pour r\u00e9sister \u00e0 des conditions extr\u00eames. Les plateformes de r\u00e9f\u00e9rence Stallion 4&#215;4 et Stallion 6&#215;6 sont de v\u00e9ritables chevaux de bataille, capables de transporter jusqu\u2019\u00e0 8 tonnes de charge, largement utilis\u00e9es pour le transport de troupes, les op\u00e9rations logistiques et le soutien de la cha\u00eene d\u2019approvisionnement. Pour les applications plus exigeantes, le Super Stallion 8&#215;8 offre un couple \u00e9lev\u00e9 et une mobilit\u00e9 renforc\u00e9e, id\u00e9al pour les missions de transport longue distance et les configurations modulaires. Ces camions sont \u00e9quip\u00e9s de capacit\u00e9s tout-terrain, de syst\u00e8mes de transmission robustes et de cabines pouvant int\u00e9grer des \u00e9quipements de communication et de navigation de niveau militaire. Avec un accent mis sur la disponibilit\u00e9 maximale et la facilit\u00e9 de maintenance, les v\u00e9hicules logistiques d\u2019Ashok Leyland sont utilis\u00e9s par des arm\u00e9es du monde entier pour assurer la continuit\u00e9 des cha\u00eenes d\u2019approvisionnement, tant dans des missions de maintien de la paix que dans des sc\u00e9narios de combat.<\/span><\/p>\n<p><span style=\"font-weight: 400;\">La gamme de V\u00e9hicules de D\u00e9fense logistiques militaires d\u2019Ashok Leyland constitue l\u2019\u00e9pine dorsale du transport militaire efficace, offrant une fiabilit\u00e9 in\u00e9gal\u00e9e, une grande polyvalence et des performances constantes sur les terrains les plus difficiles. Con\u00e7us pour r\u00e9pondre \u00e0 une vari\u00e9t\u00e9 d\u2019exigences de transport, ces v\u00e9hicules sont construits pour r\u00e9sister \u00e0 des conditions extr\u00eames. Les plateformes de r\u00e9f\u00e9rence Stallion 4&#215;4 et Stallion 6&#215;6 sont de v\u00e9ritables chevaux de bataille, capables de transporter jusqu\u2019\u00e0 8 tonnes de charge, largement utilis\u00e9es pour le transport de troupes, les op\u00e9rations logistiques et le soutien de la cha\u00eene d\u2019approvisionnement. Pour les applications plus exigeantes, le Super Stallion 8&#215;8 offre un couple \u00e9lev\u00e9 et une mobilit\u00e9 renforc\u00e9e, id\u00e9al pour les missions de transport longue distance et les configurations modulaires. Ces camions sont \u00e9quip\u00e9s de capacit\u00e9s tout-terrain, de syst\u00e8mes de transmission robustes et de cabines pouvant int\u00e9grer des \u00e9quipements de communication et de navigation de niveau militaire. Avec un accent mis sur la disponibilit\u00e9 maximale et la facilit\u00e9 de maintenance, les v\u00e9hicules logistiques d\u2019Ashok Leyland sont utilis\u00e9s par des arm\u00e9es du monde entier pour assurer la continuit\u00e9 des cha\u00eenes d\u2019approvisionnement, tant dans des missions de maintien de la paix que dans des sc\u00e9narios de combat.<\/span><\/p>\n","protected":false},"excerpt":{"rendered":"<p><span style=\"font-weight: 400;\">La gamme de v\u00e9hicules logistiques militaires d\u2019Ashok Leyland constitue l\u2019\u00e9pine dorsale du transport militaire efficace, offrant une fiabilit\u00e9 in\u00e9gal\u00e9e, une grande polyvalence et des performances constantes sur les terrains les plus difficiles. Con\u00e7us pour r\u00e9pondre \u00e0 une vari\u00e9t\u00e9 d\u2019exigences de transport, ces v\u00e9hicules sont construits pour r\u00e9sister \u00e0 des conditions extr\u00eames. Les plateformes de r\u00e9f\u00e9rence Stallion 4&#215;4 et Stallion 6&#215;6 sont de v\u00e9ritables chevaux de bataille, capables de transporter jusqu\u2019\u00e0 8 tonnes de charge, largement utilis\u00e9es pour le transport de troupes, les op\u00e9rations logistiques et le soutien de la cha\u00eene d\u2019approvisionnement. Pour les applications plus exigeantes, le Super Stallion 8&#215;8 offre un couple \u00e9lev\u00e9 et une mobilit\u00e9 renforc\u00e9e, id\u00e9al pour les missions de transport longue distance et les configurations modulaires. Ces camions sont \u00e9quip\u00e9s de capacit\u00e9s tout-terrain, de syst\u00e8mes de transmission robustes et de cabines pouvant int\u00e9grer des \u00e9quipements de communication et de navigation de niveau militaire. Avec un accent mis sur la disponibilit\u00e9 maximale et la facilit\u00e9 de maintenance, les v\u00e9hicules logistiques d\u2019Ashok Leyland sont utilis\u00e9s par des arm\u00e9es du monde entier pour assurer la continuit\u00e9 des cha\u00eenes d\u2019approvisionnement, tant dans des missions de maintien de la paix que dans des sc\u00e9narios de combat.<\/span><\/p>\n","protected":false},"featured_media":3685,"comment_status":"closed","ping_status":"closed","template":"","meta":{"_acf_changed":false},"product_brand":[],"product_cat":[458],"product_tag":[],"class_list":{"0":"post-3684","1":"product","2":"type-product","3":"status-publish","4":"has-post-thumbnail","6":"product_cat-sem-categoria-fr","7":"setores-construction-et-mines","8":"marcas-ashok-leyland","9":"tipo_produto-vehicules-de-defense","11":"first","12":"instock","13":"shipping-taxable","14":"product-type-simple"},"acf":[],"yoast_head":"<!-- This site is optimized with the Yoast SEO plugin v25.2 - https:\/\/yoast.com\/wordpress\/plugins\/seo\/ -->\n<title>V\u00e9hicules de D\u00e9fense : Logistique Ashok Leyland - Trevotech Group<\/title>\n<meta name=\"description\" content=\"La gamme de V\u00e9hicules de D\u00e9fense logistiques militaires d\u2019Ashok Leyland constitue l\u2019\u00e9pine dorsale du transport militaire efficace, offrant une fiabilit\u00e9...\" \/>\n<meta name=\"robots\" content=\"index, follow, max-snippet:-1, max-image-preview:large, max-video-preview:-1\" \/>\n<link rel=\"canonical\" href=\"https:\/\/trevotech.com\/fr\/produto\/vehicules-de-defense-logistique\/\" \/>\n<meta property=\"og:locale\" content=\"fr_FR\" \/>\n<meta property=\"og:type\" content=\"article\" \/>\n<meta property=\"og:title\" content=\"V\u00e9hicules de D\u00e9fense : Logistique Ashok Leyland - Trevotech Group\" \/>\n<meta property=\"og:description\" content=\"La gamme de V\u00e9hicules de D\u00e9fense logistiques militaires d\u2019Ashok Leyland constitue l\u2019\u00e9pine dorsale du transport militaire efficace, offrant une fiabilit\u00e9...\" \/>\n<meta property=\"og:url\" content=\"https:\/\/trevotech.com\/fr\/produto\/vehicules-de-defense-logistique\/\" \/>\n<meta property=\"og:site_name\" content=\"Trevotech Group\" \/>\n<meta property=\"article:modified_time\" content=\"2025-08-05T08:42:10+00:00\" \/>\n<meta property=\"og:image\" content=\"https:\/\/trevotech.com\/wp-content\/uploads\/2025\/03\/Website_content_export_v2-04.webp\" \/>\n\t<meta property=\"og:image:width\" content=\"1000\" \/>\n\t<meta property=\"og:image:height\" content=\"1000\" \/>\n\t<meta property=\"og:image:type\" content=\"image\/webp\" \/>\n<meta name=\"twitter:card\" content=\"summary_large_image\" \/>\n<meta name=\"twitter:label1\" content=\"Dur\u00e9e de lecture estim\u00e9e\" \/>\n\t<meta name=\"twitter:data1\" content=\"3 minutes\" \/>\n<script type=\"application\/ld+json\" class=\"yoast-schema-graph\">{\"@context\":\"https:\/\/schema.org\",\"@graph\":[{\"@type\":\"WebPage\",\"@id\":\"https:\/\/trevotech.com\/fr\/produto\/vehicules-de-defense-logistique\/\",\"url\":\"https:\/\/trevotech.com\/fr\/produto\/vehicules-de-defense-logistique\/\",\"name\":\"V\u00e9hicules de D\u00e9fense : Logistique Ashok Leyland - Trevotech Group\",\"isPartOf\":{\"@id\":\"https:\/\/trevotech.com\/fr\/#website\"},\"primaryImageOfPage\":{\"@id\":\"https:\/\/trevotech.com\/fr\/produto\/vehicules-de-defense-logistique\/#primaryimage\"},\"image\":{\"@id\":\"https:\/\/trevotech.com\/fr\/produto\/vehicules-de-defense-logistique\/#primaryimage\"},\"thumbnailUrl\":\"https:\/\/trevotech.com\/wp-content\/uploads\/2025\/03\/Website_content_export_v2-04.webp\",\"datePublished\":\"2025-03-20T08:00:47+00:00\",\"dateModified\":\"2025-08-05T08:42:10+00:00\",\"description\":\"La gamme de V\u00e9hicules de D\u00e9fense logistiques militaires d\u2019Ashok Leyland constitue l\u2019\u00e9pine dorsale du transport militaire efficace, offrant une fiabilit\u00e9...\",\"breadcrumb\":{\"@id\":\"https:\/\/trevotech.com\/fr\/produto\/vehicules-de-defense-logistique\/#breadcrumb\"},\"inLanguage\":\"fr-FR\",\"potentialAction\":[{\"@type\":\"ReadAction\",\"target\":[\"https:\/\/trevotech.com\/fr\/produto\/vehicules-de-defense-logistique\/\"]}]},{\"@type\":\"ImageObject\",\"inLanguage\":\"fr-FR\",\"@id\":\"https:\/\/trevotech.com\/fr\/produto\/vehicules-de-defense-logistique\/#primaryimage\",\"url\":\"https:\/\/trevotech.com\/wp-content\/uploads\/2025\/03\/Website_content_export_v2-04.webp\",\"contentUrl\":\"https:\/\/trevotech.com\/wp-content\/uploads\/2025\/03\/Website_content_export_v2-04.webp\",\"width\":1000,\"height\":1000,\"caption\":\"Cami\u00f5es de Defesa Militares\"},{\"@type\":\"BreadcrumbList\",\"@id\":\"https:\/\/trevotech.com\/fr\/produto\/vehicules-de-defense-logistique\/#breadcrumb\",\"itemListElement\":[{\"@type\":\"ListItem\",\"position\":1,\"name\":\"In\u00edcio\",\"item\":\"https:\/\/trevotech.com\/fr\/\"},{\"@type\":\"ListItem\",\"position\":2,\"name\":\"Produits\",\"item\":\"https:\/\/trevotech.com\/fr\/shop\/\"},{\"@type\":\"ListItem\",\"position\":3,\"name\":\"V\u00e9hicules de D\u00e9fense : Logistique\"}]},{\"@type\":\"WebSite\",\"@id\":\"https:\/\/trevotech.com\/fr\/#website\",\"url\":\"https:\/\/trevotech.com\/fr\/\",\"name\":\"Trevotech Group\",\"description\":\"\",\"potentialAction\":[{\"@type\":\"SearchAction\",\"target\":{\"@type\":\"EntryPoint\",\"urlTemplate\":\"https:\/\/trevotech.com\/fr\/?s={search_term_string}\"},\"query-input\":{\"@type\":\"PropertyValueSpecification\",\"valueRequired\":true,\"valueName\":\"search_term_string\"}}],\"inLanguage\":\"fr-FR\"}]}<\/script>\n<!-- \/ Yoast SEO plugin. -->","yoast_head_json":{"title":"V\u00e9hicules de D\u00e9fense : Logistique Ashok Leyland - Trevotech Group","description":"La gamme de V\u00e9hicules de D\u00e9fense logistiques militaires d\u2019Ashok Leyland constitue l\u2019\u00e9pine dorsale du transport militaire efficace, offrant une fiabilit\u00e9...","robots":{"index":"index","follow":"follow","max-snippet":"max-snippet:-1","max-image-preview":"max-image-preview:large","max-video-preview":"max-video-preview:-1"},"canonical":"https:\/\/trevotech.com\/fr\/produto\/vehicules-de-defense-logistique\/","og_locale":"fr_FR","og_type":"article","og_title":"V\u00e9hicules de D\u00e9fense : Logistique Ashok Leyland - Trevotech Group","og_description":"La gamme de V\u00e9hicules de D\u00e9fense logistiques militaires d\u2019Ashok Leyland constitue l\u2019\u00e9pine dorsale du transport militaire efficace, offrant une fiabilit\u00e9...","og_url":"https:\/\/trevotech.com\/fr\/produto\/vehicules-de-defense-logistique\/","og_site_name":"Trevotech Group","article_modified_time":"2025-08-05T08:42:10+00:00","og_image":[{"width":1000,"height":1000,"url":"https:\/\/trevotech.com\/wp-content\/uploads\/2025\/03\/Website_content_export_v2-04.webp","type":"image\/webp"}],"twitter_card":"summary_large_image","twitter_misc":{"Dur\u00e9e de lecture estim\u00e9e":"3 minutes"},"schema":{"@context":"https:\/\/schema.org","@graph":[{"@type":"WebPage","@id":"https:\/\/trevotech.com\/fr\/produto\/vehicules-de-defense-logistique\/","url":"https:\/\/trevotech.com\/fr\/produto\/vehicules-de-defense-logistique\/","name":"V\u00e9hicules de D\u00e9fense : Logistique Ashok Leyland - Trevotech Group","isPartOf":{"@id":"https:\/\/trevotech.com\/fr\/#website"},"primaryImageOfPage":{"@id":"https:\/\/trevotech.com\/fr\/produto\/vehicules-de-defense-logistique\/#primaryimage"},"image":{"@id":"https:\/\/trevotech.com\/fr\/produto\/vehicules-de-defense-logistique\/#primaryimage"},"thumbnailUrl":"https:\/\/trevotech.com\/wp-content\/uploads\/2025\/03\/Website_content_export_v2-04.webp","datePublished":"2025-03-20T08:00:47+00:00","dateModified":"2025-08-05T08:42:10+00:00","description":"La gamme de V\u00e9hicules de D\u00e9fense logistiques militaires d\u2019Ashok Leyland constitue l\u2019\u00e9pine dorsale du transport militaire efficace, offrant une fiabilit\u00e9...","breadcrumb":{"@id":"https:\/\/trevotech.com\/fr\/produto\/vehicules-de-defense-logistique\/#breadcrumb"},"inLanguage":"fr-FR","potentialAction":[{"@type":"ReadAction","target":["https:\/\/trevotech.com\/fr\/produto\/vehicules-de-defense-logistique\/"]}]},{"@type":"ImageObject","inLanguage":"fr-FR","@id":"https:\/\/trevotech.com\/fr\/produto\/vehicules-de-defense-logistique\/#primaryimage","url":"https:\/\/trevotech.com\/wp-content\/uploads\/2025\/03\/Website_content_export_v2-04.webp","contentUrl":"https:\/\/trevotech.com\/wp-content\/uploads\/2025\/03\/Website_content_export_v2-04.webp","width":1000,"height":1000,"caption":"Cami\u00f5es de Defesa Militares"},{"@type":"BreadcrumbList","@id":"https:\/\/trevotech.com\/fr\/produto\/vehicules-de-defense-logistique\/#breadcrumb","itemListElement":[{"@type":"ListItem","position":1,"name":"In\u00edcio","item":"https:\/\/trevotech.com\/fr\/"},{"@type":"ListItem","position":2,"name":"Produits","item":"https:\/\/trevotech.com\/fr\/shop\/"},{"@type":"ListItem","position":3,"name":"V\u00e9hicules de D\u00e9fense : Logistique"}]},{"@type":"WebSite","@id":"https:\/\/trevotech.com\/fr\/#website","url":"https:\/\/trevotech.com\/fr\/","name":"Trevotech Group","description":"","potentialAction":[{"@type":"SearchAction","target":{"@type":"EntryPoint","urlTemplate":"https:\/\/trevotech.com\/fr\/?s={search_term_string}"},"query-input":{"@type":"PropertyValueSpecification","valueRequired":true,"valueName":"search_term_string"}}],"inLanguage":"fr-FR"}]}},"_links":{"self":[{"href":"https:\/\/trevotech.com\/fr\/wp-json\/wp\/v2\/product\/3684","targetHints":{"allow":["GET"]}}],"collection":[{"href":"https:\/\/trevotech.com\/fr\/wp-json\/wp\/v2\/product"}],"about":[{"href":"https:\/\/trevotech.com\/fr\/wp-json\/wp\/v2\/types\/product"}],"replies":[{"embeddable":true,"href":"https:\/\/trevotech.com\/fr\/wp-json\/wp\/v2\/comments?post=3684"}],"wp:featuredmedia":[{"embeddable":true,"href":"https:\/\/trevotech.com\/fr\/wp-json\/wp\/v2\/media\/3685"}],"wp:attachment":[{"href":"https:\/\/trevotech.com\/fr\/wp-json\/wp\/v2\/media?parent=3684"}],"wp:term":[{"taxonomy":"product_brand","embeddable":true,"href":"https:\/\/trevotech.com\/fr\/wp-json\/wp\/v2\/product_brand?post=3684"},{"taxonomy":"product_cat","embeddable":true,"href":"https:\/\/trevotech.com\/fr\/wp-json\/wp\/v2\/product_cat?post=3684"},{"taxonomy":"product_tag","embeddable":true,"href":"https:\/\/trevotech.com\/fr\/wp-json\/wp\/v2\/product_tag?post=3684"}],"curies":[{"name":"wp","href":"https:\/\/api.w.org\/{rel}","templated":true}]}}