{"id":3689,"date":"2024-10-22T10:52:51","date_gmt":"2024-10-22T10:52:51","guid":{"rendered":"https:\/\/trevotech.com\/produto\/camioes-tanque\/"},"modified":"2025-08-05T08:51:44","modified_gmt":"2025-08-05T08:51:44","slug":"tombereaux-articules","status":"publish","type":"product","link":"https:\/\/trevotech.com\/fr\/produto\/tombereaux-articules\/","title":{"rendered":"Tombereaux Articul\u00e9s"},"content":{"rendered":"<p><span style=\"font-weight: 400;\">Les Tombereaux Articul\u00e9s Astra, tels que les mod\u00e8les ADT 30 et ADT 40, sont con\u00e7us pour maximiser la mobilit\u00e9 et la capacit\u00e9 de charge sur des sols instables et difficiles. Avec des capacit\u00e9s de transport comprises entre 30 et 40 tonnes, ces v\u00e9hicules sont parfaits pour les travaux de terrassement, le transport de mat\u00e9riaux dans des zones difficiles d\u2019acc\u00e8s, les projets d\u2019infrastructures et les op\u00e9rations mini\u00e8res. L\u2019articulation centrale offre une excellente maniabilit\u00e9 et une traction optimale en conditions extr\u00eames.<\/span><\/p>\n<p><span style=\"font-weight: 400;\">Les camions-citernes Astra sont des v\u00e9hicules tout-terrain robustes, con\u00e7us pour le transport de liquides comme le carburant ou l&rsquo;eau dans des environnements difficiles. Ils offrent des caract\u00e9ristiques telles qu&rsquo;un ch\u00e2ssis haute r\u00e9sistance, une garde au sol \u00e9lev\u00e9e, une transmission int\u00e9grale et des moteurs puissants, garantissant durabilit\u00e9 et performance dans des conditions extr\u00eames. Domaines d&rsquo;application :<\/span><\/p>\n<ul>\n<li style=\"font-weight: 400;\" aria-level=\"1\"><span style=\"font-weight: 400;\">Exploitation mini\u00e8re<\/span><\/li>\n<li style=\"font-weight: 400;\" aria-level=\"1\"><span style=\"font-weight: 400;\">Chantiers de construction<\/span><\/li>\n<li style=\"font-weight: 400;\" aria-level=\"1\"><span style=\"font-weight: 400;\">Logistique militaire<\/span><\/li>\n<li style=\"font-weight: 400;\" aria-level=\"1\"><span style=\"font-weight: 400;\">Industrie p\u00e9troli\u00e8re et gazi\u00e8re<\/span><\/li>\n<li style=\"font-weight: 400;\" aria-level=\"1\"><span style=\"font-weight: 400;\">Zones recul\u00e9es ou hors route<\/span><\/li>\n<li style=\"font-weight: 400;\" aria-level=\"1\"><span style=\"font-weight: 400;\">Services d&rsquo;urgence (ex. : transport d&rsquo;eau, lutte contre les incendies)<\/span><\/li>\n<li style=\"font-weight: 400;\" aria-level=\"1\"><span style=\"font-weight: 400;\">Op\u00e9rations en carri\u00e8res<\/span><\/li>\n<\/ul>\n<p><span style=\"font-weight: 400;\">Les Tombereaux Articul\u00e9s Astra, tels que les mod\u00e8les ADT 30 et ADT 40, sont con\u00e7us pour maximiser la mobilit\u00e9 et la capacit\u00e9 de charge sur des sols instables et difficiles. Avec des capacit\u00e9s de transport comprises entre 30 et 40 tonnes, ces v\u00e9hicules sont parfaits pour les travaux de terrassement, le transport de mat\u00e9riaux dans des zones difficiles d\u2019acc\u00e8s, les projets d\u2019infrastructures et les op\u00e9rations mini\u00e8res. L\u2019articulation centrale offre une excellente maniabilit\u00e9 et une traction optimale en conditions extr\u00eames.<\/span><\/p>\n","protected":false},"excerpt":{"rendered":"<p><span style=\"font-weight: 400;\">Les Tombereaux Articul\u00e9s Astra, tels que les mod\u00e8les ADT 30 et ADT 40, sont con\u00e7us pour maximiser la mobilit\u00e9 et la capacit\u00e9 de charge sur des sols instables et difficiles. Avec des capacit\u00e9s de transport comprises entre 30 et 40 tonnes, ces v\u00e9hicules sont parfaits pour les travaux de terrassement, le transport de mat\u00e9riaux dans des zones difficiles d\u2019acc\u00e8s, les projets d\u2019infrastructures et les op\u00e9rations mini\u00e8res. L\u2019articulation centrale offre une excellente maniabilit\u00e9 et une traction optimale en conditions extr\u00eames.<\/span><\/p>\n","protected":false},"featured_media":3789,"comment_status":"open","ping_status":"closed","template":"","meta":{"_acf_changed":false},"product_brand":[],"product_cat":[458],"product_tag":[],"class_list":{"0":"post-3689","1":"product","2":"type-product","3":"status-publish","4":"has-post-thumbnail","6":"product_cat-sem-categoria-fr","7":"setores-construction-et-mines","8":"setores-petrole-et-gaz","9":"setores-transport-et-logistique","10":"marcas-camions-astra","11":"tipo_produto-tombereaux-articules","13":"first","14":"instock","15":"shipping-taxable","16":"product-type-simple"},"acf":[],"yoast_head":"<!-- This site is optimized with the Yoast SEO plugin v25.2 - https:\/\/yoast.com\/wordpress\/plugins\/seo\/ -->\n<title>Tombereaux Articul\u00e9s Astra - Trevotech Group<\/title>\n<meta name=\"description\" content=\"Les Tombereaux Articul\u00e9s Astra, tels que les mod\u00e8les ADT 30 et ADT 40, sont con\u00e7us pour maximiser la mobilit\u00e9 et la capacit\u00e9 de charge...\" \/>\n<meta name=\"robots\" content=\"index, follow, max-snippet:-1, max-image-preview:large, max-video-preview:-1\" \/>\n<link rel=\"canonical\" href=\"https:\/\/trevotech.com\/fr\/produto\/tombereaux-articules\/\" \/>\n<meta property=\"og:locale\" content=\"fr_FR\" \/>\n<meta property=\"og:type\" content=\"article\" \/>\n<meta property=\"og:title\" content=\"Tombereaux Articul\u00e9s Astra - Trevotech Group\" \/>\n<meta property=\"og:description\" content=\"Les Tombereaux Articul\u00e9s Astra, tels que les mod\u00e8les ADT 30 et ADT 40, sont con\u00e7us pour maximiser la mobilit\u00e9 et la capacit\u00e9 de charge...\" \/>\n<meta property=\"og:url\" content=\"https:\/\/trevotech.com\/fr\/produto\/tombereaux-articules\/\" \/>\n<meta property=\"og:site_name\" content=\"Trevotech Group\" \/>\n<meta property=\"article:modified_time\" content=\"2025-08-05T08:51:44+00:00\" \/>\n<meta property=\"og:image\" content=\"https:\/\/trevotech.com\/wp-content\/uploads\/2024\/10\/Astra-01.webp\" \/>\n\t<meta property=\"og:image:width\" content=\"1000\" \/>\n\t<meta property=\"og:image:height\" content=\"1000\" \/>\n\t<meta property=\"og:image:type\" content=\"image\/webp\" \/>\n<meta name=\"twitter:card\" content=\"summary_large_image\" \/>\n<meta name=\"twitter:label1\" content=\"Dur\u00e9e de lecture estim\u00e9e\" \/>\n\t<meta name=\"twitter:data1\" content=\"2 minutes\" \/>\n<script type=\"application\/ld+json\" class=\"yoast-schema-graph\">{\"@context\":\"https:\/\/schema.org\",\"@graph\":[{\"@type\":\"WebPage\",\"@id\":\"https:\/\/trevotech.com\/fr\/produto\/tombereaux-articules\/\",\"url\":\"https:\/\/trevotech.com\/fr\/produto\/tombereaux-articules\/\",\"name\":\"Tombereaux Articul\u00e9s Astra - Trevotech Group\",\"isPartOf\":{\"@id\":\"https:\/\/trevotech.com\/fr\/#website\"},\"primaryImageOfPage\":{\"@id\":\"https:\/\/trevotech.com\/fr\/produto\/tombereaux-articules\/#primaryimage\"},\"image\":{\"@id\":\"https:\/\/trevotech.com\/fr\/produto\/tombereaux-articules\/#primaryimage\"},\"thumbnailUrl\":\"https:\/\/trevotech.com\/wp-content\/uploads\/2024\/10\/Astra-01.webp\",\"datePublished\":\"2024-10-22T10:52:51+00:00\",\"dateModified\":\"2025-08-05T08:51:44+00:00\",\"description\":\"Les Tombereaux Articul\u00e9s Astra, tels que les mod\u00e8les ADT 30 et ADT 40, sont con\u00e7us pour maximiser la mobilit\u00e9 et la capacit\u00e9 de charge...\",\"breadcrumb\":{\"@id\":\"https:\/\/trevotech.com\/fr\/produto\/tombereaux-articules\/#breadcrumb\"},\"inLanguage\":\"fr-FR\",\"potentialAction\":[{\"@type\":\"ReadAction\",\"target\":[\"https:\/\/trevotech.com\/fr\/produto\/tombereaux-articules\/\"]}]},{\"@type\":\"ImageObject\",\"inLanguage\":\"fr-FR\",\"@id\":\"https:\/\/trevotech.com\/fr\/produto\/tombereaux-articules\/#primaryimage\",\"url\":\"https:\/\/trevotech.com\/wp-content\/uploads\/2024\/10\/Astra-01.webp\",\"contentUrl\":\"https:\/\/trevotech.com\/wp-content\/uploads\/2024\/10\/Astra-01.webp\",\"width\":1000,\"height\":1000,\"caption\":\"Cami\u00f5es Articulados\"},{\"@type\":\"BreadcrumbList\",\"@id\":\"https:\/\/trevotech.com\/fr\/produto\/tombereaux-articules\/#breadcrumb\",\"itemListElement\":[{\"@type\":\"ListItem\",\"position\":1,\"name\":\"In\u00edcio\",\"item\":\"https:\/\/trevotech.com\/fr\/\"},{\"@type\":\"ListItem\",\"position\":2,\"name\":\"Produits\",\"item\":\"https:\/\/trevotech.com\/fr\/shop\/\"},{\"@type\":\"ListItem\",\"position\":3,\"name\":\"Tombereaux Articul\u00e9s\"}]},{\"@type\":\"WebSite\",\"@id\":\"https:\/\/trevotech.com\/fr\/#website\",\"url\":\"https:\/\/trevotech.com\/fr\/\",\"name\":\"Trevotech Group\",\"description\":\"\",\"potentialAction\":[{\"@type\":\"SearchAction\",\"target\":{\"@type\":\"EntryPoint\",\"urlTemplate\":\"https:\/\/trevotech.com\/fr\/?s={search_term_string}\"},\"query-input\":{\"@type\":\"PropertyValueSpecification\",\"valueRequired\":true,\"valueName\":\"search_term_string\"}}],\"inLanguage\":\"fr-FR\"}]}<\/script>\n<!-- \/ Yoast SEO plugin. -->","yoast_head_json":{"title":"Tombereaux Articul\u00e9s Astra - Trevotech Group","description":"Les Tombereaux Articul\u00e9s Astra, tels que les mod\u00e8les ADT 30 et ADT 40, sont con\u00e7us pour maximiser la mobilit\u00e9 et la capacit\u00e9 de charge...","robots":{"index":"index","follow":"follow","max-snippet":"max-snippet:-1","max-image-preview":"max-image-preview:large","max-video-preview":"max-video-preview:-1"},"canonical":"https:\/\/trevotech.com\/fr\/produto\/tombereaux-articules\/","og_locale":"fr_FR","og_type":"article","og_title":"Tombereaux Articul\u00e9s Astra - Trevotech Group","og_description":"Les Tombereaux Articul\u00e9s Astra, tels que les mod\u00e8les ADT 30 et ADT 40, sont con\u00e7us pour maximiser la mobilit\u00e9 et la capacit\u00e9 de charge...","og_url":"https:\/\/trevotech.com\/fr\/produto\/tombereaux-articules\/","og_site_name":"Trevotech Group","article_modified_time":"2025-08-05T08:51:44+00:00","og_image":[{"width":1000,"height":1000,"url":"https:\/\/trevotech.com\/wp-content\/uploads\/2024\/10\/Astra-01.webp","type":"image\/webp"}],"twitter_card":"summary_large_image","twitter_misc":{"Dur\u00e9e de lecture estim\u00e9e":"2 minutes"},"schema":{"@context":"https:\/\/schema.org","@graph":[{"@type":"WebPage","@id":"https:\/\/trevotech.com\/fr\/produto\/tombereaux-articules\/","url":"https:\/\/trevotech.com\/fr\/produto\/tombereaux-articules\/","name":"Tombereaux Articul\u00e9s Astra - Trevotech Group","isPartOf":{"@id":"https:\/\/trevotech.com\/fr\/#website"},"primaryImageOfPage":{"@id":"https:\/\/trevotech.com\/fr\/produto\/tombereaux-articules\/#primaryimage"},"image":{"@id":"https:\/\/trevotech.com\/fr\/produto\/tombereaux-articules\/#primaryimage"},"thumbnailUrl":"https:\/\/trevotech.com\/wp-content\/uploads\/2024\/10\/Astra-01.webp","datePublished":"2024-10-22T10:52:51+00:00","dateModified":"2025-08-05T08:51:44+00:00","description":"Les Tombereaux Articul\u00e9s Astra, tels que les mod\u00e8les ADT 30 et ADT 40, sont con\u00e7us pour maximiser la mobilit\u00e9 et la capacit\u00e9 de charge...","breadcrumb":{"@id":"https:\/\/trevotech.com\/fr\/produto\/tombereaux-articules\/#breadcrumb"},"inLanguage":"fr-FR","potentialAction":[{"@type":"ReadAction","target":["https:\/\/trevotech.com\/fr\/produto\/tombereaux-articules\/"]}]},{"@type":"ImageObject","inLanguage":"fr-FR","@id":"https:\/\/trevotech.com\/fr\/produto\/tombereaux-articules\/#primaryimage","url":"https:\/\/trevotech.com\/wp-content\/uploads\/2024\/10\/Astra-01.webp","contentUrl":"https:\/\/trevotech.com\/wp-content\/uploads\/2024\/10\/Astra-01.webp","width":1000,"height":1000,"caption":"Cami\u00f5es Articulados"},{"@type":"BreadcrumbList","@id":"https:\/\/trevotech.com\/fr\/produto\/tombereaux-articules\/#breadcrumb","itemListElement":[{"@type":"ListItem","position":1,"name":"In\u00edcio","item":"https:\/\/trevotech.com\/fr\/"},{"@type":"ListItem","position":2,"name":"Produits","item":"https:\/\/trevotech.com\/fr\/shop\/"},{"@type":"ListItem","position":3,"name":"Tombereaux Articul\u00e9s"}]},{"@type":"WebSite","@id":"https:\/\/trevotech.com\/fr\/#website","url":"https:\/\/trevotech.com\/fr\/","name":"Trevotech Group","description":"","potentialAction":[{"@type":"SearchAction","target":{"@type":"EntryPoint","urlTemplate":"https:\/\/trevotech.com\/fr\/?s={search_term_string}"},"query-input":{"@type":"PropertyValueSpecification","valueRequired":true,"valueName":"search_term_string"}}],"inLanguage":"fr-FR"}]}},"_links":{"self":[{"href":"https:\/\/trevotech.com\/fr\/wp-json\/wp\/v2\/product\/3689","targetHints":{"allow":["GET"]}}],"collection":[{"href":"https:\/\/trevotech.com\/fr\/wp-json\/wp\/v2\/product"}],"about":[{"href":"https:\/\/trevotech.com\/fr\/wp-json\/wp\/v2\/types\/product"}],"replies":[{"embeddable":true,"href":"https:\/\/trevotech.com\/fr\/wp-json\/wp\/v2\/comments?post=3689"}],"wp:featuredmedia":[{"embeddable":true,"href":"https:\/\/trevotech.com\/fr\/wp-json\/wp\/v2\/media\/3789"}],"wp:attachment":[{"href":"https:\/\/trevotech.com\/fr\/wp-json\/wp\/v2\/media?parent=3689"}],"wp:term":[{"taxonomy":"product_brand","embeddable":true,"href":"https:\/\/trevotech.com\/fr\/wp-json\/wp\/v2\/product_brand?post=3689"},{"taxonomy":"product_cat","embeddable":true,"href":"https:\/\/trevotech.com\/fr\/wp-json\/wp\/v2\/product_cat?post=3689"},{"taxonomy":"product_tag","embeddable":true,"href":"https:\/\/trevotech.com\/fr\/wp-json\/wp\/v2\/product_tag?post=3689"}],"curies":[{"name":"wp","href":"https:\/\/api.w.org\/{rel}","templated":true}]}}