{"id":3692,"date":"2024-10-22T10:51:44","date_gmt":"2024-10-22T10:51:44","guid":{"rendered":"https:\/\/trevotech.com\/produto\/camioes-plataforma-e-guindaste\/"},"modified":"2025-08-05T08:54:29","modified_gmt":"2025-08-05T08:54:29","slug":"chassis-cabine-pour-applications-speciales","status":"publish","type":"product","link":"https:\/\/trevotech.com\/fr\/produto\/chassis-cabine-pour-applications-speciales\/","title":{"rendered":"Ch\u00e2ssis-Cabine pour Applications Sp\u00e9ciales"},"content":{"rendered":"<p><span style=\"font-weight: 400;\">Les ch\u00e2ssis Astra, comme le HD9 Ch\u00e2ssis et le HHD9 Ch\u00e2ssis, sont extr\u00eamement polyvalents et s\u2019adaptent \u00e0 une large gamme d\u2019applications industrielles et logistiques. Disponibles en configurations 4&#215;2, 6&#215;4, 6&#215;6 et 8&#215;8, ils permettent l\u2019installation de b\u00e9tonni\u00e8res, grues, citernes, bennes basculantes et \u00e9quipements sp\u00e9cialis\u00e9s. Ces v\u00e9hicules sont id\u00e9aux pour les entreprises de construction, les transporteurs sp\u00e9cialis\u00e9s, les services municipaux et les secteurs n\u00e9cessitant des solutions sur mesure pour des op\u00e9rations on-road et off-road.<\/span><\/p>\n<p><span style=\"font-weight: 400;\">Les camions plateaux et grues Astra sont des v\u00e9hicules lourds polyvalents, con\u00e7us pour transporter et soulever des charges lourdes. Ils sont \u00e9quip\u00e9s de plateformes robustes pour un chargement s\u00e9curis\u00e9 et de grues puissantes pour un chargement\/d\u00e9chargement efficace. Leurs caract\u00e9ristiques incluent une grande capacit\u00e9 de levage, un ch\u00e2ssis durable, une transmission int\u00e9grale et des aptitudes tout-terrain. Utilisations :<\/span><\/p>\n<ul>\n<li style=\"font-weight: 400;\" aria-level=\"1\"><span style=\"font-weight: 400;\">Chantiers pour la manutention de mat\u00e9riaux<\/span><\/li>\n<li style=\"font-weight: 400;\" aria-level=\"1\"><span style=\"font-weight: 400;\">Transport de machines et \u00e9quipements lourds<\/span><\/li>\n<li style=\"font-weight: 400;\" aria-level=\"1\"><span style=\"font-weight: 400;\">Levage et d\u00e9placement d&rsquo;objets ou structures volumineuses<\/span><\/li>\n<li style=\"font-weight: 400;\" aria-level=\"1\"><span style=\"font-weight: 400;\">Maintenance d&rsquo;infrastructures (ex. : poteaux \u00e9lectriques)<\/span><\/li>\n<li style=\"font-weight: 400;\" aria-level=\"1\"><span style=\"font-weight: 400;\">Exploitation foresti\u00e8re<\/span><\/li>\n<li style=\"font-weight: 400;\" aria-level=\"1\"><span style=\"font-weight: 400;\">Transport de charges encombrantes ou irr\u00e9guli\u00e8res en zones isol\u00e9es<\/span><\/li>\n<\/ul>\n<p><span style=\"font-weight: 400;\">Les camions plateaux et grues Astra sont des v\u00e9hicules lourds polyvalents, con\u00e7us pour transporter et soulever des charges lourdes. Ils sont \u00e9quip\u00e9s de plateformes robustes pour un chargement s\u00e9curis\u00e9 et de grues puissantes pour un chargement\/d\u00e9chargement efficace. Leurs caract\u00e9ristiques incluent une grande capacit\u00e9 de levage, un ch\u00e2ssis durable, une transmission int\u00e9grale et des aptitudes tout-terrain. Utilisations :<\/span><\/p>\n<ul>\n<li style=\"font-weight: 400;\" aria-level=\"1\"><span style=\"font-weight: 400;\">Chantiers pour la manutention de mat\u00e9riaux<\/span><\/li>\n<li style=\"font-weight: 400;\" aria-level=\"1\"><span style=\"font-weight: 400;\">Transport de machines et \u00e9quipements lourds<\/span><\/li>\n<li style=\"font-weight: 400;\" aria-level=\"1\"><span style=\"font-weight: 400;\">Levage et d\u00e9placement d&rsquo;objets ou structures volumineuses<\/span><\/li>\n<li style=\"font-weight: 400;\" aria-level=\"1\"><span style=\"font-weight: 400;\">Maintenance d&rsquo;infrastructures (ex. : poteaux \u00e9lectriques)<\/span><\/li>\n<li style=\"font-weight: 400;\" aria-level=\"1\"><span style=\"font-weight: 400;\">Exploitation foresti\u00e8re<\/span><\/li>\n<li style=\"font-weight: 400;\" aria-level=\"1\"><span style=\"font-weight: 400;\">Transport de charges encombrantes ou irr\u00e9guli\u00e8res en zones isol\u00e9es<\/span><\/li>\n<\/ul>\n<p><span style=\"font-weight: 400;\">Les ch\u00e2ssis Astra, comme le HD9 Ch\u00e2ssis et le HHD9 Ch\u00e2ssis, sont extr\u00eamement polyvalents et s\u2019adaptent \u00e0 une large gamme d\u2019applications industrielles et logistiques. Disponibles en configurations 4&#215;2, 6&#215;4, 6&#215;6 et 8&#215;8, ils permettent l\u2019installation de b\u00e9tonni\u00e8res, grues, citernes, bennes basculantes et \u00e9quipements sp\u00e9cialis\u00e9s. Ces v\u00e9hicules sont id\u00e9aux pour les entreprises de construction, les transporteurs sp\u00e9cialis\u00e9s, les services municipaux et les secteurs n\u00e9cessitant des solutions sur mesure pour des op\u00e9rations on-road et off-road.<\/span><\/p>\n","protected":false},"excerpt":{"rendered":"<p><span style=\"font-weight: 400;\">Les ch\u00e2ssis Astra, comme le HD9 Ch\u00e2ssis et le HHD9 Ch\u00e2ssis, sont extr\u00eamement polyvalents et s\u2019adaptent \u00e0 une large gamme d\u2019applications industrielles et logistiques. Disponibles en configurations 4&#215;2, 6&#215;4, 6&#215;6 et 8&#215;8, ils permettent l\u2019installation de b\u00e9tonni\u00e8res, grues, citernes, bennes basculantes et \u00e9quipements sp\u00e9cialis\u00e9s. Ces v\u00e9hicules sont id\u00e9aux pour les entreprises de construction, les transporteurs sp\u00e9cialis\u00e9s, les services municipaux et les secteurs n\u00e9cessitant des solutions sur mesure pour des op\u00e9rations on-road et off-road.<\/span><\/p>\n","protected":false},"featured_media":3792,"comment_status":"open","ping_status":"closed","template":"","meta":{"_acf_changed":false},"product_brand":[],"product_cat":[458],"product_tag":[],"class_list":{"0":"post-3692","1":"product","2":"type-product","3":"status-publish","4":"has-post-thumbnail","6":"product_cat-sem-categoria-fr","7":"setores-construction-et-mines","8":"setores-petrole-et-gaz","9":"setores-transport-et-logistique","10":"marcas-camions-astra","11":"tipo_produto-chassis-cabine-pour-applications-speciales","13":"first","14":"instock","15":"shipping-taxable","16":"product-type-simple"},"acf":[],"yoast_head":"<!-- This site is optimized with the Yoast SEO plugin v25.2 - https:\/\/yoast.com\/wordpress\/plugins\/seo\/ -->\n<title>Ch\u00e2ssis-Cabine pour Applications Sp\u00e9ciales Astra - Trevotech Group<\/title>\n<meta name=\"description\" content=\"Les ch\u00e2ssis Astra, comme le HD9 Ch\u00e2ssis et le HHD9 Ch\u00e2ssis, sont extr\u00eamement polyvalents et s\u2019adaptent \u00e0 une large gamme d\u2019applications...\" \/>\n<meta name=\"robots\" content=\"index, follow, max-snippet:-1, max-image-preview:large, max-video-preview:-1\" \/>\n<link rel=\"canonical\" href=\"https:\/\/trevotech.com\/fr\/produto\/chassis-cabine-pour-applications-speciales\/\" \/>\n<meta property=\"og:locale\" content=\"fr_FR\" \/>\n<meta property=\"og:type\" content=\"article\" \/>\n<meta property=\"og:title\" content=\"Ch\u00e2ssis-Cabine pour Applications Sp\u00e9ciales Astra - Trevotech Group\" \/>\n<meta property=\"og:description\" content=\"Les ch\u00e2ssis Astra, comme le HD9 Ch\u00e2ssis et le HHD9 Ch\u00e2ssis, sont extr\u00eamement polyvalents et s\u2019adaptent \u00e0 une large gamme d\u2019applications...\" \/>\n<meta property=\"og:url\" content=\"https:\/\/trevotech.com\/fr\/produto\/chassis-cabine-pour-applications-speciales\/\" \/>\n<meta property=\"og:site_name\" content=\"Trevotech Group\" \/>\n<meta property=\"article:modified_time\" content=\"2025-08-05T08:54:29+00:00\" \/>\n<meta property=\"og:image\" content=\"https:\/\/trevotech.com\/wp-content\/uploads\/2024\/10\/Astra-02.webp\" \/>\n\t<meta property=\"og:image:width\" content=\"1000\" \/>\n\t<meta property=\"og:image:height\" content=\"1000\" \/>\n\t<meta property=\"og:image:type\" content=\"image\/webp\" \/>\n<meta name=\"twitter:card\" content=\"summary_large_image\" \/>\n<meta name=\"twitter:label1\" content=\"Dur\u00e9e de lecture estim\u00e9e\" \/>\n\t<meta name=\"twitter:data1\" content=\"3 minutes\" \/>\n<script type=\"application\/ld+json\" class=\"yoast-schema-graph\">{\"@context\":\"https:\/\/schema.org\",\"@graph\":[{\"@type\":\"WebPage\",\"@id\":\"https:\/\/trevotech.com\/fr\/produto\/chassis-cabine-pour-applications-speciales\/\",\"url\":\"https:\/\/trevotech.com\/fr\/produto\/chassis-cabine-pour-applications-speciales\/\",\"name\":\"Ch\u00e2ssis-Cabine pour Applications Sp\u00e9ciales Astra - Trevotech Group\",\"isPartOf\":{\"@id\":\"https:\/\/trevotech.com\/fr\/#website\"},\"primaryImageOfPage\":{\"@id\":\"https:\/\/trevotech.com\/fr\/produto\/chassis-cabine-pour-applications-speciales\/#primaryimage\"},\"image\":{\"@id\":\"https:\/\/trevotech.com\/fr\/produto\/chassis-cabine-pour-applications-speciales\/#primaryimage\"},\"thumbnailUrl\":\"https:\/\/trevotech.com\/wp-content\/uploads\/2024\/10\/Astra-02.webp\",\"datePublished\":\"2024-10-22T10:51:44+00:00\",\"dateModified\":\"2025-08-05T08:54:29+00:00\",\"description\":\"Les ch\u00e2ssis Astra, comme le HD9 Ch\u00e2ssis et le HHD9 Ch\u00e2ssis, sont extr\u00eamement polyvalents et s\u2019adaptent \u00e0 une large gamme d\u2019applications...\",\"breadcrumb\":{\"@id\":\"https:\/\/trevotech.com\/fr\/produto\/chassis-cabine-pour-applications-speciales\/#breadcrumb\"},\"inLanguage\":\"fr-FR\",\"potentialAction\":[{\"@type\":\"ReadAction\",\"target\":[\"https:\/\/trevotech.com\/fr\/produto\/chassis-cabine-pour-applications-speciales\/\"]}]},{\"@type\":\"ImageObject\",\"inLanguage\":\"fr-FR\",\"@id\":\"https:\/\/trevotech.com\/fr\/produto\/chassis-cabine-pour-applications-speciales\/#primaryimage\",\"url\":\"https:\/\/trevotech.com\/wp-content\/uploads\/2024\/10\/Astra-02.webp\",\"contentUrl\":\"https:\/\/trevotech.com\/wp-content\/uploads\/2024\/10\/Astra-02.webp\",\"width\":1000,\"height\":1000,\"caption\":\"Cami\u00f5es de Plataforma para Aplica\u00e7\u00f5es Especiais\"},{\"@type\":\"BreadcrumbList\",\"@id\":\"https:\/\/trevotech.com\/fr\/produto\/chassis-cabine-pour-applications-speciales\/#breadcrumb\",\"itemListElement\":[{\"@type\":\"ListItem\",\"position\":1,\"name\":\"In\u00edcio\",\"item\":\"https:\/\/trevotech.com\/fr\/\"},{\"@type\":\"ListItem\",\"position\":2,\"name\":\"Produits\",\"item\":\"https:\/\/trevotech.com\/fr\/shop\/\"},{\"@type\":\"ListItem\",\"position\":3,\"name\":\"Ch\u00e2ssis-Cabine pour Applications Sp\u00e9ciales\"}]},{\"@type\":\"WebSite\",\"@id\":\"https:\/\/trevotech.com\/fr\/#website\",\"url\":\"https:\/\/trevotech.com\/fr\/\",\"name\":\"Trevotech Group\",\"description\":\"\",\"potentialAction\":[{\"@type\":\"SearchAction\",\"target\":{\"@type\":\"EntryPoint\",\"urlTemplate\":\"https:\/\/trevotech.com\/fr\/?s={search_term_string}\"},\"query-input\":{\"@type\":\"PropertyValueSpecification\",\"valueRequired\":true,\"valueName\":\"search_term_string\"}}],\"inLanguage\":\"fr-FR\"}]}<\/script>\n<!-- \/ Yoast SEO plugin. -->","yoast_head_json":{"title":"Ch\u00e2ssis-Cabine pour Applications Sp\u00e9ciales Astra - Trevotech Group","description":"Les ch\u00e2ssis Astra, comme le HD9 Ch\u00e2ssis et le HHD9 Ch\u00e2ssis, sont extr\u00eamement polyvalents et s\u2019adaptent \u00e0 une large gamme d\u2019applications...","robots":{"index":"index","follow":"follow","max-snippet":"max-snippet:-1","max-image-preview":"max-image-preview:large","max-video-preview":"max-video-preview:-1"},"canonical":"https:\/\/trevotech.com\/fr\/produto\/chassis-cabine-pour-applications-speciales\/","og_locale":"fr_FR","og_type":"article","og_title":"Ch\u00e2ssis-Cabine pour Applications Sp\u00e9ciales Astra - Trevotech Group","og_description":"Les ch\u00e2ssis Astra, comme le HD9 Ch\u00e2ssis et le HHD9 Ch\u00e2ssis, sont extr\u00eamement polyvalents et s\u2019adaptent \u00e0 une large gamme d\u2019applications...","og_url":"https:\/\/trevotech.com\/fr\/produto\/chassis-cabine-pour-applications-speciales\/","og_site_name":"Trevotech Group","article_modified_time":"2025-08-05T08:54:29+00:00","og_image":[{"width":1000,"height":1000,"url":"https:\/\/trevotech.com\/wp-content\/uploads\/2024\/10\/Astra-02.webp","type":"image\/webp"}],"twitter_card":"summary_large_image","twitter_misc":{"Dur\u00e9e de lecture estim\u00e9e":"3 minutes"},"schema":{"@context":"https:\/\/schema.org","@graph":[{"@type":"WebPage","@id":"https:\/\/trevotech.com\/fr\/produto\/chassis-cabine-pour-applications-speciales\/","url":"https:\/\/trevotech.com\/fr\/produto\/chassis-cabine-pour-applications-speciales\/","name":"Ch\u00e2ssis-Cabine pour Applications Sp\u00e9ciales Astra - Trevotech Group","isPartOf":{"@id":"https:\/\/trevotech.com\/fr\/#website"},"primaryImageOfPage":{"@id":"https:\/\/trevotech.com\/fr\/produto\/chassis-cabine-pour-applications-speciales\/#primaryimage"},"image":{"@id":"https:\/\/trevotech.com\/fr\/produto\/chassis-cabine-pour-applications-speciales\/#primaryimage"},"thumbnailUrl":"https:\/\/trevotech.com\/wp-content\/uploads\/2024\/10\/Astra-02.webp","datePublished":"2024-10-22T10:51:44+00:00","dateModified":"2025-08-05T08:54:29+00:00","description":"Les ch\u00e2ssis Astra, comme le HD9 Ch\u00e2ssis et le HHD9 Ch\u00e2ssis, sont extr\u00eamement polyvalents et s\u2019adaptent \u00e0 une large gamme d\u2019applications...","breadcrumb":{"@id":"https:\/\/trevotech.com\/fr\/produto\/chassis-cabine-pour-applications-speciales\/#breadcrumb"},"inLanguage":"fr-FR","potentialAction":[{"@type":"ReadAction","target":["https:\/\/trevotech.com\/fr\/produto\/chassis-cabine-pour-applications-speciales\/"]}]},{"@type":"ImageObject","inLanguage":"fr-FR","@id":"https:\/\/trevotech.com\/fr\/produto\/chassis-cabine-pour-applications-speciales\/#primaryimage","url":"https:\/\/trevotech.com\/wp-content\/uploads\/2024\/10\/Astra-02.webp","contentUrl":"https:\/\/trevotech.com\/wp-content\/uploads\/2024\/10\/Astra-02.webp","width":1000,"height":1000,"caption":"Cami\u00f5es de Plataforma para Aplica\u00e7\u00f5es Especiais"},{"@type":"BreadcrumbList","@id":"https:\/\/trevotech.com\/fr\/produto\/chassis-cabine-pour-applications-speciales\/#breadcrumb","itemListElement":[{"@type":"ListItem","position":1,"name":"In\u00edcio","item":"https:\/\/trevotech.com\/fr\/"},{"@type":"ListItem","position":2,"name":"Produits","item":"https:\/\/trevotech.com\/fr\/shop\/"},{"@type":"ListItem","position":3,"name":"Ch\u00e2ssis-Cabine pour Applications Sp\u00e9ciales"}]},{"@type":"WebSite","@id":"https:\/\/trevotech.com\/fr\/#website","url":"https:\/\/trevotech.com\/fr\/","name":"Trevotech Group","description":"","potentialAction":[{"@type":"SearchAction","target":{"@type":"EntryPoint","urlTemplate":"https:\/\/trevotech.com\/fr\/?s={search_term_string}"},"query-input":{"@type":"PropertyValueSpecification","valueRequired":true,"valueName":"search_term_string"}}],"inLanguage":"fr-FR"}]}},"_links":{"self":[{"href":"https:\/\/trevotech.com\/fr\/wp-json\/wp\/v2\/product\/3692","targetHints":{"allow":["GET"]}}],"collection":[{"href":"https:\/\/trevotech.com\/fr\/wp-json\/wp\/v2\/product"}],"about":[{"href":"https:\/\/trevotech.com\/fr\/wp-json\/wp\/v2\/types\/product"}],"replies":[{"embeddable":true,"href":"https:\/\/trevotech.com\/fr\/wp-json\/wp\/v2\/comments?post=3692"}],"wp:featuredmedia":[{"embeddable":true,"href":"https:\/\/trevotech.com\/fr\/wp-json\/wp\/v2\/media\/3792"}],"wp:attachment":[{"href":"https:\/\/trevotech.com\/fr\/wp-json\/wp\/v2\/media?parent=3692"}],"wp:term":[{"taxonomy":"product_brand","embeddable":true,"href":"https:\/\/trevotech.com\/fr\/wp-json\/wp\/v2\/product_brand?post=3692"},{"taxonomy":"product_cat","embeddable":true,"href":"https:\/\/trevotech.com\/fr\/wp-json\/wp\/v2\/product_cat?post=3692"},{"taxonomy":"product_tag","embeddable":true,"href":"https:\/\/trevotech.com\/fr\/wp-json\/wp\/v2\/product_tag?post=3692"}],"curies":[{"name":"wp","href":"https:\/\/api.w.org\/{rel}","templated":true}]}}