{"id":3695,"date":"2024-10-22T10:54:09","date_gmt":"2024-10-22T10:54:09","guid":{"rendered":"https:\/\/trevotech.com\/produto\/astra-camioes-transporte-de-trabalhadores\/"},"modified":"2025-08-05T08:47:35","modified_gmt":"2025-08-05T08:47:35","slug":"camions-rigides-lourds","status":"publish","type":"product","link":"https:\/\/trevotech.com\/fr\/produto\/camions-rigides-lourds\/","title":{"rendered":"Camions Rigides Lourds"},"content":{"rendered":"<div class=\"flex-1 overflow-hidden @container\/thread\">\n<div class=\"h-full\">\n<div class=\"react-scroll-to-bottom--css-usbhd-79elbk h-full\">\n<div class=\"react-scroll-to-bottom--css-usbhd-1n7m0yu\">\n<div class=\"flex flex-col text-sm\">\n<article class=\"w-full scroll-mb-[var(--thread-trailing-height,150px)] text-token-text-primary focus-visible:outline-2 focus-visible:outline-offset-[-4px]\" dir=\"auto\" data-testid=\"conversation-turn-31\" data-scroll-anchor=\"true\">\n<div class=\"m-auto text-base py-[18px] px-3 md:px-4 w-full md:px-5 lg:px-4 xl:px-5\">\n<div class=\"mx-auto flex flex-1 gap-4 text-base md:gap-5 lg:gap-6 md:max-w-3xl\">\n<div class=\"group\/conversation-turn relative flex w-full min-w-0 flex-col agent-turn\">\n<div class=\"flex-col gap-1 md:gap-3\">\n<div class=\"flex max-w-full flex-col flex-grow\">\n<div class=\"min-h-8 text-message flex w-full flex-col items-end gap-2 whitespace-normal break-words text-start [.text-message+&amp;]:mt-5\" dir=\"auto\" data-message-author-role=\"assistant\" data-message-id=\"0c2f40f2-520e-463f-98d0-90bbdba504f6\" data-message-model-slug=\"gpt-4o-mini\">\n<div class=\"flex w-full flex-col gap-1 empty:hidden first:pt-[3px]\">\n<div class=\"markdown prose w-full break-words dark:prose-invert light\">\n<p><span style=\"font-weight: 400;\">Les Camions Rigides Lourds mod\u00e8les HD9 Rigid et HHD9 Rigid d\u2019Astra sont la solution id\u00e9ale pour les op\u00e9rations dans des environnements extr\u00eames. Robustes et fiables, ces camions sont disponibles en configurations 4&#215;4, 6&#215;4, 8&#215;4 et 8&#215;8, con\u00e7us pour affronter les conditions les plus difficiles dans les travaux de construction lourde, le transport de pierres et l\u2019exploitation mini\u00e8re \u00e0 ciel ouvert. Avec des puissances allant jusqu\u2019\u00e0 540 chevaux, ils garantissent efficacit\u00e9, s\u00e9curit\u00e9 et productivit\u00e9 m\u00eame sur les terrains les plus exigeants.<\/span><\/p>\n<p><span style=\"font-weight: 400;\">Les camions de transport de personnel Astra sont con\u00e7us pour transporter les travailleurs de mani\u00e8re s\u00fbre et efficace vers et depuis des sites \u00e9loign\u00e9s, notamment en environnements difficiles ou hors route. Dot\u00e9s de cabines spacieuses avec si\u00e8ges pour plusieurs passagers, de suspensions durables et d&rsquo;une garde au sol \u00e9lev\u00e9e, ils assurent confort et s\u00e9curit\u00e9. Utilisations :<\/span><\/p>\n<ul>\n<li style=\"font-weight: 400;\" aria-level=\"1\"><span style=\"font-weight: 400;\">Exploitation mini\u00e8re<\/span><\/li>\n<li style=\"font-weight: 400;\" aria-level=\"1\"><span style=\"font-weight: 400;\">Chantiers, notamment en zones recul\u00e9es<\/span><\/li>\n<li style=\"font-weight: 400;\" aria-level=\"1\"><span style=\"font-weight: 400;\">Sites de l&rsquo;industrie p\u00e9troli\u00e8re et gazi\u00e8re<\/span><\/li>\n<li style=\"font-weight: 400;\" aria-level=\"1\"><span style=\"font-weight: 400;\">Zones d&rsquo;exploitation foresti\u00e8re<\/span><\/li>\n<li style=\"font-weight: 400;\" aria-level=\"1\"><span style=\"font-weight: 400;\">Projets d&rsquo;infrastructure \u00e0 grande \u00e9chelle<\/span><\/li>\n<li style=\"font-weight: 400;\" aria-level=\"1\"><span style=\"font-weight: 400;\">Missions militaires ou humanitaires<\/span><\/li>\n<li style=\"font-weight: 400;\" aria-level=\"1\"><span style=\"font-weight: 400;\">Sites isol\u00e9s sans acc\u00e8s au r\u00e9seau<\/span><\/li>\n<\/ul>\n<p><span style=\"font-weight: 400;\">Les camions de transport de personnel Astra sont con\u00e7us pour transporter les travailleurs de mani\u00e8re s\u00fbre et efficace vers et depuis des sites \u00e9loign\u00e9s, notamment en environnements difficiles ou hors route. Dot\u00e9s de cabines spacieuses avec si\u00e8ges pour plusieurs passagers, de suspensions durables et d&rsquo;une garde au sol \u00e9lev\u00e9e, ils assurent confort et s\u00e9curit\u00e9. Utilisations :<\/span><\/p>\n<ul>\n<li style=\"font-weight: 400;\" aria-level=\"1\"><span style=\"font-weight: 400;\">Exploitation mini\u00e8re<\/span><\/li>\n<li style=\"font-weight: 400;\" aria-level=\"1\"><span style=\"font-weight: 400;\">Chantiers, notamment en zones recul\u00e9es<\/span><\/li>\n<li style=\"font-weight: 400;\" aria-level=\"1\"><span style=\"font-weight: 400;\">Sites de l&rsquo;industrie p\u00e9troli\u00e8re et gazi\u00e8re<\/span><\/li>\n<li style=\"font-weight: 400;\" aria-level=\"1\"><span style=\"font-weight: 400;\">Zones d&rsquo;exploitation foresti\u00e8re<\/span><\/li>\n<li style=\"font-weight: 400;\" aria-level=\"1\"><span style=\"font-weight: 400;\">Projets d&rsquo;infrastructure \u00e0 grande \u00e9chelle<\/span><\/li>\n<li style=\"font-weight: 400;\" aria-level=\"1\"><span style=\"font-weight: 400;\">Missions militaires ou humanitaires<\/span><\/li>\n<li style=\"font-weight: 400;\" aria-level=\"1\"><span style=\"font-weight: 400;\">Sites isol\u00e9s sans acc\u00e8s au r\u00e9seau<\/span><\/li>\n<\/ul>\n<\/div>\n<\/div>\n<\/div>\n<\/div>\n<div class=\"mb-2 flex gap-3 empty:hidden -ml-2\">\n<div class=\"items-center justify-start rounded-xl p-1 flex\">\n<div class=\"flex items-center\"><span style=\"font-weight: 400;\">Les Camions Rigides Lourds mod\u00e8les HD9 Rigid et HHD9 Rigid d\u2019Astra sont la solution id\u00e9ale pour les op\u00e9rations dans des environnements extr\u00eames. Robustes et fiables, ces camions sont disponibles en configurations 4&#215;4, 6&#215;4, 8&#215;4 et 8&#215;8, con\u00e7us pour affronter les conditions les plus difficiles dans les travaux de construction lourde, le transport de pierres et l\u2019exploitation mini\u00e8re \u00e0 ciel ouvert. Avec des puissances allant jusqu\u2019\u00e0 540 chevaux, ils garantissent efficacit\u00e9, s\u00e9curit\u00e9 et productivit\u00e9 m\u00eame sur les terrains les plus exigeants.<\/span><\/div>\n<\/div>\n<\/div>\n<div class=\"pr-2 lg:pr-0\"><\/div>\n<div class=\"mt-3 w-full empty:hidden\">\n<div class=\"text-center\"><\/div>\n<\/div>\n<\/div>\n<div class=\"absolute\">\n<div class=\"flex items-center justify-center\"><\/div>\n<\/div>\n<\/div>\n<\/div>\n<\/div>\n<\/article>\n<\/div>\n<\/div>\n<\/div>\n<\/div>\n<\/div>\n<div class=\"md:pt-0 dark:border-white\/20 md:border-transparent md:dark:border-transparent w-full\">\n<div>\n<div class=\"m-auto text-base px-3 md:px-4 w-full md:px-5 lg:px-4 xl:px-5\">\n<div class=\"mx-auto flex flex-1 gap-4 text-base md:gap-5 lg:gap-6 md:max-w-3xl\">\n<div class=\"flex justify-center\"><\/div>\n<\/div>\n<\/div>\n<\/div>\n<\/div>\n","protected":false},"excerpt":{"rendered":"<p><span style=\"font-weight: 400;\">Les mod\u00e8les HD9 Rigid et HHD9 Rigid d\u2019Astra sont la solution id\u00e9ale pour les op\u00e9rations dans des environnements extr\u00eames. Robustes et fiables, ces camions sont disponibles en configurations 4&#215;4, 6&#215;4, 8&#215;4 et 8&#215;8, con\u00e7us pour affronter les conditions les plus difficiles dans les travaux de construction lourde, le transport de pierres et l\u2019exploitation mini\u00e8re \u00e0 ciel ouvert. Avec des puissances allant jusqu\u2019\u00e0 540 chevaux, ils garantissent efficacit\u00e9, s\u00e9curit\u00e9 et productivit\u00e9 m\u00eame sur les terrains les plus exigeants.<\/span><\/p>\n","protected":false},"featured_media":3786,"comment_status":"open","ping_status":"closed","template":"","meta":{"_acf_changed":false},"product_brand":[],"product_cat":[458],"product_tag":[],"class_list":{"0":"post-3695","1":"product","2":"type-product","3":"status-publish","4":"has-post-thumbnail","6":"product_cat-sem-categoria-fr","7":"setores-construction-et-mines","8":"setores-petrole-et-gaz","9":"setores-transport-et-logistique","10":"marcas-camions-astra","11":"tipo_produto-camions-rigides-lourds","13":"first","14":"instock","15":"shipping-taxable","16":"product-type-simple"},"acf":[],"yoast_head":"<!-- This site is optimized with the Yoast SEO plugin v25.2 - https:\/\/yoast.com\/wordpress\/plugins\/seo\/ -->\n<title>Camions Rigides Lourds Astra - Trevotech Group<\/title>\n<meta name=\"description\" content=\"Les Camions Rigides Lourds mod\u00e8les HD9 Rigid et HHD9 Rigid d\u2019Astra sont la solution id\u00e9ale pour les op\u00e9rations dans des...\" \/>\n<meta name=\"robots\" content=\"index, follow, max-snippet:-1, max-image-preview:large, max-video-preview:-1\" \/>\n<link rel=\"canonical\" href=\"https:\/\/trevotech.com\/fr\/produto\/camions-rigides-lourds\/\" \/>\n<meta property=\"og:locale\" content=\"fr_FR\" \/>\n<meta property=\"og:type\" content=\"article\" \/>\n<meta property=\"og:title\" content=\"Camions Rigides Lourds Astra - Trevotech Group\" \/>\n<meta property=\"og:description\" content=\"Les Camions Rigides Lourds mod\u00e8les HD9 Rigid et HHD9 Rigid d\u2019Astra sont la solution id\u00e9ale pour les op\u00e9rations dans des...\" \/>\n<meta property=\"og:url\" content=\"https:\/\/trevotech.com\/fr\/produto\/camions-rigides-lourds\/\" \/>\n<meta property=\"og:site_name\" content=\"Trevotech Group\" \/>\n<meta property=\"article:modified_time\" content=\"2025-08-05T08:47:35+00:00\" \/>\n<meta property=\"og:image\" content=\"https:\/\/trevotech.com\/wp-content\/uploads\/2024\/10\/Astra-05.webp\" \/>\n\t<meta property=\"og:image:width\" content=\"1000\" \/>\n\t<meta property=\"og:image:height\" content=\"1000\" \/>\n\t<meta property=\"og:image:type\" content=\"image\/webp\" \/>\n<meta name=\"twitter:card\" content=\"summary_large_image\" \/>\n<meta name=\"twitter:label1\" content=\"Dur\u00e9e de lecture estim\u00e9e\" \/>\n\t<meta name=\"twitter:data1\" content=\"3 minutes\" \/>\n<script type=\"application\/ld+json\" class=\"yoast-schema-graph\">{\"@context\":\"https:\/\/schema.org\",\"@graph\":[{\"@type\":\"WebPage\",\"@id\":\"https:\/\/trevotech.com\/fr\/produto\/camions-rigides-lourds\/\",\"url\":\"https:\/\/trevotech.com\/fr\/produto\/camions-rigides-lourds\/\",\"name\":\"Camions Rigides Lourds Astra - Trevotech Group\",\"isPartOf\":{\"@id\":\"https:\/\/trevotech.com\/fr\/#website\"},\"primaryImageOfPage\":{\"@id\":\"https:\/\/trevotech.com\/fr\/produto\/camions-rigides-lourds\/#primaryimage\"},\"image\":{\"@id\":\"https:\/\/trevotech.com\/fr\/produto\/camions-rigides-lourds\/#primaryimage\"},\"thumbnailUrl\":\"https:\/\/trevotech.com\/wp-content\/uploads\/2024\/10\/Astra-05.webp\",\"datePublished\":\"2024-10-22T10:54:09+00:00\",\"dateModified\":\"2025-08-05T08:47:35+00:00\",\"description\":\"Les Camions Rigides Lourds mod\u00e8les HD9 Rigid et HHD9 Rigid d\u2019Astra sont la solution id\u00e9ale pour les op\u00e9rations dans des...\",\"breadcrumb\":{\"@id\":\"https:\/\/trevotech.com\/fr\/produto\/camions-rigides-lourds\/#breadcrumb\"},\"inLanguage\":\"fr-FR\",\"potentialAction\":[{\"@type\":\"ReadAction\",\"target\":[\"https:\/\/trevotech.com\/fr\/produto\/camions-rigides-lourds\/\"]}]},{\"@type\":\"ImageObject\",\"inLanguage\":\"fr-FR\",\"@id\":\"https:\/\/trevotech.com\/fr\/produto\/camions-rigides-lourds\/#primaryimage\",\"url\":\"https:\/\/trevotech.com\/wp-content\/uploads\/2024\/10\/Astra-05.webp\",\"contentUrl\":\"https:\/\/trevotech.com\/wp-content\/uploads\/2024\/10\/Astra-05.webp\",\"width\":1000,\"height\":1000,\"caption\":\"Cami\u00f5es R\u00edgidos Pesados\"},{\"@type\":\"BreadcrumbList\",\"@id\":\"https:\/\/trevotech.com\/fr\/produto\/camions-rigides-lourds\/#breadcrumb\",\"itemListElement\":[{\"@type\":\"ListItem\",\"position\":1,\"name\":\"In\u00edcio\",\"item\":\"https:\/\/trevotech.com\/fr\/\"},{\"@type\":\"ListItem\",\"position\":2,\"name\":\"Produits\",\"item\":\"https:\/\/trevotech.com\/fr\/shop\/\"},{\"@type\":\"ListItem\",\"position\":3,\"name\":\"Camions Rigides Lourds\"}]},{\"@type\":\"WebSite\",\"@id\":\"https:\/\/trevotech.com\/fr\/#website\",\"url\":\"https:\/\/trevotech.com\/fr\/\",\"name\":\"Trevotech Group\",\"description\":\"\",\"potentialAction\":[{\"@type\":\"SearchAction\",\"target\":{\"@type\":\"EntryPoint\",\"urlTemplate\":\"https:\/\/trevotech.com\/fr\/?s={search_term_string}\"},\"query-input\":{\"@type\":\"PropertyValueSpecification\",\"valueRequired\":true,\"valueName\":\"search_term_string\"}}],\"inLanguage\":\"fr-FR\"}]}<\/script>\n<!-- \/ Yoast SEO plugin. -->","yoast_head_json":{"title":"Camions Rigides Lourds Astra - Trevotech Group","description":"Les Camions Rigides Lourds mod\u00e8les HD9 Rigid et HHD9 Rigid d\u2019Astra sont la solution id\u00e9ale pour les op\u00e9rations dans des...","robots":{"index":"index","follow":"follow","max-snippet":"max-snippet:-1","max-image-preview":"max-image-preview:large","max-video-preview":"max-video-preview:-1"},"canonical":"https:\/\/trevotech.com\/fr\/produto\/camions-rigides-lourds\/","og_locale":"fr_FR","og_type":"article","og_title":"Camions Rigides Lourds Astra - Trevotech Group","og_description":"Les Camions Rigides Lourds mod\u00e8les HD9 Rigid et HHD9 Rigid d\u2019Astra sont la solution id\u00e9ale pour les op\u00e9rations dans des...","og_url":"https:\/\/trevotech.com\/fr\/produto\/camions-rigides-lourds\/","og_site_name":"Trevotech Group","article_modified_time":"2025-08-05T08:47:35+00:00","og_image":[{"width":1000,"height":1000,"url":"https:\/\/trevotech.com\/wp-content\/uploads\/2024\/10\/Astra-05.webp","type":"image\/webp"}],"twitter_card":"summary_large_image","twitter_misc":{"Dur\u00e9e de lecture estim\u00e9e":"3 minutes"},"schema":{"@context":"https:\/\/schema.org","@graph":[{"@type":"WebPage","@id":"https:\/\/trevotech.com\/fr\/produto\/camions-rigides-lourds\/","url":"https:\/\/trevotech.com\/fr\/produto\/camions-rigides-lourds\/","name":"Camions Rigides Lourds Astra - Trevotech Group","isPartOf":{"@id":"https:\/\/trevotech.com\/fr\/#website"},"primaryImageOfPage":{"@id":"https:\/\/trevotech.com\/fr\/produto\/camions-rigides-lourds\/#primaryimage"},"image":{"@id":"https:\/\/trevotech.com\/fr\/produto\/camions-rigides-lourds\/#primaryimage"},"thumbnailUrl":"https:\/\/trevotech.com\/wp-content\/uploads\/2024\/10\/Astra-05.webp","datePublished":"2024-10-22T10:54:09+00:00","dateModified":"2025-08-05T08:47:35+00:00","description":"Les Camions Rigides Lourds mod\u00e8les HD9 Rigid et HHD9 Rigid d\u2019Astra sont la solution id\u00e9ale pour les op\u00e9rations dans des...","breadcrumb":{"@id":"https:\/\/trevotech.com\/fr\/produto\/camions-rigides-lourds\/#breadcrumb"},"inLanguage":"fr-FR","potentialAction":[{"@type":"ReadAction","target":["https:\/\/trevotech.com\/fr\/produto\/camions-rigides-lourds\/"]}]},{"@type":"ImageObject","inLanguage":"fr-FR","@id":"https:\/\/trevotech.com\/fr\/produto\/camions-rigides-lourds\/#primaryimage","url":"https:\/\/trevotech.com\/wp-content\/uploads\/2024\/10\/Astra-05.webp","contentUrl":"https:\/\/trevotech.com\/wp-content\/uploads\/2024\/10\/Astra-05.webp","width":1000,"height":1000,"caption":"Cami\u00f5es R\u00edgidos Pesados"},{"@type":"BreadcrumbList","@id":"https:\/\/trevotech.com\/fr\/produto\/camions-rigides-lourds\/#breadcrumb","itemListElement":[{"@type":"ListItem","position":1,"name":"In\u00edcio","item":"https:\/\/trevotech.com\/fr\/"},{"@type":"ListItem","position":2,"name":"Produits","item":"https:\/\/trevotech.com\/fr\/shop\/"},{"@type":"ListItem","position":3,"name":"Camions Rigides Lourds"}]},{"@type":"WebSite","@id":"https:\/\/trevotech.com\/fr\/#website","url":"https:\/\/trevotech.com\/fr\/","name":"Trevotech Group","description":"","potentialAction":[{"@type":"SearchAction","target":{"@type":"EntryPoint","urlTemplate":"https:\/\/trevotech.com\/fr\/?s={search_term_string}"},"query-input":{"@type":"PropertyValueSpecification","valueRequired":true,"valueName":"search_term_string"}}],"inLanguage":"fr-FR"}]}},"_links":{"self":[{"href":"https:\/\/trevotech.com\/fr\/wp-json\/wp\/v2\/product\/3695","targetHints":{"allow":["GET"]}}],"collection":[{"href":"https:\/\/trevotech.com\/fr\/wp-json\/wp\/v2\/product"}],"about":[{"href":"https:\/\/trevotech.com\/fr\/wp-json\/wp\/v2\/types\/product"}],"replies":[{"embeddable":true,"href":"https:\/\/trevotech.com\/fr\/wp-json\/wp\/v2\/comments?post=3695"}],"wp:featuredmedia":[{"embeddable":true,"href":"https:\/\/trevotech.com\/fr\/wp-json\/wp\/v2\/media\/3786"}],"wp:attachment":[{"href":"https:\/\/trevotech.com\/fr\/wp-json\/wp\/v2\/media?parent=3695"}],"wp:term":[{"taxonomy":"product_brand","embeddable":true,"href":"https:\/\/trevotech.com\/fr\/wp-json\/wp\/v2\/product_brand?post=3695"},{"taxonomy":"product_cat","embeddable":true,"href":"https:\/\/trevotech.com\/fr\/wp-json\/wp\/v2\/product_cat?post=3695"},{"taxonomy":"product_tag","embeddable":true,"href":"https:\/\/trevotech.com\/fr\/wp-json\/wp\/v2\/product_tag?post=3695"}],"curies":[{"name":"wp","href":"https:\/\/api.w.org\/{rel}","templated":true}]}}