{"id":3698,"date":"2024-10-22T10:49:07","date_gmt":"2024-10-22T10:49:07","guid":{"rendered":"https:\/\/trevotech.com\/produto\/camioes-oficinas-moveis\/"},"modified":"2025-08-05T08:58:25","modified_gmt":"2025-08-05T08:58:25","slug":"tombereaux-rigides","status":"publish","type":"product","link":"https:\/\/trevotech.com\/fr\/produto\/tombereaux-rigides\/","title":{"rendered":"Tombereaux Rigides (Mines)"},"content":{"rendered":"<p><span style=\"font-weight: 400;\">Les Tombereaux Rigides Astra, comme les mod\u00e8les RD40 et RD50, sont con\u00e7us pour le transport de gros volumes de mat\u00e9riaux dans les op\u00e9rations mini\u00e8res et les carri\u00e8res. Avec des capacit\u00e9s de charge comprises entre 40 et 50 tonnes, ces tombereaux se distinguent par leur structure renforc\u00e9e, leur entretien simplifi\u00e9 et leur durabilit\u00e9 dans des environnements extr\u00eames. Ils sont la solution id\u00e9ale pour les entreprises mini\u00e8res qui recherchent productivit\u00e9 et s\u00e9curit\u00e9 dans le transport intensif de mat\u00e9riaux.<\/span><\/p>\n<p><span style=\"font-weight: 400;\">Les camions ateliers mobiles Astra sont con\u00e7us pour assurer l&rsquo;entretien et les r\u00e9parations sur site, dans des zones \u00e9loign\u00e9es ou hors route. \u00c9quip\u00e9s de plans de travail, d&rsquo;outils et de rangements pour pi\u00e8ces d\u00e9tach\u00e9es, ils permettent aux techniciens d&rsquo;intervenir sans retour \u00e0 un atelier central. Avec un ch\u00e2ssis robuste, une garde au sol \u00e9lev\u00e9e et des moteurs puissants, ils forment un atelier mobile tout-terrain. Utilisations :<\/span><\/p>\n<ul>\n<li style=\"font-weight: 400;\" aria-level=\"1\"><span style=\"font-weight: 400;\">Entretien d&rsquo;\u00e9quipements miniers sur site<\/span><\/li>\n<li style=\"font-weight: 400;\" aria-level=\"1\"><span style=\"font-weight: 400;\">R\u00e9paration de machines sur les chantiers<\/span><\/li>\n<li style=\"font-weight: 400;\" aria-level=\"1\"><span style=\"font-weight: 400;\">Op\u00e9rations p\u00e9troli\u00e8res et gazi\u00e8res en zones isol\u00e9es<\/span><\/li>\n<li style=\"font-weight: 400;\" aria-level=\"1\"><span style=\"font-weight: 400;\">Maintenance foresti\u00e8re<\/span><\/li>\n<li style=\"font-weight: 400;\" aria-level=\"1\"><span style=\"font-weight: 400;\">Interventions militaires et d&rsquo;urgence<\/span><\/li>\n<li style=\"font-weight: 400;\" aria-level=\"1\"><span style=\"font-weight: 400;\">Grands projets n\u00e9cessitant des r\u00e9parations sur place<\/span><\/li>\n<li style=\"font-weight: 400;\" aria-level=\"1\"><span style=\"font-weight: 400;\">Zones sans acc\u00e8s \u00e0 des ateliers traditionnels<\/span><\/li>\n<\/ul>\n<p><span style=\"font-weight: 400;\">Les camions ateliers mobiles Astra sont con\u00e7us pour assurer l&rsquo;entretien et les r\u00e9parations sur site, dans des zones \u00e9loign\u00e9es ou hors route. \u00c9quip\u00e9s de plans de travail, d&rsquo;outils et de rangements pour pi\u00e8ces d\u00e9tach\u00e9es, ils permettent aux techniciens d&rsquo;intervenir sans retour \u00e0 un atelier central. Avec un ch\u00e2ssis robuste, une garde au sol \u00e9lev\u00e9e et des moteurs puissants, ils forment un atelier mobile tout-terrain. Utilisations :<\/span><\/p>\n<ul>\n<li style=\"font-weight: 400;\" aria-level=\"1\"><span style=\"font-weight: 400;\">Entretien d&rsquo;\u00e9quipements miniers sur site<\/span><\/li>\n<li style=\"font-weight: 400;\" aria-level=\"1\"><span style=\"font-weight: 400;\">R\u00e9paration de machines sur les chantiers<\/span><\/li>\n<li style=\"font-weight: 400;\" aria-level=\"1\"><span style=\"font-weight: 400;\">Op\u00e9rations p\u00e9troli\u00e8res et gazi\u00e8res en zones isol\u00e9es<\/span><\/li>\n<li style=\"font-weight: 400;\" aria-level=\"1\"><span style=\"font-weight: 400;\">Maintenance foresti\u00e8re<\/span><\/li>\n<li style=\"font-weight: 400;\" aria-level=\"1\"><span style=\"font-weight: 400;\">Interventions militaires et d&rsquo;urgence<\/span><\/li>\n<li style=\"font-weight: 400;\" aria-level=\"1\"><span style=\"font-weight: 400;\">Grands projets n\u00e9cessitant des r\u00e9parations sur place<\/span><\/li>\n<li style=\"font-weight: 400;\" aria-level=\"1\"><span style=\"font-weight: 400;\">Zones sans acc\u00e8s \u00e0 des ateliers traditionnels<\/span><\/li>\n<\/ul>\n<p><span style=\"font-weight: 400;\">Les Tombereaux Rigides Astra, comme les mod\u00e8les RD40 et RD50, sont con\u00e7us pour le transport de gros volumes de mat\u00e9riaux dans les op\u00e9rations mini\u00e8res et les carri\u00e8res. Avec des capacit\u00e9s de charge comprises entre 40 et 50 tonnes, ces tombereaux se distinguent par leur structure renforc\u00e9e, leur entretien simplifi\u00e9 et leur durabilit\u00e9 dans des environnements extr\u00eames. Ils sont la solution id\u00e9ale pour les entreprises mini\u00e8res qui recherchent productivit\u00e9 et s\u00e9curit\u00e9 dans le transport intensif de mat\u00e9riaux.<\/span><\/p>\n","protected":false},"excerpt":{"rendered":"<p><span style=\"font-weight: 400;\">Les Tombereaux Rigides Astra, comme les mod\u00e8les RD40 et RD50, sont con\u00e7us pour le transport de gros volumes de mat\u00e9riaux dans les op\u00e9rations mini\u00e8res et les carri\u00e8res. Avec des capacit\u00e9s de charge comprises entre 40 et 50 tonnes, ces tombereaux se distinguent par leur structure renforc\u00e9e, leur entretien simplifi\u00e9 et leur durabilit\u00e9 dans des environnements extr\u00eames. Ils sont la solution id\u00e9ale pour les entreprises mini\u00e8res qui recherchent productivit\u00e9 et s\u00e9curit\u00e9 dans le transport intensif de mat\u00e9riaux.<\/span><\/p>\n","protected":false},"featured_media":3799,"comment_status":"open","ping_status":"closed","template":"","meta":{"_acf_changed":false},"product_brand":[],"product_cat":[458],"product_tag":[],"class_list":{"0":"post-3698","1":"product","2":"type-product","3":"status-publish","4":"has-post-thumbnail","6":"product_cat-sem-categoria-fr","7":"setores-construction-et-mines","8":"setores-petrole-et-gaz","9":"setores-transport-et-logistique","10":"marcas-camions-astra","11":"tipo_produto-tombereaux-rigides","13":"first","14":"instock","15":"shipping-taxable","16":"product-type-simple"},"acf":[],"yoast_head":"<!-- This site is optimized with the Yoast SEO plugin v25.2 - https:\/\/yoast.com\/wordpress\/plugins\/seo\/ -->\n<title>Tombereaux Rigides (Mines) Astra - Trevotech Group<\/title>\n<meta name=\"description\" content=\"Les Tombereaux Rigides Astra, comme les mod\u00e8les RD40 et RD50, sont con\u00e7us pour le transport de gros volumes de mat\u00e9riaux dans les...\" \/>\n<meta name=\"robots\" content=\"index, follow, max-snippet:-1, max-image-preview:large, max-video-preview:-1\" \/>\n<link rel=\"canonical\" href=\"https:\/\/trevotech.com\/fr\/produto\/tombereaux-rigides\/\" \/>\n<meta property=\"og:locale\" content=\"fr_FR\" \/>\n<meta property=\"og:type\" content=\"article\" \/>\n<meta property=\"og:title\" content=\"Tombereaux Rigides (Mines) Astra - Trevotech Group\" \/>\n<meta property=\"og:description\" content=\"Les Tombereaux Rigides Astra, comme les mod\u00e8les RD40 et RD50, sont con\u00e7us pour le transport de gros volumes de mat\u00e9riaux dans les...\" \/>\n<meta property=\"og:url\" content=\"https:\/\/trevotech.com\/fr\/produto\/tombereaux-rigides\/\" \/>\n<meta property=\"og:site_name\" content=\"Trevotech Group\" \/>\n<meta property=\"article:modified_time\" content=\"2025-08-05T08:58:25+00:00\" \/>\n<meta property=\"og:image\" content=\"https:\/\/trevotech.com\/wp-content\/uploads\/2024\/10\/Astra-03.webp\" \/>\n\t<meta property=\"og:image:width\" content=\"1000\" \/>\n\t<meta property=\"og:image:height\" content=\"1000\" \/>\n\t<meta property=\"og:image:type\" content=\"image\/webp\" \/>\n<meta name=\"twitter:card\" content=\"summary_large_image\" \/>\n<meta name=\"twitter:label1\" content=\"Dur\u00e9e de lecture estim\u00e9e\" \/>\n\t<meta name=\"twitter:data1\" content=\"3 minutes\" \/>\n<script type=\"application\/ld+json\" class=\"yoast-schema-graph\">{\"@context\":\"https:\/\/schema.org\",\"@graph\":[{\"@type\":\"WebPage\",\"@id\":\"https:\/\/trevotech.com\/fr\/produto\/tombereaux-rigides\/\",\"url\":\"https:\/\/trevotech.com\/fr\/produto\/tombereaux-rigides\/\",\"name\":\"Tombereaux Rigides (Mines) Astra - Trevotech Group\",\"isPartOf\":{\"@id\":\"https:\/\/trevotech.com\/fr\/#website\"},\"primaryImageOfPage\":{\"@id\":\"https:\/\/trevotech.com\/fr\/produto\/tombereaux-rigides\/#primaryimage\"},\"image\":{\"@id\":\"https:\/\/trevotech.com\/fr\/produto\/tombereaux-rigides\/#primaryimage\"},\"thumbnailUrl\":\"https:\/\/trevotech.com\/wp-content\/uploads\/2024\/10\/Astra-03.webp\",\"datePublished\":\"2024-10-22T10:49:07+00:00\",\"dateModified\":\"2025-08-05T08:58:25+00:00\",\"description\":\"Les Tombereaux Rigides Astra, comme les mod\u00e8les RD40 et RD50, sont con\u00e7us pour le transport de gros volumes de mat\u00e9riaux dans les...\",\"breadcrumb\":{\"@id\":\"https:\/\/trevotech.com\/fr\/produto\/tombereaux-rigides\/#breadcrumb\"},\"inLanguage\":\"fr-FR\",\"potentialAction\":[{\"@type\":\"ReadAction\",\"target\":[\"https:\/\/trevotech.com\/fr\/produto\/tombereaux-rigides\/\"]}]},{\"@type\":\"ImageObject\",\"inLanguage\":\"fr-FR\",\"@id\":\"https:\/\/trevotech.com\/fr\/produto\/tombereaux-rigides\/#primaryimage\",\"url\":\"https:\/\/trevotech.com\/wp-content\/uploads\/2024\/10\/Astra-03.webp\",\"contentUrl\":\"https:\/\/trevotech.com\/wp-content\/uploads\/2024\/10\/Astra-03.webp\",\"width\":1000,\"height\":1000,\"caption\":\"Dumpers de Mina\"},{\"@type\":\"BreadcrumbList\",\"@id\":\"https:\/\/trevotech.com\/fr\/produto\/tombereaux-rigides\/#breadcrumb\",\"itemListElement\":[{\"@type\":\"ListItem\",\"position\":1,\"name\":\"In\u00edcio\",\"item\":\"https:\/\/trevotech.com\/fr\/\"},{\"@type\":\"ListItem\",\"position\":2,\"name\":\"Produits\",\"item\":\"https:\/\/trevotech.com\/fr\/shop\/\"},{\"@type\":\"ListItem\",\"position\":3,\"name\":\"Tombereaux Rigides (Mines)\"}]},{\"@type\":\"WebSite\",\"@id\":\"https:\/\/trevotech.com\/fr\/#website\",\"url\":\"https:\/\/trevotech.com\/fr\/\",\"name\":\"Trevotech Group\",\"description\":\"\",\"potentialAction\":[{\"@type\":\"SearchAction\",\"target\":{\"@type\":\"EntryPoint\",\"urlTemplate\":\"https:\/\/trevotech.com\/fr\/?s={search_term_string}\"},\"query-input\":{\"@type\":\"PropertyValueSpecification\",\"valueRequired\":true,\"valueName\":\"search_term_string\"}}],\"inLanguage\":\"fr-FR\"}]}<\/script>\n<!-- \/ Yoast SEO plugin. -->","yoast_head_json":{"title":"Tombereaux Rigides (Mines) Astra - Trevotech Group","description":"Les Tombereaux Rigides Astra, comme les mod\u00e8les RD40 et RD50, sont con\u00e7us pour le transport de gros volumes de mat\u00e9riaux dans les...","robots":{"index":"index","follow":"follow","max-snippet":"max-snippet:-1","max-image-preview":"max-image-preview:large","max-video-preview":"max-video-preview:-1"},"canonical":"https:\/\/trevotech.com\/fr\/produto\/tombereaux-rigides\/","og_locale":"fr_FR","og_type":"article","og_title":"Tombereaux Rigides (Mines) Astra - Trevotech Group","og_description":"Les Tombereaux Rigides Astra, comme les mod\u00e8les RD40 et RD50, sont con\u00e7us pour le transport de gros volumes de mat\u00e9riaux dans les...","og_url":"https:\/\/trevotech.com\/fr\/produto\/tombereaux-rigides\/","og_site_name":"Trevotech Group","article_modified_time":"2025-08-05T08:58:25+00:00","og_image":[{"width":1000,"height":1000,"url":"https:\/\/trevotech.com\/wp-content\/uploads\/2024\/10\/Astra-03.webp","type":"image\/webp"}],"twitter_card":"summary_large_image","twitter_misc":{"Dur\u00e9e de lecture estim\u00e9e":"3 minutes"},"schema":{"@context":"https:\/\/schema.org","@graph":[{"@type":"WebPage","@id":"https:\/\/trevotech.com\/fr\/produto\/tombereaux-rigides\/","url":"https:\/\/trevotech.com\/fr\/produto\/tombereaux-rigides\/","name":"Tombereaux Rigides (Mines) Astra - Trevotech Group","isPartOf":{"@id":"https:\/\/trevotech.com\/fr\/#website"},"primaryImageOfPage":{"@id":"https:\/\/trevotech.com\/fr\/produto\/tombereaux-rigides\/#primaryimage"},"image":{"@id":"https:\/\/trevotech.com\/fr\/produto\/tombereaux-rigides\/#primaryimage"},"thumbnailUrl":"https:\/\/trevotech.com\/wp-content\/uploads\/2024\/10\/Astra-03.webp","datePublished":"2024-10-22T10:49:07+00:00","dateModified":"2025-08-05T08:58:25+00:00","description":"Les Tombereaux Rigides Astra, comme les mod\u00e8les RD40 et RD50, sont con\u00e7us pour le transport de gros volumes de mat\u00e9riaux dans les...","breadcrumb":{"@id":"https:\/\/trevotech.com\/fr\/produto\/tombereaux-rigides\/#breadcrumb"},"inLanguage":"fr-FR","potentialAction":[{"@type":"ReadAction","target":["https:\/\/trevotech.com\/fr\/produto\/tombereaux-rigides\/"]}]},{"@type":"ImageObject","inLanguage":"fr-FR","@id":"https:\/\/trevotech.com\/fr\/produto\/tombereaux-rigides\/#primaryimage","url":"https:\/\/trevotech.com\/wp-content\/uploads\/2024\/10\/Astra-03.webp","contentUrl":"https:\/\/trevotech.com\/wp-content\/uploads\/2024\/10\/Astra-03.webp","width":1000,"height":1000,"caption":"Dumpers de Mina"},{"@type":"BreadcrumbList","@id":"https:\/\/trevotech.com\/fr\/produto\/tombereaux-rigides\/#breadcrumb","itemListElement":[{"@type":"ListItem","position":1,"name":"In\u00edcio","item":"https:\/\/trevotech.com\/fr\/"},{"@type":"ListItem","position":2,"name":"Produits","item":"https:\/\/trevotech.com\/fr\/shop\/"},{"@type":"ListItem","position":3,"name":"Tombereaux Rigides (Mines)"}]},{"@type":"WebSite","@id":"https:\/\/trevotech.com\/fr\/#website","url":"https:\/\/trevotech.com\/fr\/","name":"Trevotech Group","description":"","potentialAction":[{"@type":"SearchAction","target":{"@type":"EntryPoint","urlTemplate":"https:\/\/trevotech.com\/fr\/?s={search_term_string}"},"query-input":{"@type":"PropertyValueSpecification","valueRequired":true,"valueName":"search_term_string"}}],"inLanguage":"fr-FR"}]}},"_links":{"self":[{"href":"https:\/\/trevotech.com\/fr\/wp-json\/wp\/v2\/product\/3698","targetHints":{"allow":["GET"]}}],"collection":[{"href":"https:\/\/trevotech.com\/fr\/wp-json\/wp\/v2\/product"}],"about":[{"href":"https:\/\/trevotech.com\/fr\/wp-json\/wp\/v2\/types\/product"}],"replies":[{"embeddable":true,"href":"https:\/\/trevotech.com\/fr\/wp-json\/wp\/v2\/comments?post=3698"}],"wp:featuredmedia":[{"embeddable":true,"href":"https:\/\/trevotech.com\/fr\/wp-json\/wp\/v2\/media\/3799"}],"wp:attachment":[{"href":"https:\/\/trevotech.com\/fr\/wp-json\/wp\/v2\/media?parent=3698"}],"wp:term":[{"taxonomy":"product_brand","embeddable":true,"href":"https:\/\/trevotech.com\/fr\/wp-json\/wp\/v2\/product_brand?post=3698"},{"taxonomy":"product_cat","embeddable":true,"href":"https:\/\/trevotech.com\/fr\/wp-json\/wp\/v2\/product_cat?post=3698"},{"taxonomy":"product_tag","embeddable":true,"href":"https:\/\/trevotech.com\/fr\/wp-json\/wp\/v2\/product_tag?post=3698"}],"curies":[{"name":"wp","href":"https:\/\/api.w.org\/{rel}","templated":true}]}}