{"id":3701,"date":"2024-10-22T10:50:41","date_gmt":"2024-10-22T10:50:41","guid":{"rendered":"https:\/\/trevotech.com\/produto\/camioes-para-todo-o-tipo-de-terreno\/"},"modified":"2025-08-05T08:57:20","modified_gmt":"2025-08-05T08:57:20","slug":"camions-militaires","status":"publish","type":"product","link":"https:\/\/trevotech.com\/fr\/produto\/camions-militaires\/","title":{"rendered":"Camions Militaires"},"content":{"rendered":"<p><span style=\"font-weight: 400;\">Astra propose des camions militaires tels que le HD9 Military et le HHD9 Military, sp\u00e9cialement con\u00e7us pour les missions logistiques, le transport de troupes et les op\u00e9rations tactiques sur tous types de terrains. Avec des capacit\u00e9s tout-terrain extr\u00eames et des configurations 4&#215;4, 6&#215;6 et 8&#215;8, ces v\u00e9hicules offrent robustesse, protection et fiabilit\u00e9, faisant d\u2019eux le choix privil\u00e9gi\u00e9 des forces arm\u00e9es et des organismes de d\u00e9fense \u00e0 travers le monde.<\/span><\/p>\n<p><span style=\"font-weight: 400;\">Les camions pour trains routiers tout-terrain Astra sont con\u00e7us pour le transport de marchandises sur des terrains accident\u00e9s, l\u00e0 o\u00f9 les v\u00e9hicules standards ne peuvent op\u00e9rer. \u00c9quip\u00e9s de moteurs puissants, de suspensions robustes et d&rsquo;une garde au sol \u00e9lev\u00e9e, ils poss\u00e8dent un design modulaire pour se connecter \u00e0 des remorques, assurant le transport de charges lourdes en zones difficiles. Usages fr\u00e9quents :<\/span><\/p>\n<ul>\n<li style=\"font-weight: 400;\" aria-level=\"1\"><span style=\"font-weight: 400;\">Exploitation mini\u00e8re et carri\u00e8res<\/span><\/li>\n<li style=\"font-weight: 400;\" aria-level=\"1\"><span style=\"font-weight: 400;\">Chantiers \u00e9loign\u00e9s n\u00e9cessitant transport lourd<\/span><\/li>\n<li style=\"font-weight: 400;\" aria-level=\"1\"><span style=\"font-weight: 400;\">Logistique militaire et transport d\u2019\u00e9quipements<\/span><\/li>\n<li style=\"font-weight: 400;\" aria-level=\"1\"><span style=\"font-weight: 400;\">Sites p\u00e9troliers et gaziers hors route<\/span><\/li>\n<li style=\"font-weight: 400;\" aria-level=\"1\"><span style=\"font-weight: 400;\">Projets d&rsquo;infrastructure en zones d&rsquo;acc\u00e8s difficile<\/span><\/li>\n<li style=\"font-weight: 400;\" aria-level=\"1\"><span style=\"font-weight: 400;\">Aide humanitaire en zones peu accessibles<\/span><\/li>\n<\/ul>\n<p><span style=\"font-weight: 400;\">Les camions pour trains routiers tout-terrain Astra sont con\u00e7us pour le transport de marchandises sur des terrains accident\u00e9s, l\u00e0 o\u00f9 les v\u00e9hicules standards ne peuvent op\u00e9rer. \u00c9quip\u00e9s de moteurs puissants, de suspensions robustes et d&rsquo;une garde au sol \u00e9lev\u00e9e, ils poss\u00e8dent un design modulaire pour se connecter \u00e0 des remorques, assurant le transport de charges lourdes en zones difficiles. Usages fr\u00e9quents :<\/span><\/p>\n<ul>\n<li style=\"font-weight: 400;\" aria-level=\"1\"><span style=\"font-weight: 400;\">Exploitation mini\u00e8re et carri\u00e8res<\/span><\/li>\n<li style=\"font-weight: 400;\" aria-level=\"1\"><span style=\"font-weight: 400;\">Chantiers \u00e9loign\u00e9s n\u00e9cessitant transport lourd<\/span><\/li>\n<li style=\"font-weight: 400;\" aria-level=\"1\"><span style=\"font-weight: 400;\">Logistique militaire et transport d\u2019\u00e9quipements<\/span><\/li>\n<li style=\"font-weight: 400;\" aria-level=\"1\"><span style=\"font-weight: 400;\">Sites p\u00e9troliers et gaziers hors route<\/span><\/li>\n<li style=\"font-weight: 400;\" aria-level=\"1\"><span style=\"font-weight: 400;\">Projets d&rsquo;infrastructure en zones d&rsquo;acc\u00e8s difficile<\/span><\/li>\n<li style=\"font-weight: 400;\" aria-level=\"1\"><span style=\"font-weight: 400;\">Aide humanitaire en zones peu accessibles<\/span><\/li>\n<\/ul>\n<p><span style=\"font-weight: 400;\">Astra propose des camions militaires tels que le HD9 Military et le HHD9 Military, sp\u00e9cialement con\u00e7us pour les missions logistiques, le transport de troupes et les op\u00e9rations tactiques sur tous types de terrains. Avec des capacit\u00e9s tout-terrain extr\u00eames et des configurations 4&#215;4, 6&#215;6 et 8&#215;8, ces v\u00e9hicules offrent robustesse, protection et fiabilit\u00e9, faisant d\u2019eux le choix privil\u00e9gi\u00e9 des forces arm\u00e9es et des organismes de d\u00e9fense \u00e0 travers le monde.<\/span><\/p>\n","protected":false},"excerpt":{"rendered":"<p><span style=\"font-weight: 400;\">Astra propose des camions militaires tels que le HD9 Military et le HHD9 Military, sp\u00e9cialement con\u00e7us pour les missions logistiques, le transport de troupes et les op\u00e9rations tactiques sur tous types de terrains. Avec des capacit\u00e9s tout-terrain extr\u00eames et des configurations 4&#215;4, 6&#215;6 et 8&#215;8, ces v\u00e9hicules offrent robustesse, protection et fiabilit\u00e9, faisant d\u2019eux le choix privil\u00e9gi\u00e9 des forces arm\u00e9es et des organismes de d\u00e9fense \u00e0 travers le monde.<\/span><\/p>\n","protected":false},"featured_media":3796,"comment_status":"open","ping_status":"closed","template":"","meta":{"_acf_changed":false},"product_brand":[],"product_cat":[458],"product_tag":[],"class_list":{"0":"post-3701","1":"product","2":"type-product","3":"status-publish","4":"has-post-thumbnail","6":"product_cat-sem-categoria-fr","7":"setores-construction-et-mines","8":"setores-petrole-et-gaz","9":"setores-transport-et-logistique","10":"marcas-camions-astra","11":"tipo_produto-camions-militaires","13":"first","14":"instock","15":"shipping-taxable","16":"product-type-simple"},"acf":[],"yoast_head":"<!-- This site is optimized with the Yoast SEO plugin v25.2 - https:\/\/yoast.com\/wordpress\/plugins\/seo\/ -->\n<title>Camions Militaires Astra - Trevotech Group<\/title>\n<meta name=\"description\" content=\"Astra propose des camions militaires tels que le HD9 Military et le HHD9 Military, sp\u00e9cialement con\u00e7us pour les missions logistiques...\" \/>\n<meta name=\"robots\" content=\"index, follow, max-snippet:-1, max-image-preview:large, max-video-preview:-1\" \/>\n<link rel=\"canonical\" href=\"https:\/\/trevotech.com\/fr\/produto\/camions-militaires\/\" \/>\n<meta property=\"og:locale\" content=\"fr_FR\" \/>\n<meta property=\"og:type\" content=\"article\" \/>\n<meta property=\"og:title\" content=\"Camions Militaires Astra - Trevotech Group\" \/>\n<meta property=\"og:description\" content=\"Astra propose des camions militaires tels que le HD9 Military et le HHD9 Military, sp\u00e9cialement con\u00e7us pour les missions logistiques...\" \/>\n<meta property=\"og:url\" content=\"https:\/\/trevotech.com\/fr\/produto\/camions-militaires\/\" \/>\n<meta property=\"og:site_name\" content=\"Trevotech Group\" \/>\n<meta property=\"article:modified_time\" content=\"2025-08-05T08:57:20+00:00\" \/>\n<meta property=\"og:image\" content=\"https:\/\/trevotech.com\/wp-content\/uploads\/2024\/10\/Astra-04.webp\" \/>\n\t<meta property=\"og:image:width\" content=\"1000\" \/>\n\t<meta property=\"og:image:height\" content=\"1000\" \/>\n\t<meta property=\"og:image:type\" content=\"image\/webp\" \/>\n<meta name=\"twitter:card\" content=\"summary_large_image\" \/>\n<meta name=\"twitter:label1\" content=\"Dur\u00e9e de lecture estim\u00e9e\" \/>\n\t<meta name=\"twitter:data1\" content=\"2 minutes\" \/>\n<script type=\"application\/ld+json\" class=\"yoast-schema-graph\">{\"@context\":\"https:\/\/schema.org\",\"@graph\":[{\"@type\":\"WebPage\",\"@id\":\"https:\/\/trevotech.com\/fr\/produto\/camions-militaires\/\",\"url\":\"https:\/\/trevotech.com\/fr\/produto\/camions-militaires\/\",\"name\":\"Camions Militaires Astra - Trevotech Group\",\"isPartOf\":{\"@id\":\"https:\/\/trevotech.com\/fr\/#website\"},\"primaryImageOfPage\":{\"@id\":\"https:\/\/trevotech.com\/fr\/produto\/camions-militaires\/#primaryimage\"},\"image\":{\"@id\":\"https:\/\/trevotech.com\/fr\/produto\/camions-militaires\/#primaryimage\"},\"thumbnailUrl\":\"https:\/\/trevotech.com\/wp-content\/uploads\/2024\/10\/Astra-04.webp\",\"datePublished\":\"2024-10-22T10:50:41+00:00\",\"dateModified\":\"2025-08-05T08:57:20+00:00\",\"description\":\"Astra propose des camions militaires tels que le HD9 Military et le HHD9 Military, sp\u00e9cialement con\u00e7us pour les missions logistiques...\",\"breadcrumb\":{\"@id\":\"https:\/\/trevotech.com\/fr\/produto\/camions-militaires\/#breadcrumb\"},\"inLanguage\":\"fr-FR\",\"potentialAction\":[{\"@type\":\"ReadAction\",\"target\":[\"https:\/\/trevotech.com\/fr\/produto\/camions-militaires\/\"]}]},{\"@type\":\"ImageObject\",\"inLanguage\":\"fr-FR\",\"@id\":\"https:\/\/trevotech.com\/fr\/produto\/camions-militaires\/#primaryimage\",\"url\":\"https:\/\/trevotech.com\/wp-content\/uploads\/2024\/10\/Astra-04.webp\",\"contentUrl\":\"https:\/\/trevotech.com\/wp-content\/uploads\/2024\/10\/Astra-04.webp\",\"width\":1000,\"height\":1000,\"caption\":\"CAMI\u00d5ES MILITARES\"},{\"@type\":\"BreadcrumbList\",\"@id\":\"https:\/\/trevotech.com\/fr\/produto\/camions-militaires\/#breadcrumb\",\"itemListElement\":[{\"@type\":\"ListItem\",\"position\":1,\"name\":\"In\u00edcio\",\"item\":\"https:\/\/trevotech.com\/fr\/\"},{\"@type\":\"ListItem\",\"position\":2,\"name\":\"Produits\",\"item\":\"https:\/\/trevotech.com\/fr\/shop\/\"},{\"@type\":\"ListItem\",\"position\":3,\"name\":\"Camions Militaires\"}]},{\"@type\":\"WebSite\",\"@id\":\"https:\/\/trevotech.com\/fr\/#website\",\"url\":\"https:\/\/trevotech.com\/fr\/\",\"name\":\"Trevotech Group\",\"description\":\"\",\"potentialAction\":[{\"@type\":\"SearchAction\",\"target\":{\"@type\":\"EntryPoint\",\"urlTemplate\":\"https:\/\/trevotech.com\/fr\/?s={search_term_string}\"},\"query-input\":{\"@type\":\"PropertyValueSpecification\",\"valueRequired\":true,\"valueName\":\"search_term_string\"}}],\"inLanguage\":\"fr-FR\"}]}<\/script>\n<!-- \/ Yoast SEO plugin. -->","yoast_head_json":{"title":"Camions Militaires Astra - Trevotech Group","description":"Astra propose des camions militaires tels que le HD9 Military et le HHD9 Military, sp\u00e9cialement con\u00e7us pour les missions logistiques...","robots":{"index":"index","follow":"follow","max-snippet":"max-snippet:-1","max-image-preview":"max-image-preview:large","max-video-preview":"max-video-preview:-1"},"canonical":"https:\/\/trevotech.com\/fr\/produto\/camions-militaires\/","og_locale":"fr_FR","og_type":"article","og_title":"Camions Militaires Astra - Trevotech Group","og_description":"Astra propose des camions militaires tels que le HD9 Military et le HHD9 Military, sp\u00e9cialement con\u00e7us pour les missions logistiques...","og_url":"https:\/\/trevotech.com\/fr\/produto\/camions-militaires\/","og_site_name":"Trevotech Group","article_modified_time":"2025-08-05T08:57:20+00:00","og_image":[{"width":1000,"height":1000,"url":"https:\/\/trevotech.com\/wp-content\/uploads\/2024\/10\/Astra-04.webp","type":"image\/webp"}],"twitter_card":"summary_large_image","twitter_misc":{"Dur\u00e9e de lecture estim\u00e9e":"2 minutes"},"schema":{"@context":"https:\/\/schema.org","@graph":[{"@type":"WebPage","@id":"https:\/\/trevotech.com\/fr\/produto\/camions-militaires\/","url":"https:\/\/trevotech.com\/fr\/produto\/camions-militaires\/","name":"Camions Militaires Astra - Trevotech Group","isPartOf":{"@id":"https:\/\/trevotech.com\/fr\/#website"},"primaryImageOfPage":{"@id":"https:\/\/trevotech.com\/fr\/produto\/camions-militaires\/#primaryimage"},"image":{"@id":"https:\/\/trevotech.com\/fr\/produto\/camions-militaires\/#primaryimage"},"thumbnailUrl":"https:\/\/trevotech.com\/wp-content\/uploads\/2024\/10\/Astra-04.webp","datePublished":"2024-10-22T10:50:41+00:00","dateModified":"2025-08-05T08:57:20+00:00","description":"Astra propose des camions militaires tels que le HD9 Military et le HHD9 Military, sp\u00e9cialement con\u00e7us pour les missions logistiques...","breadcrumb":{"@id":"https:\/\/trevotech.com\/fr\/produto\/camions-militaires\/#breadcrumb"},"inLanguage":"fr-FR","potentialAction":[{"@type":"ReadAction","target":["https:\/\/trevotech.com\/fr\/produto\/camions-militaires\/"]}]},{"@type":"ImageObject","inLanguage":"fr-FR","@id":"https:\/\/trevotech.com\/fr\/produto\/camions-militaires\/#primaryimage","url":"https:\/\/trevotech.com\/wp-content\/uploads\/2024\/10\/Astra-04.webp","contentUrl":"https:\/\/trevotech.com\/wp-content\/uploads\/2024\/10\/Astra-04.webp","width":1000,"height":1000,"caption":"CAMI\u00d5ES MILITARES"},{"@type":"BreadcrumbList","@id":"https:\/\/trevotech.com\/fr\/produto\/camions-militaires\/#breadcrumb","itemListElement":[{"@type":"ListItem","position":1,"name":"In\u00edcio","item":"https:\/\/trevotech.com\/fr\/"},{"@type":"ListItem","position":2,"name":"Produits","item":"https:\/\/trevotech.com\/fr\/shop\/"},{"@type":"ListItem","position":3,"name":"Camions Militaires"}]},{"@type":"WebSite","@id":"https:\/\/trevotech.com\/fr\/#website","url":"https:\/\/trevotech.com\/fr\/","name":"Trevotech Group","description":"","potentialAction":[{"@type":"SearchAction","target":{"@type":"EntryPoint","urlTemplate":"https:\/\/trevotech.com\/fr\/?s={search_term_string}"},"query-input":{"@type":"PropertyValueSpecification","valueRequired":true,"valueName":"search_term_string"}}],"inLanguage":"fr-FR"}]}},"_links":{"self":[{"href":"https:\/\/trevotech.com\/fr\/wp-json\/wp\/v2\/product\/3701","targetHints":{"allow":["GET"]}}],"collection":[{"href":"https:\/\/trevotech.com\/fr\/wp-json\/wp\/v2\/product"}],"about":[{"href":"https:\/\/trevotech.com\/fr\/wp-json\/wp\/v2\/types\/product"}],"replies":[{"embeddable":true,"href":"https:\/\/trevotech.com\/fr\/wp-json\/wp\/v2\/comments?post=3701"}],"wp:featuredmedia":[{"embeddable":true,"href":"https:\/\/trevotech.com\/fr\/wp-json\/wp\/v2\/media\/3796"}],"wp:attachment":[{"href":"https:\/\/trevotech.com\/fr\/wp-json\/wp\/v2\/media?parent=3701"}],"wp:term":[{"taxonomy":"product_brand","embeddable":true,"href":"https:\/\/trevotech.com\/fr\/wp-json\/wp\/v2\/product_brand?post=3701"},{"taxonomy":"product_cat","embeddable":true,"href":"https:\/\/trevotech.com\/fr\/wp-json\/wp\/v2\/product_cat?post=3701"},{"taxonomy":"product_tag","embeddable":true,"href":"https:\/\/trevotech.com\/fr\/wp-json\/wp\/v2\/product_tag?post=3701"}],"curies":[{"name":"wp","href":"https:\/\/api.w.org\/{rel}","templated":true}]}}