{"id":3704,"date":"2024-10-22T10:42:49","date_gmt":"2024-10-22T10:42:49","guid":{"rendered":"https:\/\/trevotech.com\/produto\/camioes-de-transporte-pesado\/"},"modified":"2025-06-19T14:51:06","modified_gmt":"2025-06-19T14:51:06","slug":"camions-de-transport-lourd","status":"publish","type":"product","link":"https:\/\/trevotech.com\/fr\/produto\/camions-de-transport-lourd\/","title":{"rendered":"Camions de Transport Lourd"},"content":{"rendered":"<p><span style=\"font-weight: 400;\">Les camions de transport lourd Astra sont con\u00e7us pour transporter des charges surdimensionn\u00e9es ou exceptionnellement lourdes que les camions standards ne peuvent supporter. Avec des ch\u00e2ssis renforc\u00e9s, une capacit\u00e9 de remorquage \u00e9lev\u00e9e et des suspensions avanc\u00e9es, ils assurent stabilit\u00e9 et performance. Souvent \u00e9quip\u00e9s de rampes ou de syst\u00e8mes de levage sp\u00e9cialis\u00e9s. Usages :<\/span><\/p>\n<ul>\n<li style=\"font-weight: 400;\" aria-level=\"1\"><span style=\"font-weight: 400;\">Transport de machines de construction lourdes<\/span><\/li>\n<li style=\"font-weight: 400;\" aria-level=\"1\"><span style=\"font-weight: 400;\">D\u00e9placement de composants industriels volumineux<\/span><\/li>\n<li style=\"font-weight: 400;\" aria-level=\"1\"><span style=\"font-weight: 400;\">Op\u00e9rations mini\u00e8res lourdes<\/span><\/li>\n<li style=\"font-weight: 400;\" aria-level=\"1\"><span style=\"font-weight: 400;\">Mat\u00e9riaux d&rsquo;infrastructure surdimensionn\u00e9s (ex. : ponts, turbines)<\/span><\/li>\n<li style=\"font-weight: 400;\" aria-level=\"1\"><span style=\"font-weight: 400;\">\u00c9quipements d&rsquo;\u00e9nergie renouvelable<\/span><\/li>\n<li style=\"font-weight: 400;\" aria-level=\"1\"><span style=\"font-weight: 400;\">Logistique militaire<\/span><\/li>\n<li style=\"font-weight: 400;\" aria-level=\"1\"><span style=\"font-weight: 400;\">Transport pour p\u00e9trole, gaz et raffineries<\/span><\/li>\n<\/ul>\n<p><span style=\"font-weight: 400;\">Les camions de transport lourd Astra sont con\u00e7us pour transporter des charges surdimensionn\u00e9es ou exceptionnellement lourdes que les camions standards ne peuvent supporter. Avec des ch\u00e2ssis renforc\u00e9s, une capacit\u00e9 de remorquage \u00e9lev\u00e9e et des suspensions avanc\u00e9es, ils assurent stabilit\u00e9 et performance. Souvent \u00e9quip\u00e9s de rampes ou de syst\u00e8mes de levage sp\u00e9cialis\u00e9s. Usages :<\/span><\/p>\n<ul>\n<li style=\"font-weight: 400;\" aria-level=\"1\"><span style=\"font-weight: 400;\">Transport de machines de construction lourdes<\/span><\/li>\n<li style=\"font-weight: 400;\" aria-level=\"1\"><span style=\"font-weight: 400;\">D\u00e9placement de composants industriels volumineux<\/span><\/li>\n<li style=\"font-weight: 400;\" aria-level=\"1\"><span style=\"font-weight: 400;\">Op\u00e9rations mini\u00e8res lourdes<\/span><\/li>\n<li style=\"font-weight: 400;\" aria-level=\"1\"><span style=\"font-weight: 400;\">Mat\u00e9riaux d&rsquo;infrastructure surdimensionn\u00e9s (ex. : ponts, turbines)<\/span><\/li>\n<li style=\"font-weight: 400;\" aria-level=\"1\"><span style=\"font-weight: 400;\">\u00c9quipements d&rsquo;\u00e9nergie renouvelable<\/span><\/li>\n<li style=\"font-weight: 400;\" aria-level=\"1\"><span style=\"font-weight: 400;\">Logistique militaire<\/span><\/li>\n<li style=\"font-weight: 400;\" aria-level=\"1\"><span style=\"font-weight: 400;\">Transport pour p\u00e9trole, gaz et raffineries<\/span><\/li>\n<\/ul>\n","protected":false},"excerpt":{"rendered":"<p><span style=\"font-weight: 400;\">Les camions de transport lourd Astra sont con\u00e7us pour transporter des charges surdimensionn\u00e9es ou exceptionnellement lourdes que les camions standards ne peuvent supporter. Avec des ch\u00e2ssis renforc\u00e9s, une capacit\u00e9 de remorquage \u00e9lev\u00e9e et des suspensions avanc\u00e9es, ils assurent stabilit\u00e9 et performance. Souvent \u00e9quip\u00e9s de rampes ou de syst\u00e8mes de levage sp\u00e9cialis\u00e9s. Usages :<\/span><\/p>\n<ul>\n<li style=\"font-weight: 400;\" aria-level=\"1\"><span style=\"font-weight: 400;\">Transport de machines de construction lourdes<\/span><\/li>\n<li style=\"font-weight: 400;\" aria-level=\"1\"><span style=\"font-weight: 400;\">D\u00e9placement de composants industriels volumineux<\/span><\/li>\n<li style=\"font-weight: 400;\" aria-level=\"1\"><span style=\"font-weight: 400;\">Op\u00e9rations mini\u00e8res lourdes<\/span><\/li>\n<li style=\"font-weight: 400;\" aria-level=\"1\"><span style=\"font-weight: 400;\">Mat\u00e9riaux d&rsquo;infrastructure surdimensionn\u00e9s (ex. : ponts, turbines)<\/span><\/li>\n<li style=\"font-weight: 400;\" aria-level=\"1\"><span style=\"font-weight: 400;\">\u00c9quipements d&rsquo;\u00e9nergie renouvelable<\/span><\/li>\n<li style=\"font-weight: 400;\" aria-level=\"1\"><span style=\"font-weight: 400;\">Logistique militaire<\/span><\/li>\n<li style=\"font-weight: 400;\" aria-level=\"1\"><span style=\"font-weight: 400;\">Transport pour p\u00e9trole, gaz et raffineries<\/span><\/li>\n<\/ul>\n","protected":false},"featured_media":3705,"comment_status":"open","ping_status":"closed","template":"","meta":{"_acf_changed":false},"product_brand":[],"product_cat":[458],"product_tag":[],"class_list":{"0":"post-3704","1":"product","2":"type-product","3":"status-publish","4":"has-post-thumbnail","6":"product_cat-sem-categoria-fr","8":"first","9":"instock","10":"shipping-taxable","11":"product-type-simple"},"acf":[],"yoast_head":"<!-- This site is optimized with the Yoast SEO plugin v25.2 - https:\/\/yoast.com\/wordpress\/plugins\/seo\/ -->\n<title>Camions de Transport Lourd Astra - Trevotech Group<\/title>\n<meta name=\"description\" content=\"Les camions de transport lourd Astra sont con\u00e7us pour transporter des charges surdimensionn\u00e9es ou exceptionnellement lourdes que...\" \/>\n<meta name=\"robots\" content=\"index, follow, max-snippet:-1, max-image-preview:large, max-video-preview:-1\" \/>\n<link rel=\"canonical\" href=\"https:\/\/trevotech.com\/fr\/produto\/camions-de-transport-lourd\/\" \/>\n<meta property=\"og:locale\" content=\"fr_FR\" \/>\n<meta property=\"og:type\" content=\"article\" \/>\n<meta property=\"og:title\" content=\"Camions de Transport Lourd Astra - Trevotech Group\" \/>\n<meta property=\"og:description\" content=\"Les camions de transport lourd Astra sont con\u00e7us pour transporter des charges surdimensionn\u00e9es ou exceptionnellement lourdes que...\" \/>\n<meta property=\"og:url\" content=\"https:\/\/trevotech.com\/fr\/produto\/camions-de-transport-lourd\/\" \/>\n<meta property=\"og:site_name\" content=\"Trevotech Group\" \/>\n<meta property=\"article:modified_time\" content=\"2025-06-19T14:51:06+00:00\" \/>\n<meta property=\"og:image\" content=\"https:\/\/trevotech.com\/wp-content\/uploads\/2024\/10\/ASTRA_Camioes-de-Transporte-Pesado.webp\" \/>\n\t<meta property=\"og:image:width\" content=\"1000\" \/>\n\t<meta property=\"og:image:height\" content=\"1000\" \/>\n\t<meta property=\"og:image:type\" content=\"image\/webp\" \/>\n<meta name=\"twitter:card\" content=\"summary_large_image\" \/>\n<meta name=\"twitter:label1\" content=\"Dur\u00e9e de lecture estim\u00e9e\" \/>\n\t<meta name=\"twitter:data1\" content=\"2 minutes\" \/>\n<script type=\"application\/ld+json\" class=\"yoast-schema-graph\">{\"@context\":\"https:\/\/schema.org\",\"@graph\":[{\"@type\":\"WebPage\",\"@id\":\"https:\/\/trevotech.com\/fr\/produto\/camions-de-transport-lourd\/\",\"url\":\"https:\/\/trevotech.com\/fr\/produto\/camions-de-transport-lourd\/\",\"name\":\"Camions de Transport Lourd Astra - Trevotech Group\",\"isPartOf\":{\"@id\":\"https:\/\/trevotech.com\/fr\/#website\"},\"primaryImageOfPage\":{\"@id\":\"https:\/\/trevotech.com\/fr\/produto\/camions-de-transport-lourd\/#primaryimage\"},\"image\":{\"@id\":\"https:\/\/trevotech.com\/fr\/produto\/camions-de-transport-lourd\/#primaryimage\"},\"thumbnailUrl\":\"https:\/\/trevotech.com\/wp-content\/uploads\/2024\/10\/ASTRA_Camioes-de-Transporte-Pesado.webp\",\"datePublished\":\"2024-10-22T10:42:49+00:00\",\"dateModified\":\"2025-06-19T14:51:06+00:00\",\"description\":\"Les camions de transport lourd Astra sont con\u00e7us pour transporter des charges surdimensionn\u00e9es ou exceptionnellement lourdes que...\",\"breadcrumb\":{\"@id\":\"https:\/\/trevotech.com\/fr\/produto\/camions-de-transport-lourd\/#breadcrumb\"},\"inLanguage\":\"fr-FR\",\"potentialAction\":[{\"@type\":\"ReadAction\",\"target\":[\"https:\/\/trevotech.com\/fr\/produto\/camions-de-transport-lourd\/\"]}]},{\"@type\":\"ImageObject\",\"inLanguage\":\"fr-FR\",\"@id\":\"https:\/\/trevotech.com\/fr\/produto\/camions-de-transport-lourd\/#primaryimage\",\"url\":\"https:\/\/trevotech.com\/wp-content\/uploads\/2024\/10\/ASTRA_Camioes-de-Transporte-Pesado.webp\",\"contentUrl\":\"https:\/\/trevotech.com\/wp-content\/uploads\/2024\/10\/ASTRA_Camioes-de-Transporte-Pesado.webp\",\"width\":1000,\"height\":1000,\"caption\":\"Cami\u00f5es de Transporte Pesado\"},{\"@type\":\"BreadcrumbList\",\"@id\":\"https:\/\/trevotech.com\/fr\/produto\/camions-de-transport-lourd\/#breadcrumb\",\"itemListElement\":[{\"@type\":\"ListItem\",\"position\":1,\"name\":\"In\u00edcio\",\"item\":\"https:\/\/trevotech.com\/fr\/\"},{\"@type\":\"ListItem\",\"position\":2,\"name\":\"Produits\",\"item\":\"https:\/\/trevotech.com\/fr\/shop\/\"},{\"@type\":\"ListItem\",\"position\":3,\"name\":\"Camions de Transport Lourd\"}]},{\"@type\":\"WebSite\",\"@id\":\"https:\/\/trevotech.com\/fr\/#website\",\"url\":\"https:\/\/trevotech.com\/fr\/\",\"name\":\"Trevotech Group\",\"description\":\"\",\"potentialAction\":[{\"@type\":\"SearchAction\",\"target\":{\"@type\":\"EntryPoint\",\"urlTemplate\":\"https:\/\/trevotech.com\/fr\/?s={search_term_string}\"},\"query-input\":{\"@type\":\"PropertyValueSpecification\",\"valueRequired\":true,\"valueName\":\"search_term_string\"}}],\"inLanguage\":\"fr-FR\"}]}<\/script>\n<!-- \/ Yoast SEO plugin. -->","yoast_head_json":{"title":"Camions de Transport Lourd Astra - Trevotech Group","description":"Les camions de transport lourd Astra sont con\u00e7us pour transporter des charges surdimensionn\u00e9es ou exceptionnellement lourdes que...","robots":{"index":"index","follow":"follow","max-snippet":"max-snippet:-1","max-image-preview":"max-image-preview:large","max-video-preview":"max-video-preview:-1"},"canonical":"https:\/\/trevotech.com\/fr\/produto\/camions-de-transport-lourd\/","og_locale":"fr_FR","og_type":"article","og_title":"Camions de Transport Lourd Astra - Trevotech Group","og_description":"Les camions de transport lourd Astra sont con\u00e7us pour transporter des charges surdimensionn\u00e9es ou exceptionnellement lourdes que...","og_url":"https:\/\/trevotech.com\/fr\/produto\/camions-de-transport-lourd\/","og_site_name":"Trevotech Group","article_modified_time":"2025-06-19T14:51:06+00:00","og_image":[{"width":1000,"height":1000,"url":"https:\/\/trevotech.com\/wp-content\/uploads\/2024\/10\/ASTRA_Camioes-de-Transporte-Pesado.webp","type":"image\/webp"}],"twitter_card":"summary_large_image","twitter_misc":{"Dur\u00e9e de lecture estim\u00e9e":"2 minutes"},"schema":{"@context":"https:\/\/schema.org","@graph":[{"@type":"WebPage","@id":"https:\/\/trevotech.com\/fr\/produto\/camions-de-transport-lourd\/","url":"https:\/\/trevotech.com\/fr\/produto\/camions-de-transport-lourd\/","name":"Camions de Transport Lourd Astra - Trevotech Group","isPartOf":{"@id":"https:\/\/trevotech.com\/fr\/#website"},"primaryImageOfPage":{"@id":"https:\/\/trevotech.com\/fr\/produto\/camions-de-transport-lourd\/#primaryimage"},"image":{"@id":"https:\/\/trevotech.com\/fr\/produto\/camions-de-transport-lourd\/#primaryimage"},"thumbnailUrl":"https:\/\/trevotech.com\/wp-content\/uploads\/2024\/10\/ASTRA_Camioes-de-Transporte-Pesado.webp","datePublished":"2024-10-22T10:42:49+00:00","dateModified":"2025-06-19T14:51:06+00:00","description":"Les camions de transport lourd Astra sont con\u00e7us pour transporter des charges surdimensionn\u00e9es ou exceptionnellement lourdes que...","breadcrumb":{"@id":"https:\/\/trevotech.com\/fr\/produto\/camions-de-transport-lourd\/#breadcrumb"},"inLanguage":"fr-FR","potentialAction":[{"@type":"ReadAction","target":["https:\/\/trevotech.com\/fr\/produto\/camions-de-transport-lourd\/"]}]},{"@type":"ImageObject","inLanguage":"fr-FR","@id":"https:\/\/trevotech.com\/fr\/produto\/camions-de-transport-lourd\/#primaryimage","url":"https:\/\/trevotech.com\/wp-content\/uploads\/2024\/10\/ASTRA_Camioes-de-Transporte-Pesado.webp","contentUrl":"https:\/\/trevotech.com\/wp-content\/uploads\/2024\/10\/ASTRA_Camioes-de-Transporte-Pesado.webp","width":1000,"height":1000,"caption":"Cami\u00f5es de Transporte Pesado"},{"@type":"BreadcrumbList","@id":"https:\/\/trevotech.com\/fr\/produto\/camions-de-transport-lourd\/#breadcrumb","itemListElement":[{"@type":"ListItem","position":1,"name":"In\u00edcio","item":"https:\/\/trevotech.com\/fr\/"},{"@type":"ListItem","position":2,"name":"Produits","item":"https:\/\/trevotech.com\/fr\/shop\/"},{"@type":"ListItem","position":3,"name":"Camions de Transport Lourd"}]},{"@type":"WebSite","@id":"https:\/\/trevotech.com\/fr\/#website","url":"https:\/\/trevotech.com\/fr\/","name":"Trevotech Group","description":"","potentialAction":[{"@type":"SearchAction","target":{"@type":"EntryPoint","urlTemplate":"https:\/\/trevotech.com\/fr\/?s={search_term_string}"},"query-input":{"@type":"PropertyValueSpecification","valueRequired":true,"valueName":"search_term_string"}}],"inLanguage":"fr-FR"}]}},"_links":{"self":[{"href":"https:\/\/trevotech.com\/fr\/wp-json\/wp\/v2\/product\/3704","targetHints":{"allow":["GET"]}}],"collection":[{"href":"https:\/\/trevotech.com\/fr\/wp-json\/wp\/v2\/product"}],"about":[{"href":"https:\/\/trevotech.com\/fr\/wp-json\/wp\/v2\/types\/product"}],"replies":[{"embeddable":true,"href":"https:\/\/trevotech.com\/fr\/wp-json\/wp\/v2\/comments?post=3704"}],"wp:featuredmedia":[{"embeddable":true,"href":"https:\/\/trevotech.com\/fr\/wp-json\/wp\/v2\/media\/3705"}],"wp:attachment":[{"href":"https:\/\/trevotech.com\/fr\/wp-json\/wp\/v2\/media?parent=3704"}],"wp:term":[{"taxonomy":"product_brand","embeddable":true,"href":"https:\/\/trevotech.com\/fr\/wp-json\/wp\/v2\/product_brand?post=3704"},{"taxonomy":"product_cat","embeddable":true,"href":"https:\/\/trevotech.com\/fr\/wp-json\/wp\/v2\/product_cat?post=3704"},{"taxonomy":"product_tag","embeddable":true,"href":"https:\/\/trevotech.com\/fr\/wp-json\/wp\/v2\/product_tag?post=3704"}],"curies":[{"name":"wp","href":"https:\/\/api.w.org\/{rel}","templated":true}]}}