{"id":3707,"date":"2024-10-22T10:35:53","date_gmt":"2024-10-22T10:35:53","guid":{"rendered":"https:\/\/trevotech.com\/produto\/camioes-betoneira-mistura-de-cimento-e-betao\/"},"modified":"2025-06-19T14:58:51","modified_gmt":"2025-06-19T14:58:51","slug":"camions-malaxeurs-et-pompe-a-beton","status":"publish","type":"product","link":"https:\/\/trevotech.com\/fr\/produto\/camions-malaxeurs-et-pompe-a-beton\/","title":{"rendered":"Camions Malaxeurs et Pompe \u00e0 B\u00e9ton"},"content":{"rendered":"<p><span style=\"font-weight: 400;\">Les camions malaxeurs-pompes Astra sont con\u00e7us pour le transport et le pompage du b\u00e9ton, combinant la fonction d\u2019un malaxeur avec un syst\u00e8me de pompe int\u00e9gr\u00e9. \u00c9quip\u00e9s d\u2019un tambour rotatif et d\u2019un syst\u00e8me de pompage performant, ils assurent la livraison m\u00eame dans des zones en altitude ou sur terrains difficiles. Ch\u00e2ssis solides, moteurs puissants et capacit\u00e9s tout-terrain en font une solution id\u00e9ale pour :<\/span><\/p>\n<ul>\n<li style=\"font-weight: 400;\" aria-level=\"1\"><span style=\"font-weight: 400;\">Construction de b\u00e2timents en hauteur<\/span><\/li>\n<li style=\"font-weight: 400;\" aria-level=\"1\"><span style=\"font-weight: 400;\">Projets d\u2019infrastructure (ponts, tunnels)<\/span><\/li>\n<li style=\"font-weight: 400;\" aria-level=\"1\"><span style=\"font-weight: 400;\">Coulage de b\u00e9ton dans zones difficiles d\u2019acc\u00e8s<\/span><\/li>\n<li style=\"font-weight: 400;\" aria-level=\"1\"><span style=\"font-weight: 400;\">Chantiers industriels<\/span><\/li>\n<li style=\"font-weight: 400;\" aria-level=\"1\"><span style=\"font-weight: 400;\">Construction routi\u00e8re<\/span><\/li>\n<li style=\"font-weight: 400;\" aria-level=\"1\"><span style=\"font-weight: 400;\">Projets \u00e9loign\u00e9s ou hors r\u00e9seau<\/span><\/li>\n<\/ul>\n<p><span style=\"font-weight: 400;\">Les camions malaxeurs-pompes Astra sont con\u00e7us pour le transport et le pompage du b\u00e9ton, combinant la fonction d\u2019un malaxeur avec un syst\u00e8me de pompe int\u00e9gr\u00e9. \u00c9quip\u00e9s d\u2019un tambour rotatif et d\u2019un syst\u00e8me de pompage performant, ils assurent la livraison m\u00eame dans des zones en altitude ou sur terrains difficiles. Ch\u00e2ssis solides, moteurs puissants et capacit\u00e9s tout-terrain en font une solution id\u00e9ale pour :<\/span><\/p>\n<ul>\n<li style=\"font-weight: 400;\" aria-level=\"1\"><span style=\"font-weight: 400;\">Construction de b\u00e2timents en hauteur<\/span><\/li>\n<li style=\"font-weight: 400;\" aria-level=\"1\"><span style=\"font-weight: 400;\">Projets d\u2019infrastructure (ponts, tunnels)<\/span><\/li>\n<li style=\"font-weight: 400;\" aria-level=\"1\"><span style=\"font-weight: 400;\">Coulage de b\u00e9ton dans zones difficiles d\u2019acc\u00e8s<\/span><\/li>\n<li style=\"font-weight: 400;\" aria-level=\"1\"><span style=\"font-weight: 400;\">Chantiers industriels<\/span><\/li>\n<li style=\"font-weight: 400;\" aria-level=\"1\"><span style=\"font-weight: 400;\">Construction routi\u00e8re<\/span><\/li>\n<li style=\"font-weight: 400;\" aria-level=\"1\"><span style=\"font-weight: 400;\">Projets \u00e9loign\u00e9s ou hors r\u00e9seau<\/span><\/li>\n<\/ul>\n","protected":false},"excerpt":{"rendered":"<p><span style=\"font-weight: 400;\">Les camions malaxeurs-pompes Astra sont con\u00e7us pour le transport et le pompage du b\u00e9ton, combinant la fonction d\u2019un malaxeur avec un syst\u00e8me de pompe int\u00e9gr\u00e9. \u00c9quip\u00e9s d\u2019un tambour rotatif et d\u2019un syst\u00e8me de pompage performant, ils assurent la livraison m\u00eame dans des zones en altitude ou sur terrains difficiles. Ch\u00e2ssis solides, moteurs puissants et capacit\u00e9s tout-terrain en font une solution id\u00e9ale pour :<\/span><\/p>\n<ul>\n<li style=\"font-weight: 400;\" aria-level=\"1\"><span style=\"font-weight: 400;\">Construction de b\u00e2timents en hauteur<\/span><\/li>\n<li style=\"font-weight: 400;\" aria-level=\"1\"><span style=\"font-weight: 400;\">Projets d\u2019infrastructure (ponts, tunnels)<\/span><\/li>\n<li style=\"font-weight: 400;\" aria-level=\"1\"><span style=\"font-weight: 400;\">Coulage de b\u00e9ton dans zones difficiles d\u2019acc\u00e8s<\/span><\/li>\n<li style=\"font-weight: 400;\" aria-level=\"1\"><span style=\"font-weight: 400;\">Chantiers industriels<\/span><\/li>\n<li style=\"font-weight: 400;\" aria-level=\"1\"><span style=\"font-weight: 400;\">Construction routi\u00e8re<\/span><\/li>\n<li style=\"font-weight: 400;\" aria-level=\"1\"><span style=\"font-weight: 400;\">Projets \u00e9loign\u00e9s ou hors r\u00e9seau<\/span><\/li>\n<\/ul>\n","protected":false},"featured_media":3708,"comment_status":"open","ping_status":"closed","template":"","meta":{"_acf_changed":false},"product_brand":[],"product_cat":[458],"product_tag":[],"class_list":{"0":"post-3707","1":"product","2":"type-product","3":"status-publish","4":"has-post-thumbnail","6":"product_cat-sem-categoria-fr","8":"first","9":"instock","10":"shipping-taxable","11":"product-type-simple"},"acf":[],"yoast_head":"<!-- This site is optimized with the Yoast SEO plugin v25.2 - https:\/\/yoast.com\/wordpress\/plugins\/seo\/ -->\n<title>Camions Malaxeurs et Pompe \u00e0 B\u00e9ton Astra - Trevotech Group<\/title>\n<meta name=\"description\" content=\"Les camions malaxeurs-pompes Astra sont con\u00e7us pour le transport et le pompage du b\u00e9ton, combinant la fonction d\u2019un malaxeur avec un...\" \/>\n<meta name=\"robots\" content=\"index, follow, max-snippet:-1, max-image-preview:large, max-video-preview:-1\" \/>\n<link rel=\"canonical\" href=\"https:\/\/trevotech.com\/fr\/produto\/camions-malaxeurs-et-pompe-a-beton\/\" \/>\n<meta property=\"og:locale\" content=\"fr_FR\" \/>\n<meta property=\"og:type\" content=\"article\" \/>\n<meta property=\"og:title\" content=\"Camions Malaxeurs et Pompe \u00e0 B\u00e9ton Astra - Trevotech Group\" \/>\n<meta property=\"og:description\" content=\"Les camions malaxeurs-pompes Astra sont con\u00e7us pour le transport et le pompage du b\u00e9ton, combinant la fonction d\u2019un malaxeur avec un...\" \/>\n<meta property=\"og:url\" content=\"https:\/\/trevotech.com\/fr\/produto\/camions-malaxeurs-et-pompe-a-beton\/\" \/>\n<meta property=\"og:site_name\" content=\"Trevotech Group\" \/>\n<meta property=\"article:modified_time\" content=\"2025-06-19T14:58:51+00:00\" \/>\n<meta property=\"og:image\" content=\"https:\/\/trevotech.com\/wp-content\/uploads\/2024\/10\/ASTRA_Camioes-Betoneira-Mistura-de-Cimento-e-Betao.webp\" \/>\n\t<meta property=\"og:image:width\" content=\"1000\" \/>\n\t<meta property=\"og:image:height\" content=\"1000\" \/>\n\t<meta property=\"og:image:type\" content=\"image\/webp\" \/>\n<meta name=\"twitter:card\" content=\"summary_large_image\" \/>\n<meta name=\"twitter:label1\" content=\"Dur\u00e9e de lecture estim\u00e9e\" \/>\n\t<meta name=\"twitter:data1\" content=\"2 minutes\" \/>\n<script type=\"application\/ld+json\" class=\"yoast-schema-graph\">{\"@context\":\"https:\/\/schema.org\",\"@graph\":[{\"@type\":\"WebPage\",\"@id\":\"https:\/\/trevotech.com\/fr\/produto\/camions-malaxeurs-et-pompe-a-beton\/\",\"url\":\"https:\/\/trevotech.com\/fr\/produto\/camions-malaxeurs-et-pompe-a-beton\/\",\"name\":\"Camions Malaxeurs et Pompe \u00e0 B\u00e9ton Astra - Trevotech Group\",\"isPartOf\":{\"@id\":\"https:\/\/trevotech.com\/fr\/#website\"},\"primaryImageOfPage\":{\"@id\":\"https:\/\/trevotech.com\/fr\/produto\/camions-malaxeurs-et-pompe-a-beton\/#primaryimage\"},\"image\":{\"@id\":\"https:\/\/trevotech.com\/fr\/produto\/camions-malaxeurs-et-pompe-a-beton\/#primaryimage\"},\"thumbnailUrl\":\"https:\/\/trevotech.com\/wp-content\/uploads\/2024\/10\/ASTRA_Camioes-Betoneira-Mistura-de-Cimento-e-Betao.webp\",\"datePublished\":\"2024-10-22T10:35:53+00:00\",\"dateModified\":\"2025-06-19T14:58:51+00:00\",\"description\":\"Les camions malaxeurs-pompes Astra sont con\u00e7us pour le transport et le pompage du b\u00e9ton, combinant la fonction d\u2019un malaxeur avec un...\",\"breadcrumb\":{\"@id\":\"https:\/\/trevotech.com\/fr\/produto\/camions-malaxeurs-et-pompe-a-beton\/#breadcrumb\"},\"inLanguage\":\"fr-FR\",\"potentialAction\":[{\"@type\":\"ReadAction\",\"target\":[\"https:\/\/trevotech.com\/fr\/produto\/camions-malaxeurs-et-pompe-a-beton\/\"]}]},{\"@type\":\"ImageObject\",\"inLanguage\":\"fr-FR\",\"@id\":\"https:\/\/trevotech.com\/fr\/produto\/camions-malaxeurs-et-pompe-a-beton\/#primaryimage\",\"url\":\"https:\/\/trevotech.com\/wp-content\/uploads\/2024\/10\/ASTRA_Camioes-Betoneira-Mistura-de-Cimento-e-Betao.webp\",\"contentUrl\":\"https:\/\/trevotech.com\/wp-content\/uploads\/2024\/10\/ASTRA_Camioes-Betoneira-Mistura-de-Cimento-e-Betao.webp\",\"width\":1000,\"height\":1000,\"caption\":\"Cami\u00f5es Betoneira\"},{\"@type\":\"BreadcrumbList\",\"@id\":\"https:\/\/trevotech.com\/fr\/produto\/camions-malaxeurs-et-pompe-a-beton\/#breadcrumb\",\"itemListElement\":[{\"@type\":\"ListItem\",\"position\":1,\"name\":\"In\u00edcio\",\"item\":\"https:\/\/trevotech.com\/fr\/\"},{\"@type\":\"ListItem\",\"position\":2,\"name\":\"Produits\",\"item\":\"https:\/\/trevotech.com\/fr\/shop\/\"},{\"@type\":\"ListItem\",\"position\":3,\"name\":\"Camions Malaxeurs et Pompe \u00e0 B\u00e9ton\"}]},{\"@type\":\"WebSite\",\"@id\":\"https:\/\/trevotech.com\/fr\/#website\",\"url\":\"https:\/\/trevotech.com\/fr\/\",\"name\":\"Trevotech Group\",\"description\":\"\",\"potentialAction\":[{\"@type\":\"SearchAction\",\"target\":{\"@type\":\"EntryPoint\",\"urlTemplate\":\"https:\/\/trevotech.com\/fr\/?s={search_term_string}\"},\"query-input\":{\"@type\":\"PropertyValueSpecification\",\"valueRequired\":true,\"valueName\":\"search_term_string\"}}],\"inLanguage\":\"fr-FR\"}]}<\/script>\n<!-- \/ Yoast SEO plugin. -->","yoast_head_json":{"title":"Camions Malaxeurs et Pompe \u00e0 B\u00e9ton Astra - Trevotech Group","description":"Les camions malaxeurs-pompes Astra sont con\u00e7us pour le transport et le pompage du b\u00e9ton, combinant la fonction d\u2019un malaxeur avec un...","robots":{"index":"index","follow":"follow","max-snippet":"max-snippet:-1","max-image-preview":"max-image-preview:large","max-video-preview":"max-video-preview:-1"},"canonical":"https:\/\/trevotech.com\/fr\/produto\/camions-malaxeurs-et-pompe-a-beton\/","og_locale":"fr_FR","og_type":"article","og_title":"Camions Malaxeurs et Pompe \u00e0 B\u00e9ton Astra - Trevotech Group","og_description":"Les camions malaxeurs-pompes Astra sont con\u00e7us pour le transport et le pompage du b\u00e9ton, combinant la fonction d\u2019un malaxeur avec un...","og_url":"https:\/\/trevotech.com\/fr\/produto\/camions-malaxeurs-et-pompe-a-beton\/","og_site_name":"Trevotech Group","article_modified_time":"2025-06-19T14:58:51+00:00","og_image":[{"width":1000,"height":1000,"url":"https:\/\/trevotech.com\/wp-content\/uploads\/2024\/10\/ASTRA_Camioes-Betoneira-Mistura-de-Cimento-e-Betao.webp","type":"image\/webp"}],"twitter_card":"summary_large_image","twitter_misc":{"Dur\u00e9e de lecture estim\u00e9e":"2 minutes"},"schema":{"@context":"https:\/\/schema.org","@graph":[{"@type":"WebPage","@id":"https:\/\/trevotech.com\/fr\/produto\/camions-malaxeurs-et-pompe-a-beton\/","url":"https:\/\/trevotech.com\/fr\/produto\/camions-malaxeurs-et-pompe-a-beton\/","name":"Camions Malaxeurs et Pompe \u00e0 B\u00e9ton Astra - Trevotech Group","isPartOf":{"@id":"https:\/\/trevotech.com\/fr\/#website"},"primaryImageOfPage":{"@id":"https:\/\/trevotech.com\/fr\/produto\/camions-malaxeurs-et-pompe-a-beton\/#primaryimage"},"image":{"@id":"https:\/\/trevotech.com\/fr\/produto\/camions-malaxeurs-et-pompe-a-beton\/#primaryimage"},"thumbnailUrl":"https:\/\/trevotech.com\/wp-content\/uploads\/2024\/10\/ASTRA_Camioes-Betoneira-Mistura-de-Cimento-e-Betao.webp","datePublished":"2024-10-22T10:35:53+00:00","dateModified":"2025-06-19T14:58:51+00:00","description":"Les camions malaxeurs-pompes Astra sont con\u00e7us pour le transport et le pompage du b\u00e9ton, combinant la fonction d\u2019un malaxeur avec un...","breadcrumb":{"@id":"https:\/\/trevotech.com\/fr\/produto\/camions-malaxeurs-et-pompe-a-beton\/#breadcrumb"},"inLanguage":"fr-FR","potentialAction":[{"@type":"ReadAction","target":["https:\/\/trevotech.com\/fr\/produto\/camions-malaxeurs-et-pompe-a-beton\/"]}]},{"@type":"ImageObject","inLanguage":"fr-FR","@id":"https:\/\/trevotech.com\/fr\/produto\/camions-malaxeurs-et-pompe-a-beton\/#primaryimage","url":"https:\/\/trevotech.com\/wp-content\/uploads\/2024\/10\/ASTRA_Camioes-Betoneira-Mistura-de-Cimento-e-Betao.webp","contentUrl":"https:\/\/trevotech.com\/wp-content\/uploads\/2024\/10\/ASTRA_Camioes-Betoneira-Mistura-de-Cimento-e-Betao.webp","width":1000,"height":1000,"caption":"Cami\u00f5es Betoneira"},{"@type":"BreadcrumbList","@id":"https:\/\/trevotech.com\/fr\/produto\/camions-malaxeurs-et-pompe-a-beton\/#breadcrumb","itemListElement":[{"@type":"ListItem","position":1,"name":"In\u00edcio","item":"https:\/\/trevotech.com\/fr\/"},{"@type":"ListItem","position":2,"name":"Produits","item":"https:\/\/trevotech.com\/fr\/shop\/"},{"@type":"ListItem","position":3,"name":"Camions Malaxeurs et Pompe \u00e0 B\u00e9ton"}]},{"@type":"WebSite","@id":"https:\/\/trevotech.com\/fr\/#website","url":"https:\/\/trevotech.com\/fr\/","name":"Trevotech Group","description":"","potentialAction":[{"@type":"SearchAction","target":{"@type":"EntryPoint","urlTemplate":"https:\/\/trevotech.com\/fr\/?s={search_term_string}"},"query-input":{"@type":"PropertyValueSpecification","valueRequired":true,"valueName":"search_term_string"}}],"inLanguage":"fr-FR"}]}},"_links":{"self":[{"href":"https:\/\/trevotech.com\/fr\/wp-json\/wp\/v2\/product\/3707","targetHints":{"allow":["GET"]}}],"collection":[{"href":"https:\/\/trevotech.com\/fr\/wp-json\/wp\/v2\/product"}],"about":[{"href":"https:\/\/trevotech.com\/fr\/wp-json\/wp\/v2\/types\/product"}],"replies":[{"embeddable":true,"href":"https:\/\/trevotech.com\/fr\/wp-json\/wp\/v2\/comments?post=3707"}],"wp:featuredmedia":[{"embeddable":true,"href":"https:\/\/trevotech.com\/fr\/wp-json\/wp\/v2\/media\/3708"}],"wp:attachment":[{"href":"https:\/\/trevotech.com\/fr\/wp-json\/wp\/v2\/media?parent=3707"}],"wp:term":[{"taxonomy":"product_brand","embeddable":true,"href":"https:\/\/trevotech.com\/fr\/wp-json\/wp\/v2\/product_brand?post=3707"},{"taxonomy":"product_cat","embeddable":true,"href":"https:\/\/trevotech.com\/fr\/wp-json\/wp\/v2\/product_cat?post=3707"},{"taxonomy":"product_tag","embeddable":true,"href":"https:\/\/trevotech.com\/fr\/wp-json\/wp\/v2\/product_tag?post=3707"}],"curies":[{"name":"wp","href":"https:\/\/api.w.org\/{rel}","templated":true}]}}