{"id":3713,"date":"2024-11-06T10:56:37","date_gmt":"2024-11-06T10:56:37","guid":{"rendered":"https:\/\/trevotech.com\/produto\/equipamentos-para-producao-de-ovos\/"},"modified":"2025-06-24T08:27:02","modified_gmt":"2025-06-24T08:27:02","slug":"equipements-pour-la-production-doeufs","status":"publish","type":"product","link":"https:\/\/trevotech.com\/fr\/produto\/equipements-pour-la-production-doeufs\/","title":{"rendered":"\u00c9quipements pour la Production d\u2019\u0152ufs"},"content":{"rendered":"<p><span style=\"font-weight: 400;\">Big Dutchman propose une gamme compl\u00e8te d\u2019\u00e9quipements avanc\u00e9s pour la production d\u2019\u0153ufs, con\u00e7us pour optimiser \u00e0 la fois l\u2019efficacit\u00e9 et le bien-\u00eatre animal. Ses syst\u00e8mes incluent des nids de ponte automatis\u00e9s, des solutions pour la collecte et la manutention des \u0153ufs, ainsi que des syst\u00e8mes de contr\u00f4le climatique adapt\u00e9s aux environnements de production d\u2019\u0153ufs. Ax\u00e9s sur la pr\u00e9cision et la durabilit\u00e9, les \u00e9quipements Big Dutchman garantissent les normes les plus \u00e9lev\u00e9es d\u2019hygi\u00e8ne et de productivit\u00e9 tout en minimisant l\u2019impact environnemental. Ses technologies innovantes aident les producteurs \u00e0 g\u00e9rer facilement des exploitations \u00e0 grande \u00e9chelle, \u00e0 am\u00e9liorer la qualit\u00e9 des \u0153ufs et \u00e0 r\u00e9duire les co\u00fbts de main-d&rsquo;\u0153uvre, faisant de Big Dutchman un leader reconnu de l\u2019industrie avicole mondiale.<\/p>\n<p>Big Dutchman propose une gamme compl\u00e8te d\u2019\u00e9quipements avanc\u00e9s pour la production d\u2019\u0153ufs, con\u00e7us pour optimiser \u00e0 la fois l\u2019efficacit\u00e9 et le bien-\u00eatre animal. Ses syst\u00e8mes incluent des nids de ponte automatis\u00e9s, des solutions pour la collecte et la manutention des \u0153ufs, ainsi que des syst\u00e8mes de contr\u00f4le climatique adapt\u00e9s aux environnements de production d\u2019\u0153ufs. Ax\u00e9s sur la pr\u00e9cision et la durabilit\u00e9, les \u00e9quipements Big Dutchman garantissent les normes les plus \u00e9lev\u00e9es d\u2019hygi\u00e8ne et de productivit\u00e9 tout en minimisant l\u2019impact environnemental. Ses technologies innovantes aident les producteurs \u00e0 g\u00e9rer facilement des exploitations \u00e0 grande \u00e9chelle, \u00e0 am\u00e9liorer la qualit\u00e9 des \u0153ufs et \u00e0 r\u00e9duire les co\u00fbts de main-d&rsquo;\u0153uvre, faisant de Big Dutchman un leader reconnu de l\u2019industrie avicole mondiale.<\/span><\/p>\n","protected":false},"excerpt":{"rendered":"<p><span style=\"font-weight: 400;\">Big Dutchman propose une gamme compl\u00e8te d\u2019\u00e9quipements avanc\u00e9s pour la production d\u2019\u0153ufs, con\u00e7us pour optimiser \u00e0 la fois l\u2019efficacit\u00e9 et le bien-\u00eatre animal. <\/span><\/p>\n<p><span style=\"font-weight: 400;\">Ses syst\u00e8mes incluent des nids de ponte automatis\u00e9s, des solutions pour la collecte et la manutention des \u0153ufs, ainsi que des syst\u00e8mes de contr\u00f4le climatique adapt\u00e9s aux environnements de production d\u2019\u0153ufs. Ax\u00e9s sur la pr\u00e9cision et la durabilit\u00e9, les \u00e9quipements Big Dutchman garantissent les normes les plus \u00e9lev\u00e9es d\u2019hygi\u00e8ne et de productivit\u00e9 tout en minimisant l\u2019impact environnemental. Ses technologies innovantes aident les producteurs \u00e0 g\u00e9rer facilement des exploitations \u00e0 grande \u00e9chelle, \u00e0 am\u00e9liorer la qualit\u00e9 des \u0153ufs et \u00e0 r\u00e9duire les co\u00fbts de main-d&rsquo;\u0153uvre, faisant de Big Dutchman un leader reconnu de l\u2019industrie avicole mondiale.<\/span><\/p>\n","protected":false},"featured_media":3714,"comment_status":"open","ping_status":"closed","template":"","meta":{"_acf_changed":false},"product_brand":[],"product_cat":[458],"product_tag":[],"class_list":{"0":"post-3713","1":"product","2":"type-product","3":"status-publish","4":"has-post-thumbnail","6":"product_cat-sem-categoria-fr","8":"first","9":"instock","10":"shipping-taxable","11":"product-type-simple"},"acf":[],"yoast_head":"<!-- This site is optimized with the Yoast SEO plugin v25.2 - https:\/\/yoast.com\/wordpress\/plugins\/seo\/ -->\n<title>\u00c9quipements pour la Production d\u2019\u0152ufs Big Dutchman - Trevotech Group<\/title>\n<meta name=\"description\" content=\"Big Dutchman propose une gamme compl\u00e8te d\u2019\u00e9quipements avanc\u00e9s pour la production d\u2019\u0153ufs, con\u00e7us pour optimiser \u00e0 la fois l\u2019efficacit\u00e9...\" \/>\n<meta name=\"robots\" content=\"index, follow, max-snippet:-1, max-image-preview:large, max-video-preview:-1\" \/>\n<link rel=\"canonical\" href=\"https:\/\/trevotech.com\/fr\/produto\/equipements-pour-la-production-doeufs\/\" \/>\n<meta property=\"og:locale\" content=\"fr_FR\" \/>\n<meta property=\"og:type\" content=\"article\" \/>\n<meta property=\"og:title\" content=\"\u00c9quipements pour la Production d\u2019\u0152ufs Big Dutchman - Trevotech Group\" \/>\n<meta property=\"og:description\" content=\"Big Dutchman propose une gamme compl\u00e8te d\u2019\u00e9quipements avanc\u00e9s pour la production d\u2019\u0153ufs, con\u00e7us pour optimiser \u00e0 la fois l\u2019efficacit\u00e9...\" \/>\n<meta property=\"og:url\" content=\"https:\/\/trevotech.com\/fr\/produto\/equipements-pour-la-production-doeufs\/\" \/>\n<meta property=\"og:site_name\" content=\"Trevotech Group\" \/>\n<meta property=\"article:modified_time\" content=\"2025-06-24T08:27:02+00:00\" \/>\n<meta property=\"og:image\" content=\"https:\/\/trevotech.com\/wp-content\/uploads\/2024\/11\/BD-01.webp\" \/>\n\t<meta property=\"og:image:width\" content=\"1000\" \/>\n\t<meta property=\"og:image:height\" content=\"1000\" \/>\n\t<meta property=\"og:image:type\" content=\"image\/webp\" \/>\n<meta name=\"twitter:card\" content=\"summary_large_image\" \/>\n<meta name=\"twitter:label1\" content=\"Dur\u00e9e de lecture estim\u00e9e\" \/>\n\t<meta name=\"twitter:data1\" content=\"2 minutes\" \/>\n<script type=\"application\/ld+json\" class=\"yoast-schema-graph\">{\"@context\":\"https:\/\/schema.org\",\"@graph\":[{\"@type\":\"WebPage\",\"@id\":\"https:\/\/trevotech.com\/fr\/produto\/equipements-pour-la-production-doeufs\/\",\"url\":\"https:\/\/trevotech.com\/fr\/produto\/equipements-pour-la-production-doeufs\/\",\"name\":\"\u00c9quipements pour la Production d\u2019\u0152ufs Big Dutchman - Trevotech Group\",\"isPartOf\":{\"@id\":\"https:\/\/trevotech.com\/fr\/#website\"},\"primaryImageOfPage\":{\"@id\":\"https:\/\/trevotech.com\/fr\/produto\/equipements-pour-la-production-doeufs\/#primaryimage\"},\"image\":{\"@id\":\"https:\/\/trevotech.com\/fr\/produto\/equipements-pour-la-production-doeufs\/#primaryimage\"},\"thumbnailUrl\":\"https:\/\/trevotech.com\/wp-content\/uploads\/2024\/11\/BD-01.webp\",\"datePublished\":\"2024-11-06T10:56:37+00:00\",\"dateModified\":\"2025-06-24T08:27:02+00:00\",\"description\":\"Big Dutchman propose une gamme compl\u00e8te d\u2019\u00e9quipements avanc\u00e9s pour la production d\u2019\u0153ufs, con\u00e7us pour optimiser \u00e0 la fois l\u2019efficacit\u00e9...\",\"breadcrumb\":{\"@id\":\"https:\/\/trevotech.com\/fr\/produto\/equipements-pour-la-production-doeufs\/#breadcrumb\"},\"inLanguage\":\"fr-FR\",\"potentialAction\":[{\"@type\":\"ReadAction\",\"target\":[\"https:\/\/trevotech.com\/fr\/produto\/equipements-pour-la-production-doeufs\/\"]}]},{\"@type\":\"ImageObject\",\"inLanguage\":\"fr-FR\",\"@id\":\"https:\/\/trevotech.com\/fr\/produto\/equipements-pour-la-production-doeufs\/#primaryimage\",\"url\":\"https:\/\/trevotech.com\/wp-content\/uploads\/2024\/11\/BD-01.webp\",\"contentUrl\":\"https:\/\/trevotech.com\/wp-content\/uploads\/2024\/11\/BD-01.webp\",\"width\":1000,\"height\":1000,\"caption\":\"Equipamentos para Produ\u00e7\u00e3o de Ovos\"},{\"@type\":\"BreadcrumbList\",\"@id\":\"https:\/\/trevotech.com\/fr\/produto\/equipements-pour-la-production-doeufs\/#breadcrumb\",\"itemListElement\":[{\"@type\":\"ListItem\",\"position\":1,\"name\":\"In\u00edcio\",\"item\":\"https:\/\/trevotech.com\/fr\/\"},{\"@type\":\"ListItem\",\"position\":2,\"name\":\"Produits\",\"item\":\"https:\/\/trevotech.com\/fr\/shop\/\"},{\"@type\":\"ListItem\",\"position\":3,\"name\":\"\u00c9quipements pour la Production d\u2019\u0152ufs\"}]},{\"@type\":\"WebSite\",\"@id\":\"https:\/\/trevotech.com\/fr\/#website\",\"url\":\"https:\/\/trevotech.com\/fr\/\",\"name\":\"Trevotech Group\",\"description\":\"\",\"potentialAction\":[{\"@type\":\"SearchAction\",\"target\":{\"@type\":\"EntryPoint\",\"urlTemplate\":\"https:\/\/trevotech.com\/fr\/?s={search_term_string}\"},\"query-input\":{\"@type\":\"PropertyValueSpecification\",\"valueRequired\":true,\"valueName\":\"search_term_string\"}}],\"inLanguage\":\"fr-FR\"}]}<\/script>\n<!-- \/ Yoast SEO plugin. -->","yoast_head_json":{"title":"\u00c9quipements pour la Production d\u2019\u0152ufs Big Dutchman - Trevotech Group","description":"Big Dutchman propose une gamme compl\u00e8te d\u2019\u00e9quipements avanc\u00e9s pour la production d\u2019\u0153ufs, con\u00e7us pour optimiser \u00e0 la fois l\u2019efficacit\u00e9...","robots":{"index":"index","follow":"follow","max-snippet":"max-snippet:-1","max-image-preview":"max-image-preview:large","max-video-preview":"max-video-preview:-1"},"canonical":"https:\/\/trevotech.com\/fr\/produto\/equipements-pour-la-production-doeufs\/","og_locale":"fr_FR","og_type":"article","og_title":"\u00c9quipements pour la Production d\u2019\u0152ufs Big Dutchman - Trevotech Group","og_description":"Big Dutchman propose une gamme compl\u00e8te d\u2019\u00e9quipements avanc\u00e9s pour la production d\u2019\u0153ufs, con\u00e7us pour optimiser \u00e0 la fois l\u2019efficacit\u00e9...","og_url":"https:\/\/trevotech.com\/fr\/produto\/equipements-pour-la-production-doeufs\/","og_site_name":"Trevotech Group","article_modified_time":"2025-06-24T08:27:02+00:00","og_image":[{"width":1000,"height":1000,"url":"https:\/\/trevotech.com\/wp-content\/uploads\/2024\/11\/BD-01.webp","type":"image\/webp"}],"twitter_card":"summary_large_image","twitter_misc":{"Dur\u00e9e de lecture estim\u00e9e":"2 minutes"},"schema":{"@context":"https:\/\/schema.org","@graph":[{"@type":"WebPage","@id":"https:\/\/trevotech.com\/fr\/produto\/equipements-pour-la-production-doeufs\/","url":"https:\/\/trevotech.com\/fr\/produto\/equipements-pour-la-production-doeufs\/","name":"\u00c9quipements pour la Production d\u2019\u0152ufs Big Dutchman - Trevotech Group","isPartOf":{"@id":"https:\/\/trevotech.com\/fr\/#website"},"primaryImageOfPage":{"@id":"https:\/\/trevotech.com\/fr\/produto\/equipements-pour-la-production-doeufs\/#primaryimage"},"image":{"@id":"https:\/\/trevotech.com\/fr\/produto\/equipements-pour-la-production-doeufs\/#primaryimage"},"thumbnailUrl":"https:\/\/trevotech.com\/wp-content\/uploads\/2024\/11\/BD-01.webp","datePublished":"2024-11-06T10:56:37+00:00","dateModified":"2025-06-24T08:27:02+00:00","description":"Big Dutchman propose une gamme compl\u00e8te d\u2019\u00e9quipements avanc\u00e9s pour la production d\u2019\u0153ufs, con\u00e7us pour optimiser \u00e0 la fois l\u2019efficacit\u00e9...","breadcrumb":{"@id":"https:\/\/trevotech.com\/fr\/produto\/equipements-pour-la-production-doeufs\/#breadcrumb"},"inLanguage":"fr-FR","potentialAction":[{"@type":"ReadAction","target":["https:\/\/trevotech.com\/fr\/produto\/equipements-pour-la-production-doeufs\/"]}]},{"@type":"ImageObject","inLanguage":"fr-FR","@id":"https:\/\/trevotech.com\/fr\/produto\/equipements-pour-la-production-doeufs\/#primaryimage","url":"https:\/\/trevotech.com\/wp-content\/uploads\/2024\/11\/BD-01.webp","contentUrl":"https:\/\/trevotech.com\/wp-content\/uploads\/2024\/11\/BD-01.webp","width":1000,"height":1000,"caption":"Equipamentos para Produ\u00e7\u00e3o de Ovos"},{"@type":"BreadcrumbList","@id":"https:\/\/trevotech.com\/fr\/produto\/equipements-pour-la-production-doeufs\/#breadcrumb","itemListElement":[{"@type":"ListItem","position":1,"name":"In\u00edcio","item":"https:\/\/trevotech.com\/fr\/"},{"@type":"ListItem","position":2,"name":"Produits","item":"https:\/\/trevotech.com\/fr\/shop\/"},{"@type":"ListItem","position":3,"name":"\u00c9quipements pour la Production d\u2019\u0152ufs"}]},{"@type":"WebSite","@id":"https:\/\/trevotech.com\/fr\/#website","url":"https:\/\/trevotech.com\/fr\/","name":"Trevotech Group","description":"","potentialAction":[{"@type":"SearchAction","target":{"@type":"EntryPoint","urlTemplate":"https:\/\/trevotech.com\/fr\/?s={search_term_string}"},"query-input":{"@type":"PropertyValueSpecification","valueRequired":true,"valueName":"search_term_string"}}],"inLanguage":"fr-FR"}]}},"_links":{"self":[{"href":"https:\/\/trevotech.com\/fr\/wp-json\/wp\/v2\/product\/3713","targetHints":{"allow":["GET"]}}],"collection":[{"href":"https:\/\/trevotech.com\/fr\/wp-json\/wp\/v2\/product"}],"about":[{"href":"https:\/\/trevotech.com\/fr\/wp-json\/wp\/v2\/types\/product"}],"replies":[{"embeddable":true,"href":"https:\/\/trevotech.com\/fr\/wp-json\/wp\/v2\/comments?post=3713"}],"wp:featuredmedia":[{"embeddable":true,"href":"https:\/\/trevotech.com\/fr\/wp-json\/wp\/v2\/media\/3714"}],"wp:attachment":[{"href":"https:\/\/trevotech.com\/fr\/wp-json\/wp\/v2\/media?parent=3713"}],"wp:term":[{"taxonomy":"product_brand","embeddable":true,"href":"https:\/\/trevotech.com\/fr\/wp-json\/wp\/v2\/product_brand?post=3713"},{"taxonomy":"product_cat","embeddable":true,"href":"https:\/\/trevotech.com\/fr\/wp-json\/wp\/v2\/product_cat?post=3713"},{"taxonomy":"product_tag","embeddable":true,"href":"https:\/\/trevotech.com\/fr\/wp-json\/wp\/v2\/product_tag?post=3713"}],"curies":[{"name":"wp","href":"https:\/\/api.w.org\/{rel}","templated":true}]}}