{"id":3716,"date":"2024-11-06T10:55:20","date_gmt":"2024-11-06T10:55:20","guid":{"rendered":"https:\/\/trevotech.com\/produto\/equipamentos-para-criacao-de-aves\/"},"modified":"2025-08-05T09:00:23","modified_gmt":"2025-08-05T09:00:23","slug":"equipements-pour-lelevage-de-volailles","status":"publish","type":"product","link":"https:\/\/trevotech.com\/fr\/produto\/equipements-pour-lelevage-de-volailles\/","title":{"rendered":"\u00c9quipements Pour l\u2019\u00e9levage de Volailles"},"content":{"rendered":"<p><span style=\"font-weight: 400;\">Big Dutchman offre des solutions innovantes pour l\u2019\u00e9levage de volailles, visant \u00e0 maximiser l\u2019efficacit\u00e9 tout en assurant la sant\u00e9 et le bien-\u00eatre des animaux. Ses syst\u00e8mes d\u2019alimentation avanc\u00e9s sont con\u00e7us pour optimiser la consommation de nourriture et les taux de croissance, tandis que les syst\u00e8mes d\u2019abreuvement automatis\u00e9s garantissent un acc\u00e8s permanent \u00e0 une eau propre. Gr\u00e2ce \u00e0 une technologie pr\u00e9cise de contr\u00f4le climatique, Big Dutchman permet de maintenir des conditions id\u00e9ales pour le d\u00e9veloppement des volailles, en r\u00e9gulant la temp\u00e9rature, l\u2019humidit\u00e9 et la ventilation pour optimiser les performances. De plus, ses syst\u00e8mes automatis\u00e9s pour l\u2019\u00e9vacuation du fumier et la manutention des \u0153ufs r\u00e9duisent les co\u00fbts de main-d\u2019\u0153uvre et am\u00e9liorent l\u2019hygi\u00e8ne globale, permettant aux \u00e9leveurs de g\u00e9rer plus facilement des exploitations avicoles de grande envergure de mani\u00e8re durable. Les solutions de Big Dutchman sont con\u00e7ues pour augmenter la productivit\u00e9 tout en respectant les normes les plus \u00e9lev\u00e9es de bien-\u00eatre animal.<\/span><\/p>\n<p><span style=\"font-weight: 400;\"><a href=\"https:\/\/trevotech.com\/fr\/marques\/big-dutchman-fr\/\">Big Dutchman<\/a> offre des solutions innovantes pour l\u2019\u00e9levage de volailles, visant \u00e0 maximiser l\u2019efficacit\u00e9 tout en assurant la sant\u00e9 et le bien-\u00eatre des animaux. Ses syst\u00e8mes d\u2019alimentation avanc\u00e9s sont con\u00e7us pour optimiser la consommation de nourriture et les taux de croissance, tandis que les syst\u00e8mes d\u2019abreuvement automatis\u00e9s garantissent un acc\u00e8s permanent \u00e0 une eau propre. Gr\u00e2ce \u00e0 une technologie pr\u00e9cise de contr\u00f4le climatique, Big Dutchman permet de maintenir des conditions id\u00e9ales pour le d\u00e9veloppement des volailles, en r\u00e9gulant la temp\u00e9rature, l\u2019humidit\u00e9 et la ventilation pour optimiser les performances. De plus, ses syst\u00e8mes automatis\u00e9s pour l\u2019\u00e9vacuation du fumier et la manutention des \u0153ufs r\u00e9duisent les co\u00fbts de main-d\u2019\u0153uvre et am\u00e9liorent l\u2019hygi\u00e8ne globale, permettant aux \u00e9leveurs de g\u00e9rer plus facilement des exploitations avicoles de grande envergure de mani\u00e8re durable. Les solutions de Big Dutchman sont con\u00e7ues pour augmenter la productivit\u00e9 tout en respectant les normes les plus \u00e9lev\u00e9es de bien-\u00eatre animal.<\/span><\/p>\n","protected":false},"excerpt":{"rendered":"<p><span style=\"font-weight: 400;\">Big Dutchman offre des solutions innovantes pour l\u2019\u00e9levage de volailles, visant \u00e0 maximiser l\u2019efficacit\u00e9 tout en assurant la sant\u00e9 et le bien-\u00eatre des animaux. Ses syst\u00e8mes d\u2019alimentation avanc\u00e9s sont con\u00e7us pour optimiser la consommation de nourriture et les taux de croissance, tandis que les syst\u00e8mes d\u2019abreuvement automatis\u00e9s garantissent un acc\u00e8s permanent \u00e0 une eau propre. Gr\u00e2ce \u00e0 une technologie pr\u00e9cise de contr\u00f4le climatique, Big Dutchman permet de maintenir des conditions id\u00e9ales pour le d\u00e9veloppement des volailles, en r\u00e9gulant la temp\u00e9rature, l\u2019humidit\u00e9 et la ventilation pour optimiser les performances. De plus, ses syst\u00e8mes automatis\u00e9s pour l\u2019\u00e9vacuation du fumier et la manutention des \u0153ufs r\u00e9duisent les co\u00fbts de main-d\u2019\u0153uvre et am\u00e9liorent l\u2019hygi\u00e8ne globale, permettant aux \u00e9leveurs de g\u00e9rer plus facilement des exploitations avicoles de grande envergure de mani\u00e8re durable. Les solutions de Big Dutchman sont con\u00e7ues pour augmenter la productivit\u00e9 tout en respectant les normes les plus \u00e9lev\u00e9es de bien-\u00eatre animal.<\/span><\/p>\n<p>&nbsp;<\/p>\n","protected":false},"featured_media":3717,"comment_status":"open","ping_status":"closed","template":"","meta":{"_acf_changed":false},"product_brand":[],"product_cat":[458],"product_tag":[],"class_list":{"0":"post-3716","1":"product","2":"type-product","3":"status-publish","4":"has-post-thumbnail","6":"product_cat-sem-categoria-fr","7":"setores-agriculture","8":"setores-industrie","9":"marcas-big-dutchman","10":"tipo_produto-equipements-pour-lelevage-de-volailles","12":"first","13":"instock","14":"shipping-taxable","15":"product-type-simple"},"acf":[],"yoast_head":"<!-- This site is optimized with the Yoast SEO plugin v25.2 - https:\/\/yoast.com\/wordpress\/plugins\/seo\/ -->\n<title>\u00c9quipements Pour l\u2019\u00e9levage de Volailles Big Dutchman - Trevotech Group<\/title>\n<meta name=\"description\" content=\"Big Dutchman offre des solutions innovantes pour l\u2019\u00e9levage de volailles, visant \u00e0 maximiser l\u2019efficacit\u00e9 tout en assurant la sant\u00e9 et le...\" \/>\n<meta name=\"robots\" content=\"index, follow, max-snippet:-1, max-image-preview:large, max-video-preview:-1\" \/>\n<link rel=\"canonical\" href=\"https:\/\/trevotech.com\/fr\/produto\/equipements-pour-lelevage-de-volailles\/\" \/>\n<meta property=\"og:locale\" content=\"fr_FR\" \/>\n<meta property=\"og:type\" content=\"article\" \/>\n<meta property=\"og:title\" content=\"\u00c9quipements Pour l\u2019\u00e9levage de Volailles Big Dutchman - Trevotech Group\" \/>\n<meta property=\"og:description\" content=\"Big Dutchman offre des solutions innovantes pour l\u2019\u00e9levage de volailles, visant \u00e0 maximiser l\u2019efficacit\u00e9 tout en assurant la sant\u00e9 et le...\" \/>\n<meta property=\"og:url\" content=\"https:\/\/trevotech.com\/fr\/produto\/equipements-pour-lelevage-de-volailles\/\" \/>\n<meta property=\"og:site_name\" content=\"Trevotech Group\" \/>\n<meta property=\"article:modified_time\" content=\"2025-08-05T09:00:23+00:00\" \/>\n<meta property=\"og:image\" content=\"https:\/\/trevotech.com\/wp-content\/uploads\/2024\/11\/BD-03.webp\" \/>\n\t<meta property=\"og:image:width\" content=\"1000\" \/>\n\t<meta property=\"og:image:height\" content=\"1000\" \/>\n\t<meta property=\"og:image:type\" content=\"image\/webp\" \/>\n<meta name=\"twitter:card\" content=\"summary_large_image\" \/>\n<meta name=\"twitter:label1\" content=\"Dur\u00e9e de lecture estim\u00e9e\" \/>\n\t<meta name=\"twitter:data1\" content=\"2 minutes\" \/>\n<script type=\"application\/ld+json\" class=\"yoast-schema-graph\">{\"@context\":\"https:\/\/schema.org\",\"@graph\":[{\"@type\":\"WebPage\",\"@id\":\"https:\/\/trevotech.com\/fr\/produto\/equipements-pour-lelevage-de-volailles\/\",\"url\":\"https:\/\/trevotech.com\/fr\/produto\/equipements-pour-lelevage-de-volailles\/\",\"name\":\"\u00c9quipements Pour l\u2019\u00e9levage de Volailles Big Dutchman - Trevotech Group\",\"isPartOf\":{\"@id\":\"https:\/\/trevotech.com\/fr\/#website\"},\"primaryImageOfPage\":{\"@id\":\"https:\/\/trevotech.com\/fr\/produto\/equipements-pour-lelevage-de-volailles\/#primaryimage\"},\"image\":{\"@id\":\"https:\/\/trevotech.com\/fr\/produto\/equipements-pour-lelevage-de-volailles\/#primaryimage\"},\"thumbnailUrl\":\"https:\/\/trevotech.com\/wp-content\/uploads\/2024\/11\/BD-03.webp\",\"datePublished\":\"2024-11-06T10:55:20+00:00\",\"dateModified\":\"2025-08-05T09:00:23+00:00\",\"description\":\"Big Dutchman offre des solutions innovantes pour l\u2019\u00e9levage de volailles, visant \u00e0 maximiser l\u2019efficacit\u00e9 tout en assurant la sant\u00e9 et le...\",\"breadcrumb\":{\"@id\":\"https:\/\/trevotech.com\/fr\/produto\/equipements-pour-lelevage-de-volailles\/#breadcrumb\"},\"inLanguage\":\"fr-FR\",\"potentialAction\":[{\"@type\":\"ReadAction\",\"target\":[\"https:\/\/trevotech.com\/fr\/produto\/equipements-pour-lelevage-de-volailles\/\"]}]},{\"@type\":\"ImageObject\",\"inLanguage\":\"fr-FR\",\"@id\":\"https:\/\/trevotech.com\/fr\/produto\/equipements-pour-lelevage-de-volailles\/#primaryimage\",\"url\":\"https:\/\/trevotech.com\/wp-content\/uploads\/2024\/11\/BD-03.webp\",\"contentUrl\":\"https:\/\/trevotech.com\/wp-content\/uploads\/2024\/11\/BD-03.webp\",\"width\":1000,\"height\":1000,\"caption\":\"Equipamentos para Cria\u00e7\u00e3o de Aves\"},{\"@type\":\"BreadcrumbList\",\"@id\":\"https:\/\/trevotech.com\/fr\/produto\/equipements-pour-lelevage-de-volailles\/#breadcrumb\",\"itemListElement\":[{\"@type\":\"ListItem\",\"position\":1,\"name\":\"In\u00edcio\",\"item\":\"https:\/\/trevotech.com\/fr\/\"},{\"@type\":\"ListItem\",\"position\":2,\"name\":\"Produits\",\"item\":\"https:\/\/trevotech.com\/fr\/shop\/\"},{\"@type\":\"ListItem\",\"position\":3,\"name\":\"\u00c9quipements Pour l\u2019\u00e9levage de Volailles\"}]},{\"@type\":\"WebSite\",\"@id\":\"https:\/\/trevotech.com\/fr\/#website\",\"url\":\"https:\/\/trevotech.com\/fr\/\",\"name\":\"Trevotech Group\",\"description\":\"\",\"potentialAction\":[{\"@type\":\"SearchAction\",\"target\":{\"@type\":\"EntryPoint\",\"urlTemplate\":\"https:\/\/trevotech.com\/fr\/?s={search_term_string}\"},\"query-input\":{\"@type\":\"PropertyValueSpecification\",\"valueRequired\":true,\"valueName\":\"search_term_string\"}}],\"inLanguage\":\"fr-FR\"}]}<\/script>\n<!-- \/ Yoast SEO plugin. -->","yoast_head_json":{"title":"\u00c9quipements Pour l\u2019\u00e9levage de Volailles Big Dutchman - Trevotech Group","description":"Big Dutchman offre des solutions innovantes pour l\u2019\u00e9levage de volailles, visant \u00e0 maximiser l\u2019efficacit\u00e9 tout en assurant la sant\u00e9 et le...","robots":{"index":"index","follow":"follow","max-snippet":"max-snippet:-1","max-image-preview":"max-image-preview:large","max-video-preview":"max-video-preview:-1"},"canonical":"https:\/\/trevotech.com\/fr\/produto\/equipements-pour-lelevage-de-volailles\/","og_locale":"fr_FR","og_type":"article","og_title":"\u00c9quipements Pour l\u2019\u00e9levage de Volailles Big Dutchman - Trevotech Group","og_description":"Big Dutchman offre des solutions innovantes pour l\u2019\u00e9levage de volailles, visant \u00e0 maximiser l\u2019efficacit\u00e9 tout en assurant la sant\u00e9 et le...","og_url":"https:\/\/trevotech.com\/fr\/produto\/equipements-pour-lelevage-de-volailles\/","og_site_name":"Trevotech Group","article_modified_time":"2025-08-05T09:00:23+00:00","og_image":[{"width":1000,"height":1000,"url":"https:\/\/trevotech.com\/wp-content\/uploads\/2024\/11\/BD-03.webp","type":"image\/webp"}],"twitter_card":"summary_large_image","twitter_misc":{"Dur\u00e9e de lecture estim\u00e9e":"2 minutes"},"schema":{"@context":"https:\/\/schema.org","@graph":[{"@type":"WebPage","@id":"https:\/\/trevotech.com\/fr\/produto\/equipements-pour-lelevage-de-volailles\/","url":"https:\/\/trevotech.com\/fr\/produto\/equipements-pour-lelevage-de-volailles\/","name":"\u00c9quipements Pour l\u2019\u00e9levage de Volailles Big Dutchman - Trevotech Group","isPartOf":{"@id":"https:\/\/trevotech.com\/fr\/#website"},"primaryImageOfPage":{"@id":"https:\/\/trevotech.com\/fr\/produto\/equipements-pour-lelevage-de-volailles\/#primaryimage"},"image":{"@id":"https:\/\/trevotech.com\/fr\/produto\/equipements-pour-lelevage-de-volailles\/#primaryimage"},"thumbnailUrl":"https:\/\/trevotech.com\/wp-content\/uploads\/2024\/11\/BD-03.webp","datePublished":"2024-11-06T10:55:20+00:00","dateModified":"2025-08-05T09:00:23+00:00","description":"Big Dutchman offre des solutions innovantes pour l\u2019\u00e9levage de volailles, visant \u00e0 maximiser l\u2019efficacit\u00e9 tout en assurant la sant\u00e9 et le...","breadcrumb":{"@id":"https:\/\/trevotech.com\/fr\/produto\/equipements-pour-lelevage-de-volailles\/#breadcrumb"},"inLanguage":"fr-FR","potentialAction":[{"@type":"ReadAction","target":["https:\/\/trevotech.com\/fr\/produto\/equipements-pour-lelevage-de-volailles\/"]}]},{"@type":"ImageObject","inLanguage":"fr-FR","@id":"https:\/\/trevotech.com\/fr\/produto\/equipements-pour-lelevage-de-volailles\/#primaryimage","url":"https:\/\/trevotech.com\/wp-content\/uploads\/2024\/11\/BD-03.webp","contentUrl":"https:\/\/trevotech.com\/wp-content\/uploads\/2024\/11\/BD-03.webp","width":1000,"height":1000,"caption":"Equipamentos para Cria\u00e7\u00e3o de Aves"},{"@type":"BreadcrumbList","@id":"https:\/\/trevotech.com\/fr\/produto\/equipements-pour-lelevage-de-volailles\/#breadcrumb","itemListElement":[{"@type":"ListItem","position":1,"name":"In\u00edcio","item":"https:\/\/trevotech.com\/fr\/"},{"@type":"ListItem","position":2,"name":"Produits","item":"https:\/\/trevotech.com\/fr\/shop\/"},{"@type":"ListItem","position":3,"name":"\u00c9quipements Pour l\u2019\u00e9levage de Volailles"}]},{"@type":"WebSite","@id":"https:\/\/trevotech.com\/fr\/#website","url":"https:\/\/trevotech.com\/fr\/","name":"Trevotech Group","description":"","potentialAction":[{"@type":"SearchAction","target":{"@type":"EntryPoint","urlTemplate":"https:\/\/trevotech.com\/fr\/?s={search_term_string}"},"query-input":{"@type":"PropertyValueSpecification","valueRequired":true,"valueName":"search_term_string"}}],"inLanguage":"fr-FR"}]}},"_links":{"self":[{"href":"https:\/\/trevotech.com\/fr\/wp-json\/wp\/v2\/product\/3716","targetHints":{"allow":["GET"]}}],"collection":[{"href":"https:\/\/trevotech.com\/fr\/wp-json\/wp\/v2\/product"}],"about":[{"href":"https:\/\/trevotech.com\/fr\/wp-json\/wp\/v2\/types\/product"}],"replies":[{"embeddable":true,"href":"https:\/\/trevotech.com\/fr\/wp-json\/wp\/v2\/comments?post=3716"}],"wp:featuredmedia":[{"embeddable":true,"href":"https:\/\/trevotech.com\/fr\/wp-json\/wp\/v2\/media\/3717"}],"wp:attachment":[{"href":"https:\/\/trevotech.com\/fr\/wp-json\/wp\/v2\/media?parent=3716"}],"wp:term":[{"taxonomy":"product_brand","embeddable":true,"href":"https:\/\/trevotech.com\/fr\/wp-json\/wp\/v2\/product_brand?post=3716"},{"taxonomy":"product_cat","embeddable":true,"href":"https:\/\/trevotech.com\/fr\/wp-json\/wp\/v2\/product_cat?post=3716"},{"taxonomy":"product_tag","embeddable":true,"href":"https:\/\/trevotech.com\/fr\/wp-json\/wp\/v2\/product_tag?post=3716"}],"curies":[{"name":"wp","href":"https:\/\/api.w.org\/{rel}","templated":true}]}}