{"id":3719,"date":"2024-11-06T10:44:40","date_gmt":"2024-11-06T10:44:40","guid":{"rendered":"https:\/\/trevotech.com\/produto\/equipements-pour-la-production-porcine\/"},"modified":"2025-08-05T09:01:58","modified_gmt":"2025-08-05T09:01:58","slug":"equipements-pour-lelevage-de-porcs","status":"publish","type":"product","link":"https:\/\/trevotech.com\/fr\/produto\/equipements-pour-lelevage-de-porcs\/","title":{"rendered":"\u00c9quipements Pour l\u2019\u00e9levage de Porcs"},"content":{"rendered":"<p><span style=\"font-weight: 400;\">Big Dutchman propose une vaste gamme d\u2019\u00e9quipements pour l\u2019\u00e9levage porcs, con\u00e7us pour optimiser l\u2019efficacit\u00e9, le bien-\u00eatre animal et la durabilit\u00e9 environnementale. Ses syst\u00e8mes incluent des solutions d\u2019alimentation avanc\u00e9es assurant une distribution pr\u00e9cise et contr\u00f4l\u00e9e de la ration, favorisant une croissance saine et am\u00e9liorant les taux de conversion alimentaire. Les syst\u00e8mes d\u2019abreuvement automatis\u00e9s offrent un acc\u00e8s constant \u00e0 de l\u2019eau fra\u00eeche, tandis que la technologie de contr\u00f4le climatique aide \u00e0 maintenir des conditions optimales dans les enclos, contribuant \u00e0 une meilleure sant\u00e9 et productivit\u00e9. Big Dutchman propose \u00e9galement des syst\u00e8mes de gestion des d\u00e9jections qui r\u00e9duisent l\u2019impact environnemental, ainsi que des solutions automatis\u00e9es pour les phases de mise bas, de sevrage et de finition, qui optimisent le travail et am\u00e9liorent l\u2019efficacit\u00e9 op\u00e9rationnelle. Ces solutions innovantes permettent aux \u00e9leveurs de porcs de produire de mani\u00e8re plus durable, de r\u00e9duire les co\u00fbts et d\u2019am\u00e9liorer les soins aux animaux tout au long du processus de production.<br \/>\n<\/span><\/p>\n<p><span style=\"font-weight: 400;\">Big Dutchman propose une vaste gamme d\u2019\u00e9quipements pour l\u2019\u00e9levage porcs, con\u00e7us pour optimiser l\u2019efficacit\u00e9, le bien-\u00eatre animal et la durabilit\u00e9 environnementale. Ses syst\u00e8mes incluent des solutions d\u2019alimentation avanc\u00e9es assurant une distribution pr\u00e9cise et contr\u00f4l\u00e9e de la ration, favorisant une croissance saine et am\u00e9liorant les taux de conversion alimentaire. Les syst\u00e8mes d\u2019abreuvement automatis\u00e9s offrent un acc\u00e8s constant \u00e0 de l\u2019eau fra\u00eeche, tandis que la technologie de contr\u00f4le climatique aide \u00e0 maintenir des conditions optimales dans les enclos, contribuant \u00e0 une meilleure sant\u00e9 et productivit\u00e9. Big Dutchman propose \u00e9galement des syst\u00e8mes de gestion des d\u00e9jections qui r\u00e9duisent l\u2019impact environnemental, ainsi que des solutions automatis\u00e9es pour les phases de mise bas, de sevrage et de finition, qui optimisent le travail et am\u00e9liorent l\u2019efficacit\u00e9 op\u00e9rationnelle. Ces solutions innovantes permettent aux \u00e9leveurs de porcs de produire de mani\u00e8re plus durable, de r\u00e9duire les co\u00fbts et d\u2019am\u00e9liorer les soins aux animaux tout au long du processus de production.<\/span><\/p>\n","protected":false},"excerpt":{"rendered":"<p><span style=\"font-weight: 400;\">Big Dutchman propose une vaste gamme d\u2019\u00e9quipements pour l\u2019\u00e9levage porcin, con\u00e7us pour optimiser l\u2019efficacit\u00e9, le bien-\u00eatre animal et la durabilit\u00e9 environnementale. Ses syst\u00e8mes incluent des solutions d\u2019alimentation avanc\u00e9es assurant une distribution pr\u00e9cise et contr\u00f4l\u00e9e de la ration, favorisant une croissance saine et am\u00e9liorant les taux de conversion alimentaire. Les syst\u00e8mes d\u2019abreuvement automatis\u00e9s offrent un acc\u00e8s constant \u00e0 de l\u2019eau fra\u00eeche, tandis que la technologie de contr\u00f4le climatique aide \u00e0 maintenir des conditions optimales dans les enclos, contribuant \u00e0 une meilleure sant\u00e9 et productivit\u00e9. Big Dutchman propose \u00e9galement des syst\u00e8mes de gestion des d\u00e9jections qui r\u00e9duisent l\u2019impact environnemental, ainsi que des solutions automatis\u00e9es pour les phases de mise bas, de sevrage et de finition, qui optimisent le travail et am\u00e9liorent l\u2019efficacit\u00e9 op\u00e9rationnelle. Ces solutions innovantes permettent aux \u00e9leveurs de porcs de produire de mani\u00e8re plus durable, de r\u00e9duire les co\u00fbts et d\u2019am\u00e9liorer les soins aux animaux tout au long du processus de production.<\/span><\/p>\n","protected":false},"featured_media":3720,"comment_status":"open","ping_status":"closed","template":"","meta":{"_acf_changed":false},"product_brand":[],"product_cat":[458],"product_tag":[],"class_list":{"0":"post-3719","1":"product","2":"type-product","3":"status-publish","4":"has-post-thumbnail","6":"product_cat-sem-categoria-fr","7":"setores-agriculture","8":"setores-industrie","9":"marcas-big-dutchman","10":"tipo_produto-equipements-pour-lelevage-de-porcs","12":"first","13":"instock","14":"shipping-taxable","15":"product-type-simple"},"acf":[],"yoast_head":"<!-- This site is optimized with the Yoast SEO plugin v25.2 - https:\/\/yoast.com\/wordpress\/plugins\/seo\/ -->\n<title>\u00c9quipements Pour l\u2019\u00e9levage de Porcs Big Dutchman - Trevotech Group<\/title>\n<meta name=\"description\" content=\"Big Dutchman propose une vaste gamme d\u2019\u00e9quipements pour l\u2019\u00e9levage porcs, con\u00e7us pour optimiser l\u2019efficacit\u00e9, le bien-\u00eatre animal et la durabilit\u00e9 ...\" \/>\n<meta name=\"robots\" content=\"index, follow, max-snippet:-1, max-image-preview:large, max-video-preview:-1\" \/>\n<link rel=\"canonical\" href=\"https:\/\/trevotech.com\/fr\/produto\/equipements-pour-lelevage-de-porcs\/\" \/>\n<meta property=\"og:locale\" content=\"fr_FR\" \/>\n<meta property=\"og:type\" content=\"article\" \/>\n<meta property=\"og:title\" content=\"\u00c9quipements Pour l\u2019\u00e9levage de Porcs Big Dutchman - Trevotech Group\" \/>\n<meta property=\"og:description\" content=\"Big Dutchman propose une vaste gamme d\u2019\u00e9quipements pour l\u2019\u00e9levage porcs, con\u00e7us pour optimiser l\u2019efficacit\u00e9, le bien-\u00eatre animal et la durabilit\u00e9 ...\" \/>\n<meta property=\"og:url\" content=\"https:\/\/trevotech.com\/fr\/produto\/equipements-pour-lelevage-de-porcs\/\" \/>\n<meta property=\"og:site_name\" content=\"Trevotech Group\" \/>\n<meta property=\"article:modified_time\" content=\"2025-08-05T09:01:58+00:00\" \/>\n<meta property=\"og:image\" content=\"https:\/\/trevotech.com\/wp-content\/uploads\/2024\/11\/BD-05.webp\" \/>\n\t<meta property=\"og:image:width\" content=\"1000\" \/>\n\t<meta property=\"og:image:height\" content=\"1000\" \/>\n\t<meta property=\"og:image:type\" content=\"image\/webp\" \/>\n<meta name=\"twitter:card\" content=\"summary_large_image\" \/>\n<meta name=\"twitter:label1\" content=\"Dur\u00e9e de lecture estim\u00e9e\" \/>\n\t<meta name=\"twitter:data1\" content=\"2 minutes\" \/>\n<script type=\"application\/ld+json\" class=\"yoast-schema-graph\">{\"@context\":\"https:\/\/schema.org\",\"@graph\":[{\"@type\":\"WebPage\",\"@id\":\"https:\/\/trevotech.com\/fr\/produto\/equipements-pour-lelevage-de-porcs\/\",\"url\":\"https:\/\/trevotech.com\/fr\/produto\/equipements-pour-lelevage-de-porcs\/\",\"name\":\"\u00c9quipements Pour l\u2019\u00e9levage de Porcs Big Dutchman - Trevotech Group\",\"isPartOf\":{\"@id\":\"https:\/\/trevotech.com\/fr\/#website\"},\"primaryImageOfPage\":{\"@id\":\"https:\/\/trevotech.com\/fr\/produto\/equipements-pour-lelevage-de-porcs\/#primaryimage\"},\"image\":{\"@id\":\"https:\/\/trevotech.com\/fr\/produto\/equipements-pour-lelevage-de-porcs\/#primaryimage\"},\"thumbnailUrl\":\"https:\/\/trevotech.com\/wp-content\/uploads\/2024\/11\/BD-05.webp\",\"datePublished\":\"2024-11-06T10:44:40+00:00\",\"dateModified\":\"2025-08-05T09:01:58+00:00\",\"description\":\"Big Dutchman propose une vaste gamme d\u2019\u00e9quipements pour l\u2019\u00e9levage porcs, con\u00e7us pour optimiser l\u2019efficacit\u00e9, le bien-\u00eatre animal et la durabilit\u00e9 ...\",\"breadcrumb\":{\"@id\":\"https:\/\/trevotech.com\/fr\/produto\/equipements-pour-lelevage-de-porcs\/#breadcrumb\"},\"inLanguage\":\"fr-FR\",\"potentialAction\":[{\"@type\":\"ReadAction\",\"target\":[\"https:\/\/trevotech.com\/fr\/produto\/equipements-pour-lelevage-de-porcs\/\"]}]},{\"@type\":\"ImageObject\",\"inLanguage\":\"fr-FR\",\"@id\":\"https:\/\/trevotech.com\/fr\/produto\/equipements-pour-lelevage-de-porcs\/#primaryimage\",\"url\":\"https:\/\/trevotech.com\/wp-content\/uploads\/2024\/11\/BD-05.webp\",\"contentUrl\":\"https:\/\/trevotech.com\/wp-content\/uploads\/2024\/11\/BD-05.webp\",\"width\":1000,\"height\":1000,\"caption\":\"Equipamentos para Cria\u00e7\u00e3o de Insectos\"},{\"@type\":\"BreadcrumbList\",\"@id\":\"https:\/\/trevotech.com\/fr\/produto\/equipements-pour-lelevage-de-porcs\/#breadcrumb\",\"itemListElement\":[{\"@type\":\"ListItem\",\"position\":1,\"name\":\"In\u00edcio\",\"item\":\"https:\/\/trevotech.com\/fr\/\"},{\"@type\":\"ListItem\",\"position\":2,\"name\":\"Produits\",\"item\":\"https:\/\/trevotech.com\/fr\/shop\/\"},{\"@type\":\"ListItem\",\"position\":3,\"name\":\"\u00c9quipements Pour l\u2019\u00e9levage de Porcs\"}]},{\"@type\":\"WebSite\",\"@id\":\"https:\/\/trevotech.com\/fr\/#website\",\"url\":\"https:\/\/trevotech.com\/fr\/\",\"name\":\"Trevotech Group\",\"description\":\"\",\"potentialAction\":[{\"@type\":\"SearchAction\",\"target\":{\"@type\":\"EntryPoint\",\"urlTemplate\":\"https:\/\/trevotech.com\/fr\/?s={search_term_string}\"},\"query-input\":{\"@type\":\"PropertyValueSpecification\",\"valueRequired\":true,\"valueName\":\"search_term_string\"}}],\"inLanguage\":\"fr-FR\"}]}<\/script>\n<!-- \/ Yoast SEO plugin. -->","yoast_head_json":{"title":"\u00c9quipements Pour l\u2019\u00e9levage de Porcs Big Dutchman - Trevotech Group","description":"Big Dutchman propose une vaste gamme d\u2019\u00e9quipements pour l\u2019\u00e9levage porcs, con\u00e7us pour optimiser l\u2019efficacit\u00e9, le bien-\u00eatre animal et la durabilit\u00e9 ...","robots":{"index":"index","follow":"follow","max-snippet":"max-snippet:-1","max-image-preview":"max-image-preview:large","max-video-preview":"max-video-preview:-1"},"canonical":"https:\/\/trevotech.com\/fr\/produto\/equipements-pour-lelevage-de-porcs\/","og_locale":"fr_FR","og_type":"article","og_title":"\u00c9quipements Pour l\u2019\u00e9levage de Porcs Big Dutchman - Trevotech Group","og_description":"Big Dutchman propose une vaste gamme d\u2019\u00e9quipements pour l\u2019\u00e9levage porcs, con\u00e7us pour optimiser l\u2019efficacit\u00e9, le bien-\u00eatre animal et la durabilit\u00e9 ...","og_url":"https:\/\/trevotech.com\/fr\/produto\/equipements-pour-lelevage-de-porcs\/","og_site_name":"Trevotech Group","article_modified_time":"2025-08-05T09:01:58+00:00","og_image":[{"width":1000,"height":1000,"url":"https:\/\/trevotech.com\/wp-content\/uploads\/2024\/11\/BD-05.webp","type":"image\/webp"}],"twitter_card":"summary_large_image","twitter_misc":{"Dur\u00e9e de lecture estim\u00e9e":"2 minutes"},"schema":{"@context":"https:\/\/schema.org","@graph":[{"@type":"WebPage","@id":"https:\/\/trevotech.com\/fr\/produto\/equipements-pour-lelevage-de-porcs\/","url":"https:\/\/trevotech.com\/fr\/produto\/equipements-pour-lelevage-de-porcs\/","name":"\u00c9quipements Pour l\u2019\u00e9levage de Porcs Big Dutchman - Trevotech Group","isPartOf":{"@id":"https:\/\/trevotech.com\/fr\/#website"},"primaryImageOfPage":{"@id":"https:\/\/trevotech.com\/fr\/produto\/equipements-pour-lelevage-de-porcs\/#primaryimage"},"image":{"@id":"https:\/\/trevotech.com\/fr\/produto\/equipements-pour-lelevage-de-porcs\/#primaryimage"},"thumbnailUrl":"https:\/\/trevotech.com\/wp-content\/uploads\/2024\/11\/BD-05.webp","datePublished":"2024-11-06T10:44:40+00:00","dateModified":"2025-08-05T09:01:58+00:00","description":"Big Dutchman propose une vaste gamme d\u2019\u00e9quipements pour l\u2019\u00e9levage porcs, con\u00e7us pour optimiser l\u2019efficacit\u00e9, le bien-\u00eatre animal et la durabilit\u00e9 ...","breadcrumb":{"@id":"https:\/\/trevotech.com\/fr\/produto\/equipements-pour-lelevage-de-porcs\/#breadcrumb"},"inLanguage":"fr-FR","potentialAction":[{"@type":"ReadAction","target":["https:\/\/trevotech.com\/fr\/produto\/equipements-pour-lelevage-de-porcs\/"]}]},{"@type":"ImageObject","inLanguage":"fr-FR","@id":"https:\/\/trevotech.com\/fr\/produto\/equipements-pour-lelevage-de-porcs\/#primaryimage","url":"https:\/\/trevotech.com\/wp-content\/uploads\/2024\/11\/BD-05.webp","contentUrl":"https:\/\/trevotech.com\/wp-content\/uploads\/2024\/11\/BD-05.webp","width":1000,"height":1000,"caption":"Equipamentos para Cria\u00e7\u00e3o de Insectos"},{"@type":"BreadcrumbList","@id":"https:\/\/trevotech.com\/fr\/produto\/equipements-pour-lelevage-de-porcs\/#breadcrumb","itemListElement":[{"@type":"ListItem","position":1,"name":"In\u00edcio","item":"https:\/\/trevotech.com\/fr\/"},{"@type":"ListItem","position":2,"name":"Produits","item":"https:\/\/trevotech.com\/fr\/shop\/"},{"@type":"ListItem","position":3,"name":"\u00c9quipements Pour l\u2019\u00e9levage de Porcs"}]},{"@type":"WebSite","@id":"https:\/\/trevotech.com\/fr\/#website","url":"https:\/\/trevotech.com\/fr\/","name":"Trevotech Group","description":"","potentialAction":[{"@type":"SearchAction","target":{"@type":"EntryPoint","urlTemplate":"https:\/\/trevotech.com\/fr\/?s={search_term_string}"},"query-input":{"@type":"PropertyValueSpecification","valueRequired":true,"valueName":"search_term_string"}}],"inLanguage":"fr-FR"}]}},"_links":{"self":[{"href":"https:\/\/trevotech.com\/fr\/wp-json\/wp\/v2\/product\/3719","targetHints":{"allow":["GET"]}}],"collection":[{"href":"https:\/\/trevotech.com\/fr\/wp-json\/wp\/v2\/product"}],"about":[{"href":"https:\/\/trevotech.com\/fr\/wp-json\/wp\/v2\/types\/product"}],"replies":[{"embeddable":true,"href":"https:\/\/trevotech.com\/fr\/wp-json\/wp\/v2\/comments?post=3719"}],"wp:featuredmedia":[{"embeddable":true,"href":"https:\/\/trevotech.com\/fr\/wp-json\/wp\/v2\/media\/3720"}],"wp:attachment":[{"href":"https:\/\/trevotech.com\/fr\/wp-json\/wp\/v2\/media?parent=3719"}],"wp:term":[{"taxonomy":"product_brand","embeddable":true,"href":"https:\/\/trevotech.com\/fr\/wp-json\/wp\/v2\/product_brand?post=3719"},{"taxonomy":"product_cat","embeddable":true,"href":"https:\/\/trevotech.com\/fr\/wp-json\/wp\/v2\/product_cat?post=3719"},{"taxonomy":"product_tag","embeddable":true,"href":"https:\/\/trevotech.com\/fr\/wp-json\/wp\/v2\/product_tag?post=3719"}],"curies":[{"name":"wp","href":"https:\/\/api.w.org\/{rel}","templated":true}]}}