{"id":3722,"date":"2024-11-06T10:42:38","date_gmt":"2024-11-06T10:42:38","guid":{"rendered":"https:\/\/trevotech.com\/produto\/equipamentos-para-horticultura\/"},"modified":"2025-08-05T09:09:25","modified_gmt":"2025-08-05T09:09:25","slug":"equipements-pour-lhorticulture","status":"publish","type":"product","link":"https:\/\/trevotech.com\/fr\/produto\/equipements-pour-lhorticulture\/","title":{"rendered":"\u00c9quipements Pour l\u2019Horticulture"},"content":{"rendered":"<p><span style=\"font-weight: 400;\">Les \u00c9quipements Pour l\u2019Horticulture de Big Dutchman sont con\u00e7ues pour optimiser la croissance des plantes, maximiser les rendements et am\u00e9liorer la durabilit\u00e9 des op\u00e9rations agricoles en serre et en environnement contr\u00f4l\u00e9. Ses syst\u00e8mes de contr\u00f4le climatique de derni\u00e8re g\u00e9n\u00e9ration r\u00e9gulent la temp\u00e9rature, l\u2019humidit\u00e9, la lumi\u00e8re et les niveaux de CO\u2082, cr\u00e9ant des conditions id\u00e9ales pour une grande vari\u00e9t\u00e9 de cultures, des l\u00e9gumes aux fleurs. Les syst\u00e8mes d\u2019irrigation et de fertirrigation automatis\u00e9s garantissent une distribution pr\u00e9cise de l\u2019eau et des nutriments, r\u00e9duisant les gaspillages et favorisant un d\u00e9veloppement sain des plantes. En outre, Big Dutchman propose des solutions d\u2019\u00e9clairage avanc\u00e9es reproduisant la lumi\u00e8re naturelle du soleil, am\u00e9liorant la photosynth\u00e8se et acc\u00e9l\u00e9rant les cycles de croissance. En mettant l\u2019accent sur l\u2019efficacit\u00e9 \u00e9nerg\u00e9tique et la gestion des ressources, ses syst\u00e8mes horticoles permettent aux producteurs d\u2019augmenter leur productivit\u00e9 tout en minimisant l\u2019impact environnemental, faisant de Big Dutchman un partenaire de confiance dans l\u2019agriculture moderne.<\/span><\/p>\n<p>Les \u00c9quipements Pour l\u2019Horticulture de <a href=\"https:\/\/trevotech.com\/fr\/marques\/big-dutchman-fr\/\">Big Dutchman<\/a> sont con\u00e7ues pour optimiser la croissance des plantes, maximiser les rendements et am\u00e9liorer la durabilit\u00e9 des op\u00e9rations agricoles en serre et en environnement contr\u00f4l\u00e9. Ses syst\u00e8mes de contr\u00f4le climatique de derni\u00e8re g\u00e9n\u00e9ration r\u00e9gulent la temp\u00e9rature, l\u2019humidit\u00e9, la lumi\u00e8re et les niveaux de CO\u2082, cr\u00e9ant des conditions id\u00e9ales pour une grande vari\u00e9t\u00e9 de cultures, des l\u00e9gumes aux fleurs. Les syst\u00e8mes d\u2019irrigation et de fertirrigation automatis\u00e9s garantissent une distribution pr\u00e9cise de l\u2019eau et des nutriments, r\u00e9duisant les gaspillages et favorisant un d\u00e9veloppement sain des plantes. En outre, Big Dutchman propose des solutions d\u2019\u00e9clairage avanc\u00e9es reproduisant la lumi\u00e8re naturelle du soleil, am\u00e9liorant la photosynth\u00e8se et acc\u00e9l\u00e9rant les cycles de croissance. En mettant l\u2019accent sur l\u2019efficacit\u00e9 \u00e9nerg\u00e9tique et la gestion des ressources, ses syst\u00e8mes horticoles permettent aux producteurs d\u2019augmenter leur productivit\u00e9 tout en minimisant l\u2019impact environnemental, faisant de Big Dutchman un partenaire de confiance dans l\u2019agriculture moderne.<\/p>\n","protected":false},"excerpt":{"rendered":"<p><span style=\"font-weight: 400;\">Les solutions horticoles de Big Dutchman sont con\u00e7ues pour optimiser la croissance des plantes, maximiser les rendements et am\u00e9liorer la durabilit\u00e9 des op\u00e9rations agricoles en serre et en environnement contr\u00f4l\u00e9. Ses syst\u00e8mes de contr\u00f4le climatique de derni\u00e8re g\u00e9n\u00e9ration r\u00e9gulent la temp\u00e9rature, l\u2019humidit\u00e9, la lumi\u00e8re et les niveaux de CO\u2082, cr\u00e9ant des conditions id\u00e9ales pour une grande vari\u00e9t\u00e9 de cultures, des l\u00e9gumes aux fleurs. Les syst\u00e8mes d\u2019irrigation et de fertirrigation automatis\u00e9s garantissent une distribution pr\u00e9cise de l\u2019eau et des nutriments, r\u00e9duisant les gaspillages et favorisant un d\u00e9veloppement sain des plantes. En outre, Big Dutchman propose des solutions d\u2019\u00e9clairage avanc\u00e9es reproduisant la lumi\u00e8re naturelle du soleil, am\u00e9liorant la photosynth\u00e8se et acc\u00e9l\u00e9rant les cycles de croissance. En mettant l\u2019accent sur l\u2019efficacit\u00e9 \u00e9nerg\u00e9tique et la gestion des ressources, ses syst\u00e8mes horticoles permettent aux producteurs d\u2019augmenter leur productivit\u00e9 tout en minimisant l\u2019impact environnemental, faisant de Big Dutchman un partenaire de confiance dans l\u2019agriculture moderne.<\/span><\/p>\n","protected":false},"featured_media":3723,"comment_status":"open","ping_status":"closed","template":"","meta":{"_acf_changed":false},"product_brand":[],"product_cat":[458],"product_tag":[],"class_list":{"0":"post-3722","1":"product","2":"type-product","3":"status-publish","4":"has-post-thumbnail","6":"product_cat-sem-categoria-fr","7":"setores-agriculture","8":"setores-industrie","9":"marcas-big-dutchman","10":"tipo_produto-equipements-pour-lhorticulture","12":"first","13":"instock","14":"shipping-taxable","15":"product-type-simple"},"acf":[],"yoast_head":"<!-- This site is optimized with the Yoast SEO plugin v25.2 - https:\/\/yoast.com\/wordpress\/plugins\/seo\/ -->\n<title>\u00c9quipements Pour l\u2019Horticulture Big Dutchman - Trevotech Group<\/title>\n<meta name=\"description\" content=\"Les \u00c9quipements Pour l\u2019Horticulture de Big Dutchman sont con\u00e7ues pour optimiser la croissance des plantes, maximiser les rendements et am\u00e9liorer la...\" \/>\n<meta name=\"robots\" content=\"index, follow, max-snippet:-1, max-image-preview:large, max-video-preview:-1\" \/>\n<link rel=\"canonical\" href=\"https:\/\/trevotech.com\/fr\/produto\/equipements-pour-lhorticulture\/\" \/>\n<meta property=\"og:locale\" content=\"fr_FR\" \/>\n<meta property=\"og:type\" content=\"article\" \/>\n<meta property=\"og:title\" content=\"\u00c9quipements Pour l\u2019Horticulture Big Dutchman - Trevotech Group\" \/>\n<meta property=\"og:description\" content=\"Les \u00c9quipements Pour l\u2019Horticulture de Big Dutchman sont con\u00e7ues pour optimiser la croissance des plantes, maximiser les rendements et am\u00e9liorer la...\" \/>\n<meta property=\"og:url\" content=\"https:\/\/trevotech.com\/fr\/produto\/equipements-pour-lhorticulture\/\" \/>\n<meta property=\"og:site_name\" content=\"Trevotech Group\" \/>\n<meta property=\"article:modified_time\" content=\"2025-08-05T09:09:25+00:00\" \/>\n<meta property=\"og:image\" content=\"https:\/\/trevotech.com\/wp-content\/uploads\/2024\/11\/BD-02.webp\" \/>\n\t<meta property=\"og:image:width\" content=\"1000\" \/>\n\t<meta property=\"og:image:height\" content=\"1000\" \/>\n\t<meta property=\"og:image:type\" content=\"image\/webp\" \/>\n<meta name=\"twitter:card\" content=\"summary_large_image\" \/>\n<meta name=\"twitter:label1\" content=\"Dur\u00e9e de lecture estim\u00e9e\" \/>\n\t<meta name=\"twitter:data1\" content=\"2 minutes\" \/>\n<script type=\"application\/ld+json\" class=\"yoast-schema-graph\">{\"@context\":\"https:\/\/schema.org\",\"@graph\":[{\"@type\":\"WebPage\",\"@id\":\"https:\/\/trevotech.com\/fr\/produto\/equipements-pour-lhorticulture\/\",\"url\":\"https:\/\/trevotech.com\/fr\/produto\/equipements-pour-lhorticulture\/\",\"name\":\"\u00c9quipements Pour l\u2019Horticulture Big Dutchman - Trevotech Group\",\"isPartOf\":{\"@id\":\"https:\/\/trevotech.com\/fr\/#website\"},\"primaryImageOfPage\":{\"@id\":\"https:\/\/trevotech.com\/fr\/produto\/equipements-pour-lhorticulture\/#primaryimage\"},\"image\":{\"@id\":\"https:\/\/trevotech.com\/fr\/produto\/equipements-pour-lhorticulture\/#primaryimage\"},\"thumbnailUrl\":\"https:\/\/trevotech.com\/wp-content\/uploads\/2024\/11\/BD-02.webp\",\"datePublished\":\"2024-11-06T10:42:38+00:00\",\"dateModified\":\"2025-08-05T09:09:25+00:00\",\"description\":\"Les \u00c9quipements Pour l\u2019Horticulture de Big Dutchman sont con\u00e7ues pour optimiser la croissance des plantes, maximiser les rendements et am\u00e9liorer la...\",\"breadcrumb\":{\"@id\":\"https:\/\/trevotech.com\/fr\/produto\/equipements-pour-lhorticulture\/#breadcrumb\"},\"inLanguage\":\"fr-FR\",\"potentialAction\":[{\"@type\":\"ReadAction\",\"target\":[\"https:\/\/trevotech.com\/fr\/produto\/equipements-pour-lhorticulture\/\"]}]},{\"@type\":\"ImageObject\",\"inLanguage\":\"fr-FR\",\"@id\":\"https:\/\/trevotech.com\/fr\/produto\/equipements-pour-lhorticulture\/#primaryimage\",\"url\":\"https:\/\/trevotech.com\/wp-content\/uploads\/2024\/11\/BD-02.webp\",\"contentUrl\":\"https:\/\/trevotech.com\/wp-content\/uploads\/2024\/11\/BD-02.webp\",\"width\":1000,\"height\":1000,\"caption\":\"Equipamentos para Horticultura\"},{\"@type\":\"BreadcrumbList\",\"@id\":\"https:\/\/trevotech.com\/fr\/produto\/equipements-pour-lhorticulture\/#breadcrumb\",\"itemListElement\":[{\"@type\":\"ListItem\",\"position\":1,\"name\":\"In\u00edcio\",\"item\":\"https:\/\/trevotech.com\/fr\/\"},{\"@type\":\"ListItem\",\"position\":2,\"name\":\"Produits\",\"item\":\"https:\/\/trevotech.com\/fr\/shop\/\"},{\"@type\":\"ListItem\",\"position\":3,\"name\":\"\u00c9quipements Pour l\u2019Horticulture\"}]},{\"@type\":\"WebSite\",\"@id\":\"https:\/\/trevotech.com\/fr\/#website\",\"url\":\"https:\/\/trevotech.com\/fr\/\",\"name\":\"Trevotech Group\",\"description\":\"\",\"potentialAction\":[{\"@type\":\"SearchAction\",\"target\":{\"@type\":\"EntryPoint\",\"urlTemplate\":\"https:\/\/trevotech.com\/fr\/?s={search_term_string}\"},\"query-input\":{\"@type\":\"PropertyValueSpecification\",\"valueRequired\":true,\"valueName\":\"search_term_string\"}}],\"inLanguage\":\"fr-FR\"}]}<\/script>\n<!-- \/ Yoast SEO plugin. -->","yoast_head_json":{"title":"\u00c9quipements Pour l\u2019Horticulture Big Dutchman - Trevotech Group","description":"Les \u00c9quipements Pour l\u2019Horticulture de Big Dutchman sont con\u00e7ues pour optimiser la croissance des plantes, maximiser les rendements et am\u00e9liorer la...","robots":{"index":"index","follow":"follow","max-snippet":"max-snippet:-1","max-image-preview":"max-image-preview:large","max-video-preview":"max-video-preview:-1"},"canonical":"https:\/\/trevotech.com\/fr\/produto\/equipements-pour-lhorticulture\/","og_locale":"fr_FR","og_type":"article","og_title":"\u00c9quipements Pour l\u2019Horticulture Big Dutchman - Trevotech Group","og_description":"Les \u00c9quipements Pour l\u2019Horticulture de Big Dutchman sont con\u00e7ues pour optimiser la croissance des plantes, maximiser les rendements et am\u00e9liorer la...","og_url":"https:\/\/trevotech.com\/fr\/produto\/equipements-pour-lhorticulture\/","og_site_name":"Trevotech Group","article_modified_time":"2025-08-05T09:09:25+00:00","og_image":[{"width":1000,"height":1000,"url":"https:\/\/trevotech.com\/wp-content\/uploads\/2024\/11\/BD-02.webp","type":"image\/webp"}],"twitter_card":"summary_large_image","twitter_misc":{"Dur\u00e9e de lecture estim\u00e9e":"2 minutes"},"schema":{"@context":"https:\/\/schema.org","@graph":[{"@type":"WebPage","@id":"https:\/\/trevotech.com\/fr\/produto\/equipements-pour-lhorticulture\/","url":"https:\/\/trevotech.com\/fr\/produto\/equipements-pour-lhorticulture\/","name":"\u00c9quipements Pour l\u2019Horticulture Big Dutchman - Trevotech Group","isPartOf":{"@id":"https:\/\/trevotech.com\/fr\/#website"},"primaryImageOfPage":{"@id":"https:\/\/trevotech.com\/fr\/produto\/equipements-pour-lhorticulture\/#primaryimage"},"image":{"@id":"https:\/\/trevotech.com\/fr\/produto\/equipements-pour-lhorticulture\/#primaryimage"},"thumbnailUrl":"https:\/\/trevotech.com\/wp-content\/uploads\/2024\/11\/BD-02.webp","datePublished":"2024-11-06T10:42:38+00:00","dateModified":"2025-08-05T09:09:25+00:00","description":"Les \u00c9quipements Pour l\u2019Horticulture de Big Dutchman sont con\u00e7ues pour optimiser la croissance des plantes, maximiser les rendements et am\u00e9liorer la...","breadcrumb":{"@id":"https:\/\/trevotech.com\/fr\/produto\/equipements-pour-lhorticulture\/#breadcrumb"},"inLanguage":"fr-FR","potentialAction":[{"@type":"ReadAction","target":["https:\/\/trevotech.com\/fr\/produto\/equipements-pour-lhorticulture\/"]}]},{"@type":"ImageObject","inLanguage":"fr-FR","@id":"https:\/\/trevotech.com\/fr\/produto\/equipements-pour-lhorticulture\/#primaryimage","url":"https:\/\/trevotech.com\/wp-content\/uploads\/2024\/11\/BD-02.webp","contentUrl":"https:\/\/trevotech.com\/wp-content\/uploads\/2024\/11\/BD-02.webp","width":1000,"height":1000,"caption":"Equipamentos para Horticultura"},{"@type":"BreadcrumbList","@id":"https:\/\/trevotech.com\/fr\/produto\/equipements-pour-lhorticulture\/#breadcrumb","itemListElement":[{"@type":"ListItem","position":1,"name":"In\u00edcio","item":"https:\/\/trevotech.com\/fr\/"},{"@type":"ListItem","position":2,"name":"Produits","item":"https:\/\/trevotech.com\/fr\/shop\/"},{"@type":"ListItem","position":3,"name":"\u00c9quipements Pour l\u2019Horticulture"}]},{"@type":"WebSite","@id":"https:\/\/trevotech.com\/fr\/#website","url":"https:\/\/trevotech.com\/fr\/","name":"Trevotech Group","description":"","potentialAction":[{"@type":"SearchAction","target":{"@type":"EntryPoint","urlTemplate":"https:\/\/trevotech.com\/fr\/?s={search_term_string}"},"query-input":{"@type":"PropertyValueSpecification","valueRequired":true,"valueName":"search_term_string"}}],"inLanguage":"fr-FR"}]}},"_links":{"self":[{"href":"https:\/\/trevotech.com\/fr\/wp-json\/wp\/v2\/product\/3722","targetHints":{"allow":["GET"]}}],"collection":[{"href":"https:\/\/trevotech.com\/fr\/wp-json\/wp\/v2\/product"}],"about":[{"href":"https:\/\/trevotech.com\/fr\/wp-json\/wp\/v2\/types\/product"}],"replies":[{"embeddable":true,"href":"https:\/\/trevotech.com\/fr\/wp-json\/wp\/v2\/comments?post=3722"}],"wp:featuredmedia":[{"embeddable":true,"href":"https:\/\/trevotech.com\/fr\/wp-json\/wp\/v2\/media\/3723"}],"wp:attachment":[{"href":"https:\/\/trevotech.com\/fr\/wp-json\/wp\/v2\/media?parent=3722"}],"wp:term":[{"taxonomy":"product_brand","embeddable":true,"href":"https:\/\/trevotech.com\/fr\/wp-json\/wp\/v2\/product_brand?post=3722"},{"taxonomy":"product_cat","embeddable":true,"href":"https:\/\/trevotech.com\/fr\/wp-json\/wp\/v2\/product_cat?post=3722"},{"taxonomy":"product_tag","embeddable":true,"href":"https:\/\/trevotech.com\/fr\/wp-json\/wp\/v2\/product_tag?post=3722"}],"curies":[{"name":"wp","href":"https:\/\/api.w.org\/{rel}","templated":true}]}}