{"id":3725,"date":"2024-11-06T10:39:12","date_gmt":"2024-11-06T10:39:12","guid":{"rendered":"https:\/\/trevotech.com\/produto\/equipamentos-para-criacao-de-insectos\/"},"modified":"2025-08-05T09:11:07","modified_gmt":"2025-08-05T09:11:07","slug":"equipements-pour-lelevage-dinsectes","status":"publish","type":"product","link":"https:\/\/trevotech.com\/fr\/produto\/equipements-pour-lelevage-dinsectes\/","title":{"rendered":"\u00c9quipements pour l\u2019\u00c9levage d\u2019Insectes"},"content":{"rendered":"<p><span style=\"font-weight: 400;\"><a href=\"https:\/\/trevotech.com\/fr\/marques\/big-dutchman-fr\/\">Big Dutchman<\/a> propose des \u00c9quipements pour l\u2019\u00c9levage d\u2019Insectes, offrant des solutions innovantes pour r\u00e9pondre \u00e0 la demande croissante en sources de prot\u00e9ines durables. Ses syst\u00e8mes incluent des technologies automatis\u00e9es d\u2019alimentation, de contr\u00f4le climatique et de r\u00e9colte, con\u00e7ues pour une culture efficace des insectes. Ax\u00e9es sur la durabilit\u00e9, les solutions de Big Dutchman cr\u00e9ent des conditions optimales pour la reproduction et la croissance, aidant les producteurs \u00e0 obtenir des prot\u00e9ines d\u2019insectes de haute qualit\u00e9 pour l\u2019alimentation animale, les animaux de compagnie, voire la consommation humaine. Les syst\u00e8mes sont con\u00e7us pour minimiser l\u2019utilisation des ressources, r\u00e9duire les d\u00e9chets et maximiser la production, contribuant ainsi \u00e0 un syst\u00e8me agricole plus circulaire et \u00e9cologique. En offrant un contr\u00f4le pr\u00e9cis sur les facteurs environnementaux tels que la temp\u00e9rature, l\u2019humidit\u00e9 et la circulation de l\u2019air, Big Dutchman garantit une productivit\u00e9 optimale et soutient le d\u00e9veloppement de l\u2019industrie de la production d\u2019insectes, en r\u00e9ponse aux d\u00e9fis futurs de la s\u00e9curit\u00e9 alimentaire.<\/span><\/p>\n<p><span style=\"font-weight: 400;\"><br \/>\nBig Dutchman propose des \u00c9quipements pour l\u2019\u00c9levage d\u2019Insectes, offrant des solutions innovantes pour r\u00e9pondre \u00e0 la demande croissante en sources de prot\u00e9ines durables. Ses syst\u00e8mes incluent des technologies automatis\u00e9es d\u2019alimentation, de contr\u00f4le climatique et de r\u00e9colte, con\u00e7ues pour une culture efficace des insectes. Ax\u00e9es sur la durabilit\u00e9, les solutions de Big Dutchman cr\u00e9ent des conditions optimales pour la reproduction et la croissance, aidant les producteurs \u00e0 obtenir des prot\u00e9ines d\u2019insectes de haute qualit\u00e9 pour l\u2019alimentation animale, les animaux de compagnie, voire la consommation humaine. Les syst\u00e8mes sont con\u00e7us pour minimiser l\u2019utilisation des ressources, r\u00e9duire les d\u00e9chets et maximiser la production, contribuant ainsi \u00e0 un syst\u00e8me agricole plus circulaire et \u00e9cologique. En offrant un contr\u00f4le pr\u00e9cis sur les facteurs environnementaux tels que la temp\u00e9rature, l\u2019humidit\u00e9 et la circulation de l\u2019air, Big Dutchman garantit une productivit\u00e9 optimale et soutient le d\u00e9veloppement de l\u2019industrie de la production d\u2019insectes, en r\u00e9ponse aux d\u00e9fis futurs de la s\u00e9curit\u00e9 alimentaire.<\/span><\/p>\n","protected":false},"excerpt":{"rendered":"<p><span style=\"font-weight: 400;\">Big Dutchman propose des \u00c9quipements pour l\u2019\u00c9levage d\u2019Insectes, offrant des solutions innovantes pour r\u00e9pondre \u00e0 la demande croissante en sources de prot\u00e9ines durables. Ses syst\u00e8mes incluent des technologies automatis\u00e9es d\u2019alimentation, de contr\u00f4le climatique et de r\u00e9colte, con\u00e7ues pour une culture efficace des insectes. Ax\u00e9es sur la durabilit\u00e9, les solutions de Big Dutchman cr\u00e9ent des conditions optimales pour la reproduction et la croissance, aidant les producteurs \u00e0 obtenir des prot\u00e9ines d\u2019insectes de haute qualit\u00e9 pour l\u2019alimentation animale, les animaux de compagnie, voire la consommation humaine. Les syst\u00e8mes sont con\u00e7us pour minimiser l\u2019utilisation des ressources, r\u00e9duire les d\u00e9chets et maximiser la production, contribuant ainsi \u00e0 un syst\u00e8me agricole plus circulaire et \u00e9cologique. En offrant un contr\u00f4le pr\u00e9cis sur les facteurs environnementaux tels que la temp\u00e9rature, l\u2019humidit\u00e9 et la circulation de l\u2019air, Big Dutchman garantit une productivit\u00e9 optimale et soutient le d\u00e9veloppement de l\u2019industrie de la production d\u2019insectes, en r\u00e9ponse aux d\u00e9fis futurs de la s\u00e9curit\u00e9 alimentaire.<\/span><\/p>\n","protected":false},"featured_media":3726,"comment_status":"open","ping_status":"closed","template":"","meta":{"_acf_changed":false},"product_brand":[],"product_cat":[458],"product_tag":[],"class_list":{"0":"post-3725","1":"product","2":"type-product","3":"status-publish","4":"has-post-thumbnail","6":"product_cat-sem-categoria-fr","7":"setores-agriculture","8":"setores-industrie","9":"marcas-big-dutchman","10":"tipo_produto-equipements-pour-lelevage-dinsectes","12":"first","13":"instock","14":"shipping-taxable","15":"product-type-simple"},"acf":[],"yoast_head":"<!-- This site is optimized with the Yoast SEO plugin v25.2 - https:\/\/yoast.com\/wordpress\/plugins\/seo\/ -->\n<title>\u00c9quipements pour l\u2019\u00c9levage d\u2019Insectes Big Dutchman - Trevotech Group<\/title>\n<meta name=\"description\" content=\"Big Dutchman propose des \u00c9quipements pour l\u2019\u00c9levage d\u2019Insectes, offrant des solutions innovantes pour r\u00e9pondre \u00e0 la demande...\" \/>\n<meta name=\"robots\" content=\"index, follow, max-snippet:-1, max-image-preview:large, max-video-preview:-1\" \/>\n<link rel=\"canonical\" href=\"https:\/\/trevotech.com\/fr\/produto\/equipements-pour-lelevage-dinsectes\/\" \/>\n<meta property=\"og:locale\" content=\"fr_FR\" \/>\n<meta property=\"og:type\" content=\"article\" \/>\n<meta property=\"og:title\" content=\"\u00c9quipements pour l\u2019\u00c9levage d\u2019Insectes Big Dutchman - Trevotech Group\" \/>\n<meta property=\"og:description\" content=\"Big Dutchman propose des \u00c9quipements pour l\u2019\u00c9levage d\u2019Insectes, offrant des solutions innovantes pour r\u00e9pondre \u00e0 la demande...\" \/>\n<meta property=\"og:url\" content=\"https:\/\/trevotech.com\/fr\/produto\/equipements-pour-lelevage-dinsectes\/\" \/>\n<meta property=\"og:site_name\" content=\"Trevotech Group\" \/>\n<meta property=\"article:modified_time\" content=\"2025-08-05T09:11:07+00:00\" \/>\n<meta property=\"og:image\" content=\"https:\/\/trevotech.com\/wp-content\/uploads\/2024\/11\/BD-04.webp\" \/>\n\t<meta property=\"og:image:width\" content=\"1000\" \/>\n\t<meta property=\"og:image:height\" content=\"1000\" \/>\n\t<meta property=\"og:image:type\" content=\"image\/webp\" \/>\n<meta name=\"twitter:card\" content=\"summary_large_image\" \/>\n<meta name=\"twitter:label1\" content=\"Dur\u00e9e de lecture estim\u00e9e\" \/>\n\t<meta name=\"twitter:data1\" content=\"2 minutes\" \/>\n<script type=\"application\/ld+json\" class=\"yoast-schema-graph\">{\"@context\":\"https:\/\/schema.org\",\"@graph\":[{\"@type\":\"WebPage\",\"@id\":\"https:\/\/trevotech.com\/fr\/produto\/equipements-pour-lelevage-dinsectes\/\",\"url\":\"https:\/\/trevotech.com\/fr\/produto\/equipements-pour-lelevage-dinsectes\/\",\"name\":\"\u00c9quipements pour l\u2019\u00c9levage d\u2019Insectes Big Dutchman - Trevotech Group\",\"isPartOf\":{\"@id\":\"https:\/\/trevotech.com\/fr\/#website\"},\"primaryImageOfPage\":{\"@id\":\"https:\/\/trevotech.com\/fr\/produto\/equipements-pour-lelevage-dinsectes\/#primaryimage\"},\"image\":{\"@id\":\"https:\/\/trevotech.com\/fr\/produto\/equipements-pour-lelevage-dinsectes\/#primaryimage\"},\"thumbnailUrl\":\"https:\/\/trevotech.com\/wp-content\/uploads\/2024\/11\/BD-04.webp\",\"datePublished\":\"2024-11-06T10:39:12+00:00\",\"dateModified\":\"2025-08-05T09:11:07+00:00\",\"description\":\"Big Dutchman propose des \u00c9quipements pour l\u2019\u00c9levage d\u2019Insectes, offrant des solutions innovantes pour r\u00e9pondre \u00e0 la demande...\",\"breadcrumb\":{\"@id\":\"https:\/\/trevotech.com\/fr\/produto\/equipements-pour-lelevage-dinsectes\/#breadcrumb\"},\"inLanguage\":\"fr-FR\",\"potentialAction\":[{\"@type\":\"ReadAction\",\"target\":[\"https:\/\/trevotech.com\/fr\/produto\/equipements-pour-lelevage-dinsectes\/\"]}]},{\"@type\":\"ImageObject\",\"inLanguage\":\"fr-FR\",\"@id\":\"https:\/\/trevotech.com\/fr\/produto\/equipements-pour-lelevage-dinsectes\/#primaryimage\",\"url\":\"https:\/\/trevotech.com\/wp-content\/uploads\/2024\/11\/BD-04.webp\",\"contentUrl\":\"https:\/\/trevotech.com\/wp-content\/uploads\/2024\/11\/BD-04.webp\",\"width\":1000,\"height\":1000,\"caption\":\"Equipamentos para Cria\u00e7\u00e3o de Insectos\"},{\"@type\":\"BreadcrumbList\",\"@id\":\"https:\/\/trevotech.com\/fr\/produto\/equipements-pour-lelevage-dinsectes\/#breadcrumb\",\"itemListElement\":[{\"@type\":\"ListItem\",\"position\":1,\"name\":\"In\u00edcio\",\"item\":\"https:\/\/trevotech.com\/fr\/\"},{\"@type\":\"ListItem\",\"position\":2,\"name\":\"Produits\",\"item\":\"https:\/\/trevotech.com\/fr\/shop\/\"},{\"@type\":\"ListItem\",\"position\":3,\"name\":\"\u00c9quipements pour l\u2019\u00c9levage d\u2019Insectes\"}]},{\"@type\":\"WebSite\",\"@id\":\"https:\/\/trevotech.com\/fr\/#website\",\"url\":\"https:\/\/trevotech.com\/fr\/\",\"name\":\"Trevotech Group\",\"description\":\"\",\"potentialAction\":[{\"@type\":\"SearchAction\",\"target\":{\"@type\":\"EntryPoint\",\"urlTemplate\":\"https:\/\/trevotech.com\/fr\/?s={search_term_string}\"},\"query-input\":{\"@type\":\"PropertyValueSpecification\",\"valueRequired\":true,\"valueName\":\"search_term_string\"}}],\"inLanguage\":\"fr-FR\"}]}<\/script>\n<!-- \/ Yoast SEO plugin. -->","yoast_head_json":{"title":"\u00c9quipements pour l\u2019\u00c9levage d\u2019Insectes Big Dutchman - Trevotech Group","description":"Big Dutchman propose des \u00c9quipements pour l\u2019\u00c9levage d\u2019Insectes, offrant des solutions innovantes pour r\u00e9pondre \u00e0 la demande...","robots":{"index":"index","follow":"follow","max-snippet":"max-snippet:-1","max-image-preview":"max-image-preview:large","max-video-preview":"max-video-preview:-1"},"canonical":"https:\/\/trevotech.com\/fr\/produto\/equipements-pour-lelevage-dinsectes\/","og_locale":"fr_FR","og_type":"article","og_title":"\u00c9quipements pour l\u2019\u00c9levage d\u2019Insectes Big Dutchman - Trevotech Group","og_description":"Big Dutchman propose des \u00c9quipements pour l\u2019\u00c9levage d\u2019Insectes, offrant des solutions innovantes pour r\u00e9pondre \u00e0 la demande...","og_url":"https:\/\/trevotech.com\/fr\/produto\/equipements-pour-lelevage-dinsectes\/","og_site_name":"Trevotech Group","article_modified_time":"2025-08-05T09:11:07+00:00","og_image":[{"width":1000,"height":1000,"url":"https:\/\/trevotech.com\/wp-content\/uploads\/2024\/11\/BD-04.webp","type":"image\/webp"}],"twitter_card":"summary_large_image","twitter_misc":{"Dur\u00e9e de lecture estim\u00e9e":"2 minutes"},"schema":{"@context":"https:\/\/schema.org","@graph":[{"@type":"WebPage","@id":"https:\/\/trevotech.com\/fr\/produto\/equipements-pour-lelevage-dinsectes\/","url":"https:\/\/trevotech.com\/fr\/produto\/equipements-pour-lelevage-dinsectes\/","name":"\u00c9quipements pour l\u2019\u00c9levage d\u2019Insectes Big Dutchman - Trevotech Group","isPartOf":{"@id":"https:\/\/trevotech.com\/fr\/#website"},"primaryImageOfPage":{"@id":"https:\/\/trevotech.com\/fr\/produto\/equipements-pour-lelevage-dinsectes\/#primaryimage"},"image":{"@id":"https:\/\/trevotech.com\/fr\/produto\/equipements-pour-lelevage-dinsectes\/#primaryimage"},"thumbnailUrl":"https:\/\/trevotech.com\/wp-content\/uploads\/2024\/11\/BD-04.webp","datePublished":"2024-11-06T10:39:12+00:00","dateModified":"2025-08-05T09:11:07+00:00","description":"Big Dutchman propose des \u00c9quipements pour l\u2019\u00c9levage d\u2019Insectes, offrant des solutions innovantes pour r\u00e9pondre \u00e0 la demande...","breadcrumb":{"@id":"https:\/\/trevotech.com\/fr\/produto\/equipements-pour-lelevage-dinsectes\/#breadcrumb"},"inLanguage":"fr-FR","potentialAction":[{"@type":"ReadAction","target":["https:\/\/trevotech.com\/fr\/produto\/equipements-pour-lelevage-dinsectes\/"]}]},{"@type":"ImageObject","inLanguage":"fr-FR","@id":"https:\/\/trevotech.com\/fr\/produto\/equipements-pour-lelevage-dinsectes\/#primaryimage","url":"https:\/\/trevotech.com\/wp-content\/uploads\/2024\/11\/BD-04.webp","contentUrl":"https:\/\/trevotech.com\/wp-content\/uploads\/2024\/11\/BD-04.webp","width":1000,"height":1000,"caption":"Equipamentos para Cria\u00e7\u00e3o de Insectos"},{"@type":"BreadcrumbList","@id":"https:\/\/trevotech.com\/fr\/produto\/equipements-pour-lelevage-dinsectes\/#breadcrumb","itemListElement":[{"@type":"ListItem","position":1,"name":"In\u00edcio","item":"https:\/\/trevotech.com\/fr\/"},{"@type":"ListItem","position":2,"name":"Produits","item":"https:\/\/trevotech.com\/fr\/shop\/"},{"@type":"ListItem","position":3,"name":"\u00c9quipements pour l\u2019\u00c9levage d\u2019Insectes"}]},{"@type":"WebSite","@id":"https:\/\/trevotech.com\/fr\/#website","url":"https:\/\/trevotech.com\/fr\/","name":"Trevotech Group","description":"","potentialAction":[{"@type":"SearchAction","target":{"@type":"EntryPoint","urlTemplate":"https:\/\/trevotech.com\/fr\/?s={search_term_string}"},"query-input":{"@type":"PropertyValueSpecification","valueRequired":true,"valueName":"search_term_string"}}],"inLanguage":"fr-FR"}]}},"_links":{"self":[{"href":"https:\/\/trevotech.com\/fr\/wp-json\/wp\/v2\/product\/3725","targetHints":{"allow":["GET"]}}],"collection":[{"href":"https:\/\/trevotech.com\/fr\/wp-json\/wp\/v2\/product"}],"about":[{"href":"https:\/\/trevotech.com\/fr\/wp-json\/wp\/v2\/types\/product"}],"replies":[{"embeddable":true,"href":"https:\/\/trevotech.com\/fr\/wp-json\/wp\/v2\/comments?post=3725"}],"wp:featuredmedia":[{"embeddable":true,"href":"https:\/\/trevotech.com\/fr\/wp-json\/wp\/v2\/media\/3726"}],"wp:attachment":[{"href":"https:\/\/trevotech.com\/fr\/wp-json\/wp\/v2\/media?parent=3725"}],"wp:term":[{"taxonomy":"product_brand","embeddable":true,"href":"https:\/\/trevotech.com\/fr\/wp-json\/wp\/v2\/product_brand?post=3725"},{"taxonomy":"product_cat","embeddable":true,"href":"https:\/\/trevotech.com\/fr\/wp-json\/wp\/v2\/product_cat?post=3725"},{"taxonomy":"product_tag","embeddable":true,"href":"https:\/\/trevotech.com\/fr\/wp-json\/wp\/v2\/product_tag?post=3725"}],"curies":[{"name":"wp","href":"https:\/\/api.w.org\/{rel}","templated":true}]}}