{"id":3728,"date":"2024-11-06T12:08:06","date_gmt":"2024-11-06T12:08:06","guid":{"rendered":"https:\/\/trevotech.com\/produto\/carros-classicos\/"},"modified":"2025-08-05T09:13:54","modified_gmt":"2025-08-05T09:13:54","slug":"brabus-vehicules-classiques","status":"publish","type":"product","link":"https:\/\/trevotech.com\/fr\/produto\/brabus-vehicules-classiques\/","title":{"rendered":"Brabus V\u00e9hicules Classiques"},"content":{"rendered":"<p><span style=\"font-weight: 400;\">La Mercedes-Benz 280 SL Pagoda V\u00e9hicules classiques est une ic\u00f4ne intemporelle de l\u2019\u00e9l\u00e9gance automobile, combinant design classique, performance raffin\u00e9e et sophistication qui transcende les g\u00e9n\u00e9rations.<\/span><\/p>\n<p><span style=\"font-weight: 400;\">La gamme Classic de Brabus rend hommage \u00e0 la perfection intemporelle, redonnant vie aux v\u00e9hicules classiques de Mercedes-Benz avec un niveau in\u00e9gal\u00e9 de restauration et de personnalisation. Chaque v\u00e9hicule est minutieusement restaur\u00e9 dans son \u00e9tat d\u2019origine, avec une attention extr\u00eame port\u00e9e \u00e0 chaque d\u00e9tail, des finitions artisanales \u00e0 la pr\u00e9cision m\u00e9canique. Brabus ne se contente pas de redonner leur gloire pass\u00e9e aux mod\u00e8les iconiques, elle les modernise discr\u00e8tement avec des technologies contemporaines pour garantir une exp\u00e9rience de conduite fiable et confortable. Alliant tradition, exclusivit\u00e9 et excellence, la gamme Classic de Brabus transforme les voitures historiques en v\u00e9ritables \u0153uvres d\u2019art, c\u00e9l\u00e9brant \u00e0 la fois le pass\u00e9 et l\u2019avenir de l\u2019ing\u00e9nierie automobile.<\/span><\/p>\n<p><span style=\"font-weight: 400;\">La Mercedes-Benz 280 SL Pagoda V\u00e9hicules classiques est une ic\u00f4ne intemporelle de l\u2019\u00e9l\u00e9gance automobile, combinant design classique, performance raffin\u00e9e et sophistication qui transcende les g\u00e9n\u00e9rations.<\/span><\/p>\n<p><span style=\"font-weight: 400;\">La gamme Classic de <a href=\"https:\/\/trevotech.com\/fr\/marques\/brabus-fr\/\">Brabus<\/a> rend hommage \u00e0 la perfection intemporelle, redonnant vie aux v\u00e9hicules classiques de Mercedes-Benz avec un niveau in\u00e9gal\u00e9 de restauration et de personnalisation. Chaque v\u00e9hicule est minutieusement restaur\u00e9 dans son \u00e9tat d\u2019origine, avec une attention extr\u00eame port\u00e9e \u00e0 chaque d\u00e9tail, des finitions artisanales \u00e0 la pr\u00e9cision m\u00e9canique. Brabus ne se contente pas de redonner leur gloire pass\u00e9e aux mod\u00e8les iconiques, elle les modernise discr\u00e8tement avec des technologies contemporaines pour garantir une exp\u00e9rience de conduite fiable et confortable. Alliant tradition, exclusivit\u00e9 et excellence, la gamme Classic de Brabus transforme les voitures historiques en v\u00e9ritables \u0153uvres d\u2019art, c\u00e9l\u00e9brant \u00e0 la fois le pass\u00e9 et l\u2019avenir de l\u2019ing\u00e9nierie automobile.<\/span><\/p>\n","protected":false},"excerpt":{"rendered":"<p><span style=\"font-weight: 400;\">La Mercedes-Benz 280 SL Pagoda est une ic\u00f4ne intemporelle de l\u2019\u00e9l\u00e9gance automobile, combinant design classique, performance raffin\u00e9e et sophistication qui transcende les g\u00e9n\u00e9rations.<\/span><\/p>\n<p><span style=\"font-weight: 400;\">La gamme Classic de Brabus rend hommage \u00e0 la perfection intemporelle, redonnant vie aux v\u00e9hicules classiques de Mercedes-Benz avec un niveau in\u00e9gal\u00e9 de restauration et de personnalisation. Chaque v\u00e9hicule est minutieusement restaur\u00e9 dans son \u00e9tat d\u2019origine, avec une attention extr\u00eame port\u00e9e \u00e0 chaque d\u00e9tail, des finitions artisanales \u00e0 la pr\u00e9cision m\u00e9canique. Brabus ne se contente pas de redonner leur gloire pass\u00e9e aux mod\u00e8les iconiques, elle les modernise discr\u00e8tement avec des technologies contemporaines pour garantir une exp\u00e9rience de conduite fiable et confortable. Alliant tradition, exclusivit\u00e9 et excellence, la gamme Classic de Brabus transforme les voitures historiques en v\u00e9ritables \u0153uvres d\u2019art, c\u00e9l\u00e9brant \u00e0 la fois le pass\u00e9 et l\u2019avenir de l\u2019ing\u00e9nierie automobile.<\/span><\/p>\n","protected":false},"featured_media":3729,"comment_status":"open","ping_status":"closed","template":"","meta":{"_acf_changed":false},"product_brand":[],"product_cat":[458],"product_tag":[],"class_list":{"0":"post-3728","1":"product","2":"type-product","3":"status-publish","4":"has-post-thumbnail","6":"product_cat-sem-categoria-fr","7":"setores-automobile","8":"setores-transport-et-logistique","9":"marcas-brabus","10":"tipo_produto-brabus-vehicules-classiques","12":"first","13":"instock","14":"shipping-taxable","15":"product-type-simple"},"acf":[],"yoast_head":"<!-- This site is optimized with the Yoast SEO plugin v25.2 - https:\/\/yoast.com\/wordpress\/plugins\/seo\/ -->\n<title>Brabus V\u00e9hicules Classiques - Trevotech Group<\/title>\n<meta name=\"description\" content=\"La Mercedes-Benz 280 SL Pagoda V\u00e9hicules classiques est une ic\u00f4ne intemporelle de l\u2019\u00e9l\u00e9gance automobile, combinant design classique, performance raffin\u00e9e...\" \/>\n<meta name=\"robots\" content=\"index, follow, max-snippet:-1, max-image-preview:large, max-video-preview:-1\" \/>\n<link rel=\"canonical\" href=\"https:\/\/trevotech.com\/fr\/produto\/brabus-vehicules-classiques\/\" \/>\n<meta property=\"og:locale\" content=\"fr_FR\" \/>\n<meta property=\"og:type\" content=\"article\" \/>\n<meta property=\"og:title\" content=\"Brabus V\u00e9hicules Classiques - Trevotech Group\" \/>\n<meta property=\"og:description\" content=\"La Mercedes-Benz 280 SL Pagoda V\u00e9hicules classiques est une ic\u00f4ne intemporelle de l\u2019\u00e9l\u00e9gance automobile, combinant design classique, performance raffin\u00e9e...\" \/>\n<meta property=\"og:url\" content=\"https:\/\/trevotech.com\/fr\/produto\/brabus-vehicules-classiques\/\" \/>\n<meta property=\"og:site_name\" content=\"Trevotech Group\" \/>\n<meta property=\"article:modified_time\" content=\"2025-08-05T09:13:54+00:00\" \/>\n<meta property=\"og:image\" content=\"https:\/\/trevotech.com\/wp-content\/uploads\/2024\/11\/brabus-05.webp\" \/>\n\t<meta property=\"og:image:width\" content=\"1000\" \/>\n\t<meta property=\"og:image:height\" content=\"1000\" \/>\n\t<meta property=\"og:image:type\" content=\"image\/webp\" \/>\n<meta name=\"twitter:card\" content=\"summary_large_image\" \/>\n<meta name=\"twitter:label1\" content=\"Dur\u00e9e de lecture estim\u00e9e\" \/>\n\t<meta name=\"twitter:data1\" content=\"2 minutes\" \/>\n<script type=\"application\/ld+json\" class=\"yoast-schema-graph\">{\"@context\":\"https:\/\/schema.org\",\"@graph\":[{\"@type\":\"WebPage\",\"@id\":\"https:\/\/trevotech.com\/fr\/produto\/brabus-vehicules-classiques\/\",\"url\":\"https:\/\/trevotech.com\/fr\/produto\/brabus-vehicules-classiques\/\",\"name\":\"Brabus V\u00e9hicules Classiques - Trevotech Group\",\"isPartOf\":{\"@id\":\"https:\/\/trevotech.com\/fr\/#website\"},\"primaryImageOfPage\":{\"@id\":\"https:\/\/trevotech.com\/fr\/produto\/brabus-vehicules-classiques\/#primaryimage\"},\"image\":{\"@id\":\"https:\/\/trevotech.com\/fr\/produto\/brabus-vehicules-classiques\/#primaryimage\"},\"thumbnailUrl\":\"https:\/\/trevotech.com\/wp-content\/uploads\/2024\/11\/brabus-05.webp\",\"datePublished\":\"2024-11-06T12:08:06+00:00\",\"dateModified\":\"2025-08-05T09:13:54+00:00\",\"description\":\"La Mercedes-Benz 280 SL Pagoda V\u00e9hicules classiques est une ic\u00f4ne intemporelle de l\u2019\u00e9l\u00e9gance automobile, combinant design classique, performance raffin\u00e9e...\",\"breadcrumb\":{\"@id\":\"https:\/\/trevotech.com\/fr\/produto\/brabus-vehicules-classiques\/#breadcrumb\"},\"inLanguage\":\"fr-FR\",\"potentialAction\":[{\"@type\":\"ReadAction\",\"target\":[\"https:\/\/trevotech.com\/fr\/produto\/brabus-vehicules-classiques\/\"]}]},{\"@type\":\"ImageObject\",\"inLanguage\":\"fr-FR\",\"@id\":\"https:\/\/trevotech.com\/fr\/produto\/brabus-vehicules-classiques\/#primaryimage\",\"url\":\"https:\/\/trevotech.com\/wp-content\/uploads\/2024\/11\/brabus-05.webp\",\"contentUrl\":\"https:\/\/trevotech.com\/wp-content\/uploads\/2024\/11\/brabus-05.webp\",\"width\":1000,\"height\":1000,\"caption\":\"Carros Cl\u00e1ssicos\"},{\"@type\":\"BreadcrumbList\",\"@id\":\"https:\/\/trevotech.com\/fr\/produto\/brabus-vehicules-classiques\/#breadcrumb\",\"itemListElement\":[{\"@type\":\"ListItem\",\"position\":1,\"name\":\"In\u00edcio\",\"item\":\"https:\/\/trevotech.com\/fr\/\"},{\"@type\":\"ListItem\",\"position\":2,\"name\":\"Produits\",\"item\":\"https:\/\/trevotech.com\/fr\/shop\/\"},{\"@type\":\"ListItem\",\"position\":3,\"name\":\"Brabus V\u00e9hicules Classiques\"}]},{\"@type\":\"WebSite\",\"@id\":\"https:\/\/trevotech.com\/fr\/#website\",\"url\":\"https:\/\/trevotech.com\/fr\/\",\"name\":\"Trevotech Group\",\"description\":\"\",\"potentialAction\":[{\"@type\":\"SearchAction\",\"target\":{\"@type\":\"EntryPoint\",\"urlTemplate\":\"https:\/\/trevotech.com\/fr\/?s={search_term_string}\"},\"query-input\":{\"@type\":\"PropertyValueSpecification\",\"valueRequired\":true,\"valueName\":\"search_term_string\"}}],\"inLanguage\":\"fr-FR\"}]}<\/script>\n<!-- \/ Yoast SEO plugin. -->","yoast_head_json":{"title":"Brabus V\u00e9hicules Classiques - Trevotech Group","description":"La Mercedes-Benz 280 SL Pagoda V\u00e9hicules classiques est une ic\u00f4ne intemporelle de l\u2019\u00e9l\u00e9gance automobile, combinant design classique, performance raffin\u00e9e...","robots":{"index":"index","follow":"follow","max-snippet":"max-snippet:-1","max-image-preview":"max-image-preview:large","max-video-preview":"max-video-preview:-1"},"canonical":"https:\/\/trevotech.com\/fr\/produto\/brabus-vehicules-classiques\/","og_locale":"fr_FR","og_type":"article","og_title":"Brabus V\u00e9hicules Classiques - Trevotech Group","og_description":"La Mercedes-Benz 280 SL Pagoda V\u00e9hicules classiques est une ic\u00f4ne intemporelle de l\u2019\u00e9l\u00e9gance automobile, combinant design classique, performance raffin\u00e9e...","og_url":"https:\/\/trevotech.com\/fr\/produto\/brabus-vehicules-classiques\/","og_site_name":"Trevotech Group","article_modified_time":"2025-08-05T09:13:54+00:00","og_image":[{"width":1000,"height":1000,"url":"https:\/\/trevotech.com\/wp-content\/uploads\/2024\/11\/brabus-05.webp","type":"image\/webp"}],"twitter_card":"summary_large_image","twitter_misc":{"Dur\u00e9e de lecture estim\u00e9e":"2 minutes"},"schema":{"@context":"https:\/\/schema.org","@graph":[{"@type":"WebPage","@id":"https:\/\/trevotech.com\/fr\/produto\/brabus-vehicules-classiques\/","url":"https:\/\/trevotech.com\/fr\/produto\/brabus-vehicules-classiques\/","name":"Brabus V\u00e9hicules Classiques - Trevotech Group","isPartOf":{"@id":"https:\/\/trevotech.com\/fr\/#website"},"primaryImageOfPage":{"@id":"https:\/\/trevotech.com\/fr\/produto\/brabus-vehicules-classiques\/#primaryimage"},"image":{"@id":"https:\/\/trevotech.com\/fr\/produto\/brabus-vehicules-classiques\/#primaryimage"},"thumbnailUrl":"https:\/\/trevotech.com\/wp-content\/uploads\/2024\/11\/brabus-05.webp","datePublished":"2024-11-06T12:08:06+00:00","dateModified":"2025-08-05T09:13:54+00:00","description":"La Mercedes-Benz 280 SL Pagoda V\u00e9hicules classiques est une ic\u00f4ne intemporelle de l\u2019\u00e9l\u00e9gance automobile, combinant design classique, performance raffin\u00e9e...","breadcrumb":{"@id":"https:\/\/trevotech.com\/fr\/produto\/brabus-vehicules-classiques\/#breadcrumb"},"inLanguage":"fr-FR","potentialAction":[{"@type":"ReadAction","target":["https:\/\/trevotech.com\/fr\/produto\/brabus-vehicules-classiques\/"]}]},{"@type":"ImageObject","inLanguage":"fr-FR","@id":"https:\/\/trevotech.com\/fr\/produto\/brabus-vehicules-classiques\/#primaryimage","url":"https:\/\/trevotech.com\/wp-content\/uploads\/2024\/11\/brabus-05.webp","contentUrl":"https:\/\/trevotech.com\/wp-content\/uploads\/2024\/11\/brabus-05.webp","width":1000,"height":1000,"caption":"Carros Cl\u00e1ssicos"},{"@type":"BreadcrumbList","@id":"https:\/\/trevotech.com\/fr\/produto\/brabus-vehicules-classiques\/#breadcrumb","itemListElement":[{"@type":"ListItem","position":1,"name":"In\u00edcio","item":"https:\/\/trevotech.com\/fr\/"},{"@type":"ListItem","position":2,"name":"Produits","item":"https:\/\/trevotech.com\/fr\/shop\/"},{"@type":"ListItem","position":3,"name":"Brabus V\u00e9hicules Classiques"}]},{"@type":"WebSite","@id":"https:\/\/trevotech.com\/fr\/#website","url":"https:\/\/trevotech.com\/fr\/","name":"Trevotech Group","description":"","potentialAction":[{"@type":"SearchAction","target":{"@type":"EntryPoint","urlTemplate":"https:\/\/trevotech.com\/fr\/?s={search_term_string}"},"query-input":{"@type":"PropertyValueSpecification","valueRequired":true,"valueName":"search_term_string"}}],"inLanguage":"fr-FR"}]}},"_links":{"self":[{"href":"https:\/\/trevotech.com\/fr\/wp-json\/wp\/v2\/product\/3728","targetHints":{"allow":["GET"]}}],"collection":[{"href":"https:\/\/trevotech.com\/fr\/wp-json\/wp\/v2\/product"}],"about":[{"href":"https:\/\/trevotech.com\/fr\/wp-json\/wp\/v2\/types\/product"}],"replies":[{"embeddable":true,"href":"https:\/\/trevotech.com\/fr\/wp-json\/wp\/v2\/comments?post=3728"}],"wp:featuredmedia":[{"embeddable":true,"href":"https:\/\/trevotech.com\/fr\/wp-json\/wp\/v2\/media\/3729"}],"wp:attachment":[{"href":"https:\/\/trevotech.com\/fr\/wp-json\/wp\/v2\/media?parent=3728"}],"wp:term":[{"taxonomy":"product_brand","embeddable":true,"href":"https:\/\/trevotech.com\/fr\/wp-json\/wp\/v2\/product_brand?post=3728"},{"taxonomy":"product_cat","embeddable":true,"href":"https:\/\/trevotech.com\/fr\/wp-json\/wp\/v2\/product_cat?post=3728"},{"taxonomy":"product_tag","embeddable":true,"href":"https:\/\/trevotech.com\/fr\/wp-json\/wp\/v2\/product_tag?post=3728"}],"curies":[{"name":"wp","href":"https:\/\/api.w.org\/{rel}","templated":true}]}}