{"id":3731,"date":"2024-11-06T12:00:55","date_gmt":"2024-11-06T12:00:55","guid":{"rendered":"https:\/\/trevotech.com\/produto\/brabus-x-class\/"},"modified":"2025-08-05T09:27:25","modified_gmt":"2025-08-05T09:27:25","slug":"tuning-brabus-x-class","status":"publish","type":"product","link":"https:\/\/trevotech.com\/fr\/produto\/tuning-brabus-x-class\/","title":{"rendered":"Brabus X-Class"},"content":{"rendered":"<p><span style=\"font-weight: 400;\">La Brabus X-Class transforme la robustesse du Mercedes-Benz X-Class en une ic\u00f4ne de luxe et de performance, avec un design exclusif, une puissance renforc\u00e9e et des d\u00e9tails personnalis\u00e9s qui red\u00e9finissent l\u2019\u00e9l\u00e9gance dans le segment des pickups.<\/span><\/p>\n<p><span style=\"font-weight: 400;\">La gamme Tuning de Brabus est le choix ultime pour transformer des v\u00e9hicules haut de gamme en v\u00e9ritables chefs-d\u2019\u0153uvre de performance et de style. Reconnue dans le monde entier pour son excellence, Brabus \u00e9l\u00e8ve les v\u00e9hicules d\u00e9j\u00e0 embl\u00e9matiques \u00e0 un niveau sup\u00e9rieur, avec des am\u00e9liorations allant de moteurs ultra-performants, pouvant atteindre jusqu\u2019\u00e0 900 ch, \u00e0 des kits a\u00e9rodynamiques alliant fonctionnalit\u00e9 et design audacieux. Chaque d\u00e9tail est soigneusement ajust\u00e9, des syst\u00e8mes d\u2019\u00e9chappement sportifs aux suspensions optimis\u00e9es, garantissant une conduite dynamique et pr\u00e9cise. L\u2019int\u00e9rieur b\u00e9n\u00e9ficie du m\u00eame traitement de luxe, avec des finitions sur mesure en cuir premium, des d\u00e9tails en fibre de carbone et une technologie de pointe pour un confort et une exclusivit\u00e9 in\u00e9gal\u00e9s. Avec la gamme Tuning Brabus, chaque v\u00e9hicule devient une d\u00e9claration unique de puissance et de sophistication, con\u00e7ue sur mesure pour les plus exigeants.<\/span><\/p>\n<p><span style=\"font-weight: 400;\">La Brabus X-Class transforme la robustesse du Mercedes-Benz X-Class en une ic\u00f4ne de luxe et de performance, avec un design exclusif, une puissance renforc\u00e9e et des d\u00e9tails personnalis\u00e9s qui red\u00e9finissent l\u2019\u00e9l\u00e9gance dans le segment des pickups.<\/span><\/p>\n<p><span style=\"font-weight: 400;\">La gamme Tuning de Brabus est le choix ultime pour transformer des v\u00e9hicules haut de gamme en v\u00e9ritables chefs-d\u2019\u0153uvre de performance et de style. Reconnue dans le monde entier pour son excellence, Brabus \u00e9l\u00e8ve les v\u00e9hicules d\u00e9j\u00e0 embl\u00e9matiques \u00e0 un niveau sup\u00e9rieur, avec des am\u00e9liorations allant de moteurs ultra-performants, pouvant atteindre jusqu\u2019\u00e0 900 ch, \u00e0 des kits a\u00e9rodynamiques alliant fonctionnalit\u00e9 et design audacieux. Chaque d\u00e9tail est soigneusement ajust\u00e9, des syst\u00e8mes d\u2019\u00e9chappement sportifs aux suspensions optimis\u00e9es, garantissant une conduite dynamique et pr\u00e9cise. L\u2019int\u00e9rieur b\u00e9n\u00e9ficie du m\u00eame traitement de luxe, avec des finitions sur mesure en cuir premium, des d\u00e9tails en fibre de carbone et une technologie de pointe pour un confort et une exclusivit\u00e9 in\u00e9gal\u00e9s. Avec la gamme Tuning Brabus, chaque v\u00e9hicule devient une d\u00e9claration unique de puissance et de sophistication, con\u00e7ue sur mesure pour les plus exigeants.<\/span><\/p>\n","protected":false},"excerpt":{"rendered":"<p><span style=\"font-weight: 400;\">La Brabus X-Class transforme la robustesse du Mercedes-Benz X-Class en une ic\u00f4ne de luxe et de performance, avec un design exclusif, une puissance renforc\u00e9e et des d\u00e9tails personnalis\u00e9s qui red\u00e9finissent l\u2019\u00e9l\u00e9gance dans le segment des pickups.<\/span><\/p>\n<p><span style=\"font-weight: 400;\">La gamme Tuning de Brabus est le choix ultime pour transformer des v\u00e9hicules haut de gamme en v\u00e9ritables chefs-d\u2019\u0153uvre de performance et de style. Reconnue dans le monde entier pour son excellence, Brabus \u00e9l\u00e8ve les v\u00e9hicules d\u00e9j\u00e0 embl\u00e9matiques \u00e0 un niveau sup\u00e9rieur, avec des am\u00e9liorations allant de moteurs ultra-performants, pouvant atteindre jusqu\u2019\u00e0 900 ch, \u00e0 des kits a\u00e9rodynamiques alliant fonctionnalit\u00e9 et design audacieux. Chaque d\u00e9tail est soigneusement ajust\u00e9, des syst\u00e8mes d\u2019\u00e9chappement sportifs aux suspensions optimis\u00e9es, garantissant une conduite dynamique et pr\u00e9cise. L\u2019int\u00e9rieur b\u00e9n\u00e9ficie du m\u00eame traitement de luxe, avec des finitions sur mesure en cuir premium, des d\u00e9tails en fibre de carbone et une technologie de pointe pour un confort et une exclusivit\u00e9 in\u00e9gal\u00e9s. Avec la gamme Tuning Brabus, chaque v\u00e9hicule devient une d\u00e9claration unique de puissance et de sophistication, con\u00e7ue sur mesure pour les plus exigeants.<\/span><\/p>\n","protected":false},"featured_media":3732,"comment_status":"open","ping_status":"closed","template":"","meta":{"_acf_changed":false},"product_brand":[],"product_cat":[458],"product_tag":[],"class_list":{"0":"post-3731","1":"product","2":"type-product","3":"status-publish","4":"has-post-thumbnail","6":"product_cat-sem-categoria-fr","7":"setores-automobile","8":"setores-transport-et-logistique","9":"marcas-brabus","10":"tipo_produto-brabus-x-class-fr","12":"first","13":"instock","14":"shipping-taxable","15":"product-type-simple"},"acf":[],"yoast_head":"<!-- This site is optimized with the Yoast SEO plugin v25.2 - https:\/\/yoast.com\/wordpress\/plugins\/seo\/ -->\n<title>Brabus X-Class - Trevotech Group<\/title>\n<meta name=\"description\" content=\"La Brabus X-Class transforme la robustesse du Mercedes-Benz X-Class en une ic\u00f4ne de luxe et de performance, avec un design exclusif...\" \/>\n<meta name=\"robots\" content=\"index, follow, max-snippet:-1, max-image-preview:large, max-video-preview:-1\" \/>\n<link rel=\"canonical\" href=\"https:\/\/trevotech.com\/fr\/produto\/tuning-brabus-x-class\/\" \/>\n<meta property=\"og:locale\" content=\"fr_FR\" \/>\n<meta property=\"og:type\" content=\"article\" \/>\n<meta property=\"og:title\" content=\"Brabus X-Class - Trevotech Group\" \/>\n<meta property=\"og:description\" content=\"La Brabus X-Class transforme la robustesse du Mercedes-Benz X-Class en une ic\u00f4ne de luxe et de performance, avec un design exclusif...\" \/>\n<meta property=\"og:url\" content=\"https:\/\/trevotech.com\/fr\/produto\/tuning-brabus-x-class\/\" \/>\n<meta property=\"og:site_name\" content=\"Trevotech Group\" \/>\n<meta property=\"article:modified_time\" content=\"2025-08-05T09:27:25+00:00\" \/>\n<meta property=\"og:image\" content=\"https:\/\/trevotech.com\/wp-content\/uploads\/2024\/11\/brabus-02.webp\" \/>\n\t<meta property=\"og:image:width\" content=\"1000\" \/>\n\t<meta property=\"og:image:height\" content=\"1000\" \/>\n\t<meta property=\"og:image:type\" content=\"image\/webp\" \/>\n<meta name=\"twitter:card\" content=\"summary_large_image\" \/>\n<meta name=\"twitter:label1\" content=\"Dur\u00e9e de lecture estim\u00e9e\" \/>\n\t<meta name=\"twitter:data1\" content=\"3 minutes\" \/>\n<script type=\"application\/ld+json\" class=\"yoast-schema-graph\">{\"@context\":\"https:\/\/schema.org\",\"@graph\":[{\"@type\":\"WebPage\",\"@id\":\"https:\/\/trevotech.com\/fr\/produto\/tuning-brabus-x-class\/\",\"url\":\"https:\/\/trevotech.com\/fr\/produto\/tuning-brabus-x-class\/\",\"name\":\"Brabus X-Class - Trevotech Group\",\"isPartOf\":{\"@id\":\"https:\/\/trevotech.com\/fr\/#website\"},\"primaryImageOfPage\":{\"@id\":\"https:\/\/trevotech.com\/fr\/produto\/tuning-brabus-x-class\/#primaryimage\"},\"image\":{\"@id\":\"https:\/\/trevotech.com\/fr\/produto\/tuning-brabus-x-class\/#primaryimage\"},\"thumbnailUrl\":\"https:\/\/trevotech.com\/wp-content\/uploads\/2024\/11\/brabus-02.webp\",\"datePublished\":\"2024-11-06T12:00:55+00:00\",\"dateModified\":\"2025-08-05T09:27:25+00:00\",\"description\":\"La Brabus X-Class transforme la robustesse du Mercedes-Benz X-Class en une ic\u00f4ne de luxe et de performance, avec un design exclusif...\",\"breadcrumb\":{\"@id\":\"https:\/\/trevotech.com\/fr\/produto\/tuning-brabus-x-class\/#breadcrumb\"},\"inLanguage\":\"fr-FR\",\"potentialAction\":[{\"@type\":\"ReadAction\",\"target\":[\"https:\/\/trevotech.com\/fr\/produto\/tuning-brabus-x-class\/\"]}]},{\"@type\":\"ImageObject\",\"inLanguage\":\"fr-FR\",\"@id\":\"https:\/\/trevotech.com\/fr\/produto\/tuning-brabus-x-class\/#primaryimage\",\"url\":\"https:\/\/trevotech.com\/wp-content\/uploads\/2024\/11\/brabus-02.webp\",\"contentUrl\":\"https:\/\/trevotech.com\/wp-content\/uploads\/2024\/11\/brabus-02.webp\",\"width\":1000,\"height\":1000,\"caption\":\"Brabus X-CLASS\"},{\"@type\":\"BreadcrumbList\",\"@id\":\"https:\/\/trevotech.com\/fr\/produto\/tuning-brabus-x-class\/#breadcrumb\",\"itemListElement\":[{\"@type\":\"ListItem\",\"position\":1,\"name\":\"In\u00edcio\",\"item\":\"https:\/\/trevotech.com\/fr\/\"},{\"@type\":\"ListItem\",\"position\":2,\"name\":\"Produits\",\"item\":\"https:\/\/trevotech.com\/fr\/shop\/\"},{\"@type\":\"ListItem\",\"position\":3,\"name\":\"Brabus X-Class\"}]},{\"@type\":\"WebSite\",\"@id\":\"https:\/\/trevotech.com\/fr\/#website\",\"url\":\"https:\/\/trevotech.com\/fr\/\",\"name\":\"Trevotech Group\",\"description\":\"\",\"potentialAction\":[{\"@type\":\"SearchAction\",\"target\":{\"@type\":\"EntryPoint\",\"urlTemplate\":\"https:\/\/trevotech.com\/fr\/?s={search_term_string}\"},\"query-input\":{\"@type\":\"PropertyValueSpecification\",\"valueRequired\":true,\"valueName\":\"search_term_string\"}}],\"inLanguage\":\"fr-FR\"}]}<\/script>\n<!-- \/ Yoast SEO plugin. -->","yoast_head_json":{"title":"Brabus X-Class - Trevotech Group","description":"La Brabus X-Class transforme la robustesse du Mercedes-Benz X-Class en une ic\u00f4ne de luxe et de performance, avec un design exclusif...","robots":{"index":"index","follow":"follow","max-snippet":"max-snippet:-1","max-image-preview":"max-image-preview:large","max-video-preview":"max-video-preview:-1"},"canonical":"https:\/\/trevotech.com\/fr\/produto\/tuning-brabus-x-class\/","og_locale":"fr_FR","og_type":"article","og_title":"Brabus X-Class - Trevotech Group","og_description":"La Brabus X-Class transforme la robustesse du Mercedes-Benz X-Class en une ic\u00f4ne de luxe et de performance, avec un design exclusif...","og_url":"https:\/\/trevotech.com\/fr\/produto\/tuning-brabus-x-class\/","og_site_name":"Trevotech Group","article_modified_time":"2025-08-05T09:27:25+00:00","og_image":[{"width":1000,"height":1000,"url":"https:\/\/trevotech.com\/wp-content\/uploads\/2024\/11\/brabus-02.webp","type":"image\/webp"}],"twitter_card":"summary_large_image","twitter_misc":{"Dur\u00e9e de lecture estim\u00e9e":"3 minutes"},"schema":{"@context":"https:\/\/schema.org","@graph":[{"@type":"WebPage","@id":"https:\/\/trevotech.com\/fr\/produto\/tuning-brabus-x-class\/","url":"https:\/\/trevotech.com\/fr\/produto\/tuning-brabus-x-class\/","name":"Brabus X-Class - Trevotech Group","isPartOf":{"@id":"https:\/\/trevotech.com\/fr\/#website"},"primaryImageOfPage":{"@id":"https:\/\/trevotech.com\/fr\/produto\/tuning-brabus-x-class\/#primaryimage"},"image":{"@id":"https:\/\/trevotech.com\/fr\/produto\/tuning-brabus-x-class\/#primaryimage"},"thumbnailUrl":"https:\/\/trevotech.com\/wp-content\/uploads\/2024\/11\/brabus-02.webp","datePublished":"2024-11-06T12:00:55+00:00","dateModified":"2025-08-05T09:27:25+00:00","description":"La Brabus X-Class transforme la robustesse du Mercedes-Benz X-Class en une ic\u00f4ne de luxe et de performance, avec un design exclusif...","breadcrumb":{"@id":"https:\/\/trevotech.com\/fr\/produto\/tuning-brabus-x-class\/#breadcrumb"},"inLanguage":"fr-FR","potentialAction":[{"@type":"ReadAction","target":["https:\/\/trevotech.com\/fr\/produto\/tuning-brabus-x-class\/"]}]},{"@type":"ImageObject","inLanguage":"fr-FR","@id":"https:\/\/trevotech.com\/fr\/produto\/tuning-brabus-x-class\/#primaryimage","url":"https:\/\/trevotech.com\/wp-content\/uploads\/2024\/11\/brabus-02.webp","contentUrl":"https:\/\/trevotech.com\/wp-content\/uploads\/2024\/11\/brabus-02.webp","width":1000,"height":1000,"caption":"Brabus X-CLASS"},{"@type":"BreadcrumbList","@id":"https:\/\/trevotech.com\/fr\/produto\/tuning-brabus-x-class\/#breadcrumb","itemListElement":[{"@type":"ListItem","position":1,"name":"In\u00edcio","item":"https:\/\/trevotech.com\/fr\/"},{"@type":"ListItem","position":2,"name":"Produits","item":"https:\/\/trevotech.com\/fr\/shop\/"},{"@type":"ListItem","position":3,"name":"Brabus X-Class"}]},{"@type":"WebSite","@id":"https:\/\/trevotech.com\/fr\/#website","url":"https:\/\/trevotech.com\/fr\/","name":"Trevotech Group","description":"","potentialAction":[{"@type":"SearchAction","target":{"@type":"EntryPoint","urlTemplate":"https:\/\/trevotech.com\/fr\/?s={search_term_string}"},"query-input":{"@type":"PropertyValueSpecification","valueRequired":true,"valueName":"search_term_string"}}],"inLanguage":"fr-FR"}]}},"_links":{"self":[{"href":"https:\/\/trevotech.com\/fr\/wp-json\/wp\/v2\/product\/3731","targetHints":{"allow":["GET"]}}],"collection":[{"href":"https:\/\/trevotech.com\/fr\/wp-json\/wp\/v2\/product"}],"about":[{"href":"https:\/\/trevotech.com\/fr\/wp-json\/wp\/v2\/types\/product"}],"replies":[{"embeddable":true,"href":"https:\/\/trevotech.com\/fr\/wp-json\/wp\/v2\/comments?post=3731"}],"wp:featuredmedia":[{"embeddable":true,"href":"https:\/\/trevotech.com\/fr\/wp-json\/wp\/v2\/media\/3732"}],"wp:attachment":[{"href":"https:\/\/trevotech.com\/fr\/wp-json\/wp\/v2\/media?parent=3731"}],"wp:term":[{"taxonomy":"product_brand","embeddable":true,"href":"https:\/\/trevotech.com\/fr\/wp-json\/wp\/v2\/product_brand?post=3731"},{"taxonomy":"product_cat","embeddable":true,"href":"https:\/\/trevotech.com\/fr\/wp-json\/wp\/v2\/product_cat?post=3731"},{"taxonomy":"product_tag","embeddable":true,"href":"https:\/\/trevotech.com\/fr\/wp-json\/wp\/v2\/product_tag?post=3731"}],"curies":[{"name":"wp","href":"https:\/\/api.w.org\/{rel}","templated":true}]}}