{"id":3739,"date":"2024-11-06T11:58:49","date_gmt":"2024-11-06T11:58:49","guid":{"rendered":"https:\/\/trevotech.com\/produto\/brabus-sl-class\/"},"modified":"2025-08-05T09:28:58","modified_gmt":"2025-08-05T09:28:58","slug":"brabus-sl-class-2","status":"publish","type":"product","link":"https:\/\/trevotech.com\/fr\/produto\/brabus-sl-class-2\/","title":{"rendered":"Brabus SL-Class"},"content":{"rendered":"<p><span style=\"font-weight: 400;\">La Brabus SL-Class red\u00e9finit le concept de roadster de luxe, alliant performance extr\u00eame, design a\u00e9rodynamique et finitions exclusives pour une exp\u00e9rience de conduite \u00e0 la fois palpitante et raffin\u00e9e.<\/span><\/p>\n<p><span style=\"font-weight: 400;\">La gamme Supercars de Brabus incarne l\u2019expression ultime de la performance et de l\u2019exclusivit\u00e9 dans le monde automobile. Con\u00e7ues pour ceux qui exigent le meilleur, les supercars Brabus associent ing\u00e9nierie de pointe et design audacieux, donnant naissance \u00e0 des v\u00e9hicules qui repoussent les limites de la puissance et du raffinement. Avec des moteurs pouvant d\u00e9passer les 900 ch, chaque mod\u00e8le offre une exp\u00e9rience de conduite in\u00e9gal\u00e9e, marqu\u00e9e par une acc\u00e9l\u00e9ration fulgurante et une pr\u00e9cision absolue. \u00c0 l\u2019int\u00e9rieur, le luxe artisanal rencontre la technologie de derni\u00e8re g\u00e9n\u00e9ration, avec des finitions personnalis\u00e9es et des syst\u00e8mes innovants garantissant confort et connectivit\u00e9. L\u2019exclusivit\u00e9 est le ma\u00eetre-mot : chaque v\u00e9hicule est adapt\u00e9 aux go\u00fbts de son propri\u00e9taire, faisant de chaque supercar Brabus une pi\u00e8ce unique. Choisir une Brabus, c\u2019est plus qu\u2019acheter une voiture : c\u2019est affirmer un v\u00e9ritable art de vivre.<\/span><\/p>\n<p><span style=\"font-weight: 400;\">La Brabus SL-Class red\u00e9finit le concept de roadster de luxe, alliant performance extr\u00eame, design a\u00e9rodynamique et finitions exclusives pour une exp\u00e9rience de conduite \u00e0 la fois palpitante et raffin\u00e9e.<\/span><\/p>\n<p><span style=\"font-weight: 400;\">La gamme Supercars de Brabus incarne l\u2019expression ultime de la performance et de l\u2019exclusivit\u00e9 dans le monde automobile. Con\u00e7ues pour ceux qui exigent le meilleur, les supercars Brabus associent ing\u00e9nierie de pointe et design audacieux, donnant naissance \u00e0 des v\u00e9hicules qui repoussent les limites de la puissance et du raffinement. Avec des moteurs pouvant d\u00e9passer les 900 ch, chaque mod\u00e8le offre une exp\u00e9rience de conduite in\u00e9gal\u00e9e, marqu\u00e9e par une acc\u00e9l\u00e9ration fulgurante et une pr\u00e9cision absolue. \u00c0 l\u2019int\u00e9rieur, le luxe artisanal rencontre la technologie de derni\u00e8re g\u00e9n\u00e9ration, avec des finitions personnalis\u00e9es et des syst\u00e8mes innovants garantissant confort et connectivit\u00e9. L\u2019exclusivit\u00e9 est le ma\u00eetre-mot : chaque v\u00e9hicule est adapt\u00e9 aux go\u00fbts de son propri\u00e9taire, faisant de chaque supercar Brabus une pi\u00e8ce unique. Choisir une Brabus, c\u2019est plus qu\u2019acheter une voiture : c\u2019est affirmer un v\u00e9ritable art de vivre.<\/span><\/p>\n","protected":false},"excerpt":{"rendered":"<p><span style=\"font-weight: 400;\">La Brabus SL-Class red\u00e9finit le concept de roadster de luxe, alliant performance extr\u00eame, design a\u00e9rodynamique et finitions exclusives pour une exp\u00e9rience de conduite \u00e0 la fois palpitante et raffin\u00e9e.<\/span><\/p>\n<p><span style=\"font-weight: 400;\">La gamme Supercars de Brabus incarne l\u2019expression ultime de la performance et de l\u2019exclusivit\u00e9 dans le monde automobile. Con\u00e7ues pour ceux qui exigent le meilleur, les supercars Brabus associent ing\u00e9nierie de pointe et design audacieux, donnant naissance \u00e0 des v\u00e9hicules qui repoussent les limites de la puissance et du raffinement. Avec des moteurs pouvant d\u00e9passer les 900 ch, chaque mod\u00e8le offre une exp\u00e9rience de conduite in\u00e9gal\u00e9e, marqu\u00e9e par une acc\u00e9l\u00e9ration fulgurante et une pr\u00e9cision absolue. \u00c0 l\u2019int\u00e9rieur, le luxe artisanal rencontre la technologie de derni\u00e8re g\u00e9n\u00e9ration, avec des finitions personnalis\u00e9es et des syst\u00e8mes innovants garantissant confort et connectivit\u00e9. L\u2019exclusivit\u00e9 est le ma\u00eetre-mot : chaque v\u00e9hicule est adapt\u00e9 aux go\u00fbts de son propri\u00e9taire, faisant de chaque supercar Brabus une pi\u00e8ce unique. Choisir une Brabus, c\u2019est plus qu\u2019acheter une voiture : c\u2019est affirmer un v\u00e9ritable art de vivre.<\/span><\/p>\n","protected":false},"featured_media":3740,"comment_status":"open","ping_status":"closed","template":"","meta":{"_acf_changed":false},"product_brand":[],"product_cat":[458],"product_tag":[],"class_list":{"0":"post-3739","1":"product","2":"type-product","3":"status-publish","4":"has-post-thumbnail","6":"product_cat-sem-categoria-fr","7":"setores-automobile","8":"setores-transport-et-logistique","9":"marcas-brabus","10":"tipo_produto-brabus-sl-class-fr","12":"first","13":"instock","14":"shipping-taxable","15":"product-type-simple"},"acf":[],"yoast_head":"<!-- This site is optimized with the Yoast SEO plugin v25.2 - https:\/\/yoast.com\/wordpress\/plugins\/seo\/ -->\n<title>Brabus SL-Class - Trevotech Group<\/title>\n<meta name=\"description\" content=\"La Brabus SL-Class red\u00e9finit le concept de roadster de luxe, alliant performance extr\u00eame, design a\u00e9rodynamique et finitions exclusives pour...\" \/>\n<meta name=\"robots\" content=\"index, follow, max-snippet:-1, max-image-preview:large, max-video-preview:-1\" \/>\n<link rel=\"canonical\" href=\"https:\/\/trevotech.com\/fr\/produto\/brabus-sl-class-2\/\" \/>\n<meta property=\"og:locale\" content=\"fr_FR\" \/>\n<meta property=\"og:type\" content=\"article\" \/>\n<meta property=\"og:title\" content=\"Brabus SL-Class - Trevotech Group\" \/>\n<meta property=\"og:description\" content=\"La Brabus SL-Class red\u00e9finit le concept de roadster de luxe, alliant performance extr\u00eame, design a\u00e9rodynamique et finitions exclusives pour...\" \/>\n<meta property=\"og:url\" content=\"https:\/\/trevotech.com\/fr\/produto\/brabus-sl-class-2\/\" \/>\n<meta property=\"og:site_name\" content=\"Trevotech Group\" \/>\n<meta property=\"article:modified_time\" content=\"2025-08-05T09:28:58+00:00\" \/>\n<meta property=\"og:image\" content=\"https:\/\/trevotech.com\/wp-content\/uploads\/2024\/11\/brabus-01.webp\" \/>\n\t<meta property=\"og:image:width\" content=\"1000\" \/>\n\t<meta property=\"og:image:height\" content=\"1000\" \/>\n\t<meta property=\"og:image:type\" content=\"image\/webp\" \/>\n<meta name=\"twitter:card\" content=\"summary_large_image\" \/>\n<meta name=\"twitter:label1\" content=\"Dur\u00e9e de lecture estim\u00e9e\" \/>\n\t<meta name=\"twitter:data1\" content=\"3 minutes\" \/>\n<script type=\"application\/ld+json\" class=\"yoast-schema-graph\">{\"@context\":\"https:\/\/schema.org\",\"@graph\":[{\"@type\":\"WebPage\",\"@id\":\"https:\/\/trevotech.com\/fr\/produto\/brabus-sl-class-2\/\",\"url\":\"https:\/\/trevotech.com\/fr\/produto\/brabus-sl-class-2\/\",\"name\":\"Brabus SL-Class - Trevotech Group\",\"isPartOf\":{\"@id\":\"https:\/\/trevotech.com\/fr\/#website\"},\"primaryImageOfPage\":{\"@id\":\"https:\/\/trevotech.com\/fr\/produto\/brabus-sl-class-2\/#primaryimage\"},\"image\":{\"@id\":\"https:\/\/trevotech.com\/fr\/produto\/brabus-sl-class-2\/#primaryimage\"},\"thumbnailUrl\":\"https:\/\/trevotech.com\/wp-content\/uploads\/2024\/11\/brabus-01.webp\",\"datePublished\":\"2024-11-06T11:58:49+00:00\",\"dateModified\":\"2025-08-05T09:28:58+00:00\",\"description\":\"La Brabus SL-Class red\u00e9finit le concept de roadster de luxe, alliant performance extr\u00eame, design a\u00e9rodynamique et finitions exclusives pour...\",\"breadcrumb\":{\"@id\":\"https:\/\/trevotech.com\/fr\/produto\/brabus-sl-class-2\/#breadcrumb\"},\"inLanguage\":\"fr-FR\",\"potentialAction\":[{\"@type\":\"ReadAction\",\"target\":[\"https:\/\/trevotech.com\/fr\/produto\/brabus-sl-class-2\/\"]}]},{\"@type\":\"ImageObject\",\"inLanguage\":\"fr-FR\",\"@id\":\"https:\/\/trevotech.com\/fr\/produto\/brabus-sl-class-2\/#primaryimage\",\"url\":\"https:\/\/trevotech.com\/wp-content\/uploads\/2024\/11\/brabus-01.webp\",\"contentUrl\":\"https:\/\/trevotech.com\/wp-content\/uploads\/2024\/11\/brabus-01.webp\",\"width\":1000,\"height\":1000,\"caption\":\"Brabus SL-CLASS\"},{\"@type\":\"BreadcrumbList\",\"@id\":\"https:\/\/trevotech.com\/fr\/produto\/brabus-sl-class-2\/#breadcrumb\",\"itemListElement\":[{\"@type\":\"ListItem\",\"position\":1,\"name\":\"In\u00edcio\",\"item\":\"https:\/\/trevotech.com\/fr\/\"},{\"@type\":\"ListItem\",\"position\":2,\"name\":\"Produits\",\"item\":\"https:\/\/trevotech.com\/fr\/shop\/\"},{\"@type\":\"ListItem\",\"position\":3,\"name\":\"Brabus SL-Class\"}]},{\"@type\":\"WebSite\",\"@id\":\"https:\/\/trevotech.com\/fr\/#website\",\"url\":\"https:\/\/trevotech.com\/fr\/\",\"name\":\"Trevotech Group\",\"description\":\"\",\"potentialAction\":[{\"@type\":\"SearchAction\",\"target\":{\"@type\":\"EntryPoint\",\"urlTemplate\":\"https:\/\/trevotech.com\/fr\/?s={search_term_string}\"},\"query-input\":{\"@type\":\"PropertyValueSpecification\",\"valueRequired\":true,\"valueName\":\"search_term_string\"}}],\"inLanguage\":\"fr-FR\"}]}<\/script>\n<!-- \/ Yoast SEO plugin. -->","yoast_head_json":{"title":"Brabus SL-Class - Trevotech Group","description":"La Brabus SL-Class red\u00e9finit le concept de roadster de luxe, alliant performance extr\u00eame, design a\u00e9rodynamique et finitions exclusives pour...","robots":{"index":"index","follow":"follow","max-snippet":"max-snippet:-1","max-image-preview":"max-image-preview:large","max-video-preview":"max-video-preview:-1"},"canonical":"https:\/\/trevotech.com\/fr\/produto\/brabus-sl-class-2\/","og_locale":"fr_FR","og_type":"article","og_title":"Brabus SL-Class - Trevotech Group","og_description":"La Brabus SL-Class red\u00e9finit le concept de roadster de luxe, alliant performance extr\u00eame, design a\u00e9rodynamique et finitions exclusives pour...","og_url":"https:\/\/trevotech.com\/fr\/produto\/brabus-sl-class-2\/","og_site_name":"Trevotech Group","article_modified_time":"2025-08-05T09:28:58+00:00","og_image":[{"width":1000,"height":1000,"url":"https:\/\/trevotech.com\/wp-content\/uploads\/2024\/11\/brabus-01.webp","type":"image\/webp"}],"twitter_card":"summary_large_image","twitter_misc":{"Dur\u00e9e de lecture estim\u00e9e":"3 minutes"},"schema":{"@context":"https:\/\/schema.org","@graph":[{"@type":"WebPage","@id":"https:\/\/trevotech.com\/fr\/produto\/brabus-sl-class-2\/","url":"https:\/\/trevotech.com\/fr\/produto\/brabus-sl-class-2\/","name":"Brabus SL-Class - Trevotech Group","isPartOf":{"@id":"https:\/\/trevotech.com\/fr\/#website"},"primaryImageOfPage":{"@id":"https:\/\/trevotech.com\/fr\/produto\/brabus-sl-class-2\/#primaryimage"},"image":{"@id":"https:\/\/trevotech.com\/fr\/produto\/brabus-sl-class-2\/#primaryimage"},"thumbnailUrl":"https:\/\/trevotech.com\/wp-content\/uploads\/2024\/11\/brabus-01.webp","datePublished":"2024-11-06T11:58:49+00:00","dateModified":"2025-08-05T09:28:58+00:00","description":"La Brabus SL-Class red\u00e9finit le concept de roadster de luxe, alliant performance extr\u00eame, design a\u00e9rodynamique et finitions exclusives pour...","breadcrumb":{"@id":"https:\/\/trevotech.com\/fr\/produto\/brabus-sl-class-2\/#breadcrumb"},"inLanguage":"fr-FR","potentialAction":[{"@type":"ReadAction","target":["https:\/\/trevotech.com\/fr\/produto\/brabus-sl-class-2\/"]}]},{"@type":"ImageObject","inLanguage":"fr-FR","@id":"https:\/\/trevotech.com\/fr\/produto\/brabus-sl-class-2\/#primaryimage","url":"https:\/\/trevotech.com\/wp-content\/uploads\/2024\/11\/brabus-01.webp","contentUrl":"https:\/\/trevotech.com\/wp-content\/uploads\/2024\/11\/brabus-01.webp","width":1000,"height":1000,"caption":"Brabus SL-CLASS"},{"@type":"BreadcrumbList","@id":"https:\/\/trevotech.com\/fr\/produto\/brabus-sl-class-2\/#breadcrumb","itemListElement":[{"@type":"ListItem","position":1,"name":"In\u00edcio","item":"https:\/\/trevotech.com\/fr\/"},{"@type":"ListItem","position":2,"name":"Produits","item":"https:\/\/trevotech.com\/fr\/shop\/"},{"@type":"ListItem","position":3,"name":"Brabus SL-Class"}]},{"@type":"WebSite","@id":"https:\/\/trevotech.com\/fr\/#website","url":"https:\/\/trevotech.com\/fr\/","name":"Trevotech Group","description":"","potentialAction":[{"@type":"SearchAction","target":{"@type":"EntryPoint","urlTemplate":"https:\/\/trevotech.com\/fr\/?s={search_term_string}"},"query-input":{"@type":"PropertyValueSpecification","valueRequired":true,"valueName":"search_term_string"}}],"inLanguage":"fr-FR"}]}},"_links":{"self":[{"href":"https:\/\/trevotech.com\/fr\/wp-json\/wp\/v2\/product\/3739","targetHints":{"allow":["GET"]}}],"collection":[{"href":"https:\/\/trevotech.com\/fr\/wp-json\/wp\/v2\/product"}],"about":[{"href":"https:\/\/trevotech.com\/fr\/wp-json\/wp\/v2\/types\/product"}],"replies":[{"embeddable":true,"href":"https:\/\/trevotech.com\/fr\/wp-json\/wp\/v2\/comments?post=3739"}],"wp:featuredmedia":[{"embeddable":true,"href":"https:\/\/trevotech.com\/fr\/wp-json\/wp\/v2\/media\/3740"}],"wp:attachment":[{"href":"https:\/\/trevotech.com\/fr\/wp-json\/wp\/v2\/media?parent=3739"}],"wp:term":[{"taxonomy":"product_brand","embeddable":true,"href":"https:\/\/trevotech.com\/fr\/wp-json\/wp\/v2\/product_brand?post=3739"},{"taxonomy":"product_cat","embeddable":true,"href":"https:\/\/trevotech.com\/fr\/wp-json\/wp\/v2\/product_cat?post=3739"},{"taxonomy":"product_tag","embeddable":true,"href":"https:\/\/trevotech.com\/fr\/wp-json\/wp\/v2\/product_tag?post=3739"}],"curies":[{"name":"wp","href":"https:\/\/api.w.org\/{rel}","templated":true}]}}