{"id":3744,"date":"2024-10-22T11:26:21","date_gmt":"2024-10-22T11:26:21","guid":{"rendered":"https:\/\/trevotech.com\/produto\/veiculos-a-prova-de-explosao\/"},"modified":"2025-08-05T14:52:53","modified_gmt":"2025-08-05T14:52:53","slug":"chariots-antideflagrants","status":"publish","type":"product","link":"https:\/\/trevotech.com\/fr\/produto\/chariots-antideflagrants\/","title":{"rendered":"Chariots Antid\u00e9flagrants"},"content":{"rendered":"<p><span style=\"font-weight: 400;\">Linde Material Handling propose une large gamme de chariots Antid\u00e9flagrants con\u00e7us pour des op\u00e9rations s\u00fbres dans des environnements dangereux. Ces mod\u00e8les sp\u00e9cialis\u00e9s sont d\u00e9velopp\u00e9s pour r\u00e9pondre \u00e0 des normes de s\u00e9curit\u00e9 strictes, notamment \u00e0 la directive ATEX (2014\/34\/UE), garantissant leur conformit\u00e9 aux exigences des secteurs p\u00e9trolier, chimique, pharmaceutique, agroalimentaire, logistique et du recyclage.<\/span><\/p>\n<p><span style=\"font-weight: 400;\">Les mod\u00e8les sont disponibles avec des capacit\u00e9s de charge allant de 1,4 \u00e0 16 tonnes, r\u00e9pondant ainsi \u00e0 un large \u00e9ventail de besoins en mati\u00e8re de manutention.<\/span><span style=\"font-weight: 400;\"><br \/>\n<\/span><span style=\"font-weight: 400;\">Selon le mod\u00e8le et la configuration du m\u00e2t, ces chariots peuvent atteindre des hauteurs de levage allant jusqu&rsquo;\u00e0 environ 7,8 m\u00e8tres, facilitant le gerbage et la r\u00e9cup\u00e9ration efficaces dans les entrep\u00f4ts \u00e0 rayonnages \u00e9lev\u00e9s.<\/span><\/p>\n<p><span style=\"font-weight: 400;\">Linde propose des chariots \u00e9l\u00e9vateurs antid\u00e9flagrants \u00e9lectriques et diesel, permettant un choix adapt\u00e9 aux environnements d\u2019exploitation sp\u00e9cifiques et aux pr\u00e9f\u00e9rences en mati\u00e8re d\u2019\u00e9nergie.<\/span><span style=\"font-weight: 400;\"><br \/>\n<\/span><span style=\"font-weight: 400;\">Ces chariots sont soigneusement con\u00e7us pour \u00e9viter toute source d\u2019inflammation, en int\u00e9grant des composants anti-\u00e9tincelles et des structures robustes.<\/span><span style=\"font-weight: 400;\"><br \/>\n<\/span><span style=\"font-weight: 400;\">Cela garantit une manutention s\u00fbre et efficace des mat\u00e9riaux dans des zones o\u00f9 des atmosph\u00e8res explosives peuvent \u00eatre pr\u00e9sentes.<\/span><\/p>\n<p><span style=\"font-weight: 400;\">Linde Material Handling propose une large gamme de chariots Antid\u00e9flagrants con\u00e7us pour des op\u00e9rations s\u00fbres dans des environnements dangereux. Ces mod\u00e8les sp\u00e9cialis\u00e9s sont d\u00e9velopp\u00e9s pour r\u00e9pondre \u00e0 des normes de s\u00e9curit\u00e9 strictes, notamment \u00e0 la directive ATEX (2014\/34\/UE), garantissant leur conformit\u00e9 aux exigences des secteurs p\u00e9trolier, chimique, pharmaceutique, agroalimentaire, logistique et du recyclage.<\/span><\/p>\n<p><span style=\"font-weight: 400;\">Les mod\u00e8les sont disponibles avec des capacit\u00e9s de charge allant de 1,4 \u00e0 16 tonnes, r\u00e9pondant ainsi \u00e0 un large \u00e9ventail de besoins en mati\u00e8re de manutention.<\/span><span style=\"font-weight: 400;\"><br \/>\n<\/span><span style=\"font-weight: 400;\">Selon le mod\u00e8le et la configuration du m\u00e2t, ces chariots peuvent atteindre des hauteurs de levage allant jusqu&rsquo;\u00e0 environ 7,8 m\u00e8tres, facilitant le gerbage et la r\u00e9cup\u00e9ration efficaces dans les entrep\u00f4ts \u00e0 rayonnages \u00e9lev\u00e9s.<\/span><\/p>\n<p><span style=\"font-weight: 400;\">Linde propose des chariots \u00e9l\u00e9vateurs antid\u00e9flagrants \u00e9lectriques et diesel, permettant un choix adapt\u00e9 aux environnements d\u2019exploitation sp\u00e9cifiques et aux pr\u00e9f\u00e9rences en mati\u00e8re d\u2019\u00e9nergie.<\/span><span style=\"font-weight: 400;\"><br \/>\n<\/span><span style=\"font-weight: 400;\">Ces chariots sont soigneusement con\u00e7us pour \u00e9viter toute source d\u2019inflammation, en int\u00e9grant des composants anti-\u00e9tincelles et des structures robustes.<\/span><span style=\"font-weight: 400;\"><br \/>\n<\/span><span style=\"font-weight: 400;\">Cela garantit une manutention s\u00fbre et efficace des mat\u00e9riaux dans des zones o\u00f9 des atmosph\u00e8res explosives peuvent \u00eatre pr\u00e9sentes.<\/span><\/p>\n","protected":false},"excerpt":{"rendered":"<p><span style=\"font-weight: 400;\">Linde Material Handling propose une large gamme de chariots Antid\u00e9flagrants con\u00e7us pour des op\u00e9rations s\u00fbres dans des environnements dangereux. Ces mod\u00e8les sp\u00e9cialis\u00e9s sont d\u00e9velopp\u00e9s pour r\u00e9pondre \u00e0 des normes de s\u00e9curit\u00e9 strictes, notamment \u00e0 la directive ATEX (2014\/34\/UE), garantissant leur conformit\u00e9 aux exigences des secteurs p\u00e9trolier, chimique, pharmaceutique, agroalimentaire, logistique et du recyclage.<\/span><\/p>\n<p><span style=\"font-weight: 400;\">Les mod\u00e8les sont disponibles avec des capacit\u00e9s de charge allant de 1,4 \u00e0 16 tonnes, r\u00e9pondant ainsi \u00e0 un large \u00e9ventail de besoins en mati\u00e8re de manutention.<\/span><span style=\"font-weight: 400;\"><br \/>\n<\/span><span style=\"font-weight: 400;\">Selon le mod\u00e8le et la configuration du m\u00e2t, ces chariots peuvent atteindre des hauteurs de levage allant jusqu&rsquo;\u00e0 environ 7,8 m\u00e8tres, facilitant le gerbage et la r\u00e9cup\u00e9ration efficaces dans les entrep\u00f4ts \u00e0 rayonnages \u00e9lev\u00e9s.<\/span><\/p>\n<p><span style=\"font-weight: 400;\">Linde propose des chariots \u00e9l\u00e9vateurs antid\u00e9flagrants \u00e9lectriques et diesel, permettant un choix adapt\u00e9 aux environnements d\u2019exploitation sp\u00e9cifiques et aux pr\u00e9f\u00e9rences en mati\u00e8re d\u2019\u00e9nergie.<\/span><span style=\"font-weight: 400;\"><br \/>\n<\/span><span style=\"font-weight: 400;\">Ces chariots sont soigneusement con\u00e7us pour \u00e9viter toute source d\u2019inflammation, en int\u00e9grant des composants anti-\u00e9tincelles et des structures robustes.<\/span><span style=\"font-weight: 400;\"><br \/>\n<\/span><span style=\"font-weight: 400;\">Cela garantit une manutention s\u00fbre et efficace des mat\u00e9riaux dans des zones o\u00f9 des atmosph\u00e8res explosives peuvent \u00eatre pr\u00e9sentes.<\/span><\/p>\n","protected":false},"featured_media":3743,"comment_status":"open","ping_status":"closed","template":"","meta":{"_acf_changed":false},"product_brand":[],"product_cat":[458],"product_tag":[],"class_list":{"0":"post-3744","1":"product","2":"type-product","3":"status-publish","4":"has-post-thumbnail","6":"product_cat-sem-categoria-fr","7":"setores-manutention","8":"setores-petrole-et-gaz","9":"marcas-linde","10":"tipo_produto-chariots-antideflagrants","12":"first","13":"instock","14":"shipping-taxable","15":"product-type-simple"},"acf":[],"yoast_head":"<!-- This site is optimized with the Yoast SEO plugin v25.2 - https:\/\/yoast.com\/wordpress\/plugins\/seo\/ -->\n<title>Chariots Antid\u00e9flagrants Linde - Trevotech Group<\/title>\n<meta name=\"description\" content=\"Linde Material Handling propose une large gamme de chariots Antid\u00e9flagrants con\u00e7us pour des op\u00e9rations s\u00fbres dans des environnements...\" \/>\n<meta name=\"robots\" content=\"index, follow, max-snippet:-1, max-image-preview:large, max-video-preview:-1\" \/>\n<link rel=\"canonical\" href=\"https:\/\/trevotech.com\/fr\/produto\/chariots-antideflagrants\/\" \/>\n<meta property=\"og:locale\" content=\"fr_FR\" \/>\n<meta property=\"og:type\" content=\"article\" \/>\n<meta property=\"og:title\" content=\"Chariots Antid\u00e9flagrants Linde - Trevotech Group\" \/>\n<meta property=\"og:description\" content=\"Linde Material Handling propose une large gamme de chariots Antid\u00e9flagrants con\u00e7us pour des op\u00e9rations s\u00fbres dans des environnements...\" \/>\n<meta property=\"og:url\" content=\"https:\/\/trevotech.com\/fr\/produto\/chariots-antideflagrants\/\" \/>\n<meta property=\"og:site_name\" content=\"Trevotech Group\" \/>\n<meta property=\"article:modified_time\" content=\"2025-08-05T14:52:53+00:00\" \/>\n<meta property=\"og:image\" content=\"https:\/\/trevotech.com\/wp-content\/uploads\/2024\/10\/Linde-01.webp\" \/>\n\t<meta property=\"og:image:width\" content=\"1000\" \/>\n\t<meta property=\"og:image:height\" content=\"1000\" \/>\n\t<meta property=\"og:image:type\" content=\"image\/webp\" \/>\n<meta name=\"twitter:card\" content=\"summary_large_image\" \/>\n<meta name=\"twitter:label1\" content=\"Dur\u00e9e de lecture estim\u00e9e\" \/>\n\t<meta name=\"twitter:data1\" content=\"3 minutes\" \/>\n<script type=\"application\/ld+json\" class=\"yoast-schema-graph\">{\"@context\":\"https:\/\/schema.org\",\"@graph\":[{\"@type\":\"WebPage\",\"@id\":\"https:\/\/trevotech.com\/fr\/produto\/chariots-antideflagrants\/\",\"url\":\"https:\/\/trevotech.com\/fr\/produto\/chariots-antideflagrants\/\",\"name\":\"Chariots Antid\u00e9flagrants Linde - Trevotech Group\",\"isPartOf\":{\"@id\":\"https:\/\/trevotech.com\/fr\/#website\"},\"primaryImageOfPage\":{\"@id\":\"https:\/\/trevotech.com\/fr\/produto\/chariots-antideflagrants\/#primaryimage\"},\"image\":{\"@id\":\"https:\/\/trevotech.com\/fr\/produto\/chariots-antideflagrants\/#primaryimage\"},\"thumbnailUrl\":\"https:\/\/trevotech.com\/wp-content\/uploads\/2024\/10\/Linde-01.webp\",\"datePublished\":\"2024-10-22T11:26:21+00:00\",\"dateModified\":\"2025-08-05T14:52:53+00:00\",\"description\":\"Linde Material Handling propose une large gamme de chariots Antid\u00e9flagrants con\u00e7us pour des op\u00e9rations s\u00fbres dans des environnements...\",\"breadcrumb\":{\"@id\":\"https:\/\/trevotech.com\/fr\/produto\/chariots-antideflagrants\/#breadcrumb\"},\"inLanguage\":\"fr-FR\",\"potentialAction\":[{\"@type\":\"ReadAction\",\"target\":[\"https:\/\/trevotech.com\/fr\/produto\/chariots-antideflagrants\/\"]}]},{\"@type\":\"ImageObject\",\"inLanguage\":\"fr-FR\",\"@id\":\"https:\/\/trevotech.com\/fr\/produto\/chariots-antideflagrants\/#primaryimage\",\"url\":\"https:\/\/trevotech.com\/wp-content\/uploads\/2024\/10\/Linde-01.webp\",\"contentUrl\":\"https:\/\/trevotech.com\/wp-content\/uploads\/2024\/10\/Linde-01.webp\",\"width\":1000,\"height\":1000,\"caption\":\"Empilhadores com Prote\u00e7\u00e3o a Explos\u00e3o\"},{\"@type\":\"BreadcrumbList\",\"@id\":\"https:\/\/trevotech.com\/fr\/produto\/chariots-antideflagrants\/#breadcrumb\",\"itemListElement\":[{\"@type\":\"ListItem\",\"position\":1,\"name\":\"In\u00edcio\",\"item\":\"https:\/\/trevotech.com\/fr\/\"},{\"@type\":\"ListItem\",\"position\":2,\"name\":\"Produits\",\"item\":\"https:\/\/trevotech.com\/fr\/shop\/\"},{\"@type\":\"ListItem\",\"position\":3,\"name\":\"Chariots Antid\u00e9flagrants\"}]},{\"@type\":\"WebSite\",\"@id\":\"https:\/\/trevotech.com\/fr\/#website\",\"url\":\"https:\/\/trevotech.com\/fr\/\",\"name\":\"Trevotech Group\",\"description\":\"\",\"potentialAction\":[{\"@type\":\"SearchAction\",\"target\":{\"@type\":\"EntryPoint\",\"urlTemplate\":\"https:\/\/trevotech.com\/fr\/?s={search_term_string}\"},\"query-input\":{\"@type\":\"PropertyValueSpecification\",\"valueRequired\":true,\"valueName\":\"search_term_string\"}}],\"inLanguage\":\"fr-FR\"}]}<\/script>\n<!-- \/ Yoast SEO plugin. -->","yoast_head_json":{"title":"Chariots Antid\u00e9flagrants Linde - Trevotech Group","description":"Linde Material Handling propose une large gamme de chariots Antid\u00e9flagrants con\u00e7us pour des op\u00e9rations s\u00fbres dans des environnements...","robots":{"index":"index","follow":"follow","max-snippet":"max-snippet:-1","max-image-preview":"max-image-preview:large","max-video-preview":"max-video-preview:-1"},"canonical":"https:\/\/trevotech.com\/fr\/produto\/chariots-antideflagrants\/","og_locale":"fr_FR","og_type":"article","og_title":"Chariots Antid\u00e9flagrants Linde - Trevotech Group","og_description":"Linde Material Handling propose une large gamme de chariots Antid\u00e9flagrants con\u00e7us pour des op\u00e9rations s\u00fbres dans des environnements...","og_url":"https:\/\/trevotech.com\/fr\/produto\/chariots-antideflagrants\/","og_site_name":"Trevotech Group","article_modified_time":"2025-08-05T14:52:53+00:00","og_image":[{"width":1000,"height":1000,"url":"https:\/\/trevotech.com\/wp-content\/uploads\/2024\/10\/Linde-01.webp","type":"image\/webp"}],"twitter_card":"summary_large_image","twitter_misc":{"Dur\u00e9e de lecture estim\u00e9e":"3 minutes"},"schema":{"@context":"https:\/\/schema.org","@graph":[{"@type":"WebPage","@id":"https:\/\/trevotech.com\/fr\/produto\/chariots-antideflagrants\/","url":"https:\/\/trevotech.com\/fr\/produto\/chariots-antideflagrants\/","name":"Chariots Antid\u00e9flagrants Linde - Trevotech Group","isPartOf":{"@id":"https:\/\/trevotech.com\/fr\/#website"},"primaryImageOfPage":{"@id":"https:\/\/trevotech.com\/fr\/produto\/chariots-antideflagrants\/#primaryimage"},"image":{"@id":"https:\/\/trevotech.com\/fr\/produto\/chariots-antideflagrants\/#primaryimage"},"thumbnailUrl":"https:\/\/trevotech.com\/wp-content\/uploads\/2024\/10\/Linde-01.webp","datePublished":"2024-10-22T11:26:21+00:00","dateModified":"2025-08-05T14:52:53+00:00","description":"Linde Material Handling propose une large gamme de chariots Antid\u00e9flagrants con\u00e7us pour des op\u00e9rations s\u00fbres dans des environnements...","breadcrumb":{"@id":"https:\/\/trevotech.com\/fr\/produto\/chariots-antideflagrants\/#breadcrumb"},"inLanguage":"fr-FR","potentialAction":[{"@type":"ReadAction","target":["https:\/\/trevotech.com\/fr\/produto\/chariots-antideflagrants\/"]}]},{"@type":"ImageObject","inLanguage":"fr-FR","@id":"https:\/\/trevotech.com\/fr\/produto\/chariots-antideflagrants\/#primaryimage","url":"https:\/\/trevotech.com\/wp-content\/uploads\/2024\/10\/Linde-01.webp","contentUrl":"https:\/\/trevotech.com\/wp-content\/uploads\/2024\/10\/Linde-01.webp","width":1000,"height":1000,"caption":"Empilhadores com Prote\u00e7\u00e3o a Explos\u00e3o"},{"@type":"BreadcrumbList","@id":"https:\/\/trevotech.com\/fr\/produto\/chariots-antideflagrants\/#breadcrumb","itemListElement":[{"@type":"ListItem","position":1,"name":"In\u00edcio","item":"https:\/\/trevotech.com\/fr\/"},{"@type":"ListItem","position":2,"name":"Produits","item":"https:\/\/trevotech.com\/fr\/shop\/"},{"@type":"ListItem","position":3,"name":"Chariots Antid\u00e9flagrants"}]},{"@type":"WebSite","@id":"https:\/\/trevotech.com\/fr\/#website","url":"https:\/\/trevotech.com\/fr\/","name":"Trevotech Group","description":"","potentialAction":[{"@type":"SearchAction","target":{"@type":"EntryPoint","urlTemplate":"https:\/\/trevotech.com\/fr\/?s={search_term_string}"},"query-input":{"@type":"PropertyValueSpecification","valueRequired":true,"valueName":"search_term_string"}}],"inLanguage":"fr-FR"}]}},"_links":{"self":[{"href":"https:\/\/trevotech.com\/fr\/wp-json\/wp\/v2\/product\/3744","targetHints":{"allow":["GET"]}}],"collection":[{"href":"https:\/\/trevotech.com\/fr\/wp-json\/wp\/v2\/product"}],"about":[{"href":"https:\/\/trevotech.com\/fr\/wp-json\/wp\/v2\/types\/product"}],"replies":[{"embeddable":true,"href":"https:\/\/trevotech.com\/fr\/wp-json\/wp\/v2\/comments?post=3744"}],"wp:featuredmedia":[{"embeddable":true,"href":"https:\/\/trevotech.com\/fr\/wp-json\/wp\/v2\/media\/3743"}],"wp:attachment":[{"href":"https:\/\/trevotech.com\/fr\/wp-json\/wp\/v2\/media?parent=3744"}],"wp:term":[{"taxonomy":"product_brand","embeddable":true,"href":"https:\/\/trevotech.com\/fr\/wp-json\/wp\/v2\/product_brand?post=3744"},{"taxonomy":"product_cat","embeddable":true,"href":"https:\/\/trevotech.com\/fr\/wp-json\/wp\/v2\/product_cat?post=3744"},{"taxonomy":"product_tag","embeddable":true,"href":"https:\/\/trevotech.com\/fr\/wp-json\/wp\/v2\/product_tag?post=3744"}],"curies":[{"name":"wp","href":"https:\/\/api.w.org\/{rel}","templated":true}]}}