{"id":3746,"date":"2024-10-22T11:34:14","date_gmt":"2024-10-22T11:34:14","guid":{"rendered":"https:\/\/trevotech.com\/produto\/tractores-de-reboque\/"},"modified":"2025-08-05T14:51:13","modified_gmt":"2025-08-05T14:51:13","slug":"tracteurs-de-remorquage","status":"publish","type":"product","link":"https:\/\/trevotech.com\/fr\/produto\/tracteurs-de-remorquage\/","title":{"rendered":"Tracteurs de Remorquage"},"content":{"rendered":"<p><span style=\"font-weight: 400;\">Les tracteurs de remorquage de Linde Material Handling sont con\u00e7us pour le transport de charges lourdes avec une efficacit\u00e9 et une s\u00e9curit\u00e9 maximales dans les environnements industriels, les entrep\u00f4ts et les centres logistiques.<\/span><span style=\"font-weight: 400;\"><br \/>\n<\/span><span style=\"font-weight: 400;\">Avec des capacit\u00e9s de remorquage pouvant atteindre 25 tonnes, ces \u00e9quipements sont id\u00e9aux pour d\u00e9placer de grands volumes de mat\u00e9riaux sur de courtes ou longues distances.<\/span><\/p>\n<p><span style=\"font-weight: 400;\">Gr\u00e2ce \u00e0 leur design compact et \u00e0 leur excellente man\u0153uvrabilit\u00e9, ils peuvent circuler ais\u00e9ment dans des all\u00e9es \u00e9troites ou des espaces confin\u00e9s.<\/span><span style=\"font-weight: 400;\"><br \/>\n<\/span><span style=\"font-weight: 400;\">Dot\u00e9s de moteurs \u00e9lectriques ou thermiques, ils offrent une puissance fiable et une efficacit\u00e9 \u00e9nerg\u00e9tique remarquable, contribuant \u00e0 la r\u00e9duction des co\u00fbts d\u2019exploitation.<\/span><span style=\"font-weight: 400;\"><br \/>\n<\/span><span style=\"font-weight: 400;\">Le confort de l\u2019op\u00e9rateur est assur\u00e9 par des cabines ergonomiques, des syst\u00e8mes anti-vibrations et des commandes intuitives qui minimisent la fatigue pendant les longues p\u00e9riodes de travail.<\/span><span style=\"font-weight: 400;\"><br \/>\n<\/span><span style=\"font-weight: 400;\">Des dispositifs de s\u00e9curit\u00e9 avanc\u00e9s, comme le freinage automatique et les syst\u00e8mes anti-recul, renforcent la protection pendant les op\u00e9rations de transport.<\/span><span style=\"font-weight: 400;\"><br \/>\n<\/span><span style=\"font-weight: 400;\">Avec un entretien r\u00e9duit et une performance durable, les tracteurs de remorquage Linde constituent une solution fiable et polyvalente pour les t\u00e2ches de manutention exigeantes.<\/span><\/p>\n<p><span style=\"font-weight: 400;\">Les tracteurs de remorquage de Linde Material Handling sont con\u00e7us pour le transport de charges lourdes avec une efficacit\u00e9 et une s\u00e9curit\u00e9 maximales dans les environnements industriels, les entrep\u00f4ts et les centres logistiques.<\/span><span style=\"font-weight: 400;\"><br \/>\n<\/span><span style=\"font-weight: 400;\">Avec des capacit\u00e9s de remorquage pouvant atteindre 25 tonnes, ces \u00e9quipements sont id\u00e9aux pour d\u00e9placer de grands volumes de mat\u00e9riaux sur de courtes ou longues distances.<\/span><\/p>\n<p><span style=\"font-weight: 400;\">Gr\u00e2ce \u00e0 leur design compact et \u00e0 leur excellente man\u0153uvrabilit\u00e9, ils peuvent circuler ais\u00e9ment dans des all\u00e9es \u00e9troites ou des espaces confin\u00e9s.<\/span><span style=\"font-weight: 400;\"><br \/>\n<\/span><span style=\"font-weight: 400;\">Dot\u00e9s de moteurs \u00e9lectriques ou thermiques, ils offrent une puissance fiable et une efficacit\u00e9 \u00e9nerg\u00e9tique remarquable, contribuant \u00e0 la r\u00e9duction des co\u00fbts d\u2019exploitation.<\/span><span style=\"font-weight: 400;\"><br \/>\n<\/span><span style=\"font-weight: 400;\">Le confort de l\u2019op\u00e9rateur est assur\u00e9 par des cabines ergonomiques, des syst\u00e8mes anti-vibrations et des commandes intuitives qui minimisent la fatigue pendant les longues p\u00e9riodes de travail.<\/span><span style=\"font-weight: 400;\"><br \/>\n<\/span><span style=\"font-weight: 400;\">Des dispositifs de s\u00e9curit\u00e9 avanc\u00e9s, comme le freinage automatique et les syst\u00e8mes anti-recul, renforcent la protection pendant les op\u00e9rations de transport.<\/span><span style=\"font-weight: 400;\"><br \/>\n<\/span><span style=\"font-weight: 400;\">Avec un entretien r\u00e9duit et une performance durable, les tracteurs de remorquage Linde constituent une solution fiable et polyvalente pour les t\u00e2ches de manutention exigeantes.<\/span><\/p>\n","protected":false},"excerpt":{"rendered":"<p><span style=\"font-weight: 400;\">Les tracteurs de remorquage de Linde Material Handling sont con\u00e7us pour le transport de charges lourdes avec une efficacit\u00e9 et une s\u00e9curit\u00e9 maximales dans les environnements industriels, les entrep\u00f4ts et les centres logistiques.<\/span><span style=\"font-weight: 400;\"><br \/>\n<\/span><span style=\"font-weight: 400;\">Avec des capacit\u00e9s de remorquage pouvant atteindre 25 tonnes, ces \u00e9quipements sont id\u00e9aux pour d\u00e9placer de grands volumes de mat\u00e9riaux sur de courtes ou longues distances.<\/span><\/p>\n<p><span style=\"font-weight: 400;\">Gr\u00e2ce \u00e0 leur design compact et \u00e0 leur excellente man\u0153uvrabilit\u00e9, ils peuvent circuler ais\u00e9ment dans des all\u00e9es \u00e9troites ou des espaces confin\u00e9s.<\/span><span style=\"font-weight: 400;\"><br \/>\n<\/span><span style=\"font-weight: 400;\">Dot\u00e9s de moteurs \u00e9lectriques ou thermiques, ils offrent une puissance fiable et une efficacit\u00e9 \u00e9nerg\u00e9tique remarquable, contribuant \u00e0 la r\u00e9duction des co\u00fbts d\u2019exploitation.<\/span><span style=\"font-weight: 400;\"><br \/>\n<\/span><span style=\"font-weight: 400;\">Le confort de l\u2019op\u00e9rateur est assur\u00e9 par des cabines ergonomiques, des syst\u00e8mes anti-vibrations et des commandes intuitives qui minimisent la fatigue pendant les longues p\u00e9riodes de travail.<\/span><span style=\"font-weight: 400;\"><br \/>\n<\/span><span style=\"font-weight: 400;\">Des dispositifs de s\u00e9curit\u00e9 avanc\u00e9s, comme le freinage automatique et les syst\u00e8mes anti-recul, renforcent la protection pendant les op\u00e9rations de transport.<\/span><span style=\"font-weight: 400;\"><br \/>\n<\/span><span style=\"font-weight: 400;\">Avec un entretien r\u00e9duit et une performance durable, les tracteurs de remorquage Linde constituent une solution fiable et polyvalente pour les t\u00e2ches de manutention exigeantes.<\/span><\/p>\n","protected":false},"featured_media":3747,"comment_status":"open","ping_status":"closed","template":"","meta":{"_acf_changed":false},"product_brand":[],"product_cat":[458],"product_tag":[],"class_list":{"0":"post-3746","1":"product","2":"type-product","3":"status-publish","4":"has-post-thumbnail","6":"product_cat-sem-categoria-fr","7":"setores-manutention","8":"setores-petrole-et-gaz","9":"marcas-linde","10":"tipo_produto-tracteurs-de-remorquage","12":"first","13":"instock","14":"shipping-taxable","15":"product-type-simple"},"acf":[],"yoast_head":"<!-- This site is optimized with the Yoast SEO plugin v25.2 - https:\/\/yoast.com\/wordpress\/plugins\/seo\/ -->\n<title>Tracteurs de Remorquage Linde - Trevotech Group<\/title>\n<meta name=\"description\" content=\"Les tracteurs de remorquage de Linde Material Handling sont con\u00e7us pour le transport de charges lourdes avec une efficacit\u00e9 et une s\u00e9curit\u00e9...\" \/>\n<meta name=\"robots\" content=\"index, follow, max-snippet:-1, max-image-preview:large, max-video-preview:-1\" \/>\n<link rel=\"canonical\" href=\"https:\/\/trevotech.com\/fr\/produto\/tracteurs-de-remorquage\/\" \/>\n<meta property=\"og:locale\" content=\"fr_FR\" \/>\n<meta property=\"og:type\" content=\"article\" \/>\n<meta property=\"og:title\" content=\"Tracteurs de Remorquage Linde - Trevotech Group\" \/>\n<meta property=\"og:description\" content=\"Les tracteurs de remorquage de Linde Material Handling sont con\u00e7us pour le transport de charges lourdes avec une efficacit\u00e9 et une s\u00e9curit\u00e9...\" \/>\n<meta property=\"og:url\" content=\"https:\/\/trevotech.com\/fr\/produto\/tracteurs-de-remorquage\/\" \/>\n<meta property=\"og:site_name\" content=\"Trevotech Group\" \/>\n<meta property=\"article:modified_time\" content=\"2025-08-05T14:51:13+00:00\" \/>\n<meta property=\"og:image\" content=\"https:\/\/trevotech.com\/wp-content\/uploads\/2024\/10\/Linde_Tractores-de-Reboque.webp\" \/>\n\t<meta property=\"og:image:width\" content=\"1000\" \/>\n\t<meta property=\"og:image:height\" content=\"1000\" \/>\n\t<meta property=\"og:image:type\" content=\"image\/webp\" \/>\n<meta name=\"twitter:card\" content=\"summary_large_image\" \/>\n<meta name=\"twitter:label1\" content=\"Dur\u00e9e de lecture estim\u00e9e\" \/>\n\t<meta name=\"twitter:data1\" content=\"3 minutes\" \/>\n<script type=\"application\/ld+json\" class=\"yoast-schema-graph\">{\"@context\":\"https:\/\/schema.org\",\"@graph\":[{\"@type\":\"WebPage\",\"@id\":\"https:\/\/trevotech.com\/fr\/produto\/tracteurs-de-remorquage\/\",\"url\":\"https:\/\/trevotech.com\/fr\/produto\/tracteurs-de-remorquage\/\",\"name\":\"Tracteurs de Remorquage Linde - Trevotech Group\",\"isPartOf\":{\"@id\":\"https:\/\/trevotech.com\/fr\/#website\"},\"primaryImageOfPage\":{\"@id\":\"https:\/\/trevotech.com\/fr\/produto\/tracteurs-de-remorquage\/#primaryimage\"},\"image\":{\"@id\":\"https:\/\/trevotech.com\/fr\/produto\/tracteurs-de-remorquage\/#primaryimage\"},\"thumbnailUrl\":\"https:\/\/trevotech.com\/wp-content\/uploads\/2024\/10\/Linde_Tractores-de-Reboque.webp\",\"datePublished\":\"2024-10-22T11:34:14+00:00\",\"dateModified\":\"2025-08-05T14:51:13+00:00\",\"description\":\"Les tracteurs de remorquage de Linde Material Handling sont con\u00e7us pour le transport de charges lourdes avec une efficacit\u00e9 et une s\u00e9curit\u00e9...\",\"breadcrumb\":{\"@id\":\"https:\/\/trevotech.com\/fr\/produto\/tracteurs-de-remorquage\/#breadcrumb\"},\"inLanguage\":\"fr-FR\",\"potentialAction\":[{\"@type\":\"ReadAction\",\"target\":[\"https:\/\/trevotech.com\/fr\/produto\/tracteurs-de-remorquage\/\"]}]},{\"@type\":\"ImageObject\",\"inLanguage\":\"fr-FR\",\"@id\":\"https:\/\/trevotech.com\/fr\/produto\/tracteurs-de-remorquage\/#primaryimage\",\"url\":\"https:\/\/trevotech.com\/wp-content\/uploads\/2024\/10\/Linde_Tractores-de-Reboque.webp\",\"contentUrl\":\"https:\/\/trevotech.com\/wp-content\/uploads\/2024\/10\/Linde_Tractores-de-Reboque.webp\",\"width\":1000,\"height\":1000,\"caption\":\"Tractores de Reboque\"},{\"@type\":\"BreadcrumbList\",\"@id\":\"https:\/\/trevotech.com\/fr\/produto\/tracteurs-de-remorquage\/#breadcrumb\",\"itemListElement\":[{\"@type\":\"ListItem\",\"position\":1,\"name\":\"In\u00edcio\",\"item\":\"https:\/\/trevotech.com\/fr\/\"},{\"@type\":\"ListItem\",\"position\":2,\"name\":\"Produits\",\"item\":\"https:\/\/trevotech.com\/fr\/shop\/\"},{\"@type\":\"ListItem\",\"position\":3,\"name\":\"Tracteurs de Remorquage\"}]},{\"@type\":\"WebSite\",\"@id\":\"https:\/\/trevotech.com\/fr\/#website\",\"url\":\"https:\/\/trevotech.com\/fr\/\",\"name\":\"Trevotech Group\",\"description\":\"\",\"potentialAction\":[{\"@type\":\"SearchAction\",\"target\":{\"@type\":\"EntryPoint\",\"urlTemplate\":\"https:\/\/trevotech.com\/fr\/?s={search_term_string}\"},\"query-input\":{\"@type\":\"PropertyValueSpecification\",\"valueRequired\":true,\"valueName\":\"search_term_string\"}}],\"inLanguage\":\"fr-FR\"}]}<\/script>\n<!-- \/ Yoast SEO plugin. -->","yoast_head_json":{"title":"Tracteurs de Remorquage Linde - Trevotech Group","description":"Les tracteurs de remorquage de Linde Material Handling sont con\u00e7us pour le transport de charges lourdes avec une efficacit\u00e9 et une s\u00e9curit\u00e9...","robots":{"index":"index","follow":"follow","max-snippet":"max-snippet:-1","max-image-preview":"max-image-preview:large","max-video-preview":"max-video-preview:-1"},"canonical":"https:\/\/trevotech.com\/fr\/produto\/tracteurs-de-remorquage\/","og_locale":"fr_FR","og_type":"article","og_title":"Tracteurs de Remorquage Linde - Trevotech Group","og_description":"Les tracteurs de remorquage de Linde Material Handling sont con\u00e7us pour le transport de charges lourdes avec une efficacit\u00e9 et une s\u00e9curit\u00e9...","og_url":"https:\/\/trevotech.com\/fr\/produto\/tracteurs-de-remorquage\/","og_site_name":"Trevotech Group","article_modified_time":"2025-08-05T14:51:13+00:00","og_image":[{"width":1000,"height":1000,"url":"https:\/\/trevotech.com\/wp-content\/uploads\/2024\/10\/Linde_Tractores-de-Reboque.webp","type":"image\/webp"}],"twitter_card":"summary_large_image","twitter_misc":{"Dur\u00e9e de lecture estim\u00e9e":"3 minutes"},"schema":{"@context":"https:\/\/schema.org","@graph":[{"@type":"WebPage","@id":"https:\/\/trevotech.com\/fr\/produto\/tracteurs-de-remorquage\/","url":"https:\/\/trevotech.com\/fr\/produto\/tracteurs-de-remorquage\/","name":"Tracteurs de Remorquage Linde - Trevotech Group","isPartOf":{"@id":"https:\/\/trevotech.com\/fr\/#website"},"primaryImageOfPage":{"@id":"https:\/\/trevotech.com\/fr\/produto\/tracteurs-de-remorquage\/#primaryimage"},"image":{"@id":"https:\/\/trevotech.com\/fr\/produto\/tracteurs-de-remorquage\/#primaryimage"},"thumbnailUrl":"https:\/\/trevotech.com\/wp-content\/uploads\/2024\/10\/Linde_Tractores-de-Reboque.webp","datePublished":"2024-10-22T11:34:14+00:00","dateModified":"2025-08-05T14:51:13+00:00","description":"Les tracteurs de remorquage de Linde Material Handling sont con\u00e7us pour le transport de charges lourdes avec une efficacit\u00e9 et une s\u00e9curit\u00e9...","breadcrumb":{"@id":"https:\/\/trevotech.com\/fr\/produto\/tracteurs-de-remorquage\/#breadcrumb"},"inLanguage":"fr-FR","potentialAction":[{"@type":"ReadAction","target":["https:\/\/trevotech.com\/fr\/produto\/tracteurs-de-remorquage\/"]}]},{"@type":"ImageObject","inLanguage":"fr-FR","@id":"https:\/\/trevotech.com\/fr\/produto\/tracteurs-de-remorquage\/#primaryimage","url":"https:\/\/trevotech.com\/wp-content\/uploads\/2024\/10\/Linde_Tractores-de-Reboque.webp","contentUrl":"https:\/\/trevotech.com\/wp-content\/uploads\/2024\/10\/Linde_Tractores-de-Reboque.webp","width":1000,"height":1000,"caption":"Tractores de Reboque"},{"@type":"BreadcrumbList","@id":"https:\/\/trevotech.com\/fr\/produto\/tracteurs-de-remorquage\/#breadcrumb","itemListElement":[{"@type":"ListItem","position":1,"name":"In\u00edcio","item":"https:\/\/trevotech.com\/fr\/"},{"@type":"ListItem","position":2,"name":"Produits","item":"https:\/\/trevotech.com\/fr\/shop\/"},{"@type":"ListItem","position":3,"name":"Tracteurs de Remorquage"}]},{"@type":"WebSite","@id":"https:\/\/trevotech.com\/fr\/#website","url":"https:\/\/trevotech.com\/fr\/","name":"Trevotech Group","description":"","potentialAction":[{"@type":"SearchAction","target":{"@type":"EntryPoint","urlTemplate":"https:\/\/trevotech.com\/fr\/?s={search_term_string}"},"query-input":{"@type":"PropertyValueSpecification","valueRequired":true,"valueName":"search_term_string"}}],"inLanguage":"fr-FR"}]}},"_links":{"self":[{"href":"https:\/\/trevotech.com\/fr\/wp-json\/wp\/v2\/product\/3746","targetHints":{"allow":["GET"]}}],"collection":[{"href":"https:\/\/trevotech.com\/fr\/wp-json\/wp\/v2\/product"}],"about":[{"href":"https:\/\/trevotech.com\/fr\/wp-json\/wp\/v2\/types\/product"}],"replies":[{"embeddable":true,"href":"https:\/\/trevotech.com\/fr\/wp-json\/wp\/v2\/comments?post=3746"}],"wp:featuredmedia":[{"embeddable":true,"href":"https:\/\/trevotech.com\/fr\/wp-json\/wp\/v2\/media\/3747"}],"wp:attachment":[{"href":"https:\/\/trevotech.com\/fr\/wp-json\/wp\/v2\/media?parent=3746"}],"wp:term":[{"taxonomy":"product_brand","embeddable":true,"href":"https:\/\/trevotech.com\/fr\/wp-json\/wp\/v2\/product_brand?post=3746"},{"taxonomy":"product_cat","embeddable":true,"href":"https:\/\/trevotech.com\/fr\/wp-json\/wp\/v2\/product_cat?post=3746"},{"taxonomy":"product_tag","embeddable":true,"href":"https:\/\/trevotech.com\/fr\/wp-json\/wp\/v2\/product_tag?post=3746"}],"curies":[{"name":"wp","href":"https:\/\/api.w.org\/{rel}","templated":true}]}}