{"id":3750,"date":"2024-11-11T11:25:08","date_gmt":"2024-11-11T11:25:08","guid":{"rendered":"https:\/\/trevotech.com\/produto\/reach-trucks\/"},"modified":"2025-08-05T14:51:33","modified_gmt":"2025-08-05T14:51:33","slug":"chariots-elevateurs-a-mat-retractable","status":"publish","type":"product","link":"https:\/\/trevotech.com\/fr\/produto\/chariots-elevateurs-a-mat-retractable\/","title":{"rendered":"Chariots \u00c9l\u00e9vateurs \u00e0 M\u00e2t R\u00e9tractable"},"content":{"rendered":"<p><span style=\"font-weight: 400;\">Les chariots \u00e9l\u00e9vateurs \u00e0 m\u00e2t r\u00e9tractable de Linde Material Handling sont con\u00e7us pour optimiser la manutention dans les entrep\u00f4ts avec rayonnages en hauteur et all\u00e9es \u00e9troites, en garantissant efficacit\u00e9, s\u00e9curit\u00e9 et confort.<\/span><\/p>\n<p><span style=\"font-weight: 400;\">Avec des capacit\u00e9s allant jusqu\u2019\u00e0 2,5 tonnes et des hauteurs de levage pouvant atteindre 14 m\u00e8tres, ils int\u00e8grent des syst\u00e8mes avanc\u00e9s tels que l\u2019ajustement automatique de la vitesse et la compensation des oscillations du m\u00e2t, am\u00e9liorant ainsi la productivit\u00e9 et la s\u00e9curit\u00e9.<\/span><\/p>\n<p><span style=\"font-weight: 400;\">Les cabines ergonomiques et des fonctionnalit\u00e9s comme le syst\u00e8me Linde Load Control assurent une conduite fluide et sans fatigue.<\/span><span style=\"font-weight: 400;\"><br \/>\n<\/span><span style=\"font-weight: 400;\">De plus, ces chariots se distinguent par leur faible co\u00fbt d\u2019exploitation, gr\u00e2ce \u00e0 des composants \u00e0 faible maintenance et des intervalles d\u2019entretien prolong\u00e9s, en faisant une solution fiable et polyvalente pour relever les d\u00e9fis logistiques modernes.<\/span><\/p>\n<p><span style=\"font-weight: 400;\">Les chariots \u00e9l\u00e9vateurs \u00e0 m\u00e2t r\u00e9tractable de Linde Material Handling sont con\u00e7us pour optimiser la manutention dans les entrep\u00f4ts avec rayonnages en hauteur et all\u00e9es \u00e9troites, en garantissant efficacit\u00e9, s\u00e9curit\u00e9 et confort.<\/span><\/p>\n<p><span style=\"font-weight: 400;\">Avec des capacit\u00e9s allant jusqu\u2019\u00e0 2,5 tonnes et des hauteurs de levage pouvant atteindre 14 m\u00e8tres, ils int\u00e8grent des syst\u00e8mes avanc\u00e9s tels que l\u2019ajustement automatique de la vitesse et la compensation des oscillations du m\u00e2t, am\u00e9liorant ainsi la productivit\u00e9 et la s\u00e9curit\u00e9.<\/span><\/p>\n<p><span style=\"font-weight: 400;\">Les cabines ergonomiques et des fonctionnalit\u00e9s comme le syst\u00e8me Linde Load Control assurent une conduite fluide et sans fatigue.<\/span><span style=\"font-weight: 400;\"><br \/>\n<\/span><span style=\"font-weight: 400;\">De plus, ces chariots se distinguent par leur faible co\u00fbt d\u2019exploitation, gr\u00e2ce \u00e0 des composants \u00e0 faible maintenance et des intervalles d\u2019entretien prolong\u00e9s, en faisant une solution fiable et polyvalente pour relever les d\u00e9fis logistiques modernes.<\/span><\/p>\n","protected":false},"excerpt":{"rendered":"<p>Les chariots \u00e9l\u00e9vateurs \u00e0 m\u00e2t r\u00e9tractable de Linde Material Handling sont con\u00e7us pour optimiser la manutention dans les entrep\u00f4ts avec rayonnages en hauteur et all\u00e9es \u00e9troites, en garantissant efficacit\u00e9, s\u00e9curit\u00e9 et confort.<br \/>\nAvec des capacit\u00e9s allant jusqu\u2019\u00e0 2,5 tonnes et des hauteurs de levage pouvant atteindre 14 m\u00e8tres, ils int\u00e8grent des syst\u00e8mes avanc\u00e9s tels que l\u2019ajustement automatique de la vitesse et la compensation des oscillations du m\u00e2t, am\u00e9liorant ainsi la productivit\u00e9 et la s\u00e9curit\u00e9.<br \/>\nLes cabines ergonomiques et des fonctionnalit\u00e9s comme le syst\u00e8me Linde Load Control assurent une conduite fluide et sans fatigue.<br \/>\nDe plus, ces chariots se distinguent par leur faible co\u00fbt d\u2019exploitation, gr\u00e2ce \u00e0 des composants \u00e0 faible maintenance et des intervalles d\u2019entretien prolong\u00e9s, en faisant une solution fiable et polyvalente pour relever les d\u00e9fis logistiques modernes.<\/p>\n","protected":false},"featured_media":3749,"comment_status":"open","ping_status":"closed","template":"","meta":{"_acf_changed":false},"product_brand":[],"product_cat":[458],"product_tag":[],"class_list":{"0":"post-3750","1":"product","2":"type-product","3":"status-publish","4":"has-post-thumbnail","6":"product_cat-sem-categoria-fr","7":"setores-manutention","8":"setores-petrole-et-gaz","9":"marcas-linde","10":"tipo_produto-chariots-a-mat-retractable","12":"first","13":"instock","14":"shipping-taxable","15":"product-type-simple"},"acf":[],"yoast_head":"<!-- This site is optimized with the Yoast SEO plugin v25.2 - https:\/\/yoast.com\/wordpress\/plugins\/seo\/ -->\n<title>Chariots \u00c9l\u00e9vateurs \u00e0 M\u00e2t R\u00e9tractable Linde - Trevotech Group<\/title>\n<meta name=\"description\" content=\"Les chariots \u00e9l\u00e9vateurs \u00e0 m\u00e2t r\u00e9tractable de Linde Material Handling sont con\u00e7us pour optimiser la manutention dans les entrep\u00f4ts...\" \/>\n<meta name=\"robots\" content=\"index, follow, max-snippet:-1, max-image-preview:large, max-video-preview:-1\" \/>\n<link rel=\"canonical\" href=\"https:\/\/trevotech.com\/fr\/produto\/chariots-elevateurs-a-mat-retractable\/\" \/>\n<meta property=\"og:locale\" content=\"fr_FR\" \/>\n<meta property=\"og:type\" content=\"article\" \/>\n<meta property=\"og:title\" content=\"Chariots \u00c9l\u00e9vateurs \u00e0 M\u00e2t R\u00e9tractable Linde - Trevotech Group\" \/>\n<meta property=\"og:description\" content=\"Les chariots \u00e9l\u00e9vateurs \u00e0 m\u00e2t r\u00e9tractable de Linde Material Handling sont con\u00e7us pour optimiser la manutention dans les entrep\u00f4ts...\" \/>\n<meta property=\"og:url\" content=\"https:\/\/trevotech.com\/fr\/produto\/chariots-elevateurs-a-mat-retractable\/\" \/>\n<meta property=\"og:site_name\" content=\"Trevotech Group\" \/>\n<meta property=\"article:modified_time\" content=\"2025-08-05T14:51:33+00:00\" \/>\n<meta property=\"og:image\" content=\"https:\/\/trevotech.com\/wp-content\/uploads\/2024\/10\/Linde_Empilhadores-Retrateis.webp\" \/>\n\t<meta property=\"og:image:width\" content=\"1000\" \/>\n\t<meta property=\"og:image:height\" content=\"1000\" \/>\n\t<meta property=\"og:image:type\" content=\"image\/webp\" \/>\n<meta name=\"twitter:card\" content=\"summary_large_image\" \/>\n<meta name=\"twitter:label1\" content=\"Dur\u00e9e de lecture estim\u00e9e\" \/>\n\t<meta name=\"twitter:data1\" content=\"2 minutes\" \/>\n<script type=\"application\/ld+json\" class=\"yoast-schema-graph\">{\"@context\":\"https:\/\/schema.org\",\"@graph\":[{\"@type\":\"WebPage\",\"@id\":\"https:\/\/trevotech.com\/fr\/produto\/chariots-elevateurs-a-mat-retractable\/\",\"url\":\"https:\/\/trevotech.com\/fr\/produto\/chariots-elevateurs-a-mat-retractable\/\",\"name\":\"Chariots \u00c9l\u00e9vateurs \u00e0 M\u00e2t R\u00e9tractable Linde - Trevotech Group\",\"isPartOf\":{\"@id\":\"https:\/\/trevotech.com\/fr\/#website\"},\"primaryImageOfPage\":{\"@id\":\"https:\/\/trevotech.com\/fr\/produto\/chariots-elevateurs-a-mat-retractable\/#primaryimage\"},\"image\":{\"@id\":\"https:\/\/trevotech.com\/fr\/produto\/chariots-elevateurs-a-mat-retractable\/#primaryimage\"},\"thumbnailUrl\":\"https:\/\/trevotech.com\/wp-content\/uploads\/2024\/10\/Linde_Empilhadores-Retrateis.webp\",\"datePublished\":\"2024-11-11T11:25:08+00:00\",\"dateModified\":\"2025-08-05T14:51:33+00:00\",\"description\":\"Les chariots \u00e9l\u00e9vateurs \u00e0 m\u00e2t r\u00e9tractable de Linde Material Handling sont con\u00e7us pour optimiser la manutention dans les entrep\u00f4ts...\",\"breadcrumb\":{\"@id\":\"https:\/\/trevotech.com\/fr\/produto\/chariots-elevateurs-a-mat-retractable\/#breadcrumb\"},\"inLanguage\":\"fr-FR\",\"potentialAction\":[{\"@type\":\"ReadAction\",\"target\":[\"https:\/\/trevotech.com\/fr\/produto\/chariots-elevateurs-a-mat-retractable\/\"]}]},{\"@type\":\"ImageObject\",\"inLanguage\":\"fr-FR\",\"@id\":\"https:\/\/trevotech.com\/fr\/produto\/chariots-elevateurs-a-mat-retractable\/#primaryimage\",\"url\":\"https:\/\/trevotech.com\/wp-content\/uploads\/2024\/10\/Linde_Empilhadores-Retrateis.webp\",\"contentUrl\":\"https:\/\/trevotech.com\/wp-content\/uploads\/2024\/10\/Linde_Empilhadores-Retrateis.webp\",\"width\":1000,\"height\":1000,\"caption\":\"Empty Containers Forklifts\"},{\"@type\":\"BreadcrumbList\",\"@id\":\"https:\/\/trevotech.com\/fr\/produto\/chariots-elevateurs-a-mat-retractable\/#breadcrumb\",\"itemListElement\":[{\"@type\":\"ListItem\",\"position\":1,\"name\":\"In\u00edcio\",\"item\":\"https:\/\/trevotech.com\/fr\/\"},{\"@type\":\"ListItem\",\"position\":2,\"name\":\"Produits\",\"item\":\"https:\/\/trevotech.com\/fr\/shop\/\"},{\"@type\":\"ListItem\",\"position\":3,\"name\":\"Chariots \u00c9l\u00e9vateurs \u00e0 M\u00e2t R\u00e9tractable\"}]},{\"@type\":\"WebSite\",\"@id\":\"https:\/\/trevotech.com\/fr\/#website\",\"url\":\"https:\/\/trevotech.com\/fr\/\",\"name\":\"Trevotech Group\",\"description\":\"\",\"potentialAction\":[{\"@type\":\"SearchAction\",\"target\":{\"@type\":\"EntryPoint\",\"urlTemplate\":\"https:\/\/trevotech.com\/fr\/?s={search_term_string}\"},\"query-input\":{\"@type\":\"PropertyValueSpecification\",\"valueRequired\":true,\"valueName\":\"search_term_string\"}}],\"inLanguage\":\"fr-FR\"}]}<\/script>\n<!-- \/ Yoast SEO plugin. -->","yoast_head_json":{"title":"Chariots \u00c9l\u00e9vateurs \u00e0 M\u00e2t R\u00e9tractable Linde - Trevotech Group","description":"Les chariots \u00e9l\u00e9vateurs \u00e0 m\u00e2t r\u00e9tractable de Linde Material Handling sont con\u00e7us pour optimiser la manutention dans les entrep\u00f4ts...","robots":{"index":"index","follow":"follow","max-snippet":"max-snippet:-1","max-image-preview":"max-image-preview:large","max-video-preview":"max-video-preview:-1"},"canonical":"https:\/\/trevotech.com\/fr\/produto\/chariots-elevateurs-a-mat-retractable\/","og_locale":"fr_FR","og_type":"article","og_title":"Chariots \u00c9l\u00e9vateurs \u00e0 M\u00e2t R\u00e9tractable Linde - Trevotech Group","og_description":"Les chariots \u00e9l\u00e9vateurs \u00e0 m\u00e2t r\u00e9tractable de Linde Material Handling sont con\u00e7us pour optimiser la manutention dans les entrep\u00f4ts...","og_url":"https:\/\/trevotech.com\/fr\/produto\/chariots-elevateurs-a-mat-retractable\/","og_site_name":"Trevotech Group","article_modified_time":"2025-08-05T14:51:33+00:00","og_image":[{"width":1000,"height":1000,"url":"https:\/\/trevotech.com\/wp-content\/uploads\/2024\/10\/Linde_Empilhadores-Retrateis.webp","type":"image\/webp"}],"twitter_card":"summary_large_image","twitter_misc":{"Dur\u00e9e de lecture estim\u00e9e":"2 minutes"},"schema":{"@context":"https:\/\/schema.org","@graph":[{"@type":"WebPage","@id":"https:\/\/trevotech.com\/fr\/produto\/chariots-elevateurs-a-mat-retractable\/","url":"https:\/\/trevotech.com\/fr\/produto\/chariots-elevateurs-a-mat-retractable\/","name":"Chariots \u00c9l\u00e9vateurs \u00e0 M\u00e2t R\u00e9tractable Linde - Trevotech Group","isPartOf":{"@id":"https:\/\/trevotech.com\/fr\/#website"},"primaryImageOfPage":{"@id":"https:\/\/trevotech.com\/fr\/produto\/chariots-elevateurs-a-mat-retractable\/#primaryimage"},"image":{"@id":"https:\/\/trevotech.com\/fr\/produto\/chariots-elevateurs-a-mat-retractable\/#primaryimage"},"thumbnailUrl":"https:\/\/trevotech.com\/wp-content\/uploads\/2024\/10\/Linde_Empilhadores-Retrateis.webp","datePublished":"2024-11-11T11:25:08+00:00","dateModified":"2025-08-05T14:51:33+00:00","description":"Les chariots \u00e9l\u00e9vateurs \u00e0 m\u00e2t r\u00e9tractable de Linde Material Handling sont con\u00e7us pour optimiser la manutention dans les entrep\u00f4ts...","breadcrumb":{"@id":"https:\/\/trevotech.com\/fr\/produto\/chariots-elevateurs-a-mat-retractable\/#breadcrumb"},"inLanguage":"fr-FR","potentialAction":[{"@type":"ReadAction","target":["https:\/\/trevotech.com\/fr\/produto\/chariots-elevateurs-a-mat-retractable\/"]}]},{"@type":"ImageObject","inLanguage":"fr-FR","@id":"https:\/\/trevotech.com\/fr\/produto\/chariots-elevateurs-a-mat-retractable\/#primaryimage","url":"https:\/\/trevotech.com\/wp-content\/uploads\/2024\/10\/Linde_Empilhadores-Retrateis.webp","contentUrl":"https:\/\/trevotech.com\/wp-content\/uploads\/2024\/10\/Linde_Empilhadores-Retrateis.webp","width":1000,"height":1000,"caption":"Empty Containers Forklifts"},{"@type":"BreadcrumbList","@id":"https:\/\/trevotech.com\/fr\/produto\/chariots-elevateurs-a-mat-retractable\/#breadcrumb","itemListElement":[{"@type":"ListItem","position":1,"name":"In\u00edcio","item":"https:\/\/trevotech.com\/fr\/"},{"@type":"ListItem","position":2,"name":"Produits","item":"https:\/\/trevotech.com\/fr\/shop\/"},{"@type":"ListItem","position":3,"name":"Chariots \u00c9l\u00e9vateurs \u00e0 M\u00e2t R\u00e9tractable"}]},{"@type":"WebSite","@id":"https:\/\/trevotech.com\/fr\/#website","url":"https:\/\/trevotech.com\/fr\/","name":"Trevotech Group","description":"","potentialAction":[{"@type":"SearchAction","target":{"@type":"EntryPoint","urlTemplate":"https:\/\/trevotech.com\/fr\/?s={search_term_string}"},"query-input":{"@type":"PropertyValueSpecification","valueRequired":true,"valueName":"search_term_string"}}],"inLanguage":"fr-FR"}]}},"_links":{"self":[{"href":"https:\/\/trevotech.com\/fr\/wp-json\/wp\/v2\/product\/3750","targetHints":{"allow":["GET"]}}],"collection":[{"href":"https:\/\/trevotech.com\/fr\/wp-json\/wp\/v2\/product"}],"about":[{"href":"https:\/\/trevotech.com\/fr\/wp-json\/wp\/v2\/types\/product"}],"replies":[{"embeddable":true,"href":"https:\/\/trevotech.com\/fr\/wp-json\/wp\/v2\/comments?post=3750"}],"wp:featuredmedia":[{"embeddable":true,"href":"https:\/\/trevotech.com\/fr\/wp-json\/wp\/v2\/media\/3749"}],"wp:attachment":[{"href":"https:\/\/trevotech.com\/fr\/wp-json\/wp\/v2\/media?parent=3750"}],"wp:term":[{"taxonomy":"product_brand","embeddable":true,"href":"https:\/\/trevotech.com\/fr\/wp-json\/wp\/v2\/product_brand?post=3750"},{"taxonomy":"product_cat","embeddable":true,"href":"https:\/\/trevotech.com\/fr\/wp-json\/wp\/v2\/product_cat?post=3750"},{"taxonomy":"product_tag","embeddable":true,"href":"https:\/\/trevotech.com\/fr\/wp-json\/wp\/v2\/product_tag?post=3750"}],"curies":[{"name":"wp","href":"https:\/\/api.w.org\/{rel}","templated":true}]}}