{"id":3766,"date":"2024-11-06T12:29:16","date_gmt":"2024-11-06T12:29:16","guid":{"rendered":"https:\/\/trevotech.com\/produto\/materiaux-avances\/"},"modified":"2026-01-23T09:06:42","modified_gmt":"2026-01-23T09:06:42","slug":"nutrition-animale","status":"publish","type":"product","link":"https:\/\/trevotech.com\/fr\/produto\/nutrition-animale\/","title":{"rendered":"Nutrition Animale"},"content":{"rendered":"<p data-start=\"476\" data-end=\"541\"><strong data-start=\"476\" data-end=\"541\">Solutions pour une production durable Nutrition Animale<\/strong><\/p>\n<p data-start=\"543\" data-end=\"897\">Nos solutions pour Nutrition Animale vous aident \u00e0 produire des aliments de haute qualit\u00e9 et \u00e0 utiliser vos mati\u00e8res premi\u00e8res et votre \u00e9nergie de mani\u00e8re \u00e9conomique. En tant que partenaire technologique disposant d\u2019une longue exp\u00e9rience dans le secteur, nous vous accompagnons dans tous les aspects de la production d\u2019aliments fiables pour animaux.<\/p>\n<p><span style=\"font-weight: 400;\">Ses syst\u00e8mes avanc\u00e9s sont con\u00e7us pour optimiser le processus de mouture, garantissant des farines et des produits c\u00e9r\u00e9aliers de haute qualit\u00e9 r\u00e9pondant aux diverses exigences du secteur alimentaire.<\/span><span style=\"font-weight: 400;\"><br \/>\n<\/span><span style=\"font-weight: 400;\"> La technologie B\u00fchler int\u00e8gre des techniques de tri, de mouture et de purification de pointe, am\u00e9liorant l\u2019efficacit\u00e9 et la r\u00e9gularit\u00e9 des produits. Ax\u00e9es sur la durabilit\u00e9 et l\u2019innovation, ses solutions aident les entreprises \u00e0 r\u00e9duire les d\u00e9chets, la consommation d\u2019\u00e9nergie et les co\u00fbts d\u2019exploitation, tout en maintenant une qualit\u00e9 de produit exceptionnelle. Les \u00e9quipements B\u00fchler soutiennent l\u2019ensemble de la cha\u00eene de valeur des grains, du traitement des mati\u00e8res premi\u00e8res \u00e0 la livraison de produits premium pr\u00eats \u00e0 \u00eatre commercialis\u00e9s.<\/span><\/p>\n<p>Nos solutions pour Nutrition Animale vous aident \u00e0 produire des aliments de haute qualit\u00e9 et \u00e0 utiliser vos mati\u00e8res premi\u00e8res et votre \u00e9nergie de mani\u00e8re \u00e9conomique. En tant que partenaire technologique disposant d\u2019une longue exp\u00e9rience dans le secteur, nous vous accompagnons dans tous les aspects de la production d\u2019aliments fiables pour animaux.<\/p>\n<p><span style=\"font-weight: 400;\">La division des mat\u00e9riaux avanc\u00e9s de B\u00fchler fournit des \u00e9quipements de derni\u00e8re g\u00e9n\u00e9ration pour la transformation du bl\u00e9 et des grains, jouant un r\u00f4le essentiel dans les industries de la meunerie et du traitement des c\u00e9r\u00e9ales. <\/span><\/p>\n<p>Nos solutions pour Nutrition Animale vous aident \u00e0 produire des aliments de haute qualit\u00e9 et \u00e0 utiliser vos mati\u00e8res premi\u00e8res et votre \u00e9nergie de mani\u00e8re \u00e9conomique. En tant que partenaire technologique disposant d\u2019une longue exp\u00e9rience dans le secteur, nous vous accompagnons dans tous les aspects de la production d\u2019aliments fiables pour animaux.<\/p>\n<p><span style=\"font-weight: 400;\">Ses syst\u00e8mes avanc\u00e9s sont con\u00e7us pour optimiser le processus de mouture, garantissant des farines et des produits c\u00e9r\u00e9aliers de haute qualit\u00e9 r\u00e9pondant aux diverses exigences du secteur alimentaire.<\/span><span style=\"font-weight: 400;\"><br \/>\n<\/span><\/p>\n","protected":false},"excerpt":{"rendered":"<p data-start=\"476\" data-end=\"541\"><strong data-start=\"476\" data-end=\"541\">Solutions pour une production durable d\u2019aliments pour animaux<\/strong><\/p>\n<p data-start=\"543\" data-end=\"897\">Nos solutions pour l\u2019alimentation animale vous aident \u00e0 produire des aliments de haute qualit\u00e9 et \u00e0 utiliser vos mati\u00e8res premi\u00e8res et votre \u00e9nergie de mani\u00e8re \u00e9conomique. En tant que partenaire technologique disposant d\u2019une longue exp\u00e9rience dans le secteur, nous vous accompagnons dans tous les aspects de la production d\u2019aliments fiables pour animaux.<\/p>\n","protected":false},"featured_media":4512,"comment_status":"open","ping_status":"closed","template":"","meta":{"_acf_changed":false},"product_brand":[],"product_cat":[458],"product_tag":[],"class_list":{"0":"post-3766","1":"product","2":"type-product","3":"status-publish","4":"has-post-thumbnail","6":"product_cat-sem-categoria-fr","7":"setores-industrie","8":"marcas-buhler","9":"tipo_produto-equipements-et-machines-industriels","11":"first","12":"instock","13":"shipping-taxable","14":"product-type-simple"},"acf":[],"yoast_head":"<!-- This site is optimized with the Yoast SEO plugin v25.2 - https:\/\/yoast.com\/wordpress\/plugins\/seo\/ -->\n<title>Nutrition Animale Buhler - Trevotech Group<\/title>\n<meta name=\"description\" content=\"Nutrition Animale: Solutions pour une production durable d\u2019aliments pour animaux: Nos solutions pour l\u2019alimentation animale vous aident \u00e0...\" \/>\n<meta name=\"robots\" content=\"index, follow, max-snippet:-1, max-image-preview:large, max-video-preview:-1\" \/>\n<link rel=\"canonical\" href=\"https:\/\/trevotech.com\/fr\/produto\/nutrition-animale\/\" \/>\n<meta property=\"og:locale\" content=\"fr_FR\" \/>\n<meta property=\"og:type\" content=\"article\" \/>\n<meta property=\"og:title\" content=\"Nutrition Animale Buhler - Trevotech Group\" \/>\n<meta property=\"og:description\" content=\"Nutrition Animale: Solutions pour une production durable d\u2019aliments pour animaux: Nos solutions pour l\u2019alimentation animale vous aident \u00e0...\" \/>\n<meta property=\"og:url\" content=\"https:\/\/trevotech.com\/fr\/produto\/nutrition-animale\/\" \/>\n<meta property=\"og:site_name\" content=\"Trevotech Group\" \/>\n<meta property=\"article:modified_time\" content=\"2026-01-23T09:06:42+00:00\" \/>\n<meta property=\"og:image\" content=\"https:\/\/trevotech.com\/wp-content\/uploads\/2024\/11\/Buhler_-02_Converted-Copia.webp\" \/>\n\t<meta property=\"og:image:width\" content=\"1000\" \/>\n\t<meta property=\"og:image:height\" content=\"1000\" \/>\n\t<meta property=\"og:image:type\" content=\"image\/webp\" \/>\n<meta name=\"twitter:card\" content=\"summary_large_image\" \/>\n<meta name=\"twitter:label1\" content=\"Dur\u00e9e de lecture estim\u00e9e\" \/>\n\t<meta name=\"twitter:data1\" content=\"3 minutes\" \/>\n<script type=\"application\/ld+json\" class=\"yoast-schema-graph\">{\"@context\":\"https:\/\/schema.org\",\"@graph\":[{\"@type\":\"WebPage\",\"@id\":\"https:\/\/trevotech.com\/fr\/produto\/nutrition-animale\/\",\"url\":\"https:\/\/trevotech.com\/fr\/produto\/nutrition-animale\/\",\"name\":\"Nutrition Animale Buhler - Trevotech Group\",\"isPartOf\":{\"@id\":\"https:\/\/trevotech.com\/fr\/#website\"},\"primaryImageOfPage\":{\"@id\":\"https:\/\/trevotech.com\/fr\/produto\/nutrition-animale\/#primaryimage\"},\"image\":{\"@id\":\"https:\/\/trevotech.com\/fr\/produto\/nutrition-animale\/#primaryimage\"},\"thumbnailUrl\":\"https:\/\/trevotech.com\/wp-content\/uploads\/2024\/11\/Buhler_-02_Converted-Copia.webp\",\"datePublished\":\"2024-11-06T12:29:16+00:00\",\"dateModified\":\"2026-01-23T09:06:42+00:00\",\"description\":\"Nutrition Animale: Solutions pour une production durable d\u2019aliments pour animaux: Nos solutions pour l\u2019alimentation animale vous aident \u00e0...\",\"breadcrumb\":{\"@id\":\"https:\/\/trevotech.com\/fr\/produto\/nutrition-animale\/#breadcrumb\"},\"inLanguage\":\"fr-FR\",\"potentialAction\":[{\"@type\":\"ReadAction\",\"target\":[\"https:\/\/trevotech.com\/fr\/produto\/nutrition-animale\/\"]}]},{\"@type\":\"ImageObject\",\"inLanguage\":\"fr-FR\",\"@id\":\"https:\/\/trevotech.com\/fr\/produto\/nutrition-animale\/#primaryimage\",\"url\":\"https:\/\/trevotech.com\/wp-content\/uploads\/2024\/11\/Buhler_-02_Converted-Copia.webp\",\"contentUrl\":\"https:\/\/trevotech.com\/wp-content\/uploads\/2024\/11\/Buhler_-02_Converted-Copia.webp\",\"width\":1000,\"height\":1000,\"caption\":\"Nutri\u00e7\u00e3o Animal\"},{\"@type\":\"BreadcrumbList\",\"@id\":\"https:\/\/trevotech.com\/fr\/produto\/nutrition-animale\/#breadcrumb\",\"itemListElement\":[{\"@type\":\"ListItem\",\"position\":1,\"name\":\"In\u00edcio\",\"item\":\"https:\/\/trevotech.com\/fr\/\"},{\"@type\":\"ListItem\",\"position\":2,\"name\":\"Produits\",\"item\":\"https:\/\/trevotech.com\/fr\/shop\/\"},{\"@type\":\"ListItem\",\"position\":3,\"name\":\"Nutrition Animale\"}]},{\"@type\":\"WebSite\",\"@id\":\"https:\/\/trevotech.com\/fr\/#website\",\"url\":\"https:\/\/trevotech.com\/fr\/\",\"name\":\"Trevotech Group\",\"description\":\"\",\"potentialAction\":[{\"@type\":\"SearchAction\",\"target\":{\"@type\":\"EntryPoint\",\"urlTemplate\":\"https:\/\/trevotech.com\/fr\/?s={search_term_string}\"},\"query-input\":{\"@type\":\"PropertyValueSpecification\",\"valueRequired\":true,\"valueName\":\"search_term_string\"}}],\"inLanguage\":\"fr-FR\"}]}<\/script>\n<!-- \/ Yoast SEO plugin. -->","yoast_head_json":{"title":"Nutrition Animale Buhler - Trevotech Group","description":"Nutrition Animale: Solutions pour une production durable d\u2019aliments pour animaux: Nos solutions pour l\u2019alimentation animale vous aident \u00e0...","robots":{"index":"index","follow":"follow","max-snippet":"max-snippet:-1","max-image-preview":"max-image-preview:large","max-video-preview":"max-video-preview:-1"},"canonical":"https:\/\/trevotech.com\/fr\/produto\/nutrition-animale\/","og_locale":"fr_FR","og_type":"article","og_title":"Nutrition Animale Buhler - Trevotech Group","og_description":"Nutrition Animale: Solutions pour une production durable d\u2019aliments pour animaux: Nos solutions pour l\u2019alimentation animale vous aident \u00e0...","og_url":"https:\/\/trevotech.com\/fr\/produto\/nutrition-animale\/","og_site_name":"Trevotech Group","article_modified_time":"2026-01-23T09:06:42+00:00","og_image":[{"width":1000,"height":1000,"url":"https:\/\/trevotech.com\/wp-content\/uploads\/2024\/11\/Buhler_-02_Converted-Copia.webp","type":"image\/webp"}],"twitter_card":"summary_large_image","twitter_misc":{"Dur\u00e9e de lecture estim\u00e9e":"3 minutes"},"schema":{"@context":"https:\/\/schema.org","@graph":[{"@type":"WebPage","@id":"https:\/\/trevotech.com\/fr\/produto\/nutrition-animale\/","url":"https:\/\/trevotech.com\/fr\/produto\/nutrition-animale\/","name":"Nutrition Animale Buhler - Trevotech Group","isPartOf":{"@id":"https:\/\/trevotech.com\/fr\/#website"},"primaryImageOfPage":{"@id":"https:\/\/trevotech.com\/fr\/produto\/nutrition-animale\/#primaryimage"},"image":{"@id":"https:\/\/trevotech.com\/fr\/produto\/nutrition-animale\/#primaryimage"},"thumbnailUrl":"https:\/\/trevotech.com\/wp-content\/uploads\/2024\/11\/Buhler_-02_Converted-Copia.webp","datePublished":"2024-11-06T12:29:16+00:00","dateModified":"2026-01-23T09:06:42+00:00","description":"Nutrition Animale: Solutions pour une production durable d\u2019aliments pour animaux: Nos solutions pour l\u2019alimentation animale vous aident \u00e0...","breadcrumb":{"@id":"https:\/\/trevotech.com\/fr\/produto\/nutrition-animale\/#breadcrumb"},"inLanguage":"fr-FR","potentialAction":[{"@type":"ReadAction","target":["https:\/\/trevotech.com\/fr\/produto\/nutrition-animale\/"]}]},{"@type":"ImageObject","inLanguage":"fr-FR","@id":"https:\/\/trevotech.com\/fr\/produto\/nutrition-animale\/#primaryimage","url":"https:\/\/trevotech.com\/wp-content\/uploads\/2024\/11\/Buhler_-02_Converted-Copia.webp","contentUrl":"https:\/\/trevotech.com\/wp-content\/uploads\/2024\/11\/Buhler_-02_Converted-Copia.webp","width":1000,"height":1000,"caption":"Nutri\u00e7\u00e3o Animal"},{"@type":"BreadcrumbList","@id":"https:\/\/trevotech.com\/fr\/produto\/nutrition-animale\/#breadcrumb","itemListElement":[{"@type":"ListItem","position":1,"name":"In\u00edcio","item":"https:\/\/trevotech.com\/fr\/"},{"@type":"ListItem","position":2,"name":"Produits","item":"https:\/\/trevotech.com\/fr\/shop\/"},{"@type":"ListItem","position":3,"name":"Nutrition Animale"}]},{"@type":"WebSite","@id":"https:\/\/trevotech.com\/fr\/#website","url":"https:\/\/trevotech.com\/fr\/","name":"Trevotech Group","description":"","potentialAction":[{"@type":"SearchAction","target":{"@type":"EntryPoint","urlTemplate":"https:\/\/trevotech.com\/fr\/?s={search_term_string}"},"query-input":{"@type":"PropertyValueSpecification","valueRequired":true,"valueName":"search_term_string"}}],"inLanguage":"fr-FR"}]}},"_links":{"self":[{"href":"https:\/\/trevotech.com\/fr\/wp-json\/wp\/v2\/product\/3766","targetHints":{"allow":["GET"]}}],"collection":[{"href":"https:\/\/trevotech.com\/fr\/wp-json\/wp\/v2\/product"}],"about":[{"href":"https:\/\/trevotech.com\/fr\/wp-json\/wp\/v2\/types\/product"}],"replies":[{"embeddable":true,"href":"https:\/\/trevotech.com\/fr\/wp-json\/wp\/v2\/comments?post=3766"}],"wp:featuredmedia":[{"embeddable":true,"href":"https:\/\/trevotech.com\/fr\/wp-json\/wp\/v2\/media\/4512"}],"wp:attachment":[{"href":"https:\/\/trevotech.com\/fr\/wp-json\/wp\/v2\/media?parent=3766"}],"wp:term":[{"taxonomy":"product_brand","embeddable":true,"href":"https:\/\/trevotech.com\/fr\/wp-json\/wp\/v2\/product_brand?post=3766"},{"taxonomy":"product_cat","embeddable":true,"href":"https:\/\/trevotech.com\/fr\/wp-json\/wp\/v2\/product_cat?post=3766"},{"taxonomy":"product_tag","embeddable":true,"href":"https:\/\/trevotech.com\/fr\/wp-json\/wp\/v2\/product_tag?post=3766"}],"curies":[{"name":"wp","href":"https:\/\/api.w.org\/{rel}","templated":true}]}}