{"id":3771,"date":"2024-11-06T12:27:37","date_gmt":"2024-11-06T12:27:37","guid":{"rendered":"https:\/\/trevotech.com\/produto\/tecnologias-de-processos\/"},"modified":"2026-01-23T15:19:16","modified_gmt":"2026-01-23T15:19:16","slug":"pates","status":"publish","type":"product","link":"https:\/\/trevotech.com\/fr\/produto\/pates\/","title":{"rendered":"P\u00e2tes"},"content":{"rendered":"<p data-start=\"353\" data-end=\"418\"><strong data-start=\"373\" data-end=\"416\">Des solutions pour des p\u00e2tes parfaites.<\/strong><\/p>\n<p data-start=\"420\" data-end=\"724\" data-is-last-node=\"\" data-is-only-node=\"\">Nous avons une longue histoire dans le domaine des p\u00e2tes, qui remonte \u00e0 1903. Depuis lors, nous n\u2019avons cess\u00e9 d\u2019affiner notre technologie de production de p\u00e2tes. Aujourd\u2019hui, nous mettons toute cette expertise \u00e0 votre disposition pour vous aider \u00e0 produire des p\u00e2tes de haute qualit\u00e9 de mani\u00e8re rentable.<\/p>\n<p><span style=\"font-weight: 400;\"><br \/>\n<\/span><span style=\"font-weight: 400;\"> La technologie B\u00fchler comprend \u00e9galement des syst\u00e8mes avanc\u00e9s de tri et de traitement qui am\u00e9liorent la r\u00e9gularit\u00e9 des produits et r\u00e9duisent les pertes. En int\u00e9grant l\u2019automatisation et des pratiques durables, ses \u00e9quipements permettent aux entreprises du secteur des fruits secs et l\u00e9gumes d\u2019atteindre une productivit\u00e9 accrue, tout en minimisant la consommation d\u2019\u00e9nergie et les co\u00fbts d\u2019exploitation. Ces innovations contribuent \u00e0 la livraison de produits de haute qualit\u00e9, stables \u00e0 temp\u00e9rature ambiante, r\u00e9pondant \u00e0 la demande croissante pour des options alimentaires pratiques et nutritives.<\/span><\/p>\n<p data-start=\"353\" data-end=\"418\"><strong data-start=\"373\" data-end=\"416\">Des solutions pour des p\u00e2tes parfaites.<\/strong><\/p>\n<p data-start=\"420\" data-end=\"724\" data-is-last-node=\"\" data-is-only-node=\"\">Nous avons une longue histoire dans le domaine des p\u00e2tes, qui remonte \u00e0 1903. Depuis lors, nous n\u2019avons cess\u00e9 d\u2019affiner notre technologie de production de p\u00e2tes. Aujourd\u2019hui, nous mettons toute cette expertise \u00e0 votre disposition pour vous aider \u00e0 produire des p\u00e2tes de haute qualit\u00e9 de mani\u00e8re rentable.<\/p>\n<p><span style=\"font-weight: 400;\">La division des technologies de proc\u00e9d\u00e9s de B\u00fchler propose des \u00e9quipements sp\u00e9cialis\u00e9s pour la transformation des fruits secs et des l\u00e9gumes, avec pour objectif d\u2019am\u00e9liorer la qualit\u00e9 et l\u2019efficacit\u00e9 tout au long du processus de production. Les solutions B\u00fchler sont con\u00e7ues pour optimiser le s\u00e9chage, le broyage et le conditionnement, tout en pr\u00e9servant les saveurs naturelles, les textures et les nutriments des produits.<\/span><span style=\"font-weight: 400;\"><br \/>\n<\/span><span style=\"font-weight: 400;\"> La technologie B\u00fchler comprend \u00e9galement des syst\u00e8mes avanc\u00e9s de tri et de traitement qui am\u00e9liorent la r\u00e9gularit\u00e9 des produits et r\u00e9duisent les pertes. En int\u00e9grant l\u2019automatisation et des pratiques durables, ses \u00e9quipements permettent aux entreprises du secteur des fruits secs et l\u00e9gumes d\u2019atteindre une productivit\u00e9 accrue, tout en minimisant la consommation d\u2019\u00e9nergie et les co\u00fbts d\u2019exploitation. Ces innovations contribuent \u00e0 la livraison de produits de haute qualit\u00e9, stables \u00e0 temp\u00e9rature ambiante, r\u00e9pondant \u00e0 la demande croissante pour des options alimentaires pratiques et nutritives.<\/span><\/p>\n","protected":false},"excerpt":{"rendered":"<p data-start=\"353\" data-end=\"418\"><strong data-start=\"373\" data-end=\"416\">Des solutions pour des p\u00e2tes parfaites.<\/strong><\/p>\n<p data-start=\"420\" data-end=\"724\" data-is-last-node=\"\" data-is-only-node=\"\">Nous avons une longue histoire dans le domaine des p\u00e2tes, qui remonte \u00e0 1903. Depuis lors, nous n\u2019avons cess\u00e9 d\u2019affiner notre technologie de production de p\u00e2tes. Aujourd\u2019hui, nous mettons toute cette expertise \u00e0 votre disposition pour vous aider \u00e0 produire des p\u00e2tes de haute qualit\u00e9 de mani\u00e8re rentable.<\/p>\n","protected":false},"featured_media":4503,"comment_status":"open","ping_status":"closed","template":"","meta":{"_acf_changed":false},"product_brand":[],"product_cat":[458],"product_tag":[],"class_list":{"0":"post-3771","1":"product","2":"type-product","3":"status-publish","4":"has-post-thumbnail","6":"product_cat-sem-categoria-fr","7":"setores-industrie","8":"marcas-buhler","9":"tipo_produto-equipements-et-machines-industriels","11":"first","12":"instock","13":"shipping-taxable","14":"product-type-simple"},"acf":[],"yoast_head":"<!-- This site is optimized with the Yoast SEO plugin v25.2 - https:\/\/yoast.com\/wordpress\/plugins\/seo\/ -->\n<title>P\u00e2tes Buhler - Trevotech Group<\/title>\n<meta name=\"description\" content=\"Des solutions pour des p\u00e2tes parfaites.Nous avons une longue histoire dans le domaine des p\u00e2tes, qui remonte \u00e0 1903. Depuis lors, nous n\u2019avons...\" \/>\n<meta name=\"robots\" content=\"index, follow, max-snippet:-1, max-image-preview:large, max-video-preview:-1\" \/>\n<link rel=\"canonical\" href=\"https:\/\/trevotech.com\/fr\/produto\/pates\/\" \/>\n<meta property=\"og:locale\" content=\"fr_FR\" \/>\n<meta property=\"og:type\" content=\"article\" \/>\n<meta property=\"og:title\" content=\"P\u00e2tes Buhler - Trevotech Group\" \/>\n<meta property=\"og:description\" content=\"Des solutions pour des p\u00e2tes parfaites.Nous avons une longue histoire dans le domaine des p\u00e2tes, qui remonte \u00e0 1903. Depuis lors, nous n\u2019avons...\" \/>\n<meta property=\"og:url\" content=\"https:\/\/trevotech.com\/fr\/produto\/pates\/\" \/>\n<meta property=\"og:site_name\" content=\"Trevotech Group\" \/>\n<meta property=\"article:modified_time\" content=\"2026-01-23T15:19:16+00:00\" \/>\n<meta property=\"og:image\" content=\"https:\/\/trevotech.com\/wp-content\/uploads\/2024\/11\/Buhler_-03_Converted-Copia.webp\" \/>\n\t<meta property=\"og:image:width\" content=\"1000\" \/>\n\t<meta property=\"og:image:height\" content=\"1000\" \/>\n\t<meta property=\"og:image:type\" content=\"image\/webp\" \/>\n<meta name=\"twitter:card\" content=\"summary_large_image\" \/>\n<meta name=\"twitter:label1\" content=\"Dur\u00e9e de lecture estim\u00e9e\" \/>\n\t<meta name=\"twitter:data1\" content=\"3 minutes\" \/>\n<script type=\"application\/ld+json\" class=\"yoast-schema-graph\">{\"@context\":\"https:\/\/schema.org\",\"@graph\":[{\"@type\":\"WebPage\",\"@id\":\"https:\/\/trevotech.com\/fr\/produto\/pates\/\",\"url\":\"https:\/\/trevotech.com\/fr\/produto\/pates\/\",\"name\":\"P\u00e2tes Buhler - Trevotech Group\",\"isPartOf\":{\"@id\":\"https:\/\/trevotech.com\/fr\/#website\"},\"primaryImageOfPage\":{\"@id\":\"https:\/\/trevotech.com\/fr\/produto\/pates\/#primaryimage\"},\"image\":{\"@id\":\"https:\/\/trevotech.com\/fr\/produto\/pates\/#primaryimage\"},\"thumbnailUrl\":\"https:\/\/trevotech.com\/wp-content\/uploads\/2024\/11\/Buhler_-03_Converted-Copia.webp\",\"datePublished\":\"2024-11-06T12:27:37+00:00\",\"dateModified\":\"2026-01-23T15:19:16+00:00\",\"description\":\"Des solutions pour des p\u00e2tes parfaites.Nous avons une longue histoire dans le domaine des p\u00e2tes, qui remonte \u00e0 1903. Depuis lors, nous n\u2019avons...\",\"breadcrumb\":{\"@id\":\"https:\/\/trevotech.com\/fr\/produto\/pates\/#breadcrumb\"},\"inLanguage\":\"fr-FR\",\"potentialAction\":[{\"@type\":\"ReadAction\",\"target\":[\"https:\/\/trevotech.com\/fr\/produto\/pates\/\"]}]},{\"@type\":\"ImageObject\",\"inLanguage\":\"fr-FR\",\"@id\":\"https:\/\/trevotech.com\/fr\/produto\/pates\/#primaryimage\",\"url\":\"https:\/\/trevotech.com\/wp-content\/uploads\/2024\/11\/Buhler_-03_Converted-Copia.webp\",\"contentUrl\":\"https:\/\/trevotech.com\/wp-content\/uploads\/2024\/11\/Buhler_-03_Converted-Copia.webp\",\"width\":1000,\"height\":1000,\"caption\":\"Massa\"},{\"@type\":\"BreadcrumbList\",\"@id\":\"https:\/\/trevotech.com\/fr\/produto\/pates\/#breadcrumb\",\"itemListElement\":[{\"@type\":\"ListItem\",\"position\":1,\"name\":\"In\u00edcio\",\"item\":\"https:\/\/trevotech.com\/fr\/\"},{\"@type\":\"ListItem\",\"position\":2,\"name\":\"Produits\",\"item\":\"https:\/\/trevotech.com\/fr\/shop\/\"},{\"@type\":\"ListItem\",\"position\":3,\"name\":\"P\u00e2tes\"}]},{\"@type\":\"WebSite\",\"@id\":\"https:\/\/trevotech.com\/fr\/#website\",\"url\":\"https:\/\/trevotech.com\/fr\/\",\"name\":\"Trevotech Group\",\"description\":\"\",\"potentialAction\":[{\"@type\":\"SearchAction\",\"target\":{\"@type\":\"EntryPoint\",\"urlTemplate\":\"https:\/\/trevotech.com\/fr\/?s={search_term_string}\"},\"query-input\":{\"@type\":\"PropertyValueSpecification\",\"valueRequired\":true,\"valueName\":\"search_term_string\"}}],\"inLanguage\":\"fr-FR\"}]}<\/script>\n<!-- \/ Yoast SEO plugin. -->","yoast_head_json":{"title":"P\u00e2tes Buhler - Trevotech Group","description":"Des solutions pour des p\u00e2tes parfaites.Nous avons une longue histoire dans le domaine des p\u00e2tes, qui remonte \u00e0 1903. Depuis lors, nous n\u2019avons...","robots":{"index":"index","follow":"follow","max-snippet":"max-snippet:-1","max-image-preview":"max-image-preview:large","max-video-preview":"max-video-preview:-1"},"canonical":"https:\/\/trevotech.com\/fr\/produto\/pates\/","og_locale":"fr_FR","og_type":"article","og_title":"P\u00e2tes Buhler - Trevotech Group","og_description":"Des solutions pour des p\u00e2tes parfaites.Nous avons une longue histoire dans le domaine des p\u00e2tes, qui remonte \u00e0 1903. Depuis lors, nous n\u2019avons...","og_url":"https:\/\/trevotech.com\/fr\/produto\/pates\/","og_site_name":"Trevotech Group","article_modified_time":"2026-01-23T15:19:16+00:00","og_image":[{"width":1000,"height":1000,"url":"https:\/\/trevotech.com\/wp-content\/uploads\/2024\/11\/Buhler_-03_Converted-Copia.webp","type":"image\/webp"}],"twitter_card":"summary_large_image","twitter_misc":{"Dur\u00e9e de lecture estim\u00e9e":"3 minutes"},"schema":{"@context":"https:\/\/schema.org","@graph":[{"@type":"WebPage","@id":"https:\/\/trevotech.com\/fr\/produto\/pates\/","url":"https:\/\/trevotech.com\/fr\/produto\/pates\/","name":"P\u00e2tes Buhler - Trevotech Group","isPartOf":{"@id":"https:\/\/trevotech.com\/fr\/#website"},"primaryImageOfPage":{"@id":"https:\/\/trevotech.com\/fr\/produto\/pates\/#primaryimage"},"image":{"@id":"https:\/\/trevotech.com\/fr\/produto\/pates\/#primaryimage"},"thumbnailUrl":"https:\/\/trevotech.com\/wp-content\/uploads\/2024\/11\/Buhler_-03_Converted-Copia.webp","datePublished":"2024-11-06T12:27:37+00:00","dateModified":"2026-01-23T15:19:16+00:00","description":"Des solutions pour des p\u00e2tes parfaites.Nous avons une longue histoire dans le domaine des p\u00e2tes, qui remonte \u00e0 1903. Depuis lors, nous n\u2019avons...","breadcrumb":{"@id":"https:\/\/trevotech.com\/fr\/produto\/pates\/#breadcrumb"},"inLanguage":"fr-FR","potentialAction":[{"@type":"ReadAction","target":["https:\/\/trevotech.com\/fr\/produto\/pates\/"]}]},{"@type":"ImageObject","inLanguage":"fr-FR","@id":"https:\/\/trevotech.com\/fr\/produto\/pates\/#primaryimage","url":"https:\/\/trevotech.com\/wp-content\/uploads\/2024\/11\/Buhler_-03_Converted-Copia.webp","contentUrl":"https:\/\/trevotech.com\/wp-content\/uploads\/2024\/11\/Buhler_-03_Converted-Copia.webp","width":1000,"height":1000,"caption":"Massa"},{"@type":"BreadcrumbList","@id":"https:\/\/trevotech.com\/fr\/produto\/pates\/#breadcrumb","itemListElement":[{"@type":"ListItem","position":1,"name":"In\u00edcio","item":"https:\/\/trevotech.com\/fr\/"},{"@type":"ListItem","position":2,"name":"Produits","item":"https:\/\/trevotech.com\/fr\/shop\/"},{"@type":"ListItem","position":3,"name":"P\u00e2tes"}]},{"@type":"WebSite","@id":"https:\/\/trevotech.com\/fr\/#website","url":"https:\/\/trevotech.com\/fr\/","name":"Trevotech Group","description":"","potentialAction":[{"@type":"SearchAction","target":{"@type":"EntryPoint","urlTemplate":"https:\/\/trevotech.com\/fr\/?s={search_term_string}"},"query-input":{"@type":"PropertyValueSpecification","valueRequired":true,"valueName":"search_term_string"}}],"inLanguage":"fr-FR"}]}},"_links":{"self":[{"href":"https:\/\/trevotech.com\/fr\/wp-json\/wp\/v2\/product\/3771","targetHints":{"allow":["GET"]}}],"collection":[{"href":"https:\/\/trevotech.com\/fr\/wp-json\/wp\/v2\/product"}],"about":[{"href":"https:\/\/trevotech.com\/fr\/wp-json\/wp\/v2\/types\/product"}],"replies":[{"embeddable":true,"href":"https:\/\/trevotech.com\/fr\/wp-json\/wp\/v2\/comments?post=3771"}],"wp:featuredmedia":[{"embeddable":true,"href":"https:\/\/trevotech.com\/fr\/wp-json\/wp\/v2\/media\/4503"}],"wp:attachment":[{"href":"https:\/\/trevotech.com\/fr\/wp-json\/wp\/v2\/media?parent=3771"}],"wp:term":[{"taxonomy":"product_brand","embeddable":true,"href":"https:\/\/trevotech.com\/fr\/wp-json\/wp\/v2\/product_brand?post=3771"},{"taxonomy":"product_cat","embeddable":true,"href":"https:\/\/trevotech.com\/fr\/wp-json\/wp\/v2\/product_cat?post=3771"},{"taxonomy":"product_tag","embeddable":true,"href":"https:\/\/trevotech.com\/fr\/wp-json\/wp\/v2\/product_tag?post=3771"}],"curies":[{"name":"wp","href":"https:\/\/api.w.org\/{rel}","templated":true}]}}