{"id":3828,"date":"2024-11-06T15:52:19","date_gmt":"2024-11-06T15:52:19","guid":{"rendered":"https:\/\/trevotech.com\/produto\/potato-technology\/"},"modified":"2025-08-05T10:52:04","modified_gmt":"2025-08-05T10:52:04","slug":"equipements-de-culture-de-pommes-de-terre","status":"publish","type":"product","link":"https:\/\/trevotech.com\/fr\/produto\/equipements-de-culture-de-pommes-de-terre\/","title":{"rendered":"\u00c9quipements de Culture de Pommes de Terre"},"content":{"rendered":"<p><span style=\"font-weight: 400;\"><a href=\"http:\/\/Giti Pneus de haute qualit\u00e9, solutions personnalis\u00e9es pour les flottes, assistance technique sp\u00e9cialis\u00e9e et support client, garantissant toujours une s\u00e9curit\u00e9 et une efficacit\u00e9 maximales pour tous types de v\u00e9hicules routiers.\">GRIMME<\/a> est un leader mondial dans le domaine de la technologie pour la pomme de terre, proposant une gamme compl\u00e8te de machines pour chaque \u00e9tape du cycle de production, de la pr\u00e9paration du sol \u00e0 la r\u00e9colte et au stockage. Pour la plantation, les mod\u00e8les <\/span><i><span style=\"font-weight: 400;\">GL 420<\/span><\/i><span style=\"font-weight: 400;\"> et <\/span><i><span style=\"font-weight: 400;\">GL 860<\/span><\/i><span style=\"font-weight: 400;\"> assurent un espacement pr\u00e9cis et une profondeur constante des tubercules, avec des syst\u00e8mes d\u2019alimentation \u00e0 godets ou \u00e0 courroie et des largeurs de travail allant de 2 \u00e0 8 rangs. En mati\u00e8re de pr\u00e9paration du sol, les butteuses rotatives <\/span><i><span style=\"font-weight: 400;\">GF<\/span><\/i><span style=\"font-weight: 400;\"> et les broyeurs de fanes <\/span><i><span style=\"font-weight: 400;\">KS<\/span><\/i><span style=\"font-weight: 400;\"> assurent un bon formage des buttes et une gestion efficace des r\u00e9sidus, am\u00e9liorant ainsi la qualit\u00e9 des tubercules et le rendement \u00e0 la r\u00e9colte. Pour la r\u00e9colte, GRIMME propose des arracheuses train\u00e9es et automotrices telles que les <\/span><i><span style=\"font-weight: 400;\">SE 75-55<\/span><\/i><span style=\"font-weight: 400;\"> et <\/span><i><span style=\"font-weight: 400;\">SV 260<\/span><\/i><span style=\"font-weight: 400;\">, avec r\u00e9glage hydraulique de la profondeur, transport doux des tubercules et syst\u00e8mes de nettoyage performants. Le mod\u00e8le automoteur phare, le <\/span><i><span style=\"font-weight: 400;\">VARITRON 470<\/span><\/i><span style=\"font-weight: 400;\">, dispose d\u2019une prise de 4 rangs, de la traction <\/span><i><span style=\"font-weight: 400;\">VarioDrive<\/span><\/i><span style=\"font-weight: 400;\"> et d\u2019une tr\u00e9mie pouvant contenir jusqu\u2019\u00e0 7 tonnes. Pour le stockage, les tapis de r\u00e9ception <\/span><i><span style=\"font-weight: 400;\">RH<\/span><\/i><span style=\"font-weight: 400;\"> et les remplisseurs de caisses <\/span><i><span style=\"font-weight: 400;\">GBF<\/span><\/i><span style=\"font-weight: 400;\"> permettent un transfert en douceur, avec nettoyage et tri \u00e0 haut d\u00e9bit. Les \u00e9quipements pour pommes de terre de GRIMME allient ing\u00e9nierie de pr\u00e9cision, automatisation et adaptabilit\u00e9 \u2014 une r\u00e9f\u00e9rence mondiale pour les producteurs professionnels.<\/span><\/p>\n<p><span style=\"font-weight: 400;\">GRIMME est un leader mondial dans le domaine de la technologie pour la pomme de terre, proposant une gamme compl\u00e8te de machines pour chaque \u00e9tape du cycle de production, de la pr\u00e9paration du sol \u00e0 la r\u00e9colte et au stockage. Pour la plantation, les mod\u00e8les <\/span><i><span style=\"font-weight: 400;\">GL 420<\/span><\/i><span style=\"font-weight: 400;\"> et <\/span><i><span style=\"font-weight: 400;\">GL 860<\/span><\/i><span style=\"font-weight: 400;\"> assurent un espacement pr\u00e9cis et une profondeur constante des tubercules, avec des syst\u00e8mes d\u2019alimentation \u00e0 godets ou \u00e0 courroie et des largeurs de travail allant de 2 \u00e0 8 rangs. En mati\u00e8re de pr\u00e9paration du sol, les butteuses rotatives <\/span><i><span style=\"font-weight: 400;\">GF<\/span><\/i><span style=\"font-weight: 400;\"> et les broyeurs de fanes <\/span><i><span style=\"font-weight: 400;\">KS<\/span><\/i><span style=\"font-weight: 400;\"> assurent un bon formage des buttes et une gestion efficace des r\u00e9sidus, am\u00e9liorant ainsi la qualit\u00e9 des tubercules et le rendement \u00e0 la r\u00e9colte. Pour la r\u00e9colte, GRIMME propose des arracheuses train\u00e9es et automotrices telles que les <\/span><i><span style=\"font-weight: 400;\">SE 75-55<\/span><\/i><span style=\"font-weight: 400;\"> et <\/span><i><span style=\"font-weight: 400;\">SV 260<\/span><\/i><span style=\"font-weight: 400;\">, avec r\u00e9glage hydraulique de la profondeur, transport doux des tubercules et syst\u00e8mes de nettoyage performants. Le mod\u00e8le automoteur phare, le <\/span><i><span style=\"font-weight: 400;\">VARITRON 470<\/span><\/i><span style=\"font-weight: 400;\">, dispose d\u2019une prise de 4 rangs, de la traction <\/span><i><span style=\"font-weight: 400;\">VarioDrive<\/span><\/i><span style=\"font-weight: 400;\"> et d\u2019une tr\u00e9mie pouvant contenir jusqu\u2019\u00e0 7 tonnes. Pour le stockage, les tapis de r\u00e9ception <\/span><i><span style=\"font-weight: 400;\">RH<\/span><\/i><span style=\"font-weight: 400;\"> et les remplisseurs de caisses <\/span><i><span style=\"font-weight: 400;\">GBF<\/span><\/i><span style=\"font-weight: 400;\"> permettent un transfert en douceur, avec nettoyage et tri \u00e0 haut d\u00e9bit. Les \u00e9quipements pour pommes de terre de GRIMME allient ing\u00e9nierie de pr\u00e9cision, automatisation et adaptabilit\u00e9 \u2014 une r\u00e9f\u00e9rence mondiale pour les producteurs professionnels.<\/span><\/p>\n","protected":false},"excerpt":{"rendered":"<p><span style=\"font-weight: 400;\">GRIMME est un leader mondial dans le domaine de la technologie pour la pomme de terre, proposant une gamme compl\u00e8te de machines pour chaque \u00e9tape du cycle de production, de la pr\u00e9paration du sol \u00e0 la r\u00e9colte et au stockage. Pour la plantation, les mod\u00e8les <\/span><i><span style=\"font-weight: 400;\">GL 420<\/span><\/i><span style=\"font-weight: 400;\"> et <\/span><i><span style=\"font-weight: 400;\">GL 860<\/span><\/i><span style=\"font-weight: 400;\"> assurent un espacement pr\u00e9cis et une profondeur constante des tubercules, avec des syst\u00e8mes d\u2019alimentation \u00e0 godets ou \u00e0 courroie et des largeurs de travail allant de 2 \u00e0 8 rangs. En mati\u00e8re de pr\u00e9paration du sol, les butteuses rotatives <\/span><i><span style=\"font-weight: 400;\">GF<\/span><\/i><span style=\"font-weight: 400;\"> et les broyeurs de fanes <\/span><i><span style=\"font-weight: 400;\">KS<\/span><\/i><span style=\"font-weight: 400;\"> assurent un bon formage des buttes et une gestion efficace des r\u00e9sidus, am\u00e9liorant ainsi la qualit\u00e9 des tubercules et le rendement \u00e0 la r\u00e9colte. Pour la r\u00e9colte, GRIMME propose des arracheuses train\u00e9es et automotrices telles que les <\/span><i><span style=\"font-weight: 400;\">SE 75-55<\/span><\/i><span style=\"font-weight: 400;\"> et <\/span><i><span style=\"font-weight: 400;\">SV 260<\/span><\/i><span style=\"font-weight: 400;\">, avec r\u00e9glage hydraulique de la profondeur, transport doux des tubercules et syst\u00e8mes de nettoyage performants. Le mod\u00e8le automoteur phare, le <\/span><i><span style=\"font-weight: 400;\">VARITRON 470<\/span><\/i><span style=\"font-weight: 400;\">, dispose d\u2019une prise de 4 rangs, de la traction <\/span><i><span style=\"font-weight: 400;\">VarioDrive<\/span><\/i><span style=\"font-weight: 400;\"> et d\u2019une tr\u00e9mie pouvant contenir jusqu\u2019\u00e0 7 tonnes. Pour le stockage, les tapis de r\u00e9ception <\/span><i><span style=\"font-weight: 400;\">RH<\/span><\/i><span style=\"font-weight: 400;\"> et les remplisseurs de caisses <\/span><i><span style=\"font-weight: 400;\">GBF<\/span><\/i><span style=\"font-weight: 400;\"> permettent un transfert en douceur, avec nettoyage et tri \u00e0 haut d\u00e9bit. Les \u00e9quipements pour pommes de terre de GRIMME allient ing\u00e9nierie de pr\u00e9cision, automatisation et adaptabilit\u00e9 \u2014 une r\u00e9f\u00e9rence mondiale pour les producteurs professionnels.<\/span><\/p>\n","protected":false},"featured_media":3827,"comment_status":"open","ping_status":"closed","template":"","meta":{"_acf_changed":false},"product_brand":[],"product_cat":[458],"product_tag":[],"class_list":{"0":"post-3828","1":"product","2":"type-product","3":"status-publish","4":"has-post-thumbnail","6":"product_cat-sem-categoria-fr","7":"setores-agriculture","8":"marcas-grimme","9":"tipo_produto-equipements-de-culture-de-pommes-de-terre","11":"first","12":"instock","13":"shipping-taxable","14":"product-type-simple"},"acf":[],"yoast_head":"<!-- This site is optimized with the Yoast SEO plugin v25.2 - https:\/\/yoast.com\/wordpress\/plugins\/seo\/ -->\n<title>\u00c9quipements de Culture de Pommes de Terre Grimme - Trevotech Group<\/title>\n<meta name=\"description\" content=\"GRIMME est un leader mondial dans le domaine de la technologie pour la pomme de terre, proposant une gamme compl\u00e8te de machines...\" \/>\n<meta name=\"robots\" content=\"index, follow, max-snippet:-1, max-image-preview:large, max-video-preview:-1\" \/>\n<link rel=\"canonical\" href=\"https:\/\/trevotech.com\/fr\/produto\/equipements-de-culture-de-pommes-de-terre\/\" \/>\n<meta property=\"og:locale\" content=\"fr_FR\" \/>\n<meta property=\"og:type\" content=\"article\" \/>\n<meta property=\"og:title\" content=\"\u00c9quipements de Culture de Pommes de Terre Grimme - Trevotech Group\" \/>\n<meta property=\"og:description\" content=\"GRIMME est un leader mondial dans le domaine de la technologie pour la pomme de terre, proposant une gamme compl\u00e8te de machines...\" \/>\n<meta property=\"og:url\" content=\"https:\/\/trevotech.com\/fr\/produto\/equipements-de-culture-de-pommes-de-terre\/\" \/>\n<meta property=\"og:site_name\" content=\"Trevotech Group\" \/>\n<meta property=\"article:modified_time\" content=\"2025-08-05T10:52:04+00:00\" \/>\n<meta property=\"og:image\" content=\"https:\/\/trevotech.com\/wp-content\/uploads\/2024\/11\/image-17.webp\" \/>\n\t<meta property=\"og:image:width\" content=\"1000\" \/>\n\t<meta property=\"og:image:height\" content=\"1000\" \/>\n\t<meta property=\"og:image:type\" content=\"image\/webp\" \/>\n<meta name=\"twitter:card\" content=\"summary_large_image\" \/>\n<meta name=\"twitter:label1\" content=\"Dur\u00e9e de lecture estim\u00e9e\" \/>\n\t<meta name=\"twitter:data1\" content=\"3 minutes\" \/>\n<script type=\"application\/ld+json\" class=\"yoast-schema-graph\">{\"@context\":\"https:\/\/schema.org\",\"@graph\":[{\"@type\":\"WebPage\",\"@id\":\"https:\/\/trevotech.com\/fr\/produto\/equipements-de-culture-de-pommes-de-terre\/\",\"url\":\"https:\/\/trevotech.com\/fr\/produto\/equipements-de-culture-de-pommes-de-terre\/\",\"name\":\"\u00c9quipements de Culture de Pommes de Terre Grimme - Trevotech Group\",\"isPartOf\":{\"@id\":\"https:\/\/trevotech.com\/fr\/#website\"},\"primaryImageOfPage\":{\"@id\":\"https:\/\/trevotech.com\/fr\/produto\/equipements-de-culture-de-pommes-de-terre\/#primaryimage\"},\"image\":{\"@id\":\"https:\/\/trevotech.com\/fr\/produto\/equipements-de-culture-de-pommes-de-terre\/#primaryimage\"},\"thumbnailUrl\":\"https:\/\/trevotech.com\/wp-content\/uploads\/2024\/11\/image-17.webp\",\"datePublished\":\"2024-11-06T15:52:19+00:00\",\"dateModified\":\"2025-08-05T10:52:04+00:00\",\"description\":\"GRIMME est un leader mondial dans le domaine de la technologie pour la pomme de terre, proposant une gamme compl\u00e8te de machines...\",\"breadcrumb\":{\"@id\":\"https:\/\/trevotech.com\/fr\/produto\/equipements-de-culture-de-pommes-de-terre\/#breadcrumb\"},\"inLanguage\":\"fr-FR\",\"potentialAction\":[{\"@type\":\"ReadAction\",\"target\":[\"https:\/\/trevotech.com\/fr\/produto\/equipements-de-culture-de-pommes-de-terre\/\"]}]},{\"@type\":\"ImageObject\",\"inLanguage\":\"fr-FR\",\"@id\":\"https:\/\/trevotech.com\/fr\/produto\/equipements-de-culture-de-pommes-de-terre\/#primaryimage\",\"url\":\"https:\/\/trevotech.com\/wp-content\/uploads\/2024\/11\/image-17.webp\",\"contentUrl\":\"https:\/\/trevotech.com\/wp-content\/uploads\/2024\/11\/image-17.webp\",\"width\":1000,\"height\":1000,\"caption\":\"M\u00e1quinas de Colheita\"},{\"@type\":\"BreadcrumbList\",\"@id\":\"https:\/\/trevotech.com\/fr\/produto\/equipements-de-culture-de-pommes-de-terre\/#breadcrumb\",\"itemListElement\":[{\"@type\":\"ListItem\",\"position\":1,\"name\":\"In\u00edcio\",\"item\":\"https:\/\/trevotech.com\/fr\/\"},{\"@type\":\"ListItem\",\"position\":2,\"name\":\"Produits\",\"item\":\"https:\/\/trevotech.com\/fr\/shop\/\"},{\"@type\":\"ListItem\",\"position\":3,\"name\":\"\u00c9quipements de Culture de Pommes de Terre\"}]},{\"@type\":\"WebSite\",\"@id\":\"https:\/\/trevotech.com\/fr\/#website\",\"url\":\"https:\/\/trevotech.com\/fr\/\",\"name\":\"Trevotech Group\",\"description\":\"\",\"potentialAction\":[{\"@type\":\"SearchAction\",\"target\":{\"@type\":\"EntryPoint\",\"urlTemplate\":\"https:\/\/trevotech.com\/fr\/?s={search_term_string}\"},\"query-input\":{\"@type\":\"PropertyValueSpecification\",\"valueRequired\":true,\"valueName\":\"search_term_string\"}}],\"inLanguage\":\"fr-FR\"}]}<\/script>\n<!-- \/ Yoast SEO plugin. -->","yoast_head_json":{"title":"\u00c9quipements de Culture de Pommes de Terre Grimme - Trevotech Group","description":"GRIMME est un leader mondial dans le domaine de la technologie pour la pomme de terre, proposant une gamme compl\u00e8te de machines...","robots":{"index":"index","follow":"follow","max-snippet":"max-snippet:-1","max-image-preview":"max-image-preview:large","max-video-preview":"max-video-preview:-1"},"canonical":"https:\/\/trevotech.com\/fr\/produto\/equipements-de-culture-de-pommes-de-terre\/","og_locale":"fr_FR","og_type":"article","og_title":"\u00c9quipements de Culture de Pommes de Terre Grimme - Trevotech Group","og_description":"GRIMME est un leader mondial dans le domaine de la technologie pour la pomme de terre, proposant une gamme compl\u00e8te de machines...","og_url":"https:\/\/trevotech.com\/fr\/produto\/equipements-de-culture-de-pommes-de-terre\/","og_site_name":"Trevotech Group","article_modified_time":"2025-08-05T10:52:04+00:00","og_image":[{"width":1000,"height":1000,"url":"https:\/\/trevotech.com\/wp-content\/uploads\/2024\/11\/image-17.webp","type":"image\/webp"}],"twitter_card":"summary_large_image","twitter_misc":{"Dur\u00e9e de lecture estim\u00e9e":"3 minutes"},"schema":{"@context":"https:\/\/schema.org","@graph":[{"@type":"WebPage","@id":"https:\/\/trevotech.com\/fr\/produto\/equipements-de-culture-de-pommes-de-terre\/","url":"https:\/\/trevotech.com\/fr\/produto\/equipements-de-culture-de-pommes-de-terre\/","name":"\u00c9quipements de Culture de Pommes de Terre Grimme - Trevotech Group","isPartOf":{"@id":"https:\/\/trevotech.com\/fr\/#website"},"primaryImageOfPage":{"@id":"https:\/\/trevotech.com\/fr\/produto\/equipements-de-culture-de-pommes-de-terre\/#primaryimage"},"image":{"@id":"https:\/\/trevotech.com\/fr\/produto\/equipements-de-culture-de-pommes-de-terre\/#primaryimage"},"thumbnailUrl":"https:\/\/trevotech.com\/wp-content\/uploads\/2024\/11\/image-17.webp","datePublished":"2024-11-06T15:52:19+00:00","dateModified":"2025-08-05T10:52:04+00:00","description":"GRIMME est un leader mondial dans le domaine de la technologie pour la pomme de terre, proposant une gamme compl\u00e8te de machines...","breadcrumb":{"@id":"https:\/\/trevotech.com\/fr\/produto\/equipements-de-culture-de-pommes-de-terre\/#breadcrumb"},"inLanguage":"fr-FR","potentialAction":[{"@type":"ReadAction","target":["https:\/\/trevotech.com\/fr\/produto\/equipements-de-culture-de-pommes-de-terre\/"]}]},{"@type":"ImageObject","inLanguage":"fr-FR","@id":"https:\/\/trevotech.com\/fr\/produto\/equipements-de-culture-de-pommes-de-terre\/#primaryimage","url":"https:\/\/trevotech.com\/wp-content\/uploads\/2024\/11\/image-17.webp","contentUrl":"https:\/\/trevotech.com\/wp-content\/uploads\/2024\/11\/image-17.webp","width":1000,"height":1000,"caption":"M\u00e1quinas de Colheita"},{"@type":"BreadcrumbList","@id":"https:\/\/trevotech.com\/fr\/produto\/equipements-de-culture-de-pommes-de-terre\/#breadcrumb","itemListElement":[{"@type":"ListItem","position":1,"name":"In\u00edcio","item":"https:\/\/trevotech.com\/fr\/"},{"@type":"ListItem","position":2,"name":"Produits","item":"https:\/\/trevotech.com\/fr\/shop\/"},{"@type":"ListItem","position":3,"name":"\u00c9quipements de Culture de Pommes de Terre"}]},{"@type":"WebSite","@id":"https:\/\/trevotech.com\/fr\/#website","url":"https:\/\/trevotech.com\/fr\/","name":"Trevotech Group","description":"","potentialAction":[{"@type":"SearchAction","target":{"@type":"EntryPoint","urlTemplate":"https:\/\/trevotech.com\/fr\/?s={search_term_string}"},"query-input":{"@type":"PropertyValueSpecification","valueRequired":true,"valueName":"search_term_string"}}],"inLanguage":"fr-FR"}]}},"_links":{"self":[{"href":"https:\/\/trevotech.com\/fr\/wp-json\/wp\/v2\/product\/3828","targetHints":{"allow":["GET"]}}],"collection":[{"href":"https:\/\/trevotech.com\/fr\/wp-json\/wp\/v2\/product"}],"about":[{"href":"https:\/\/trevotech.com\/fr\/wp-json\/wp\/v2\/types\/product"}],"replies":[{"embeddable":true,"href":"https:\/\/trevotech.com\/fr\/wp-json\/wp\/v2\/comments?post=3828"}],"wp:featuredmedia":[{"embeddable":true,"href":"https:\/\/trevotech.com\/fr\/wp-json\/wp\/v2\/media\/3827"}],"wp:attachment":[{"href":"https:\/\/trevotech.com\/fr\/wp-json\/wp\/v2\/media?parent=3828"}],"wp:term":[{"taxonomy":"product_brand","embeddable":true,"href":"https:\/\/trevotech.com\/fr\/wp-json\/wp\/v2\/product_brand?post=3828"},{"taxonomy":"product_cat","embeddable":true,"href":"https:\/\/trevotech.com\/fr\/wp-json\/wp\/v2\/product_cat?post=3828"},{"taxonomy":"product_tag","embeddable":true,"href":"https:\/\/trevotech.com\/fr\/wp-json\/wp\/v2\/product_tag?post=3828"}],"curies":[{"name":"wp","href":"https:\/\/api.w.org\/{rel}","templated":true}]}}