{"id":3866,"date":"2024-11-06T14:44:44","date_gmt":"2024-11-06T14:44:44","guid":{"rendered":"https:\/\/trevotech.com\/produto\/tractors\/"},"modified":"2025-08-05T09:39:34","modified_gmt":"2025-08-05T09:39:34","slug":"tracteurs","status":"publish","type":"product","link":"https:\/\/trevotech.com\/fr\/produto\/tracteurs\/","title":{"rendered":"Tracteurs"},"content":{"rendered":"<p><span style=\"font-weight: 400;\">La gamme de tracteurs CLAAS allie puissance, efficacit\u00e9 et technologie avanc\u00e9e pour r\u00e9pondre aux besoins agricoles les plus vari\u00e9s, des petites exploitations aux grandes entreprises agricoles. Avec des mod\u00e8les allant des compacts, comme l\u2019ELIOS, aux machines de forte puissance, comme l\u2019AXION 900, les tracteurs CLAAS se distinguent par leur polyvalence et leur robustesse.<\/span><span style=\"font-weight: 400;\"><br \/>\n<\/span><span style=\"font-weight: 400;\"> \u00c9quip\u00e9s de moteurs haute performance et de syst\u00e8mes de transmission innovants, ils offrent une excellente \u00e9conomie de carburant et une fiabilit\u00e9 maximale pour les travaux exigeants tels que le labour, le transport et les t\u00e2ches lourdes.<\/span><span style=\"font-weight: 400;\"><br \/>\n<\/span><span style=\"font-weight: 400;\"> Les cabines ergonomiques offrent un confort sup\u00e9rieur, avec une visibilit\u00e9 panoramique, des commandes intuitives et une int\u00e9gration avec les technologies d\u2019agriculture de pr\u00e9cision telles que les syst\u00e8mes GPS et de surveillance \u00e0 distance. Qu\u2019il s\u2019agisse de travaux l\u00e9gers ou d\u2019op\u00e9rations intensives, la gamme de tracteurs CLAAS associe performance et innovation, constituant un choix id\u00e9al pour maximiser la productivit\u00e9 et la durabilit\u00e9 dans l\u2019agriculture moderne.<\/span><\/p>\n<p><span style=\"font-weight: 400;\">La gamme de tracteurs CLAAS allie puissance, efficacit\u00e9 et technologie avanc\u00e9e pour r\u00e9pondre aux besoins agricoles les plus vari\u00e9s, des petites exploitations aux grandes entreprises agricoles. Avec des mod\u00e8les allant des compacts, comme l\u2019ELIOS, aux machines de forte puissance, comme l\u2019AXION 900, les tracteurs CLAAS se distinguent par leur polyvalence et leur robustesse.<\/span><span style=\"font-weight: 400;\"><br \/>\n<\/span><span style=\"font-weight: 400;\"> \u00c9quip\u00e9s de moteurs haute performance et de syst\u00e8mes de transmission innovants, ils offrent une excellente \u00e9conomie de carburant et une fiabilit\u00e9 maximale pour les travaux exigeants tels que le labour, le transport et les t\u00e2ches lourdes.<\/span><span style=\"font-weight: 400;\"><br \/>\n<\/span><span style=\"font-weight: 400;\"> Les cabines ergonomiques offrent un confort sup\u00e9rieur, avec une visibilit\u00e9 panoramique, des commandes intuitives et une int\u00e9gration avec les technologies d\u2019agriculture de pr\u00e9cision telles que les syst\u00e8mes GPS et de surveillance \u00e0 distance. Qu\u2019il s\u2019agisse de travaux l\u00e9gers ou d\u2019op\u00e9rations intensives, la gamme de tracteurs CLAAS associe performance et innovation, constituant un choix id\u00e9al pour maximiser la productivit\u00e9 et la durabilit\u00e9 dans l\u2019agriculture moderne.<\/span><\/p>\n","protected":false},"excerpt":{"rendered":"<p><span style=\"font-weight: 400;\">La gamme de tracteurs CLAAS allie puissance, efficacit\u00e9 et technologie avanc\u00e9e pour r\u00e9pondre aux besoins agricoles les plus vari\u00e9s, des petites exploitations aux grandes entreprises agricoles. Avec des mod\u00e8les allant des compacts, comme l\u2019ELIOS, aux machines de forte puissance, comme l\u2019AXION 900, les tracteurs CLAAS se distinguent par leur polyvalence et leur robustesse.<\/span><span style=\"font-weight: 400;\"><br \/>\n<\/span><span style=\"font-weight: 400;\"> \u00c9quip\u00e9s de moteurs haute performance et de syst\u00e8mes de transmission innovants, ils offrent une excellente \u00e9conomie de carburant et une fiabilit\u00e9 maximale pour les travaux exigeants tels que le labour, le transport et les t\u00e2ches lourdes.<\/span><span style=\"font-weight: 400;\"><br \/>\n<\/span><span style=\"font-weight: 400;\"> Les cabines ergonomiques offrent un confort sup\u00e9rieur, avec une visibilit\u00e9 panoramique, des commandes intuitives et une int\u00e9gration avec les technologies d\u2019agriculture de pr\u00e9cision telles que les syst\u00e8mes GPS et de surveillance \u00e0 distance. Qu\u2019il s\u2019agisse de travaux l\u00e9gers ou d\u2019op\u00e9rations intensives, la gamme de tracteurs CLAAS associe performance et innovation, constituant un choix id\u00e9al pour maximiser la productivit\u00e9 et la durabilit\u00e9 dans l\u2019agriculture moderne.<\/span><\/p>\n","protected":false},"featured_media":3867,"comment_status":"open","ping_status":"closed","template":"","meta":{"_acf_changed":false},"product_brand":[],"product_cat":[458],"product_tag":[],"class_list":{"0":"post-3866","1":"product","2":"type-product","3":"status-publish","4":"has-post-thumbnail","6":"product_cat-sem-categoria-fr","7":"setores-agriculture","8":"marcas-claas","9":"tipo_produto-tracteurs","11":"first","12":"instock","13":"shipping-taxable","14":"product-type-simple"},"acf":[],"yoast_head":"<!-- This site is optimized with the Yoast SEO plugin v25.2 - https:\/\/yoast.com\/wordpress\/plugins\/seo\/ -->\n<title>Tracteurs Claas - Trevotech Group<\/title>\n<meta name=\"description\" content=\"La gamme de tracteurs CLAAS allie puissance, efficacit\u00e9 et technologie avanc\u00e9e pour r\u00e9pondre aux besoins agricoles les plus vari\u00e9s, des...\" \/>\n<meta name=\"robots\" content=\"index, follow, max-snippet:-1, max-image-preview:large, max-video-preview:-1\" \/>\n<link rel=\"canonical\" href=\"https:\/\/trevotech.com\/fr\/produto\/tracteurs\/\" \/>\n<meta property=\"og:locale\" content=\"fr_FR\" \/>\n<meta property=\"og:type\" content=\"article\" \/>\n<meta property=\"og:title\" content=\"Tracteurs Claas - Trevotech Group\" \/>\n<meta property=\"og:description\" content=\"La gamme de tracteurs CLAAS allie puissance, efficacit\u00e9 et technologie avanc\u00e9e pour r\u00e9pondre aux besoins agricoles les plus vari\u00e9s, des...\" \/>\n<meta property=\"og:url\" content=\"https:\/\/trevotech.com\/fr\/produto\/tracteurs\/\" \/>\n<meta property=\"og:site_name\" content=\"Trevotech Group\" \/>\n<meta property=\"article:modified_time\" content=\"2025-08-05T09:39:34+00:00\" \/>\n<meta property=\"og:image\" content=\"https:\/\/trevotech.com\/wp-content\/uploads\/2024\/11\/Website_content_export-02.webp\" \/>\n\t<meta property=\"og:image:width\" content=\"1000\" \/>\n\t<meta property=\"og:image:height\" content=\"1000\" \/>\n\t<meta property=\"og:image:type\" content=\"image\/webp\" \/>\n<meta name=\"twitter:card\" content=\"summary_large_image\" \/>\n<meta name=\"twitter:label1\" content=\"Dur\u00e9e de lecture estim\u00e9e\" \/>\n\t<meta name=\"twitter:data1\" content=\"2 minutes\" \/>\n<script type=\"application\/ld+json\" class=\"yoast-schema-graph\">{\"@context\":\"https:\/\/schema.org\",\"@graph\":[{\"@type\":\"WebPage\",\"@id\":\"https:\/\/trevotech.com\/fr\/produto\/tracteurs\/\",\"url\":\"https:\/\/trevotech.com\/fr\/produto\/tracteurs\/\",\"name\":\"Tracteurs Claas - Trevotech Group\",\"isPartOf\":{\"@id\":\"https:\/\/trevotech.com\/fr\/#website\"},\"primaryImageOfPage\":{\"@id\":\"https:\/\/trevotech.com\/fr\/produto\/tracteurs\/#primaryimage\"},\"image\":{\"@id\":\"https:\/\/trevotech.com\/fr\/produto\/tracteurs\/#primaryimage\"},\"thumbnailUrl\":\"https:\/\/trevotech.com\/wp-content\/uploads\/2024\/11\/Website_content_export-02.webp\",\"datePublished\":\"2024-11-06T14:44:44+00:00\",\"dateModified\":\"2025-08-05T09:39:34+00:00\",\"description\":\"La gamme de tracteurs CLAAS allie puissance, efficacit\u00e9 et technologie avanc\u00e9e pour r\u00e9pondre aux besoins agricoles les plus vari\u00e9s, des...\",\"breadcrumb\":{\"@id\":\"https:\/\/trevotech.com\/fr\/produto\/tracteurs\/#breadcrumb\"},\"inLanguage\":\"fr-FR\",\"potentialAction\":[{\"@type\":\"ReadAction\",\"target\":[\"https:\/\/trevotech.com\/fr\/produto\/tracteurs\/\"]}]},{\"@type\":\"ImageObject\",\"inLanguage\":\"fr-FR\",\"@id\":\"https:\/\/trevotech.com\/fr\/produto\/tracteurs\/#primaryimage\",\"url\":\"https:\/\/trevotech.com\/wp-content\/uploads\/2024\/11\/Website_content_export-02.webp\",\"contentUrl\":\"https:\/\/trevotech.com\/wp-content\/uploads\/2024\/11\/Website_content_export-02.webp\",\"width\":1000,\"height\":1000,\"caption\":\"Tractors\"},{\"@type\":\"BreadcrumbList\",\"@id\":\"https:\/\/trevotech.com\/fr\/produto\/tracteurs\/#breadcrumb\",\"itemListElement\":[{\"@type\":\"ListItem\",\"position\":1,\"name\":\"In\u00edcio\",\"item\":\"https:\/\/trevotech.com\/fr\/\"},{\"@type\":\"ListItem\",\"position\":2,\"name\":\"Produits\",\"item\":\"https:\/\/trevotech.com\/fr\/shop\/\"},{\"@type\":\"ListItem\",\"position\":3,\"name\":\"Tracteurs\"}]},{\"@type\":\"WebSite\",\"@id\":\"https:\/\/trevotech.com\/fr\/#website\",\"url\":\"https:\/\/trevotech.com\/fr\/\",\"name\":\"Trevotech Group\",\"description\":\"\",\"potentialAction\":[{\"@type\":\"SearchAction\",\"target\":{\"@type\":\"EntryPoint\",\"urlTemplate\":\"https:\/\/trevotech.com\/fr\/?s={search_term_string}\"},\"query-input\":{\"@type\":\"PropertyValueSpecification\",\"valueRequired\":true,\"valueName\":\"search_term_string\"}}],\"inLanguage\":\"fr-FR\"}]}<\/script>\n<!-- \/ Yoast SEO plugin. -->","yoast_head_json":{"title":"Tracteurs Claas - Trevotech Group","description":"La gamme de tracteurs CLAAS allie puissance, efficacit\u00e9 et technologie avanc\u00e9e pour r\u00e9pondre aux besoins agricoles les plus vari\u00e9s, des...","robots":{"index":"index","follow":"follow","max-snippet":"max-snippet:-1","max-image-preview":"max-image-preview:large","max-video-preview":"max-video-preview:-1"},"canonical":"https:\/\/trevotech.com\/fr\/produto\/tracteurs\/","og_locale":"fr_FR","og_type":"article","og_title":"Tracteurs Claas - Trevotech Group","og_description":"La gamme de tracteurs CLAAS allie puissance, efficacit\u00e9 et technologie avanc\u00e9e pour r\u00e9pondre aux besoins agricoles les plus vari\u00e9s, des...","og_url":"https:\/\/trevotech.com\/fr\/produto\/tracteurs\/","og_site_name":"Trevotech Group","article_modified_time":"2025-08-05T09:39:34+00:00","og_image":[{"width":1000,"height":1000,"url":"https:\/\/trevotech.com\/wp-content\/uploads\/2024\/11\/Website_content_export-02.webp","type":"image\/webp"}],"twitter_card":"summary_large_image","twitter_misc":{"Dur\u00e9e de lecture estim\u00e9e":"2 minutes"},"schema":{"@context":"https:\/\/schema.org","@graph":[{"@type":"WebPage","@id":"https:\/\/trevotech.com\/fr\/produto\/tracteurs\/","url":"https:\/\/trevotech.com\/fr\/produto\/tracteurs\/","name":"Tracteurs Claas - Trevotech Group","isPartOf":{"@id":"https:\/\/trevotech.com\/fr\/#website"},"primaryImageOfPage":{"@id":"https:\/\/trevotech.com\/fr\/produto\/tracteurs\/#primaryimage"},"image":{"@id":"https:\/\/trevotech.com\/fr\/produto\/tracteurs\/#primaryimage"},"thumbnailUrl":"https:\/\/trevotech.com\/wp-content\/uploads\/2024\/11\/Website_content_export-02.webp","datePublished":"2024-11-06T14:44:44+00:00","dateModified":"2025-08-05T09:39:34+00:00","description":"La gamme de tracteurs CLAAS allie puissance, efficacit\u00e9 et technologie avanc\u00e9e pour r\u00e9pondre aux besoins agricoles les plus vari\u00e9s, des...","breadcrumb":{"@id":"https:\/\/trevotech.com\/fr\/produto\/tracteurs\/#breadcrumb"},"inLanguage":"fr-FR","potentialAction":[{"@type":"ReadAction","target":["https:\/\/trevotech.com\/fr\/produto\/tracteurs\/"]}]},{"@type":"ImageObject","inLanguage":"fr-FR","@id":"https:\/\/trevotech.com\/fr\/produto\/tracteurs\/#primaryimage","url":"https:\/\/trevotech.com\/wp-content\/uploads\/2024\/11\/Website_content_export-02.webp","contentUrl":"https:\/\/trevotech.com\/wp-content\/uploads\/2024\/11\/Website_content_export-02.webp","width":1000,"height":1000,"caption":"Tractors"},{"@type":"BreadcrumbList","@id":"https:\/\/trevotech.com\/fr\/produto\/tracteurs\/#breadcrumb","itemListElement":[{"@type":"ListItem","position":1,"name":"In\u00edcio","item":"https:\/\/trevotech.com\/fr\/"},{"@type":"ListItem","position":2,"name":"Produits","item":"https:\/\/trevotech.com\/fr\/shop\/"},{"@type":"ListItem","position":3,"name":"Tracteurs"}]},{"@type":"WebSite","@id":"https:\/\/trevotech.com\/fr\/#website","url":"https:\/\/trevotech.com\/fr\/","name":"Trevotech Group","description":"","potentialAction":[{"@type":"SearchAction","target":{"@type":"EntryPoint","urlTemplate":"https:\/\/trevotech.com\/fr\/?s={search_term_string}"},"query-input":{"@type":"PropertyValueSpecification","valueRequired":true,"valueName":"search_term_string"}}],"inLanguage":"fr-FR"}]}},"_links":{"self":[{"href":"https:\/\/trevotech.com\/fr\/wp-json\/wp\/v2\/product\/3866","targetHints":{"allow":["GET"]}}],"collection":[{"href":"https:\/\/trevotech.com\/fr\/wp-json\/wp\/v2\/product"}],"about":[{"href":"https:\/\/trevotech.com\/fr\/wp-json\/wp\/v2\/types\/product"}],"replies":[{"embeddable":true,"href":"https:\/\/trevotech.com\/fr\/wp-json\/wp\/v2\/comments?post=3866"}],"wp:featuredmedia":[{"embeddable":true,"href":"https:\/\/trevotech.com\/fr\/wp-json\/wp\/v2\/media\/3867"}],"wp:attachment":[{"href":"https:\/\/trevotech.com\/fr\/wp-json\/wp\/v2\/media?parent=3866"}],"wp:term":[{"taxonomy":"product_brand","embeddable":true,"href":"https:\/\/trevotech.com\/fr\/wp-json\/wp\/v2\/product_brand?post=3866"},{"taxonomy":"product_cat","embeddable":true,"href":"https:\/\/trevotech.com\/fr\/wp-json\/wp\/v2\/product_cat?post=3866"},{"taxonomy":"product_tag","embeddable":true,"href":"https:\/\/trevotech.com\/fr\/wp-json\/wp\/v2\/product_tag?post=3866"}],"curies":[{"name":"wp","href":"https:\/\/api.w.org\/{rel}","templated":true}]}}