{"id":3868,"date":"2024-11-06T14:41:14","date_gmt":"2024-11-06T14:41:14","guid":{"rendered":"https:\/\/trevotech.com\/produto\/combine-harvesters\/"},"modified":"2025-08-05T09:42:39","modified_gmt":"2025-08-05T09:42:39","slug":"moissonneuses-batteuses","status":"publish","type":"product","link":"https:\/\/trevotech.com\/fr\/produto\/moissonneuses-batteuses\/","title":{"rendered":"Moissonneuses-batteuses"},"content":{"rendered":"<p><span style=\"font-weight: 400;\">Les moissonneuses-batteuses CLAAS sont une r\u00e9f\u00e9rence mondiale en mati\u00e8re d\u2019efficacit\u00e9, d\u2019innovation et de productivit\u00e9 agricoles. Des mod\u00e8les embl\u00e9matiques comme les LEXION, TUCANO et AVERO sont con\u00e7us pour g\u00e9rer une grande vari\u00e9t\u00e9 de cultures, des c\u00e9r\u00e9ales aux r\u00e9coltes sp\u00e9cialis\u00e9es, avec une pr\u00e9cision et une fiabilit\u00e9 exceptionnelles. Dot\u00e9es de technologies avanc\u00e9es telles que le syst\u00e8me APS SYNFLOW HYBRID, qui assure un flux de mati\u00e8re continu et efficace, et le CRUISE PILOT, qui ajuste automatiquement la vitesse pour optimiser les performances, ces machines offrent une capacit\u00e9 de r\u00e9colte in\u00e9gal\u00e9e tout en maximisant l\u2019efficacit\u00e9 \u00e9nerg\u00e9tique. Les cabines spacieuses et ergonomiques offrent un confort optimal \u00e0 l\u2019op\u00e9rateur, avec des commandes intuitives, une excellente visibilit\u00e9 et des outils d\u2019agriculture de pr\u00e9cision int\u00e9gr\u00e9s, comme la surveillance en temps r\u00e9el et la cartographie des rendements. Con\u00e7ues pour la durabilit\u00e9 et la performance, les moissonneuses-batteuses CLAAS sont le choix ultime pour les agriculteurs souhaitant maximiser leur productivit\u00e9 et la qualit\u00e9 de la r\u00e9colte, m\u00eame dans les conditions les plus difficiles.<\/span><\/p>\n<p><span style=\"font-weight: 400;\">Les moissonneuses-batteuses CLAAS sont une r\u00e9f\u00e9rence mondiale en mati\u00e8re d\u2019efficacit\u00e9, d\u2019innovation et de productivit\u00e9 agricoles. Des mod\u00e8les embl\u00e9matiques comme les LEXION, TUCANO et AVERO sont con\u00e7us pour g\u00e9rer une grande vari\u00e9t\u00e9 de cultures, des c\u00e9r\u00e9ales aux r\u00e9coltes sp\u00e9cialis\u00e9es, avec une pr\u00e9cision et une fiabilit\u00e9 exceptionnelles. Dot\u00e9es de technologies avanc\u00e9es telles que le syst\u00e8me APS SYNFLOW HYBRID, qui assure un flux de mati\u00e8re continu et efficace, et le CRUISE PILOT, qui ajuste automatiquement la vitesse pour optimiser les performances, ces machines offrent une capacit\u00e9 de r\u00e9colte in\u00e9gal\u00e9e tout en maximisant l\u2019efficacit\u00e9 \u00e9nerg\u00e9tique. Les cabines spacieuses et ergonomiques offrent un confort optimal \u00e0 l\u2019op\u00e9rateur, avec des commandes intuitives, une excellente visibilit\u00e9 et des outils d\u2019agriculture de pr\u00e9cision int\u00e9gr\u00e9s, comme la surveillance en temps r\u00e9el et la cartographie des rendements. Con\u00e7ues pour la durabilit\u00e9 et la performance, les moissonneuses-batteuses CLAAS sont le choix ultime pour les agriculteurs souhaitant maximiser leur productivit\u00e9 et la qualit\u00e9 de la r\u00e9colte, m\u00eame dans les conditions les plus difficiles.<\/span><\/p>\n","protected":false},"excerpt":{"rendered":"<p><span style=\"font-weight: 400;\">Les moissonneuses-batteuses CLAAS sont une r\u00e9f\u00e9rence mondiale en mati\u00e8re d\u2019efficacit\u00e9, d\u2019innovation et de productivit\u00e9 agricoles. Des mod\u00e8les embl\u00e9matiques comme les LEXION, TUCANO et AVERO sont con\u00e7us pour g\u00e9rer une grande vari\u00e9t\u00e9 de cultures, des c\u00e9r\u00e9ales aux r\u00e9coltes sp\u00e9cialis\u00e9es, avec une pr\u00e9cision et une fiabilit\u00e9 exceptionnelles. Dot\u00e9es de technologies avanc\u00e9es telles que le syst\u00e8me APS SYNFLOW HYBRID, qui assure un flux de mati\u00e8re continu et efficace, et le CRUISE PILOT, qui ajuste automatiquement la vitesse pour optimiser les performances, ces machines offrent une capacit\u00e9 de r\u00e9colte in\u00e9gal\u00e9e tout en maximisant l\u2019efficacit\u00e9 \u00e9nerg\u00e9tique. Les cabines spacieuses et ergonomiques offrent un confort optimal \u00e0 l\u2019op\u00e9rateur, avec des commandes intuitives, une excellente visibilit\u00e9 et des outils d\u2019agriculture de pr\u00e9cision int\u00e9gr\u00e9s, comme la surveillance en temps r\u00e9el et la cartographie des rendements. Con\u00e7ues pour la durabilit\u00e9 et la performance, les moissonneuses-batteuses CLAAS sont le choix ultime pour les agriculteurs souhaitant maximiser leur productivit\u00e9 et la qualit\u00e9 de la r\u00e9colte, m\u00eame dans les conditions les plus difficiles.<\/span><\/p>\n","protected":false},"featured_media":3800,"comment_status":"open","ping_status":"closed","template":"","meta":{"_acf_changed":false},"product_brand":[],"product_cat":[458],"product_tag":[],"class_list":{"0":"post-3868","1":"product","2":"type-product","3":"status-publish","4":"has-post-thumbnail","6":"product_cat-sem-categoria-fr","7":"setores-agriculture","8":"marcas-claas","9":"tipo_produto-moissonneuses-batteuses","11":"first","12":"instock","13":"shipping-taxable","14":"product-type-simple"},"acf":[],"yoast_head":"<!-- This site is optimized with the Yoast SEO plugin v25.2 - https:\/\/yoast.com\/wordpress\/plugins\/seo\/ -->\n<title>Moissonneuses-batteuses Claas - Trevotech Group<\/title>\n<meta name=\"description\" content=\"Les moissonneuses-batteuses CLAAS sont une r\u00e9f\u00e9rence mondiale en mati\u00e8re d\u2019efficacit\u00e9, d\u2019innovation et de productivit\u00e9 agricoles. Des...\" \/>\n<meta name=\"robots\" content=\"index, follow, max-snippet:-1, max-image-preview:large, max-video-preview:-1\" \/>\n<link rel=\"canonical\" href=\"https:\/\/trevotech.com\/fr\/produto\/moissonneuses-batteuses\/\" \/>\n<meta property=\"og:locale\" content=\"fr_FR\" \/>\n<meta property=\"og:type\" content=\"article\" \/>\n<meta property=\"og:title\" content=\"Moissonneuses-batteuses Claas - Trevotech Group\" \/>\n<meta property=\"og:description\" content=\"Les moissonneuses-batteuses CLAAS sont une r\u00e9f\u00e9rence mondiale en mati\u00e8re d\u2019efficacit\u00e9, d\u2019innovation et de productivit\u00e9 agricoles. Des...\" \/>\n<meta property=\"og:url\" content=\"https:\/\/trevotech.com\/fr\/produto\/moissonneuses-batteuses\/\" \/>\n<meta property=\"og:site_name\" content=\"Trevotech Group\" \/>\n<meta property=\"article:modified_time\" content=\"2025-08-05T09:42:39+00:00\" \/>\n<meta property=\"og:image\" content=\"https:\/\/trevotech.com\/wp-content\/uploads\/2024\/11\/Website_content_export-03.webp\" \/>\n\t<meta property=\"og:image:width\" content=\"1000\" \/>\n\t<meta property=\"og:image:height\" content=\"1000\" \/>\n\t<meta property=\"og:image:type\" content=\"image\/webp\" \/>\n<meta name=\"twitter:card\" content=\"summary_large_image\" \/>\n<meta name=\"twitter:label1\" content=\"Dur\u00e9e de lecture estim\u00e9e\" \/>\n\t<meta name=\"twitter:data1\" content=\"2 minutes\" \/>\n<script type=\"application\/ld+json\" class=\"yoast-schema-graph\">{\"@context\":\"https:\/\/schema.org\",\"@graph\":[{\"@type\":\"WebPage\",\"@id\":\"https:\/\/trevotech.com\/fr\/produto\/moissonneuses-batteuses\/\",\"url\":\"https:\/\/trevotech.com\/fr\/produto\/moissonneuses-batteuses\/\",\"name\":\"Moissonneuses-batteuses Claas - Trevotech Group\",\"isPartOf\":{\"@id\":\"https:\/\/trevotech.com\/fr\/#website\"},\"primaryImageOfPage\":{\"@id\":\"https:\/\/trevotech.com\/fr\/produto\/moissonneuses-batteuses\/#primaryimage\"},\"image\":{\"@id\":\"https:\/\/trevotech.com\/fr\/produto\/moissonneuses-batteuses\/#primaryimage\"},\"thumbnailUrl\":\"https:\/\/trevotech.com\/wp-content\/uploads\/2024\/11\/Website_content_export-03.webp\",\"datePublished\":\"2024-11-06T14:41:14+00:00\",\"dateModified\":\"2025-08-05T09:42:39+00:00\",\"description\":\"Les moissonneuses-batteuses CLAAS sont une r\u00e9f\u00e9rence mondiale en mati\u00e8re d\u2019efficacit\u00e9, d\u2019innovation et de productivit\u00e9 agricoles. Des...\",\"breadcrumb\":{\"@id\":\"https:\/\/trevotech.com\/fr\/produto\/moissonneuses-batteuses\/#breadcrumb\"},\"inLanguage\":\"fr-FR\",\"potentialAction\":[{\"@type\":\"ReadAction\",\"target\":[\"https:\/\/trevotech.com\/fr\/produto\/moissonneuses-batteuses\/\"]}]},{\"@type\":\"ImageObject\",\"inLanguage\":\"fr-FR\",\"@id\":\"https:\/\/trevotech.com\/fr\/produto\/moissonneuses-batteuses\/#primaryimage\",\"url\":\"https:\/\/trevotech.com\/wp-content\/uploads\/2024\/11\/Website_content_export-03.webp\",\"contentUrl\":\"https:\/\/trevotech.com\/wp-content\/uploads\/2024\/11\/Website_content_export-03.webp\",\"width\":1000,\"height\":1000,\"caption\":\"Combinados\"},{\"@type\":\"BreadcrumbList\",\"@id\":\"https:\/\/trevotech.com\/fr\/produto\/moissonneuses-batteuses\/#breadcrumb\",\"itemListElement\":[{\"@type\":\"ListItem\",\"position\":1,\"name\":\"In\u00edcio\",\"item\":\"https:\/\/trevotech.com\/fr\/\"},{\"@type\":\"ListItem\",\"position\":2,\"name\":\"Produits\",\"item\":\"https:\/\/trevotech.com\/fr\/shop\/\"},{\"@type\":\"ListItem\",\"position\":3,\"name\":\"Moissonneuses-batteuses\"}]},{\"@type\":\"WebSite\",\"@id\":\"https:\/\/trevotech.com\/fr\/#website\",\"url\":\"https:\/\/trevotech.com\/fr\/\",\"name\":\"Trevotech Group\",\"description\":\"\",\"potentialAction\":[{\"@type\":\"SearchAction\",\"target\":{\"@type\":\"EntryPoint\",\"urlTemplate\":\"https:\/\/trevotech.com\/fr\/?s={search_term_string}\"},\"query-input\":{\"@type\":\"PropertyValueSpecification\",\"valueRequired\":true,\"valueName\":\"search_term_string\"}}],\"inLanguage\":\"fr-FR\"}]}<\/script>\n<!-- \/ Yoast SEO plugin. -->","yoast_head_json":{"title":"Moissonneuses-batteuses Claas - Trevotech Group","description":"Les moissonneuses-batteuses CLAAS sont une r\u00e9f\u00e9rence mondiale en mati\u00e8re d\u2019efficacit\u00e9, d\u2019innovation et de productivit\u00e9 agricoles. Des...","robots":{"index":"index","follow":"follow","max-snippet":"max-snippet:-1","max-image-preview":"max-image-preview:large","max-video-preview":"max-video-preview:-1"},"canonical":"https:\/\/trevotech.com\/fr\/produto\/moissonneuses-batteuses\/","og_locale":"fr_FR","og_type":"article","og_title":"Moissonneuses-batteuses Claas - Trevotech Group","og_description":"Les moissonneuses-batteuses CLAAS sont une r\u00e9f\u00e9rence mondiale en mati\u00e8re d\u2019efficacit\u00e9, d\u2019innovation et de productivit\u00e9 agricoles. Des...","og_url":"https:\/\/trevotech.com\/fr\/produto\/moissonneuses-batteuses\/","og_site_name":"Trevotech Group","article_modified_time":"2025-08-05T09:42:39+00:00","og_image":[{"width":1000,"height":1000,"url":"https:\/\/trevotech.com\/wp-content\/uploads\/2024\/11\/Website_content_export-03.webp","type":"image\/webp"}],"twitter_card":"summary_large_image","twitter_misc":{"Dur\u00e9e de lecture estim\u00e9e":"2 minutes"},"schema":{"@context":"https:\/\/schema.org","@graph":[{"@type":"WebPage","@id":"https:\/\/trevotech.com\/fr\/produto\/moissonneuses-batteuses\/","url":"https:\/\/trevotech.com\/fr\/produto\/moissonneuses-batteuses\/","name":"Moissonneuses-batteuses Claas - Trevotech Group","isPartOf":{"@id":"https:\/\/trevotech.com\/fr\/#website"},"primaryImageOfPage":{"@id":"https:\/\/trevotech.com\/fr\/produto\/moissonneuses-batteuses\/#primaryimage"},"image":{"@id":"https:\/\/trevotech.com\/fr\/produto\/moissonneuses-batteuses\/#primaryimage"},"thumbnailUrl":"https:\/\/trevotech.com\/wp-content\/uploads\/2024\/11\/Website_content_export-03.webp","datePublished":"2024-11-06T14:41:14+00:00","dateModified":"2025-08-05T09:42:39+00:00","description":"Les moissonneuses-batteuses CLAAS sont une r\u00e9f\u00e9rence mondiale en mati\u00e8re d\u2019efficacit\u00e9, d\u2019innovation et de productivit\u00e9 agricoles. Des...","breadcrumb":{"@id":"https:\/\/trevotech.com\/fr\/produto\/moissonneuses-batteuses\/#breadcrumb"},"inLanguage":"fr-FR","potentialAction":[{"@type":"ReadAction","target":["https:\/\/trevotech.com\/fr\/produto\/moissonneuses-batteuses\/"]}]},{"@type":"ImageObject","inLanguage":"fr-FR","@id":"https:\/\/trevotech.com\/fr\/produto\/moissonneuses-batteuses\/#primaryimage","url":"https:\/\/trevotech.com\/wp-content\/uploads\/2024\/11\/Website_content_export-03.webp","contentUrl":"https:\/\/trevotech.com\/wp-content\/uploads\/2024\/11\/Website_content_export-03.webp","width":1000,"height":1000,"caption":"Combinados"},{"@type":"BreadcrumbList","@id":"https:\/\/trevotech.com\/fr\/produto\/moissonneuses-batteuses\/#breadcrumb","itemListElement":[{"@type":"ListItem","position":1,"name":"In\u00edcio","item":"https:\/\/trevotech.com\/fr\/"},{"@type":"ListItem","position":2,"name":"Produits","item":"https:\/\/trevotech.com\/fr\/shop\/"},{"@type":"ListItem","position":3,"name":"Moissonneuses-batteuses"}]},{"@type":"WebSite","@id":"https:\/\/trevotech.com\/fr\/#website","url":"https:\/\/trevotech.com\/fr\/","name":"Trevotech Group","description":"","potentialAction":[{"@type":"SearchAction","target":{"@type":"EntryPoint","urlTemplate":"https:\/\/trevotech.com\/fr\/?s={search_term_string}"},"query-input":{"@type":"PropertyValueSpecification","valueRequired":true,"valueName":"search_term_string"}}],"inLanguage":"fr-FR"}]}},"_links":{"self":[{"href":"https:\/\/trevotech.com\/fr\/wp-json\/wp\/v2\/product\/3868","targetHints":{"allow":["GET"]}}],"collection":[{"href":"https:\/\/trevotech.com\/fr\/wp-json\/wp\/v2\/product"}],"about":[{"href":"https:\/\/trevotech.com\/fr\/wp-json\/wp\/v2\/types\/product"}],"replies":[{"embeddable":true,"href":"https:\/\/trevotech.com\/fr\/wp-json\/wp\/v2\/comments?post=3868"}],"wp:featuredmedia":[{"embeddable":true,"href":"https:\/\/trevotech.com\/fr\/wp-json\/wp\/v2\/media\/3800"}],"wp:attachment":[{"href":"https:\/\/trevotech.com\/fr\/wp-json\/wp\/v2\/media?parent=3868"}],"wp:term":[{"taxonomy":"product_brand","embeddable":true,"href":"https:\/\/trevotech.com\/fr\/wp-json\/wp\/v2\/product_brand?post=3868"},{"taxonomy":"product_cat","embeddable":true,"href":"https:\/\/trevotech.com\/fr\/wp-json\/wp\/v2\/product_cat?post=3868"},{"taxonomy":"product_tag","embeddable":true,"href":"https:\/\/trevotech.com\/fr\/wp-json\/wp\/v2\/product_tag?post=3868"}],"curies":[{"name":"wp","href":"https:\/\/api.w.org\/{rel}","templated":true}]}}