{"id":3870,"date":"2024-11-06T14:39:41","date_gmt":"2024-11-06T14:39:41","guid":{"rendered":"https:\/\/trevotech.com\/produto\/headers\/"},"modified":"2025-08-05T09:45:11","modified_gmt":"2025-08-05T09:45:11","slug":"barres-de-coupe","status":"publish","type":"product","link":"https:\/\/trevotech.com\/fr\/produto\/barres-de-coupe\/","title":{"rendered":"Barres de Coupe"},"content":{"rendered":"<p><span style=\"font-weight: 400;\">Les barres de coupe CLAAS sont des outils de r\u00e9colte de haute pr\u00e9cision, con\u00e7us pour maximiser la performance, le flux de culture et l\u2019adaptabilit\u00e9 dans des conditions vari\u00e9es. Parmi les mod\u00e8les phares figurent les CONVIO FLEX et CONVIO, parfaits pour les c\u00e9r\u00e9ales et les cultures sp\u00e9cialis\u00e9es gr\u00e2ce \u00e0 leurs lames flexibles et convoyeurs \u00e0 courroie qui assurent une alimentation r\u00e9guli\u00e8re et fluide. Les barres VARIO, comme les VARIO 500, 680 et 1380, se distinguent par leurs positions de lames r\u00e9glables (jusqu\u2019\u00e0 700 mm), permettant une adaptation rapide au type de culture, augmentant consid\u00e9rablement le rendement en bl\u00e9, orge ou colza. Pour le ma\u00efs, CLAAS propose les s\u00e9ries CORIO et CORIO CONSPEED, dot\u00e9es de cadres repliables, de rouleaux cueilleurs et de protections pour une r\u00e9colte en ligne propre et efficace. La barre SUNSPEED est optimis\u00e9e pour les tournesols, avec des unit\u00e9s sp\u00e9cialis\u00e9es et de tr\u00e8s faibles pertes de graines. Compatibles avec les moissonneuses LEXION, TRION et AVERO, les barres CLAAS offrent fiabilit\u00e9, polyvalence et efficacit\u00e9 maximale.<\/span><\/p>\n<p><span style=\"font-weight: 400;\">Les barres de coupe CLAAS sont des outils de r\u00e9colte de haute pr\u00e9cision, con\u00e7us pour maximiser la performance, le flux de culture et l\u2019adaptabilit\u00e9 dans des conditions vari\u00e9es. Parmi les mod\u00e8les phares figurent les CONVIO FLEX et CONVIO, parfaits pour les c\u00e9r\u00e9ales et les cultures sp\u00e9cialis\u00e9es gr\u00e2ce \u00e0 leurs lames flexibles et convoyeurs \u00e0 courroie qui assurent une alimentation r\u00e9guli\u00e8re et fluide. Les barres VARIO, comme les VARIO 500, 680 et 1380, se distinguent par leurs positions de lames r\u00e9glables (jusqu\u2019\u00e0 700 mm), permettant une adaptation rapide au type de culture, augmentant consid\u00e9rablement le rendement en bl\u00e9, orge ou colza. Pour le ma\u00efs, CLAAS propose les s\u00e9ries CORIO et CORIO CONSPEED, dot\u00e9es de cadres repliables, de rouleaux cueilleurs et de protections pour une r\u00e9colte en ligne propre et efficace. La barre SUNSPEED est optimis\u00e9e pour les tournesols, avec des unit\u00e9s sp\u00e9cialis\u00e9es et de tr\u00e8s faibles pertes de graines. Compatibles avec les moissonneuses LEXION, TRION et AVERO, les barres CLAAS offrent fiabilit\u00e9, polyvalence et efficacit\u00e9 maximale.<\/span><\/p>\n","protected":false},"excerpt":{"rendered":"<p><span style=\"font-weight: 400;\">Les barres de coupe CLAAS sont des outils de r\u00e9colte de haute pr\u00e9cision, con\u00e7us pour maximiser la performance, le flux de culture et l\u2019adaptabilit\u00e9 dans des conditions vari\u00e9es. Parmi les mod\u00e8les phares figurent les CONVIO FLEX et CONVIO, parfaits pour les c\u00e9r\u00e9ales et les cultures sp\u00e9cialis\u00e9es gr\u00e2ce \u00e0 leurs lames flexibles et convoyeurs \u00e0 courroie qui assurent une alimentation r\u00e9guli\u00e8re et fluide. Les barres VARIO, comme les VARIO 500, 680 et 1380, se distinguent par leurs positions de lames r\u00e9glables (jusqu\u2019\u00e0 700 mm), permettant une adaptation rapide au type de culture, augmentant consid\u00e9rablement le rendement en bl\u00e9, orge ou colza. Pour le ma\u00efs, CLAAS propose les s\u00e9ries CORIO et CORIO CONSPEED, dot\u00e9es de cadres repliables, de rouleaux cueilleurs et de protections pour une r\u00e9colte en ligne propre et efficace. La barre SUNSPEED est optimis\u00e9e pour les tournesols, avec des unit\u00e9s sp\u00e9cialis\u00e9es et de tr\u00e8s faibles pertes de graines. Compatibles avec les moissonneuses LEXION, TRION et AVERO, les barres CLAAS offrent fiabilit\u00e9, polyvalence et efficacit\u00e9 maximale.<\/span><\/p>\n","protected":false},"featured_media":3801,"comment_status":"open","ping_status":"closed","template":"","meta":{"_acf_changed":false},"product_brand":[],"product_cat":[458],"product_tag":[],"class_list":{"0":"post-3870","1":"product","2":"type-product","3":"status-publish","4":"has-post-thumbnail","6":"product_cat-sem-categoria-fr","7":"setores-agriculture","8":"marcas-claas","9":"tipo_produto-barres-de-coupe","11":"first","12":"instock","13":"shipping-taxable","14":"product-type-simple"},"acf":[],"yoast_head":"<!-- This site is optimized with the Yoast SEO plugin v25.2 - https:\/\/yoast.com\/wordpress\/plugins\/seo\/ -->\n<title>Barres de Coupe Claas - Trevotech Group<\/title>\n<meta name=\"description\" content=\"Les barres de coupe CLAAS sont des outils de r\u00e9colte de haute pr\u00e9cision, con\u00e7us pour maximiser la performance, le flux de culture et...\" \/>\n<meta name=\"robots\" content=\"index, follow, max-snippet:-1, max-image-preview:large, max-video-preview:-1\" \/>\n<link rel=\"canonical\" href=\"https:\/\/trevotech.com\/fr\/produto\/barres-de-coupe\/\" \/>\n<meta property=\"og:locale\" content=\"fr_FR\" \/>\n<meta property=\"og:type\" content=\"article\" \/>\n<meta property=\"og:title\" content=\"Barres de Coupe Claas - Trevotech Group\" \/>\n<meta property=\"og:description\" content=\"Les barres de coupe CLAAS sont des outils de r\u00e9colte de haute pr\u00e9cision, con\u00e7us pour maximiser la performance, le flux de culture et...\" \/>\n<meta property=\"og:url\" content=\"https:\/\/trevotech.com\/fr\/produto\/barres-de-coupe\/\" \/>\n<meta property=\"og:site_name\" content=\"Trevotech Group\" \/>\n<meta property=\"article:modified_time\" content=\"2025-08-05T09:45:11+00:00\" \/>\n<meta property=\"og:image\" content=\"https:\/\/trevotech.com\/wp-content\/uploads\/2024\/11\/Website_content_export-04.webp\" \/>\n\t<meta property=\"og:image:width\" content=\"1000\" \/>\n\t<meta property=\"og:image:height\" content=\"1000\" \/>\n\t<meta property=\"og:image:type\" content=\"image\/webp\" \/>\n<meta name=\"twitter:card\" content=\"summary_large_image\" \/>\n<meta name=\"twitter:label1\" content=\"Dur\u00e9e de lecture estim\u00e9e\" \/>\n\t<meta name=\"twitter:data1\" content=\"3 minutes\" \/>\n<script type=\"application\/ld+json\" class=\"yoast-schema-graph\">{\"@context\":\"https:\/\/schema.org\",\"@graph\":[{\"@type\":\"WebPage\",\"@id\":\"https:\/\/trevotech.com\/fr\/produto\/barres-de-coupe\/\",\"url\":\"https:\/\/trevotech.com\/fr\/produto\/barres-de-coupe\/\",\"name\":\"Barres de Coupe Claas - Trevotech Group\",\"isPartOf\":{\"@id\":\"https:\/\/trevotech.com\/fr\/#website\"},\"primaryImageOfPage\":{\"@id\":\"https:\/\/trevotech.com\/fr\/produto\/barres-de-coupe\/#primaryimage\"},\"image\":{\"@id\":\"https:\/\/trevotech.com\/fr\/produto\/barres-de-coupe\/#primaryimage\"},\"thumbnailUrl\":\"https:\/\/trevotech.com\/wp-content\/uploads\/2024\/11\/Website_content_export-04.webp\",\"datePublished\":\"2024-11-06T14:39:41+00:00\",\"dateModified\":\"2025-08-05T09:45:11+00:00\",\"description\":\"Les barres de coupe CLAAS sont des outils de r\u00e9colte de haute pr\u00e9cision, con\u00e7us pour maximiser la performance, le flux de culture et...\",\"breadcrumb\":{\"@id\":\"https:\/\/trevotech.com\/fr\/produto\/barres-de-coupe\/#breadcrumb\"},\"inLanguage\":\"fr-FR\",\"potentialAction\":[{\"@type\":\"ReadAction\",\"target\":[\"https:\/\/trevotech.com\/fr\/produto\/barres-de-coupe\/\"]}]},{\"@type\":\"ImageObject\",\"inLanguage\":\"fr-FR\",\"@id\":\"https:\/\/trevotech.com\/fr\/produto\/barres-de-coupe\/#primaryimage\",\"url\":\"https:\/\/trevotech.com\/wp-content\/uploads\/2024\/11\/Website_content_export-04.webp\",\"contentUrl\":\"https:\/\/trevotech.com\/wp-content\/uploads\/2024\/11\/Website_content_export-04.webp\",\"width\":1000,\"height\":1000,\"caption\":\"M\u00e1quinas de Carga\"},{\"@type\":\"BreadcrumbList\",\"@id\":\"https:\/\/trevotech.com\/fr\/produto\/barres-de-coupe\/#breadcrumb\",\"itemListElement\":[{\"@type\":\"ListItem\",\"position\":1,\"name\":\"In\u00edcio\",\"item\":\"https:\/\/trevotech.com\/fr\/\"},{\"@type\":\"ListItem\",\"position\":2,\"name\":\"Produits\",\"item\":\"https:\/\/trevotech.com\/fr\/shop\/\"},{\"@type\":\"ListItem\",\"position\":3,\"name\":\"Barres de Coupe\"}]},{\"@type\":\"WebSite\",\"@id\":\"https:\/\/trevotech.com\/fr\/#website\",\"url\":\"https:\/\/trevotech.com\/fr\/\",\"name\":\"Trevotech Group\",\"description\":\"\",\"potentialAction\":[{\"@type\":\"SearchAction\",\"target\":{\"@type\":\"EntryPoint\",\"urlTemplate\":\"https:\/\/trevotech.com\/fr\/?s={search_term_string}\"},\"query-input\":{\"@type\":\"PropertyValueSpecification\",\"valueRequired\":true,\"valueName\":\"search_term_string\"}}],\"inLanguage\":\"fr-FR\"}]}<\/script>\n<!-- \/ Yoast SEO plugin. -->","yoast_head_json":{"title":"Barres de Coupe Claas - Trevotech Group","description":"Les barres de coupe CLAAS sont des outils de r\u00e9colte de haute pr\u00e9cision, con\u00e7us pour maximiser la performance, le flux de culture et...","robots":{"index":"index","follow":"follow","max-snippet":"max-snippet:-1","max-image-preview":"max-image-preview:large","max-video-preview":"max-video-preview:-1"},"canonical":"https:\/\/trevotech.com\/fr\/produto\/barres-de-coupe\/","og_locale":"fr_FR","og_type":"article","og_title":"Barres de Coupe Claas - Trevotech Group","og_description":"Les barres de coupe CLAAS sont des outils de r\u00e9colte de haute pr\u00e9cision, con\u00e7us pour maximiser la performance, le flux de culture et...","og_url":"https:\/\/trevotech.com\/fr\/produto\/barres-de-coupe\/","og_site_name":"Trevotech Group","article_modified_time":"2025-08-05T09:45:11+00:00","og_image":[{"width":1000,"height":1000,"url":"https:\/\/trevotech.com\/wp-content\/uploads\/2024\/11\/Website_content_export-04.webp","type":"image\/webp"}],"twitter_card":"summary_large_image","twitter_misc":{"Dur\u00e9e de lecture estim\u00e9e":"3 minutes"},"schema":{"@context":"https:\/\/schema.org","@graph":[{"@type":"WebPage","@id":"https:\/\/trevotech.com\/fr\/produto\/barres-de-coupe\/","url":"https:\/\/trevotech.com\/fr\/produto\/barres-de-coupe\/","name":"Barres de Coupe Claas - Trevotech Group","isPartOf":{"@id":"https:\/\/trevotech.com\/fr\/#website"},"primaryImageOfPage":{"@id":"https:\/\/trevotech.com\/fr\/produto\/barres-de-coupe\/#primaryimage"},"image":{"@id":"https:\/\/trevotech.com\/fr\/produto\/barres-de-coupe\/#primaryimage"},"thumbnailUrl":"https:\/\/trevotech.com\/wp-content\/uploads\/2024\/11\/Website_content_export-04.webp","datePublished":"2024-11-06T14:39:41+00:00","dateModified":"2025-08-05T09:45:11+00:00","description":"Les barres de coupe CLAAS sont des outils de r\u00e9colte de haute pr\u00e9cision, con\u00e7us pour maximiser la performance, le flux de culture et...","breadcrumb":{"@id":"https:\/\/trevotech.com\/fr\/produto\/barres-de-coupe\/#breadcrumb"},"inLanguage":"fr-FR","potentialAction":[{"@type":"ReadAction","target":["https:\/\/trevotech.com\/fr\/produto\/barres-de-coupe\/"]}]},{"@type":"ImageObject","inLanguage":"fr-FR","@id":"https:\/\/trevotech.com\/fr\/produto\/barres-de-coupe\/#primaryimage","url":"https:\/\/trevotech.com\/wp-content\/uploads\/2024\/11\/Website_content_export-04.webp","contentUrl":"https:\/\/trevotech.com\/wp-content\/uploads\/2024\/11\/Website_content_export-04.webp","width":1000,"height":1000,"caption":"M\u00e1quinas de Carga"},{"@type":"BreadcrumbList","@id":"https:\/\/trevotech.com\/fr\/produto\/barres-de-coupe\/#breadcrumb","itemListElement":[{"@type":"ListItem","position":1,"name":"In\u00edcio","item":"https:\/\/trevotech.com\/fr\/"},{"@type":"ListItem","position":2,"name":"Produits","item":"https:\/\/trevotech.com\/fr\/shop\/"},{"@type":"ListItem","position":3,"name":"Barres de Coupe"}]},{"@type":"WebSite","@id":"https:\/\/trevotech.com\/fr\/#website","url":"https:\/\/trevotech.com\/fr\/","name":"Trevotech Group","description":"","potentialAction":[{"@type":"SearchAction","target":{"@type":"EntryPoint","urlTemplate":"https:\/\/trevotech.com\/fr\/?s={search_term_string}"},"query-input":{"@type":"PropertyValueSpecification","valueRequired":true,"valueName":"search_term_string"}}],"inLanguage":"fr-FR"}]}},"_links":{"self":[{"href":"https:\/\/trevotech.com\/fr\/wp-json\/wp\/v2\/product\/3870","targetHints":{"allow":["GET"]}}],"collection":[{"href":"https:\/\/trevotech.com\/fr\/wp-json\/wp\/v2\/product"}],"about":[{"href":"https:\/\/trevotech.com\/fr\/wp-json\/wp\/v2\/types\/product"}],"replies":[{"embeddable":true,"href":"https:\/\/trevotech.com\/fr\/wp-json\/wp\/v2\/comments?post=3870"}],"wp:featuredmedia":[{"embeddable":true,"href":"https:\/\/trevotech.com\/fr\/wp-json\/wp\/v2\/media\/3801"}],"wp:attachment":[{"href":"https:\/\/trevotech.com\/fr\/wp-json\/wp\/v2\/media?parent=3870"}],"wp:term":[{"taxonomy":"product_brand","embeddable":true,"href":"https:\/\/trevotech.com\/fr\/wp-json\/wp\/v2\/product_brand?post=3870"},{"taxonomy":"product_cat","embeddable":true,"href":"https:\/\/trevotech.com\/fr\/wp-json\/wp\/v2\/product_cat?post=3870"},{"taxonomy":"product_tag","embeddable":true,"href":"https:\/\/trevotech.com\/fr\/wp-json\/wp\/v2\/product_tag?post=3870"}],"curies":[{"name":"wp","href":"https:\/\/api.w.org\/{rel}","templated":true}]}}