{"id":3872,"date":"2024-11-06T14:38:07","date_gmt":"2024-11-06T14:38:07","guid":{"rendered":"https:\/\/trevotech.com\/produto\/balers\/"},"modified":"2025-08-05T09:49:15","modified_gmt":"2025-08-05T09:49:15","slug":"presses-a-balles","status":"publish","type":"product","link":"https:\/\/trevotech.com\/fr\/produto\/presses-a-balles\/","title":{"rendered":"Presses \u00e0 Balles"},"content":{"rendered":"<p><span style=\"font-weight: 400;\">Les Presses \u00e0 Balles CLAAS sont r\u00e9put\u00e9es pour leur efficacit\u00e9, leur fiabilit\u00e9 et leur conception innovante, devenant indispensables dans l\u2019agriculture moderne. Des mod\u00e8les comme la ROLLANT (balles rondes) et la QUADRANT (balles rectangulaires) offrent des performances \u00e9lev\u00e9es et une adaptabilit\u00e9 aux diff\u00e9rents types de fourrage et de paille. \u00c9quip\u00e9es de syst\u00e8mes avanc\u00e9s comme le ROTO CUT pour une coupe pr\u00e9cise et des balles uniformes, et des noueurs haute capacit\u00e9 pour des balles denses et durables, ces machines sont con\u00e7ues pour un usage intensif avec peu d\u2019entretien. Faciles \u00e0 utiliser, avec des commandes intuitives et une int\u00e9gration compl\u00e8te aux technologies d\u2019agriculture de pr\u00e9cision, les presses CLAAS maximisent productivit\u00e9 et rentabilit\u00e9, que ce soit pour les petites ou grandes exploitations.<\/span><\/p>\n<p><span style=\"font-weight: 400;\">Les Presses \u00e0 Balles CLAAS sont r\u00e9put\u00e9es pour leur efficacit\u00e9, leur fiabilit\u00e9 et leur conception innovante, devenant indispensables dans l\u2019agriculture moderne. Des mod\u00e8les comme la ROLLANT (balles rondes) et la QUADRANT (balles rectangulaires) offrent des performances \u00e9lev\u00e9es et une adaptabilit\u00e9 aux diff\u00e9rents types de fourrage et de paille. \u00c9quip\u00e9es de syst\u00e8mes avanc\u00e9s comme le ROTO CUT pour une coupe pr\u00e9cise et des balles uniformes, et des noueurs haute capacit\u00e9 pour des balles denses et durables, ces machines sont con\u00e7ues pour un usage intensif avec peu d\u2019entretien. Faciles \u00e0 utiliser, avec des commandes intuitives et une int\u00e9gration compl\u00e8te aux technologies d\u2019agriculture de pr\u00e9cision, les presses CLAAS maximisent productivit\u00e9 et rentabilit\u00e9, que ce soit pour les petites ou grandes exploitations.<\/span><\/p>\n","protected":false},"excerpt":{"rendered":"<p><span style=\"font-weight: 400;\">Les Presses \u00e0 Balles CLAAS sont r\u00e9put\u00e9es pour leur efficacit\u00e9, leur fiabilit\u00e9 et leur conception innovante, devenant indispensables dans l\u2019agriculture moderne. Des mod\u00e8les comme la ROLLANT (balles rondes) et la QUADRANT (balles rectangulaires) offrent des performances \u00e9lev\u00e9es et une adaptabilit\u00e9 aux diff\u00e9rents types de fourrage et de paille. \u00c9quip\u00e9es de syst\u00e8mes avanc\u00e9s comme le ROTO CUT pour une coupe pr\u00e9cise et des balles uniformes, et des noueurs haute capacit\u00e9 pour des balles denses et durables, ces machines sont con\u00e7ues pour un usage intensif avec peu d\u2019entretien. Faciles \u00e0 utiliser, avec des commandes intuitives et une int\u00e9gration compl\u00e8te aux technologies d\u2019agriculture de pr\u00e9cision, les presses CLAAS maximisent productivit\u00e9 et rentabilit\u00e9, que ce soit pour les petites ou grandes exploitations.<\/span><\/p>\n","protected":false},"featured_media":3873,"comment_status":"open","ping_status":"closed","template":"","meta":{"_acf_changed":false},"product_brand":[],"product_cat":[458],"product_tag":[],"class_list":{"0":"post-3872","1":"product","2":"type-product","3":"status-publish","4":"has-post-thumbnail","6":"product_cat-sem-categoria-fr","7":"setores-agriculture","8":"marcas-claas","9":"tipo_produto-presses-a-balles","11":"first","12":"instock","13":"shipping-taxable","14":"product-type-simple"},"acf":[],"yoast_head":"<!-- This site is optimized with the Yoast SEO plugin v25.2 - https:\/\/yoast.com\/wordpress\/plugins\/seo\/ -->\n<title>Presses \u00e0 Balles Claas - Trevotech Group<\/title>\n<meta name=\"description\" content=\"Les Presses \u00e0 Balles CLAAS sont r\u00e9put\u00e9es pour leur efficacit\u00e9, leur fiabilit\u00e9 et leur conception innovante, devenant indispensables dans...\" \/>\n<meta name=\"robots\" content=\"index, follow, max-snippet:-1, max-image-preview:large, max-video-preview:-1\" \/>\n<link rel=\"canonical\" href=\"https:\/\/trevotech.com\/fr\/produto\/presses-a-balles\/\" \/>\n<meta property=\"og:locale\" content=\"fr_FR\" \/>\n<meta property=\"og:type\" content=\"article\" \/>\n<meta property=\"og:title\" content=\"Presses \u00e0 Balles Claas - Trevotech Group\" \/>\n<meta property=\"og:description\" content=\"Les Presses \u00e0 Balles CLAAS sont r\u00e9put\u00e9es pour leur efficacit\u00e9, leur fiabilit\u00e9 et leur conception innovante, devenant indispensables dans...\" \/>\n<meta property=\"og:url\" content=\"https:\/\/trevotech.com\/fr\/produto\/presses-a-balles\/\" \/>\n<meta property=\"og:site_name\" content=\"Trevotech Group\" \/>\n<meta property=\"article:modified_time\" content=\"2025-08-05T09:49:15+00:00\" \/>\n<meta property=\"og:image\" content=\"https:\/\/trevotech.com\/wp-content\/uploads\/2024\/11\/Website_content_export-06-e1741861309244.webp\" \/>\n\t<meta property=\"og:image:width\" content=\"1000\" \/>\n\t<meta property=\"og:image:height\" content=\"1000\" \/>\n\t<meta property=\"og:image:type\" content=\"image\/webp\" \/>\n<meta name=\"twitter:card\" content=\"summary_large_image\" \/>\n<meta name=\"twitter:label1\" content=\"Dur\u00e9e de lecture estim\u00e9e\" \/>\n\t<meta name=\"twitter:data1\" content=\"2 minutes\" \/>\n<script type=\"application\/ld+json\" class=\"yoast-schema-graph\">{\"@context\":\"https:\/\/schema.org\",\"@graph\":[{\"@type\":\"WebPage\",\"@id\":\"https:\/\/trevotech.com\/fr\/produto\/presses-a-balles\/\",\"url\":\"https:\/\/trevotech.com\/fr\/produto\/presses-a-balles\/\",\"name\":\"Presses \u00e0 Balles Claas - Trevotech Group\",\"isPartOf\":{\"@id\":\"https:\/\/trevotech.com\/fr\/#website\"},\"primaryImageOfPage\":{\"@id\":\"https:\/\/trevotech.com\/fr\/produto\/presses-a-balles\/#primaryimage\"},\"image\":{\"@id\":\"https:\/\/trevotech.com\/fr\/produto\/presses-a-balles\/#primaryimage\"},\"thumbnailUrl\":\"https:\/\/trevotech.com\/wp-content\/uploads\/2024\/11\/Website_content_export-06-e1741861309244.webp\",\"datePublished\":\"2024-11-06T14:38:07+00:00\",\"dateModified\":\"2025-08-05T09:49:15+00:00\",\"description\":\"Les Presses \u00e0 Balles CLAAS sont r\u00e9put\u00e9es pour leur efficacit\u00e9, leur fiabilit\u00e9 et leur conception innovante, devenant indispensables dans...\",\"breadcrumb\":{\"@id\":\"https:\/\/trevotech.com\/fr\/produto\/presses-a-balles\/#breadcrumb\"},\"inLanguage\":\"fr-FR\",\"potentialAction\":[{\"@type\":\"ReadAction\",\"target\":[\"https:\/\/trevotech.com\/fr\/produto\/presses-a-balles\/\"]}]},{\"@type\":\"ImageObject\",\"inLanguage\":\"fr-FR\",\"@id\":\"https:\/\/trevotech.com\/fr\/produto\/presses-a-balles\/#primaryimage\",\"url\":\"https:\/\/trevotech.com\/wp-content\/uploads\/2024\/11\/Website_content_export-06-e1741861309244.webp\",\"contentUrl\":\"https:\/\/trevotech.com\/wp-content\/uploads\/2024\/11\/Website_content_export-06-e1741861309244.webp\",\"width\":1000,\"height\":1000,\"caption\":\"m\u00e1quinas enfardadeiras\"},{\"@type\":\"BreadcrumbList\",\"@id\":\"https:\/\/trevotech.com\/fr\/produto\/presses-a-balles\/#breadcrumb\",\"itemListElement\":[{\"@type\":\"ListItem\",\"position\":1,\"name\":\"In\u00edcio\",\"item\":\"https:\/\/trevotech.com\/fr\/\"},{\"@type\":\"ListItem\",\"position\":2,\"name\":\"Produits\",\"item\":\"https:\/\/trevotech.com\/fr\/shop\/\"},{\"@type\":\"ListItem\",\"position\":3,\"name\":\"Presses \u00e0 Balles\"}]},{\"@type\":\"WebSite\",\"@id\":\"https:\/\/trevotech.com\/fr\/#website\",\"url\":\"https:\/\/trevotech.com\/fr\/\",\"name\":\"Trevotech Group\",\"description\":\"\",\"potentialAction\":[{\"@type\":\"SearchAction\",\"target\":{\"@type\":\"EntryPoint\",\"urlTemplate\":\"https:\/\/trevotech.com\/fr\/?s={search_term_string}\"},\"query-input\":{\"@type\":\"PropertyValueSpecification\",\"valueRequired\":true,\"valueName\":\"search_term_string\"}}],\"inLanguage\":\"fr-FR\"}]}<\/script>\n<!-- \/ Yoast SEO plugin. -->","yoast_head_json":{"title":"Presses \u00e0 Balles Claas - Trevotech Group","description":"Les Presses \u00e0 Balles CLAAS sont r\u00e9put\u00e9es pour leur efficacit\u00e9, leur fiabilit\u00e9 et leur conception innovante, devenant indispensables dans...","robots":{"index":"index","follow":"follow","max-snippet":"max-snippet:-1","max-image-preview":"max-image-preview:large","max-video-preview":"max-video-preview:-1"},"canonical":"https:\/\/trevotech.com\/fr\/produto\/presses-a-balles\/","og_locale":"fr_FR","og_type":"article","og_title":"Presses \u00e0 Balles Claas - Trevotech Group","og_description":"Les Presses \u00e0 Balles CLAAS sont r\u00e9put\u00e9es pour leur efficacit\u00e9, leur fiabilit\u00e9 et leur conception innovante, devenant indispensables dans...","og_url":"https:\/\/trevotech.com\/fr\/produto\/presses-a-balles\/","og_site_name":"Trevotech Group","article_modified_time":"2025-08-05T09:49:15+00:00","og_image":[{"width":1000,"height":1000,"url":"https:\/\/trevotech.com\/wp-content\/uploads\/2024\/11\/Website_content_export-06-e1741861309244.webp","type":"image\/webp"}],"twitter_card":"summary_large_image","twitter_misc":{"Dur\u00e9e de lecture estim\u00e9e":"2 minutes"},"schema":{"@context":"https:\/\/schema.org","@graph":[{"@type":"WebPage","@id":"https:\/\/trevotech.com\/fr\/produto\/presses-a-balles\/","url":"https:\/\/trevotech.com\/fr\/produto\/presses-a-balles\/","name":"Presses \u00e0 Balles Claas - Trevotech Group","isPartOf":{"@id":"https:\/\/trevotech.com\/fr\/#website"},"primaryImageOfPage":{"@id":"https:\/\/trevotech.com\/fr\/produto\/presses-a-balles\/#primaryimage"},"image":{"@id":"https:\/\/trevotech.com\/fr\/produto\/presses-a-balles\/#primaryimage"},"thumbnailUrl":"https:\/\/trevotech.com\/wp-content\/uploads\/2024\/11\/Website_content_export-06-e1741861309244.webp","datePublished":"2024-11-06T14:38:07+00:00","dateModified":"2025-08-05T09:49:15+00:00","description":"Les Presses \u00e0 Balles CLAAS sont r\u00e9put\u00e9es pour leur efficacit\u00e9, leur fiabilit\u00e9 et leur conception innovante, devenant indispensables dans...","breadcrumb":{"@id":"https:\/\/trevotech.com\/fr\/produto\/presses-a-balles\/#breadcrumb"},"inLanguage":"fr-FR","potentialAction":[{"@type":"ReadAction","target":["https:\/\/trevotech.com\/fr\/produto\/presses-a-balles\/"]}]},{"@type":"ImageObject","inLanguage":"fr-FR","@id":"https:\/\/trevotech.com\/fr\/produto\/presses-a-balles\/#primaryimage","url":"https:\/\/trevotech.com\/wp-content\/uploads\/2024\/11\/Website_content_export-06-e1741861309244.webp","contentUrl":"https:\/\/trevotech.com\/wp-content\/uploads\/2024\/11\/Website_content_export-06-e1741861309244.webp","width":1000,"height":1000,"caption":"m\u00e1quinas enfardadeiras"},{"@type":"BreadcrumbList","@id":"https:\/\/trevotech.com\/fr\/produto\/presses-a-balles\/#breadcrumb","itemListElement":[{"@type":"ListItem","position":1,"name":"In\u00edcio","item":"https:\/\/trevotech.com\/fr\/"},{"@type":"ListItem","position":2,"name":"Produits","item":"https:\/\/trevotech.com\/fr\/shop\/"},{"@type":"ListItem","position":3,"name":"Presses \u00e0 Balles"}]},{"@type":"WebSite","@id":"https:\/\/trevotech.com\/fr\/#website","url":"https:\/\/trevotech.com\/fr\/","name":"Trevotech Group","description":"","potentialAction":[{"@type":"SearchAction","target":{"@type":"EntryPoint","urlTemplate":"https:\/\/trevotech.com\/fr\/?s={search_term_string}"},"query-input":{"@type":"PropertyValueSpecification","valueRequired":true,"valueName":"search_term_string"}}],"inLanguage":"fr-FR"}]}},"_links":{"self":[{"href":"https:\/\/trevotech.com\/fr\/wp-json\/wp\/v2\/product\/3872","targetHints":{"allow":["GET"]}}],"collection":[{"href":"https:\/\/trevotech.com\/fr\/wp-json\/wp\/v2\/product"}],"about":[{"href":"https:\/\/trevotech.com\/fr\/wp-json\/wp\/v2\/types\/product"}],"replies":[{"embeddable":true,"href":"https:\/\/trevotech.com\/fr\/wp-json\/wp\/v2\/comments?post=3872"}],"wp:featuredmedia":[{"embeddable":true,"href":"https:\/\/trevotech.com\/fr\/wp-json\/wp\/v2\/media\/3873"}],"wp:attachment":[{"href":"https:\/\/trevotech.com\/fr\/wp-json\/wp\/v2\/media?parent=3872"}],"wp:term":[{"taxonomy":"product_brand","embeddable":true,"href":"https:\/\/trevotech.com\/fr\/wp-json\/wp\/v2\/product_brand?post=3872"},{"taxonomy":"product_cat","embeddable":true,"href":"https:\/\/trevotech.com\/fr\/wp-json\/wp\/v2\/product_cat?post=3872"},{"taxonomy":"product_tag","embeddable":true,"href":"https:\/\/trevotech.com\/fr\/wp-json\/wp\/v2\/product_tag?post=3872"}],"curies":[{"name":"wp","href":"https:\/\/api.w.org\/{rel}","templated":true}]}}