{"id":3875,"date":"2024-11-06T14:37:42","date_gmt":"2024-11-06T14:37:42","guid":{"rendered":"https:\/\/trevotech.com\/produto\/forage-harvesting-machinery\/"},"modified":"2025-08-05T09:51:02","modified_gmt":"2025-08-05T09:51:02","slug":"materiel-de-recolte-de-fourrage","status":"publish","type":"product","link":"https:\/\/trevotech.com\/fr\/produto\/materiel-de-recolte-de-fourrage\/","title":{"rendered":"Mat\u00e9riel de R\u00e9colte de Fourrage"},"content":{"rendered":"<p><span style=\"font-weight: 400;\">Les mat\u00e9riel de r\u00e9colte de fourrage CLAAS sont reconnues \u00e0 l\u2019\u00e9chelle mondiale pour leur pr\u00e9cision, leur puissance et leur efficacit\u00e9 dans la collecte et le traitement des cultures fourrag\u00e8res. Au c\u0153ur de cette gamme se trouve la s\u00e9rie JAGUAR d\u2019ensileuses automotrices, avec des mod\u00e8les comme les JAGUAR 840, 950 et 990, offrant des puissances moteur allant de 400 \u00e0 plus de 900 ch. Ces machines int\u00e8grent des technologies avanc\u00e9es comme le SHREDLAGE\u00ae, qui am\u00e9liore la structure de l\u2019ensilage de ma\u00efs pour une meilleure digestion du b\u00e9tail, et AUTO FILL, qui guide automatiquement le bec de d\u00e9chargement pour un remplissage optimal des remorques. CLAAS propose \u00e9galement une large gamme de faucheuses (s\u00e9rie DISCO), faneuses (s\u00e9rie VOLTO), andaineurs (s\u00e9rie LINER) et d\u2019\u00e9quipements de manutention de balles, tous con\u00e7us pour un haut rendement et un traitement doux des r\u00e9coltes. Avec des outils de pr\u00e9cision int\u00e9gr\u00e9s comme la cartographie de rendement, les capteurs d\u2019humidit\u00e9 et CLAAS TELEMATICS, les op\u00e9rateurs peuvent surveiller les performances en temps r\u00e9el et optimiser l\u2019efficacit\u00e9.<\/span><\/p>\n<p><span style=\"font-weight: 400;\">Les mat\u00e9riel de r\u00e9colte de fourrage CLAAS sont reconnues \u00e0 l\u2019\u00e9chelle mondiale pour leur pr\u00e9cision, leur puissance et leur efficacit\u00e9 dans la collecte et le traitement des cultures fourrag\u00e8res. Au c\u0153ur de cette gamme se trouve la s\u00e9rie JAGUAR d\u2019ensileuses automotrices, avec des mod\u00e8les comme les JAGUAR 840, 950 et 990, offrant des puissances moteur allant de 400 \u00e0 plus de 900 ch. Ces machines int\u00e8grent des technologies avanc\u00e9es comme le SHREDLAGE\u00ae, qui am\u00e9liore la structure de l\u2019ensilage de ma\u00efs pour une meilleure digestion du b\u00e9tail, et AUTO FILL, qui guide automatiquement le bec de d\u00e9chargement pour un remplissage optimal des remorques. CLAAS propose \u00e9galement une large gamme de faucheuses (s\u00e9rie DISCO), faneuses (s\u00e9rie VOLTO), andaineurs (s\u00e9rie LINER) et d\u2019\u00e9quipements de manutention de balles, tous con\u00e7us pour un haut rendement et un traitement doux des r\u00e9coltes. Avec des outils de pr\u00e9cision int\u00e9gr\u00e9s comme la cartographie de rendement, les capteurs d\u2019humidit\u00e9 et CLAAS TELEMATICS, les op\u00e9rateurs peuvent surveiller les performances en temps r\u00e9el et optimiser l\u2019efficacit\u00e9.<\/span><\/p>\n","protected":false},"excerpt":{"rendered":"<p><span style=\"font-weight: 400;\">Les machines de r\u00e9colte de fourrage CLAAS sont reconnues \u00e0 l\u2019\u00e9chelle mondiale pour leur pr\u00e9cision, leur puissance et leur efficacit\u00e9 dans la collecte et le traitement des cultures fourrag\u00e8res. Au c\u0153ur de cette gamme se trouve la s\u00e9rie JAGUAR d\u2019ensileuses automotrices, avec des mod\u00e8les comme les JAGUAR 840, 950 et 990, offrant des puissances moteur allant de 400 \u00e0 plus de 900 ch. Ces machines int\u00e8grent des technologies avanc\u00e9es comme le SHREDLAGE\u00ae, qui am\u00e9liore la structure de l\u2019ensilage de ma\u00efs pour une meilleure digestion du b\u00e9tail, et AUTO FILL, qui guide automatiquement le bec de d\u00e9chargement pour un remplissage optimal des remorques. CLAAS propose \u00e9galement une large gamme de faucheuses (s\u00e9rie DISCO), faneuses (s\u00e9rie VOLTO), andaineurs (s\u00e9rie LINER) et d\u2019\u00e9quipements de manutention de balles, tous con\u00e7us pour un haut rendement et un traitement doux des r\u00e9coltes. Avec des outils de pr\u00e9cision int\u00e9gr\u00e9s comme la cartographie de rendement, les capteurs d\u2019humidit\u00e9 et CLAAS TELEMATICS, les op\u00e9rateurs peuvent surveiller les performances en temps r\u00e9el et optimiser l\u2019efficacit\u00e9.<\/span><\/p>\n","protected":false},"featured_media":3802,"comment_status":"open","ping_status":"closed","template":"","meta":{"_acf_changed":false},"product_brand":[],"product_cat":[458],"product_tag":[],"class_list":{"0":"post-3875","1":"product","2":"type-product","3":"status-publish","4":"has-post-thumbnail","6":"product_cat-sem-categoria-fr","7":"setores-agriculture","8":"marcas-claas","9":"tipo_produto-materiel-de-recolte-de-fourrage","11":"first","12":"instock","13":"shipping-taxable","14":"product-type-simple"},"acf":[],"yoast_head":"<!-- This site is optimized with the Yoast SEO plugin v25.2 - https:\/\/yoast.com\/wordpress\/plugins\/seo\/ -->\n<title>Mat\u00e9riel de R\u00e9colte de Fourrage Claas - Trevotech Group<\/title>\n<meta name=\"description\" content=\"Les Mat\u00e9riel de r\u00e9colte de fourrage CLAAS sont reconnues \u00e0 l\u2019\u00e9chelle mondiale pour leur pr\u00e9cision, leur puissance et leur efficacit\u00e9...\" \/>\n<meta name=\"robots\" content=\"index, follow, max-snippet:-1, max-image-preview:large, max-video-preview:-1\" \/>\n<link rel=\"canonical\" href=\"https:\/\/trevotech.com\/fr\/produto\/materiel-de-recolte-de-fourrage\/\" \/>\n<meta property=\"og:locale\" content=\"fr_FR\" \/>\n<meta property=\"og:type\" content=\"article\" \/>\n<meta property=\"og:title\" content=\"Mat\u00e9riel de R\u00e9colte de Fourrage Claas - Trevotech Group\" \/>\n<meta property=\"og:description\" content=\"Les Mat\u00e9riel de r\u00e9colte de fourrage CLAAS sont reconnues \u00e0 l\u2019\u00e9chelle mondiale pour leur pr\u00e9cision, leur puissance et leur efficacit\u00e9...\" \/>\n<meta property=\"og:url\" content=\"https:\/\/trevotech.com\/fr\/produto\/materiel-de-recolte-de-fourrage\/\" \/>\n<meta property=\"og:site_name\" content=\"Trevotech Group\" \/>\n<meta property=\"article:modified_time\" content=\"2025-08-05T09:51:02+00:00\" \/>\n<meta property=\"og:image\" content=\"https:\/\/trevotech.com\/wp-content\/uploads\/2024\/11\/Website_content_export-05.webp\" \/>\n\t<meta property=\"og:image:width\" content=\"1000\" \/>\n\t<meta property=\"og:image:height\" content=\"1000\" \/>\n\t<meta property=\"og:image:type\" content=\"image\/webp\" \/>\n<meta name=\"twitter:card\" content=\"summary_large_image\" \/>\n<meta name=\"twitter:label1\" content=\"Dur\u00e9e de lecture estim\u00e9e\" \/>\n\t<meta name=\"twitter:data1\" content=\"3 minutes\" \/>\n<script type=\"application\/ld+json\" class=\"yoast-schema-graph\">{\"@context\":\"https:\/\/schema.org\",\"@graph\":[{\"@type\":\"WebPage\",\"@id\":\"https:\/\/trevotech.com\/fr\/produto\/materiel-de-recolte-de-fourrage\/\",\"url\":\"https:\/\/trevotech.com\/fr\/produto\/materiel-de-recolte-de-fourrage\/\",\"name\":\"Mat\u00e9riel de R\u00e9colte de Fourrage Claas - Trevotech Group\",\"isPartOf\":{\"@id\":\"https:\/\/trevotech.com\/fr\/#website\"},\"primaryImageOfPage\":{\"@id\":\"https:\/\/trevotech.com\/fr\/produto\/materiel-de-recolte-de-fourrage\/#primaryimage\"},\"image\":{\"@id\":\"https:\/\/trevotech.com\/fr\/produto\/materiel-de-recolte-de-fourrage\/#primaryimage\"},\"thumbnailUrl\":\"https:\/\/trevotech.com\/wp-content\/uploads\/2024\/11\/Website_content_export-05.webp\",\"datePublished\":\"2024-11-06T14:37:42+00:00\",\"dateModified\":\"2025-08-05T09:51:02+00:00\",\"description\":\"Les Mat\u00e9riel de r\u00e9colte de fourrage CLAAS sont reconnues \u00e0 l\u2019\u00e9chelle mondiale pour leur pr\u00e9cision, leur puissance et leur efficacit\u00e9...\",\"breadcrumb\":{\"@id\":\"https:\/\/trevotech.com\/fr\/produto\/materiel-de-recolte-de-fourrage\/#breadcrumb\"},\"inLanguage\":\"fr-FR\",\"potentialAction\":[{\"@type\":\"ReadAction\",\"target\":[\"https:\/\/trevotech.com\/fr\/produto\/materiel-de-recolte-de-fourrage\/\"]}]},{\"@type\":\"ImageObject\",\"inLanguage\":\"fr-FR\",\"@id\":\"https:\/\/trevotech.com\/fr\/produto\/materiel-de-recolte-de-fourrage\/#primaryimage\",\"url\":\"https:\/\/trevotech.com\/wp-content\/uploads\/2024\/11\/Website_content_export-05.webp\",\"contentUrl\":\"https:\/\/trevotech.com\/wp-content\/uploads\/2024\/11\/Website_content_export-05.webp\",\"width\":1000,\"height\":1000,\"caption\":\"M\u00e1quinas de Colheita\"},{\"@type\":\"BreadcrumbList\",\"@id\":\"https:\/\/trevotech.com\/fr\/produto\/materiel-de-recolte-de-fourrage\/#breadcrumb\",\"itemListElement\":[{\"@type\":\"ListItem\",\"position\":1,\"name\":\"In\u00edcio\",\"item\":\"https:\/\/trevotech.com\/fr\/\"},{\"@type\":\"ListItem\",\"position\":2,\"name\":\"Produits\",\"item\":\"https:\/\/trevotech.com\/fr\/shop\/\"},{\"@type\":\"ListItem\",\"position\":3,\"name\":\"Mat\u00e9riel de R\u00e9colte de Fourrage\"}]},{\"@type\":\"WebSite\",\"@id\":\"https:\/\/trevotech.com\/fr\/#website\",\"url\":\"https:\/\/trevotech.com\/fr\/\",\"name\":\"Trevotech Group\",\"description\":\"\",\"potentialAction\":[{\"@type\":\"SearchAction\",\"target\":{\"@type\":\"EntryPoint\",\"urlTemplate\":\"https:\/\/trevotech.com\/fr\/?s={search_term_string}\"},\"query-input\":{\"@type\":\"PropertyValueSpecification\",\"valueRequired\":true,\"valueName\":\"search_term_string\"}}],\"inLanguage\":\"fr-FR\"}]}<\/script>\n<!-- \/ Yoast SEO plugin. -->","yoast_head_json":{"title":"Mat\u00e9riel de R\u00e9colte de Fourrage Claas - Trevotech Group","description":"Les Mat\u00e9riel de r\u00e9colte de fourrage CLAAS sont reconnues \u00e0 l\u2019\u00e9chelle mondiale pour leur pr\u00e9cision, leur puissance et leur efficacit\u00e9...","robots":{"index":"index","follow":"follow","max-snippet":"max-snippet:-1","max-image-preview":"max-image-preview:large","max-video-preview":"max-video-preview:-1"},"canonical":"https:\/\/trevotech.com\/fr\/produto\/materiel-de-recolte-de-fourrage\/","og_locale":"fr_FR","og_type":"article","og_title":"Mat\u00e9riel de R\u00e9colte de Fourrage Claas - Trevotech Group","og_description":"Les Mat\u00e9riel de r\u00e9colte de fourrage CLAAS sont reconnues \u00e0 l\u2019\u00e9chelle mondiale pour leur pr\u00e9cision, leur puissance et leur efficacit\u00e9...","og_url":"https:\/\/trevotech.com\/fr\/produto\/materiel-de-recolte-de-fourrage\/","og_site_name":"Trevotech Group","article_modified_time":"2025-08-05T09:51:02+00:00","og_image":[{"width":1000,"height":1000,"url":"https:\/\/trevotech.com\/wp-content\/uploads\/2024\/11\/Website_content_export-05.webp","type":"image\/webp"}],"twitter_card":"summary_large_image","twitter_misc":{"Dur\u00e9e de lecture estim\u00e9e":"3 minutes"},"schema":{"@context":"https:\/\/schema.org","@graph":[{"@type":"WebPage","@id":"https:\/\/trevotech.com\/fr\/produto\/materiel-de-recolte-de-fourrage\/","url":"https:\/\/trevotech.com\/fr\/produto\/materiel-de-recolte-de-fourrage\/","name":"Mat\u00e9riel de R\u00e9colte de Fourrage Claas - Trevotech Group","isPartOf":{"@id":"https:\/\/trevotech.com\/fr\/#website"},"primaryImageOfPage":{"@id":"https:\/\/trevotech.com\/fr\/produto\/materiel-de-recolte-de-fourrage\/#primaryimage"},"image":{"@id":"https:\/\/trevotech.com\/fr\/produto\/materiel-de-recolte-de-fourrage\/#primaryimage"},"thumbnailUrl":"https:\/\/trevotech.com\/wp-content\/uploads\/2024\/11\/Website_content_export-05.webp","datePublished":"2024-11-06T14:37:42+00:00","dateModified":"2025-08-05T09:51:02+00:00","description":"Les Mat\u00e9riel de r\u00e9colte de fourrage CLAAS sont reconnues \u00e0 l\u2019\u00e9chelle mondiale pour leur pr\u00e9cision, leur puissance et leur efficacit\u00e9...","breadcrumb":{"@id":"https:\/\/trevotech.com\/fr\/produto\/materiel-de-recolte-de-fourrage\/#breadcrumb"},"inLanguage":"fr-FR","potentialAction":[{"@type":"ReadAction","target":["https:\/\/trevotech.com\/fr\/produto\/materiel-de-recolte-de-fourrage\/"]}]},{"@type":"ImageObject","inLanguage":"fr-FR","@id":"https:\/\/trevotech.com\/fr\/produto\/materiel-de-recolte-de-fourrage\/#primaryimage","url":"https:\/\/trevotech.com\/wp-content\/uploads\/2024\/11\/Website_content_export-05.webp","contentUrl":"https:\/\/trevotech.com\/wp-content\/uploads\/2024\/11\/Website_content_export-05.webp","width":1000,"height":1000,"caption":"M\u00e1quinas de Colheita"},{"@type":"BreadcrumbList","@id":"https:\/\/trevotech.com\/fr\/produto\/materiel-de-recolte-de-fourrage\/#breadcrumb","itemListElement":[{"@type":"ListItem","position":1,"name":"In\u00edcio","item":"https:\/\/trevotech.com\/fr\/"},{"@type":"ListItem","position":2,"name":"Produits","item":"https:\/\/trevotech.com\/fr\/shop\/"},{"@type":"ListItem","position":3,"name":"Mat\u00e9riel de R\u00e9colte de Fourrage"}]},{"@type":"WebSite","@id":"https:\/\/trevotech.com\/fr\/#website","url":"https:\/\/trevotech.com\/fr\/","name":"Trevotech Group","description":"","potentialAction":[{"@type":"SearchAction","target":{"@type":"EntryPoint","urlTemplate":"https:\/\/trevotech.com\/fr\/?s={search_term_string}"},"query-input":{"@type":"PropertyValueSpecification","valueRequired":true,"valueName":"search_term_string"}}],"inLanguage":"fr-FR"}]}},"_links":{"self":[{"href":"https:\/\/trevotech.com\/fr\/wp-json\/wp\/v2\/product\/3875","targetHints":{"allow":["GET"]}}],"collection":[{"href":"https:\/\/trevotech.com\/fr\/wp-json\/wp\/v2\/product"}],"about":[{"href":"https:\/\/trevotech.com\/fr\/wp-json\/wp\/v2\/types\/product"}],"replies":[{"embeddable":true,"href":"https:\/\/trevotech.com\/fr\/wp-json\/wp\/v2\/comments?post=3875"}],"wp:featuredmedia":[{"embeddable":true,"href":"https:\/\/trevotech.com\/fr\/wp-json\/wp\/v2\/media\/3802"}],"wp:attachment":[{"href":"https:\/\/trevotech.com\/fr\/wp-json\/wp\/v2\/media?parent=3875"}],"wp:term":[{"taxonomy":"product_brand","embeddable":true,"href":"https:\/\/trevotech.com\/fr\/wp-json\/wp\/v2\/product_brand?post=3875"},{"taxonomy":"product_cat","embeddable":true,"href":"https:\/\/trevotech.com\/fr\/wp-json\/wp\/v2\/product_cat?post=3875"},{"taxonomy":"product_tag","embeddable":true,"href":"https:\/\/trevotech.com\/fr\/wp-json\/wp\/v2\/product_tag?post=3875"}],"curies":[{"name":"wp","href":"https:\/\/api.w.org\/{rel}","templated":true}]}}