{"id":3877,"date":"2024-11-06T14:37:24","date_gmt":"2024-11-06T14:37:24","guid":{"rendered":"https:\/\/trevotech.com\/produto\/wheel-loaders\/"},"modified":"2025-08-05T09:56:30","modified_gmt":"2025-08-05T09:56:30","slug":"chargeuses-sur-pneus","status":"publish","type":"product","link":"https:\/\/trevotech.com\/fr\/produto\/chargeuses-sur-pneus\/","title":{"rendered":"Chargeuses Sur Pneus"},"content":{"rendered":"<p><span style=\"font-weight: 400;\">Les chargeuses sur pneus CLAAS, de la s\u00e9rie TORION, sont des machines puissantes et polyvalentes, con\u00e7ues sp\u00e9cifiquement pour les applications agricoles. La gamme comprend des mod\u00e8les TORION SINUS (ex. TORION 537 et 644), r\u00e9put\u00e9s pour leur petit rayon de braquage et leur direction articul\u00e9e avec assistance sur l\u2019essieu arri\u00e8re. Les mod\u00e8les compacts (TORION 956 et 1177) offrent des capacit\u00e9s de levage de 3,8 \u00e0 5 tonnes, avec des syst\u00e8mes hydrauliques \u00e0 d\u00e9tection de charge et une faible consommation. Pour les op\u00e9rations intensives, les TORION 1285, 1410 et 1914 proposent jusqu\u2019\u00e0 228 ch et des charges de basculement sup\u00e9rieures \u00e0 11 tonnes, id\u00e9ales pour le chargement de silos ou le transport de c\u00e9r\u00e9ales. \u00c9quip\u00e9es de syst\u00e8mes d\u2019assistance SMART LOADING, de cabines confortables et spacieuses avec excellente visibilit\u00e9, et compatibles avec CLAAS TELEMATICS, ces machines offrent robustesse, contr\u00f4le intelligent et efficacit\u00e9.<\/span><\/p>\n<p><span style=\"font-weight: 400;\">Les chargeuses sur pneus CLAAS, de la s\u00e9rie TORION, sont des machines puissantes et polyvalentes, con\u00e7ues sp\u00e9cifiquement pour les applications agricoles. La gamme comprend des mod\u00e8les TORION SINUS (ex. TORION 537 et 644), r\u00e9put\u00e9s pour leur petit rayon de braquage et leur direction articul\u00e9e avec assistance sur l\u2019essieu arri\u00e8re. Les mod\u00e8les compacts (TORION 956 et 1177) offrent des capacit\u00e9s de levage de 3,8 \u00e0 5 tonnes, avec des syst\u00e8mes hydrauliques \u00e0 d\u00e9tection de charge et une faible consommation. Pour les op\u00e9rations intensives, les TORION 1285, 1410 et 1914 proposent jusqu\u2019\u00e0 228 ch et des charges de basculement sup\u00e9rieures \u00e0 11 tonnes, id\u00e9ales pour le chargement de silos ou le transport de c\u00e9r\u00e9ales. \u00c9quip\u00e9es de syst\u00e8mes d\u2019assistance SMART LOADING, de cabines confortables et spacieuses avec excellente visibilit\u00e9, et compatibles avec CLAAS TELEMATICS, ces machines offrent robustesse, contr\u00f4le intelligent et efficacit\u00e9.<\/span><\/p>\n","protected":false},"excerpt":{"rendered":"<p><span style=\"font-weight: 400;\">Les chargeuses sur pneus CLAAS, de la s\u00e9rie TORION, sont des machines puissantes et polyvalentes, con\u00e7ues sp\u00e9cifiquement pour les applications agricoles. La gamme comprend des mod\u00e8les TORION SINUS (ex. TORION 537 et 644), r\u00e9put\u00e9s pour leur petit rayon de braquage et leur direction articul\u00e9e avec assistance sur l\u2019essieu arri\u00e8re. Les mod\u00e8les compacts (TORION 956 et 1177) offrent des capacit\u00e9s de levage de 3,8 \u00e0 5 tonnes, avec des syst\u00e8mes hydrauliques \u00e0 d\u00e9tection de charge et une faible consommation. Pour les op\u00e9rations intensives, les TORION 1285, 1410 et 1914 proposent jusqu\u2019\u00e0 228 ch et des charges de basculement sup\u00e9rieures \u00e0 11 tonnes, id\u00e9ales pour le chargement de silos ou le transport de c\u00e9r\u00e9ales. \u00c9quip\u00e9es de syst\u00e8mes d\u2019assistance SMART LOADING, de cabines confortables et spacieuses avec excellente visibilit\u00e9, et compatibles avec CLAAS TELEMATICS, ces machines offrent robustesse, contr\u00f4le intelligent et efficacit\u00e9.<\/span><\/p>\n","protected":false},"featured_media":3816,"comment_status":"open","ping_status":"closed","template":"","meta":{"_acf_changed":false},"product_brand":[],"product_cat":[458],"product_tag":[],"class_list":{"0":"post-3877","1":"product","2":"type-product","3":"status-publish","4":"has-post-thumbnail","6":"product_cat-sem-categoria-fr","7":"setores-agriculture","8":"marcas-claas","9":"tipo_produto-chargeuses-sur-pneus","11":"first","12":"instock","13":"shipping-taxable","14":"product-type-simple"},"acf":[],"yoast_head":"<!-- This site is optimized with the Yoast SEO plugin v25.2 - https:\/\/yoast.com\/wordpress\/plugins\/seo\/ -->\n<title>Chargeuses Sur Pneus Claas - Trevotech Group<\/title>\n<meta name=\"description\" content=\"Les chargeuses sur pneus CLAAS, de la s\u00e9rie TORION, sont des machines puissantes et polyvalentes, con\u00e7ues sp\u00e9cifiquement pour les...\" \/>\n<meta name=\"robots\" content=\"index, follow, max-snippet:-1, max-image-preview:large, max-video-preview:-1\" \/>\n<link rel=\"canonical\" href=\"https:\/\/trevotech.com\/fr\/produto\/chargeuses-sur-pneus\/\" \/>\n<meta property=\"og:locale\" content=\"fr_FR\" \/>\n<meta property=\"og:type\" content=\"article\" \/>\n<meta property=\"og:title\" content=\"Chargeuses Sur Pneus Claas - Trevotech Group\" \/>\n<meta property=\"og:description\" content=\"Les chargeuses sur pneus CLAAS, de la s\u00e9rie TORION, sont des machines puissantes et polyvalentes, con\u00e7ues sp\u00e9cifiquement pour les...\" \/>\n<meta property=\"og:url\" content=\"https:\/\/trevotech.com\/fr\/produto\/chargeuses-sur-pneus\/\" \/>\n<meta property=\"og:site_name\" content=\"Trevotech Group\" \/>\n<meta property=\"article:modified_time\" content=\"2025-08-05T09:56:30+00:00\" \/>\n<meta property=\"og:image\" content=\"https:\/\/trevotech.com\/wp-content\/uploads\/2024\/11\/Website_content_export-07.webp\" \/>\n\t<meta property=\"og:image:width\" content=\"1000\" \/>\n\t<meta property=\"og:image:height\" content=\"1000\" \/>\n\t<meta property=\"og:image:type\" content=\"image\/webp\" \/>\n<meta name=\"twitter:card\" content=\"summary_large_image\" \/>\n<meta name=\"twitter:label1\" content=\"Dur\u00e9e de lecture estim\u00e9e\" \/>\n\t<meta name=\"twitter:data1\" content=\"2 minutes\" \/>\n<script type=\"application\/ld+json\" class=\"yoast-schema-graph\">{\"@context\":\"https:\/\/schema.org\",\"@graph\":[{\"@type\":\"WebPage\",\"@id\":\"https:\/\/trevotech.com\/fr\/produto\/chargeuses-sur-pneus\/\",\"url\":\"https:\/\/trevotech.com\/fr\/produto\/chargeuses-sur-pneus\/\",\"name\":\"Chargeuses Sur Pneus Claas - Trevotech Group\",\"isPartOf\":{\"@id\":\"https:\/\/trevotech.com\/fr\/#website\"},\"primaryImageOfPage\":{\"@id\":\"https:\/\/trevotech.com\/fr\/produto\/chargeuses-sur-pneus\/#primaryimage\"},\"image\":{\"@id\":\"https:\/\/trevotech.com\/fr\/produto\/chargeuses-sur-pneus\/#primaryimage\"},\"thumbnailUrl\":\"https:\/\/trevotech.com\/wp-content\/uploads\/2024\/11\/Website_content_export-07.webp\",\"datePublished\":\"2024-11-06T14:37:24+00:00\",\"dateModified\":\"2025-08-05T09:56:30+00:00\",\"description\":\"Les chargeuses sur pneus CLAAS, de la s\u00e9rie TORION, sont des machines puissantes et polyvalentes, con\u00e7ues sp\u00e9cifiquement pour les...\",\"breadcrumb\":{\"@id\":\"https:\/\/trevotech.com\/fr\/produto\/chargeuses-sur-pneus\/#breadcrumb\"},\"inLanguage\":\"fr-FR\",\"potentialAction\":[{\"@type\":\"ReadAction\",\"target\":[\"https:\/\/trevotech.com\/fr\/produto\/chargeuses-sur-pneus\/\"]}]},{\"@type\":\"ImageObject\",\"inLanguage\":\"fr-FR\",\"@id\":\"https:\/\/trevotech.com\/fr\/produto\/chargeuses-sur-pneus\/#primaryimage\",\"url\":\"https:\/\/trevotech.com\/wp-content\/uploads\/2024\/11\/Website_content_export-07.webp\",\"contentUrl\":\"https:\/\/trevotech.com\/wp-content\/uploads\/2024\/11\/Website_content_export-07.webp\",\"width\":1000,\"height\":1000,\"caption\":\"Harvesters\"},{\"@type\":\"BreadcrumbList\",\"@id\":\"https:\/\/trevotech.com\/fr\/produto\/chargeuses-sur-pneus\/#breadcrumb\",\"itemListElement\":[{\"@type\":\"ListItem\",\"position\":1,\"name\":\"In\u00edcio\",\"item\":\"https:\/\/trevotech.com\/fr\/\"},{\"@type\":\"ListItem\",\"position\":2,\"name\":\"Produits\",\"item\":\"https:\/\/trevotech.com\/fr\/shop\/\"},{\"@type\":\"ListItem\",\"position\":3,\"name\":\"Chargeuses Sur Pneus\"}]},{\"@type\":\"WebSite\",\"@id\":\"https:\/\/trevotech.com\/fr\/#website\",\"url\":\"https:\/\/trevotech.com\/fr\/\",\"name\":\"Trevotech Group\",\"description\":\"\",\"potentialAction\":[{\"@type\":\"SearchAction\",\"target\":{\"@type\":\"EntryPoint\",\"urlTemplate\":\"https:\/\/trevotech.com\/fr\/?s={search_term_string}\"},\"query-input\":{\"@type\":\"PropertyValueSpecification\",\"valueRequired\":true,\"valueName\":\"search_term_string\"}}],\"inLanguage\":\"fr-FR\"}]}<\/script>\n<!-- \/ Yoast SEO plugin. -->","yoast_head_json":{"title":"Chargeuses Sur Pneus Claas - Trevotech Group","description":"Les chargeuses sur pneus CLAAS, de la s\u00e9rie TORION, sont des machines puissantes et polyvalentes, con\u00e7ues sp\u00e9cifiquement pour les...","robots":{"index":"index","follow":"follow","max-snippet":"max-snippet:-1","max-image-preview":"max-image-preview:large","max-video-preview":"max-video-preview:-1"},"canonical":"https:\/\/trevotech.com\/fr\/produto\/chargeuses-sur-pneus\/","og_locale":"fr_FR","og_type":"article","og_title":"Chargeuses Sur Pneus Claas - Trevotech Group","og_description":"Les chargeuses sur pneus CLAAS, de la s\u00e9rie TORION, sont des machines puissantes et polyvalentes, con\u00e7ues sp\u00e9cifiquement pour les...","og_url":"https:\/\/trevotech.com\/fr\/produto\/chargeuses-sur-pneus\/","og_site_name":"Trevotech Group","article_modified_time":"2025-08-05T09:56:30+00:00","og_image":[{"width":1000,"height":1000,"url":"https:\/\/trevotech.com\/wp-content\/uploads\/2024\/11\/Website_content_export-07.webp","type":"image\/webp"}],"twitter_card":"summary_large_image","twitter_misc":{"Dur\u00e9e de lecture estim\u00e9e":"2 minutes"},"schema":{"@context":"https:\/\/schema.org","@graph":[{"@type":"WebPage","@id":"https:\/\/trevotech.com\/fr\/produto\/chargeuses-sur-pneus\/","url":"https:\/\/trevotech.com\/fr\/produto\/chargeuses-sur-pneus\/","name":"Chargeuses Sur Pneus Claas - Trevotech Group","isPartOf":{"@id":"https:\/\/trevotech.com\/fr\/#website"},"primaryImageOfPage":{"@id":"https:\/\/trevotech.com\/fr\/produto\/chargeuses-sur-pneus\/#primaryimage"},"image":{"@id":"https:\/\/trevotech.com\/fr\/produto\/chargeuses-sur-pneus\/#primaryimage"},"thumbnailUrl":"https:\/\/trevotech.com\/wp-content\/uploads\/2024\/11\/Website_content_export-07.webp","datePublished":"2024-11-06T14:37:24+00:00","dateModified":"2025-08-05T09:56:30+00:00","description":"Les chargeuses sur pneus CLAAS, de la s\u00e9rie TORION, sont des machines puissantes et polyvalentes, con\u00e7ues sp\u00e9cifiquement pour les...","breadcrumb":{"@id":"https:\/\/trevotech.com\/fr\/produto\/chargeuses-sur-pneus\/#breadcrumb"},"inLanguage":"fr-FR","potentialAction":[{"@type":"ReadAction","target":["https:\/\/trevotech.com\/fr\/produto\/chargeuses-sur-pneus\/"]}]},{"@type":"ImageObject","inLanguage":"fr-FR","@id":"https:\/\/trevotech.com\/fr\/produto\/chargeuses-sur-pneus\/#primaryimage","url":"https:\/\/trevotech.com\/wp-content\/uploads\/2024\/11\/Website_content_export-07.webp","contentUrl":"https:\/\/trevotech.com\/wp-content\/uploads\/2024\/11\/Website_content_export-07.webp","width":1000,"height":1000,"caption":"Harvesters"},{"@type":"BreadcrumbList","@id":"https:\/\/trevotech.com\/fr\/produto\/chargeuses-sur-pneus\/#breadcrumb","itemListElement":[{"@type":"ListItem","position":1,"name":"In\u00edcio","item":"https:\/\/trevotech.com\/fr\/"},{"@type":"ListItem","position":2,"name":"Produits","item":"https:\/\/trevotech.com\/fr\/shop\/"},{"@type":"ListItem","position":3,"name":"Chargeuses Sur Pneus"}]},{"@type":"WebSite","@id":"https:\/\/trevotech.com\/fr\/#website","url":"https:\/\/trevotech.com\/fr\/","name":"Trevotech Group","description":"","potentialAction":[{"@type":"SearchAction","target":{"@type":"EntryPoint","urlTemplate":"https:\/\/trevotech.com\/fr\/?s={search_term_string}"},"query-input":{"@type":"PropertyValueSpecification","valueRequired":true,"valueName":"search_term_string"}}],"inLanguage":"fr-FR"}]}},"_links":{"self":[{"href":"https:\/\/trevotech.com\/fr\/wp-json\/wp\/v2\/product\/3877","targetHints":{"allow":["GET"]}}],"collection":[{"href":"https:\/\/trevotech.com\/fr\/wp-json\/wp\/v2\/product"}],"about":[{"href":"https:\/\/trevotech.com\/fr\/wp-json\/wp\/v2\/types\/product"}],"replies":[{"embeddable":true,"href":"https:\/\/trevotech.com\/fr\/wp-json\/wp\/v2\/comments?post=3877"}],"wp:featuredmedia":[{"embeddable":true,"href":"https:\/\/trevotech.com\/fr\/wp-json\/wp\/v2\/media\/3816"}],"wp:attachment":[{"href":"https:\/\/trevotech.com\/fr\/wp-json\/wp\/v2\/media?parent=3877"}],"wp:term":[{"taxonomy":"product_brand","embeddable":true,"href":"https:\/\/trevotech.com\/fr\/wp-json\/wp\/v2\/product_brand?post=3877"},{"taxonomy":"product_cat","embeddable":true,"href":"https:\/\/trevotech.com\/fr\/wp-json\/wp\/v2\/product_cat?post=3877"},{"taxonomy":"product_tag","embeddable":true,"href":"https:\/\/trevotech.com\/fr\/wp-json\/wp\/v2\/product_tag?post=3877"}],"curies":[{"name":"wp","href":"https:\/\/api.w.org\/{rel}","templated":true}]}}