{"id":3879,"date":"2024-11-06T14:31:36","date_gmt":"2024-11-06T14:31:36","guid":{"rendered":"https:\/\/trevotech.com\/produto\/digital-solutions\/"},"modified":"2025-08-05T10:00:06","modified_gmt":"2025-08-05T10:00:06","slug":"solutions-numeriques","status":"publish","type":"product","link":"https:\/\/trevotech.com\/fr\/produto\/solutions-numeriques\/","title":{"rendered":"Solutions Num\u00e9riques Claas"},"content":{"rendered":"<p><span style=\"font-weight: 400;\">CLAAS propose une gamme de solutions num\u00e9riques innovantes qui r\u00e9volutionnent la gestion des exploitations agricoles, offrant plus d\u2019efficacit\u00e9, de pr\u00e9cision et de durabilit\u00e9. Gr\u00e2ce \u00e0 des outils comme CLAAS TELEMATICS, il est possible de surveiller en temps r\u00e9el les performances des machines, d\u2019optimiser les itin\u00e9raires et de d\u00e9tecter rapidement les besoins en maintenance, r\u00e9duisant ainsi les co\u00fbts et les temps d\u2019arr\u00eat.<\/span><\/p>\n<p><span style=\"font-weight: 400;\">L\u2019int\u00e9gration avec les syst\u00e8mes d\u2019agriculture de pr\u00e9cision, tels que le GPS PILOT, permet un tra\u00e7age pr\u00e9cis des t\u00e2ches, augmentant la productivit\u00e9 tout en r\u00e9duisant les gaspillages de ressources.<\/span><\/p>\n<p><span style=\"font-weight: 400;\">De plus, la plateforme num\u00e9rique CLAAS Connect donne aux agriculteurs un acc\u00e8s direct aux donn\u00e9es de leurs machines, aux manuels, aux pi\u00e8ces d\u00e9tach\u00e9es et \u00e0 l\u2019assistance technique via smartphone ou ordinateur.<\/span><\/p>\n<p><span style=\"font-weight: 400;\">Ces solutions num\u00e9riques transforment l\u2019agriculture moderne, permettant aux agriculteurs de prendre des d\u00e9cisions plus \u00e9clair\u00e9es et d\u2019obtenir de meilleurs r\u00e9sultats \u00e0 chaque \u00e9tape de leur activit\u00e9.<\/span><\/p>\n<p><span style=\"font-weight: 400;\">CLAAS propose une gamme de solutions num\u00e9riques innovantes qui r\u00e9volutionnent la gestion des exploitations agricoles, offrant plus d\u2019efficacit\u00e9, de pr\u00e9cision et de durabilit\u00e9. Gr\u00e2ce \u00e0 des outils comme CLAAS TELEMATICS, il est possible de surveiller en temps r\u00e9el les performances des machines, d\u2019optimiser les itin\u00e9raires et de d\u00e9tecter rapidement les besoins en maintenance, r\u00e9duisant ainsi les co\u00fbts et les temps d\u2019arr\u00eat.<\/span><\/p>\n<p><span style=\"font-weight: 400;\">L\u2019int\u00e9gration avec les syst\u00e8mes d\u2019agriculture de pr\u00e9cision, tels que le GPS PILOT, permet un tra\u00e7age pr\u00e9cis des t\u00e2ches, augmentant la productivit\u00e9 tout en r\u00e9duisant les gaspillages de ressources.<\/span><\/p>\n<p><span style=\"font-weight: 400;\">De plus, la plateforme num\u00e9rique CLAAS Connect donne aux agriculteurs un acc\u00e8s direct aux donn\u00e9es de leurs machines, aux manuels, aux pi\u00e8ces d\u00e9tach\u00e9es et \u00e0 l\u2019assistance technique via smartphone ou ordinateur.<\/span><\/p>\n<p><span style=\"font-weight: 400;\">Ces solutions num\u00e9riques transforment l\u2019agriculture moderne, permettant aux agriculteurs de prendre des d\u00e9cisions plus \u00e9clair\u00e9es et d\u2019obtenir de meilleurs r\u00e9sultats \u00e0 chaque \u00e9tape de leur activit\u00e9.<\/span><\/p>\n","protected":false},"excerpt":{"rendered":"<p><span style=\"font-weight: 400;\">CLAAS propose une gamme de solutions num\u00e9riques innovantes qui r\u00e9volutionnent la gestion des exploitations agricoles, offrant plus d\u2019efficacit\u00e9, de pr\u00e9cision et de durabilit\u00e9. Gr\u00e2ce \u00e0 des outils comme CLAAS TELEMATICS, il est possible de surveiller en temps r\u00e9el les performances des machines, d\u2019optimiser les itin\u00e9raires et de d\u00e9tecter rapidement les besoins en maintenance, r\u00e9duisant ainsi les co\u00fbts et les temps d\u2019arr\u00eat.<\/span><\/p>\n<p><span style=\"font-weight: 400;\">L\u2019int\u00e9gration avec les syst\u00e8mes d\u2019agriculture de pr\u00e9cision, tels que le GPS PILOT, permet un tra\u00e7age pr\u00e9cis des t\u00e2ches, augmentant la productivit\u00e9 tout en r\u00e9duisant les gaspillages de ressources.<\/span><\/p>\n<p><span style=\"font-weight: 400;\">De plus, la plateforme num\u00e9rique CLAAS Connect donne aux agriculteurs un acc\u00e8s direct aux donn\u00e9es de leurs machines, aux manuels, aux pi\u00e8ces d\u00e9tach\u00e9es et \u00e0 l\u2019assistance technique via smartphone ou ordinateur.<\/span><\/p>\n<p><span style=\"font-weight: 400;\">Ces solutions num\u00e9riques transforment l\u2019agriculture moderne, permettant aux agriculteurs de prendre des d\u00e9cisions plus \u00e9clair\u00e9es et d\u2019obtenir de meilleurs r\u00e9sultats \u00e0 chaque \u00e9tape de leur activit\u00e9.<\/span><\/p>\n","protected":false},"featured_media":3880,"comment_status":"open","ping_status":"closed","template":"","meta":{"_acf_changed":false},"product_brand":[],"product_cat":[458],"product_tag":[],"class_list":{"0":"post-3879","1":"product","2":"type-product","3":"status-publish","4":"has-post-thumbnail","6":"product_cat-sem-categoria-fr","7":"setores-agriculture","8":"marcas-claas","9":"tipo_produto-solutions-numeriques","11":"first","12":"instock","13":"shipping-taxable","14":"product-type-simple"},"acf":[],"yoast_head":"<!-- This site is optimized with the Yoast SEO plugin v25.2 - https:\/\/yoast.com\/wordpress\/plugins\/seo\/ -->\n<title>Solutions Num\u00e9riques Claas Claas - Trevotech Group<\/title>\n<meta name=\"description\" content=\"CLAAS propose une gamme de solutions num\u00e9riques innovantes qui r\u00e9volutionnent la gestion des exploitations agricoles, offrant plus...\" \/>\n<meta name=\"robots\" content=\"index, follow, max-snippet:-1, max-image-preview:large, max-video-preview:-1\" \/>\n<link rel=\"canonical\" href=\"https:\/\/trevotech.com\/fr\/produto\/solutions-numeriques\/\" \/>\n<meta property=\"og:locale\" content=\"fr_FR\" \/>\n<meta property=\"og:type\" content=\"article\" \/>\n<meta property=\"og:title\" content=\"Solutions Num\u00e9riques Claas Claas - Trevotech Group\" \/>\n<meta property=\"og:description\" content=\"CLAAS propose une gamme de solutions num\u00e9riques innovantes qui r\u00e9volutionnent la gestion des exploitations agricoles, offrant plus...\" \/>\n<meta property=\"og:url\" content=\"https:\/\/trevotech.com\/fr\/produto\/solutions-numeriques\/\" \/>\n<meta property=\"og:site_name\" content=\"Trevotech Group\" \/>\n<meta property=\"article:modified_time\" content=\"2025-08-05T10:00:06+00:00\" \/>\n<meta property=\"og:image\" content=\"https:\/\/trevotech.com\/wp-content\/uploads\/2024\/11\/Website_content_export-01.webp\" \/>\n\t<meta property=\"og:image:width\" content=\"1000\" \/>\n\t<meta property=\"og:image:height\" content=\"1000\" \/>\n\t<meta property=\"og:image:type\" content=\"image\/webp\" \/>\n<meta name=\"twitter:card\" content=\"summary_large_image\" \/>\n<meta name=\"twitter:label1\" content=\"Dur\u00e9e de lecture estim\u00e9e\" \/>\n\t<meta name=\"twitter:data1\" content=\"2 minutes\" \/>\n<script type=\"application\/ld+json\" class=\"yoast-schema-graph\">{\"@context\":\"https:\/\/schema.org\",\"@graph\":[{\"@type\":\"WebPage\",\"@id\":\"https:\/\/trevotech.com\/fr\/produto\/solutions-numeriques\/\",\"url\":\"https:\/\/trevotech.com\/fr\/produto\/solutions-numeriques\/\",\"name\":\"Solutions Num\u00e9riques Claas Claas - Trevotech Group\",\"isPartOf\":{\"@id\":\"https:\/\/trevotech.com\/fr\/#website\"},\"primaryImageOfPage\":{\"@id\":\"https:\/\/trevotech.com\/fr\/produto\/solutions-numeriques\/#primaryimage\"},\"image\":{\"@id\":\"https:\/\/trevotech.com\/fr\/produto\/solutions-numeriques\/#primaryimage\"},\"thumbnailUrl\":\"https:\/\/trevotech.com\/wp-content\/uploads\/2024\/11\/Website_content_export-01.webp\",\"datePublished\":\"2024-11-06T14:31:36+00:00\",\"dateModified\":\"2025-08-05T10:00:06+00:00\",\"description\":\"CLAAS propose une gamme de solutions num\u00e9riques innovantes qui r\u00e9volutionnent la gestion des exploitations agricoles, offrant plus...\",\"breadcrumb\":{\"@id\":\"https:\/\/trevotech.com\/fr\/produto\/solutions-numeriques\/#breadcrumb\"},\"inLanguage\":\"fr-FR\",\"potentialAction\":[{\"@type\":\"ReadAction\",\"target\":[\"https:\/\/trevotech.com\/fr\/produto\/solutions-numeriques\/\"]}]},{\"@type\":\"ImageObject\",\"inLanguage\":\"fr-FR\",\"@id\":\"https:\/\/trevotech.com\/fr\/produto\/solutions-numeriques\/#primaryimage\",\"url\":\"https:\/\/trevotech.com\/wp-content\/uploads\/2024\/11\/Website_content_export-01.webp\",\"contentUrl\":\"https:\/\/trevotech.com\/wp-content\/uploads\/2024\/11\/Website_content_export-01.webp\",\"width\":1000,\"height\":1000,\"caption\":\"Digital Solutions\"},{\"@type\":\"BreadcrumbList\",\"@id\":\"https:\/\/trevotech.com\/fr\/produto\/solutions-numeriques\/#breadcrumb\",\"itemListElement\":[{\"@type\":\"ListItem\",\"position\":1,\"name\":\"In\u00edcio\",\"item\":\"https:\/\/trevotech.com\/fr\/\"},{\"@type\":\"ListItem\",\"position\":2,\"name\":\"Produits\",\"item\":\"https:\/\/trevotech.com\/fr\/shop\/\"},{\"@type\":\"ListItem\",\"position\":3,\"name\":\"Solutions Num\u00e9riques Claas\"}]},{\"@type\":\"WebSite\",\"@id\":\"https:\/\/trevotech.com\/fr\/#website\",\"url\":\"https:\/\/trevotech.com\/fr\/\",\"name\":\"Trevotech Group\",\"description\":\"\",\"potentialAction\":[{\"@type\":\"SearchAction\",\"target\":{\"@type\":\"EntryPoint\",\"urlTemplate\":\"https:\/\/trevotech.com\/fr\/?s={search_term_string}\"},\"query-input\":{\"@type\":\"PropertyValueSpecification\",\"valueRequired\":true,\"valueName\":\"search_term_string\"}}],\"inLanguage\":\"fr-FR\"}]}<\/script>\n<!-- \/ Yoast SEO plugin. -->","yoast_head_json":{"title":"Solutions Num\u00e9riques Claas Claas - Trevotech Group","description":"CLAAS propose une gamme de solutions num\u00e9riques innovantes qui r\u00e9volutionnent la gestion des exploitations agricoles, offrant plus...","robots":{"index":"index","follow":"follow","max-snippet":"max-snippet:-1","max-image-preview":"max-image-preview:large","max-video-preview":"max-video-preview:-1"},"canonical":"https:\/\/trevotech.com\/fr\/produto\/solutions-numeriques\/","og_locale":"fr_FR","og_type":"article","og_title":"Solutions Num\u00e9riques Claas Claas - Trevotech Group","og_description":"CLAAS propose une gamme de solutions num\u00e9riques innovantes qui r\u00e9volutionnent la gestion des exploitations agricoles, offrant plus...","og_url":"https:\/\/trevotech.com\/fr\/produto\/solutions-numeriques\/","og_site_name":"Trevotech Group","article_modified_time":"2025-08-05T10:00:06+00:00","og_image":[{"width":1000,"height":1000,"url":"https:\/\/trevotech.com\/wp-content\/uploads\/2024\/11\/Website_content_export-01.webp","type":"image\/webp"}],"twitter_card":"summary_large_image","twitter_misc":{"Dur\u00e9e de lecture estim\u00e9e":"2 minutes"},"schema":{"@context":"https:\/\/schema.org","@graph":[{"@type":"WebPage","@id":"https:\/\/trevotech.com\/fr\/produto\/solutions-numeriques\/","url":"https:\/\/trevotech.com\/fr\/produto\/solutions-numeriques\/","name":"Solutions Num\u00e9riques Claas Claas - Trevotech Group","isPartOf":{"@id":"https:\/\/trevotech.com\/fr\/#website"},"primaryImageOfPage":{"@id":"https:\/\/trevotech.com\/fr\/produto\/solutions-numeriques\/#primaryimage"},"image":{"@id":"https:\/\/trevotech.com\/fr\/produto\/solutions-numeriques\/#primaryimage"},"thumbnailUrl":"https:\/\/trevotech.com\/wp-content\/uploads\/2024\/11\/Website_content_export-01.webp","datePublished":"2024-11-06T14:31:36+00:00","dateModified":"2025-08-05T10:00:06+00:00","description":"CLAAS propose une gamme de solutions num\u00e9riques innovantes qui r\u00e9volutionnent la gestion des exploitations agricoles, offrant plus...","breadcrumb":{"@id":"https:\/\/trevotech.com\/fr\/produto\/solutions-numeriques\/#breadcrumb"},"inLanguage":"fr-FR","potentialAction":[{"@type":"ReadAction","target":["https:\/\/trevotech.com\/fr\/produto\/solutions-numeriques\/"]}]},{"@type":"ImageObject","inLanguage":"fr-FR","@id":"https:\/\/trevotech.com\/fr\/produto\/solutions-numeriques\/#primaryimage","url":"https:\/\/trevotech.com\/wp-content\/uploads\/2024\/11\/Website_content_export-01.webp","contentUrl":"https:\/\/trevotech.com\/wp-content\/uploads\/2024\/11\/Website_content_export-01.webp","width":1000,"height":1000,"caption":"Digital Solutions"},{"@type":"BreadcrumbList","@id":"https:\/\/trevotech.com\/fr\/produto\/solutions-numeriques\/#breadcrumb","itemListElement":[{"@type":"ListItem","position":1,"name":"In\u00edcio","item":"https:\/\/trevotech.com\/fr\/"},{"@type":"ListItem","position":2,"name":"Produits","item":"https:\/\/trevotech.com\/fr\/shop\/"},{"@type":"ListItem","position":3,"name":"Solutions Num\u00e9riques Claas"}]},{"@type":"WebSite","@id":"https:\/\/trevotech.com\/fr\/#website","url":"https:\/\/trevotech.com\/fr\/","name":"Trevotech Group","description":"","potentialAction":[{"@type":"SearchAction","target":{"@type":"EntryPoint","urlTemplate":"https:\/\/trevotech.com\/fr\/?s={search_term_string}"},"query-input":{"@type":"PropertyValueSpecification","valueRequired":true,"valueName":"search_term_string"}}],"inLanguage":"fr-FR"}]}},"_links":{"self":[{"href":"https:\/\/trevotech.com\/fr\/wp-json\/wp\/v2\/product\/3879","targetHints":{"allow":["GET"]}}],"collection":[{"href":"https:\/\/trevotech.com\/fr\/wp-json\/wp\/v2\/product"}],"about":[{"href":"https:\/\/trevotech.com\/fr\/wp-json\/wp\/v2\/types\/product"}],"replies":[{"embeddable":true,"href":"https:\/\/trevotech.com\/fr\/wp-json\/wp\/v2\/comments?post=3879"}],"wp:featuredmedia":[{"embeddable":true,"href":"https:\/\/trevotech.com\/fr\/wp-json\/wp\/v2\/media\/3880"}],"wp:attachment":[{"href":"https:\/\/trevotech.com\/fr\/wp-json\/wp\/v2\/media?parent=3879"}],"wp:term":[{"taxonomy":"product_brand","embeddable":true,"href":"https:\/\/trevotech.com\/fr\/wp-json\/wp\/v2\/product_brand?post=3879"},{"taxonomy":"product_cat","embeddable":true,"href":"https:\/\/trevotech.com\/fr\/wp-json\/wp\/v2\/product_cat?post=3879"},{"taxonomy":"product_tag","embeddable":true,"href":"https:\/\/trevotech.com\/fr\/wp-json\/wp\/v2\/product_tag?post=3879"}],"curies":[{"name":"wp","href":"https:\/\/api.w.org\/{rel}","templated":true}]}}